{"id":6,"date":"2017-09-13T13:59:08","date_gmt":"2017-09-13T11:59:08","guid":{"rendered":"http:\/\/ship-tracker.org\/?page_id=6"},"modified":"2017-09-14T16:43:07","modified_gmt":"2017-09-14T14:43:07","slug":"disclaimer","status":"publish","type":"page","link":"https:\/\/ship-tracker.org\/es\/disclaimer\/","title":{"rendered":"Descargo de responsabilidad"},"content":{"rendered":"<p style=\"text-align: justify;\"><span style=\"font-family: georgia, palatino, serif;\"><span style=\"font-family: helvetica, arial, sans-serif;\">El sitio web ship-tracker.org (el &quot;Sitio&quot;) es un servicio de informaci\u00f3n en l\u00ednea. &quot;Ship-tracker.org&quot;, sujeto a su cumplimiento de los t\u00e9rminos y condiciones establecidos a continuaci\u00f3n.<\/span>\u00a0<span style=\"font-family: helvetica, arial, sans-serif;\"><strong>POR FAVOR LEA ESTE DOCUMENTO CUIDADOSAMENTE ANTES DE ACCEDER O USAR EL SITIO. AL ACCEDER O UTILIZAR EL SITIO, ACEPTA ESTAR OBLIGADO POR LOS T\u00c9RMINOS Y CONDICIONES ESTABLECIDOS A CONTINUACI\u00d3N. SI NO DESEA ESTAR OBLIGADO POR ESTOS T\u00c9RMINOS Y CONDICIONES, NO PUEDE ACCEDER O USAR EL SITIO. Ship-tracker.org PUEDE MODIFICAR ESTE ACUERDO EN CUALQUIER MOMENTO, Y DICHAS MODIFICACIONES SER\u00c1N EFECTIVAS INMEDIATAMENTE AL PUBLICAR EL ACUERDO MODIFICADO EN EL SITIO. USTED ACEPTA REVISAR EL ACUERDO PERI\u00d3DICAMENTE PARA TENER EN CUENTA DE TALES MODIFICACIONES Y SU ACCESO CONTINUO O USO DEL SITIO SER\u00c1 CONSIDERADO SU ACEPTACI\u00d3N CONCLUSIVA DEL ACUERDO MODIFICADO.<\/strong><\/span><\/span><\/p>\n<p style=\"text-align: justify;\"><span style=\"font-family: helvetica, arial, sans-serif;\"><strong>1. Derechos de autor, licencias y env\u00edo de ideas.<\/strong><\/span><\/p>\n<p style=\"text-align: justify;\"><span style=\"font-family: helvetica, arial, sans-serif;\">Todo el contenido del Sitio est\u00e1 protegido por las leyes internacionales de derechos de autor y marcas registradas. El propietario de los derechos de autor y las marcas comerciales son Ship-tracker.org, sus afiliados u otros licenciantes externos.\u00a0<strong>NO PUEDE MODIFICAR, COPIAR, REPRODUCIR, REPUBLAR, CARGAR, PUBLICAR, TRANSMITIR O DISTRIBUIR, DE NING\u00daN MODO, EL MATERIAL DEL SITIO, INCLUYENDO TEXTO, GR\u00c1FICOS, C\u00d3DIGO Y \/ O SOFTWARE.<\/strong>\u00a0Puede imprimir y descargar porciones de material de las diferentes \u00e1reas del Sitio \u00fanicamente para su propio uso no comercial, siempre que acepte no cambiar ni eliminar ning\u00fan aviso de derechos de autor o de propiedad de los materiales. Usted acepta otorgar a Ship-tracker.org una licencia perpetua mundial, no exclusiva, libre de regal\u00edas, con derecho a sublicenciar, para reproducir, distribuir, transmitir, crear obras derivadas de, mostrar p\u00fablicamente y realizar p\u00fablicamente cualquier materiales y otra informaci\u00f3n (incluidas, entre otras, ideas contenidas en \u00e9l para productos y servicios nuevos o mejorados) que env\u00ede a cualquier \u00e1rea p\u00fablica del Sitio (como tableros de anuncios, foros y grupos de noticias) o por correo electr\u00f3nico a Ship-tracker. org por todos los medios y en cualquier medio ahora conocido o desarrollado en el futuro. Tambi\u00e9n otorga a Ship-tracker.org el derecho de usar su nombre en relaci\u00f3n con los materiales enviados y otra informaci\u00f3n, as\u00ed como en relaci\u00f3n con todos los materiales publicitarios, de marketing y promocionales relacionados con ellos. Usted acepta que no tendr\u00e1 ning\u00fan recurso contra Ship-tracker.org por cualquier infracci\u00f3n presunta o real o apropiaci\u00f3n indebida de cualquier derecho de propiedad en sus comunicaciones a Ship-tracker.org.\u00a0<strong>MARCAS COMERCIALES.<\/strong>Las publicaciones, productos, contenidos o servicios a los que se hace referencia en este documento o en el Sitio son marcas comerciales exclusivas o marcas de servicio de Ship-tracker.org. Otros productos y nombres de compa\u00f1\u00edas mencionados en el Sitio pueden ser marcas comerciales de sus respectivos propietarios.<\/span><\/p>\n<p style=\"text-align: justify;\"><span style=\"font-family: helvetica, arial, sans-serif;\"><strong>2. Uso del sitio.<\/strong><\/span><\/p>\n<p style=\"text-align: justify;\"><span style=\"font-family: helvetica, arial, sans-serif;\">Usted comprende que, a excepci\u00f3n de la informaci\u00f3n, los productos o servicios claramente identificados como suministrados por Ship-tracker.org, Ship-tracker.org no opera, controla ni respalda ninguna informaci\u00f3n, producto o servicio en Internet de ninguna manera. A excepci\u00f3n de la informaci\u00f3n, productos o servicios identificados por Ship-tracker.org, toda la informaci\u00f3n, productos y servicios ofrecidos a trav\u00e9s del Sitio o en Internet generalmente son ofrecidos por terceros que no est\u00e1n afiliados a Ship-tracker.org. Tambi\u00e9n comprende que Ship-tracker.org no puede garantizar ni garantiza que los archivos disponibles para descargar a trav\u00e9s del Sitio est\u00e9n libres de infecci\u00f3n o virus, gusanos, caballos de Troya u otro c\u00f3digo que manifieste propiedades contaminantes o destructivas. Usted es responsable de implementar procedimientos y puntos de control suficientes para satisfacer sus requisitos particulares de precisi\u00f3n de entrada y salida de datos, y de mantener un medio externo al Sitio para la reconstrucci\u00f3n de cualquier informaci\u00f3n perdida.<\/span><\/p>\n<p style=\"text-align: justify;\"><span style=\"font-family: helvetica, arial, sans-serif;\">USTED ASUME LA RESPONSABILIDAD Y EL RIESGO TOTALES POR EL USO DEL SITIO Y DE INTERNET. Ship-tracker.org PROPORCIONA EL SITIO Y LA INFORMACI\u00d3N RELACIONADA &quot;TAL CUAL&quot;, Y NO OFRECE NINGUNA GARANT\u00cdA, REPRESENTACI\u00d3N O RESPALDO EXPRESO O IMPL\u00cdCITO, CUALQUIERA (INCLUYENDO SIN LIMITACI\u00d3N LAS GARANT\u00cdAS DE T\u00cdTULO O NO INFRACCI\u00d3N, O LAS GARANT\u00cdAS IMPL\u00cdCITAS DE COMERCIABILIDAD O FIABILIDAD PROP\u00d3SITO) CON RESPECTO AL SERVICIO, CUALQUIER INFORMACI\u00d3N DE MERCANC\u00cdA O SERVICIO PROPORCIONADO A TRAV\u00c9S DEL SERVICIO O EN INTERNET GENERALMENTE, Y Ship-tracker.org NO SER\u00c1 RESPONSABLE DE NING\u00daN COSTO O DA\u00d1O QUE SURJA DIRECTAMENTE O INDIRECTAMENTE DE CUALQUIER TRANSACCI\u00d3N. ES EXCLUSIVAMENTE SU RESPONSABILIDAD EVALUAR LA EXACTITUD, COMPLETIDAD Y UTILIDAD DE TODAS LAS OPINIONES, ASESORAMIENTO, SERVICIOS, COMERCIALIZACI\u00d3N Y OTRA INFORMACI\u00d3N PROPORCIONADA A TRAV\u00c9S DEL SERVICIO O EN INTERNET EN GENERAL. Ship-tracker.org NO GARANTIZA QUE EL SERVICIO SER\u00c1 ININTERRUMPIDO O LIBRE DE ERRORES O QUE LOS DEFECTOS EN EL SERVICIO SER\u00c1N CORREGIDOS.<\/span><\/p>\n<p style=\"text-align: justify;\"><span style=\"font-family: helvetica, arial, sans-serif;\">USTED ENTIENDE ADEM\u00c1S QUE LA NATURALEZA PURA DE INTERNET CONTIENE MATERIALES SIN EDITAR ALGUNOS DE LOS CUALES SEXUALMENTE EXPL\u00cdCITOS O PUEDEN SER OFENSIVOS PARA USTED. SU ACCESO A DICHOS MATERIALES ES BAJO SU RIESGO. Ship-tracker.org NO TIENE CONTROL SOBRE Y NO ACEPTA RESPONSABILIDAD DE NING\u00daN TIPO DE DICHOS MATERIALES.<\/span><\/p>\n<p style=\"text-align: justify;\"><span style=\"font-family: helvetica, arial, sans-serif;\"><strong>LIMITACI\u00d3N DE RESPONSABILIDAD<\/strong><\/span><\/p>\n<p style=\"text-align: justify;\"><span style=\"font-family: helvetica, arial, sans-serif;\">EN NING\u00daN CASO Ship-tracker.org SER\u00c1 RESPONSABLE DE (I) CUALQUIER DA\u00d1O INCIDENTAL, CONSECUENTE O INDIRECTO (INCLUYENDO, PERO SIN LIMITARSE A, DA\u00d1OS POR P\u00c9RDIDA DE BENEFICIOS, INTERRUPCI\u00d3N DE NEGOCIOS, P\u00c9RDIDA DE PROGRAMAS O INFORMACI\u00d3N, Y SIMILARES) DERIVADO DEL USO O LA INCAPACIDAD DE UTILIZAR EL SERVICIO, O CUALQUIER INFORMACI\u00d3N, O TRANSACCIONES PROPORCIONADAS EN EL SERVICIO, O DESCARGADAS DEL SERVICIO, O CUALQUIER RETARDO DE DICHA INFORMACI\u00d3N O SERVICIO. INCLUSO SI Ship-tracker.org O SUS REPRESENTANTES AUTORIZADOS HAN SIDO NOTIFICADOS DE LA POSIBILIDAD DE TALES DA\u00d1OS, O (II) CUALQUIER RECLAMO ATRIBUIBLE A ERRORES, OMISIONES U OTRAS IMPRECISIONES EN EL SERVICIO Y \/ O MATERIALES O INFORMACI\u00d3N DESCARGADA A TRAV\u00c9S DEL SERVICIO. PORQUE ALGUNOS ESTADOS NO PERMITEN LA EXCLUSI\u00d3N O LIMITACI\u00d3N DE RESPONSABILIDAD POR DA\u00d1OS CONSECUENTES O INCIDENTALES, LA LIMITACI\u00d3N ANTERIOR PUEDE NO APLICARSE EN SU CASO. EN DICHOS ESTADOS, LA RESPONSABILIDAD DE Ship-tracker.org SE LIMITA AL MAYOR EXTREMO PERMITIDO POR LA LEY.<\/span><\/p>\n<p style=\"text-align: justify;\"><span style=\"font-family: helvetica, arial, sans-serif;\">Ship-tracker.org no hace ninguna representaci\u00f3n sobre ning\u00fan otro sitio web al que pueda acceder a trav\u00e9s de este o que pueda vincular a este Sitio. Cuando acceda a un sitio web que no sea Ship-tracker.org, comprenda que es independiente de Ship-tracker.org y que Ship-tracker.org no tiene control sobre el contenido de ese sitio web. Adem\u00e1s, un enlace a un sitio web de Ship-tracker.org no significa que Ship-tracker.org apruebe o acepte ninguna responsabilidad por el contenido o el uso de dicho sitio web.<\/span><\/p>\n<p style=\"text-align: justify;\"><span style=\"font-family: helvetica, arial, sans-serif;\"><strong>3. Indemnizaci\u00f3n.<\/strong><\/span><\/p>\n<p style=\"text-align: justify;\"><span style=\"font-family: helvetica, arial, sans-serif;\">Usted acepta indemnizar, defender y eximir de responsabilidad a Ship-tracker.org, sus funcionarios, directores, empleados, agentes, otorgantes de licencias, proveedores y cualquier proveedor de informaci\u00f3n de terceros al Servicio de y contra todas las p\u00e9rdidas, gastos, da\u00f1os y costos, incluidos los razonables honorarios de abogados, como resultado de cualquier violaci\u00f3n de este Acuerdo (incluyendo conducta negligente o il\u00edcita) por usted o cualquier otra persona que acceda al Servicio.<\/span><\/p>\n<p style=\"text-align: justify;\"><span style=\"font-family: helvetica, arial, sans-serif;\"><strong>4. Derechos de terceros.<\/strong><\/span><\/p>\n<p style=\"text-align: justify;\"><span style=\"font-family: helvetica, arial, sans-serif;\">Las disposiciones de los p\u00e1rrafos 2 (Uso del Servicio) y 3 (Indemnizaci\u00f3n) son para beneficio de Ship-tracker.org y sus oficiales, directores, empleados, agentes, licenciantes, proveedores y cualquier proveedor de informaci\u00f3n de terceros para el Servicio . Cada una de estas personas o entidades tendr\u00e1 derecho a hacer valer y hacer cumplir esas disposiciones directamente contra usted en su propio nombre.<\/span><\/p>\n<p style=\"text-align: justify;\"><span style=\"font-family: helvetica, arial, sans-serif;\"><strong>5. T\u00e9rmino; Terminaci\u00f3n.<\/strong><\/span><\/p>\n<p style=\"text-align: justify;\"><span style=\"font-family: helvetica, arial, sans-serif;\">Cualquiera de las partes puede rescindir el presente Acuerdo sin previo aviso en cualquier momento y por cualquier motivo. Las disposiciones de los p\u00e1rrafos 1 (Copyright, Licencias y Env\u00edo de ideas), 2 (Uso del servicio), 3 (Indemnizaci\u00f3n), 4 (Derechos de terceros) y 6 (Varios) sobrevivir\u00e1n a la terminaci\u00f3n de este Acuerdo.<\/span><\/p>\n<p style=\"text-align: justify;\"><span style=\"font-family: helvetica, arial, sans-serif;\"><strong>6. Varios.<\/strong><\/span><\/p>\n<p style=\"text-align: justify;\"><span style=\"font-family: helvetica, arial, sans-serif;\">El presente Acuerdo se regir\u00e1 e interpretar\u00e1 de conformidad con las leyes de Bulgaria aplicables a los acuerdos celebrados y que se realizar\u00e1n en Bulgaria. Usted acepta que cualquier acci\u00f3n legal o procedimiento entre Ship-tracker.org y usted para cualquier prop\u00f3sito relacionado con este Acuerdo o las obligaciones de las partes a continuaci\u00f3n se presentar\u00e1n exclusivamente en un tribunal federal o estatal de jurisdicci\u00f3n competente con sede en Bulgaria. Cualquier causa de acci\u00f3n o reclamo que pueda tener con respecto al Servicio debe comenzar dentro de un (1) a\u00f1o despu\u00e9s de que surja el reclamo o la causa de la acci\u00f3n o se proh\u00edba dicho reclamo o causa de acci\u00f3n. El hecho de que Ship-tracker.org no insista o imponga el cumplimiento estricto de cualquier disposici\u00f3n de este Acuerdo no se interpretar\u00e1 como una renuncia a ninguna disposici\u00f3n o derecho. Ni el curso de conducta entre las partes ni la pr\u00e1ctica comercial actuar\u00e1n para modificar ninguna disposici\u00f3n de este Acuerdo. Ship-tracker.org puede asignar sus derechos y deberes bajo este Acuerdo a cualquier parte en cualquier momento sin notific\u00e1rselo. Todos los derechos no otorgados expresamente en este documento est\u00e1n reservados.<\/span><\/p>","protected":false},"excerpt":{"rendered":"<p>El sitio web ship-tracker.org (el \u201cSitio\u201d) es un servicio de informaci\u00f3n en l\u00ednea. \u201cShip-tracker.org\u201d, sujeto a su cumplimiento de los t\u00e9rminos y condiciones establecidos a continuaci\u00f3n. POR FAVOR LEA ESTE DOCUMENTO DETENIDAMENTE ANTES DE ACCEDER O UTILIZAR EL SITIO. AL ACCEDER O UTILIZAR EL SITIO, USTED ACEPTA ESTAR OBLIGADO POR LOS T\u00c9RMINOS Y CONDICIONES ESTABLECIDOS A CONTINUACI\u00d3N. SI\u2026&nbsp;<a href=\"https:\/\/ship-tracker.org\/es\/disclaimer\/\" rel=\"bookmark\">Leer m\u00e1s &quot;<span class=\"screen-reader-text\">Descargo de responsabilidad<\/span><\/a><\/p>","protected":false},"author":1,"featured_media":0,"parent":0,"menu_order":0,"comment_status":"closed","ping_status":"closed","template":"","meta":{"neve_meta_sidebar":"","neve_meta_container":"","neve_meta_enable_content_width":"","neve_meta_content_width":0,"neve_meta_title_alignment":"","neve_meta_author_avatar":"","neve_post_elements_order":"","neve_meta_disable_header":"","neve_meta_disable_footer":"","neve_meta_disable_title":"","neve_meta_reading_time":"","footnotes":""},"class_list":["post-6","page","type-page","status-publish","hentry"],"yoast_head":"<!-- This site is optimized with the Yoast SEO plugin v27.4 - https:\/\/yoast.com\/product\/yoast-seo-wordpress\/ -->\n<title>Disclaimer - Ship-tracker.org<\/title>\n<meta name=\"robots\" content=\"noindex, follow\" \/>\n<meta property=\"og:locale\" content=\"es_ES\" \/>\n<meta property=\"og:type\" content=\"article\" \/>\n<meta property=\"og:title\" content=\"Disclaimer - Ship-tracker.org\" \/>\n<meta property=\"og:description\" content=\"The ship-tracker.org\u00a0Web Site (the &#8220;Site&#8221;) is an online information service . &#8220;Ship-tracker.org &#8220;, subject to your compliance with the terms and conditions set forth below.\u00a0PLEASE READ THIS DOCUMENT CAREFULLY BEFORE ACCESSING OR USING THE SITE. BY ACCESSING OR USING THE SITE, YOU AGREE TO BE BOUND BY THE TERMS AND CONDITIONS SET FORTH BELOW. IF&hellip;&nbsp;Read More &raquo;Disclaimer\" \/>\n<meta property=\"og:url\" content=\"https:\/\/ship-tracker.org\/es\/disclaimer\/\" \/>\n<meta property=\"og:site_name\" content=\"Ship-tracker.org\" \/>\n<meta property=\"article:modified_time\" content=\"2017-09-14T14:43:07+00:00\" \/>\n<meta name=\"twitter:card\" content=\"summary_large_image\" \/>\n<meta name=\"twitter:label1\" content=\"Tiempo de lectura\" \/>\n\t<meta name=\"twitter:data1\" content=\"7 minutos\" \/>\n<script type=\"application\/ld+json\" class=\"yoast-schema-graph\">{\"@context\":\"https:\\\/\\\/schema.org\",\"@graph\":[{\"@type\":\"WebPage\",\"@id\":\"https:\\\/\\\/ship-tracker.org\\\/it\\\/disclaimer\\\/\",\"url\":\"https:\\\/\\\/ship-tracker.org\\\/it\\\/disclaimer\\\/\",\"name\":\"Disclaimer - Ship-tracker.org\",\"isPartOf\":{\"@id\":\"https:\\\/\\\/ship-tracker.org\\\/#website\"},\"datePublished\":\"2017-09-13T11:59:08+00:00\",\"dateModified\":\"2017-09-14T14:43:07+00:00\",\"breadcrumb\":{\"@id\":\"https:\\\/\\\/ship-tracker.org\\\/it\\\/disclaimer\\\/#breadcrumb\"},\"inLanguage\":\"es\",\"potentialAction\":[{\"@type\":\"ReadAction\",\"target\":[\"https:\\\/\\\/ship-tracker.org\\\/it\\\/disclaimer\\\/\"]}]},{\"@type\":\"BreadcrumbList\",\"@id\":\"https:\\\/\\\/ship-tracker.org\\\/it\\\/disclaimer\\\/#breadcrumb\",\"itemListElement\":[{\"@type\":\"ListItem\",\"position\":1,\"name\":\"Startseite\",\"item\":\"https:\\\/\\\/ship-tracker.org\\\/\"},{\"@type\":\"ListItem\",\"position\":2,\"name\":\"Disclaimer\"}]},{\"@type\":\"WebSite\",\"@id\":\"https:\\\/\\\/ship-tracker.org\\\/#website\",\"url\":\"https:\\\/\\\/ship-tracker.org\\\/\",\"name\":\"Ship-tracker.org\",\"description\":\"\",\"potentialAction\":[{\"@type\":\"SearchAction\",\"target\":{\"@type\":\"EntryPoint\",\"urlTemplate\":\"https:\\\/\\\/ship-tracker.org\\\/?s={search_term_string}\"},\"query-input\":{\"@type\":\"PropertyValueSpecification\",\"valueRequired\":true,\"valueName\":\"search_term_string\"}}],\"inLanguage\":\"es\"}]}<\/script>\n<!-- \/ Yoast SEO plugin. -->","yoast_head_json":{"title":"Descargo de responsabilidad - Ship-tracker.org","robots":{"index":"noindex","follow":"follow"},"og_locale":"es_ES","og_type":"article","og_title":"Disclaimer - Ship-tracker.org","og_description":"The ship-tracker.org\u00a0Web Site (the &#8220;Site&#8221;) is an online information service . &#8220;Ship-tracker.org &#8220;, subject to your compliance with the terms and conditions set forth below.\u00a0PLEASE READ THIS DOCUMENT CAREFULLY BEFORE ACCESSING OR USING THE SITE. BY ACCESSING OR USING THE SITE, YOU AGREE TO BE BOUND BY THE TERMS AND CONDITIONS SET FORTH BELOW. IF&hellip;&nbsp;Read More &raquo;Disclaimer","og_url":"https:\/\/ship-tracker.org\/es\/disclaimer\/","og_site_name":"Ship-tracker.org","article_modified_time":"2017-09-14T14:43:07+00:00","twitter_card":"summary_large_image","twitter_misc":{"Tiempo de lectura":"7 minutos"},"schema":{"@context":"https:\/\/schema.org","@graph":[{"@type":"WebPage","@id":"https:\/\/ship-tracker.org\/it\/disclaimer\/","url":"https:\/\/ship-tracker.org\/it\/disclaimer\/","name":"Descargo de responsabilidad - Ship-tracker.org","isPartOf":{"@id":"https:\/\/ship-tracker.org\/#website"},"datePublished":"2017-09-13T11:59:08+00:00","dateModified":"2017-09-14T14:43:07+00:00","breadcrumb":{"@id":"https:\/\/ship-tracker.org\/it\/disclaimer\/#breadcrumb"},"inLanguage":"es","potentialAction":[{"@type":"ReadAction","target":["https:\/\/ship-tracker.org\/it\/disclaimer\/"]}]},{"@type":"BreadcrumbList","@id":"https:\/\/ship-tracker.org\/it\/disclaimer\/#breadcrumb","itemListElement":[{"@type":"ListItem","position":1,"name":"Startseite","item":"https:\/\/ship-tracker.org\/"},{"@type":"ListItem","position":2,"name":"Disclaimer"}]},{"@type":"WebSite","@id":"https:\/\/ship-tracker.org\/#website","url":"https:\/\/ship-tracker.org\/","name":"Ship-tracker.org","description":"","potentialAction":[{"@type":"SearchAction","target":{"@type":"EntryPoint","urlTemplate":"https:\/\/ship-tracker.org\/?s={search_term_string}"},"query-input":{"@type":"PropertyValueSpecification","valueRequired":true,"valueName":"search_term_string"}}],"inLanguage":"es"}]}},"_links":{"self":[{"href":"https:\/\/ship-tracker.org\/es\/wp-json\/wp\/v2\/pages\/6","targetHints":{"allow":["GET"]}}],"collection":[{"href":"https:\/\/ship-tracker.org\/es\/wp-json\/wp\/v2\/pages"}],"about":[{"href":"https:\/\/ship-tracker.org\/es\/wp-json\/wp\/v2\/types\/page"}],"author":[{"embeddable":true,"href":"https:\/\/ship-tracker.org\/es\/wp-json\/wp\/v2\/users\/1"}],"replies":[{"embeddable":true,"href":"https:\/\/ship-tracker.org\/es\/wp-json\/wp\/v2\/comments?post=6"}],"version-history":[{"count":3,"href":"https:\/\/ship-tracker.org\/es\/wp-json\/wp\/v2\/pages\/6\/revisions"}],"predecessor-version":[{"id":9,"href":"https:\/\/ship-tracker.org\/es\/wp-json\/wp\/v2\/pages\/6\/revisions\/9"}],"wp:attachment":[{"href":"https:\/\/ship-tracker.org\/es\/wp-json\/wp\/v2\/media?parent=6"}],"curies":[{"name":"wp","href":"https:\/\/api.w.org\/{rel}","templated":true}]}}