{"id":48,"date":"2017-09-13T14:46:27","date_gmt":"2017-09-13T12:46:27","guid":{"rendered":"http:\/\/ship-tracker.org\/?page_id=48"},"modified":"2023-08-13T03:04:30","modified_gmt":"2023-08-13T01:04:30","slug":"adventure-of-the-seas","status":"publish","type":"page","link":"https:\/\/ship-tracker.org\/es\/adventure-of-the-seas\/","title":{"rendered":"Adventure Of The Seas"},"content":{"rendered":"<h2><span style=\"color: #000000;\">Ubicaci\u00f3n actual y <\/span><span style=\"color: #000000;\">posici\u00f3n de Adventure Of The Seas<\/span><\/h2>\n<p>\u00bfD\u00f3nde est\u00e1 actualmente la posici\u00f3n actual de Adventure Of The Seas?<\/p>\n<p><script type=\"text\/javascript\">\n  var width=\"1500\";\n  var height=\"500\";\n  var click_to_activate=false;\n  var default_maptype=2;\n  var imo=9167227;\n<\/script><br \/>\n<script type=\"text\/javascript\" src=\"https:\/\/www.vesselfinder.com\/aismap.js\">\n<\/script><\/p>\n<p>Ver la ubicaci\u00f3n actual de Adventure Of The Seas. La posici\u00f3n de Adventure Of The Seas se puede determinar con precisi\u00f3n por los mapas de VesselFinder y MarineTraffic. Por lo tanto, siempre est\u00e1 bien informado, d\u00f3nde se encuentra su barco favorito actualmente.<\/p>\n<h2 class=\"title\"><span style=\"color: #000000;\">Aventura de los mares revisi\u00f3n y especificaciones<\/span><\/h2>\n<table style=\"height: 299px;\" width=\"400\">\n<tbody>\n<tr>\n<td style=\"width: 192px;\"><span style=\"color: #000000;\"><strong>Estado del pabell\u00f3n<\/strong><\/span><\/td>\n<td style=\"width: 192px;\"><span style=\"color: #000000;\">Bahamas<\/span><\/td>\n<\/tr>\n<tr>\n<td style=\"width: 192px;\"><span style=\"color: #000000;\"><strong>A\u00f1o de construcci\u00f3n<\/strong><\/span><\/td>\n<td style=\"width: 192px;\"><span style=\"color: #000000;\">2001\u00a0<\/span><\/td>\n<\/tr>\n<tr>\n<td style=\"width: 192px;\"><span style=\"color: #000000;\"><strong>Constructor<\/strong><\/span><\/td>\n<td style=\"width: 192px;\"><span style=\"color: #000000;\">Turku, STX Finlandia<\/span><\/td>\n<\/tr>\n<tr>\n<td style=\"width: 192px;\"><span style=\"color: #000000;\"><strong>Longitud<\/strong><\/span><\/td>\n<td style=\"width: 192px;\"><span style=\"color: #000000;\">311<span class=\"specificationUnit\">\u00a0metro<\/span><\/span><\/td>\n<\/tr>\n<tr>\n<td style=\"width: 192px;\"><span style=\"color: #000000;\"><strong>Haz<\/strong><\/span><\/td>\n<td style=\"width: 192px;\"><span style=\"color: #000000;\">47<span class=\"specificationUnit\">\u00a0metro<\/span><\/span><\/td>\n<\/tr>\n<tr>\n<td style=\"width: 192px;\"><span style=\"color: #000000;\"><strong>Arqueo bruto<\/strong><\/span><\/td>\n<td style=\"width: 192px;\"><span style=\"color: #000000;\">137276<span class=\"specificationUnit\">\u00a0gt<\/span><\/span><\/td>\n<\/tr>\n<tr>\n<td style=\"width: 192px;\"><span style=\"color: #000000;\"><strong>Pasajeros<\/strong><\/span><\/td>\n<td style=\"width: 192px;\"><span style=\"color: #000000;\">3130 \u2013 3756<\/span><\/td>\n<\/tr>\n<tr>\n<td style=\"width: 192px;\"><span style=\"color: #000000;\"><strong>Personal<\/strong><\/span><\/td>\n<td style=\"width: 192px;\"><span style=\"color: #000000;\">1180<\/span><\/td>\n<\/tr>\n<tr>\n<td style=\"width: 192px;\"><span style=\"color: #000000;\"><strong>Cubiertas<\/strong><\/span><\/td>\n<td style=\"width: 192px;\"><span style=\"color: #000000;\">15<\/span><\/td>\n<\/tr>\n<tr>\n<td style=\"width: 192px;\"><span style=\"color: #000000;\"><strong>Velocidad<\/strong><\/span><\/td>\n<td style=\"width: 192px;\"><span style=\"color: #000000;\">23<span class=\"specificationUnit\">\u00a0kn<\/span>\u00a0<\/span><\/td>\n<\/tr>\n<tr>\n<td style=\"width: 192px;\"><span style=\"color: #000000;\"><strong><b>Puerto de registro<\/b><\/strong><\/span><\/td>\n<td style=\"width: 192px;\"><span style=\"color: #000000;\">Nassau<\/span><\/td>\n<\/tr>\n<tr>\n<td style=\"width: 192px;\"><span style=\"color: #000000;\"><strong><b>Propulsi\u00f3n<\/b><\/strong><\/span><\/td>\n<td style=\"width: 192px;\"><span style=\"color: #000000;\">Diesel-el\u00e9ctrico<\/span><\/td>\n<\/tr>\n<tr>\n<td style=\"width: 192px;\"><span style=\"color: #000000;\"><strong><b>Propietario<\/b><\/strong><\/span><\/td>\n<td style=\"width: 192px;\"><a href=\"https:\/\/ship-tracker.org\/es\/royal-caribbean\/\" rel=\"noopener noreferrer\">Royal Caribbean<\/a><\/td>\n<\/tr>\n<\/tbody>\n<\/table>\n<figure id=\"attachment_49\" aria-describedby=\"caption-attachment-49\" style=\"width: 1000px\" class=\"wp-caption alignnone\"><img loading=\"lazy\" decoding=\"async\" class=\"wp-image-49 size-full\" src=\"https:\/\/ship-tracker.org\/wp-content\/uploads\/2017\/09\/533-large-df877f3865752637daa540ea9cbc474f.jpg\" alt=\"Adventure Of The Seas\" width=\"1000\" height=\"500\" srcset=\"https:\/\/ship-tracker.org\/wp-content\/uploads\/2017\/09\/533-large-df877f3865752637daa540ea9cbc474f.jpg 1000w, https:\/\/ship-tracker.org\/wp-content\/uploads\/2017\/09\/533-large-df877f3865752637daa540ea9cbc474f-300x150.jpg 300w, https:\/\/ship-tracker.org\/wp-content\/uploads\/2017\/09\/533-large-df877f3865752637daa540ea9cbc474f-768x384.jpg 768w\" sizes=\"auto, (max-width: 1000px) 100vw, 1000px\" \/><figcaption id=\"caption-attachment-49\" class=\"wp-caption-text\">Aventura de los mares \u00a9 Royal Caribbean Cruises Ltd<\/figcaption><\/figure>\n<h3 class=\"title\">Flota Royal Caribbean<\/h3>\n<ul>\n<li><a href=\"https:\/\/ship-tracker.org\/es\/odyssey-of-the-seas\/\">Odyssey Of The Seas<\/a><\/li>\n<li><a href=\"https:\/\/ship-tracker.org\/es\/spectrum-of-the-seas\/\">Spectrum Of The Seas<\/a><\/li>\n<li><a href=\"https:\/\/ship-tracker.org\/es\/symphony-of-the-seas\/\">Symphony Of The Seas<\/a><\/li>\n<li><a href=\"https:\/\/ship-tracker.org\/es\/ovation-of-the-seas\/\">Ovation Of The Seas<\/a><\/li>\n<li><a href=\"https:\/\/ship-tracker.org\/es\/harmony-of-the-seas\/\">Harmony Of The Seas<\/a><\/li>\n<li><a href=\"https:\/\/ship-tracker.org\/es\/anthem-of-the-seas\/\">Anthem of the Seas<\/a><\/li>\n<li><a href=\"https:\/\/ship-tracker.org\/es\/quantum-of-the-seas\/\">Quantum Of The Seas<\/a><\/li>\n<li><a href=\"https:\/\/ship-tracker.org\/es\/allure-of-the-seas\/\">Allure Of The Seas<\/a><\/li>\n<li><a href=\"https:\/\/ship-tracker.org\/es\/oasis-of-the-seas\/\">Oasis Of The Seas<\/a><\/li>\n<li><a href=\"https:\/\/ship-tracker.org\/es\/independence-of-the-seas\/\">Independence Of The Seas<\/a><\/li>\n<li><a href=\"https:\/\/ship-tracker.org\/es\/liberty-of-the-seas\/\">Liberty Of The Seas<\/a><\/li>\n<li><a href=\"https:\/\/ship-tracker.org\/es\/freedom-of-the-seas\/\">Freedom Of The Seas<\/a><\/li>\n<li><a href=\"https:\/\/ship-tracker.org\/es\/jewel-of-the-seas\/\">Jewel Of The Seas<\/a><\/li>\n<li><a href=\"https:\/\/ship-tracker.org\/es\/serenade-of-the-seas\/\">Serenata De Los Mares<\/a><\/li>\n<li><a href=\"https:\/\/ship-tracker.org\/es\/mariner-of-the-seas\/\">Marinero De Los Mares<\/a><\/li>\n<li><a href=\"https:\/\/ship-tracker.org\/es\/navigator-of-the-seas\/\">Navigator Of The Seas<\/a><\/li>\n<li><a href=\"https:\/\/ship-tracker.org\/es\/brilliance-of-the-seas\/\">Brilliance Of The Seas<\/a><\/li>\n<li><a href=\"https:\/\/ship-tracker.org\/es\/radiance-of-the-seas\/\">Radiance Of The Seas<\/a><\/li>\n<li><a href=\"https:\/\/ship-tracker.org\/es\/explorer-of-the-seas\/\">Explorer Of The Seas<\/a><\/li>\n<li><a href=\"https:\/\/ship-tracker.org\/es\/voyager-of-the-seas\/\">Voyager Of The Seas<\/a><\/li>\n<li><a href=\"https:\/\/ship-tracker.org\/es\/vision-of-the-seas\/\">Vision Of The Seas<\/a><\/li>\n<li><a href=\"https:\/\/ship-tracker.org\/es\/enchantment-of-the-seas\/\">Enchantment Of The Seas<\/a><\/li>\n<li><a href=\"https:\/\/ship-tracker.org\/es\/rhapsody-of-the-seas\/\">Napster de los mares<\/a><\/li>\n<li><a href=\"https:\/\/ship-tracker.org\/es\/grandeur-of-the-seas\/\">Grandeur Of The Seas<\/a><\/li>\n<li><a href=\"https:\/\/ship-tracker.org\/es\/wonder-of-the-seas\/\">Wonder Of The Seas<\/a><\/li>\n<li><a href=\"https:\/\/ship-tracker.org\/es\/icon-of-the-seas\/\">Icono de los mares<\/a><\/li>\n<li><a href=\"https:\/\/ship-tracker.org\/es\/utopia-of-the-seas\/\">utop\u00eda de los mares<\/a><\/li>\n<\/ul>","protected":false},"excerpt":{"rendered":"<p>Ubicaci\u00f3n y posici\u00f3n actual de Adventure Of The Seas \u00bfD\u00f3nde est\u00e1 actualmente la posici\u00f3n actual de Adventure Of The Seas? Ver la ubicaci\u00f3n actual de Adventure Of The Seas. La posici\u00f3n de Adventure Of The Seas se puede determinar con precisi\u00f3n mediante los mapas de VesselFinder y MarineTraffic. Para que siempre est\u00e9s bien informado, d\u00f3nde est\u00e1 tu barco favorito...&nbsp;<a href=\"https:\/\/ship-tracker.org\/es\/adventure-of-the-seas\/\" rel=\"bookmark\">Leer m\u00e1s &quot;<span class=\"screen-reader-text\">Adventure Of The Seas<\/span><\/a><\/p>","protected":false},"author":1,"featured_media":0,"parent":0,"menu_order":0,"comment_status":"closed","ping_status":"closed","template":"","meta":{"neve_meta_sidebar":"","neve_meta_container":"","neve_meta_enable_content_width":"off","neve_meta_content_width":100,"neve_meta_title_alignment":"","neve_meta_author_avatar":"","neve_post_elements_order":"","neve_meta_disable_header":"","neve_meta_disable_footer":"","neve_meta_disable_title":"","neve_meta_reading_time":"","footnotes":""},"class_list":["post-48","page","type-page","status-publish","hentry"],"yoast_head":"<!-- This site is optimized with the Yoast SEO plugin v26.9 - https:\/\/yoast.com\/product\/yoast-seo-wordpress\/ -->\n<title>Adventure Of The Seas \u2503 Current location and position<\/title>\n<meta name=\"description\" content=\"Adventure Of The Seas \u2693 Current position of Adventure Of The Seas \u2713 Cruise Ship Tracker \u2713 Live Ship Tracker \u2503Webcam\" \/>\n<meta name=\"robots\" content=\"index, follow, max-snippet:-1, max-image-preview:large, max-video-preview:-1\" \/>\n<link rel=\"canonical\" href=\"https:\/\/ship-tracker.org\/es\/adventure-of-the-seas\/\" \/>\n<meta property=\"og:locale\" content=\"es_ES\" \/>\n<meta property=\"og:type\" content=\"article\" \/>\n<meta property=\"og:title\" content=\"Adventure Of The Seas \u2503 Current location and position\" \/>\n<meta property=\"og:description\" content=\"Adventure Of The Seas \u2693 Current position of Adventure Of The Seas \u2713 Cruise Ship Tracker \u2713 Live Ship Tracker \u2503Webcam\" \/>\n<meta property=\"og:url\" content=\"https:\/\/ship-tracker.org\/es\/adventure-of-the-seas\/\" \/>\n<meta property=\"og:site_name\" content=\"Ship-tracker.org\" \/>\n<meta property=\"article:modified_time\" content=\"2023-08-13T01:04:30+00:00\" \/>\n<meta property=\"og:image\" content=\"https:\/\/ship-tracker.org\/wp-content\/uploads\/2017\/09\/533-large-df877f3865752637daa540ea9cbc474f.jpg\" \/>\n<meta name=\"twitter:card\" content=\"summary_large_image\" \/>\n<meta name=\"twitter:label1\" content=\"Tiempo de lectura\" \/>\n\t<meta name=\"twitter:data1\" content=\"2 minutos\" \/>\n<script type=\"application\/ld+json\" class=\"yoast-schema-graph\">{\"@context\":\"https:\/\/schema.org\",\"@graph\":[{\"@type\":\"WebPage\",\"@id\":\"https:\/\/ship-tracker.org\/adventure-of-the-seas\/\",\"url\":\"https:\/\/ship-tracker.org\/adventure-of-the-seas\/\",\"name\":\"Adventure Of The Seas \u2503 Current location and position\",\"isPartOf\":{\"@id\":\"https:\/\/ship-tracker.org\/#website\"},\"primaryImageOfPage\":{\"@id\":\"https:\/\/ship-tracker.org\/adventure-of-the-seas\/#primaryimage\"},\"image\":{\"@id\":\"https:\/\/ship-tracker.org\/adventure-of-the-seas\/#primaryimage\"},\"thumbnailUrl\":\"https:\/\/ship-tracker.org\/wp-content\/uploads\/2017\/09\/533-large-df877f3865752637daa540ea9cbc474f.jpg\",\"datePublished\":\"2017-09-13T12:46:27+00:00\",\"dateModified\":\"2023-08-13T01:04:30+00:00\",\"description\":\"Adventure Of The Seas \u2693 Current position of Adventure Of The Seas \u2713 Cruise Ship Tracker \u2713 Live Ship Tracker \u2503Webcam\",\"breadcrumb\":{\"@id\":\"https:\/\/ship-tracker.org\/adventure-of-the-seas\/#breadcrumb\"},\"inLanguage\":\"es\",\"potentialAction\":[{\"@type\":\"ReadAction\",\"target\":[\"https:\/\/ship-tracker.org\/adventure-of-the-seas\/\"]}]},{\"@type\":\"ImageObject\",\"inLanguage\":\"es\",\"@id\":\"https:\/\/ship-tracker.org\/adventure-of-the-seas\/#primaryimage\",\"url\":\"https:\/\/ship-tracker.org\/wp-content\/uploads\/2017\/09\/533-large-df877f3865752637daa540ea9cbc474f.jpg\",\"contentUrl\":\"https:\/\/ship-tracker.org\/wp-content\/uploads\/2017\/09\/533-large-df877f3865752637daa540ea9cbc474f.jpg\"},{\"@type\":\"BreadcrumbList\",\"@id\":\"https:\/\/ship-tracker.org\/adventure-of-the-seas\/#breadcrumb\",\"itemListElement\":[{\"@type\":\"ListItem\",\"position\":1,\"name\":\"Startseite\",\"item\":\"https:\/\/ship-tracker.org\/\"},{\"@type\":\"ListItem\",\"position\":2,\"name\":\"Adventure Of The Seas\"}]},{\"@type\":\"WebSite\",\"@id\":\"https:\/\/ship-tracker.org\/#website\",\"url\":\"https:\/\/ship-tracker.org\/\",\"name\":\"Ship-tracker.org\",\"description\":\"\",\"potentialAction\":[{\"@type\":\"SearchAction\",\"target\":{\"@type\":\"EntryPoint\",\"urlTemplate\":\"https:\/\/ship-tracker.org\/?s={search_term_string}\"},\"query-input\":{\"@type\":\"PropertyValueSpecification\",\"valueRequired\":true,\"valueName\":\"search_term_string\"}}],\"inLanguage\":\"es\"}]}<\/script>\n<!-- \/ Yoast SEO plugin. -->","yoast_head_json":{"title":"Adventure Of The Seas \u2503 Ubicaci\u00f3n y posici\u00f3n actual","description":"Adventure Of The Seas \u2693 Posici\u00f3n actual de Adventure Of The Seas \u2713 Rastreador de cruceros \u2713 Rastreador de barcos en vivo \u2503Webcam","robots":{"index":"index","follow":"follow","max-snippet":"max-snippet:-1","max-image-preview":"max-image-preview:large","max-video-preview":"max-video-preview:-1"},"canonical":"https:\/\/ship-tracker.org\/es\/adventure-of-the-seas\/","og_locale":"es_ES","og_type":"article","og_title":"Adventure Of The Seas \u2503 Current location and position","og_description":"Adventure Of The Seas \u2693 Current position of Adventure Of The Seas \u2713 Cruise Ship Tracker \u2713 Live Ship Tracker \u2503Webcam","og_url":"https:\/\/ship-tracker.org\/es\/adventure-of-the-seas\/","og_site_name":"Ship-tracker.org","article_modified_time":"2023-08-13T01:04:30+00:00","og_image":[{"url":"https:\/\/ship-tracker.org\/wp-content\/uploads\/2017\/09\/533-large-df877f3865752637daa540ea9cbc474f.jpg","type":"","width":"","height":""}],"twitter_card":"summary_large_image","twitter_misc":{"Tiempo de lectura":"2 minutos"},"schema":{"@context":"https:\/\/schema.org","@graph":[{"@type":"WebPage","@id":"https:\/\/ship-tracker.org\/adventure-of-the-seas\/","url":"https:\/\/ship-tracker.org\/adventure-of-the-seas\/","name":"Adventure Of The Seas \u2503 Ubicaci\u00f3n y posici\u00f3n actual","isPartOf":{"@id":"https:\/\/ship-tracker.org\/#website"},"primaryImageOfPage":{"@id":"https:\/\/ship-tracker.org\/adventure-of-the-seas\/#primaryimage"},"image":{"@id":"https:\/\/ship-tracker.org\/adventure-of-the-seas\/#primaryimage"},"thumbnailUrl":"https:\/\/ship-tracker.org\/wp-content\/uploads\/2017\/09\/533-large-df877f3865752637daa540ea9cbc474f.jpg","datePublished":"2017-09-13T12:46:27+00:00","dateModified":"2023-08-13T01:04:30+00:00","description":"Adventure Of The Seas \u2693 Posici\u00f3n actual de Adventure Of The Seas \u2713 Rastreador de cruceros \u2713 Rastreador de barcos en vivo \u2503Webcam","breadcrumb":{"@id":"https:\/\/ship-tracker.org\/adventure-of-the-seas\/#breadcrumb"},"inLanguage":"es","potentialAction":[{"@type":"ReadAction","target":["https:\/\/ship-tracker.org\/adventure-of-the-seas\/"]}]},{"@type":"ImageObject","inLanguage":"es","@id":"https:\/\/ship-tracker.org\/adventure-of-the-seas\/#primaryimage","url":"https:\/\/ship-tracker.org\/wp-content\/uploads\/2017\/09\/533-large-df877f3865752637daa540ea9cbc474f.jpg","contentUrl":"https:\/\/ship-tracker.org\/wp-content\/uploads\/2017\/09\/533-large-df877f3865752637daa540ea9cbc474f.jpg"},{"@type":"BreadcrumbList","@id":"https:\/\/ship-tracker.org\/adventure-of-the-seas\/#breadcrumb","itemListElement":[{"@type":"ListItem","position":1,"name":"Startseite","item":"https:\/\/ship-tracker.org\/"},{"@type":"ListItem","position":2,"name":"Adventure Of The Seas"}]},{"@type":"WebSite","@id":"https:\/\/ship-tracker.org\/#website","url":"https:\/\/ship-tracker.org\/","name":"Ship-tracker.org","description":"","potentialAction":[{"@type":"SearchAction","target":{"@type":"EntryPoint","urlTemplate":"https:\/\/ship-tracker.org\/?s={search_term_string}"},"query-input":{"@type":"PropertyValueSpecification","valueRequired":true,"valueName":"search_term_string"}}],"inLanguage":"es"}]}},"_links":{"self":[{"href":"https:\/\/ship-tracker.org\/es\/wp-json\/wp\/v2\/pages\/48","targetHints":{"allow":["GET"]}}],"collection":[{"href":"https:\/\/ship-tracker.org\/es\/wp-json\/wp\/v2\/pages"}],"about":[{"href":"https:\/\/ship-tracker.org\/es\/wp-json\/wp\/v2\/types\/page"}],"author":[{"embeddable":true,"href":"https:\/\/ship-tracker.org\/es\/wp-json\/wp\/v2\/users\/1"}],"replies":[{"embeddable":true,"href":"https:\/\/ship-tracker.org\/es\/wp-json\/wp\/v2\/comments?post=48"}],"version-history":[{"count":10,"href":"https:\/\/ship-tracker.org\/es\/wp-json\/wp\/v2\/pages\/48\/revisions"}],"predecessor-version":[{"id":4499,"href":"https:\/\/ship-tracker.org\/es\/wp-json\/wp\/v2\/pages\/48\/revisions\/4499"}],"wp:attachment":[{"href":"https:\/\/ship-tracker.org\/es\/wp-json\/wp\/v2\/media?parent=48"}],"curies":[{"name":"wp","href":"https:\/\/api.w.org\/{rel}","templated":true}]}}