{"id":4446,"date":"2023-07-06T15:07:26","date_gmt":"2023-07-06T13:07:26","guid":{"rendered":"https:\/\/ship-tracker.org\/?page_id=4446"},"modified":"2023-07-06T15:07:26","modified_gmt":"2023-07-06T13:07:26","slug":"maersk-aberdeen","status":"publish","type":"page","link":"https:\/\/ship-tracker.org\/es\/maersk-aberdeen\/","title":{"rendered":"MAERSK ABERDEEN"},"content":{"rendered":"<h2><span style=\"color: #000000;\">Ubicaci\u00f3n actual y <\/span><span style=\"color: #000000;\">posici\u00f3n de MAERSK ABERDEEN<\/span><\/h2>\n<p>\u00bfD\u00f3nde est\u00e1 la ubicaci\u00f3n actual de MAERSK ABERDEEN actualmente?<br \/>\n<script type=\"text\/javascript\">\n  var width=\"100%\";var height=\"400\";\n  var mmsi=626257000;\n<\/script><script type=\"text\/javascript\" src=\"https:\/\/www.vesselfinder.com\/aismap.js\"><\/script><br \/>\nEl MAERSK ABERDEEN, carguero registrado bajo bandera de Gab\u00f3n, navega actualmente por los mares. El barco, que lleva el n\u00famero IMO 9175793 y el n\u00famero MMSI 626257000, mide 155 metros de eslora y 25 metros de manga. Los mapas proporcionados a continuaci\u00f3n detallan la informaci\u00f3n pertinente del viaje, incluida la ubicaci\u00f3n actual del barco, su pr\u00f3ximo puerto de escala programado, la hora estimada de llegada (ETA), la hora prevista de llegada (PTA), la velocidad, el rumbo y el calado. Tambi\u00e9n se proporcionan recursos adicionales como fotos, videos, hora local y hora UTC.<\/p>\n<h2 class=\"pageTitle shipItemTitle\"><span style=\"color: #000000;\">Revisi\u00f3n y especificaciones de MAERSK ABERDEEN<\/span><\/h2>\n<table>\n<tbody>\n<tr style=\"height: 23px;\">\n<td style=\"width: 192px; height: 23px;\">Estado del pabell\u00f3n<\/td>\n<td style=\"width: 192px; height: 23px;\">Gab\u00f3n<\/td>\n<\/tr>\n<tr style=\"height: 23px;\">\n<td style=\"width: 192px; height: 23px;\">A\u00f1o de construcci\u00f3n<strong><br \/>\n<\/strong><\/td>\n<td style=\"width: 192px; height: 23px;\">1999<\/td>\n<\/tr>\n<tr style=\"height: 23px;\">\n<td style=\"width: 192px; height: 23px;\">tipo de barco<\/td>\n<td style=\"width: 192px; height: 23px;\">Barco mercante<\/td>\n<\/tr>\n<tr style=\"height: 23px;\">\n<td style=\"width: 192px; height: 23px;\">Se\u00f1al de llamada<\/td>\n<td style=\"width: 192px; height: 23px;\">TRAQ4<\/td>\n<\/tr>\n<tr style=\"height: 23px;\">\n<td style=\"width: 192px; height: 23px;\">Arqueo bruto<\/td>\n<td style=\"width: 192px; height: 23px;\">14063<\/td>\n<\/tr>\n<tr style=\"height: 23px;\">\n<td style=\"width: 192px; height: 23px;\">Peso muerto de verano<\/td>\n<td style=\"width: 192px; height: 23px;\">17733<\/td>\n<\/tr>\n<tr style=\"height: 23px;\">\n<td style=\"width: 192px; height: 23px;\">Longitud<\/td>\n<td style=\"width: 192px; height: 23px;\"><span class=\"specificationUnit\">155 metros<\/span><\/td>\n<\/tr>\n<tr style=\"height: 23px;\">\n<td style=\"width: 192px; height: 23px;\">Haz<\/td>\n<td style=\"width: 192px; height: 23px;\"><span class=\"specificationUnit\">25 m<\/span><\/td>\n<\/tr>\n<tr style=\"height: 23px;\">\n<td style=\"width: 192px; height: 23px;\">OMI<\/td>\n<td style=\"width: 192px; height: 23px;\">9175793<\/td>\n<\/tr>\n<tr style=\"height: 23px;\">\n<td style=\"width: 192px; height: 23px;\">MMSI<\/td>\n<td style=\"width: 192px; height: 23px;\">626257000<\/td>\n<\/tr>\n<tr style=\"height: 23px;\">\n<td style=\"width: 192px; height: 23px;\">Propietario<\/td>\n<td style=\"width: 192px; height: 23px;\"><a href=\"https:\/\/ship-tracker.org\/es\/maersk\/\">Maersk<\/a><\/td>\n<\/tr>\n<\/tbody>\n<\/table>","protected":false},"excerpt":{"rendered":"<p>Ubicaci\u00f3n y posici\u00f3n actual del MAERSK ABERDEEN. \u00bfD\u00f3nde se encuentra actualmente el MAERSK ABERDEEN? El MAERSK ABERDEEN, un carguero registrado bajo bandera de Gab\u00f3n, navega actualmente. El buque, con n\u00famero OMI 9175793 y n\u00famero MMSI 626257000, mide 155 metros de eslora y 25 metros de manga. Los mapas\u2026&nbsp;<a href=\"https:\/\/ship-tracker.org\/es\/maersk-aberdeen\/\" rel=\"bookmark\">Leer m\u00e1s &quot;<span class=\"screen-reader-text\">MAERSK ABERDEEN<\/span><\/a><\/p>","protected":false},"author":1,"featured_media":3637,"parent":0,"menu_order":0,"comment_status":"closed","ping_status":"closed","template":"","meta":{"neve_meta_sidebar":"","neve_meta_container":"","neve_meta_enable_content_width":"off","neve_meta_content_width":100,"neve_meta_title_alignment":"","neve_meta_author_avatar":"","neve_post_elements_order":"","neve_meta_disable_header":"","neve_meta_disable_footer":"","neve_meta_disable_title":"","neve_meta_reading_time":"","footnotes":""},"class_list":["post-4446","page","type-page","status-publish","has-post-thumbnail","hentry"],"yoast_head":"<!-- This site is optimized with the Yoast SEO plugin v26.9 - https:\/\/yoast.com\/product\/yoast-seo-wordpress\/ -->\n<title>MAERSK ABERDEEN\u2503Current location and position (cargo ship)<\/title>\n<meta name=\"description\" content=\"MAERSK ABERDEEN \u2693 Current location and position of MAERSK Vessel \u2713 Maersk container tracking \u2713 Live Ship Tracker \u2713 Container ship\" \/>\n<meta name=\"robots\" content=\"index, follow, max-snippet:-1, max-image-preview:large, max-video-preview:-1\" \/>\n<link rel=\"canonical\" href=\"https:\/\/ship-tracker.org\/es\/maersk-aberdeen\/\" \/>\n<meta property=\"og:locale\" content=\"es_ES\" \/>\n<meta property=\"og:type\" content=\"article\" \/>\n<meta property=\"og:title\" content=\"MAERSK ABERDEEN\u2503Current location and position (cargo ship)\" \/>\n<meta property=\"og:description\" content=\"MAERSK ABERDEEN \u2693 Current location and position of MAERSK Vessel \u2713 Maersk container tracking \u2713 Live Ship Tracker \u2713 Container ship\" \/>\n<meta property=\"og:url\" content=\"https:\/\/ship-tracker.org\/es\/maersk-aberdeen\/\" \/>\n<meta property=\"og:site_name\" content=\"Ship-tracker.org\" \/>\n<meta property=\"og:image\" content=\"https:\/\/ship-tracker.org\/wp-content\/uploads\/2023\/06\/maersk-tanjong-g275700498_640.jpg\" \/>\n\t<meta property=\"og:image:width\" content=\"640\" \/>\n\t<meta property=\"og:image:height\" content=\"446\" \/>\n\t<meta property=\"og:image:type\" content=\"image\/jpeg\" \/>\n<meta name=\"twitter:card\" content=\"summary_large_image\" \/>\n<meta name=\"twitter:label1\" content=\"Tiempo de lectura\" \/>\n\t<meta name=\"twitter:data1\" content=\"1 minuto\" \/>\n<script type=\"application\/ld+json\" class=\"yoast-schema-graph\">{\"@context\":\"https:\/\/schema.org\",\"@graph\":[{\"@type\":\"WebPage\",\"@id\":\"https:\/\/ship-tracker.org\/maersk-aberdeen\/\",\"url\":\"https:\/\/ship-tracker.org\/maersk-aberdeen\/\",\"name\":\"MAERSK ABERDEEN\u2503Current location and position (cargo ship)\",\"isPartOf\":{\"@id\":\"https:\/\/ship-tracker.org\/#website\"},\"primaryImageOfPage\":{\"@id\":\"https:\/\/ship-tracker.org\/maersk-aberdeen\/#primaryimage\"},\"image\":{\"@id\":\"https:\/\/ship-tracker.org\/maersk-aberdeen\/#primaryimage\"},\"thumbnailUrl\":\"https:\/\/ship-tracker.org\/wp-content\/uploads\/2023\/06\/maersk-tanjong-g275700498_640.jpg\",\"datePublished\":\"2023-07-06T13:07:26+00:00\",\"description\":\"MAERSK ABERDEEN \u2693 Current location and position of MAERSK Vessel \u2713 Maersk container tracking \u2713 Live Ship Tracker \u2713 Container ship\",\"breadcrumb\":{\"@id\":\"https:\/\/ship-tracker.org\/maersk-aberdeen\/#breadcrumb\"},\"inLanguage\":\"es\",\"potentialAction\":[{\"@type\":\"ReadAction\",\"target\":[\"https:\/\/ship-tracker.org\/maersk-aberdeen\/\"]}]},{\"@type\":\"ImageObject\",\"inLanguage\":\"es\",\"@id\":\"https:\/\/ship-tracker.org\/maersk-aberdeen\/#primaryimage\",\"url\":\"https:\/\/ship-tracker.org\/wp-content\/uploads\/2023\/06\/maersk-tanjong-g275700498_640.jpg\",\"contentUrl\":\"https:\/\/ship-tracker.org\/wp-content\/uploads\/2023\/06\/maersk-tanjong-g275700498_640.jpg\",\"width\":640,\"height\":446,\"caption\":\"MAERSK ABERDEEN\"},{\"@type\":\"BreadcrumbList\",\"@id\":\"https:\/\/ship-tracker.org\/maersk-aberdeen\/#breadcrumb\",\"itemListElement\":[{\"@type\":\"ListItem\",\"position\":1,\"name\":\"Startseite\",\"item\":\"https:\/\/ship-tracker.org\/\"},{\"@type\":\"ListItem\",\"position\":2,\"name\":\"MAERSK ABERDEEN\"}]},{\"@type\":\"WebSite\",\"@id\":\"https:\/\/ship-tracker.org\/#website\",\"url\":\"https:\/\/ship-tracker.org\/\",\"name\":\"Ship-tracker.org\",\"description\":\"\",\"potentialAction\":[{\"@type\":\"SearchAction\",\"target\":{\"@type\":\"EntryPoint\",\"urlTemplate\":\"https:\/\/ship-tracker.org\/?s={search_term_string}\"},\"query-input\":{\"@type\":\"PropertyValueSpecification\",\"valueRequired\":true,\"valueName\":\"search_term_string\"}}],\"inLanguage\":\"es\"}]}<\/script>\n<!-- \/ Yoast SEO plugin. -->","yoast_head_json":{"title":"MAERSK ABERDEEN\u2503Ubicaci\u00f3n y posici\u00f3n actual (buque de carga)","description":"MAERSK ABERDEEN \u2693 Ubicaci\u00f3n y posici\u00f3n actual de MAERSK Vessel \u2713 Maersk container tracking \u2713 Live Ship Tracker \u2713 Portacontenedores","robots":{"index":"index","follow":"follow","max-snippet":"max-snippet:-1","max-image-preview":"max-image-preview:large","max-video-preview":"max-video-preview:-1"},"canonical":"https:\/\/ship-tracker.org\/es\/maersk-aberdeen\/","og_locale":"es_ES","og_type":"article","og_title":"MAERSK ABERDEEN\u2503Current location and position (cargo ship)","og_description":"MAERSK ABERDEEN \u2693 Current location and position of MAERSK Vessel \u2713 Maersk container tracking \u2713 Live Ship Tracker \u2713 Container ship","og_url":"https:\/\/ship-tracker.org\/es\/maersk-aberdeen\/","og_site_name":"Ship-tracker.org","og_image":[{"width":640,"height":446,"url":"https:\/\/ship-tracker.org\/wp-content\/uploads\/2023\/06\/maersk-tanjong-g275700498_640.jpg","type":"image\/jpeg"}],"twitter_card":"summary_large_image","twitter_misc":{"Tiempo de lectura":"1 minuto"},"schema":{"@context":"https:\/\/schema.org","@graph":[{"@type":"WebPage","@id":"https:\/\/ship-tracker.org\/maersk-aberdeen\/","url":"https:\/\/ship-tracker.org\/maersk-aberdeen\/","name":"MAERSK ABERDEEN\u2503Ubicaci\u00f3n y posici\u00f3n actual (buque de carga)","isPartOf":{"@id":"https:\/\/ship-tracker.org\/#website"},"primaryImageOfPage":{"@id":"https:\/\/ship-tracker.org\/maersk-aberdeen\/#primaryimage"},"image":{"@id":"https:\/\/ship-tracker.org\/maersk-aberdeen\/#primaryimage"},"thumbnailUrl":"https:\/\/ship-tracker.org\/wp-content\/uploads\/2023\/06\/maersk-tanjong-g275700498_640.jpg","datePublished":"2023-07-06T13:07:26+00:00","description":"MAERSK ABERDEEN \u2693 Ubicaci\u00f3n y posici\u00f3n actual de MAERSK Vessel \u2713 Maersk container tracking \u2713 Live Ship Tracker \u2713 Portacontenedores","breadcrumb":{"@id":"https:\/\/ship-tracker.org\/maersk-aberdeen\/#breadcrumb"},"inLanguage":"es","potentialAction":[{"@type":"ReadAction","target":["https:\/\/ship-tracker.org\/maersk-aberdeen\/"]}]},{"@type":"ImageObject","inLanguage":"es","@id":"https:\/\/ship-tracker.org\/maersk-aberdeen\/#primaryimage","url":"https:\/\/ship-tracker.org\/wp-content\/uploads\/2023\/06\/maersk-tanjong-g275700498_640.jpg","contentUrl":"https:\/\/ship-tracker.org\/wp-content\/uploads\/2023\/06\/maersk-tanjong-g275700498_640.jpg","width":640,"height":446,"caption":"MAERSK ABERDEEN"},{"@type":"BreadcrumbList","@id":"https:\/\/ship-tracker.org\/maersk-aberdeen\/#breadcrumb","itemListElement":[{"@type":"ListItem","position":1,"name":"Startseite","item":"https:\/\/ship-tracker.org\/"},{"@type":"ListItem","position":2,"name":"MAERSK ABERDEEN"}]},{"@type":"WebSite","@id":"https:\/\/ship-tracker.org\/#website","url":"https:\/\/ship-tracker.org\/","name":"Ship-tracker.org","description":"","potentialAction":[{"@type":"SearchAction","target":{"@type":"EntryPoint","urlTemplate":"https:\/\/ship-tracker.org\/?s={search_term_string}"},"query-input":{"@type":"PropertyValueSpecification","valueRequired":true,"valueName":"search_term_string"}}],"inLanguage":"es"}]}},"_links":{"self":[{"href":"https:\/\/ship-tracker.org\/es\/wp-json\/wp\/v2\/pages\/4446","targetHints":{"allow":["GET"]}}],"collection":[{"href":"https:\/\/ship-tracker.org\/es\/wp-json\/wp\/v2\/pages"}],"about":[{"href":"https:\/\/ship-tracker.org\/es\/wp-json\/wp\/v2\/types\/page"}],"author":[{"embeddable":true,"href":"https:\/\/ship-tracker.org\/es\/wp-json\/wp\/v2\/users\/1"}],"replies":[{"embeddable":true,"href":"https:\/\/ship-tracker.org\/es\/wp-json\/wp\/v2\/comments?post=4446"}],"version-history":[{"count":1,"href":"https:\/\/ship-tracker.org\/es\/wp-json\/wp\/v2\/pages\/4446\/revisions"}],"predecessor-version":[{"id":4447,"href":"https:\/\/ship-tracker.org\/es\/wp-json\/wp\/v2\/pages\/4446\/revisions\/4447"}],"wp:featuredmedia":[{"embeddable":true,"href":"https:\/\/ship-tracker.org\/es\/wp-json\/wp\/v2\/media\/3637"}],"wp:attachment":[{"href":"https:\/\/ship-tracker.org\/es\/wp-json\/wp\/v2\/media?parent=4446"}],"curies":[{"name":"wp","href":"https:\/\/api.w.org\/{rel}","templated":true}]}}