{"id":4046,"date":"2023-06-29T16:46:46","date_gmt":"2023-06-29T14:46:46","guid":{"rendered":"https:\/\/ship-tracker.org\/?page_id=4046"},"modified":"2023-06-29T16:46:46","modified_gmt":"2023-06-29T14:46:46","slug":"maersk-brani","status":"publish","type":"page","link":"https:\/\/ship-tracker.org\/es\/maersk-brani\/","title":{"rendered":"MAERSK BRANI"},"content":{"rendered":"<h2><span style=\"color: #000000;\">Ubicaci\u00f3n actual y <\/span><span style=\"color: #000000;\">posici\u00f3n de MAERSK BRANI<\/span><\/h2>\n<p>\u00bfD\u00f3nde est\u00e1 actualmente la ubicaci\u00f3n actual de MAERSK BRANI?<br \/>\n<script type=\"text\/javascript\">\n  var width=\"100%\";var height=\"400\";\n  var mmsi=564399000;\n<\/script><script type=\"text\/javascript\" src=\"https:\/\/www.vesselfinder.com\/aismap.js\"><\/script><\/p>\n<p>El MAERSK BRANI, un carguero registrado bajo bandera de Singapur, navega actualmente por los mares. El barco, que lleva el n\u00famero IMO 9409352 y el n\u00famero MMSI 564399000, mide 223 metros de eslora y 32 metros de manga. Los mapas que se proporcionan a continuaci\u00f3n detallan la informaci\u00f3n pertinente del viaje, incluida la ubicaci\u00f3n actual del barco, su pr\u00f3ximo puerto de escala programado, hora estimada de llegada (ETA), hora prevista de llegada (PTA), velocidad, rumbo y calado. Tambi\u00e9n se proporcionan recursos adicionales como fotograf\u00edas, videos, hora local y hora UTC.<\/p>\n<h2 class=\"pageTitle shipItemTitle\"><span style=\"color: #000000;\">Revisi\u00f3n y especificaciones de MAERSK BRANI<\/span><\/h2>\n<table>\n<tbody>\n<tr>\n<td style=\"width: 192px;\">Estado del pabell\u00f3n<\/td>\n<td style=\"width: 192px;\">Singapur<\/td>\n<\/tr>\n<tr>\n<td style=\"width: 192px;\">A\u00f1o de construcci\u00f3n<strong><br \/>\n<\/strong><\/td>\n<td style=\"width: 192px;\">2010<\/td>\n<\/tr>\n<tr>\n<td style=\"width: 192px;\">tipo de barco<\/td>\n<td style=\"width: 192px;\">Barco mercante<\/td>\n<\/tr>\n<tr>\n<td style=\"width: 192px;\">Se\u00f1al de llamada<\/td>\n<td style=\"width: 192px;\">9V8208<\/td>\n<\/tr>\n<tr>\n<td style=\"width: 192px;\">Arqueo bruto<\/td>\n<td style=\"width: 192px;\">35835<\/td>\n<\/tr>\n<tr>\n<td style=\"width: 192px;\">Peso muerto de verano<\/td>\n<td style=\"width: 192px;\">43239<\/td>\n<\/tr>\n<tr>\n<td style=\"width: 192px;\">Longitud<\/td>\n<td style=\"width: 192px;\"><span class=\"specificationUnit\">223 metros<\/span><\/td>\n<\/tr>\n<tr>\n<td style=\"width: 192px;\">Haz<\/td>\n<td style=\"width: 192px;\"><span class=\"specificationUnit\">32 m<\/span><\/td>\n<\/tr>\n<tr>\n<td style=\"width: 192px;\">OMI<\/td>\n<td style=\"width: 192px;\">9409352<\/td>\n<\/tr>\n<tr>\n<td style=\"width: 192px;\">MMSI<\/td>\n<td style=\"width: 192px;\">564399000<\/td>\n<\/tr>\n<tr>\n<td style=\"width: 192px;\">Propietario<\/td>\n<td style=\"width: 192px;\"><a href=\"https:\/\/ship-tracker.org\/es\/maersk\/\">Maersk<\/a><\/td>\n<\/tr>\n<\/tbody>\n<\/table>","protected":false},"excerpt":{"rendered":"<p>Current location and position of MAERSK BRANI Where is the current location of MAERSK BRANI presently? The MAERSK BRANI, a cargo vessel registered under the flag of Singapore, is currently navigating the seas. The ship, bearing IMO number 9409352 and MMSI number 564399000, measures 223 meters in length and 32 meters in beam. The maps&hellip;&nbsp;<a href=\"https:\/\/ship-tracker.org\/es\/maersk-brani\/\" rel=\"bookmark\">Leer m\u00e1s &quot;<span class=\"screen-reader-text\">MAERSK BRANI<\/span><\/a><\/p>","protected":false},"author":1,"featured_media":3637,"parent":0,"menu_order":0,"comment_status":"closed","ping_status":"closed","template":"","meta":{"neve_meta_sidebar":"","neve_meta_container":"","neve_meta_enable_content_width":"off","neve_meta_content_width":100,"neve_meta_title_alignment":"","neve_meta_author_avatar":"","neve_post_elements_order":"","neve_meta_disable_header":"","neve_meta_disable_footer":"","neve_meta_disable_title":"","neve_meta_reading_time":"","footnotes":""},"class_list":["post-4046","page","type-page","status-publish","has-post-thumbnail","hentry"],"yoast_head":"<!-- This site is optimized with the Yoast SEO plugin v26.9 - https:\/\/yoast.com\/product\/yoast-seo-wordpress\/ -->\n<title>MAERSK BRANI\u2503Current location and position (cargo ship)<\/title>\n<meta name=\"description\" content=\"MAERSK BRANI \u2693 Current location and position of MAERSK Vessel \u2713 Maersk container tracking \u2713 Live Ship Tracker \u2713 Container ship\" \/>\n<meta name=\"robots\" content=\"index, follow, max-snippet:-1, max-image-preview:large, max-video-preview:-1\" \/>\n<link rel=\"canonical\" href=\"https:\/\/ship-tracker.org\/es\/maersk-brani\/\" \/>\n<meta property=\"og:locale\" content=\"es_ES\" \/>\n<meta property=\"og:type\" content=\"article\" \/>\n<meta property=\"og:title\" content=\"MAERSK BRANI\u2503Current location and position (cargo ship)\" \/>\n<meta property=\"og:description\" content=\"MAERSK BRANI \u2693 Current location and position of MAERSK Vessel \u2713 Maersk container tracking \u2713 Live Ship Tracker \u2713 Container ship\" \/>\n<meta property=\"og:url\" content=\"https:\/\/ship-tracker.org\/es\/maersk-brani\/\" \/>\n<meta property=\"og:site_name\" content=\"Ship-tracker.org\" \/>\n<meta property=\"og:image\" content=\"https:\/\/ship-tracker.org\/wp-content\/uploads\/2023\/06\/maersk-tanjong-g275700498_640.jpg\" \/>\n\t<meta property=\"og:image:width\" content=\"640\" \/>\n\t<meta property=\"og:image:height\" content=\"446\" \/>\n\t<meta property=\"og:image:type\" content=\"image\/jpeg\" \/>\n<meta name=\"twitter:card\" content=\"summary_large_image\" \/>\n<meta name=\"twitter:label1\" content=\"Tiempo de lectura\" \/>\n\t<meta name=\"twitter:data1\" content=\"1 minuto\" \/>\n<script type=\"application\/ld+json\" class=\"yoast-schema-graph\">{\"@context\":\"https:\/\/schema.org\",\"@graph\":[{\"@type\":\"WebPage\",\"@id\":\"https:\/\/ship-tracker.org\/maersk-brani\/\",\"url\":\"https:\/\/ship-tracker.org\/maersk-brani\/\",\"name\":\"MAERSK BRANI\u2503Current location and position (cargo ship)\",\"isPartOf\":{\"@id\":\"https:\/\/ship-tracker.org\/#website\"},\"primaryImageOfPage\":{\"@id\":\"https:\/\/ship-tracker.org\/maersk-brani\/#primaryimage\"},\"image\":{\"@id\":\"https:\/\/ship-tracker.org\/maersk-brani\/#primaryimage\"},\"thumbnailUrl\":\"https:\/\/ship-tracker.org\/wp-content\/uploads\/2023\/06\/maersk-tanjong-g275700498_640.jpg\",\"datePublished\":\"2023-06-29T14:46:46+00:00\",\"description\":\"MAERSK BRANI \u2693 Current location and position of MAERSK Vessel \u2713 Maersk container tracking \u2713 Live Ship Tracker \u2713 Container ship\",\"breadcrumb\":{\"@id\":\"https:\/\/ship-tracker.org\/maersk-brani\/#breadcrumb\"},\"inLanguage\":\"es\",\"potentialAction\":[{\"@type\":\"ReadAction\",\"target\":[\"https:\/\/ship-tracker.org\/maersk-brani\/\"]}]},{\"@type\":\"ImageObject\",\"inLanguage\":\"es\",\"@id\":\"https:\/\/ship-tracker.org\/maersk-brani\/#primaryimage\",\"url\":\"https:\/\/ship-tracker.org\/wp-content\/uploads\/2023\/06\/maersk-tanjong-g275700498_640.jpg\",\"contentUrl\":\"https:\/\/ship-tracker.org\/wp-content\/uploads\/2023\/06\/maersk-tanjong-g275700498_640.jpg\",\"width\":640,\"height\":446,\"caption\":\"MAERSK ABERDEEN\"},{\"@type\":\"BreadcrumbList\",\"@id\":\"https:\/\/ship-tracker.org\/maersk-brani\/#breadcrumb\",\"itemListElement\":[{\"@type\":\"ListItem\",\"position\":1,\"name\":\"Startseite\",\"item\":\"https:\/\/ship-tracker.org\/\"},{\"@type\":\"ListItem\",\"position\":2,\"name\":\"MAERSK BRANI\"}]},{\"@type\":\"WebSite\",\"@id\":\"https:\/\/ship-tracker.org\/#website\",\"url\":\"https:\/\/ship-tracker.org\/\",\"name\":\"Ship-tracker.org\",\"description\":\"\",\"potentialAction\":[{\"@type\":\"SearchAction\",\"target\":{\"@type\":\"EntryPoint\",\"urlTemplate\":\"https:\/\/ship-tracker.org\/?s={search_term_string}\"},\"query-input\":{\"@type\":\"PropertyValueSpecification\",\"valueRequired\":true,\"valueName\":\"search_term_string\"}}],\"inLanguage\":\"es\"}]}<\/script>\n<!-- \/ Yoast SEO plugin. -->","yoast_head_json":{"title":"MAERSK BRANI\u2503Ubicaci\u00f3n y posici\u00f3n actual (buque de carga)","description":"MAERSK BRANI \u2693 Ubicaci\u00f3n y posici\u00f3n actual del buque MAERSK \u2713 Seguimiento de contenedores de Maersk \u2713 Live Ship Tracker \u2713 Buque portacontenedores","robots":{"index":"index","follow":"follow","max-snippet":"max-snippet:-1","max-image-preview":"max-image-preview:large","max-video-preview":"max-video-preview:-1"},"canonical":"https:\/\/ship-tracker.org\/es\/maersk-brani\/","og_locale":"es_ES","og_type":"article","og_title":"MAERSK BRANI\u2503Current location and position (cargo ship)","og_description":"MAERSK BRANI \u2693 Current location and position of MAERSK Vessel \u2713 Maersk container tracking \u2713 Live Ship Tracker \u2713 Container ship","og_url":"https:\/\/ship-tracker.org\/es\/maersk-brani\/","og_site_name":"Ship-tracker.org","og_image":[{"width":640,"height":446,"url":"https:\/\/ship-tracker.org\/wp-content\/uploads\/2023\/06\/maersk-tanjong-g275700498_640.jpg","type":"image\/jpeg"}],"twitter_card":"summary_large_image","twitter_misc":{"Tiempo de lectura":"1 minuto"},"schema":{"@context":"https:\/\/schema.org","@graph":[{"@type":"WebPage","@id":"https:\/\/ship-tracker.org\/maersk-brani\/","url":"https:\/\/ship-tracker.org\/maersk-brani\/","name":"MAERSK BRANI\u2503Ubicaci\u00f3n y posici\u00f3n actual (buque de carga)","isPartOf":{"@id":"https:\/\/ship-tracker.org\/#website"},"primaryImageOfPage":{"@id":"https:\/\/ship-tracker.org\/maersk-brani\/#primaryimage"},"image":{"@id":"https:\/\/ship-tracker.org\/maersk-brani\/#primaryimage"},"thumbnailUrl":"https:\/\/ship-tracker.org\/wp-content\/uploads\/2023\/06\/maersk-tanjong-g275700498_640.jpg","datePublished":"2023-06-29T14:46:46+00:00","description":"MAERSK BRANI \u2693 Ubicaci\u00f3n y posici\u00f3n actual del buque MAERSK \u2713 Seguimiento de contenedores de Maersk \u2713 Live Ship Tracker \u2713 Buque portacontenedores","breadcrumb":{"@id":"https:\/\/ship-tracker.org\/maersk-brani\/#breadcrumb"},"inLanguage":"es","potentialAction":[{"@type":"ReadAction","target":["https:\/\/ship-tracker.org\/maersk-brani\/"]}]},{"@type":"ImageObject","inLanguage":"es","@id":"https:\/\/ship-tracker.org\/maersk-brani\/#primaryimage","url":"https:\/\/ship-tracker.org\/wp-content\/uploads\/2023\/06\/maersk-tanjong-g275700498_640.jpg","contentUrl":"https:\/\/ship-tracker.org\/wp-content\/uploads\/2023\/06\/maersk-tanjong-g275700498_640.jpg","width":640,"height":446,"caption":"MAERSK ABERDEEN"},{"@type":"BreadcrumbList","@id":"https:\/\/ship-tracker.org\/maersk-brani\/#breadcrumb","itemListElement":[{"@type":"ListItem","position":1,"name":"Startseite","item":"https:\/\/ship-tracker.org\/"},{"@type":"ListItem","position":2,"name":"MAERSK BRANI"}]},{"@type":"WebSite","@id":"https:\/\/ship-tracker.org\/#website","url":"https:\/\/ship-tracker.org\/","name":"Ship-tracker.org","description":"","potentialAction":[{"@type":"SearchAction","target":{"@type":"EntryPoint","urlTemplate":"https:\/\/ship-tracker.org\/?s={search_term_string}"},"query-input":{"@type":"PropertyValueSpecification","valueRequired":true,"valueName":"search_term_string"}}],"inLanguage":"es"}]}},"_links":{"self":[{"href":"https:\/\/ship-tracker.org\/es\/wp-json\/wp\/v2\/pages\/4046","targetHints":{"allow":["GET"]}}],"collection":[{"href":"https:\/\/ship-tracker.org\/es\/wp-json\/wp\/v2\/pages"}],"about":[{"href":"https:\/\/ship-tracker.org\/es\/wp-json\/wp\/v2\/types\/page"}],"author":[{"embeddable":true,"href":"https:\/\/ship-tracker.org\/es\/wp-json\/wp\/v2\/users\/1"}],"replies":[{"embeddable":true,"href":"https:\/\/ship-tracker.org\/es\/wp-json\/wp\/v2\/comments?post=4046"}],"version-history":[{"count":1,"href":"https:\/\/ship-tracker.org\/es\/wp-json\/wp\/v2\/pages\/4046\/revisions"}],"predecessor-version":[{"id":4047,"href":"https:\/\/ship-tracker.org\/es\/wp-json\/wp\/v2\/pages\/4046\/revisions\/4047"}],"wp:featuredmedia":[{"embeddable":true,"href":"https:\/\/ship-tracker.org\/es\/wp-json\/wp\/v2\/media\/3637"}],"wp:attachment":[{"href":"https:\/\/ship-tracker.org\/es\/wp-json\/wp\/v2\/media?parent=4046"}],"curies":[{"name":"wp","href":"https:\/\/api.w.org\/{rel}","templated":true}]}}