{"id":400,"date":"2017-09-15T22:26:10","date_gmt":"2017-09-15T20:26:10","guid":{"rendered":"http:\/\/ship-tracker.org\/?page_id=400"},"modified":"2021-11-08T21:04:41","modified_gmt":"2021-11-08T20:04:41","slug":"ship-tracker","status":"publish","type":"page","link":"https:\/\/ship-tracker.org\/es\/","title":{"rendered":"Rastreador de barcos"},"content":{"rendered":"<p><script async src=\"https:\/\/pagead2.googlesyndication.com\/pagead\/js\/adsbygoogle.js\"><\/script><br \/>\n<!-- Ship-Tracker Display --><br \/>\n<ins class=\"adsbygoogle\" style=\"display: block;\" data-ad-client=\"ca-pub-1316785063791781\" data-ad-slot=\"8075999632\" data-ad-format=\"auto\" data-full-width-responsive=\"true\"><\/ins><br \/>\n<script>\n     (adsbygoogle = window.adsbygoogle || []).push({});\n<\/script><\/p>\n<h2>Seguimiento de buques: \u00bfc\u00f3mo funciona el seguimiento de buques y buques?<\/h2>\n<p><script type=\"text\/javascript\">\nwidth='100%';\nheight='450';\n<\/script><br \/>\n<script type=\"text\/javascript\" src=\"\/\/www.marinetraffic.com\/js\/embed.js\"><\/script><br \/>\n<script async src=\"https:\/\/pagead2.googlesyndication.com\/pagead\/js\/adsbygoogle.js\"><\/script><br \/>\n<!-- Schip-Tracker Linkanzeigen --><br \/>\n<ins class=\"adsbygoogle\" style=\"display: block;\" data-ad-client=\"ca-pub-1316785063791781\" data-ad-slot=\"3429004156\" data-ad-format=\"link\" data-full-width-responsive=\"true\"><\/ins><br \/>\n<script>\n     (adsbygoogle = window.adsbygoogle || []).push({});\n<\/script><\/p>\n<p class=\"p1\" style=\"text-align: justify;\"><span class=\"s1\">El seguimiento se env\u00eda con el bot\u00f3n de un clic del mouse: gracias a Internet, esta es la realidad. Pero, \u00bfc\u00f3mo puede realmente rastrear grandes buques y buques de todo tipo? \u00bfC\u00f3mo puede utilizar las plataformas adecuadas para su ventaja y c\u00f3mo puede determinar qu\u00e9 tipo de barco acaba de seleccionar? \u00a1Encuentre aqu\u00ed toda la informaci\u00f3n sobre el seguimiento del barco y descubra el mayor conocimiento posible sobre el barco que elija!<\/span><\/p>\n<h2 class=\"p1\"><span class=\"s1\">\u00bfC\u00f3mo funciona un rastreador de barcos?<\/span><\/h2>\n<p class=\"p1\" style=\"text-align: justify;\"><span class=\"s1\">Miles de grandes barcos navegan por los oc\u00e9anos todos los d\u00edas. Todos y cada uno de estos barcos utilizan el seguimiento llamado &quot;Sistema de identificaci\u00f3n autom\u00e1tica&quot;. Este programa de seguimiento de barcos ayuda a evitar colisiones y tambi\u00e9n sirve como una forma de encontrar barcos r\u00e1pidamente en situaciones de emergencia. Un par de compa\u00f1\u00edas se han centrado en proporcionar un seguimiento de barcos en tiempo real en l\u00ednea. Utilizan datos de seguimiento de buques y seguimiento AIS y proporcionan mapas en l\u00ednea, que representan buques y buques en tiempo real. AIS es una tecnolog\u00eda fascinante, que salva vidas y facilita el transporte mar\u00edtimo, pero tambi\u00e9n proporciona informaci\u00f3n valiosa sobre la industria marina en todo el mundo.<\/span><\/p>\n<h2 class=\"p1\"><span class=\"s1\">\u00bfQu\u00e9 contiene un mensaje AIS?<\/span><\/h2>\n<p class=\"p1\" style=\"text-align: justify;\"><span class=\"s1\">El &quot;Sistema de identificaci\u00f3n autom\u00e1tica&quot; proporciona mucha informaci\u00f3n. Todos y cada uno de los mensajes muestran la ubicaci\u00f3n GPS del remitente. Adem\u00e1s, contiene la Velocidad sobre el suelo (&quot;SOG&quot;), m\u00e1s o menos, la velocidad real de la nave. Adem\u00e1s, el AIS proporciona el curso sobre tierra (&quot;COG&quot;). Entonces tambi\u00e9n sabes en qu\u00e9 direcci\u00f3n se dirige el barco. A medida que recibe la identificaci\u00f3n \u00fanica del barco, tambi\u00e9n puede encontrar m\u00e1s informaci\u00f3n sobre el barco espec\u00edfico que est\u00e1 viendo. Es por eso que los sitios web de rastreadores de env\u00edos gratuitos son capaces de proporcionar una cantidad tan grande de datos.<\/span><\/p>\n<h2 class=\"p1\"><span class=\"s1\">\u00bfQu\u00e9 se puede encontrar f\u00e1cilmente en el sitio web de un rastreador de barcos?<\/span><\/h2>\n<p class=\"p1\" style=\"text-align: justify;\"><span class=\"s1\">El seguimiento de barcos en vivo gratis no se limita a la posici\u00f3n actual, como discutimos en el p\u00e1rrafo anterior. En realidad, proporciona mucho m\u00e1s que eso. Como ejemplo, el sitio web <a href=\"https:\/\/www.marinetraffic.com\/\" target=\"_blank\" rel=\"noopener noreferrer\"><span class=\"s2\">Tr\u00e1fico mar\u00edtimo<\/span><\/a> ofrece mucha informaci\u00f3n Puede encontrar los siguientes datos:<\/span><\/p>\n<ul class=\"ul1\">\n<li class=\"li1\"><span class=\"s1\">calado del barco<\/span><\/li>\n<li class=\"li1\"><span class=\"s1\">largo y ancho<\/span><\/li>\n<li class=\"li1\"><span class=\"s1\">&quot;Nacionalidad&quot; del barco: \u00bfde d\u00f3nde obtuvo su licencia?<\/span><\/li>\n<li class=\"li1\"><span class=\"s1\">destino<\/span><\/li>\n<li class=\"li1\"><span class=\"s1\">velocidad media en nudos<\/span><\/li>\n<li class=\"li1\"><span class=\"s1\">velocidad m\u00e1xima en nudos<\/span><\/li>\n<li class=\"li1\"><span class=\"s1\">curso actual (angular)<\/span><\/li>\n<li class=\"li1\"><span class=\"s1\">hora estimada de llegada (&quot;ETA&quot;)<\/span><\/li>\n<li class=\"li1\"><span class=\"s1\">hora real de salida (&quot;ATD&quot;)<\/span><\/li>\n<\/ul>\n<figure id=\"attachment_2025\" aria-describedby=\"caption-attachment-2025\" style=\"width: 768px\" class=\"wp-caption aligncenter\"><img loading=\"lazy\" decoding=\"async\" class=\"wp-image-2025 size-full\" src=\"https:\/\/ship-tracker.org\/wp-content\/uploads\/2020\/04\/karte-kreuzfahrt-kreuzfahrtschiff-schiffsposition-schiffsradar-768x388-1.jpg\" alt=\"Tr\u00e1fico mar\u00edtimo\" width=\"768\" height=\"388\" srcset=\"https:\/\/ship-tracker.org\/wp-content\/uploads\/2020\/04\/karte-kreuzfahrt-kreuzfahrtschiff-schiffsposition-schiffsradar-768x388-1.jpg 768w, https:\/\/ship-tracker.org\/wp-content\/uploads\/2020\/04\/karte-kreuzfahrt-kreuzfahrtschiff-schiffsposition-schiffsradar-768x388-1-300x152.jpg 300w\" sizes=\"auto, (max-width: 768px) 100vw, 768px\" \/><figcaption id=\"caption-attachment-2025\" class=\"wp-caption-text\">Captura de pantalla \u00a9 Marinetraffic.com<\/figcaption><\/figure>\n<p class=\"p1\"><span class=\"s1\">Hay muchos m\u00e1s datos disponibles en el sitio web. Para obtener informaci\u00f3n m\u00e1s detallada, debe pagar para recibir todas las ideas.<\/span><\/p>\n<h3 class=\"p1\"><span class=\"s1\">Vesselfinder: una alternativa atractiva a MarineTraffic<\/span><\/h3>\n<p class=\"p1\" style=\"text-align: justify;\"><span class=\"s1\">Por supuesto, no necesariamente desea pagar una membres\u00eda premium. Por eso el sitio web <a href=\"http:\/\/www.vesselfinder.com\" target=\"_blank\" rel=\"noopener noreferrer\"><span class=\"s2\">VesselFinder<\/span><\/a> se adapta perfectamente como alternativa. Si bien ambos sitios tienen un mapa en vivo bastante similar de todos los barcos comerciales en todo el mundo, existen algunas diferencias. Principalmente, simplemente recibe mucha m\u00e1s informaci\u00f3n sobre cada barco que navega en este momento.<\/span><\/p>\n<figure id=\"attachment_2727\" aria-describedby=\"caption-attachment-2727\" style=\"width: 900px\" class=\"wp-caption aligncenter\"><img loading=\"lazy\" decoding=\"async\" class=\"wp-image-2727 size-full\" src=\"https:\/\/ship-tracker.org\/wp-content\/uploads\/2020\/05\/Unbenannt44-e1589046113367.png\" alt=\"Vesselfinder\" width=\"900\" height=\"455\" srcset=\"https:\/\/ship-tracker.org\/wp-content\/uploads\/2020\/05\/Unbenannt44-e1589046113367.png 900w, https:\/\/ship-tracker.org\/wp-content\/uploads\/2020\/05\/Unbenannt44-e1589046113367-300x152.png 300w, https:\/\/ship-tracker.org\/wp-content\/uploads\/2020\/05\/Unbenannt44-e1589046113367-768x388.png 768w\" sizes=\"auto, (max-width: 900px) 100vw, 900px\" \/><figcaption id=\"caption-attachment-2727\" class=\"wp-caption-text\">Captura de pantalla \u00a9 Vesselfinder.com<\/figcaption><\/figure>\n<p class=\"p1\" style=\"text-align: justify;\"><span class=\"s1\">Por ejemplo, puede averiguar d\u00f3nde se qued\u00f3 el barco de su elecci\u00f3n. \u00bfFue el refugio en Hamburgo o, por ejemplo, Bremerhaven? Puede averiguarlo simplemente haciendo clic en el barco. Encontrar\u00e1 mucha m\u00e1s informaci\u00f3n disponible de forma gratuita sin el requisito de una membres\u00eda.<\/span><\/p>\n<h3 class=\"p1\"><span class=\"s1\">\u00bfC\u00f3mo puedes aprovechar el rastreador de barcos gratis?<\/span><\/h3>\n<p class=\"p1\" style=\"text-align: justify;\"><span class=\"s1\">En primer lugar, simplemente es interesante para muchas personas. La industria mar\u00edtima ha sido fascinante durante siglos y el gran inter\u00e9s persiste hasta hoy. Por lo tanto, la mayor\u00eda de las personas est\u00e1n revisando un rastreador de barcos como un pasatiempo e inter\u00e9s, ya que puede encontrar mucha informaci\u00f3n sobre los barcos. Lo cual es conocimiento que otras personas, que no est\u00e1n familiarizadas con la idea de un rastreador de barcos, podr\u00edan no tener.<\/span><\/p>\n<p class=\"p1\" style=\"text-align: justify;\"><span class=\"s1\">Pero, por supuesto, tambi\u00e9n puede usar un rastreador de barcos como una forma pr\u00e1ctica de adquirir m\u00e1s conocimiento para comprender mejor la vida diaria. Por ejemplo, puede seguir el camino de los buques mercantes que viajan desde China a Europa. Puedes rastrear sus rutas y comprobar por ti mismo qu\u00e9 tan lejos van. Esto puede ser interesante para usted si le apasiona la contaminaci\u00f3n y el cambio clim\u00e1tico.<\/span><\/p>\n<h2 class=\"p1\"><span class=\"s1\">Uso pr\u00e1ctico de un rastreador de barcos.<\/span><\/h2>\n<p class=\"p1\" style=\"text-align: justify;\"><span class=\"s1\">Obviamente, los sitios de rastreo de barcos como VesselFinder y MarineTraffic no est\u00e1n hechos solo para personas que solo sienten curiosidad por los barcos en el oc\u00e9ano. Esos sitios web de rastreo de barcos ofrecen un uso pr\u00e1ctico para muchas personas en todo el mundo.<\/span><\/p>\n<p class=\"p1\" style=\"text-align: justify;\"><span class=\"s1\">Por ejemplo, puede beneficiarse mucho de los rastreadores de barcos si decide optar por estudios mar\u00edtimos despu\u00e9s de sus finales. Como ejemplo, si elige estudiar Derecho Mar\u00edtimo, puede aprender mucho al verificar los datos legales de los buques y embarcaciones que navegan en este momento. \u00bfBajo qu\u00e9 banderas navegan la mayor\u00eda de los barcos del mundo? \u00bfTodos los barcos de todo el mundo navegan legalmente o hay barcos que no cumplen con la ley? Por ejemplo, cuando se trata de la capacidad m\u00e1xima o las normas ISO (reglas generales para todos los buques portacontenedores).<\/span><\/p>\n<h3 class=\"p1\"><span class=\"s1\">Otras ideas sobre c\u00f3mo usar los rastreadores de barcos<\/span><\/h3>\n<p class=\"p1\" style=\"text-align: justify;\"><span class=\"s1\">Hay muchas opciones que puede usar para obtener m\u00e1s informaci\u00f3n sobre su entorno marino. Por ejemplo, puede tomar el ejemplo de la opci\u00f3n &quot;Puertos cerca de m\u00ed&quot;. Esto le permite encontrar puertos que est\u00e1n cerca de su ciudad natal, si vive cerca del mar. Los sitios web de seguimiento de barcos como MarineTraffic tambi\u00e9n son muy \u00fatiles cuando est\u00e1s de vacaciones y es posible que quieras pasar un tiempo en los puertos locales. La cultura mar\u00edtima y el entorno de los puertos suelen tener siempre un ambiente \u00fanico. Es diferente en cada pa\u00eds, por lo que ser\u00e1 una experiencia nueva para usted, sin importar si se encuentra actualmente en Shanghai, China o Hamburgo, Alemania.<\/span><\/p>\n<h2 class=\"p1\"><span class=\"s1\">\u00bfC\u00f3mo encuentro m\u00e1s informaci\u00f3n sobre c\u00f3mo funciona el rastreador de buques?<\/span><\/h2>\n<p class=\"p1\" style=\"text-align: justify;\"><span class=\"s1\">El rastreador de buques y el AIS juegan un papel muy importante en el mundo mar\u00edtimo. Por lo tanto, puede encontrar toneladas de informaci\u00f3n en Internet. Sitios web como <a href=\"http:\/\/www.marineinsight.com\" target=\"_blank\" rel=\"noopener noreferrer\"><span class=\"s2\">www.marineinsight.com<\/span><\/a> Proporcionar una variedad de art\u00edculos sobre diversos temas que lo ayudar\u00e1n a comprender completamente el mundo mar\u00edtimo. Tambi\u00e9n cubren art\u00edculos y noticias sobre AIS y otros sistemas. <\/span><\/p>\n<h3 class=\"p1\"><span class=\"s1\">Resumen: por qu\u00e9 el rastreo de barcos deber\u00eda serle familiar<\/span><\/h3>\n<p class=\"p1\" style=\"text-align: justify;\"><span class=\"s1\">El env\u00edo de grandes cantidades de bienes por el oc\u00e9ano utilizando enormes buques portacontenedores contribuy\u00f3 esencialmente a nuestros altos niveles de vida y riqueza. Es una forma de transporte enormemente barata y confiable que se ha optimizado enormemente en las \u00faltimas d\u00e9cadas. Con un rastreador de barcos, puede encontrar cada barco y cada barco mercante con una identificaci\u00f3n de barco \u00fanica con solo unos pocos clics del mouse. No solo es interesante comprobarlo: pasar tiempo en \u00e9l enriquecer\u00e1 su perspectiva sobre el comercio mundial y muchos otros aspectos.<\/span><\/p>\n<p><script async src=\"https:\/\/pagead2.googlesyndication.com\/pagead\/js\/adsbygoogle.js\"><\/script><br \/>\n<!-- Ship-Tracker Display --><br \/>\n<ins class=\"adsbygoogle\" style=\"display: block;\" data-ad-client=\"ca-pub-1316785063791781\" data-ad-slot=\"8075999632\" data-ad-format=\"auto\" data-full-width-responsive=\"true\"><\/ins><br \/>\n<script>\n     (adsbygoogle = window.adsbygoogle || []).push({});\n<\/script><\/p>\n<p>Ver todo <a href=\"https:\/\/ship-tracker.org\/es\/cruise-ship-tracker\/\">Cruceros ubicaci\u00f3n actual.<\/a> La posici\u00f3n de los cruceros se puede determinar con precisi\u00f3n por los mapas de <a href=\"https:\/\/ship-tracker.org\/es\/vesselfinder\/\">VesselFinder<\/a> y <a href=\"https:\/\/ship-tracker.org\/es\/marinetraffic\/\">Tr\u00e1fico mar\u00edtimo<\/a>. Por lo tanto, siempre est\u00e1 bien informado, d\u00f3nde se encuentra su barco favorito actualmente.<\/p>\n<p>&nbsp;<\/p>","protected":false},"excerpt":{"rendered":"<p>Seguimiento de buques: \u00bfc\u00f3mo funciona el seguimiento de buques y barcos? Seguimiento de barcos con solo hacer clic en un bot\u00f3n: gracias a Internet, esto es una realidad. Pero, \u00bfc\u00f3mo se pueden rastrear grandes buques y barcos de todo tipo? \u00bfC\u00f3mo puedes utilizar las plataformas adecuadas para tu beneficio y c\u00f3mo puedes determinar\u2026?&nbsp;<a href=\"https:\/\/ship-tracker.org\/es\/\" rel=\"bookmark\">Leer m\u00e1s &quot;<span class=\"screen-reader-text\">Rastreador de barcos<\/span><\/a><\/p>","protected":false},"author":1,"featured_media":2025,"parent":0,"menu_order":0,"comment_status":"closed","ping_status":"closed","template":"","meta":{"neve_meta_sidebar":"","neve_meta_container":"","neve_meta_enable_content_width":"","neve_meta_content_width":0,"neve_meta_title_alignment":"","neve_meta_author_avatar":"","neve_post_elements_order":"","neve_meta_disable_header":"","neve_meta_disable_footer":"","neve_meta_disable_title":"","neve_meta_reading_time":"","footnotes":""},"class_list":["post-400","page","type-page","status-publish","has-post-thumbnail","hentry"],"yoast_head":"<!-- This site is optimized with the Yoast SEO plugin v26.9 - https:\/\/yoast.com\/product\/yoast-seo-wordpress\/ -->\n<title>Ship Tracker \u2503How does tracking vessels and ships work?<\/title>\n<meta name=\"description\" content=\"Ship Tracker \u2693 Current position of All Cruise-ships \u2713 Live Ship Tracker \u2713 Review and Specifications \u2713 Webcam \u2713 Ship Tracking\" \/>\n<meta name=\"robots\" content=\"index, follow, max-snippet:-1, max-image-preview:large, max-video-preview:-1\" \/>\n<link rel=\"canonical\" href=\"https:\/\/ship-tracker.org\/es\/\" \/>\n<meta property=\"og:locale\" content=\"es_ES\" \/>\n<meta property=\"og:type\" content=\"article\" \/>\n<meta property=\"og:title\" content=\"Ship Tracker \u2503How does tracking vessels and ships work?\" \/>\n<meta property=\"og:description\" content=\"Ship Tracker \u2693 Current position of All Cruise-ships \u2713 Live Ship Tracker \u2713 Review and Specifications \u2713 Webcam \u2713 Ship Tracking\" \/>\n<meta property=\"og:url\" content=\"https:\/\/ship-tracker.org\/es\/\" \/>\n<meta property=\"og:site_name\" content=\"Ship-tracker.org\" \/>\n<meta property=\"article:modified_time\" content=\"2021-11-08T20:04:41+00:00\" \/>\n<meta property=\"og:image\" content=\"https:\/\/ship-tracker.org\/wp-content\/uploads\/2020\/04\/karte-kreuzfahrt-kreuzfahrtschiff-schiffsposition-schiffsradar-768x388-1.jpg\" \/>\n\t<meta property=\"og:image:width\" content=\"768\" \/>\n\t<meta property=\"og:image:height\" content=\"388\" \/>\n\t<meta property=\"og:image:type\" content=\"image\/jpeg\" \/>\n<meta name=\"twitter:card\" content=\"summary_large_image\" \/>\n<meta name=\"twitter:label1\" content=\"Tiempo de lectura\" \/>\n\t<meta name=\"twitter:data1\" content=\"6 minutos\" \/>\n<script type=\"application\/ld+json\" class=\"yoast-schema-graph\">{\"@context\":\"https:\/\/schema.org\",\"@graph\":[{\"@type\":\"WebPage\",\"@id\":\"https:\/\/ship-tracker.org\/\",\"url\":\"https:\/\/ship-tracker.org\/\",\"name\":\"Ship Tracker \u2503How does tracking vessels and ships work?\",\"isPartOf\":{\"@id\":\"https:\/\/ship-tracker.org\/#website\"},\"primaryImageOfPage\":{\"@id\":\"https:\/\/ship-tracker.org\/#primaryimage\"},\"image\":{\"@id\":\"https:\/\/ship-tracker.org\/#primaryimage\"},\"thumbnailUrl\":\"https:\/\/ship-tracker.org\/wp-content\/uploads\/2020\/04\/karte-kreuzfahrt-kreuzfahrtschiff-schiffsposition-schiffsradar-768x388-1.jpg\",\"datePublished\":\"2017-09-15T20:26:10+00:00\",\"dateModified\":\"2021-11-08T20:04:41+00:00\",\"description\":\"Ship Tracker \u2693 Current position of All Cruise-ships \u2713 Live Ship Tracker \u2713 Review and Specifications \u2713 Webcam \u2713 Ship Tracking\",\"breadcrumb\":{\"@id\":\"https:\/\/ship-tracker.org\/#breadcrumb\"},\"inLanguage\":\"es\",\"potentialAction\":[{\"@type\":\"ReadAction\",\"target\":[\"https:\/\/ship-tracker.org\/\"]}]},{\"@type\":\"ImageObject\",\"inLanguage\":\"es\",\"@id\":\"https:\/\/ship-tracker.org\/#primaryimage\",\"url\":\"https:\/\/ship-tracker.org\/wp-content\/uploads\/2020\/04\/karte-kreuzfahrt-kreuzfahrtschiff-schiffsposition-schiffsradar-768x388-1.jpg\",\"contentUrl\":\"https:\/\/ship-tracker.org\/wp-content\/uploads\/2020\/04\/karte-kreuzfahrt-kreuzfahrtschiff-schiffsposition-schiffsradar-768x388-1.jpg\",\"width\":768,\"height\":388,\"caption\":\"MarineTraffic\"},{\"@type\":\"BreadcrumbList\",\"@id\":\"https:\/\/ship-tracker.org\/#breadcrumb\",\"itemListElement\":[{\"@type\":\"ListItem\",\"position\":1,\"name\":\"Startseite\",\"item\":\"https:\/\/ship-tracker.org\/\"},{\"@type\":\"ListItem\",\"position\":2,\"name\":\"Ship Tracker\"}]},{\"@type\":\"WebSite\",\"@id\":\"https:\/\/ship-tracker.org\/#website\",\"url\":\"https:\/\/ship-tracker.org\/\",\"name\":\"Ship-tracker.org\",\"description\":\"\",\"potentialAction\":[{\"@type\":\"SearchAction\",\"target\":{\"@type\":\"EntryPoint\",\"urlTemplate\":\"https:\/\/ship-tracker.org\/?s={search_term_string}\"},\"query-input\":{\"@type\":\"PropertyValueSpecification\",\"valueRequired\":true,\"valueName\":\"search_term_string\"}}],\"inLanguage\":\"es\"}]}<\/script>\n<!-- \/ Yoast SEO plugin. -->","yoast_head_json":{"title":"Rastreador de buques ow\u00bfC\u00f3mo funciona el rastreo de buques y buques?","description":"Rastreador de barcos \u2693 Posici\u00f3n actual de todos los cruceros \u2713 Rastreador de barcos en vivo \u2713 Revisi\u00f3n y especificaciones \u2713 C\u00e1mara web \u2713 Seguimiento de barcos","robots":{"index":"index","follow":"follow","max-snippet":"max-snippet:-1","max-image-preview":"max-image-preview:large","max-video-preview":"max-video-preview:-1"},"canonical":"https:\/\/ship-tracker.org\/es\/","og_locale":"es_ES","og_type":"article","og_title":"Ship Tracker \u2503How does tracking vessels and ships work?","og_description":"Ship Tracker \u2693 Current position of All Cruise-ships \u2713 Live Ship Tracker \u2713 Review and Specifications \u2713 Webcam \u2713 Ship Tracking","og_url":"https:\/\/ship-tracker.org\/es\/","og_site_name":"Ship-tracker.org","article_modified_time":"2021-11-08T20:04:41+00:00","og_image":[{"width":768,"height":388,"url":"https:\/\/ship-tracker.org\/wp-content\/uploads\/2020\/04\/karte-kreuzfahrt-kreuzfahrtschiff-schiffsposition-schiffsradar-768x388-1.jpg","type":"image\/jpeg"}],"twitter_card":"summary_large_image","twitter_misc":{"Tiempo de lectura":"6 minutos"},"schema":{"@context":"https:\/\/schema.org","@graph":[{"@type":"WebPage","@id":"https:\/\/ship-tracker.org\/","url":"https:\/\/ship-tracker.org\/","name":"Rastreador de buques ow\u00bfC\u00f3mo funciona el rastreo de buques y buques?","isPartOf":{"@id":"https:\/\/ship-tracker.org\/#website"},"primaryImageOfPage":{"@id":"https:\/\/ship-tracker.org\/#primaryimage"},"image":{"@id":"https:\/\/ship-tracker.org\/#primaryimage"},"thumbnailUrl":"https:\/\/ship-tracker.org\/wp-content\/uploads\/2020\/04\/karte-kreuzfahrt-kreuzfahrtschiff-schiffsposition-schiffsradar-768x388-1.jpg","datePublished":"2017-09-15T20:26:10+00:00","dateModified":"2021-11-08T20:04:41+00:00","description":"Rastreador de barcos \u2693 Posici\u00f3n actual de todos los cruceros \u2713 Rastreador de barcos en vivo \u2713 Revisi\u00f3n y especificaciones \u2713 C\u00e1mara web \u2713 Seguimiento de barcos","breadcrumb":{"@id":"https:\/\/ship-tracker.org\/#breadcrumb"},"inLanguage":"es","potentialAction":[{"@type":"ReadAction","target":["https:\/\/ship-tracker.org\/"]}]},{"@type":"ImageObject","inLanguage":"es","@id":"https:\/\/ship-tracker.org\/#primaryimage","url":"https:\/\/ship-tracker.org\/wp-content\/uploads\/2020\/04\/karte-kreuzfahrt-kreuzfahrtschiff-schiffsposition-schiffsradar-768x388-1.jpg","contentUrl":"https:\/\/ship-tracker.org\/wp-content\/uploads\/2020\/04\/karte-kreuzfahrt-kreuzfahrtschiff-schiffsposition-schiffsradar-768x388-1.jpg","width":768,"height":388,"caption":"MarineTraffic"},{"@type":"BreadcrumbList","@id":"https:\/\/ship-tracker.org\/#breadcrumb","itemListElement":[{"@type":"ListItem","position":1,"name":"Startseite","item":"https:\/\/ship-tracker.org\/"},{"@type":"ListItem","position":2,"name":"Ship Tracker"}]},{"@type":"WebSite","@id":"https:\/\/ship-tracker.org\/#website","url":"https:\/\/ship-tracker.org\/","name":"Ship-tracker.org","description":"","potentialAction":[{"@type":"SearchAction","target":{"@type":"EntryPoint","urlTemplate":"https:\/\/ship-tracker.org\/?s={search_term_string}"},"query-input":{"@type":"PropertyValueSpecification","valueRequired":true,"valueName":"search_term_string"}}],"inLanguage":"es"}]}},"_links":{"self":[{"href":"https:\/\/ship-tracker.org\/es\/wp-json\/wp\/v2\/pages\/400","targetHints":{"allow":["GET"]}}],"collection":[{"href":"https:\/\/ship-tracker.org\/es\/wp-json\/wp\/v2\/pages"}],"about":[{"href":"https:\/\/ship-tracker.org\/es\/wp-json\/wp\/v2\/types\/page"}],"author":[{"embeddable":true,"href":"https:\/\/ship-tracker.org\/es\/wp-json\/wp\/v2\/users\/1"}],"replies":[{"embeddable":true,"href":"https:\/\/ship-tracker.org\/es\/wp-json\/wp\/v2\/comments?post=400"}],"version-history":[{"count":10,"href":"https:\/\/ship-tracker.org\/es\/wp-json\/wp\/v2\/pages\/400\/revisions"}],"predecessor-version":[{"id":3281,"href":"https:\/\/ship-tracker.org\/es\/wp-json\/wp\/v2\/pages\/400\/revisions\/3281"}],"wp:featuredmedia":[{"embeddable":true,"href":"https:\/\/ship-tracker.org\/es\/wp-json\/wp\/v2\/media\/2025"}],"wp:attachment":[{"href":"https:\/\/ship-tracker.org\/es\/wp-json\/wp\/v2\/media?parent=400"}],"curies":[{"name":"wp","href":"https:\/\/api.w.org\/{rel}","templated":true}]}}