{"id":3835,"date":"2023-06-20T16:46:51","date_gmt":"2023-06-20T14:46:51","guid":{"rendered":"https:\/\/ship-tracker.org\/?page_id=3835"},"modified":"2023-06-20T16:46:51","modified_gmt":"2023-06-20T14:46:51","slug":"vilnia-maersk","status":"publish","type":"page","link":"https:\/\/ship-tracker.org\/es\/vilnia-maersk\/","title":{"rendered":"VILNIA MAERSK"},"content":{"rendered":"<h2><span style=\"color: #000000;\">Ubicaci\u00f3n actual y <\/span><span style=\"color: #000000;\">posici\u00f3n de VILNIA MAERSK<\/span><\/h2>\n<p>\u00bfD\u00f3nde est\u00e1 actualmente la ubicaci\u00f3n actual de VILNIA MAERSK?<br \/>\n<script type=\"text\/javascript\">\n  var width=\"100%\";var height=\"400\";\n  var mmsi=219136000;\n<\/script><script type=\"text\/javascript\" src=\"https:\/\/www.vesselfinder.com\/aismap.js\"><\/script><\/p>\n<p>El VILNIA MAERSK, un carguero registrado bajo bandera de Dinamarca, se encuentra actualmente navegando por los mares. El barco, que lleva el n\u00famero IMO 9778533 y el n\u00famero MMSI 219136000, mide 200 metros de eslora y 36 metros de manga. Los mapas que se proporcionan a continuaci\u00f3n detallan la informaci\u00f3n pertinente del viaje, incluida la ubicaci\u00f3n actual del barco, su pr\u00f3ximo puerto de escala programado, hora estimada de llegada (ETA), hora prevista de llegada (PTA), velocidad, rumbo y calado. Tambi\u00e9n se proporcionan recursos adicionales como fotograf\u00edas, videos, hora local y hora UTC.<\/p>\n<h2 class=\"pageTitle shipItemTitle\"><span style=\"color: #000000;\">Revisi\u00f3n y especificaciones de VILNIA MAERSK<\/span><\/h2>\n<table>\n<tbody>\n<tr>\n<td style=\"width: 192px;\">Estado del pabell\u00f3n<\/td>\n<td style=\"width: 192px;\">Dinamarca<\/td>\n<\/tr>\n<tr>\n<td style=\"width: 192px;\">A\u00f1o de construcci\u00f3n<strong><br \/>\n<\/strong><\/td>\n<td style=\"width: 192px;\">2019<\/td>\n<\/tr>\n<tr>\n<td style=\"width: 192px;\">tipo de barco<\/td>\n<td style=\"width: 192px;\">Barco mercante<\/td>\n<\/tr>\n<tr>\n<td style=\"width: 192px;\">Se\u00f1al de llamada<\/td>\n<td style=\"width: 192px;\">OWXJ2<\/td>\n<\/tr>\n<tr>\n<td style=\"width: 192px;\">Arqueo bruto<\/td>\n<td style=\"width: 192px;\">34882<\/td>\n<\/tr>\n<tr>\n<td style=\"width: 192px;\">Peso muerto de verano<\/td>\n<td style=\"width: 192px;\">39947<\/td>\n<\/tr>\n<tr>\n<td style=\"width: 192px;\">Longitud<\/td>\n<td style=\"width: 192px;\"><span class=\"specificationUnit\">200 metros<\/span><\/td>\n<\/tr>\n<tr>\n<td style=\"width: 192px;\">Haz<\/td>\n<td style=\"width: 192px;\"><span class=\"specificationUnit\">36 metros<\/span><\/td>\n<\/tr>\n<tr>\n<td style=\"width: 192px;\">OMI<\/td>\n<td style=\"width: 192px;\">9778533<\/td>\n<\/tr>\n<tr>\n<td style=\"width: 192px;\">MMSI<\/td>\n<td style=\"width: 192px;\">219136000<\/td>\n<\/tr>\n<tr>\n<td style=\"width: 192px;\">Propietario<\/td>\n<td style=\"width: 192px;\"><a href=\"https:\/\/ship-tracker.org\/es\/maersk\/\">Maersk<\/a><\/td>\n<\/tr>\n<\/tbody>\n<\/table>","protected":false},"excerpt":{"rendered":"<p>Current location and position of VILNIA MAERSK Where is the current location of VILNIA MAERSK presently? The VILNIA MAERSK, a cargo vessel registered under the flag of Denmark, is currently navigating the seas. The ship, bearing IMO number 9778533 and MMSI number 219136000, measures 200 meters in length and 36 meters in beam. The maps&hellip;&nbsp;<a href=\"https:\/\/ship-tracker.org\/es\/vilnia-maersk\/\" rel=\"bookmark\">Leer m\u00e1s &quot;<span class=\"screen-reader-text\">VILNIA MAERSK<\/span><\/a><\/p>","protected":false},"author":1,"featured_media":3637,"parent":0,"menu_order":0,"comment_status":"closed","ping_status":"closed","template":"","meta":{"neve_meta_sidebar":"","neve_meta_container":"","neve_meta_enable_content_width":"off","neve_meta_content_width":100,"neve_meta_title_alignment":"","neve_meta_author_avatar":"","neve_post_elements_order":"","neve_meta_disable_header":"","neve_meta_disable_footer":"","neve_meta_disable_title":"","neve_meta_reading_time":"","footnotes":""},"class_list":["post-3835","page","type-page","status-publish","has-post-thumbnail","hentry"],"yoast_head":"<!-- This site is optimized with the Yoast SEO plugin v26.9 - https:\/\/yoast.com\/product\/yoast-seo-wordpress\/ -->\n<title>VILNIA MAERSK\u2503Current location and position (cargo ship)<\/title>\n<meta name=\"description\" content=\"VILNIA MAERSK \u2693 Current location and position of MAERSK Vessel \u2713 Maersk container tracking \u2713 Live Ship Tracker \u2713 Container ship\" \/>\n<meta name=\"robots\" content=\"index, follow, max-snippet:-1, max-image-preview:large, max-video-preview:-1\" \/>\n<link rel=\"canonical\" href=\"https:\/\/ship-tracker.org\/es\/vilnia-maersk\/\" \/>\n<meta property=\"og:locale\" content=\"es_ES\" \/>\n<meta property=\"og:type\" content=\"article\" \/>\n<meta property=\"og:title\" content=\"VILNIA MAERSK\u2503Current location and position (cargo ship)\" \/>\n<meta property=\"og:description\" content=\"VILNIA MAERSK \u2693 Current location and position of MAERSK Vessel \u2713 Maersk container tracking \u2713 Live Ship Tracker \u2713 Container ship\" \/>\n<meta property=\"og:url\" content=\"https:\/\/ship-tracker.org\/es\/vilnia-maersk\/\" \/>\n<meta property=\"og:site_name\" content=\"Ship-tracker.org\" \/>\n<meta property=\"og:image\" content=\"https:\/\/ship-tracker.org\/wp-content\/uploads\/2023\/06\/maersk-tanjong-g275700498_640.jpg\" \/>\n\t<meta property=\"og:image:width\" content=\"640\" \/>\n\t<meta property=\"og:image:height\" content=\"446\" \/>\n\t<meta property=\"og:image:type\" content=\"image\/jpeg\" \/>\n<meta name=\"twitter:card\" content=\"summary_large_image\" \/>\n<meta name=\"twitter:label1\" content=\"Tiempo de lectura\" \/>\n\t<meta name=\"twitter:data1\" content=\"1 minuto\" \/>\n<script type=\"application\/ld+json\" class=\"yoast-schema-graph\">{\"@context\":\"https:\/\/schema.org\",\"@graph\":[{\"@type\":\"WebPage\",\"@id\":\"https:\/\/ship-tracker.org\/vilnia-maersk\/\",\"url\":\"https:\/\/ship-tracker.org\/vilnia-maersk\/\",\"name\":\"VILNIA MAERSK\u2503Current location and position (cargo ship)\",\"isPartOf\":{\"@id\":\"https:\/\/ship-tracker.org\/#website\"},\"primaryImageOfPage\":{\"@id\":\"https:\/\/ship-tracker.org\/vilnia-maersk\/#primaryimage\"},\"image\":{\"@id\":\"https:\/\/ship-tracker.org\/vilnia-maersk\/#primaryimage\"},\"thumbnailUrl\":\"https:\/\/ship-tracker.org\/wp-content\/uploads\/2023\/06\/maersk-tanjong-g275700498_640.jpg\",\"datePublished\":\"2023-06-20T14:46:51+00:00\",\"description\":\"VILNIA MAERSK \u2693 Current location and position of MAERSK Vessel \u2713 Maersk container tracking \u2713 Live Ship Tracker \u2713 Container ship\",\"breadcrumb\":{\"@id\":\"https:\/\/ship-tracker.org\/vilnia-maersk\/#breadcrumb\"},\"inLanguage\":\"es\",\"potentialAction\":[{\"@type\":\"ReadAction\",\"target\":[\"https:\/\/ship-tracker.org\/vilnia-maersk\/\"]}]},{\"@type\":\"ImageObject\",\"inLanguage\":\"es\",\"@id\":\"https:\/\/ship-tracker.org\/vilnia-maersk\/#primaryimage\",\"url\":\"https:\/\/ship-tracker.org\/wp-content\/uploads\/2023\/06\/maersk-tanjong-g275700498_640.jpg\",\"contentUrl\":\"https:\/\/ship-tracker.org\/wp-content\/uploads\/2023\/06\/maersk-tanjong-g275700498_640.jpg\",\"width\":640,\"height\":446,\"caption\":\"MAERSK ABERDEEN\"},{\"@type\":\"BreadcrumbList\",\"@id\":\"https:\/\/ship-tracker.org\/vilnia-maersk\/#breadcrumb\",\"itemListElement\":[{\"@type\":\"ListItem\",\"position\":1,\"name\":\"Startseite\",\"item\":\"https:\/\/ship-tracker.org\/\"},{\"@type\":\"ListItem\",\"position\":2,\"name\":\"VILNIA MAERSK\"}]},{\"@type\":\"WebSite\",\"@id\":\"https:\/\/ship-tracker.org\/#website\",\"url\":\"https:\/\/ship-tracker.org\/\",\"name\":\"Ship-tracker.org\",\"description\":\"\",\"potentialAction\":[{\"@type\":\"SearchAction\",\"target\":{\"@type\":\"EntryPoint\",\"urlTemplate\":\"https:\/\/ship-tracker.org\/?s={search_term_string}\"},\"query-input\":{\"@type\":\"PropertyValueSpecification\",\"valueRequired\":true,\"valueName\":\"search_term_string\"}}],\"inLanguage\":\"es\"}]}<\/script>\n<!-- \/ Yoast SEO plugin. -->","yoast_head_json":{"title":"VILNIA MAERSK\u2503Ubicaci\u00f3n y posici\u00f3n actual (buque de carga)","description":"VILNIA MAERSK \u2693 Ubicaci\u00f3n y posici\u00f3n actual del buque MAERSK \u2713 Seguimiento de contenedores de Maersk \u2713 Live Ship Tracker \u2713 Buque portacontenedores","robots":{"index":"index","follow":"follow","max-snippet":"max-snippet:-1","max-image-preview":"max-image-preview:large","max-video-preview":"max-video-preview:-1"},"canonical":"https:\/\/ship-tracker.org\/es\/vilnia-maersk\/","og_locale":"es_ES","og_type":"article","og_title":"VILNIA MAERSK\u2503Current location and position (cargo ship)","og_description":"VILNIA MAERSK \u2693 Current location and position of MAERSK Vessel \u2713 Maersk container tracking \u2713 Live Ship Tracker \u2713 Container ship","og_url":"https:\/\/ship-tracker.org\/es\/vilnia-maersk\/","og_site_name":"Ship-tracker.org","og_image":[{"width":640,"height":446,"url":"https:\/\/ship-tracker.org\/wp-content\/uploads\/2023\/06\/maersk-tanjong-g275700498_640.jpg","type":"image\/jpeg"}],"twitter_card":"summary_large_image","twitter_misc":{"Tiempo de lectura":"1 minuto"},"schema":{"@context":"https:\/\/schema.org","@graph":[{"@type":"WebPage","@id":"https:\/\/ship-tracker.org\/vilnia-maersk\/","url":"https:\/\/ship-tracker.org\/vilnia-maersk\/","name":"VILNIA MAERSK\u2503Ubicaci\u00f3n y posici\u00f3n actual (buque de carga)","isPartOf":{"@id":"https:\/\/ship-tracker.org\/#website"},"primaryImageOfPage":{"@id":"https:\/\/ship-tracker.org\/vilnia-maersk\/#primaryimage"},"image":{"@id":"https:\/\/ship-tracker.org\/vilnia-maersk\/#primaryimage"},"thumbnailUrl":"https:\/\/ship-tracker.org\/wp-content\/uploads\/2023\/06\/maersk-tanjong-g275700498_640.jpg","datePublished":"2023-06-20T14:46:51+00:00","description":"VILNIA MAERSK \u2693 Ubicaci\u00f3n y posici\u00f3n actual del buque MAERSK \u2713 Seguimiento de contenedores de Maersk \u2713 Live Ship Tracker \u2713 Buque portacontenedores","breadcrumb":{"@id":"https:\/\/ship-tracker.org\/vilnia-maersk\/#breadcrumb"},"inLanguage":"es","potentialAction":[{"@type":"ReadAction","target":["https:\/\/ship-tracker.org\/vilnia-maersk\/"]}]},{"@type":"ImageObject","inLanguage":"es","@id":"https:\/\/ship-tracker.org\/vilnia-maersk\/#primaryimage","url":"https:\/\/ship-tracker.org\/wp-content\/uploads\/2023\/06\/maersk-tanjong-g275700498_640.jpg","contentUrl":"https:\/\/ship-tracker.org\/wp-content\/uploads\/2023\/06\/maersk-tanjong-g275700498_640.jpg","width":640,"height":446,"caption":"MAERSK ABERDEEN"},{"@type":"BreadcrumbList","@id":"https:\/\/ship-tracker.org\/vilnia-maersk\/#breadcrumb","itemListElement":[{"@type":"ListItem","position":1,"name":"Startseite","item":"https:\/\/ship-tracker.org\/"},{"@type":"ListItem","position":2,"name":"VILNIA MAERSK"}]},{"@type":"WebSite","@id":"https:\/\/ship-tracker.org\/#website","url":"https:\/\/ship-tracker.org\/","name":"Ship-tracker.org","description":"","potentialAction":[{"@type":"SearchAction","target":{"@type":"EntryPoint","urlTemplate":"https:\/\/ship-tracker.org\/?s={search_term_string}"},"query-input":{"@type":"PropertyValueSpecification","valueRequired":true,"valueName":"search_term_string"}}],"inLanguage":"es"}]}},"_links":{"self":[{"href":"https:\/\/ship-tracker.org\/es\/wp-json\/wp\/v2\/pages\/3835","targetHints":{"allow":["GET"]}}],"collection":[{"href":"https:\/\/ship-tracker.org\/es\/wp-json\/wp\/v2\/pages"}],"about":[{"href":"https:\/\/ship-tracker.org\/es\/wp-json\/wp\/v2\/types\/page"}],"author":[{"embeddable":true,"href":"https:\/\/ship-tracker.org\/es\/wp-json\/wp\/v2\/users\/1"}],"replies":[{"embeddable":true,"href":"https:\/\/ship-tracker.org\/es\/wp-json\/wp\/v2\/comments?post=3835"}],"version-history":[{"count":1,"href":"https:\/\/ship-tracker.org\/es\/wp-json\/wp\/v2\/pages\/3835\/revisions"}],"predecessor-version":[{"id":3836,"href":"https:\/\/ship-tracker.org\/es\/wp-json\/wp\/v2\/pages\/3835\/revisions\/3836"}],"wp:featuredmedia":[{"embeddable":true,"href":"https:\/\/ship-tracker.org\/es\/wp-json\/wp\/v2\/media\/3637"}],"wp:attachment":[{"href":"https:\/\/ship-tracker.org\/es\/wp-json\/wp\/v2\/media?parent=3835"}],"curies":[{"name":"wp","href":"https:\/\/api.w.org\/{rel}","templated":true}]}}