{"id":3604,"date":"2023-06-14T15:31:49","date_gmt":"2023-06-14T13:31:49","guid":{"rendered":"https:\/\/ship-tracker.org\/?page_id=3604"},"modified":"2023-06-14T15:31:49","modified_gmt":"2023-06-14T13:31:49","slug":"nato-military-ship-tracker","status":"publish","type":"page","link":"https:\/\/ship-tracker.org\/es\/nato-military-ship-tracker\/","title":{"rendered":"Rastreador de barcos militares de la OTAN"},"content":{"rendered":"<p>\u00a1Rastree todos los buques de guerra de la OTAN en todo el mundo con nuestro rastreador de buques militares 24\/7 en tiempo real! Obtenga diversa informaci\u00f3n adicional haciendo clic en el icono de un barco en el mapa. Vea d\u00f3nde est\u00e1n los barcos de la Marina actualmente.<\/p>\n<h2>Mapa en vivo de los buques de guerra de la OTAN<\/h2>\n<p><iframe loading=\"lazy\" id=\"vesselfinder\" src=\"https:\/\/www.vesselfinder.com\/aismap?zoom=undefined&amp;lat=41&amp;lon=-96&amp;width=100%25&amp;height=746&amp;names=true&amp;track=false&amp;fleet=fdabe0b3082dcb0991cd855905433d79&amp;fleet_name=NATO%20WARSHIPS&amp;fleet_timespan=1440&amp;fleet_hide_old_positions=false&amp;clicktoact=false&amp;store_pos=true&amp;ra=https%3A%2F%2Fwww.marinevesseltraffic.com%2FNATO-navy-ships\" name=\"vesselfinder\" width=\"100%\" height=\"746\" frameborder=\"0\" data-dashlane-frameid=\"516\">El navegador no admite objetos incrustados.<br \/>\nVisita directamente <a href=\"https:\/\/www.vesselfinder.com\" target=\"_blank\" rel=\"noopener\">www.vesselfinder.com<\/a><\/iframe><\/p>\n<p><a href=\"https:\/\/ship-tracker.org\/es\/military-ship-tracker\/\">Seguimiento de naves militares<\/a> juega un papel fundamental en las operaciones estrat\u00e9gicas de las armadas en todo el mundo. Permite a las armadas monitorear las posiciones de sus embarcaciones, mejorar la eficiencia operativa y garantizar la seguridad mar\u00edtima.<\/p>\n<p>El seguimiento de buques militares es una necesidad estrat\u00e9gica que contribuye significativamente a la eficiencia operativa, la seguridad y la protecci\u00f3n de la marina. A medida que contin\u00faen los avances tecnol\u00f3gicos, los sistemas de rastreo ser\u00e1n a\u00fan m\u00e1s precisos, confiables y seguros, mejorando a\u00fan m\u00e1s su valor estrat\u00e9gico en las operaciones mar\u00edtimas.<\/p>","protected":false},"excerpt":{"rendered":"<p>\u00a1Rastree todos los buques de guerra de la OTAN en todo el mundo con nuestro rastreador de buques militares las 24 horas del d\u00eda, los 7 d\u00edas de la semana en tiempo real! Obtenga informaci\u00f3n adicional variada haciendo clic en el icono de un barco en el mapa. Vea d\u00f3nde est\u00e1n actualmente los barcos de la Armada. El navegador de mapas en vivo de buques de guerra de la OTAN no admite objetos incrustados. Visite directamente www.vesselfinder.com El seguimiento de buques militares desempe\u00f1a un papel fundamental en...&nbsp;<a href=\"https:\/\/ship-tracker.org\/es\/nato-military-ship-tracker\/\" rel=\"bookmark\">Leer m\u00e1s &quot;<span class=\"screen-reader-text\">Rastreador de barcos militares de la OTAN<\/span><\/a><\/p>","protected":false},"author":1,"featured_media":3605,"parent":0,"menu_order":0,"comment_status":"closed","ping_status":"closed","template":"","meta":{"neve_meta_sidebar":"","neve_meta_container":"","neve_meta_enable_content_width":"","neve_meta_content_width":0,"neve_meta_title_alignment":"","neve_meta_author_avatar":"","neve_post_elements_order":"","neve_meta_disable_header":"","neve_meta_disable_footer":"","neve_meta_disable_title":"","neve_meta_reading_time":"","footnotes":""},"class_list":["post-3604","page","type-page","status-publish","has-post-thumbnail","hentry"],"yoast_head":"<!-- This site is optimized with the Yoast SEO plugin v26.9 - https:\/\/yoast.com\/product\/yoast-seo-wordpress\/ -->\n<title>NATO Military Ship Tracker - Ship-tracker.org<\/title>\n<meta name=\"description\" content=\"NATO Military Ship Tracker \u2693 Current position of All NATO warships \u2713 Live Ship Tracker \u2713 IMO, MMSI and Specifications \u2713 Live Map by country\" \/>\n<meta name=\"robots\" content=\"index, follow, max-snippet:-1, max-image-preview:large, max-video-preview:-1\" \/>\n<link rel=\"canonical\" href=\"https:\/\/ship-tracker.org\/es\/nato-military-ship-tracker\/\" \/>\n<meta property=\"og:locale\" content=\"es_ES\" \/>\n<meta property=\"og:type\" content=\"article\" \/>\n<meta property=\"og:title\" content=\"NATO Military Ship Tracker - Ship-tracker.org\" \/>\n<meta property=\"og:description\" content=\"NATO Military Ship Tracker \u2693 Current position of All NATO warships \u2713 Live Ship Tracker \u2713 IMO, MMSI and Specifications \u2713 Live Map by country\" \/>\n<meta property=\"og:url\" content=\"https:\/\/ship-tracker.org\/es\/nato-military-ship-tracker\/\" \/>\n<meta property=\"og:site_name\" content=\"Ship-tracker.org\" \/>\n<meta property=\"og:image\" content=\"https:\/\/ship-tracker.org\/wp-content\/uploads\/2023\/06\/warship-g95e5a46c7_640.jpg\" \/>\n\t<meta property=\"og:image:width\" content=\"640\" \/>\n\t<meta property=\"og:image:height\" content=\"427\" \/>\n\t<meta property=\"og:image:type\" content=\"image\/jpeg\" \/>\n<meta name=\"twitter:card\" content=\"summary_large_image\" \/>\n<meta name=\"twitter:label1\" content=\"Tiempo de lectura\" \/>\n\t<meta name=\"twitter:data1\" content=\"1 minuto\" \/>\n<script type=\"application\/ld+json\" class=\"yoast-schema-graph\">{\"@context\":\"https:\/\/schema.org\",\"@graph\":[{\"@type\":\"WebPage\",\"@id\":\"https:\/\/ship-tracker.org\/nato-military-ship-tracker\/\",\"url\":\"https:\/\/ship-tracker.org\/nato-military-ship-tracker\/\",\"name\":\"NATO Military Ship Tracker - Ship-tracker.org\",\"isPartOf\":{\"@id\":\"https:\/\/ship-tracker.org\/#website\"},\"primaryImageOfPage\":{\"@id\":\"https:\/\/ship-tracker.org\/nato-military-ship-tracker\/#primaryimage\"},\"image\":{\"@id\":\"https:\/\/ship-tracker.org\/nato-military-ship-tracker\/#primaryimage\"},\"thumbnailUrl\":\"https:\/\/ship-tracker.org\/wp-content\/uploads\/2023\/06\/warship-g95e5a46c7_640.jpg\",\"datePublished\":\"2023-06-14T13:31:49+00:00\",\"description\":\"NATO Military Ship Tracker \u2693 Current position of All NATO warships \u2713 Live Ship Tracker \u2713 IMO, MMSI and Specifications \u2713 Live Map by country\",\"breadcrumb\":{\"@id\":\"https:\/\/ship-tracker.org\/nato-military-ship-tracker\/#breadcrumb\"},\"inLanguage\":\"es\",\"potentialAction\":[{\"@type\":\"ReadAction\",\"target\":[\"https:\/\/ship-tracker.org\/nato-military-ship-tracker\/\"]}]},{\"@type\":\"ImageObject\",\"inLanguage\":\"es\",\"@id\":\"https:\/\/ship-tracker.org\/nato-military-ship-tracker\/#primaryimage\",\"url\":\"https:\/\/ship-tracker.org\/wp-content\/uploads\/2023\/06\/warship-g95e5a46c7_640.jpg\",\"contentUrl\":\"https:\/\/ship-tracker.org\/wp-content\/uploads\/2023\/06\/warship-g95e5a46c7_640.jpg\",\"width\":640,\"height\":427,\"caption\":\"NATO Military Ship Tracker\"},{\"@type\":\"BreadcrumbList\",\"@id\":\"https:\/\/ship-tracker.org\/nato-military-ship-tracker\/#breadcrumb\",\"itemListElement\":[{\"@type\":\"ListItem\",\"position\":1,\"name\":\"Startseite\",\"item\":\"https:\/\/ship-tracker.org\/\"},{\"@type\":\"ListItem\",\"position\":2,\"name\":\"NATO Military Ship Tracker\"}]},{\"@type\":\"WebSite\",\"@id\":\"https:\/\/ship-tracker.org\/#website\",\"url\":\"https:\/\/ship-tracker.org\/\",\"name\":\"Ship-tracker.org\",\"description\":\"\",\"potentialAction\":[{\"@type\":\"SearchAction\",\"target\":{\"@type\":\"EntryPoint\",\"urlTemplate\":\"https:\/\/ship-tracker.org\/?s={search_term_string}\"},\"query-input\":{\"@type\":\"PropertyValueSpecification\",\"valueRequired\":true,\"valueName\":\"search_term_string\"}}],\"inLanguage\":\"es\"}]}<\/script>\n<!-- \/ Yoast SEO plugin. -->","yoast_head_json":{"title":"Rastreador de barcos militares de la OTAN - Ship-tracker.org","description":"Rastreador de barcos militares de la OTAN \u2693 Posici\u00f3n actual de todos los buques de guerra de la OTAN \u2713 Rastreador de barcos en vivo \u2713 IMO, MMSI y especificaciones \u2713 Mapa en vivo por pa\u00eds","robots":{"index":"index","follow":"follow","max-snippet":"max-snippet:-1","max-image-preview":"max-image-preview:large","max-video-preview":"max-video-preview:-1"},"canonical":"https:\/\/ship-tracker.org\/es\/nato-military-ship-tracker\/","og_locale":"es_ES","og_type":"article","og_title":"NATO Military Ship Tracker - Ship-tracker.org","og_description":"NATO Military Ship Tracker \u2693 Current position of All NATO warships \u2713 Live Ship Tracker \u2713 IMO, MMSI and Specifications \u2713 Live Map by country","og_url":"https:\/\/ship-tracker.org\/es\/nato-military-ship-tracker\/","og_site_name":"Ship-tracker.org","og_image":[{"width":640,"height":427,"url":"https:\/\/ship-tracker.org\/wp-content\/uploads\/2023\/06\/warship-g95e5a46c7_640.jpg","type":"image\/jpeg"}],"twitter_card":"summary_large_image","twitter_misc":{"Tiempo de lectura":"1 minuto"},"schema":{"@context":"https:\/\/schema.org","@graph":[{"@type":"WebPage","@id":"https:\/\/ship-tracker.org\/nato-military-ship-tracker\/","url":"https:\/\/ship-tracker.org\/nato-military-ship-tracker\/","name":"Rastreador de barcos militares de la OTAN - Ship-tracker.org","isPartOf":{"@id":"https:\/\/ship-tracker.org\/#website"},"primaryImageOfPage":{"@id":"https:\/\/ship-tracker.org\/nato-military-ship-tracker\/#primaryimage"},"image":{"@id":"https:\/\/ship-tracker.org\/nato-military-ship-tracker\/#primaryimage"},"thumbnailUrl":"https:\/\/ship-tracker.org\/wp-content\/uploads\/2023\/06\/warship-g95e5a46c7_640.jpg","datePublished":"2023-06-14T13:31:49+00:00","description":"Rastreador de barcos militares de la OTAN \u2693 Posici\u00f3n actual de todos los buques de guerra de la OTAN \u2713 Rastreador de barcos en vivo \u2713 IMO, MMSI y especificaciones \u2713 Mapa en vivo por pa\u00eds","breadcrumb":{"@id":"https:\/\/ship-tracker.org\/nato-military-ship-tracker\/#breadcrumb"},"inLanguage":"es","potentialAction":[{"@type":"ReadAction","target":["https:\/\/ship-tracker.org\/nato-military-ship-tracker\/"]}]},{"@type":"ImageObject","inLanguage":"es","@id":"https:\/\/ship-tracker.org\/nato-military-ship-tracker\/#primaryimage","url":"https:\/\/ship-tracker.org\/wp-content\/uploads\/2023\/06\/warship-g95e5a46c7_640.jpg","contentUrl":"https:\/\/ship-tracker.org\/wp-content\/uploads\/2023\/06\/warship-g95e5a46c7_640.jpg","width":640,"height":427,"caption":"NATO Military Ship Tracker"},{"@type":"BreadcrumbList","@id":"https:\/\/ship-tracker.org\/nato-military-ship-tracker\/#breadcrumb","itemListElement":[{"@type":"ListItem","position":1,"name":"Startseite","item":"https:\/\/ship-tracker.org\/"},{"@type":"ListItem","position":2,"name":"NATO Military Ship Tracker"}]},{"@type":"WebSite","@id":"https:\/\/ship-tracker.org\/#website","url":"https:\/\/ship-tracker.org\/","name":"Ship-tracker.org","description":"","potentialAction":[{"@type":"SearchAction","target":{"@type":"EntryPoint","urlTemplate":"https:\/\/ship-tracker.org\/?s={search_term_string}"},"query-input":{"@type":"PropertyValueSpecification","valueRequired":true,"valueName":"search_term_string"}}],"inLanguage":"es"}]}},"_links":{"self":[{"href":"https:\/\/ship-tracker.org\/es\/wp-json\/wp\/v2\/pages\/3604","targetHints":{"allow":["GET"]}}],"collection":[{"href":"https:\/\/ship-tracker.org\/es\/wp-json\/wp\/v2\/pages"}],"about":[{"href":"https:\/\/ship-tracker.org\/es\/wp-json\/wp\/v2\/types\/page"}],"author":[{"embeddable":true,"href":"https:\/\/ship-tracker.org\/es\/wp-json\/wp\/v2\/users\/1"}],"replies":[{"embeddable":true,"href":"https:\/\/ship-tracker.org\/es\/wp-json\/wp\/v2\/comments?post=3604"}],"version-history":[{"count":5,"href":"https:\/\/ship-tracker.org\/es\/wp-json\/wp\/v2\/pages\/3604\/revisions"}],"predecessor-version":[{"id":3612,"href":"https:\/\/ship-tracker.org\/es\/wp-json\/wp\/v2\/pages\/3604\/revisions\/3612"}],"wp:featuredmedia":[{"embeddable":true,"href":"https:\/\/ship-tracker.org\/es\/wp-json\/wp\/v2\/media\/3605"}],"wp:attachment":[{"href":"https:\/\/ship-tracker.org\/es\/wp-json\/wp\/v2\/media?parent=3604"}],"curies":[{"name":"wp","href":"https:\/\/api.w.org\/{rel}","templated":true}]}}