{"id":3583,"date":"2023-06-14T14:44:14","date_gmt":"2023-06-14T12:44:14","guid":{"rendered":"https:\/\/ship-tracker.org\/?page_id=3583"},"modified":"2023-06-14T14:44:14","modified_gmt":"2023-06-14T12:44:14","slug":"tracking-ship-container","status":"publish","type":"page","link":"https:\/\/ship-tracker.org\/es\/tracking-ship-container\/","title":{"rendered":"Contenedor de env\u00edo de seguimiento"},"content":{"rendered":"<p><strong>Live Container Tracker incluye carga a\u00e9rea, paquetes de mensajer\u00eda y correo<\/strong><\/p>\n<p>Ingrese el n\u00famero de env\u00edo que desea rastrear:<br \/>\n<iframe loading=\"lazy\" class=\"tracking-form\" src=\"https:\/\/os.freightamigo.com\/wp\/v2\/tracking\" width=\"100%\" height=\"600px\" data-dashlane-rid=\"169e7ea8ce2cc400\" data-form-type=\"other\" data-dashlane-frameid=\"20497\"><\/iframe><\/p>\n<p><a href=\"https:\/\/ship-tracker.org\/es\/\">nave de seguimiento<\/a> contenedores es un aspecto vital del comercio mundial y la log\u00edstica. A medida que las mercanc\u00edas atraviesan oc\u00e9anos y continentes, la capacidad de monitorear su viaje en tiempo real ofrece beneficios a todas las partes interesadas, desde las compa\u00f1\u00edas navieras hasta los consumidores finales.<\/p>\n<h2>Tecnolog\u00eda<\/h2>\n<p>El seguimiento de contenedores moderno aprovecha varias tecnolog\u00edas, incluido el GPS satelital, las etiquetas RFID y los dispositivos IoT. Estas tecnolog\u00edas brindan informaci\u00f3n en tiempo real sobre la ubicaci\u00f3n del contenedor, las condiciones ambientales e incluso el estado de seguridad del contenedor.<\/p>\n<ol>\n<li><strong>Seguimiento GPS:<\/strong> El Sistema de Posicionamiento Global (GPS) es una de las tecnolog\u00edas m\u00e1s utilizadas para el seguimiento de contenedores. Al instalar dispositivos GPS en los contenedores, las compa\u00f1\u00edas navieras pueden rastrear la ubicaci\u00f3n de los contenedores en tiempo real en cualquier parte del mundo.<\/li>\n<li><strong>Etiquetas RFID:<\/strong> Las etiquetas de identificaci\u00f3n por radiofrecuencia (RFID) son otra tecnolog\u00eda popular. Estas etiquetas pueden almacenar informaci\u00f3n detallada sobre el contenedor y su contenido. Los lectores RFID instalados en varios puntos a lo largo de la cadena de suministro, como puertos y centros de distribuci\u00f3n, pueden escanear r\u00e1pidamente estas etiquetas y actualizar el estado del contenedor.<\/li>\n<li><strong>Dispositivos IoT:<\/strong> Los dispositivos de Internet de las cosas (IoT) ofrecen capacidades de seguimiento avanzadas. Pueden controlar no solo la ubicaci\u00f3n del contenedor, sino tambi\u00e9n las condiciones ambientales como la temperatura y la humedad, lo que los hace esenciales para el transporte de mercanc\u00edas delicadas como alimentos o productos farmac\u00e9uticos.<\/li>\n<\/ol>\n<h2>Beneficios<\/h2>\n<p>El seguimiento de contenedores en tiempo real ofrece numerosos beneficios.<\/p>\n<ol>\n<li><strong>Visibilidad:<\/strong> El seguimiento brinda una visibilidad completa del proceso de env\u00edo, lo que permite a las empresas de env\u00edo y a los clientes saber d\u00f3nde se encuentran los productos en un momento dado. Esta transparencia puede reducir la incertidumbre y mejorar la planificaci\u00f3n.<\/li>\n<li><strong>Eficiencia:<\/strong> El seguimiento en tiempo real puede identificar cuellos de botella e ineficiencias en el proceso de env\u00edo, lo que genera mejoras en el enrutamiento y el manejo y, en \u00faltima instancia, reduce los costos.<\/li>\n<li><strong>Seguridad:<\/strong> Los dispositivos de seguimiento pueden alertar a las empresas sobre cualquier acceso no autorizado a los contenedores, lo que mejora la seguridad de los productos que se encuentran en su interior.<\/li>\n<\/ol>\n<h3>Futuro del seguimiento de contenedores:<\/h3>\n<p>Es probable que el futuro del seguimiento de contenedores est\u00e9 determinado por nuevos avances tecnol\u00f3gicos. La tecnolog\u00eda Blockchain, por ejemplo, puede mejorar la transparencia y la seguridad del seguimiento de contenedores. Puede crear un registro inmutable del viaje de cada contenedor, accesible para todas las partes interesadas.<\/p>\n<p>La IA y el aprendizaje autom\u00e1tico pueden analizar los datos de seguimiento para predecir retrasos y optimizar las rutas. Adem\u00e1s, los avances en los dispositivos IoT pueden proporcionar informaci\u00f3n a\u00fan m\u00e1s detallada en tiempo real sobre los contenedores y su contenido.<\/p>\n<h3>Conclusi\u00f3n<\/h3>\n<p>El seguimiento de contenedores est\u00e1 en el coraz\u00f3n de la revoluci\u00f3n digital en el comercio global. A medida que la tecnolog\u00eda contin\u00fae evolucionando, sin duda traer\u00e1 mejoras a\u00fan m\u00e1s significativas en la forma en que rastreamos y administramos los miles de millones de contenedores que cruzan nuestros oc\u00e9anos cada a\u00f1o, haciendo que el comercio global sea m\u00e1s eficiente, seguro y transparente.<\/p>","protected":false},"excerpt":{"rendered":"<p>Live Container Tracker incluye carga a\u00e9rea, paquetes de mensajer\u00eda y correo. Ingrese el n\u00famero de env\u00edo que desea rastrear: El seguimiento de contenedores de barcos es un aspecto vital del comercio y la log\u00edstica globales. A medida que las mercanc\u00edas atraviesan oc\u00e9anos y continentes, la capacidad de monitorear su viaje en tiempo real ofrece beneficios a todas las partes interesadas, desde compa\u00f1\u00edas navieras hasta...&nbsp;<a href=\"https:\/\/ship-tracker.org\/es\/tracking-ship-container\/\" rel=\"bookmark\">Leer m\u00e1s &quot;<span class=\"screen-reader-text\">Contenedor de env\u00edo de seguimiento<\/span><\/a><\/p>","protected":false},"author":1,"featured_media":3594,"parent":0,"menu_order":0,"comment_status":"closed","ping_status":"closed","template":"","meta":{"neve_meta_sidebar":"","neve_meta_container":"","neve_meta_enable_content_width":"","neve_meta_content_width":0,"neve_meta_title_alignment":"","neve_meta_author_avatar":"","neve_post_elements_order":"","neve_meta_disable_header":"","neve_meta_disable_footer":"","neve_meta_disable_title":"","neve_meta_reading_time":"","footnotes":""},"class_list":["post-3583","page","type-page","status-publish","has-post-thumbnail","hentry"],"yoast_head":"<!-- This site is optimized with the Yoast SEO plugin v27.4 - https:\/\/yoast.com\/product\/yoast-seo-wordpress\/ -->\n<title>Tracking Ship Container - Ship-tracker.org<\/title>\n<meta name=\"description\" content=\"Explore the revolution in global trade with real-time ship container tracking. Dive into the technologies enabling transparency.\" \/>\n<meta name=\"robots\" content=\"index, follow, max-snippet:-1, max-image-preview:large, max-video-preview:-1\" \/>\n<link rel=\"canonical\" href=\"https:\/\/ship-tracker.org\/es\/tracking-ship-container\/\" \/>\n<meta property=\"og:locale\" content=\"es_ES\" \/>\n<meta property=\"og:type\" content=\"article\" \/>\n<meta property=\"og:title\" content=\"Tracking Ship Container - Ship-tracker.org\" \/>\n<meta property=\"og:description\" content=\"Explore the revolution in global trade with real-time ship container tracking. Dive into the technologies enabling transparency.\" \/>\n<meta property=\"og:url\" content=\"https:\/\/ship-tracker.org\/es\/tracking-ship-container\/\" \/>\n<meta property=\"og:site_name\" content=\"Ship-tracker.org\" \/>\n<meta property=\"og:image\" content=\"https:\/\/ship-tracker.org\/wp-content\/uploads\/2023\/06\/container-ship-g9d93bfd74_640.jpg\" \/>\n\t<meta property=\"og:image:width\" content=\"640\" \/>\n\t<meta property=\"og:image:height\" content=\"427\" \/>\n\t<meta property=\"og:image:type\" content=\"image\/jpeg\" \/>\n<meta name=\"twitter:card\" content=\"summary_large_image\" \/>\n<meta name=\"twitter:label1\" content=\"Tiempo de lectura\" \/>\n\t<meta name=\"twitter:data1\" content=\"2 minutos\" \/>\n<script type=\"application\/ld+json\" class=\"yoast-schema-graph\">{\"@context\":\"https:\\\/\\\/schema.org\",\"@graph\":[{\"@type\":\"WebPage\",\"@id\":\"https:\\\/\\\/ship-tracker.org\\\/tracking-ship-container\\\/\",\"url\":\"https:\\\/\\\/ship-tracker.org\\\/tracking-ship-container\\\/\",\"name\":\"Tracking Ship Container - Ship-tracker.org\",\"isPartOf\":{\"@id\":\"https:\\\/\\\/ship-tracker.org\\\/#website\"},\"primaryImageOfPage\":{\"@id\":\"https:\\\/\\\/ship-tracker.org\\\/tracking-ship-container\\\/#primaryimage\"},\"image\":{\"@id\":\"https:\\\/\\\/ship-tracker.org\\\/tracking-ship-container\\\/#primaryimage\"},\"thumbnailUrl\":\"https:\\\/\\\/ship-tracker.org\\\/wp-content\\\/uploads\\\/2023\\\/06\\\/container-ship-g9d93bfd74_640.jpg\",\"datePublished\":\"2023-06-14T12:44:14+00:00\",\"description\":\"Explore the revolution in global trade with real-time ship container tracking. Dive into the technologies enabling transparency.\",\"breadcrumb\":{\"@id\":\"https:\\\/\\\/ship-tracker.org\\\/tracking-ship-container\\\/#breadcrumb\"},\"inLanguage\":\"es\",\"potentialAction\":[{\"@type\":\"ReadAction\",\"target\":[\"https:\\\/\\\/ship-tracker.org\\\/tracking-ship-container\\\/\"]}]},{\"@type\":\"ImageObject\",\"inLanguage\":\"es\",\"@id\":\"https:\\\/\\\/ship-tracker.org\\\/tracking-ship-container\\\/#primaryimage\",\"url\":\"https:\\\/\\\/ship-tracker.org\\\/wp-content\\\/uploads\\\/2023\\\/06\\\/container-ship-g9d93bfd74_640.jpg\",\"contentUrl\":\"https:\\\/\\\/ship-tracker.org\\\/wp-content\\\/uploads\\\/2023\\\/06\\\/container-ship-g9d93bfd74_640.jpg\",\"width\":640,\"height\":427,\"caption\":\"Tracking Ship Container\"},{\"@type\":\"BreadcrumbList\",\"@id\":\"https:\\\/\\\/ship-tracker.org\\\/tracking-ship-container\\\/#breadcrumb\",\"itemListElement\":[{\"@type\":\"ListItem\",\"position\":1,\"name\":\"Startseite\",\"item\":\"https:\\\/\\\/ship-tracker.org\\\/\"},{\"@type\":\"ListItem\",\"position\":2,\"name\":\"Tracking Ship Container\"}]},{\"@type\":\"WebSite\",\"@id\":\"https:\\\/\\\/ship-tracker.org\\\/#website\",\"url\":\"https:\\\/\\\/ship-tracker.org\\\/\",\"name\":\"Ship-tracker.org\",\"description\":\"\",\"potentialAction\":[{\"@type\":\"SearchAction\",\"target\":{\"@type\":\"EntryPoint\",\"urlTemplate\":\"https:\\\/\\\/ship-tracker.org\\\/?s={search_term_string}\"},\"query-input\":{\"@type\":\"PropertyValueSpecification\",\"valueRequired\":true,\"valueName\":\"search_term_string\"}}],\"inLanguage\":\"es\"}]}<\/script>\n<!-- \/ Yoast SEO plugin. -->","yoast_head_json":{"title":"Seguimiento de contenedores de barcos - Ship-tracker.org","description":"Explore la revoluci\u00f3n en el comercio mundial con el seguimiento de contenedores de barcos en tiempo real. Sum\u00e9rjase en las tecnolog\u00edas que permiten la transparencia.","robots":{"index":"index","follow":"follow","max-snippet":"max-snippet:-1","max-image-preview":"max-image-preview:large","max-video-preview":"max-video-preview:-1"},"canonical":"https:\/\/ship-tracker.org\/es\/tracking-ship-container\/","og_locale":"es_ES","og_type":"article","og_title":"Tracking Ship Container - Ship-tracker.org","og_description":"Explore the revolution in global trade with real-time ship container tracking. Dive into the technologies enabling transparency.","og_url":"https:\/\/ship-tracker.org\/es\/tracking-ship-container\/","og_site_name":"Ship-tracker.org","og_image":[{"width":640,"height":427,"url":"https:\/\/ship-tracker.org\/wp-content\/uploads\/2023\/06\/container-ship-g9d93bfd74_640.jpg","type":"image\/jpeg"}],"twitter_card":"summary_large_image","twitter_misc":{"Tiempo de lectura":"2 minutos"},"schema":{"@context":"https:\/\/schema.org","@graph":[{"@type":"WebPage","@id":"https:\/\/ship-tracker.org\/tracking-ship-container\/","url":"https:\/\/ship-tracker.org\/tracking-ship-container\/","name":"Seguimiento de contenedores de barcos - Ship-tracker.org","isPartOf":{"@id":"https:\/\/ship-tracker.org\/#website"},"primaryImageOfPage":{"@id":"https:\/\/ship-tracker.org\/tracking-ship-container\/#primaryimage"},"image":{"@id":"https:\/\/ship-tracker.org\/tracking-ship-container\/#primaryimage"},"thumbnailUrl":"https:\/\/ship-tracker.org\/wp-content\/uploads\/2023\/06\/container-ship-g9d93bfd74_640.jpg","datePublished":"2023-06-14T12:44:14+00:00","description":"Explore la revoluci\u00f3n en el comercio mundial con el seguimiento de contenedores de barcos en tiempo real. Sum\u00e9rjase en las tecnolog\u00edas que permiten la transparencia.","breadcrumb":{"@id":"https:\/\/ship-tracker.org\/tracking-ship-container\/#breadcrumb"},"inLanguage":"es","potentialAction":[{"@type":"ReadAction","target":["https:\/\/ship-tracker.org\/tracking-ship-container\/"]}]},{"@type":"ImageObject","inLanguage":"es","@id":"https:\/\/ship-tracker.org\/tracking-ship-container\/#primaryimage","url":"https:\/\/ship-tracker.org\/wp-content\/uploads\/2023\/06\/container-ship-g9d93bfd74_640.jpg","contentUrl":"https:\/\/ship-tracker.org\/wp-content\/uploads\/2023\/06\/container-ship-g9d93bfd74_640.jpg","width":640,"height":427,"caption":"Tracking Ship Container"},{"@type":"BreadcrumbList","@id":"https:\/\/ship-tracker.org\/tracking-ship-container\/#breadcrumb","itemListElement":[{"@type":"ListItem","position":1,"name":"Startseite","item":"https:\/\/ship-tracker.org\/"},{"@type":"ListItem","position":2,"name":"Tracking Ship Container"}]},{"@type":"WebSite","@id":"https:\/\/ship-tracker.org\/#website","url":"https:\/\/ship-tracker.org\/","name":"Ship-tracker.org","description":"","potentialAction":[{"@type":"SearchAction","target":{"@type":"EntryPoint","urlTemplate":"https:\/\/ship-tracker.org\/?s={search_term_string}"},"query-input":{"@type":"PropertyValueSpecification","valueRequired":true,"valueName":"search_term_string"}}],"inLanguage":"es"}]}},"_links":{"self":[{"href":"https:\/\/ship-tracker.org\/es\/wp-json\/wp\/v2\/pages\/3583","targetHints":{"allow":["GET"]}}],"collection":[{"href":"https:\/\/ship-tracker.org\/es\/wp-json\/wp\/v2\/pages"}],"about":[{"href":"https:\/\/ship-tracker.org\/es\/wp-json\/wp\/v2\/types\/page"}],"author":[{"embeddable":true,"href":"https:\/\/ship-tracker.org\/es\/wp-json\/wp\/v2\/users\/1"}],"replies":[{"embeddable":true,"href":"https:\/\/ship-tracker.org\/es\/wp-json\/wp\/v2\/comments?post=3583"}],"version-history":[{"count":10,"href":"https:\/\/ship-tracker.org\/es\/wp-json\/wp\/v2\/pages\/3583\/revisions"}],"predecessor-version":[{"id":3595,"href":"https:\/\/ship-tracker.org\/es\/wp-json\/wp\/v2\/pages\/3583\/revisions\/3595"}],"wp:featuredmedia":[{"embeddable":true,"href":"https:\/\/ship-tracker.org\/es\/wp-json\/wp\/v2\/media\/3594"}],"wp:attachment":[{"href":"https:\/\/ship-tracker.org\/es\/wp-json\/wp\/v2\/media?parent=3583"}],"curies":[{"name":"wp","href":"https:\/\/api.w.org\/{rel}","templated":true}]}}