{"id":3527,"date":"2022-11-01T13:21:33","date_gmt":"2022-11-01T12:21:33","guid":{"rendered":"https:\/\/ship-tracker.org\/?page_id=3527"},"modified":"2022-11-01T13:21:33","modified_gmt":"2022-11-01T12:21:33","slug":"celebrity-ascent","status":"publish","type":"page","link":"https:\/\/ship-tracker.org\/es\/celebrity-ascent\/","title":{"rendered":"Ascenso de celebridades"},"content":{"rendered":"<h2><span style=\"color: #000000;\">Ubicaci\u00f3n actual y <\/span><span style=\"color: #000000;\">posici\u00f3n de Ascenso de Celebridades<\/span><\/h2>\n<p>\u00bfD\u00f3nde est\u00e1 actualmente la posici\u00f3n actual de Celebrity Ascent?<\/p>\n<div class=\"su-gmap su-u-responsive-media-yes\"><iframe loading=\"lazy\" width=\"600\" height=\"400\" src=\"\/\/maps.google.com\/maps?q=Chantiers%20de%20l%E2%80%99Atlantique&amp;output=embed\" title=\"\"><\/iframe><\/div>\n<p>Vea la ubicaci\u00f3n actual de Celebrity Ascent. La posici\u00f3n de Celebrity Ascent se puede determinar con precisi\u00f3n mediante los mapas de VesselFinder y MarineTraffic. Para que siempre est\u00e9 bien informado, d\u00f3nde se encuentra actualmente su barco favorito.<\/p>\n<h2 class=\"title\"><span style=\"color: #000000;\">Revisi\u00f3n y especificaciones de Celebrity Ascent<\/span><\/h2>\n<table style=\"height: 294px;\" width=\"400\">\n<tbody>\n<tr>\n<td style=\"width: 192px;\"><span style=\"color: #000000;\"><strong>A\u00f1o de construcci\u00f3n<\/strong><\/span><\/td>\n<td style=\"width: 192px;\"><span style=\"color: #000000;\">2023<\/span><\/td>\n<\/tr>\n<tr>\n<td style=\"width: 192px;\"><span style=\"color: #000000;\"><strong>Constructor<\/strong><\/span><\/td>\n<td style=\"width: 192px;\">Chantiers de l&#039;Atlantique<\/td>\n<\/tr>\n<tr>\n<td style=\"width: 192px;\"><span style=\"color: #000000;\"><strong>Longitud<\/strong><\/span><\/td>\n<td style=\"width: 192px;\"><span style=\"color: #000000;\"><span class=\"specificationUnit\">327 metros<\/span><\/span><\/td>\n<\/tr>\n<tr>\n<td style=\"width: 192px;\"><span style=\"color: #000000;\"><strong>Haz<\/strong><\/span><\/td>\n<td style=\"width: 192px;\"><span style=\"color: #000000;\">39<span class=\"specificationUnit\">\u00a0metro<\/span><\/span><\/td>\n<\/tr>\n<tr>\n<td style=\"width: 192px;\"><span style=\"color: #000000;\"><strong>Arqueo bruto<\/strong><\/span><\/td>\n<td style=\"width: 192px;\"><span style=\"color: #000000;\"><span class=\"specificationUnit\">140600 gt<\/span><\/span><\/td>\n<\/tr>\n<tr>\n<td style=\"width: 192px;\"><span style=\"color: #000000;\"><strong>Pasajeros<\/strong><\/span><\/td>\n<td style=\"width: 192px;\">3276<\/td>\n<\/tr>\n<tr>\n<td style=\"width: 192px;\"><span style=\"color: #000000;\"><strong>Personal<\/strong><\/span><\/td>\n<td style=\"width: 192px;\">1400<\/td>\n<\/tr>\n<tr>\n<td style=\"width: 192px;\"><span style=\"color: #000000;\"><strong>Cubiertas<\/strong>\u00a0<\/span><\/td>\n<td style=\"width: 192px;\"><span style=\"color: #000000;\">16<\/span><\/td>\n<\/tr>\n<tr>\n<td style=\"width: 192px;\"><strong><span style=\"color: #000000;\">Clase<\/span><\/strong><\/td>\n<td style=\"width: 192px;\"><span style=\"color: #000000;\">Borde<\/span><\/td>\n<\/tr>\n<tr>\n<td style=\"width: 192px;\"><strong><span style=\"color: #000000;\">Caba\u00f1as<\/span><\/strong><\/td>\n<td style=\"width: 192px;\">1646<\/td>\n<\/tr>\n<tr>\n<td style=\"width: 192px;\"><span style=\"color: #000000;\"><strong><b>Propietario<\/b><\/strong><\/span><\/td>\n<td style=\"width: 192px;\"><a href=\"https:\/\/ship-tracker.org\/es\/celebrity-cruises\/\">Celebrity Cruises<\/a><\/td>\n<\/tr>\n<\/tbody>\n<\/table>\n<figure id=\"attachment_3528\" aria-describedby=\"caption-attachment-3528\" style=\"width: 900px\" class=\"wp-caption aligncenter\"><img loading=\"lazy\" decoding=\"async\" class=\"size-full wp-image-3528\" src=\"https:\/\/ship-tracker.org\/wp-content\/uploads\/2022\/11\/celebrity-edge.jpeg\" alt=\"Ascenso de celebridades\" width=\"900\" height=\"505\" srcset=\"https:\/\/ship-tracker.org\/wp-content\/uploads\/2022\/11\/celebrity-edge.jpeg 900w, https:\/\/ship-tracker.org\/wp-content\/uploads\/2022\/11\/celebrity-edge-300x168.jpeg 300w, https:\/\/ship-tracker.org\/wp-content\/uploads\/2022\/11\/celebrity-edge-768x431.jpeg 768w, https:\/\/ship-tracker.org\/wp-content\/uploads\/2022\/11\/celebrity-edge-18x10.jpeg 18w, https:\/\/ship-tracker.org\/wp-content\/uploads\/2022\/11\/celebrity-edge-800x450.jpeg 800w\" sizes=\"auto, (max-width: 900px) 100vw, 900px\" \/><figcaption id=\"caption-attachment-3528\" class=\"wp-caption-text\">\u00a9 Celebrity Cruises<\/figcaption><\/figure>\n<h3 class=\"title\">Flota Celebrity Cruises<\/h3>\n<ul>\n<li><a href=\"https:\/\/ship-tracker.org\/es\/celebrity-apex\/\">Celebrity Apex<\/a><\/li>\n<li><a href=\"https:\/\/ship-tracker.org\/es\/celebrity-flora\/\">Celebrity Flora<\/a><\/li>\n<li><a href=\"https:\/\/ship-tracker.org\/es\/celebrity-edge\/\">Celebrity Edge<\/a><\/li>\n<li><a href=\"https:\/\/ship-tracker.org\/es\/celebrity-reflection\/\">Celebrity Reflection<\/a><\/li>\n<li><a href=\"https:\/\/ship-tracker.org\/es\/celebrity-silhouette\/\">Celebrity Silhouette<\/a><\/li>\n<li><a href=\"https:\/\/ship-tracker.org\/es\/celebrity-eclipse\/\">Celebrity Eclipse<\/a><\/li>\n<li><a href=\"https:\/\/ship-tracker.org\/es\/celebrity-equinox\/\">Celebrity Equinox<\/a><\/li>\n<li><a href=\"https:\/\/ship-tracker.org\/es\/celebrity-solstice\/\">Celebrity Solstice<\/a><\/li>\n<li><a href=\"https:\/\/ship-tracker.org\/es\/celebrity-xploration\/\">Celebrity Xploration<\/a><\/li>\n<li><a href=\"https:\/\/ship-tracker.org\/es\/celebrity-constellation\/\">Celebrity Constellation<\/a><\/li>\n<li><a href=\"https:\/\/ship-tracker.org\/es\/celebrity-xperience\/\">Celebrity Xperience<\/a><\/li>\n<li><a href=\"https:\/\/ship-tracker.org\/es\/celebrity-infinity\/\">Celebrity Infinity<\/a><\/li>\n<li><a href=\"https:\/\/ship-tracker.org\/es\/celebrity-summit\/\">Celebrity Summit<\/a><\/li>\n<li><a href=\"https:\/\/ship-tracker.org\/es\/celebrity-xpedition\/\">Celebrity Xpedition<\/a><\/li>\n<li><a href=\"https:\/\/ship-tracker.org\/es\/celebrity-millennium\/\">Celebrity Millennium<\/a><\/li>\n<\/ul>","protected":false},"excerpt":{"rendered":"<p>Ubicaci\u00f3n actual del Celebrity Ascent. \u00bfD\u00f3nde se encuentra actualmente el Celebrity Ascent? Consulte la ubicaci\u00f3n actual del Celebrity Ascent. La ubicaci\u00f3n del Celebrity Ascent se puede determinar con precisi\u00f3n mediante los mapas de VesselFinder y MarineTraffic. As\u00ed, siempre estar\u00e1 bien informado de la ubicaci\u00f3n de su barco favorito. Rese\u00f1a y especificaciones del Celebrity Ascent. A\u00f1o de construcci\u00f3n\u2026&nbsp;<a href=\"https:\/\/ship-tracker.org\/es\/celebrity-ascent\/\" rel=\"bookmark\">Leer m\u00e1s &quot;<span class=\"screen-reader-text\">Ascenso de celebridades<\/span><\/a><\/p>","protected":false},"author":1,"featured_media":0,"parent":0,"menu_order":0,"comment_status":"closed","ping_status":"closed","template":"","meta":{"neve_meta_sidebar":"","neve_meta_container":"","neve_meta_enable_content_width":"","neve_meta_content_width":0,"neve_meta_title_alignment":"","neve_meta_author_avatar":"","neve_post_elements_order":"","neve_meta_disable_header":"","neve_meta_disable_footer":"","neve_meta_disable_title":"","neve_meta_reading_time":"","footnotes":""},"class_list":["post-3527","page","type-page","status-publish","hentry"],"yoast_head":"<!-- This site is optimized with the Yoast SEO plugin v26.9 - https:\/\/yoast.com\/product\/yoast-seo-wordpress\/ -->\n<title>Celebrity Ascent\u2503Current location and position of Celebrity<\/title>\n<meta name=\"description\" content=\"Celebrity Ascent \u2693 Current location and position of Celebrity Ascent \u2713 Cruise Ship Tracker \u2713 Live Ship Tracker \u2713 Review and Specifications\" \/>\n<meta name=\"robots\" content=\"index, follow, max-snippet:-1, max-image-preview:large, max-video-preview:-1\" \/>\n<link rel=\"canonical\" href=\"https:\/\/ship-tracker.org\/es\/celebrity-ascent\/\" \/>\n<meta property=\"og:locale\" content=\"es_ES\" \/>\n<meta property=\"og:type\" content=\"article\" \/>\n<meta property=\"og:title\" content=\"Celebrity Ascent\u2503Current location and position of Celebrity\" \/>\n<meta property=\"og:description\" content=\"Celebrity Ascent \u2693 Current location and position of Celebrity Ascent \u2713 Cruise Ship Tracker \u2713 Live Ship Tracker \u2713 Review and Specifications\" \/>\n<meta property=\"og:url\" content=\"https:\/\/ship-tracker.org\/es\/celebrity-ascent\/\" \/>\n<meta property=\"og:site_name\" content=\"Ship-tracker.org\" \/>\n<meta property=\"og:image\" content=\"https:\/\/ship-tracker.org\/wp-content\/uploads\/2022\/11\/celebrity-edge.jpeg\" \/>\n<meta name=\"twitter:card\" content=\"summary_large_image\" \/>\n<meta name=\"twitter:label1\" content=\"Tiempo de lectura\" \/>\n\t<meta name=\"twitter:data1\" content=\"1 minuto\" \/>\n<script type=\"application\/ld+json\" class=\"yoast-schema-graph\">{\"@context\":\"https:\/\/schema.org\",\"@graph\":[{\"@type\":\"WebPage\",\"@id\":\"https:\/\/ship-tracker.org\/celebrity-ascent\/\",\"url\":\"https:\/\/ship-tracker.org\/celebrity-ascent\/\",\"name\":\"Celebrity Ascent\u2503Current location and position of Celebrity\",\"isPartOf\":{\"@id\":\"https:\/\/ship-tracker.org\/#website\"},\"primaryImageOfPage\":{\"@id\":\"https:\/\/ship-tracker.org\/celebrity-ascent\/#primaryimage\"},\"image\":{\"@id\":\"https:\/\/ship-tracker.org\/celebrity-ascent\/#primaryimage\"},\"thumbnailUrl\":\"https:\/\/ship-tracker.org\/wp-content\/uploads\/2022\/11\/celebrity-edge.jpeg\",\"datePublished\":\"2022-11-01T12:21:33+00:00\",\"description\":\"Celebrity Ascent \u2693 Current location and position of Celebrity Ascent \u2713 Cruise Ship Tracker \u2713 Live Ship Tracker \u2713 Review and Specifications\",\"breadcrumb\":{\"@id\":\"https:\/\/ship-tracker.org\/celebrity-ascent\/#breadcrumb\"},\"inLanguage\":\"es\",\"potentialAction\":[{\"@type\":\"ReadAction\",\"target\":[\"https:\/\/ship-tracker.org\/celebrity-ascent\/\"]}]},{\"@type\":\"ImageObject\",\"inLanguage\":\"es\",\"@id\":\"https:\/\/ship-tracker.org\/celebrity-ascent\/#primaryimage\",\"url\":\"https:\/\/ship-tracker.org\/wp-content\/uploads\/2022\/11\/celebrity-edge.jpeg\",\"contentUrl\":\"https:\/\/ship-tracker.org\/wp-content\/uploads\/2022\/11\/celebrity-edge.jpeg\"},{\"@type\":\"BreadcrumbList\",\"@id\":\"https:\/\/ship-tracker.org\/celebrity-ascent\/#breadcrumb\",\"itemListElement\":[{\"@type\":\"ListItem\",\"position\":1,\"name\":\"Startseite\",\"item\":\"https:\/\/ship-tracker.org\/\"},{\"@type\":\"ListItem\",\"position\":2,\"name\":\"Celebrity Ascent\"}]},{\"@type\":\"WebSite\",\"@id\":\"https:\/\/ship-tracker.org\/#website\",\"url\":\"https:\/\/ship-tracker.org\/\",\"name\":\"Ship-tracker.org\",\"description\":\"\",\"potentialAction\":[{\"@type\":\"SearchAction\",\"target\":{\"@type\":\"EntryPoint\",\"urlTemplate\":\"https:\/\/ship-tracker.org\/?s={search_term_string}\"},\"query-input\":{\"@type\":\"PropertyValueSpecification\",\"valueRequired\":true,\"valueName\":\"search_term_string\"}}],\"inLanguage\":\"es\"}]}<\/script>\n<!-- \/ Yoast SEO plugin. -->","yoast_head_json":{"title":"Celebrity Ascent\u2503Ubicaci\u00f3n actual y posici\u00f3n de Celebrity","description":"Celebrity Ascent \u2693 Ubicaci\u00f3n actual y posici\u00f3n de Celebrity Ascent \u2713 Rastreador de cruceros \u2713 Rastreador de barcos en vivo \u2713 Revisi\u00f3n y especificaciones","robots":{"index":"index","follow":"follow","max-snippet":"max-snippet:-1","max-image-preview":"max-image-preview:large","max-video-preview":"max-video-preview:-1"},"canonical":"https:\/\/ship-tracker.org\/es\/celebrity-ascent\/","og_locale":"es_ES","og_type":"article","og_title":"Celebrity Ascent\u2503Current location and position of Celebrity","og_description":"Celebrity Ascent \u2693 Current location and position of Celebrity Ascent \u2713 Cruise Ship Tracker \u2713 Live Ship Tracker \u2713 Review and Specifications","og_url":"https:\/\/ship-tracker.org\/es\/celebrity-ascent\/","og_site_name":"Ship-tracker.org","og_image":[{"url":"https:\/\/ship-tracker.org\/wp-content\/uploads\/2022\/11\/celebrity-edge.jpeg","type":"","width":"","height":""}],"twitter_card":"summary_large_image","twitter_misc":{"Tiempo de lectura":"1 minuto"},"schema":{"@context":"https:\/\/schema.org","@graph":[{"@type":"WebPage","@id":"https:\/\/ship-tracker.org\/celebrity-ascent\/","url":"https:\/\/ship-tracker.org\/celebrity-ascent\/","name":"Celebrity Ascent\u2503Ubicaci\u00f3n actual y posici\u00f3n de Celebrity","isPartOf":{"@id":"https:\/\/ship-tracker.org\/#website"},"primaryImageOfPage":{"@id":"https:\/\/ship-tracker.org\/celebrity-ascent\/#primaryimage"},"image":{"@id":"https:\/\/ship-tracker.org\/celebrity-ascent\/#primaryimage"},"thumbnailUrl":"https:\/\/ship-tracker.org\/wp-content\/uploads\/2022\/11\/celebrity-edge.jpeg","datePublished":"2022-11-01T12:21:33+00:00","description":"Celebrity Ascent \u2693 Ubicaci\u00f3n actual y posici\u00f3n de Celebrity Ascent \u2713 Rastreador de cruceros \u2713 Rastreador de barcos en vivo \u2713 Revisi\u00f3n y especificaciones","breadcrumb":{"@id":"https:\/\/ship-tracker.org\/celebrity-ascent\/#breadcrumb"},"inLanguage":"es","potentialAction":[{"@type":"ReadAction","target":["https:\/\/ship-tracker.org\/celebrity-ascent\/"]}]},{"@type":"ImageObject","inLanguage":"es","@id":"https:\/\/ship-tracker.org\/celebrity-ascent\/#primaryimage","url":"https:\/\/ship-tracker.org\/wp-content\/uploads\/2022\/11\/celebrity-edge.jpeg","contentUrl":"https:\/\/ship-tracker.org\/wp-content\/uploads\/2022\/11\/celebrity-edge.jpeg"},{"@type":"BreadcrumbList","@id":"https:\/\/ship-tracker.org\/celebrity-ascent\/#breadcrumb","itemListElement":[{"@type":"ListItem","position":1,"name":"Startseite","item":"https:\/\/ship-tracker.org\/"},{"@type":"ListItem","position":2,"name":"Celebrity Ascent"}]},{"@type":"WebSite","@id":"https:\/\/ship-tracker.org\/#website","url":"https:\/\/ship-tracker.org\/","name":"Ship-tracker.org","description":"","potentialAction":[{"@type":"SearchAction","target":{"@type":"EntryPoint","urlTemplate":"https:\/\/ship-tracker.org\/?s={search_term_string}"},"query-input":{"@type":"PropertyValueSpecification","valueRequired":true,"valueName":"search_term_string"}}],"inLanguage":"es"}]}},"_links":{"self":[{"href":"https:\/\/ship-tracker.org\/es\/wp-json\/wp\/v2\/pages\/3527","targetHints":{"allow":["GET"]}}],"collection":[{"href":"https:\/\/ship-tracker.org\/es\/wp-json\/wp\/v2\/pages"}],"about":[{"href":"https:\/\/ship-tracker.org\/es\/wp-json\/wp\/v2\/types\/page"}],"author":[{"embeddable":true,"href":"https:\/\/ship-tracker.org\/es\/wp-json\/wp\/v2\/users\/1"}],"replies":[{"embeddable":true,"href":"https:\/\/ship-tracker.org\/es\/wp-json\/wp\/v2\/comments?post=3527"}],"version-history":[{"count":2,"href":"https:\/\/ship-tracker.org\/es\/wp-json\/wp\/v2\/pages\/3527\/revisions"}],"predecessor-version":[{"id":3530,"href":"https:\/\/ship-tracker.org\/es\/wp-json\/wp\/v2\/pages\/3527\/revisions\/3530"}],"wp:attachment":[{"href":"https:\/\/ship-tracker.org\/es\/wp-json\/wp\/v2\/media?parent=3527"}],"curies":[{"name":"wp","href":"https:\/\/api.w.org\/{rel}","templated":true}]}}