{"id":3515,"date":"2022-11-01T13:00:45","date_gmt":"2022-11-01T12:00:45","guid":{"rendered":"https:\/\/ship-tracker.org\/?page_id=3515"},"modified":"2022-11-01T13:00:45","modified_gmt":"2022-11-01T12:00:45","slug":"viking-polaris","status":"publish","type":"page","link":"https:\/\/ship-tracker.org\/es\/viking-polaris\/","title":{"rendered":"Viking Polaris"},"content":{"rendered":"<h2><span style=\"color: #000000;\">Ubicaci\u00f3n actual y <\/span><span style=\"color: #000000;\">posici\u00f3n de Viking Polaris<\/span><\/h2>\n<p>\u00bfD\u00f3nde est\u00e1 actualmente la posici\u00f3n actual de Viking Polaris?<\/p>\n<p><script type=\"text\/javascript\">\n  var width=\"100%\";var height=\"400\";\n  var mmsi=259144000;\n<\/script><script type=\"text\/javascript\" src=\"https:\/\/www.vesselfinder.com\/aismap.js\"><\/script><\/p>\n<p>Vea la ubicaci\u00f3n actual de Viking Polaris. La posici\u00f3n de Viking Polaris se puede determinar con precisi\u00f3n mediante los mapas de VesselFinder y MarineTraffic. Para que siempre est\u00e9 bien informado, d\u00f3nde se encuentra actualmente su barco favorito.<\/p>\n<h2 class=\"title\"><span style=\"color: #000000;\">Revisi\u00f3n y especificaciones de Viking Polaris<\/span><\/h2>\n<table class=\"responsive\">\n<tbody>\n<tr>\n<td style=\"width: 192px;\"><span style=\"color: #000000;\"><strong>Estado del pabell\u00f3n<\/strong><\/span><\/td>\n<td style=\"width: 192px;\"><span style=\"color: #000000;\">Noruega<\/span><\/td>\n<\/tr>\n<tr>\n<td style=\"width: 192px;\"><span style=\"color: #000000;\"><strong>A\u00f1o de construcci\u00f3n<\/strong><\/span><\/td>\n<td style=\"width: 192px;\">2022<\/td>\n<\/tr>\n<tr>\n<td style=\"width: 192px;\"><span style=\"color: #000000;\"><strong>Constructor<\/strong><\/span><\/td>\n<td style=\"width: 192px;\">Astilleros VARD<\/td>\n<\/tr>\n<tr>\n<td style=\"width: 192px;\"><span style=\"color: #000000;\"><strong>Longitud<\/strong><\/span><\/td>\n<td style=\"width: 192px;\"><span style=\"color: #000000;\"><span class=\"specificationUnit\">203 metros<\/span><\/span><\/td>\n<\/tr>\n<tr>\n<td style=\"width: 192px;\"><span style=\"color: #000000;\"><strong>Haz<\/strong><\/span><\/td>\n<td style=\"width: 192px;\"><span style=\"color: #000000;\"><span class=\"specificationUnit\">24 m<\/span><\/span><\/td>\n<\/tr>\n<tr>\n<td style=\"width: 192px;\"><span style=\"color: #000000;\"><strong>Arqueo bruto<\/strong><\/span><\/td>\n<td style=\"width: 192px;\"><span style=\"color: #000000;\"><span class=\"specificationUnit\">30150 gt<\/span><\/span><\/td>\n<\/tr>\n<tr>\n<td style=\"width: 192px;\"><span style=\"color: #000000;\"><strong>Pasajeros<\/strong><\/span><\/td>\n<td style=\"width: 192px;\">378<\/td>\n<\/tr>\n<tr>\n<td style=\"width: 192px;\"><span style=\"color: #000000;\"><strong>Personal<\/strong><\/span><\/td>\n<td style=\"width: 192px;\">260<\/td>\n<\/tr>\n<tr>\n<td style=\"width: 192px;\"><span style=\"color: #000000;\"><strong>Cubiertas<\/strong>\u00a0<\/span><\/td>\n<td style=\"width: 192px;\"><span style=\"color: #000000;\">7<\/span><\/td>\n<\/tr>\n<tr>\n<td style=\"width: 192px;\"><span style=\"color: #000000;\"><strong>Velocidad<\/strong><\/span><\/td>\n<td style=\"width: 192px;\"><span style=\"color: #000000;\"><span class=\"specificationUnit\">18 kn<\/span><\/span><\/td>\n<\/tr>\n<tr>\n<td style=\"width: 192px;\"><span style=\"color: #000000;\"><strong><b>Puerto de registro<\/b><\/strong><\/span><\/td>\n<td style=\"width: 192px;\"><span style=\"color: #000000;\">Bergen<\/span><\/td>\n<\/tr>\n<tr>\n<td style=\"width: 192px;\"><strong><span style=\"color: #000000;\">Caba\u00f1as<\/span><\/strong><\/td>\n<td style=\"width: 192px;\">189<\/td>\n<\/tr>\n<tr>\n<td style=\"width: 192px;\"><span style=\"color: #000000;\"><strong><b>Propietario<\/b><\/strong><\/span><\/td>\n<td style=\"width: 192px;\"><a href=\"https:\/\/ship-tracker.org\/es\/viking-ocean-cruises\/\">Viking Ocean Cruises<\/a><\/td>\n<\/tr>\n<\/tbody>\n<\/table>\n<figure id=\"attachment_3517\" aria-describedby=\"caption-attachment-3517\" style=\"width: 1000px\" class=\"wp-caption aligncenter\"><img loading=\"lazy\" decoding=\"async\" class=\"size-full wp-image-3517\" src=\"https:\/\/ship-tracker.org\/wp-content\/uploads\/2022\/11\/Viking-Octantis.jpg\" alt=\"Viking Polaris\" width=\"1000\" height=\"637\" srcset=\"https:\/\/ship-tracker.org\/wp-content\/uploads\/2022\/11\/Viking-Octantis.jpg 1000w, https:\/\/ship-tracker.org\/wp-content\/uploads\/2022\/11\/Viking-Octantis-300x191.jpg 300w, https:\/\/ship-tracker.org\/wp-content\/uploads\/2022\/11\/Viking-Octantis-768x489.jpg 768w, https:\/\/ship-tracker.org\/wp-content\/uploads\/2022\/11\/Viking-Octantis-18x12.jpg 18w\" sizes=\"auto, (max-width: 1000px) 100vw, 1000px\" \/><figcaption id=\"caption-attachment-3517\" class=\"wp-caption-text\">\u00a9 Cruceros vikingos<\/figcaption><\/figure>\n<h3 class=\"title\">Flota de cruceros vikingos<\/h3>\n<ul>\n<li><a href=\"https:\/\/ship-tracker.org\/es\/viking-jupiter\/\">Viking Jupiter<\/a><\/li>\n<li><a href=\"https:\/\/ship-tracker.org\/es\/viking-orion\/\">Viking Orion<\/a><\/li>\n<li><a href=\"https:\/\/ship-tracker.org\/es\/viking-sky\/\">Viking Sky<\/a><\/li>\n<li><a href=\"https:\/\/ship-tracker.org\/es\/viking-sun\/\">Viking Sun<\/a><\/li>\n<li><a href=\"https:\/\/ship-tracker.org\/es\/viking-sea\/\">Viking Sea<\/a><\/li>\n<\/ul>","protected":false},"excerpt":{"rendered":"<p>Ubicaci\u00f3n actual del Viking Polaris. \u00bfD\u00f3nde se encuentra actualmente el Viking Polaris? Consulta la ubicaci\u00f3n actual del Viking Polaris. La ubicaci\u00f3n del Viking Polaris se puede determinar con precisi\u00f3n mediante los mapas de VesselFinder y MarineTraffic. As\u00ed, siempre estar\u00e1s bien informado de la ubicaci\u00f3n de tu barco favorito. Rese\u00f1a y especificaciones del Viking Polaris. Estado de la bandera\u2026&nbsp;<a href=\"https:\/\/ship-tracker.org\/es\/viking-polaris\/\" rel=\"bookmark\">Leer m\u00e1s &quot;<span class=\"screen-reader-text\">Viking Polaris<\/span><\/a><\/p>","protected":false},"author":1,"featured_media":0,"parent":0,"menu_order":0,"comment_status":"closed","ping_status":"closed","template":"","meta":{"neve_meta_sidebar":"","neve_meta_container":"","neve_meta_enable_content_width":"","neve_meta_content_width":0,"neve_meta_title_alignment":"","neve_meta_author_avatar":"","neve_post_elements_order":"","neve_meta_disable_header":"","neve_meta_disable_footer":"","neve_meta_disable_title":"","neve_meta_reading_time":"","footnotes":""},"class_list":["post-3515","page","type-page","status-publish","hentry"],"yoast_head":"<!-- This site is optimized with the Yoast SEO plugin v27.4 - https:\/\/yoast.com\/product\/yoast-seo-wordpress\/ -->\n<title>Viking Polaris \u2503 Current location and position of Viking Cruises<\/title>\n<meta name=\"description\" content=\"Viking Polaris \u2693 Current location and position of Viking Polaris \u2713 Cruise Ship Tracker \u2713 Live Ship Tracker \u2713 Review and Specifications\" \/>\n<meta name=\"robots\" content=\"index, follow, max-snippet:-1, max-image-preview:large, max-video-preview:-1\" \/>\n<link rel=\"canonical\" href=\"https:\/\/ship-tracker.org\/es\/viking-polaris\/\" \/>\n<meta property=\"og:locale\" content=\"es_ES\" \/>\n<meta property=\"og:type\" content=\"article\" \/>\n<meta property=\"og:title\" content=\"Viking Polaris \u2503 Current location and position of Viking Cruises\" \/>\n<meta property=\"og:description\" content=\"Viking Polaris \u2693 Current location and position of Viking Polaris \u2713 Cruise Ship Tracker \u2713 Live Ship Tracker \u2713 Review and Specifications\" \/>\n<meta property=\"og:url\" content=\"https:\/\/ship-tracker.org\/es\/viking-polaris\/\" \/>\n<meta property=\"og:site_name\" content=\"Ship-tracker.org\" \/>\n<meta property=\"og:image\" content=\"https:\/\/ship-tracker.org\/wp-content\/uploads\/2022\/11\/Viking-Octantis.jpg\" \/>\n<meta name=\"twitter:card\" content=\"summary_large_image\" \/>\n<meta name=\"twitter:label1\" content=\"Tiempo de lectura\" \/>\n\t<meta name=\"twitter:data1\" content=\"1 minuto\" \/>\n<script type=\"application\/ld+json\" class=\"yoast-schema-graph\">{\"@context\":\"https:\\\/\\\/schema.org\",\"@graph\":[{\"@type\":\"WebPage\",\"@id\":\"https:\\\/\\\/ship-tracker.org\\\/viking-polaris\\\/\",\"url\":\"https:\\\/\\\/ship-tracker.org\\\/viking-polaris\\\/\",\"name\":\"Viking Polaris \u2503 Current location and position of Viking Cruises\",\"isPartOf\":{\"@id\":\"https:\\\/\\\/ship-tracker.org\\\/#website\"},\"primaryImageOfPage\":{\"@id\":\"https:\\\/\\\/ship-tracker.org\\\/viking-polaris\\\/#primaryimage\"},\"image\":{\"@id\":\"https:\\\/\\\/ship-tracker.org\\\/viking-polaris\\\/#primaryimage\"},\"thumbnailUrl\":\"https:\\\/\\\/ship-tracker.org\\\/wp-content\\\/uploads\\\/2022\\\/11\\\/Viking-Octantis.jpg\",\"datePublished\":\"2022-11-01T12:00:45+00:00\",\"description\":\"Viking Polaris \u2693 Current location and position of Viking Polaris \u2713 Cruise Ship Tracker \u2713 Live Ship Tracker \u2713 Review and Specifications\",\"breadcrumb\":{\"@id\":\"https:\\\/\\\/ship-tracker.org\\\/viking-polaris\\\/#breadcrumb\"},\"inLanguage\":\"es\",\"potentialAction\":[{\"@type\":\"ReadAction\",\"target\":[\"https:\\\/\\\/ship-tracker.org\\\/viking-polaris\\\/\"]}]},{\"@type\":\"ImageObject\",\"inLanguage\":\"es\",\"@id\":\"https:\\\/\\\/ship-tracker.org\\\/viking-polaris\\\/#primaryimage\",\"url\":\"https:\\\/\\\/ship-tracker.org\\\/wp-content\\\/uploads\\\/2022\\\/11\\\/Viking-Octantis.jpg\",\"contentUrl\":\"https:\\\/\\\/ship-tracker.org\\\/wp-content\\\/uploads\\\/2022\\\/11\\\/Viking-Octantis.jpg\"},{\"@type\":\"BreadcrumbList\",\"@id\":\"https:\\\/\\\/ship-tracker.org\\\/viking-polaris\\\/#breadcrumb\",\"itemListElement\":[{\"@type\":\"ListItem\",\"position\":1,\"name\":\"Startseite\",\"item\":\"https:\\\/\\\/ship-tracker.org\\\/\"},{\"@type\":\"ListItem\",\"position\":2,\"name\":\"Viking Polaris\"}]},{\"@type\":\"WebSite\",\"@id\":\"https:\\\/\\\/ship-tracker.org\\\/#website\",\"url\":\"https:\\\/\\\/ship-tracker.org\\\/\",\"name\":\"Ship-tracker.org\",\"description\":\"\",\"potentialAction\":[{\"@type\":\"SearchAction\",\"target\":{\"@type\":\"EntryPoint\",\"urlTemplate\":\"https:\\\/\\\/ship-tracker.org\\\/?s={search_term_string}\"},\"query-input\":{\"@type\":\"PropertyValueSpecification\",\"valueRequired\":true,\"valueName\":\"search_term_string\"}}],\"inLanguage\":\"es\"}]}<\/script>\n<!-- \/ Yoast SEO plugin. -->","yoast_head_json":{"title":"Viking Polaris \u2503 Ubicaci\u00f3n actual y posici\u00f3n de Viking Cruises","description":"Viking Polaris \u2693 Ubicaci\u00f3n actual y posici\u00f3n de Viking Polaris \u2713 Rastreador de cruceros \u2713 Rastreador de barcos en vivo \u2713 Revisi\u00f3n y especificaciones","robots":{"index":"index","follow":"follow","max-snippet":"max-snippet:-1","max-image-preview":"max-image-preview:large","max-video-preview":"max-video-preview:-1"},"canonical":"https:\/\/ship-tracker.org\/es\/viking-polaris\/","og_locale":"es_ES","og_type":"article","og_title":"Viking Polaris \u2503 Current location and position of Viking Cruises","og_description":"Viking Polaris \u2693 Current location and position of Viking Polaris \u2713 Cruise Ship Tracker \u2713 Live Ship Tracker \u2713 Review and Specifications","og_url":"https:\/\/ship-tracker.org\/es\/viking-polaris\/","og_site_name":"Ship-tracker.org","og_image":[{"url":"https:\/\/ship-tracker.org\/wp-content\/uploads\/2022\/11\/Viking-Octantis.jpg","type":"","width":"","height":""}],"twitter_card":"summary_large_image","twitter_misc":{"Tiempo de lectura":"1 minuto"},"schema":{"@context":"https:\/\/schema.org","@graph":[{"@type":"WebPage","@id":"https:\/\/ship-tracker.org\/viking-polaris\/","url":"https:\/\/ship-tracker.org\/viking-polaris\/","name":"Viking Polaris \u2503 Ubicaci\u00f3n actual y posici\u00f3n de Viking Cruises","isPartOf":{"@id":"https:\/\/ship-tracker.org\/#website"},"primaryImageOfPage":{"@id":"https:\/\/ship-tracker.org\/viking-polaris\/#primaryimage"},"image":{"@id":"https:\/\/ship-tracker.org\/viking-polaris\/#primaryimage"},"thumbnailUrl":"https:\/\/ship-tracker.org\/wp-content\/uploads\/2022\/11\/Viking-Octantis.jpg","datePublished":"2022-11-01T12:00:45+00:00","description":"Viking Polaris \u2693 Ubicaci\u00f3n actual y posici\u00f3n de Viking Polaris \u2713 Rastreador de cruceros \u2713 Rastreador de barcos en vivo \u2713 Revisi\u00f3n y especificaciones","breadcrumb":{"@id":"https:\/\/ship-tracker.org\/viking-polaris\/#breadcrumb"},"inLanguage":"es","potentialAction":[{"@type":"ReadAction","target":["https:\/\/ship-tracker.org\/viking-polaris\/"]}]},{"@type":"ImageObject","inLanguage":"es","@id":"https:\/\/ship-tracker.org\/viking-polaris\/#primaryimage","url":"https:\/\/ship-tracker.org\/wp-content\/uploads\/2022\/11\/Viking-Octantis.jpg","contentUrl":"https:\/\/ship-tracker.org\/wp-content\/uploads\/2022\/11\/Viking-Octantis.jpg"},{"@type":"BreadcrumbList","@id":"https:\/\/ship-tracker.org\/viking-polaris\/#breadcrumb","itemListElement":[{"@type":"ListItem","position":1,"name":"Startseite","item":"https:\/\/ship-tracker.org\/"},{"@type":"ListItem","position":2,"name":"Viking Polaris"}]},{"@type":"WebSite","@id":"https:\/\/ship-tracker.org\/#website","url":"https:\/\/ship-tracker.org\/","name":"Ship-tracker.org","description":"","potentialAction":[{"@type":"SearchAction","target":{"@type":"EntryPoint","urlTemplate":"https:\/\/ship-tracker.org\/?s={search_term_string}"},"query-input":{"@type":"PropertyValueSpecification","valueRequired":true,"valueName":"search_term_string"}}],"inLanguage":"es"}]}},"_links":{"self":[{"href":"https:\/\/ship-tracker.org\/es\/wp-json\/wp\/v2\/pages\/3515","targetHints":{"allow":["GET"]}}],"collection":[{"href":"https:\/\/ship-tracker.org\/es\/wp-json\/wp\/v2\/pages"}],"about":[{"href":"https:\/\/ship-tracker.org\/es\/wp-json\/wp\/v2\/types\/page"}],"author":[{"embeddable":true,"href":"https:\/\/ship-tracker.org\/es\/wp-json\/wp\/v2\/users\/1"}],"replies":[{"embeddable":true,"href":"https:\/\/ship-tracker.org\/es\/wp-json\/wp\/v2\/comments?post=3515"}],"version-history":[{"count":1,"href":"https:\/\/ship-tracker.org\/es\/wp-json\/wp\/v2\/pages\/3515\/revisions"}],"predecessor-version":[{"id":3518,"href":"https:\/\/ship-tracker.org\/es\/wp-json\/wp\/v2\/pages\/3515\/revisions\/3518"}],"wp:attachment":[{"href":"https:\/\/ship-tracker.org\/es\/wp-json\/wp\/v2\/media?parent=3515"}],"curies":[{"name":"wp","href":"https:\/\/api.w.org\/{rel}","templated":true}]}}