{"id":3450,"date":"2022-02-06T19:35:34","date_gmt":"2022-02-06T18:35:34","guid":{"rendered":"https:\/\/ship-tracker.org\/?page_id=3450"},"modified":"2022-02-06T19:35:34","modified_gmt":"2022-02-06T18:35:34","slug":"argentina-star","status":"publish","type":"page","link":"https:\/\/ship-tracker.org\/es\/argentina-star\/","title":{"rendered":"ESTRELLA ARGENTINA"},"content":{"rendered":"<p><strong>ESTRELLA ARGENTINA<\/strong> (IMO: 7636688) navegando actualmente bajo bandera de <strong>Bahamas<\/strong>. El buque ARGENTINA STAR es un <strong>Barco mercante<\/strong> incorporado <strong>1979<\/strong>. Su longitud de longitud total (LOA) es <strong>207.32<\/strong>\u00a0m, haz es <strong>25.2<\/strong>\u00a0metros<strong> ESTRELLA ARGENTINA<\/strong> la capacidad del contenedor es <strong>1261<\/strong>\u00a0<strong>TUE<\/strong>.<\/p>\n<h2>Ubicaci\u00f3n y posici\u00f3n actual de ARGENTINA STAR (IMO 7636688) \u2013 Portacontenedores<\/h2>\n<p>\u00bfD\u00f3nde est\u00e1 la posici\u00f3n actual de ARGENTINA STAR actualmente?<\/p>\n<p><script type=\"text\/javascript\">\n  var width=\"1500\";\n  var height=\"500\";\n  var zoom=\"3\";\n  var click_to_activate=false;\n<\/script><br \/>\n<script type=\"text\/javascript\" src=\"https:\/\/www.vesselfinder.com\/aismap.js\">\n<\/script><\/p>\n<p>Ver ubicaci\u00f3n actual de ARGENTINA STAR. La posici\u00f3n de ARGENTINA STAR se puede determinar con precisi\u00f3n mediante los mapas de VesselFinder y MarineTraffic. Para que siempre est\u00e9 bien informado, d\u00f3nde se encuentra actualmente su barco favorito.<\/p>\n<h2>Detalles del barco para ARGENTINA STAR<\/h2>\n<table>\n<tbody>\n<tr>\n<td style=\"width: 50%;\"><strong>Detalles del barco<\/strong><\/td>\n<td style=\"width: 50%;\"><strong>Valor<\/strong><\/td>\n<\/tr>\n<tr>\n<td style=\"width: 50%;\">Nombre del buque<\/td>\n<td style=\"width: 50%;\">ESTRELLA ARGENTINA<\/td>\n<\/tr>\n<tr>\n<td style=\"width: 50%;\">tipo de barco<\/td>\n<td style=\"width: 50%;\">Barco mercante<\/td>\n<\/tr>\n<tr>\n<td style=\"width: 50%;\">OMI<\/td>\n<td style=\"width: 50%;\">7636688<\/td>\n<\/tr>\n<tr>\n<td style=\"width: 50%;\">MMSI<\/td>\n<td style=\"width: 50%;\">N \/ A<\/td>\n<\/tr>\n<tr>\n<td style=\"width: 50%;\">Se\u00f1al de llamada<\/td>\n<td style=\"width: 50%;\">N \/ A<\/td>\n<\/tr>\n<tr>\n<td style=\"width: 50%;\">Bandera<\/td>\n<td style=\"width: 50%;\">Bahamas<\/td>\n<\/tr>\n<tr>\n<td style=\"width: 50%;\">Arqueo bruto<\/td>\n<td style=\"width: 50%;\">22635<\/td>\n<\/tr>\n<tr>\n<td style=\"width: 50%;\">peso muerto<\/td>\n<td style=\"width: 50%;\">23756<\/td>\n<\/tr>\n<tr>\n<td style=\"width: 50%;\">Longitud<\/td>\n<td style=\"width: 50%;\">207,32 metros<\/td>\n<\/tr>\n<tr>\n<td style=\"width: 50%;\">Haz<\/td>\n<td style=\"width: 50%;\">25,2 metros<\/td>\n<\/tr>\n<tr>\n<td style=\"width: 50%;\">A\u00f1o de construcci\u00f3n<\/td>\n<td style=\"width: 50%;\">1979<\/td>\n<\/tr>\n<tr>\n<td style=\"width: 50%;\">Constructor<\/td>\n<td style=\"width: 50%;\">CAZADOR DE CISNES HAVERTON HILL<\/td>\n<\/tr>\n<tr>\n<td style=\"width: 50%;\">Patio<\/td>\n<td style=\"width: 50%;\">COLINA DE HAVERTON<\/td>\n<\/tr>\n<tr>\n<td style=\"width: 50%;\">TUE<\/td>\n<td style=\"width: 50%;\">1261<\/td>\n<\/tr>\n<tr>\n<td style=\"width: 50%;\">Operador de barcos<\/td>\n<td style=\"width: 50%;\"><a href=\"https:\/\/ship-tracker.org\/es\/maersk-line\/\">linea Maersk<\/a><\/td>\n<\/tr>\n<\/tbody>\n<\/table>\n<p>Todos los detalles son para fines informativos y ship-tracker.org no es responsable de la precisi\u00f3n y confiabilidad de los valores de los datos.<\/p>","protected":false},"excerpt":{"rendered":"<p>El ARGENTINA STAR (OMI: 7636688) navega actualmente bajo bandera de Bahamas. El buque portacontenedores ARGENTINA STAR es construido en 1979. Tiene una eslora total de 207,32 m y una manga de 25,2 metros. Su capacidad para contenedores es de 1261 TEU. Ubicaci\u00f3n y posici\u00f3n actual del ARGENTINA STAR (OMI 7636688) \u2013 Portacontenedores. \u00bfD\u00f3nde se encuentra la posici\u00f3n actual?&nbsp;<a href=\"https:\/\/ship-tracker.org\/es\/argentina-star\/\" rel=\"bookmark\">Leer m\u00e1s &quot;<span class=\"screen-reader-text\">ESTRELLA ARGENTINA<\/span><\/a><\/p>","protected":false},"author":1,"featured_media":0,"parent":0,"menu_order":0,"comment_status":"closed","ping_status":"closed","template":"","meta":{"neve_meta_sidebar":"","neve_meta_container":"","neve_meta_enable_content_width":"","neve_meta_content_width":0,"neve_meta_title_alignment":"","neve_meta_author_avatar":"","neve_post_elements_order":"","neve_meta_disable_header":"","neve_meta_disable_footer":"","neve_meta_disable_title":"","neve_meta_reading_time":"","footnotes":""},"class_list":["post-3450","page","type-page","status-publish","hentry"],"yoast_head":"<!-- This site is optimized with the Yoast SEO plugin v26.9 - https:\/\/yoast.com\/product\/yoast-seo-wordpress\/ -->\n<title>ARGENTINA STAR - Container Ship, IMO 7636688 - Current location<\/title>\n<meta name=\"description\" content=\"Track current location and position of ARGENTINA STAR Container Ship on Live Map - IMO: 7636688 \u2713 Container Ship Tracking\" \/>\n<meta name=\"robots\" content=\"index, follow, max-snippet:-1, max-image-preview:large, max-video-preview:-1\" \/>\n<link rel=\"canonical\" href=\"https:\/\/ship-tracker.org\/es\/argentina-star\/\" \/>\n<meta property=\"og:locale\" content=\"es_ES\" \/>\n<meta property=\"og:type\" content=\"article\" \/>\n<meta property=\"og:title\" content=\"ARGENTINA STAR - Container Ship, IMO 7636688 - Current location\" \/>\n<meta property=\"og:description\" content=\"Track current location and position of ARGENTINA STAR Container Ship on Live Map - IMO: 7636688 \u2713 Container Ship Tracking\" \/>\n<meta property=\"og:url\" content=\"https:\/\/ship-tracker.org\/es\/argentina-star\/\" \/>\n<meta property=\"og:site_name\" content=\"Ship-tracker.org\" \/>\n<meta name=\"twitter:card\" content=\"summary_large_image\" \/>\n<meta name=\"twitter:label1\" content=\"Tiempo de lectura\" \/>\n\t<meta name=\"twitter:data1\" content=\"1 minuto\" \/>\n<script type=\"application\/ld+json\" class=\"yoast-schema-graph\">{\"@context\":\"https:\/\/schema.org\",\"@graph\":[{\"@type\":\"WebPage\",\"@id\":\"https:\/\/ship-tracker.org\/argentina-star\/\",\"url\":\"https:\/\/ship-tracker.org\/argentina-star\/\",\"name\":\"ARGENTINA STAR - Container Ship, IMO 7636688 - Current location\",\"isPartOf\":{\"@id\":\"https:\/\/ship-tracker.org\/#website\"},\"datePublished\":\"2022-02-06T18:35:34+00:00\",\"description\":\"Track current location and position of ARGENTINA STAR Container Ship on Live Map - IMO: 7636688 \u2713 Container Ship Tracking\",\"breadcrumb\":{\"@id\":\"https:\/\/ship-tracker.org\/argentina-star\/#breadcrumb\"},\"inLanguage\":\"es\",\"potentialAction\":[{\"@type\":\"ReadAction\",\"target\":[\"https:\/\/ship-tracker.org\/argentina-star\/\"]}]},{\"@type\":\"BreadcrumbList\",\"@id\":\"https:\/\/ship-tracker.org\/argentina-star\/#breadcrumb\",\"itemListElement\":[{\"@type\":\"ListItem\",\"position\":1,\"name\":\"Startseite\",\"item\":\"https:\/\/ship-tracker.org\/\"},{\"@type\":\"ListItem\",\"position\":2,\"name\":\"ARGENTINA STAR\"}]},{\"@type\":\"WebSite\",\"@id\":\"https:\/\/ship-tracker.org\/#website\",\"url\":\"https:\/\/ship-tracker.org\/\",\"name\":\"Ship-tracker.org\",\"description\":\"\",\"potentialAction\":[{\"@type\":\"SearchAction\",\"target\":{\"@type\":\"EntryPoint\",\"urlTemplate\":\"https:\/\/ship-tracker.org\/?s={search_term_string}\"},\"query-input\":{\"@type\":\"PropertyValueSpecification\",\"valueRequired\":true,\"valueName\":\"search_term_string\"}}],\"inLanguage\":\"es\"}]}<\/script>\n<!-- \/ Yoast SEO plugin. -->","yoast_head_json":{"title":"ARGENTINA STAR - Buque Portacontenedores, OMI 7636688 - Ubicaci\u00f3n actual","description":"Seguimiento de la ubicaci\u00f3n y posici\u00f3n actual del buque portacontenedores ARGENTINA STAR en el mapa en vivo - OMI: 7636688 \u2713 Seguimiento de buques portacontenedores","robots":{"index":"index","follow":"follow","max-snippet":"max-snippet:-1","max-image-preview":"max-image-preview:large","max-video-preview":"max-video-preview:-1"},"canonical":"https:\/\/ship-tracker.org\/es\/argentina-star\/","og_locale":"es_ES","og_type":"article","og_title":"ARGENTINA STAR - Container Ship, IMO 7636688 - Current location","og_description":"Track current location and position of ARGENTINA STAR Container Ship on Live Map - IMO: 7636688 \u2713 Container Ship Tracking","og_url":"https:\/\/ship-tracker.org\/es\/argentina-star\/","og_site_name":"Ship-tracker.org","twitter_card":"summary_large_image","twitter_misc":{"Tiempo de lectura":"1 minuto"},"schema":{"@context":"https:\/\/schema.org","@graph":[{"@type":"WebPage","@id":"https:\/\/ship-tracker.org\/argentina-star\/","url":"https:\/\/ship-tracker.org\/argentina-star\/","name":"ARGENTINA STAR - Buque Portacontenedores, OMI 7636688 - Ubicaci\u00f3n actual","isPartOf":{"@id":"https:\/\/ship-tracker.org\/#website"},"datePublished":"2022-02-06T18:35:34+00:00","description":"Seguimiento de la ubicaci\u00f3n y posici\u00f3n actual del buque portacontenedores ARGENTINA STAR en el mapa en vivo - OMI: 7636688 \u2713 Seguimiento de buques portacontenedores","breadcrumb":{"@id":"https:\/\/ship-tracker.org\/argentina-star\/#breadcrumb"},"inLanguage":"es","potentialAction":[{"@type":"ReadAction","target":["https:\/\/ship-tracker.org\/argentina-star\/"]}]},{"@type":"BreadcrumbList","@id":"https:\/\/ship-tracker.org\/argentina-star\/#breadcrumb","itemListElement":[{"@type":"ListItem","position":1,"name":"Startseite","item":"https:\/\/ship-tracker.org\/"},{"@type":"ListItem","position":2,"name":"ARGENTINA STAR"}]},{"@type":"WebSite","@id":"https:\/\/ship-tracker.org\/#website","url":"https:\/\/ship-tracker.org\/","name":"Ship-tracker.org","description":"","potentialAction":[{"@type":"SearchAction","target":{"@type":"EntryPoint","urlTemplate":"https:\/\/ship-tracker.org\/?s={search_term_string}"},"query-input":{"@type":"PropertyValueSpecification","valueRequired":true,"valueName":"search_term_string"}}],"inLanguage":"es"}]}},"_links":{"self":[{"href":"https:\/\/ship-tracker.org\/es\/wp-json\/wp\/v2\/pages\/3450","targetHints":{"allow":["GET"]}}],"collection":[{"href":"https:\/\/ship-tracker.org\/es\/wp-json\/wp\/v2\/pages"}],"about":[{"href":"https:\/\/ship-tracker.org\/es\/wp-json\/wp\/v2\/types\/page"}],"author":[{"embeddable":true,"href":"https:\/\/ship-tracker.org\/es\/wp-json\/wp\/v2\/users\/1"}],"replies":[{"embeddable":true,"href":"https:\/\/ship-tracker.org\/es\/wp-json\/wp\/v2\/comments?post=3450"}],"version-history":[{"count":1,"href":"https:\/\/ship-tracker.org\/es\/wp-json\/wp\/v2\/pages\/3450\/revisions"}],"predecessor-version":[{"id":3451,"href":"https:\/\/ship-tracker.org\/es\/wp-json\/wp\/v2\/pages\/3450\/revisions\/3451"}],"wp:attachment":[{"href":"https:\/\/ship-tracker.org\/es\/wp-json\/wp\/v2\/media?parent=3450"}],"curies":[{"name":"wp","href":"https:\/\/api.w.org\/{rel}","templated":true}]}}