{"id":3416,"date":"2022-02-06T18:24:15","date_gmt":"2022-02-06T17:24:15","guid":{"rendered":"https:\/\/ship-tracker.org\/?page_id=3416"},"modified":"2022-02-06T18:25:13","modified_gmt":"2022-02-06T17:25:13","slug":"seago-istanbul","status":"publish","type":"page","link":"https:\/\/ship-tracker.org\/es\/seago-istanbul\/","title":{"rendered":"SEAGO ESTAMBUL"},"content":{"rendered":"<p><strong>SEAGO ESTAMBUL<\/strong> (IMO: 9313943, MMSI 219116000) navegando actualmente bajo bandera de <strong>Dinamarca<\/strong>. El buque SEAGO ISTANBUL es un <strong>Barco mercante<\/strong> incorporado <strong>2007<\/strong>. Su longitud de longitud total (LOA) es <strong>293.86<\/strong>\u00a0m, haz es <strong>32.28<\/strong>\u00a0metros<strong> SEAGO ESTAMBUL<\/strong> la capacidad del contenedor es <strong>4504<\/strong>\u00a0<strong>TUE<\/strong>.<\/p>\n<h2>Ubicaci\u00f3n y posici\u00f3n actual de SEAGO ISTANBUL (IMO 9313943) \u2013 Portacontenedores<\/h2>\n<p>\u00bfD\u00f3nde est\u00e1 actualmente la posici\u00f3n actual de SEAGO ISTANBUL?<\/p>\n<p><script type=\"text\/javascript\">\n  var width=\"100%\";var height=\"400\";\n  var mmsi=219116000;\n<\/script><script type=\"text\/javascript\" src=\"https:\/\/www.vesselfinder.com\/aismap.js\"><\/script><\/p>\n<p>Ver la ubicaci\u00f3n actual de SEAGO ESTAMBUL. La posici\u00f3n de SEAGO ISTANBUL se puede determinar con precisi\u00f3n mediante los mapas de VesselFinder y MarineTraffic. Para que siempre est\u00e9 bien informado, d\u00f3nde se encuentra actualmente su barco favorito.<\/p>\n<h2>Detalles del barco para SEAGO ISTANBUL<\/h2>\n<table>\n<tbody>\n<tr>\n<td style=\"width: 50%;\"><strong>Detalles del barco<\/strong><\/td>\n<td style=\"width: 50%;\"><strong>Valor<\/strong><\/td>\n<\/tr>\n<tr>\n<td style=\"width: 50%;\">Nombre del buque<\/td>\n<td style=\"width: 50%;\">SEAGO ESTAMBUL<\/td>\n<\/tr>\n<tr>\n<td style=\"width: 50%;\">tipo de barco<\/td>\n<td style=\"width: 50%;\">Barco mercante<\/td>\n<\/tr>\n<tr>\n<td style=\"width: 50%;\">OMI<\/td>\n<td style=\"width: 50%;\">9313943<\/td>\n<\/tr>\n<tr>\n<td style=\"width: 50%;\">MMSI<\/td>\n<td style=\"width: 50%;\">219116000<\/td>\n<\/tr>\n<tr>\n<td style=\"width: 50%;\">Se\u00f1al de llamada<\/td>\n<td style=\"width: 50%;\">OXVE2<\/td>\n<\/tr>\n<tr>\n<td style=\"width: 50%;\">Bandera<\/td>\n<td style=\"width: 50%;\">Dinamarca<\/td>\n<\/tr>\n<tr>\n<td style=\"width: 50%;\">Arqueo bruto<\/td>\n<td style=\"width: 50%;\">48788<\/td>\n<\/tr>\n<tr>\n<td style=\"width: 50%;\">peso muerto<\/td>\n<td style=\"width: 50%;\">53701<\/td>\n<\/tr>\n<tr>\n<td style=\"width: 50%;\">Longitud<\/td>\n<td style=\"width: 50%;\">293,86 metros<\/td>\n<\/tr>\n<tr>\n<td style=\"width: 50%;\">Haz<\/td>\n<td style=\"width: 50%;\">32,28 metros<\/td>\n<\/tr>\n<tr>\n<td style=\"width: 50%;\">A\u00f1o de construcci\u00f3n<\/td>\n<td style=\"width: 50%;\">2007<\/td>\n<\/tr>\n<tr>\n<td style=\"width: 50%;\">Constructor<\/td>\n<td style=\"width: 50%;\">PS WERFTEN STRALSUND<\/td>\n<\/tr>\n<tr>\n<td style=\"width: 50%;\">Patio<\/td>\n<td style=\"width: 50%;\">STRALSUND<\/td>\n<\/tr>\n<tr>\n<td style=\"width: 50%;\">TUE<\/td>\n<td style=\"width: 50%;\">4504<\/td>\n<\/tr>\n<tr>\n<td style=\"width: 50%;\">Operador de barcos<\/td>\n<td style=\"width: 50%;\"><a href=\"https:\/\/ship-tracker.org\/es\/maersk-line\/\">linea Maersk<\/a><\/td>\n<\/tr>\n<\/tbody>\n<\/table>\n<p>Todos los detalles son para fines informativos y ship-tracker.org no es responsable de la precisi\u00f3n y confiabilidad de los valores de los datos.<\/p>","protected":false},"excerpt":{"rendered":"<p>SEAGO ISTANBUL (IMO: 9313943, MMSI 219116000) navega actualmente bajo bandera de Dinamarca. El buque SEAGO ISTANBUL es un portacontenedores construido en 2007. Tiene una eslora total de 293,86 m y una manga de 32,28 metros. Su capacidad para contenedores es de 4504 TEU. Ubicaci\u00f3n y posici\u00f3n actual del SEAGO ISTANBUL (IMO 9313943) \u2013 Portacontenedores. \u00bfD\u00f3nde se encuentra\u2026?&nbsp;<a href=\"https:\/\/ship-tracker.org\/es\/seago-istanbul\/\" rel=\"bookmark\">Leer m\u00e1s &quot;<span class=\"screen-reader-text\">SEAGO ESTAMBUL<\/span><\/a><\/p>","protected":false},"author":1,"featured_media":0,"parent":0,"menu_order":0,"comment_status":"closed","ping_status":"closed","template":"","meta":{"neve_meta_sidebar":"","neve_meta_container":"","neve_meta_enable_content_width":"","neve_meta_content_width":0,"neve_meta_title_alignment":"","neve_meta_author_avatar":"","neve_post_elements_order":"","neve_meta_disable_header":"","neve_meta_disable_footer":"","neve_meta_disable_title":"","neve_meta_reading_time":"","footnotes":""},"class_list":["post-3416","page","type-page","status-publish","hentry"],"yoast_head":"<!-- This site is optimized with the Yoast SEO plugin v27.4 - https:\/\/yoast.com\/product\/yoast-seo-wordpress\/ -->\n<title>SEAGO ISTANBUL - Container Ship, IMO 9313943 - Current location<\/title>\n<meta name=\"description\" content=\"Track current location and position of SEAGO ISTANBUL Container Ship on Live Map - IMO: 9313943 \u2713 Container Ship Tracking\" \/>\n<meta name=\"robots\" content=\"index, follow, max-snippet:-1, max-image-preview:large, max-video-preview:-1\" \/>\n<link rel=\"canonical\" href=\"https:\/\/ship-tracker.org\/es\/seago-istanbul\/\" \/>\n<meta property=\"og:locale\" content=\"es_ES\" \/>\n<meta property=\"og:type\" content=\"article\" \/>\n<meta property=\"og:title\" content=\"SEAGO ISTANBUL - Container Ship, IMO 9313943 - Current location\" \/>\n<meta property=\"og:description\" content=\"Track current location and position of SEAGO ISTANBUL Container Ship on Live Map - IMO: 9313943 \u2713 Container Ship Tracking\" \/>\n<meta property=\"og:url\" content=\"https:\/\/ship-tracker.org\/es\/seago-istanbul\/\" \/>\n<meta property=\"og:site_name\" content=\"Ship-tracker.org\" \/>\n<meta property=\"article:modified_time\" content=\"2022-02-06T17:25:13+00:00\" \/>\n<meta name=\"twitter:card\" content=\"summary_large_image\" \/>\n<meta name=\"twitter:label1\" content=\"Tiempo de lectura\" \/>\n\t<meta name=\"twitter:data1\" content=\"1 minuto\" \/>\n<script type=\"application\/ld+json\" class=\"yoast-schema-graph\">{\"@context\":\"https:\\\/\\\/schema.org\",\"@graph\":[{\"@type\":\"WebPage\",\"@id\":\"https:\\\/\\\/ship-tracker.org\\\/seago-istanbul\\\/\",\"url\":\"https:\\\/\\\/ship-tracker.org\\\/seago-istanbul\\\/\",\"name\":\"SEAGO ISTANBUL - Container Ship, IMO 9313943 - Current location\",\"isPartOf\":{\"@id\":\"https:\\\/\\\/ship-tracker.org\\\/#website\"},\"datePublished\":\"2022-02-06T17:24:15+00:00\",\"dateModified\":\"2022-02-06T17:25:13+00:00\",\"description\":\"Track current location and position of SEAGO ISTANBUL Container Ship on Live Map - IMO: 9313943 \u2713 Container Ship Tracking\",\"breadcrumb\":{\"@id\":\"https:\\\/\\\/ship-tracker.org\\\/seago-istanbul\\\/#breadcrumb\"},\"inLanguage\":\"es\",\"potentialAction\":[{\"@type\":\"ReadAction\",\"target\":[\"https:\\\/\\\/ship-tracker.org\\\/seago-istanbul\\\/\"]}]},{\"@type\":\"BreadcrumbList\",\"@id\":\"https:\\\/\\\/ship-tracker.org\\\/seago-istanbul\\\/#breadcrumb\",\"itemListElement\":[{\"@type\":\"ListItem\",\"position\":1,\"name\":\"Startseite\",\"item\":\"https:\\\/\\\/ship-tracker.org\\\/\"},{\"@type\":\"ListItem\",\"position\":2,\"name\":\"SEAGO ISTANBUL\"}]},{\"@type\":\"WebSite\",\"@id\":\"https:\\\/\\\/ship-tracker.org\\\/#website\",\"url\":\"https:\\\/\\\/ship-tracker.org\\\/\",\"name\":\"Ship-tracker.org\",\"description\":\"\",\"potentialAction\":[{\"@type\":\"SearchAction\",\"target\":{\"@type\":\"EntryPoint\",\"urlTemplate\":\"https:\\\/\\\/ship-tracker.org\\\/?s={search_term_string}\"},\"query-input\":{\"@type\":\"PropertyValueSpecification\",\"valueRequired\":true,\"valueName\":\"search_term_string\"}}],\"inLanguage\":\"es\"}]}<\/script>\n<!-- \/ Yoast SEO plugin. -->","yoast_head_json":{"title":"SEAGO ISTANBUL - Portacontenedores, IMO 9313943 - Ubicaci\u00f3n actual","description":"Rastree la ubicaci\u00f3n actual y la posici\u00f3n de SEAGO ISTANBUL Container Ship en Live Map - IMO: 9313943 \u2713 Seguimiento de contenedores","robots":{"index":"index","follow":"follow","max-snippet":"max-snippet:-1","max-image-preview":"max-image-preview:large","max-video-preview":"max-video-preview:-1"},"canonical":"https:\/\/ship-tracker.org\/es\/seago-istanbul\/","og_locale":"es_ES","og_type":"article","og_title":"SEAGO ISTANBUL - Container Ship, IMO 9313943 - Current location","og_description":"Track current location and position of SEAGO ISTANBUL Container Ship on Live Map - IMO: 9313943 \u2713 Container Ship Tracking","og_url":"https:\/\/ship-tracker.org\/es\/seago-istanbul\/","og_site_name":"Ship-tracker.org","article_modified_time":"2022-02-06T17:25:13+00:00","twitter_card":"summary_large_image","twitter_misc":{"Tiempo de lectura":"1 minuto"},"schema":{"@context":"https:\/\/schema.org","@graph":[{"@type":"WebPage","@id":"https:\/\/ship-tracker.org\/seago-istanbul\/","url":"https:\/\/ship-tracker.org\/seago-istanbul\/","name":"SEAGO ISTANBUL - Portacontenedores, IMO 9313943 - Ubicaci\u00f3n actual","isPartOf":{"@id":"https:\/\/ship-tracker.org\/#website"},"datePublished":"2022-02-06T17:24:15+00:00","dateModified":"2022-02-06T17:25:13+00:00","description":"Rastree la ubicaci\u00f3n actual y la posici\u00f3n de SEAGO ISTANBUL Container Ship en Live Map - IMO: 9313943 \u2713 Seguimiento de contenedores","breadcrumb":{"@id":"https:\/\/ship-tracker.org\/seago-istanbul\/#breadcrumb"},"inLanguage":"es","potentialAction":[{"@type":"ReadAction","target":["https:\/\/ship-tracker.org\/seago-istanbul\/"]}]},{"@type":"BreadcrumbList","@id":"https:\/\/ship-tracker.org\/seago-istanbul\/#breadcrumb","itemListElement":[{"@type":"ListItem","position":1,"name":"Startseite","item":"https:\/\/ship-tracker.org\/"},{"@type":"ListItem","position":2,"name":"SEAGO ISTANBUL"}]},{"@type":"WebSite","@id":"https:\/\/ship-tracker.org\/#website","url":"https:\/\/ship-tracker.org\/","name":"Ship-tracker.org","description":"","potentialAction":[{"@type":"SearchAction","target":{"@type":"EntryPoint","urlTemplate":"https:\/\/ship-tracker.org\/?s={search_term_string}"},"query-input":{"@type":"PropertyValueSpecification","valueRequired":true,"valueName":"search_term_string"}}],"inLanguage":"es"}]}},"_links":{"self":[{"href":"https:\/\/ship-tracker.org\/es\/wp-json\/wp\/v2\/pages\/3416","targetHints":{"allow":["GET"]}}],"collection":[{"href":"https:\/\/ship-tracker.org\/es\/wp-json\/wp\/v2\/pages"}],"about":[{"href":"https:\/\/ship-tracker.org\/es\/wp-json\/wp\/v2\/types\/page"}],"author":[{"embeddable":true,"href":"https:\/\/ship-tracker.org\/es\/wp-json\/wp\/v2\/users\/1"}],"replies":[{"embeddable":true,"href":"https:\/\/ship-tracker.org\/es\/wp-json\/wp\/v2\/comments?post=3416"}],"version-history":[{"count":3,"href":"https:\/\/ship-tracker.org\/es\/wp-json\/wp\/v2\/pages\/3416\/revisions"}],"predecessor-version":[{"id":3421,"href":"https:\/\/ship-tracker.org\/es\/wp-json\/wp\/v2\/pages\/3416\/revisions\/3421"}],"wp:attachment":[{"href":"https:\/\/ship-tracker.org\/es\/wp-json\/wp\/v2\/media?parent=3416"}],"curies":[{"name":"wp","href":"https:\/\/api.w.org\/{rel}","templated":true}]}}