{"id":3400,"date":"2022-02-06T13:07:07","date_gmt":"2022-02-06T12:07:07","guid":{"rendered":"https:\/\/ship-tracker.org\/?page_id=3400"},"modified":"2023-06-20T16:13:31","modified_gmt":"2023-06-20T14:13:31","slug":"mumbai-maersk","status":"publish","type":"page","link":"https:\/\/ship-tracker.org\/es\/mumbai-maersk\/","title":{"rendered":"BOMBAY MAERSK"},"content":{"rendered":"<p><strong>BOMBAY MAERSK<\/strong> (IMO: 9780471, MMSI 219039000) navegando actualmente bajo bandera de <strong>Dinamarca<\/strong>. El buque MUMBAI MAERSK es un <strong>Barco mercante<\/strong> construido en 2018. Su eslora eslora total (LOA) es <strong>399<\/strong> m, haz es <strong>58.6<\/strong> metros La capacidad del contenedor de MUMBAI MAERSK es <strong>19630 TEU<\/strong>.<\/p>\n<h2>Ubicaci\u00f3n y posici\u00f3n actual de MUMBAI MAERSK (IMO 9780471) \u2013 Portacontenedores<\/h2>\n<p>\u00bfD\u00f3nde est\u00e1 actualmente la posici\u00f3n actual de MUMBAI MAERSK?<\/p>\n<p><script type=\"text\/javascript\">\n  var width=\"100%\";var height=\"400\";\n  var mmsi=219039000;\n<\/script><script type=\"text\/javascript\" src=\"https:\/\/www.vesselfinder.com\/aismap.js\"><\/script><\/p>\n<p>Ver la ubicaci\u00f3n actual de MUMBAI MAERSK. La posici\u00f3n de MUMBAI MAERSK se puede determinar con precisi\u00f3n mediante los mapas de VesselFinder y MarineTraffic. Para que siempre est\u00e9 bien informado, d\u00f3nde se encuentra actualmente su barco favorito.<\/p>\n<h2>Detalles del barco para MUMBAI MAERSK<\/h2>\n<table>\n<tbody>\n<tr>\n<td style=\"width: 50%;\"><strong>Detalles del barco<\/strong><\/td>\n<td style=\"width: 50%;\"><strong>Valor<\/strong><\/td>\n<\/tr>\n<tr>\n<td style=\"width: 50%;\">Nombre del buque<\/td>\n<td style=\"width: 50%;\">BOMBAY MAERSK<\/td>\n<\/tr>\n<tr>\n<td style=\"width: 50%;\">tipo de barco<\/td>\n<td style=\"width: 50%;\">Barco mercante<\/td>\n<\/tr>\n<tr>\n<td style=\"width: 50%;\">OMI<\/td>\n<td style=\"width: 50%;\">9780471<\/td>\n<\/tr>\n<tr>\n<td style=\"width: 50%;\">MMSI<\/td>\n<td style=\"width: 50%;\">219039000<\/td>\n<\/tr>\n<tr>\n<td style=\"width: 50%;\">Se\u00f1al de llamada<\/td>\n<td style=\"width: 50%;\">OWNQ2<\/td>\n<\/tr>\n<tr>\n<td style=\"width: 50%;\">Bandera<\/td>\n<td style=\"width: 50%;\">Dinamarca<\/td>\n<\/tr>\n<tr>\n<td style=\"width: 50%;\">Arqueo bruto<\/td>\n<td style=\"width: 50%;\">214286<\/td>\n<\/tr>\n<tr>\n<td style=\"width: 50%;\">peso muerto<\/td>\n<td style=\"width: 50%;\">190326<\/td>\n<\/tr>\n<tr>\n<td style=\"width: 50%;\">Longitud<\/td>\n<td style=\"width: 50%;\">399m<\/td>\n<\/tr>\n<tr>\n<td style=\"width: 50%;\">Haz<\/td>\n<td style=\"width: 50%;\">58,6 metros<\/td>\n<\/tr>\n<tr>\n<td style=\"width: 50%;\">A\u00f1o de construcci\u00f3n<\/td>\n<td style=\"width: 50%;\">2018<\/td>\n<\/tr>\n<tr>\n<td style=\"width: 50%;\">Constructor<\/td>\n<td style=\"width: 50%;\">DAEWOO SB &amp; ME CO<\/td>\n<\/tr>\n<tr>\n<td style=\"width: 50%;\">Patio<\/td>\n<td style=\"width: 50%;\">OKPO<\/td>\n<\/tr>\n<tr>\n<td style=\"width: 50%;\">TUE<\/td>\n<td style=\"width: 50%;\">19630<\/td>\n<\/tr>\n<tr>\n<td style=\"width: 50%;\">Operador de barcos<\/td>\n<td style=\"width: 50%;\"><a href=\"https:\/\/ship-tracker.org\/es\/maersk-line\/\">linea Maersk<\/a><\/td>\n<\/tr>\n<\/tbody>\n<\/table>\n<p>Todos los detalles son para fines informativos y ship-tracker.org no es responsable de la precisi\u00f3n y confiabilidad de los valores de los datos.<\/p>","protected":false},"excerpt":{"rendered":"<p>El MUMBAI MAERSK (IMO: 9780471, MMSI 219039000) navega actualmente bajo bandera de Dinamarca. El MUMBAI MAERSK es un portacontenedores construido en 2018. Tiene una eslora total de 399 m y una manga de 58,6 metros. Su capacidad para contenedores es de 19\u00a0630 TEU. Ubicaci\u00f3n y posici\u00f3n actual del MUMBAI MAERSK (IMO 9780471), portacontenedores.&nbsp;<a href=\"https:\/\/ship-tracker.org\/es\/mumbai-maersk\/\" rel=\"bookmark\">Leer m\u00e1s &quot;<span class=\"screen-reader-text\">BOMBAY MAERSK<\/span><\/a><\/p>","protected":false},"author":1,"featured_media":3637,"parent":0,"menu_order":0,"comment_status":"closed","ping_status":"closed","template":"","meta":{"neve_meta_sidebar":"","neve_meta_container":"","neve_meta_enable_content_width":"off","neve_meta_content_width":100,"neve_meta_title_alignment":"","neve_meta_author_avatar":"","neve_post_elements_order":"","neve_meta_disable_header":"","neve_meta_disable_footer":"","neve_meta_disable_title":"","neve_meta_reading_time":"","footnotes":""},"class_list":["post-3400","page","type-page","status-publish","has-post-thumbnail","hentry"],"yoast_head":"<!-- This site is optimized with the Yoast SEO plugin v27.4 - https:\/\/yoast.com\/product\/yoast-seo-wordpress\/ -->\n<title>MUMBAI MAERSK - Container Ship, IMO 9780471 - Current location<\/title>\n<meta name=\"description\" content=\"Track current location and position of MUMBAI MAERSK Container Ship on Live Map - IMO: 9780471 \u2713 Container Ship Tracking\" \/>\n<meta name=\"robots\" content=\"index, follow, max-snippet:-1, max-image-preview:large, max-video-preview:-1\" \/>\n<link rel=\"canonical\" href=\"https:\/\/ship-tracker.org\/es\/mumbai-maersk\/\" \/>\n<meta property=\"og:locale\" content=\"es_ES\" \/>\n<meta property=\"og:type\" content=\"article\" \/>\n<meta property=\"og:title\" content=\"MUMBAI MAERSK - Container Ship, IMO 9780471 - Current location\" \/>\n<meta property=\"og:description\" content=\"Track current location and position of MUMBAI MAERSK Container Ship on Live Map - IMO: 9780471 \u2713 Container Ship Tracking\" \/>\n<meta property=\"og:url\" content=\"https:\/\/ship-tracker.org\/es\/mumbai-maersk\/\" \/>\n<meta property=\"og:site_name\" content=\"Ship-tracker.org\" \/>\n<meta property=\"article:modified_time\" content=\"2023-06-20T14:13:31+00:00\" \/>\n<meta property=\"og:image\" content=\"https:\/\/ship-tracker.org\/wp-content\/uploads\/2023\/06\/maersk-tanjong-g275700498_640.jpg\" \/>\n\t<meta property=\"og:image:width\" content=\"640\" \/>\n\t<meta property=\"og:image:height\" content=\"446\" \/>\n\t<meta property=\"og:image:type\" content=\"image\/jpeg\" \/>\n<meta name=\"twitter:card\" content=\"summary_large_image\" \/>\n<meta name=\"twitter:label1\" content=\"Tiempo de lectura\" \/>\n\t<meta name=\"twitter:data1\" content=\"1 minuto\" \/>\n<script type=\"application\/ld+json\" class=\"yoast-schema-graph\">{\"@context\":\"https:\\\/\\\/schema.org\",\"@graph\":[{\"@type\":\"WebPage\",\"@id\":\"https:\\\/\\\/ship-tracker.org\\\/mumbai-maersk\\\/\",\"url\":\"https:\\\/\\\/ship-tracker.org\\\/mumbai-maersk\\\/\",\"name\":\"MUMBAI MAERSK - Container Ship, IMO 9780471 - Current location\",\"isPartOf\":{\"@id\":\"https:\\\/\\\/ship-tracker.org\\\/#website\"},\"primaryImageOfPage\":{\"@id\":\"https:\\\/\\\/ship-tracker.org\\\/mumbai-maersk\\\/#primaryimage\"},\"image\":{\"@id\":\"https:\\\/\\\/ship-tracker.org\\\/mumbai-maersk\\\/#primaryimage\"},\"thumbnailUrl\":\"https:\\\/\\\/ship-tracker.org\\\/wp-content\\\/uploads\\\/2023\\\/06\\\/maersk-tanjong-g275700498_640.jpg\",\"datePublished\":\"2022-02-06T12:07:07+00:00\",\"dateModified\":\"2023-06-20T14:13:31+00:00\",\"description\":\"Track current location and position of MUMBAI MAERSK Container Ship on Live Map - IMO: 9780471 \u2713 Container Ship Tracking\",\"breadcrumb\":{\"@id\":\"https:\\\/\\\/ship-tracker.org\\\/mumbai-maersk\\\/#breadcrumb\"},\"inLanguage\":\"es\",\"potentialAction\":[{\"@type\":\"ReadAction\",\"target\":[\"https:\\\/\\\/ship-tracker.org\\\/mumbai-maersk\\\/\"]}]},{\"@type\":\"ImageObject\",\"inLanguage\":\"es\",\"@id\":\"https:\\\/\\\/ship-tracker.org\\\/mumbai-maersk\\\/#primaryimage\",\"url\":\"https:\\\/\\\/ship-tracker.org\\\/wp-content\\\/uploads\\\/2023\\\/06\\\/maersk-tanjong-g275700498_640.jpg\",\"contentUrl\":\"https:\\\/\\\/ship-tracker.org\\\/wp-content\\\/uploads\\\/2023\\\/06\\\/maersk-tanjong-g275700498_640.jpg\",\"width\":640,\"height\":446,\"caption\":\"MAERSK ABERDEEN\"},{\"@type\":\"BreadcrumbList\",\"@id\":\"https:\\\/\\\/ship-tracker.org\\\/mumbai-maersk\\\/#breadcrumb\",\"itemListElement\":[{\"@type\":\"ListItem\",\"position\":1,\"name\":\"Startseite\",\"item\":\"https:\\\/\\\/ship-tracker.org\\\/\"},{\"@type\":\"ListItem\",\"position\":2,\"name\":\"MUMBAI MAERSK\"}]},{\"@type\":\"WebSite\",\"@id\":\"https:\\\/\\\/ship-tracker.org\\\/#website\",\"url\":\"https:\\\/\\\/ship-tracker.org\\\/\",\"name\":\"Ship-tracker.org\",\"description\":\"\",\"potentialAction\":[{\"@type\":\"SearchAction\",\"target\":{\"@type\":\"EntryPoint\",\"urlTemplate\":\"https:\\\/\\\/ship-tracker.org\\\/?s={search_term_string}\"},\"query-input\":{\"@type\":\"PropertyValueSpecification\",\"valueRequired\":true,\"valueName\":\"search_term_string\"}}],\"inLanguage\":\"es\"}]}<\/script>\n<!-- \/ Yoast SEO plugin. -->","yoast_head_json":{"title":"MUMBAI MAERSK - Portacontenedores, IMO 9780471 - Ubicaci\u00f3n actual","description":"Rastree la ubicaci\u00f3n actual y la posici\u00f3n de MUMBAI MAERSK Container Ship en Live Map - IMO: 9780471 \u2713 Seguimiento de contenedores","robots":{"index":"index","follow":"follow","max-snippet":"max-snippet:-1","max-image-preview":"max-image-preview:large","max-video-preview":"max-video-preview:-1"},"canonical":"https:\/\/ship-tracker.org\/es\/mumbai-maersk\/","og_locale":"es_ES","og_type":"article","og_title":"MUMBAI MAERSK - Container Ship, IMO 9780471 - Current location","og_description":"Track current location and position of MUMBAI MAERSK Container Ship on Live Map - IMO: 9780471 \u2713 Container Ship Tracking","og_url":"https:\/\/ship-tracker.org\/es\/mumbai-maersk\/","og_site_name":"Ship-tracker.org","article_modified_time":"2023-06-20T14:13:31+00:00","og_image":[{"width":640,"height":446,"url":"https:\/\/ship-tracker.org\/wp-content\/uploads\/2023\/06\/maersk-tanjong-g275700498_640.jpg","type":"image\/jpeg"}],"twitter_card":"summary_large_image","twitter_misc":{"Tiempo de lectura":"1 minuto"},"schema":{"@context":"https:\/\/schema.org","@graph":[{"@type":"WebPage","@id":"https:\/\/ship-tracker.org\/mumbai-maersk\/","url":"https:\/\/ship-tracker.org\/mumbai-maersk\/","name":"MUMBAI MAERSK - Portacontenedores, IMO 9780471 - Ubicaci\u00f3n actual","isPartOf":{"@id":"https:\/\/ship-tracker.org\/#website"},"primaryImageOfPage":{"@id":"https:\/\/ship-tracker.org\/mumbai-maersk\/#primaryimage"},"image":{"@id":"https:\/\/ship-tracker.org\/mumbai-maersk\/#primaryimage"},"thumbnailUrl":"https:\/\/ship-tracker.org\/wp-content\/uploads\/2023\/06\/maersk-tanjong-g275700498_640.jpg","datePublished":"2022-02-06T12:07:07+00:00","dateModified":"2023-06-20T14:13:31+00:00","description":"Rastree la ubicaci\u00f3n actual y la posici\u00f3n de MUMBAI MAERSK Container Ship en Live Map - IMO: 9780471 \u2713 Seguimiento de contenedores","breadcrumb":{"@id":"https:\/\/ship-tracker.org\/mumbai-maersk\/#breadcrumb"},"inLanguage":"es","potentialAction":[{"@type":"ReadAction","target":["https:\/\/ship-tracker.org\/mumbai-maersk\/"]}]},{"@type":"ImageObject","inLanguage":"es","@id":"https:\/\/ship-tracker.org\/mumbai-maersk\/#primaryimage","url":"https:\/\/ship-tracker.org\/wp-content\/uploads\/2023\/06\/maersk-tanjong-g275700498_640.jpg","contentUrl":"https:\/\/ship-tracker.org\/wp-content\/uploads\/2023\/06\/maersk-tanjong-g275700498_640.jpg","width":640,"height":446,"caption":"MAERSK ABERDEEN"},{"@type":"BreadcrumbList","@id":"https:\/\/ship-tracker.org\/mumbai-maersk\/#breadcrumb","itemListElement":[{"@type":"ListItem","position":1,"name":"Startseite","item":"https:\/\/ship-tracker.org\/"},{"@type":"ListItem","position":2,"name":"MUMBAI MAERSK"}]},{"@type":"WebSite","@id":"https:\/\/ship-tracker.org\/#website","url":"https:\/\/ship-tracker.org\/","name":"Ship-tracker.org","description":"","potentialAction":[{"@type":"SearchAction","target":{"@type":"EntryPoint","urlTemplate":"https:\/\/ship-tracker.org\/?s={search_term_string}"},"query-input":{"@type":"PropertyValueSpecification","valueRequired":true,"valueName":"search_term_string"}}],"inLanguage":"es"}]}},"_links":{"self":[{"href":"https:\/\/ship-tracker.org\/es\/wp-json\/wp\/v2\/pages\/3400","targetHints":{"allow":["GET"]}}],"collection":[{"href":"https:\/\/ship-tracker.org\/es\/wp-json\/wp\/v2\/pages"}],"about":[{"href":"https:\/\/ship-tracker.org\/es\/wp-json\/wp\/v2\/types\/page"}],"author":[{"embeddable":true,"href":"https:\/\/ship-tracker.org\/es\/wp-json\/wp\/v2\/users\/1"}],"replies":[{"embeddable":true,"href":"https:\/\/ship-tracker.org\/es\/wp-json\/wp\/v2\/comments?post=3400"}],"version-history":[{"count":10,"href":"https:\/\/ship-tracker.org\/es\/wp-json\/wp\/v2\/pages\/3400\/revisions"}],"predecessor-version":[{"id":3423,"href":"https:\/\/ship-tracker.org\/es\/wp-json\/wp\/v2\/pages\/3400\/revisions\/3423"}],"wp:featuredmedia":[{"embeddable":true,"href":"https:\/\/ship-tracker.org\/es\/wp-json\/wp\/v2\/media\/3637"}],"wp:attachment":[{"href":"https:\/\/ship-tracker.org\/es\/wp-json\/wp\/v2\/media?parent=3400"}],"curies":[{"name":"wp","href":"https:\/\/api.w.org\/{rel}","templated":true}]}}