{"id":3261,"date":"2020-05-17T19:57:06","date_gmt":"2020-05-17T17:57:06","guid":{"rendered":"https:\/\/ship-tracker.org\/?page_id=3261"},"modified":"2021-11-08T21:10:17","modified_gmt":"2021-11-08T20:10:17","slug":"thunderstorm-tracker","status":"publish","type":"page","link":"https:\/\/ship-tracker.org\/es\/thunderstorm-tracker\/","title":{"rendered":"Rastreador de tormentas"},"content":{"rendered":"<h2 class=\"cruisin-style01\">Rastreador de tormentas el\u00e9ctricas - Mapa de rayos<\/h2>\n<p><script async src=\"https:\/\/pagead2.googlesyndication.com\/pagead\/js\/adsbygoogle.js\"><\/script><br \/>\n<!-- Ship-Tracker Display --><br \/>\n<ins class=\"adsbygoogle\" style=\"display: block;\" data-ad-client=\"ca-pub-1316785063791781\" data-ad-slot=\"8075999632\" data-ad-format=\"auto\" data-full-width-responsive=\"true\"><\/ins><br \/>\n<script>\n     (adsbygoogle = window.adsbygoogle || []).push({});\n<\/script><br \/>\n<strong>Rastreador de tormentas en vivo. Incluye mapa de seguimiento, radar en vivo, conos de pron\u00f3stico y pistas, velocidad del viento y gr\u00e1ficos de presi\u00f3n.<\/strong><\/p>\n<p>El mapa del radar meteorol\u00f3gico muestra tormentas severas, tormentas el\u00e9ctricas y rel\u00e1mpagos en todo el mundo y le permite saber c\u00f3mo se mueve una tormenta. El mapa muestra d\u00f3nde hay rayos actuales y le permite seguir el clima severo en vivo.<\/p>\n<p><strong>Mueva el mapa para encontrar la tormenta que desea rastrear.<\/strong><br \/>\n<iframe loading=\"lazy\" src=\"https:\/\/embed.windy.com\/embed2.html?lat=55.529&amp;lon=3.164&amp;zoom=4&amp;level=surface&amp;overlay=radar&amp;menu=&amp;message=&amp;marker=&amp;calendar=&amp;pressure=&amp;type=map&amp;location=coordinates&amp;detail=&amp;detailLat=47.828&amp;detailLon=11.360&amp;metricWind=default&amp;metricTemp=default&amp;radarRange=-1\" width=\"100%\" height=\"450\" frameborder=\"0\"><\/iframe><\/p>\n<h2>\u00bfC\u00f3mo se crean las tormentas el\u00e9ctricas?<\/h2>\n<p>El sol calienta el suelo y la humedad del suelo o del agua se evapora y se mezcla con la capa de aire sobre el suelo, que se calienta. Este aire c\u00e1lido y h\u00famedo se vuelve m\u00e1s ligero, sube a la parte superior y se enfr\u00eda nuevamente. El resultado es una nube que se convierte cada vez m\u00e1s en una nube tormentosa. Similar a una descarga el\u00e9ctrica, se genera un voltaje el\u00e9ctrico que se descarga en forma de rayo. El aire en el llamado canal de rayos se calienta explosivamente, provocando una onda de presi\u00f3n. Esto se mueve a una velocidad de sonido de aproximadamente 333 metros por segundo y forma el sonido del trueno.<\/p>\n<p><a href=\"https:\/\/ship-tracker.org\/es\/hurricane-tracker\/\">Mira aqu\u00ed para una tormenta tropical<\/a>.<\/p>\n<p><script async src=\"https:\/\/pagead2.googlesyndication.com\/pagead\/js\/adsbygoogle.js\"><\/script><br \/>\n<!-- Ship-Tracker Display --><br \/>\n<ins class=\"adsbygoogle\" style=\"display: block;\" data-ad-client=\"ca-pub-1316785063791781\" data-ad-slot=\"8075999632\" data-ad-format=\"auto\" data-full-width-responsive=\"true\"><\/ins><br \/>\n<script>\n     (adsbygoogle = window.adsbygoogle || []).push({});\n<\/script><\/p>","protected":false},"excerpt":{"rendered":"<p>Rastreador de tormentas el\u00e9ctricas: rastreador de tormentas el\u00e9ctricas en vivo con mapa de rel\u00e1mpagos. Incluye mapa de seguimiento, radar en vivo, conos y pistas de pron\u00f3stico, gr\u00e1ficos de velocidad y presi\u00f3n del viento. El mapa del radar meteorol\u00f3gico le muestra tormentas severas, tormentas el\u00e9ctricas y rel\u00e1mpagos en todo el mundo y le permite saber c\u00f3mo se mueve una tormenta. El mapa muestra d\u00f3nde hay rayos actuales y le permite seguir...&nbsp;<a href=\"https:\/\/ship-tracker.org\/es\/thunderstorm-tracker\/\" rel=\"bookmark\">Leer m\u00e1s &quot;<span class=\"screen-reader-text\">Rastreador de tormentas<\/span><\/a><\/p>","protected":false},"author":1,"featured_media":3263,"parent":0,"menu_order":0,"comment_status":"closed","ping_status":"closed","template":"","meta":{"neve_meta_sidebar":"","neve_meta_container":"","neve_meta_enable_content_width":"","neve_meta_content_width":0,"neve_meta_title_alignment":"","neve_meta_author_avatar":"","neve_post_elements_order":"","neve_meta_disable_header":"","neve_meta_disable_footer":"","neve_meta_disable_title":"","neve_meta_reading_time":"","footnotes":""},"class_list":["post-3261","page","type-page","status-publish","has-post-thumbnail","hentry"],"yoast_head":"<!-- This site is optimized with the Yoast SEO plugin v27.4 - https:\/\/yoast.com\/product\/yoast-seo-wordpress\/ -->\n<title>Thunderstorm Tracker - Lightning Map - Ship-tracker.org<\/title>\n<meta name=\"description\" content=\"Thunderstorm Tracker \u2713 Includes tracking map, live radar, forecast cones and tracks, wind speed and pressure charts \u2713 Tropical Storms Map\" \/>\n<meta name=\"robots\" content=\"index, follow, max-snippet:-1, max-image-preview:large, max-video-preview:-1\" \/>\n<link rel=\"canonical\" href=\"https:\/\/ship-tracker.org\/es\/thunderstorm-tracker\/\" \/>\n<meta property=\"og:locale\" content=\"es_ES\" \/>\n<meta property=\"og:type\" content=\"article\" \/>\n<meta property=\"og:title\" content=\"Thunderstorm Tracker - Lightning Map - Ship-tracker.org\" \/>\n<meta property=\"og:description\" content=\"Thunderstorm Tracker \u2713 Includes tracking map, live radar, forecast cones and tracks, wind speed and pressure charts \u2713 Tropical Storms Map\" \/>\n<meta property=\"og:url\" content=\"https:\/\/ship-tracker.org\/es\/thunderstorm-tracker\/\" \/>\n<meta property=\"og:site_name\" content=\"Ship-tracker.org\" \/>\n<meta property=\"article:modified_time\" content=\"2021-11-08T20:10:17+00:00\" \/>\n<meta property=\"og:image\" content=\"https:\/\/ship-tracker.org\/wp-content\/uploads\/2020\/05\/lightning-1056419_640.jpg\" \/>\n\t<meta property=\"og:image:width\" content=\"640\" \/>\n\t<meta property=\"og:image:height\" content=\"408\" \/>\n\t<meta property=\"og:image:type\" content=\"image\/jpeg\" \/>\n<meta name=\"twitter:card\" content=\"summary_large_image\" \/>\n<meta name=\"twitter:label1\" content=\"Tiempo de lectura\" \/>\n\t<meta name=\"twitter:data1\" content=\"1 minuto\" \/>\n<script type=\"application\/ld+json\" class=\"yoast-schema-graph\">{\"@context\":\"https:\\\/\\\/schema.org\",\"@graph\":[{\"@type\":\"WebPage\",\"@id\":\"https:\\\/\\\/ship-tracker.org\\\/thunderstorm-tracker\\\/\",\"url\":\"https:\\\/\\\/ship-tracker.org\\\/thunderstorm-tracker\\\/\",\"name\":\"Thunderstorm Tracker - Lightning Map - Ship-tracker.org\",\"isPartOf\":{\"@id\":\"https:\\\/\\\/ship-tracker.org\\\/#website\"},\"primaryImageOfPage\":{\"@id\":\"https:\\\/\\\/ship-tracker.org\\\/thunderstorm-tracker\\\/#primaryimage\"},\"image\":{\"@id\":\"https:\\\/\\\/ship-tracker.org\\\/thunderstorm-tracker\\\/#primaryimage\"},\"thumbnailUrl\":\"https:\\\/\\\/ship-tracker.org\\\/wp-content\\\/uploads\\\/2020\\\/05\\\/lightning-1056419_640.jpg\",\"datePublished\":\"2020-05-17T17:57:06+00:00\",\"dateModified\":\"2021-11-08T20:10:17+00:00\",\"description\":\"Thunderstorm Tracker \u2713 Includes tracking map, live radar, forecast cones and tracks, wind speed and pressure charts \u2713 Tropical Storms Map\",\"breadcrumb\":{\"@id\":\"https:\\\/\\\/ship-tracker.org\\\/thunderstorm-tracker\\\/#breadcrumb\"},\"inLanguage\":\"es\",\"potentialAction\":[{\"@type\":\"ReadAction\",\"target\":[\"https:\\\/\\\/ship-tracker.org\\\/thunderstorm-tracker\\\/\"]}]},{\"@type\":\"ImageObject\",\"inLanguage\":\"es\",\"@id\":\"https:\\\/\\\/ship-tracker.org\\\/thunderstorm-tracker\\\/#primaryimage\",\"url\":\"https:\\\/\\\/ship-tracker.org\\\/wp-content\\\/uploads\\\/2020\\\/05\\\/lightning-1056419_640.jpg\",\"contentUrl\":\"https:\\\/\\\/ship-tracker.org\\\/wp-content\\\/uploads\\\/2020\\\/05\\\/lightning-1056419_640.jpg\",\"width\":640,\"height\":408,\"caption\":\"Thunderstorm Tracker\"},{\"@type\":\"BreadcrumbList\",\"@id\":\"https:\\\/\\\/ship-tracker.org\\\/thunderstorm-tracker\\\/#breadcrumb\",\"itemListElement\":[{\"@type\":\"ListItem\",\"position\":1,\"name\":\"Startseite\",\"item\":\"https:\\\/\\\/ship-tracker.org\\\/\"},{\"@type\":\"ListItem\",\"position\":2,\"name\":\"Thunderstorm Tracker\"}]},{\"@type\":\"WebSite\",\"@id\":\"https:\\\/\\\/ship-tracker.org\\\/#website\",\"url\":\"https:\\\/\\\/ship-tracker.org\\\/\",\"name\":\"Ship-tracker.org\",\"description\":\"\",\"potentialAction\":[{\"@type\":\"SearchAction\",\"target\":{\"@type\":\"EntryPoint\",\"urlTemplate\":\"https:\\\/\\\/ship-tracker.org\\\/?s={search_term_string}\"},\"query-input\":{\"@type\":\"PropertyValueSpecification\",\"valueRequired\":true,\"valueName\":\"search_term_string\"}}],\"inLanguage\":\"es\"}]}<\/script>\n<!-- \/ Yoast SEO plugin. -->","yoast_head_json":{"title":"Rastreador de tormentas el\u00e9ctricas - Mapa de rayos - Ship-tracker.org","description":"Rastreador de tormentas \u2713 Incluye mapa de seguimiento, radar en vivo, conos y pistas de pron\u00f3stico, gr\u00e1ficos de velocidad y presi\u00f3n del viento \u2713 Mapa de tormentas tropicales","robots":{"index":"index","follow":"follow","max-snippet":"max-snippet:-1","max-image-preview":"max-image-preview:large","max-video-preview":"max-video-preview:-1"},"canonical":"https:\/\/ship-tracker.org\/es\/thunderstorm-tracker\/","og_locale":"es_ES","og_type":"article","og_title":"Thunderstorm Tracker - Lightning Map - Ship-tracker.org","og_description":"Thunderstorm Tracker \u2713 Includes tracking map, live radar, forecast cones and tracks, wind speed and pressure charts \u2713 Tropical Storms Map","og_url":"https:\/\/ship-tracker.org\/es\/thunderstorm-tracker\/","og_site_name":"Ship-tracker.org","article_modified_time":"2021-11-08T20:10:17+00:00","og_image":[{"width":640,"height":408,"url":"https:\/\/ship-tracker.org\/wp-content\/uploads\/2020\/05\/lightning-1056419_640.jpg","type":"image\/jpeg"}],"twitter_card":"summary_large_image","twitter_misc":{"Tiempo de lectura":"1 minuto"},"schema":{"@context":"https:\/\/schema.org","@graph":[{"@type":"WebPage","@id":"https:\/\/ship-tracker.org\/thunderstorm-tracker\/","url":"https:\/\/ship-tracker.org\/thunderstorm-tracker\/","name":"Rastreador de tormentas el\u00e9ctricas - Mapa de rayos - Ship-tracker.org","isPartOf":{"@id":"https:\/\/ship-tracker.org\/#website"},"primaryImageOfPage":{"@id":"https:\/\/ship-tracker.org\/thunderstorm-tracker\/#primaryimage"},"image":{"@id":"https:\/\/ship-tracker.org\/thunderstorm-tracker\/#primaryimage"},"thumbnailUrl":"https:\/\/ship-tracker.org\/wp-content\/uploads\/2020\/05\/lightning-1056419_640.jpg","datePublished":"2020-05-17T17:57:06+00:00","dateModified":"2021-11-08T20:10:17+00:00","description":"Rastreador de tormentas \u2713 Incluye mapa de seguimiento, radar en vivo, conos y pistas de pron\u00f3stico, gr\u00e1ficos de velocidad y presi\u00f3n del viento \u2713 Mapa de tormentas tropicales","breadcrumb":{"@id":"https:\/\/ship-tracker.org\/thunderstorm-tracker\/#breadcrumb"},"inLanguage":"es","potentialAction":[{"@type":"ReadAction","target":["https:\/\/ship-tracker.org\/thunderstorm-tracker\/"]}]},{"@type":"ImageObject","inLanguage":"es","@id":"https:\/\/ship-tracker.org\/thunderstorm-tracker\/#primaryimage","url":"https:\/\/ship-tracker.org\/wp-content\/uploads\/2020\/05\/lightning-1056419_640.jpg","contentUrl":"https:\/\/ship-tracker.org\/wp-content\/uploads\/2020\/05\/lightning-1056419_640.jpg","width":640,"height":408,"caption":"Thunderstorm Tracker"},{"@type":"BreadcrumbList","@id":"https:\/\/ship-tracker.org\/thunderstorm-tracker\/#breadcrumb","itemListElement":[{"@type":"ListItem","position":1,"name":"Startseite","item":"https:\/\/ship-tracker.org\/"},{"@type":"ListItem","position":2,"name":"Thunderstorm Tracker"}]},{"@type":"WebSite","@id":"https:\/\/ship-tracker.org\/#website","url":"https:\/\/ship-tracker.org\/","name":"Ship-tracker.org","description":"","potentialAction":[{"@type":"SearchAction","target":{"@type":"EntryPoint","urlTemplate":"https:\/\/ship-tracker.org\/?s={search_term_string}"},"query-input":{"@type":"PropertyValueSpecification","valueRequired":true,"valueName":"search_term_string"}}],"inLanguage":"es"}]}},"_links":{"self":[{"href":"https:\/\/ship-tracker.org\/es\/wp-json\/wp\/v2\/pages\/3261","targetHints":{"allow":["GET"]}}],"collection":[{"href":"https:\/\/ship-tracker.org\/es\/wp-json\/wp\/v2\/pages"}],"about":[{"href":"https:\/\/ship-tracker.org\/es\/wp-json\/wp\/v2\/types\/page"}],"author":[{"embeddable":true,"href":"https:\/\/ship-tracker.org\/es\/wp-json\/wp\/v2\/users\/1"}],"replies":[{"embeddable":true,"href":"https:\/\/ship-tracker.org\/es\/wp-json\/wp\/v2\/comments?post=3261"}],"version-history":[{"count":9,"href":"https:\/\/ship-tracker.org\/es\/wp-json\/wp\/v2\/pages\/3261\/revisions"}],"predecessor-version":[{"id":3274,"href":"https:\/\/ship-tracker.org\/es\/wp-json\/wp\/v2\/pages\/3261\/revisions\/3274"}],"wp:featuredmedia":[{"embeddable":true,"href":"https:\/\/ship-tracker.org\/es\/wp-json\/wp\/v2\/media\/3263"}],"wp:attachment":[{"href":"https:\/\/ship-tracker.org\/es\/wp-json\/wp\/v2\/media?parent=3261"}],"curies":[{"name":"wp","href":"https:\/\/api.w.org\/{rel}","templated":true}]}}