{"id":3081,"date":"2020-05-12T20:27:58","date_gmt":"2020-05-12T18:27:58","guid":{"rendered":"https:\/\/ship-tracker.org\/?page_id=3081"},"modified":"2022-10-27T16:35:52","modified_gmt":"2022-10-27T14:35:52","slug":"po-ferries","status":"publish","type":"page","link":"https:\/\/ship-tracker.org\/es\/po-ferries\/","title":{"rendered":"P&amp;O Ferries"},"content":{"rendered":"<h2>P&amp;O Ferries Ubicaci\u00f3n de la flota de barcos, n\u00fameros IMO y MMSI<\/h2>\n<p><iframe id=\"dealFinder\" style=\"z-index: 1;\" src=\"https:\/\/wiz.directferries.com\/partners\/deal_finder_iframe.aspx?stdc=F4925&amp;cult=en-GB&amp;btn=47a347&amp;btnh=168b16&amp;btnt=FFFFFF&amp;tclr=000001&amp;lclr=000001&amp;lbld=400&amp;pclr=64b6e6&amp;sclr=64b6e6&amp;targ=0\" height=\"285\" frameborder=\"0\" marginwidth=\"0\" marginheight=\"0\" scrolling=\"no\"><\/iframe><br \/>\n\u00bfD\u00f3nde est\u00e1 actualmente la posici\u00f3n actual de la flota de P&amp;O Ferries?<\/p>\n<table style=\"border-collapse: collapse; width: 100%; height: 336px;\">\n<tbody>\n<tr style=\"height: 24px;\">\n<td style=\"width: 33.3575%; height: 24px;\"><span style=\"color: #1f405b;\"><strong>Embarcacion<\/strong><\/span><\/td>\n<td style=\"width: 33.285%; height: 24px;\"><span style=\"color: #1f405b;\"><strong>OMI<\/strong><\/span><\/td>\n<td style=\"width: 33.285%; height: 24px;\"><span style=\"color: #1f405b;\"><strong>MMSI<\/strong><\/span><\/td>\n<\/tr>\n<tr style=\"height: 24px;\">\n<td style=\"width: 33.3575%; height: 24px;\"><a href=\"https:\/\/ship-tracker.org\/es\/pride-of-burgundy\/\">Pride of Burgundy<\/a><\/td>\n<td style=\"width: 33.285%; height: 24px;\">9015254<\/td>\n<td style=\"width: 33.285%; height: 24px;\">209529000<\/td>\n<\/tr>\n<tr style=\"height: 24px;\">\n<td style=\"width: 33.3575%; height: 24px;\"><a href=\"https:\/\/ship-tracker.org\/es\/pride-of-kent\/\">Pride of Kent<\/a><\/td>\n<td style=\"width: 33.285%; height: 24px;\">9015266<\/td>\n<td style=\"width: 33.285%; height: 24px;\">209512000<\/td>\n<\/tr>\n<tr style=\"height: 24px;\">\n<td style=\"width: 33.3575%; height: 24px;\"><a href=\"https:\/\/ship-tracker.org\/es\/pride-of-canterbury\/\">Pride of Canterbury<\/a><\/td>\n<td style=\"width: 33.285%; height: 24px;\">9007295<\/td>\n<td style=\"width: 33.285%; height: 24px;\">209505000<\/td>\n<\/tr>\n<tr style=\"height: 24px;\">\n<td style=\"width: 33.3575%; height: 24px;\"><a href=\"https:\/\/ship-tracker.org\/es\/spirit-of-france\/\">Spirit of France<\/a><\/td>\n<td style=\"width: 33.285%; height: 24px;\">9533816<\/td>\n<td style=\"width: 33.285%; height: 24px;\">209490000<\/td>\n<\/tr>\n<tr style=\"height: 24px;\">\n<td style=\"width: 33.3575%; height: 24px;\"><a href=\"https:\/\/ship-tracker.org\/es\/spirit-of-britain\/\">Spirit of Britain<\/a><\/td>\n<td style=\"width: 33.285%; height: 24px;\">8503797<\/td>\n<td style=\"width: 33.285%; height: 24px;\">244387000<\/td>\n<\/tr>\n<tr style=\"height: 24px;\">\n<td style=\"width: 33.3575%; height: 24px;\"><a href=\"https:\/\/ship-tracker.org\/es\/pride-of-bruges\/\">Pride of Bruges<\/a><\/td>\n<td style=\"width: 33.285%; height: 24px;\">8503797<\/td>\n<td style=\"width: 33.285%; height: 24px;\">244387000<\/td>\n<\/tr>\n<tr style=\"height: 24px;\">\n<td style=\"width: 33.3575%; height: 24px;\"><a href=\"https:\/\/ship-tracker.org\/es\/pride-of-york\/\">Pride of York<\/a><\/td>\n<td style=\"width: 33.285%; height: 24px;\">8501957<\/td>\n<td style=\"width: 33.285%; height: 24px;\">311063300<\/td>\n<\/tr>\n<tr style=\"height: 24px;\">\n<td style=\"width: 33.3575%; height: 24px;\"><a href=\"https:\/\/ship-tracker.org\/es\/pride-of-hull\/\">Pride of Hull<\/a><\/td>\n<td style=\"width: 33.285%; height: 24px;\">9208629<\/td>\n<td style=\"width: 33.285%; height: 24px;\">311062900<\/td>\n<\/tr>\n<tr style=\"height: 24px;\">\n<td style=\"width: 33.3575%; height: 24px;\"><a href=\"https:\/\/ship-tracker.org\/es\/pride-of-rotterdam\/\">Pride of Rotterdam<\/a><\/td>\n<td style=\"width: 33.285%; height: 24px;\">9208617<\/td>\n<td style=\"width: 33.285%; height: 24px;\">244980000<\/td>\n<\/tr>\n<tr style=\"height: 24px;\">\n<td style=\"width: 33.3575%; height: 24px;\"><a href=\"https:\/\/ship-tracker.org\/es\/norbank\/\">Norbank<\/a><\/td>\n<td style=\"width: 33.285%; height: 24px;\">9056583<\/td>\n<td style=\"width: 33.285%; height: 24px;\">246213000<\/td>\n<\/tr>\n<tr style=\"height: 24px;\">\n<td style=\"width: 33.3575%; height: 24px;\"><a href=\"https:\/\/ship-tracker.org\/es\/norbay\/\">Norbay<\/a><\/td>\n<td style=\"width: 33.285%; height: 24px;\"><\/td>\n<td style=\"width: 33.285%; height: 24px;\">310362000<\/td>\n<\/tr>\n<tr style=\"height: 24px;\">\n<td style=\"width: 33.3575%; height: 24px;\"><a href=\"https:\/\/ship-tracker.org\/es\/european-highlander\/\">European Highlander<\/a><\/td>\n<td style=\"width: 33.285%; height: 24px;\"><\/td>\n<td style=\"width: 33.285%; height: 24px;\">311404000<\/td>\n<\/tr>\n<tr style=\"height: 24px;\">\n<td style=\"width: 33.3575%; height: 24px;\"><a href=\"https:\/\/ship-tracker.org\/es\/european-causeway\/\">European Causeway<\/a><\/td>\n<td style=\"width: 33.285%; height: 24px;\">9208394<\/td>\n<td style=\"width: 33.285%; height: 24px;\">311027000<\/td>\n<\/tr>\n<\/tbody>\n<\/table>","protected":false},"excerpt":{"rendered":"<p>Ubicaci\u00f3n de la flota de P&amp;O Ferries Barcos, n\u00fameros IMO y MMSI \u00bfD\u00f3nde est\u00e1 actualmente la posici\u00f3n de la flota de P&amp;O Ferries? Barco OMI MMSI Pride of Burgundy 9015254 209529000 Pride of Kent 9015266 209512000 Pride of Canterbury 9007295 209505000 Spirit of France 9533816 209490000 Spirit of Britain 8503797 244387000 Pride of Bruges 85037 97 244387000 Orgullo de York\u2026&nbsp;<a href=\"https:\/\/ship-tracker.org\/es\/po-ferries\/\" rel=\"bookmark\">Leer m\u00e1s &quot;<span class=\"screen-reader-text\">P&amp;O Ferries<\/span><\/a><\/p>","protected":false},"author":1,"featured_media":3083,"parent":0,"menu_order":0,"comment_status":"closed","ping_status":"closed","template":"","meta":{"neve_meta_sidebar":"","neve_meta_container":"","neve_meta_enable_content_width":"","neve_meta_content_width":0,"neve_meta_title_alignment":"","neve_meta_author_avatar":"","neve_post_elements_order":"","neve_meta_disable_header":"","neve_meta_disable_footer":"","neve_meta_disable_title":"","neve_meta_reading_time":"","footnotes":""},"class_list":["post-3081","page","type-page","status-publish","has-post-thumbnail","hentry"],"yoast_head":"<!-- This site is optimized with the Yoast SEO plugin v27.4 - https:\/\/yoast.com\/product\/yoast-seo-wordpress\/ -->\n<title>Track P&amp;O Ferries Fleet | Cruise Ships | Marine Vessel<\/title>\n<meta name=\"description\" content=\"P&amp;O Ferries Fleet Location | Current Positions of P&amp;O Ferries Ships, IMO numbers, MMSI, Webcam | Live Fleet Maps | Ship Tracker\" \/>\n<meta name=\"robots\" content=\"index, follow, max-snippet:-1, max-image-preview:large, max-video-preview:-1\" \/>\n<link rel=\"canonical\" href=\"https:\/\/ship-tracker.org\/es\/po-ferries\/\" \/>\n<meta property=\"og:locale\" content=\"es_ES\" \/>\n<meta property=\"og:type\" content=\"article\" \/>\n<meta property=\"og:title\" content=\"Track P&amp;O Ferries Fleet | Cruise Ships | Marine Vessel\" \/>\n<meta property=\"og:description\" content=\"P&amp;O Ferries Fleet Location | Current Positions of P&amp;O Ferries Ships, IMO numbers, MMSI, Webcam | Live Fleet Maps | Ship Tracker\" \/>\n<meta property=\"og:url\" content=\"https:\/\/ship-tracker.org\/es\/po-ferries\/\" \/>\n<meta property=\"og:site_name\" content=\"Ship-tracker.org\" \/>\n<meta property=\"article:modified_time\" content=\"2022-10-27T14:35:52+00:00\" \/>\n<meta property=\"og:image\" content=\"https:\/\/ship-tracker.org\/wp-content\/uploads\/2020\/05\/115-4fee78795467.gif\" \/>\n\t<meta property=\"og:image:width\" content=\"800\" \/>\n\t<meta property=\"og:image:height\" content=\"300\" \/>\n\t<meta property=\"og:image:type\" content=\"image\/gif\" \/>\n<meta name=\"twitter:card\" content=\"summary_large_image\" \/>\n<meta name=\"twitter:label1\" content=\"Tiempo de lectura\" \/>\n\t<meta name=\"twitter:data1\" content=\"1 minuto\" \/>\n<script type=\"application\/ld+json\" class=\"yoast-schema-graph\">{\"@context\":\"https:\\\/\\\/schema.org\",\"@graph\":[{\"@type\":\"WebPage\",\"@id\":\"https:\\\/\\\/ship-tracker.org\\\/po-ferries\\\/\",\"url\":\"https:\\\/\\\/ship-tracker.org\\\/po-ferries\\\/\",\"name\":\"Track P&O Ferries Fleet | Cruise Ships | Marine Vessel\",\"isPartOf\":{\"@id\":\"https:\\\/\\\/ship-tracker.org\\\/#website\"},\"primaryImageOfPage\":{\"@id\":\"https:\\\/\\\/ship-tracker.org\\\/po-ferries\\\/#primaryimage\"},\"image\":{\"@id\":\"https:\\\/\\\/ship-tracker.org\\\/po-ferries\\\/#primaryimage\"},\"thumbnailUrl\":\"https:\\\/\\\/ship-tracker.org\\\/wp-content\\\/uploads\\\/2020\\\/05\\\/115-4fee78795467.gif\",\"datePublished\":\"2020-05-12T18:27:58+00:00\",\"dateModified\":\"2022-10-27T14:35:52+00:00\",\"description\":\"P&O Ferries Fleet Location | Current Positions of P&O Ferries Ships, IMO numbers, MMSI, Webcam | Live Fleet Maps | Ship Tracker\",\"breadcrumb\":{\"@id\":\"https:\\\/\\\/ship-tracker.org\\\/po-ferries\\\/#breadcrumb\"},\"inLanguage\":\"es\",\"potentialAction\":[{\"@type\":\"ReadAction\",\"target\":[\"https:\\\/\\\/ship-tracker.org\\\/po-ferries\\\/\"]}]},{\"@type\":\"ImageObject\",\"inLanguage\":\"es\",\"@id\":\"https:\\\/\\\/ship-tracker.org\\\/po-ferries\\\/#primaryimage\",\"url\":\"https:\\\/\\\/ship-tracker.org\\\/wp-content\\\/uploads\\\/2020\\\/05\\\/115-4fee78795467.gif\",\"contentUrl\":\"https:\\\/\\\/ship-tracker.org\\\/wp-content\\\/uploads\\\/2020\\\/05\\\/115-4fee78795467.gif\",\"width\":800,\"height\":300,\"caption\":\"P&O Ferries\"},{\"@type\":\"BreadcrumbList\",\"@id\":\"https:\\\/\\\/ship-tracker.org\\\/po-ferries\\\/#breadcrumb\",\"itemListElement\":[{\"@type\":\"ListItem\",\"position\":1,\"name\":\"Startseite\",\"item\":\"https:\\\/\\\/ship-tracker.org\\\/\"},{\"@type\":\"ListItem\",\"position\":2,\"name\":\"P&#038;O Ferries\"}]},{\"@type\":\"WebSite\",\"@id\":\"https:\\\/\\\/ship-tracker.org\\\/#website\",\"url\":\"https:\\\/\\\/ship-tracker.org\\\/\",\"name\":\"Ship-tracker.org\",\"description\":\"\",\"potentialAction\":[{\"@type\":\"SearchAction\",\"target\":{\"@type\":\"EntryPoint\",\"urlTemplate\":\"https:\\\/\\\/ship-tracker.org\\\/?s={search_term_string}\"},\"query-input\":{\"@type\":\"PropertyValueSpecification\",\"valueRequired\":true,\"valueName\":\"search_term_string\"}}],\"inLanguage\":\"es\"}]}<\/script>\n<!-- \/ Yoast SEO plugin. -->","yoast_head_json":{"title":"Seguimiento de la flota de P&amp;O Ferries | Cruceros | Embarcaci\u00f3n marina","description":"Ubicaci\u00f3n de la flota de P&amp;O Ferries | Posiciones actuales de los barcos de P&amp;O Ferries, n\u00fameros IMO, MMSI, c\u00e1mara web | Mapas de flota en vivo | Rastreador de barcos","robots":{"index":"index","follow":"follow","max-snippet":"max-snippet:-1","max-image-preview":"max-image-preview:large","max-video-preview":"max-video-preview:-1"},"canonical":"https:\/\/ship-tracker.org\/es\/po-ferries\/","og_locale":"es_ES","og_type":"article","og_title":"Track P&O Ferries Fleet | Cruise Ships | Marine Vessel","og_description":"P&O Ferries Fleet Location | Current Positions of P&O Ferries Ships, IMO numbers, MMSI, Webcam | Live Fleet Maps | Ship Tracker","og_url":"https:\/\/ship-tracker.org\/es\/po-ferries\/","og_site_name":"Ship-tracker.org","article_modified_time":"2022-10-27T14:35:52+00:00","og_image":[{"width":800,"height":300,"url":"https:\/\/ship-tracker.org\/wp-content\/uploads\/2020\/05\/115-4fee78795467.gif","type":"image\/gif"}],"twitter_card":"summary_large_image","twitter_misc":{"Tiempo de lectura":"1 minuto"},"schema":{"@context":"https:\/\/schema.org","@graph":[{"@type":"WebPage","@id":"https:\/\/ship-tracker.org\/po-ferries\/","url":"https:\/\/ship-tracker.org\/po-ferries\/","name":"Seguimiento de la flota de P&amp;O Ferries | Cruceros | Embarcaci\u00f3n marina","isPartOf":{"@id":"https:\/\/ship-tracker.org\/#website"},"primaryImageOfPage":{"@id":"https:\/\/ship-tracker.org\/po-ferries\/#primaryimage"},"image":{"@id":"https:\/\/ship-tracker.org\/po-ferries\/#primaryimage"},"thumbnailUrl":"https:\/\/ship-tracker.org\/wp-content\/uploads\/2020\/05\/115-4fee78795467.gif","datePublished":"2020-05-12T18:27:58+00:00","dateModified":"2022-10-27T14:35:52+00:00","description":"Ubicaci\u00f3n de la flota de P&amp;O Ferries | Posiciones actuales de los barcos de P&amp;O Ferries, n\u00fameros IMO, MMSI, c\u00e1mara web | Mapas de flota en vivo | Rastreador de barcos","breadcrumb":{"@id":"https:\/\/ship-tracker.org\/po-ferries\/#breadcrumb"},"inLanguage":"es","potentialAction":[{"@type":"ReadAction","target":["https:\/\/ship-tracker.org\/po-ferries\/"]}]},{"@type":"ImageObject","inLanguage":"es","@id":"https:\/\/ship-tracker.org\/po-ferries\/#primaryimage","url":"https:\/\/ship-tracker.org\/wp-content\/uploads\/2020\/05\/115-4fee78795467.gif","contentUrl":"https:\/\/ship-tracker.org\/wp-content\/uploads\/2020\/05\/115-4fee78795467.gif","width":800,"height":300,"caption":"P&O Ferries"},{"@type":"BreadcrumbList","@id":"https:\/\/ship-tracker.org\/po-ferries\/#breadcrumb","itemListElement":[{"@type":"ListItem","position":1,"name":"Startseite","item":"https:\/\/ship-tracker.org\/"},{"@type":"ListItem","position":2,"name":"P&#038;O Ferries"}]},{"@type":"WebSite","@id":"https:\/\/ship-tracker.org\/#website","url":"https:\/\/ship-tracker.org\/","name":"Ship-tracker.org","description":"","potentialAction":[{"@type":"SearchAction","target":{"@type":"EntryPoint","urlTemplate":"https:\/\/ship-tracker.org\/?s={search_term_string}"},"query-input":{"@type":"PropertyValueSpecification","valueRequired":true,"valueName":"search_term_string"}}],"inLanguage":"es"}]}},"_links":{"self":[{"href":"https:\/\/ship-tracker.org\/es\/wp-json\/wp\/v2\/pages\/3081","targetHints":{"allow":["GET"]}}],"collection":[{"href":"https:\/\/ship-tracker.org\/es\/wp-json\/wp\/v2\/pages"}],"about":[{"href":"https:\/\/ship-tracker.org\/es\/wp-json\/wp\/v2\/types\/page"}],"author":[{"embeddable":true,"href":"https:\/\/ship-tracker.org\/es\/wp-json\/wp\/v2\/users\/1"}],"replies":[{"embeddable":true,"href":"https:\/\/ship-tracker.org\/es\/wp-json\/wp\/v2\/comments?post=3081"}],"version-history":[{"count":5,"href":"https:\/\/ship-tracker.org\/es\/wp-json\/wp\/v2\/pages\/3081\/revisions"}],"predecessor-version":[{"id":3500,"href":"https:\/\/ship-tracker.org\/es\/wp-json\/wp\/v2\/pages\/3081\/revisions\/3500"}],"wp:featuredmedia":[{"embeddable":true,"href":"https:\/\/ship-tracker.org\/es\/wp-json\/wp\/v2\/media\/3083"}],"wp:attachment":[{"href":"https:\/\/ship-tracker.org\/es\/wp-json\/wp\/v2\/media?parent=3081"}],"curies":[{"name":"wp","href":"https:\/\/api.w.org\/{rel}","templated":true}]}}