{"id":3040,"date":"2020-05-12T20:11:50","date_gmt":"2020-05-12T18:11:50","guid":{"rendered":"https:\/\/ship-tracker.org\/?page_id=3040"},"modified":"2022-10-27T16:26:35","modified_gmt":"2022-10-27T14:26:35","slug":"norbank","status":"publish","type":"page","link":"https:\/\/ship-tracker.org\/es\/norbank\/","title":{"rendered":"Norbank"},"content":{"rendered":"<p><script async src=\"https:\/\/pagead2.googlesyndication.com\/pagead\/js\/adsbygoogle.js\"><span data-mce-type=\"bookmark\" style=\"display: inline-block; width: 0px; overflow: hidden; line-height: 0;\" class=\"mce_SELRES_start\">\ufeff<\/span><span data-mce-type=\"bookmark\" style=\"display: inline-block; width: 0px; overflow: hidden; line-height: 0;\" class=\"mce_SELRES_start\">\ufeff<\/span><span data-mce-type=\"bookmark\" style=\"display: inline-block; width: 0px; overflow: hidden; line-height: 0;\" class=\"mce_SELRES_start\">\ufeff<\/span><\/script><br \/>\n<!-- Ship-Tracker Display --><br \/>\n<ins class=\"adsbygoogle\" style=\"display: block;\" data-ad-client=\"ca-pub-1316785063791781\" data-ad-slot=\"8075999632\" data-ad-format=\"auto\" data-full-width-responsive=\"true\"><\/ins><br \/>\n<script>\n     (adsbygoogle = window.adsbygoogle || []).push({});\n<\/script><\/p>\n<h2><span style=\"color: #000000;\">Ubicaci\u00f3n actual y <\/span><span style=\"color: #000000;\">posici\u00f3n de Norbank<\/span><\/h2>\n<p>\u00bfD\u00f3nde est\u00e1 actualmente la posici\u00f3n actual de Norbank?<br \/>\n<script async src=\"https:\/\/pagead2.googlesyndication.com\/pagead\/js\/adsbygoogle.js\"><\/script><br \/>\n<!-- Schip-Tracker Linkanzeigen --><br \/>\n<ins class=\"adsbygoogle\" style=\"display: block;\" data-ad-client=\"ca-pub-1316785063791781\" data-ad-slot=\"3429004156\" data-ad-format=\"link\" data-full-width-responsive=\"true\"><\/ins><br \/>\n<script>\n     (adsbygoogle = window.adsbygoogle || []).push({});\n<\/script><br \/>\n<script type=\"text\/javascript\">\n  var width=\"100%\";var height=\"400\";\n  var mmsi=246213000;\n<\/script><script type=\"text\/javascript\" src=\"https:\/\/www.vesselfinder.com\/aismap.js\"><\/script><br \/>\n<script async src=\"https:\/\/pagead2.googlesyndication.com\/pagead\/js\/adsbygoogle.js\"><\/script><br \/>\n<!-- Ship-Tracker Display --><br \/>\n<ins class=\"adsbygoogle\" style=\"display: block;\" data-ad-client=\"ca-pub-1316785063791781\" data-ad-slot=\"8075999632\" data-ad-format=\"auto\" data-full-width-responsive=\"true\"><\/ins><br \/>\n<script>\n     (adsbygoogle = window.adsbygoogle || []).push({});\n<\/script><\/p>\n<p>Ver la ubicaci\u00f3n actual de Norbank. La posici\u00f3n de Norbank se puede determinar con precisi\u00f3n mediante los mapas de VesselFinder y MarineTraffic. Por lo tanto, siempre est\u00e1 bien informado, d\u00f3nde se encuentra su barco favorito actualmente.<\/p>\n<h2 class=\"title\"><span style=\"color: #000000;\">Revisi\u00f3n y especificaciones de Norbank<\/span><\/h2>\n<table style=\"height: 294px;\" width=\"400\">\n<tbody>\n<tr>\n<td style=\"width: 192px;\"><span style=\"color: #000000;\"><strong>Estado del pabell\u00f3n<\/strong><\/span><\/td>\n<td style=\"width: 192px;\"><span style=\"color: #000000;\">Pa\u00edses Bajos<\/span><\/td>\n<\/tr>\n<tr>\n<td style=\"width: 192px;\"><span style=\"color: #000000;\"><strong>A\u00f1o de construcci\u00f3n<\/strong><\/span><\/td>\n<td style=\"width: 192px;\"><span style=\"color: #000000;\">1993<\/span><\/td>\n<\/tr>\n<tr>\n<td style=\"width: 192px;\"><span style=\"color: #000000;\"><strong>Constructor<\/strong><\/span><\/td>\n<td style=\"width: 192px;\"><span style=\"color: #000000;\">Van der Giessen de Noord<\/span><\/td>\n<\/tr>\n<tr>\n<td style=\"width: 192px;\"><span style=\"color: #000000;\"><strong>Longitud<\/strong><\/span><\/td>\n<td style=\"width: 192px;\"><span style=\"color: #000000;\"><span class=\"specificationUnit\">166 m<\/span><\/span><\/td>\n<\/tr>\n<tr>\n<td style=\"width: 192px;\"><span style=\"color: #000000;\"><strong>Haz<\/strong><\/span><\/td>\n<td style=\"width: 192px;\"><span style=\"color: #000000;\"><span class=\"specificationUnit\">23 m<\/span><\/span><\/td>\n<\/tr>\n<tr>\n<td style=\"width: 192px;\"><span style=\"color: #000000;\"><strong>Arqueo bruto<\/strong><\/span><\/td>\n<td style=\"width: 192px;\"><span style=\"color: #000000;\"><span class=\"specificationUnit\">17,464 gt<\/span><\/span><\/td>\n<\/tr>\n<tr>\n<td style=\"width: 192px;\"><span style=\"color: #000000;\"><strong>Pasajeros<\/strong><\/span><\/td>\n<td style=\"width: 192px;\"><\/td>\n<\/tr>\n<tr>\n<td style=\"width: 192px;\"><span style=\"color: #000000;\"><strong>Personal<\/strong><\/span><\/td>\n<td style=\"width: 192px;\"><\/td>\n<\/tr>\n<tr>\n<td style=\"width: 192px;\"><span style=\"color: #000000;\"><strong>Velocidad<\/strong><\/span><\/td>\n<td style=\"width: 192px;\"><span style=\"color: #000000;\"><span class=\"specificationUnit\">23 kn<\/span><\/span><\/td>\n<\/tr>\n<tr>\n<td style=\"width: 192px;\"><span style=\"color: #000000;\"><strong><b>Carros<\/b><\/strong><\/span><\/td>\n<td style=\"width: 192px;\"><\/td>\n<\/tr>\n<tr>\n<td style=\"width: 192px;\"><span style=\"color: #000000;\"><strong><b>Propietario<\/b><\/strong><\/span><\/td>\n<td style=\"width: 192px;\"><a href=\"https:\/\/ship-tracker.org\/es\/po-ferries\/\"><span style=\"color: #000000;\">P&amp;O Ferries<\/span><\/a><\/td>\n<\/tr>\n<\/tbody>\n<\/table>\n<h3 class=\"title\">Flota P&amp;O Ferries<\/h3>\n<ul>\n<li><a href=\"https:\/\/ship-tracker.org\/es\/pride-of-burgundy\/\">Pride of Burgundy<\/a><\/li>\n<li><a href=\"https:\/\/ship-tracker.org\/es\/pride-of-kent\/\">Pride of Kent<\/a><\/li>\n<li><a href=\"https:\/\/ship-tracker.org\/es\/pride-of-canterbury\/\">Pride of Canterbury<\/a><\/li>\n<li><a href=\"https:\/\/ship-tracker.org\/es\/spirit-of-france\/\">Spirit of France<\/a><\/li>\n<li><a href=\"https:\/\/ship-tracker.org\/es\/spirit-of-britain\/\">Spirit of Britain<\/a><\/li>\n<li><a href=\"https:\/\/ship-tracker.org\/es\/pride-of-bruges\/\">Pride of Bruges<\/a><\/li>\n<li><a href=\"https:\/\/ship-tracker.org\/es\/pride-of-york\/\">Pride of York<\/a><\/li>\n<li><a href=\"https:\/\/ship-tracker.org\/es\/pride-of-hull\/\">Pride of Hull<\/a><\/li>\n<li><a href=\"https:\/\/ship-tracker.org\/es\/pride-of-rotterdam\/\">Pride of Rotterdam<\/a><\/li>\n<li><a href=\"https:\/\/ship-tracker.org\/es\/norbay\/\">Norbay<\/a><\/li>\n<li><a href=\"https:\/\/ship-tracker.org\/es\/european-highlander\/\">European Highlander<\/a><\/li>\n<li><a href=\"https:\/\/ship-tracker.org\/es\/european-causeway\/\">European Causeway<\/a><\/li>\n<\/ul>\n<p><script async src=\"https:\/\/pagead2.googlesyndication.com\/pagead\/js\/adsbygoogle.js\"><\/script><br \/>\n<!-- Schip-Tracker Linkanzeigen --><br \/>\n<ins class=\"adsbygoogle\" style=\"display: block;\" data-ad-client=\"ca-pub-1316785063791781\" data-ad-slot=\"3429004156\" data-ad-format=\"link\" data-full-width-responsive=\"true\"><\/ins><br \/>\n<script>\n     (adsbygoogle = window.adsbygoogle || []).push({});\n<\/script><\/p>\n<h4><span style=\"color: #000000;\">Video de Norbank<\/span><\/h4>\n<div class=\"su-youtube su-u-responsive-media-yes\"><iframe loading=\"lazy\" width=\"600\" height=\"400\" src=\"https:\/\/www.youtube.com\/embed\/862MWwSk-Dg?\" frameborder=\"0\" allowfullscreen allow=\"autoplay; encrypted-media; picture-in-picture\" title=\"\"><\/iframe><\/div>","protected":false},"excerpt":{"rendered":"<p>Ubicaci\u00f3n actual del Norbank. \u00bfD\u00f3nde se encuentra actualmente el Norbank? Consulte la ubicaci\u00f3n actual del Norbank. La ubicaci\u00f3n del Norbank se puede determinar con precisi\u00f3n mediante los mapas de VesselFinder y MarineTraffic. As\u00ed, siempre estar\u00e1 bien informado de la ubicaci\u00f3n de su barco favorito. Rese\u00f1a y especificaciones del Norbank. Estado de abanderamiento: Pa\u00edses Bajos. A\u00f1o de construcci\u00f3n: 1993.&nbsp;<a href=\"https:\/\/ship-tracker.org\/es\/norbank\/\" rel=\"bookmark\">Leer m\u00e1s &quot;<span class=\"screen-reader-text\">Norbank<\/span><\/a><\/p>","protected":false},"author":1,"featured_media":3031,"parent":0,"menu_order":0,"comment_status":"closed","ping_status":"closed","template":"","meta":{"neve_meta_sidebar":"","neve_meta_container":"","neve_meta_enable_content_width":"","neve_meta_content_width":0,"neve_meta_title_alignment":"","neve_meta_author_avatar":"","neve_post_elements_order":"","neve_meta_disable_header":"","neve_meta_disable_footer":"","neve_meta_disable_title":"","neve_meta_reading_time":"","footnotes":""},"class_list":["post-3040","page","type-page","status-publish","has-post-thumbnail","hentry"],"yoast_head":"<!-- This site is optimized with the Yoast SEO plugin v26.9 - https:\/\/yoast.com\/product\/yoast-seo-wordpress\/ -->\n<title>Norbank\u2503Current location and position of P&amp;O Ferries<\/title>\n<meta name=\"description\" content=\"Norbank \u2693 Current location and position of Norbank \u2713 Cruise Ship Tracker \u2713 Live Ship Tracker \u2503P&amp;O Ferries \u2713 Ship Tracker\" \/>\n<meta name=\"robots\" content=\"index, follow, max-snippet:-1, max-image-preview:large, max-video-preview:-1\" \/>\n<link rel=\"canonical\" href=\"https:\/\/ship-tracker.org\/es\/norbank\/\" \/>\n<meta property=\"og:locale\" content=\"es_ES\" \/>\n<meta property=\"og:type\" content=\"article\" \/>\n<meta property=\"og:title\" content=\"Norbank\u2503Current location and position of P&amp;O Ferries\" \/>\n<meta property=\"og:description\" content=\"Norbank \u2693 Current location and position of Norbank \u2713 Cruise Ship Tracker \u2713 Live Ship Tracker \u2503P&amp;O Ferries \u2713 Ship Tracker\" \/>\n<meta property=\"og:url\" content=\"https:\/\/ship-tracker.org\/es\/norbank\/\" \/>\n<meta property=\"og:site_name\" content=\"Ship-tracker.org\" \/>\n<meta property=\"article:modified_time\" content=\"2022-10-27T14:26:35+00:00\" \/>\n<meta property=\"og:image\" content=\"https:\/\/ship-tracker.org\/wp-content\/uploads\/2020\/05\/po_irish_sea_european_causeway.jpg\" \/>\n\t<meta property=\"og:image:width\" content=\"360\" \/>\n\t<meta property=\"og:image:height\" content=\"250\" \/>\n\t<meta property=\"og:image:type\" content=\"image\/jpeg\" \/>\n<meta name=\"twitter:card\" content=\"summary_large_image\" \/>\n<meta name=\"twitter:label1\" content=\"Tiempo de lectura\" \/>\n\t<meta name=\"twitter:data1\" content=\"1 minuto\" \/>\n<script type=\"application\/ld+json\" class=\"yoast-schema-graph\">{\"@context\":\"https:\/\/schema.org\",\"@graph\":[{\"@type\":\"WebPage\",\"@id\":\"https:\/\/ship-tracker.org\/norbank\/\",\"url\":\"https:\/\/ship-tracker.org\/norbank\/\",\"name\":\"Norbank\u2503Current location and position of P&O Ferries\",\"isPartOf\":{\"@id\":\"https:\/\/ship-tracker.org\/#website\"},\"primaryImageOfPage\":{\"@id\":\"https:\/\/ship-tracker.org\/norbank\/#primaryimage\"},\"image\":{\"@id\":\"https:\/\/ship-tracker.org\/norbank\/#primaryimage\"},\"thumbnailUrl\":\"https:\/\/ship-tracker.org\/wp-content\/uploads\/2020\/05\/po_irish_sea_european_causeway.jpg\",\"datePublished\":\"2020-05-12T18:11:50+00:00\",\"dateModified\":\"2022-10-27T14:26:35+00:00\",\"description\":\"Norbank \u2693 Current location and position of Norbank \u2713 Cruise Ship Tracker \u2713 Live Ship Tracker \u2503P&O Ferries \u2713 Ship Tracker\",\"breadcrumb\":{\"@id\":\"https:\/\/ship-tracker.org\/norbank\/#breadcrumb\"},\"inLanguage\":\"es\",\"potentialAction\":[{\"@type\":\"ReadAction\",\"target\":[\"https:\/\/ship-tracker.org\/norbank\/\"]}]},{\"@type\":\"ImageObject\",\"inLanguage\":\"es\",\"@id\":\"https:\/\/ship-tracker.org\/norbank\/#primaryimage\",\"url\":\"https:\/\/ship-tracker.org\/wp-content\/uploads\/2020\/05\/po_irish_sea_european_causeway.jpg\",\"contentUrl\":\"https:\/\/ship-tracker.org\/wp-content\/uploads\/2020\/05\/po_irish_sea_european_causeway.jpg\",\"width\":360,\"height\":250,\"caption\":\"Pride of Burgundy\"},{\"@type\":\"BreadcrumbList\",\"@id\":\"https:\/\/ship-tracker.org\/norbank\/#breadcrumb\",\"itemListElement\":[{\"@type\":\"ListItem\",\"position\":1,\"name\":\"Startseite\",\"item\":\"https:\/\/ship-tracker.org\/\"},{\"@type\":\"ListItem\",\"position\":2,\"name\":\"Norbank\"}]},{\"@type\":\"WebSite\",\"@id\":\"https:\/\/ship-tracker.org\/#website\",\"url\":\"https:\/\/ship-tracker.org\/\",\"name\":\"Ship-tracker.org\",\"description\":\"\",\"potentialAction\":[{\"@type\":\"SearchAction\",\"target\":{\"@type\":\"EntryPoint\",\"urlTemplate\":\"https:\/\/ship-tracker.org\/?s={search_term_string}\"},\"query-input\":{\"@type\":\"PropertyValueSpecification\",\"valueRequired\":true,\"valueName\":\"search_term_string\"}}],\"inLanguage\":\"es\"}]}<\/script>\n<!-- \/ Yoast SEO plugin. -->","yoast_head_json":{"title":"Norbank\u2503 Ubicaci\u00f3n actual y posici\u00f3n de P&amp;O Ferries","description":"Norbank \u2693 Ubicaci\u00f3n actual y posici\u00f3n de Norbank \u2713 Rastreador de cruceros \u2713 Rastreador de barcos en vivo \u2503 Ferries P&amp;O \u2713 Rastreador de barcos","robots":{"index":"index","follow":"follow","max-snippet":"max-snippet:-1","max-image-preview":"max-image-preview:large","max-video-preview":"max-video-preview:-1"},"canonical":"https:\/\/ship-tracker.org\/es\/norbank\/","og_locale":"es_ES","og_type":"article","og_title":"Norbank\u2503Current location and position of P&O Ferries","og_description":"Norbank \u2693 Current location and position of Norbank \u2713 Cruise Ship Tracker \u2713 Live Ship Tracker \u2503P&O Ferries \u2713 Ship Tracker","og_url":"https:\/\/ship-tracker.org\/es\/norbank\/","og_site_name":"Ship-tracker.org","article_modified_time":"2022-10-27T14:26:35+00:00","og_image":[{"width":360,"height":250,"url":"https:\/\/ship-tracker.org\/wp-content\/uploads\/2020\/05\/po_irish_sea_european_causeway.jpg","type":"image\/jpeg"}],"twitter_card":"summary_large_image","twitter_misc":{"Tiempo de lectura":"1 minuto"},"schema":{"@context":"https:\/\/schema.org","@graph":[{"@type":"WebPage","@id":"https:\/\/ship-tracker.org\/norbank\/","url":"https:\/\/ship-tracker.org\/norbank\/","name":"Norbank\u2503 Ubicaci\u00f3n actual y posici\u00f3n de P&amp;O Ferries","isPartOf":{"@id":"https:\/\/ship-tracker.org\/#website"},"primaryImageOfPage":{"@id":"https:\/\/ship-tracker.org\/norbank\/#primaryimage"},"image":{"@id":"https:\/\/ship-tracker.org\/norbank\/#primaryimage"},"thumbnailUrl":"https:\/\/ship-tracker.org\/wp-content\/uploads\/2020\/05\/po_irish_sea_european_causeway.jpg","datePublished":"2020-05-12T18:11:50+00:00","dateModified":"2022-10-27T14:26:35+00:00","description":"Norbank \u2693 Ubicaci\u00f3n actual y posici\u00f3n de Norbank \u2713 Rastreador de cruceros \u2713 Rastreador de barcos en vivo \u2503 Ferries P&amp;O \u2713 Rastreador de barcos","breadcrumb":{"@id":"https:\/\/ship-tracker.org\/norbank\/#breadcrumb"},"inLanguage":"es","potentialAction":[{"@type":"ReadAction","target":["https:\/\/ship-tracker.org\/norbank\/"]}]},{"@type":"ImageObject","inLanguage":"es","@id":"https:\/\/ship-tracker.org\/norbank\/#primaryimage","url":"https:\/\/ship-tracker.org\/wp-content\/uploads\/2020\/05\/po_irish_sea_european_causeway.jpg","contentUrl":"https:\/\/ship-tracker.org\/wp-content\/uploads\/2020\/05\/po_irish_sea_european_causeway.jpg","width":360,"height":250,"caption":"Pride of Burgundy"},{"@type":"BreadcrumbList","@id":"https:\/\/ship-tracker.org\/norbank\/#breadcrumb","itemListElement":[{"@type":"ListItem","position":1,"name":"Startseite","item":"https:\/\/ship-tracker.org\/"},{"@type":"ListItem","position":2,"name":"Norbank"}]},{"@type":"WebSite","@id":"https:\/\/ship-tracker.org\/#website","url":"https:\/\/ship-tracker.org\/","name":"Ship-tracker.org","description":"","potentialAction":[{"@type":"SearchAction","target":{"@type":"EntryPoint","urlTemplate":"https:\/\/ship-tracker.org\/?s={search_term_string}"},"query-input":{"@type":"PropertyValueSpecification","valueRequired":true,"valueName":"search_term_string"}}],"inLanguage":"es"}]}},"_links":{"self":[{"href":"https:\/\/ship-tracker.org\/es\/wp-json\/wp\/v2\/pages\/3040","targetHints":{"allow":["GET"]}}],"collection":[{"href":"https:\/\/ship-tracker.org\/es\/wp-json\/wp\/v2\/pages"}],"about":[{"href":"https:\/\/ship-tracker.org\/es\/wp-json\/wp\/v2\/types\/page"}],"author":[{"embeddable":true,"href":"https:\/\/ship-tracker.org\/es\/wp-json\/wp\/v2\/users\/1"}],"replies":[{"embeddable":true,"href":"https:\/\/ship-tracker.org\/es\/wp-json\/wp\/v2\/comments?post=3040"}],"version-history":[{"count":4,"href":"https:\/\/ship-tracker.org\/es\/wp-json\/wp\/v2\/pages\/3040\/revisions"}],"predecessor-version":[{"id":3090,"href":"https:\/\/ship-tracker.org\/es\/wp-json\/wp\/v2\/pages\/3040\/revisions\/3090"}],"wp:featuredmedia":[{"embeddable":true,"href":"https:\/\/ship-tracker.org\/es\/wp-json\/wp\/v2\/media\/3031"}],"wp:attachment":[{"href":"https:\/\/ship-tracker.org\/es\/wp-json\/wp\/v2\/media?parent=3040"}],"curies":[{"name":"wp","href":"https:\/\/api.w.org\/{rel}","templated":true}]}}