{"id":2920,"date":"2020-05-12T16:22:05","date_gmt":"2020-05-12T14:22:05","guid":{"rendered":"https:\/\/ship-tracker.org\/?page_id=2920"},"modified":"2022-10-27T16:09:04","modified_gmt":"2022-10-27T14:09:04","slug":"stena-horizon","status":"publish","type":"page","link":"https:\/\/ship-tracker.org\/es\/stena-horizon\/","title":{"rendered":"Stena Horizon"},"content":{"rendered":"<p><script async src=\"https:\/\/pagead2.googlesyndication.com\/pagead\/js\/adsbygoogle.js\"><span data-mce-type=\"bookmark\" style=\"display: inline-block; width: 0px; overflow: hidden; line-height: 0;\" class=\"mce_SELRES_start\">\ufeff<\/span><span data-mce-type=\"bookmark\" style=\"display: inline-block; width: 0px; overflow: hidden; line-height: 0;\" class=\"mce_SELRES_start\">\ufeff<\/span><\/script><br \/>\n<!-- Ship-Tracker Display --><br \/>\n<ins class=\"adsbygoogle\" style=\"display: block;\" data-ad-client=\"ca-pub-1316785063791781\" data-ad-slot=\"8075999632\" data-ad-format=\"auto\" data-full-width-responsive=\"true\"><\/ins><br \/>\n<script>\n     (adsbygoogle = window.adsbygoogle || []).push({});\n<\/script><\/p>\n<h2><span style=\"color: #000000;\">Ubicaci\u00f3n actual y <\/span><span style=\"color: #000000;\">posici\u00f3n de Stena Horizon<\/span><\/h2>\n<p>\u00bfD\u00f3nde est\u00e1 actualmente la posici\u00f3n actual de Stena Horizon?<br \/>\n<script async src=\"https:\/\/pagead2.googlesyndication.com\/pagead\/js\/adsbygoogle.js\"><\/script><br \/>\n<!-- Schip-Tracker Linkanzeigen --><br \/>\n<ins class=\"adsbygoogle\" style=\"display: block;\" data-ad-client=\"ca-pub-1316785063791781\" data-ad-slot=\"3429004156\" data-ad-format=\"link\" data-full-width-responsive=\"true\"><\/ins><br \/>\n<script>\n     (adsbygoogle = window.adsbygoogle || []).push({});\n<\/script><br \/>\n<script type=\"text\/javascript\">\n  var width=\"100%\";var height=\"400\";\n  var mmsi=247160400;\n<\/script><script type=\"text\/javascript\" src=\"https:\/\/www.vesselfinder.com\/aismap.js\"><\/script><br \/>\n<script async src=\"https:\/\/pagead2.googlesyndication.com\/pagead\/js\/adsbygoogle.js\"><\/script><br \/>\n<!-- Ship-Tracker Display --><br \/>\n<ins class=\"adsbygoogle\" style=\"display: block;\" data-ad-client=\"ca-pub-1316785063791781\" data-ad-slot=\"8075999632\" data-ad-format=\"auto\" data-full-width-responsive=\"true\"><\/ins><br \/>\n<script>\n     (adsbygoogle = window.adsbygoogle || []).push({});\n<\/script><\/p>\n<p>Ver la ubicaci\u00f3n actual de Stena Horizon. La posici\u00f3n de Stena Horizon se puede determinar con precisi\u00f3n mediante los mapas de VesselFinder y MarineTraffic. Por lo tanto, siempre est\u00e1 bien informado, d\u00f3nde se encuentra su barco favorito actualmente.<\/p>\n<h2 class=\"title\"><span style=\"color: #000000;\">Revisi\u00f3n y especificaciones de Stena Horizon<\/span><\/h2>\n<table style=\"height: 294px;\" width=\"400\">\n<tbody>\n<tr>\n<td style=\"width: 192px;\"><span style=\"color: #000000;\"><strong>Estado del pabell\u00f3n<\/strong><\/span><\/td>\n<td style=\"width: 192px;\"><span style=\"color: #000000;\">Italia<\/span><\/td>\n<\/tr>\n<tr>\n<td style=\"width: 192px;\"><span style=\"color: #000000;\"><strong>A\u00f1o de construcci\u00f3n<\/strong><\/span><\/td>\n<td style=\"width: 192px;\"><span style=\"color: #000000;\">2006 \u00a0<\/span><\/td>\n<\/tr>\n<tr>\n<td style=\"width: 192px;\"><span style=\"color: #000000;\"><strong>Constructor<\/strong><\/span><\/td>\n<td style=\"width: 192px;\"><span style=\"color: #000000;\">Cantiere Navale Visentini<\/span><\/td>\n<\/tr>\n<tr>\n<td style=\"width: 192px;\"><span style=\"color: #000000;\"><strong>Longitud<\/strong><\/span><\/td>\n<td style=\"width: 192px;\"><span style=\"color: #000000;\"><span class=\"specificationUnit\">187 m<\/span><\/span><\/td>\n<\/tr>\n<tr>\n<td style=\"width: 192px;\"><span style=\"color: #000000;\"><strong>Haz<\/strong><\/span><\/td>\n<td style=\"width: 192px;\"><span style=\"color: #000000;\"><span class=\"specificationUnit\">26 m<\/span><\/span><\/td>\n<\/tr>\n<tr>\n<td style=\"width: 192px;\"><span style=\"color: #000000;\"><strong>Arqueo bruto<\/strong><\/span><\/td>\n<td style=\"width: 192px;\"><span style=\"color: #000000;\"><span class=\"specificationUnit\">27522 gt<\/span><\/span><\/td>\n<\/tr>\n<tr>\n<td style=\"width: 192px;\"><span style=\"color: #000000;\"><strong>Pasajeros<\/strong><\/span><\/td>\n<td style=\"width: 192px;\"><span style=\"color: #000000;\">900<\/span><\/td>\n<\/tr>\n<tr>\n<td style=\"width: 192px;\"><span style=\"color: #000000;\"><strong>Velocidad<\/strong><\/span><\/td>\n<td style=\"width: 192px;\"><span style=\"color: #000000;\"><span class=\"specificationUnit\">24 kn<\/span><\/span><\/td>\n<\/tr>\n<tr>\n<td style=\"width: 192px;\"><span style=\"color: #000000;\"><strong>Carros<\/strong><\/span><\/td>\n<td style=\"width: 192px;\"><span style=\"color: #000000;\">200<\/span><\/td>\n<\/tr>\n<tr>\n<td style=\"width: 192px;\"><span style=\"color: #000000;\"><strong><b>Propietario<\/b><\/strong><\/span><\/td>\n<td style=\"width: 192px;\"><a href=\"https:\/\/ship-tracker.org\/es\/stena-line\/\"><span style=\"color: #000000;\">Stena Line<\/span><\/a><\/td>\n<\/tr>\n<\/tbody>\n<\/table>\n<h3 class=\"title\">Flota Stena Line<\/h3>\n<ul>\n<li><a href=\"https:\/\/ship-tracker.org\/es\/stena-germanica\/\">Stena Germanica<\/a><\/li>\n<li><a href=\"https:\/\/ship-tracker.org\/es\/stena-scandinavica\/\">Stena Scandinavica<\/a><\/li>\n<li><a href=\"https:\/\/ship-tracker.org\/es\/mecklenburg-vorpommern\/\">Mecklenburg-Vorpommern<\/a><\/li>\n<li><a href=\"https:\/\/ship-tracker.org\/es\/stena-skane\/\">Stena Skane<\/a><\/li>\n<li><a href=\"https:\/\/ship-tracker.org\/es\/stena-vinga\/\">Stena Vinga<\/a><\/li>\n<li><a href=\"https:\/\/ship-tracker.org\/es\/stena-danica\/\">Stena Danica<\/a><\/li>\n<li><a href=\"https:\/\/ship-tracker.org\/es\/stena-mersey\/\">Stena Mersey<\/a><\/li>\n<li><a href=\"https:\/\/ship-tracker.org\/es\/stena-lagan\/\">Stena Lagan<\/a><\/li>\n<li><a href=\"https:\/\/ship-tracker.org\/es\/stena-edda\/\">Stena Edda<\/a><\/li>\n<li><a href=\"https:\/\/ship-tracker.org\/es\/stena-superfast-vii\/\">Stena Superfast VII<\/a><\/li>\n<li><a href=\"https:\/\/ship-tracker.org\/es\/stena-superfast-viii\/\">Stena Superfast VIII<\/a><\/li>\n<li><a href=\"https:\/\/ship-tracker.org\/es\/stena-estrid\/\">Stena Estrid<\/a><\/li>\n<li><a href=\"https:\/\/ship-tracker.org\/es\/stena-adventurer\/\">Stena Adventurer<\/a><\/li>\n<li><a href=\"https:\/\/ship-tracker.org\/es\/stena-europe\/\">Stena Europa<\/a><\/li>\n<li><a href=\"https:\/\/ship-tracker.org\/es\/stena-hollandica\/\">Stena Hollandica<\/a><\/li>\n<li><a href=\"https:\/\/ship-tracker.org\/es\/stena-britannica\/\">Stena Britannica<\/a><\/li>\n<li><a href=\"https:\/\/ship-tracker.org\/es\/urd\/\">URD<\/a><\/li>\n<li><a href=\"https:\/\/ship-tracker.org\/es\/stena-flavia\/\">Stena Flavia<\/a><\/li>\n<li><a href=\"https:\/\/ship-tracker.org\/es\/scottish-viking\/\">Scottish Viking<\/a><\/li>\n<li><a href=\"https:\/\/ship-tracker.org\/es\/stena-gothica\/\">Stena Gothica<\/a><\/li>\n<li><a href=\"https:\/\/ship-tracker.org\/es\/stena-vision\/\">Stena Vision<\/a><\/li>\n<li><a href=\"https:\/\/ship-tracker.org\/es\/stena-spirit\/\">Stena Spirit<\/a><\/li>\n<li><a href=\"https:\/\/ship-tracker.org\/es\/stena-baltica\/\">Stena Baltica<\/a><\/li>\n<li><a href=\"https:\/\/ship-tracker.org\/es\/stena-nautica\/\">Stena Nautica<\/a><\/li>\n<li><a href=\"https:\/\/ship-tracker.org\/es\/stena-jutlandica\/\">Stena Jutlandica<\/a><\/li>\n<\/ul>\n<p><script async src=\"https:\/\/pagead2.googlesyndication.com\/pagead\/js\/adsbygoogle.js\"><\/script><br \/>\n<!-- Schip-Tracker Linkanzeigen --><br \/>\n<ins class=\"adsbygoogle\" style=\"display: block;\" data-ad-client=\"ca-pub-1316785063791781\" data-ad-slot=\"3429004156\" data-ad-format=\"link\" data-full-width-responsive=\"true\"><\/ins><br \/>\n<script>\n     (adsbygoogle = window.adsbygoogle || []).push({});\n<\/script><\/p>\n<h4><span style=\"color: #000000;\">Video de Stena Horizon<\/span><\/h4>\n<div class=\"su-youtube su-u-responsive-media-yes\"><iframe loading=\"lazy\" width=\"600\" height=\"400\" src=\"https:\/\/www.youtube.com\/embed\/g5-hmhfb_r0?\" frameborder=\"0\" allowfullscreen allow=\"autoplay; encrypted-media; picture-in-picture\" title=\"\"><\/iframe><\/div>","protected":false},"excerpt":{"rendered":"<p>Ubicaci\u00f3n actual del Stena Horizon. \u00bfD\u00f3nde se encuentra actualmente el Stena Horizon? Consulte la ubicaci\u00f3n actual del Stena Horizon. La ubicaci\u00f3n del Stena Horizon se puede determinar con precisi\u00f3n mediante los mapas de VesselFinder y MarineTraffic. As\u00ed, siempre estar\u00e1 bien informado de la ubicaci\u00f3n de su barco favorito. Rese\u00f1a y especificaciones del Stena Horizon.&nbsp;<a href=\"https:\/\/ship-tracker.org\/es\/stena-horizon\/\" rel=\"bookmark\">Leer m\u00e1s &quot;<span class=\"screen-reader-text\">Stena Horizon<\/span><\/a><\/p>","protected":false},"author":1,"featured_media":2869,"parent":0,"menu_order":0,"comment_status":"closed","ping_status":"closed","template":"","meta":{"neve_meta_sidebar":"","neve_meta_container":"","neve_meta_enable_content_width":"","neve_meta_content_width":0,"neve_meta_title_alignment":"","neve_meta_author_avatar":"","neve_post_elements_order":"","neve_meta_disable_header":"","neve_meta_disable_footer":"","neve_meta_disable_title":"","neve_meta_reading_time":"","footnotes":""},"class_list":["post-2920","page","type-page","status-publish","has-post-thumbnail","hentry"],"yoast_head":"<!-- This site is optimized with the Yoast SEO plugin v26.9 - https:\/\/yoast.com\/product\/yoast-seo-wordpress\/ -->\n<title>Stena Horizon\u2503Current location and position of Stena Line ferry<\/title>\n<meta name=\"description\" content=\"Stena Horizon \u2693 Current location and position of Stena Horizon \u2713 Cruise Ship Tracker \u2713 Live Ship Tracker \u2713 Stena Line ferry\" \/>\n<meta name=\"robots\" content=\"index, follow, max-snippet:-1, max-image-preview:large, max-video-preview:-1\" \/>\n<link rel=\"canonical\" href=\"https:\/\/ship-tracker.org\/es\/stena-horizon\/\" \/>\n<meta property=\"og:locale\" content=\"es_ES\" \/>\n<meta property=\"og:type\" content=\"article\" \/>\n<meta property=\"og:title\" content=\"Stena Horizon\u2503Current location and position of Stena Line ferry\" \/>\n<meta property=\"og:description\" content=\"Stena Horizon \u2693 Current location and position of Stena Horizon \u2713 Cruise Ship Tracker \u2713 Live Ship Tracker \u2713 Stena Line ferry\" \/>\n<meta property=\"og:url\" content=\"https:\/\/ship-tracker.org\/es\/stena-horizon\/\" \/>\n<meta property=\"og:site_name\" content=\"Ship-tracker.org\" \/>\n<meta property=\"article:modified_time\" content=\"2022-10-27T14:09:04+00:00\" \/>\n<meta property=\"og:image\" content=\"https:\/\/ship-tracker.org\/wp-content\/uploads\/2020\/05\/stena_germanica_supergreen_1280x502px.jpg\" \/>\n\t<meta property=\"og:image:width\" content=\"638\" \/>\n\t<meta property=\"og:image:height\" content=\"250\" \/>\n\t<meta property=\"og:image:type\" content=\"image\/jpeg\" \/>\n<meta name=\"twitter:card\" content=\"summary_large_image\" \/>\n<meta name=\"twitter:label1\" content=\"Tiempo de lectura\" \/>\n\t<meta name=\"twitter:data1\" content=\"1 minuto\" \/>\n<script type=\"application\/ld+json\" class=\"yoast-schema-graph\">{\"@context\":\"https:\/\/schema.org\",\"@graph\":[{\"@type\":\"WebPage\",\"@id\":\"https:\/\/ship-tracker.org\/stena-horizon\/\",\"url\":\"https:\/\/ship-tracker.org\/stena-horizon\/\",\"name\":\"Stena Horizon\u2503Current location and position of Stena Line ferry\",\"isPartOf\":{\"@id\":\"https:\/\/ship-tracker.org\/#website\"},\"primaryImageOfPage\":{\"@id\":\"https:\/\/ship-tracker.org\/stena-horizon\/#primaryimage\"},\"image\":{\"@id\":\"https:\/\/ship-tracker.org\/stena-horizon\/#primaryimage\"},\"thumbnailUrl\":\"https:\/\/ship-tracker.org\/wp-content\/uploads\/2020\/05\/stena_germanica_supergreen_1280x502px.jpg\",\"datePublished\":\"2020-05-12T14:22:05+00:00\",\"dateModified\":\"2022-10-27T14:09:04+00:00\",\"description\":\"Stena Horizon \u2693 Current location and position of Stena Horizon \u2713 Cruise Ship Tracker \u2713 Live Ship Tracker \u2713 Stena Line ferry\",\"breadcrumb\":{\"@id\":\"https:\/\/ship-tracker.org\/stena-horizon\/#breadcrumb\"},\"inLanguage\":\"es\",\"potentialAction\":[{\"@type\":\"ReadAction\",\"target\":[\"https:\/\/ship-tracker.org\/stena-horizon\/\"]}]},{\"@type\":\"ImageObject\",\"inLanguage\":\"es\",\"@id\":\"https:\/\/ship-tracker.org\/stena-horizon\/#primaryimage\",\"url\":\"https:\/\/ship-tracker.org\/wp-content\/uploads\/2020\/05\/stena_germanica_supergreen_1280x502px.jpg\",\"contentUrl\":\"https:\/\/ship-tracker.org\/wp-content\/uploads\/2020\/05\/stena_germanica_supergreen_1280x502px.jpg\",\"width\":638,\"height\":250,\"caption\":\"Stena Horizon\"},{\"@type\":\"BreadcrumbList\",\"@id\":\"https:\/\/ship-tracker.org\/stena-horizon\/#breadcrumb\",\"itemListElement\":[{\"@type\":\"ListItem\",\"position\":1,\"name\":\"Startseite\",\"item\":\"https:\/\/ship-tracker.org\/\"},{\"@type\":\"ListItem\",\"position\":2,\"name\":\"Stena Horizon\"}]},{\"@type\":\"WebSite\",\"@id\":\"https:\/\/ship-tracker.org\/#website\",\"url\":\"https:\/\/ship-tracker.org\/\",\"name\":\"Ship-tracker.org\",\"description\":\"\",\"potentialAction\":[{\"@type\":\"SearchAction\",\"target\":{\"@type\":\"EntryPoint\",\"urlTemplate\":\"https:\/\/ship-tracker.org\/?s={search_term_string}\"},\"query-input\":{\"@type\":\"PropertyValueSpecification\",\"valueRequired\":true,\"valueName\":\"search_term_string\"}}],\"inLanguage\":\"es\"}]}<\/script>\n<!-- \/ Yoast SEO plugin. -->","yoast_head_json":{"title":"Stena Horizon\u2503 Ubicaci\u00f3n actual y posici\u00f3n del ferry Stena Line","description":"Stena Horizon \u2693 Ubicaci\u00f3n actual y posici\u00f3n de Stena Horizon \u2713 Rastreador de cruceros \u2713 Rastreador de barcos en vivo \u2713 Stena Line ferry","robots":{"index":"index","follow":"follow","max-snippet":"max-snippet:-1","max-image-preview":"max-image-preview:large","max-video-preview":"max-video-preview:-1"},"canonical":"https:\/\/ship-tracker.org\/es\/stena-horizon\/","og_locale":"es_ES","og_type":"article","og_title":"Stena Horizon\u2503Current location and position of Stena Line ferry","og_description":"Stena Horizon \u2693 Current location and position of Stena Horizon \u2713 Cruise Ship Tracker \u2713 Live Ship Tracker \u2713 Stena Line ferry","og_url":"https:\/\/ship-tracker.org\/es\/stena-horizon\/","og_site_name":"Ship-tracker.org","article_modified_time":"2022-10-27T14:09:04+00:00","og_image":[{"width":638,"height":250,"url":"https:\/\/ship-tracker.org\/wp-content\/uploads\/2020\/05\/stena_germanica_supergreen_1280x502px.jpg","type":"image\/jpeg"}],"twitter_card":"summary_large_image","twitter_misc":{"Tiempo de lectura":"1 minuto"},"schema":{"@context":"https:\/\/schema.org","@graph":[{"@type":"WebPage","@id":"https:\/\/ship-tracker.org\/stena-horizon\/","url":"https:\/\/ship-tracker.org\/stena-horizon\/","name":"Stena Horizon\u2503 Ubicaci\u00f3n actual y posici\u00f3n del ferry Stena Line","isPartOf":{"@id":"https:\/\/ship-tracker.org\/#website"},"primaryImageOfPage":{"@id":"https:\/\/ship-tracker.org\/stena-horizon\/#primaryimage"},"image":{"@id":"https:\/\/ship-tracker.org\/stena-horizon\/#primaryimage"},"thumbnailUrl":"https:\/\/ship-tracker.org\/wp-content\/uploads\/2020\/05\/stena_germanica_supergreen_1280x502px.jpg","datePublished":"2020-05-12T14:22:05+00:00","dateModified":"2022-10-27T14:09:04+00:00","description":"Stena Horizon \u2693 Ubicaci\u00f3n actual y posici\u00f3n de Stena Horizon \u2713 Rastreador de cruceros \u2713 Rastreador de barcos en vivo \u2713 Stena Line ferry","breadcrumb":{"@id":"https:\/\/ship-tracker.org\/stena-horizon\/#breadcrumb"},"inLanguage":"es","potentialAction":[{"@type":"ReadAction","target":["https:\/\/ship-tracker.org\/stena-horizon\/"]}]},{"@type":"ImageObject","inLanguage":"es","@id":"https:\/\/ship-tracker.org\/stena-horizon\/#primaryimage","url":"https:\/\/ship-tracker.org\/wp-content\/uploads\/2020\/05\/stena_germanica_supergreen_1280x502px.jpg","contentUrl":"https:\/\/ship-tracker.org\/wp-content\/uploads\/2020\/05\/stena_germanica_supergreen_1280x502px.jpg","width":638,"height":250,"caption":"Stena Horizon"},{"@type":"BreadcrumbList","@id":"https:\/\/ship-tracker.org\/stena-horizon\/#breadcrumb","itemListElement":[{"@type":"ListItem","position":1,"name":"Startseite","item":"https:\/\/ship-tracker.org\/"},{"@type":"ListItem","position":2,"name":"Stena Horizon"}]},{"@type":"WebSite","@id":"https:\/\/ship-tracker.org\/#website","url":"https:\/\/ship-tracker.org\/","name":"Ship-tracker.org","description":"","potentialAction":[{"@type":"SearchAction","target":{"@type":"EntryPoint","urlTemplate":"https:\/\/ship-tracker.org\/?s={search_term_string}"},"query-input":{"@type":"PropertyValueSpecification","valueRequired":true,"valueName":"search_term_string"}}],"inLanguage":"es"}]}},"_links":{"self":[{"href":"https:\/\/ship-tracker.org\/es\/wp-json\/wp\/v2\/pages\/2920","targetHints":{"allow":["GET"]}}],"collection":[{"href":"https:\/\/ship-tracker.org\/es\/wp-json\/wp\/v2\/pages"}],"about":[{"href":"https:\/\/ship-tracker.org\/es\/wp-json\/wp\/v2\/types\/page"}],"author":[{"embeddable":true,"href":"https:\/\/ship-tracker.org\/es\/wp-json\/wp\/v2\/users\/1"}],"replies":[{"embeddable":true,"href":"https:\/\/ship-tracker.org\/es\/wp-json\/wp\/v2\/comments?post=2920"}],"version-history":[{"count":6,"href":"https:\/\/ship-tracker.org\/es\/wp-json\/wp\/v2\/pages\/2920\/revisions"}],"predecessor-version":[{"id":2989,"href":"https:\/\/ship-tracker.org\/es\/wp-json\/wp\/v2\/pages\/2920\/revisions\/2989"}],"wp:featuredmedia":[{"embeddable":true,"href":"https:\/\/ship-tracker.org\/es\/wp-json\/wp\/v2\/media\/2869"}],"wp:attachment":[{"href":"https:\/\/ship-tracker.org\/es\/wp-json\/wp\/v2\/media?parent=2920"}],"curies":[{"name":"wp","href":"https:\/\/api.w.org\/{rel}","templated":true}]}}