{"id":2819,"date":"2020-05-10T14:17:07","date_gmt":"2020-05-10T12:17:07","guid":{"rendered":"https:\/\/ship-tracker.org\/?page_id=2819"},"modified":"2022-10-27T16:03:39","modified_gmt":"2022-10-27T14:03:39","slug":"saga-cruises","status":"publish","type":"page","link":"https:\/\/ship-tracker.org\/es\/saga-cruises\/","title":{"rendered":"Saga Cruises"},"content":{"rendered":"<h2>Saga Cruises Flota Ubicaci\u00f3n de barcos, n\u00fameros IMO, MMSI, c\u00e1maras web<\/h2>\n<p>\u00bfD\u00f3nde est\u00e1 la posici\u00f3n actual de Saga Cruises Fleet actualmente?<\/p>\n<table style=\"border-collapse: collapse; width: 100%; height: 144px;\">\n<tbody>\n<tr style=\"height: 24px;\">\n<td style=\"width: 457px; height: 24px;\"><span style=\"color: #1f405b;\"><strong>Embarcacion<\/strong><\/span><\/td>\n<td style=\"width: 456px; height: 24px;\"><span style=\"color: #1f405b;\"><strong>OMI<\/strong><\/span><\/td>\n<td style=\"width: 456px; height: 24px;\"><span style=\"color: #1f405b;\"><strong>MMSI<\/strong><\/span><\/td>\n<\/tr>\n<tr style=\"height: 24px;\">\n<td style=\"width: 457px; height: 24px;\"><a href=\"https:\/\/ship-tracker.org\/es\/spirit-of-adventure\/\">Spirit of Adventure<\/a><\/td>\n<td style=\"width: 456px; height: 24px;\">9818084<\/td>\n<td style=\"width: 456px; height: 24px;\"><\/td>\n<\/tr>\n<tr style=\"height: 24px;\">\n<td style=\"width: 457px; height: 24px;\"><a href=\"https:\/\/ship-tracker.org\/es\/spirit-of-discovery\/\">Spirit of Discovery<\/a><\/td>\n<td style=\"width: 456px; height: 24px;\">9802683<\/td>\n<td style=\"width: 456px; height: 24px;\">232021171<\/td>\n<\/tr>\n<tr style=\"height: 24px;\">\n<td style=\"width: 457px; height: 24px;\"><a href=\"https:\/\/ship-tracker.org\/es\/saga-sapphire\/\">Saga Sapphire<\/a><\/td>\n<td style=\"width: 456px; height: 24px;\">7822457<\/td>\n<td style=\"width: 456px; height: 24px;\">256208000<\/td>\n<\/tr>\n<tr style=\"height: 24px;\">\n<td style=\"width: 457px; height: 24px;\"><a href=\"https:\/\/ship-tracker.org\/es\/saga-pearl-ii\/\">Saga Pearl II<\/a><\/td>\n<td style=\"width: 456px; height: 24px;\">8000214<\/td>\n<td style=\"width: 456px; height: 24px;\">256878000<\/td>\n<\/tr>\n<\/tbody>\n<\/table>","protected":false},"excerpt":{"rendered":"<p>Ubicaci\u00f3n de la flota de Saga Cruises Naves, n\u00fameros IMO, MMSI, c\u00e1maras web \u00bfD\u00f3nde se encuentra la posici\u00f3n actual de la flota de Saga Cruises? Barco IMO MMSI Spirit of Adventure 9818084 Spirit of Discovery 9802683 232021171 Saga Sapphire 7822457 256208000 Saga Pearl II 8000214 256878000<\/p>","protected":false},"author":1,"featured_media":2820,"parent":0,"menu_order":0,"comment_status":"closed","ping_status":"closed","template":"","meta":{"neve_meta_sidebar":"","neve_meta_container":"","neve_meta_enable_content_width":"","neve_meta_content_width":0,"neve_meta_title_alignment":"","neve_meta_author_avatar":"","neve_post_elements_order":"","neve_meta_disable_header":"","neve_meta_disable_footer":"","neve_meta_disable_title":"","neve_meta_reading_time":"","footnotes":""},"class_list":["post-2819","page","type-page","status-publish","has-post-thumbnail","hentry"],"yoast_head":"<!-- This site is optimized with the Yoast SEO plugin v26.9 - https:\/\/yoast.com\/product\/yoast-seo-wordpress\/ -->\n<title>Saga Cruises Fleet | Cruise Ships | Marine Vessel Tracker<\/title>\n<meta name=\"description\" content=\"Saga Cruises Fleet Location | Current Positions of Saga Cruises Ships, IMO numbers, MMSI | Live Fleet Maps | Ship Tracker\" \/>\n<meta name=\"robots\" content=\"index, follow, max-snippet:-1, max-image-preview:large, max-video-preview:-1\" \/>\n<link rel=\"canonical\" href=\"https:\/\/ship-tracker.org\/es\/saga-cruises\/\" \/>\n<meta property=\"og:locale\" content=\"es_ES\" \/>\n<meta property=\"og:type\" content=\"article\" \/>\n<meta property=\"og:title\" content=\"Saga Cruises Fleet | Cruise Ships | Marine Vessel Tracker\" \/>\n<meta property=\"og:description\" content=\"Saga Cruises Fleet Location | Current Positions of Saga Cruises Ships, IMO numbers, MMSI | Live Fleet Maps | Ship Tracker\" \/>\n<meta property=\"og:url\" content=\"https:\/\/ship-tracker.org\/es\/saga-cruises\/\" \/>\n<meta property=\"og:site_name\" content=\"Ship-tracker.org\" \/>\n<meta property=\"article:modified_time\" content=\"2022-10-27T14:03:39+00:00\" \/>\n<meta property=\"og:image\" content=\"https:\/\/ship-tracker.org\/wp-content\/uploads\/2020\/05\/saga-logo.850x0.jpg\" \/>\n\t<meta property=\"og:image:width\" content=\"850\" \/>\n\t<meta property=\"og:image:height\" content=\"479\" \/>\n\t<meta property=\"og:image:type\" content=\"image\/jpeg\" \/>\n<meta name=\"twitter:card\" content=\"summary_large_image\" \/>\n<meta name=\"twitter:label1\" content=\"Tiempo de lectura\" \/>\n\t<meta name=\"twitter:data1\" content=\"1 minuto\" \/>\n<script type=\"application\/ld+json\" class=\"yoast-schema-graph\">{\"@context\":\"https:\/\/schema.org\",\"@graph\":[{\"@type\":\"WebPage\",\"@id\":\"https:\/\/ship-tracker.org\/saga-cruises\/\",\"url\":\"https:\/\/ship-tracker.org\/saga-cruises\/\",\"name\":\"Saga Cruises Fleet | Cruise Ships | Marine Vessel Tracker\",\"isPartOf\":{\"@id\":\"https:\/\/ship-tracker.org\/#website\"},\"primaryImageOfPage\":{\"@id\":\"https:\/\/ship-tracker.org\/saga-cruises\/#primaryimage\"},\"image\":{\"@id\":\"https:\/\/ship-tracker.org\/saga-cruises\/#primaryimage\"},\"thumbnailUrl\":\"https:\/\/ship-tracker.org\/wp-content\/uploads\/2020\/05\/saga-logo.850x0.jpg\",\"datePublished\":\"2020-05-10T12:17:07+00:00\",\"dateModified\":\"2022-10-27T14:03:39+00:00\",\"description\":\"Saga Cruises Fleet Location | Current Positions of Saga Cruises Ships, IMO numbers, MMSI | Live Fleet Maps | Ship Tracker\",\"breadcrumb\":{\"@id\":\"https:\/\/ship-tracker.org\/saga-cruises\/#breadcrumb\"},\"inLanguage\":\"es\",\"potentialAction\":[{\"@type\":\"ReadAction\",\"target\":[\"https:\/\/ship-tracker.org\/saga-cruises\/\"]}]},{\"@type\":\"ImageObject\",\"inLanguage\":\"es\",\"@id\":\"https:\/\/ship-tracker.org\/saga-cruises\/#primaryimage\",\"url\":\"https:\/\/ship-tracker.org\/wp-content\/uploads\/2020\/05\/saga-logo.850x0.jpg\",\"contentUrl\":\"https:\/\/ship-tracker.org\/wp-content\/uploads\/2020\/05\/saga-logo.850x0.jpg\",\"width\":850,\"height\":479,\"caption\":\"Saga Cruises\"},{\"@type\":\"BreadcrumbList\",\"@id\":\"https:\/\/ship-tracker.org\/saga-cruises\/#breadcrumb\",\"itemListElement\":[{\"@type\":\"ListItem\",\"position\":1,\"name\":\"Startseite\",\"item\":\"https:\/\/ship-tracker.org\/\"},{\"@type\":\"ListItem\",\"position\":2,\"name\":\"Saga Cruises\"}]},{\"@type\":\"WebSite\",\"@id\":\"https:\/\/ship-tracker.org\/#website\",\"url\":\"https:\/\/ship-tracker.org\/\",\"name\":\"Ship-tracker.org\",\"description\":\"\",\"potentialAction\":[{\"@type\":\"SearchAction\",\"target\":{\"@type\":\"EntryPoint\",\"urlTemplate\":\"https:\/\/ship-tracker.org\/?s={search_term_string}\"},\"query-input\":{\"@type\":\"PropertyValueSpecification\",\"valueRequired\":true,\"valueName\":\"search_term_string\"}}],\"inLanguage\":\"es\"}]}<\/script>\n<!-- \/ Yoast SEO plugin. -->","yoast_head_json":{"title":"Flota Saga Cruises | Cruceros | Rastreador de embarcaciones marinas","description":"Ubicaci\u00f3n de la flota de Saga Cruises | Posiciones actuales de los barcos de Saga Cruises, n\u00fameros IMO, MMSI | Mapas de flota en vivo | Rastreador de barcos","robots":{"index":"index","follow":"follow","max-snippet":"max-snippet:-1","max-image-preview":"max-image-preview:large","max-video-preview":"max-video-preview:-1"},"canonical":"https:\/\/ship-tracker.org\/es\/saga-cruises\/","og_locale":"es_ES","og_type":"article","og_title":"Saga Cruises Fleet | Cruise Ships | Marine Vessel Tracker","og_description":"Saga Cruises Fleet Location | Current Positions of Saga Cruises Ships, IMO numbers, MMSI | Live Fleet Maps | Ship Tracker","og_url":"https:\/\/ship-tracker.org\/es\/saga-cruises\/","og_site_name":"Ship-tracker.org","article_modified_time":"2022-10-27T14:03:39+00:00","og_image":[{"width":850,"height":479,"url":"https:\/\/ship-tracker.org\/wp-content\/uploads\/2020\/05\/saga-logo.850x0.jpg","type":"image\/jpeg"}],"twitter_card":"summary_large_image","twitter_misc":{"Tiempo de lectura":"1 minuto"},"schema":{"@context":"https:\/\/schema.org","@graph":[{"@type":"WebPage","@id":"https:\/\/ship-tracker.org\/saga-cruises\/","url":"https:\/\/ship-tracker.org\/saga-cruises\/","name":"Flota Saga Cruises | Cruceros | Rastreador de embarcaciones marinas","isPartOf":{"@id":"https:\/\/ship-tracker.org\/#website"},"primaryImageOfPage":{"@id":"https:\/\/ship-tracker.org\/saga-cruises\/#primaryimage"},"image":{"@id":"https:\/\/ship-tracker.org\/saga-cruises\/#primaryimage"},"thumbnailUrl":"https:\/\/ship-tracker.org\/wp-content\/uploads\/2020\/05\/saga-logo.850x0.jpg","datePublished":"2020-05-10T12:17:07+00:00","dateModified":"2022-10-27T14:03:39+00:00","description":"Ubicaci\u00f3n de la flota de Saga Cruises | Posiciones actuales de los barcos de Saga Cruises, n\u00fameros IMO, MMSI | Mapas de flota en vivo | Rastreador de barcos","breadcrumb":{"@id":"https:\/\/ship-tracker.org\/saga-cruises\/#breadcrumb"},"inLanguage":"es","potentialAction":[{"@type":"ReadAction","target":["https:\/\/ship-tracker.org\/saga-cruises\/"]}]},{"@type":"ImageObject","inLanguage":"es","@id":"https:\/\/ship-tracker.org\/saga-cruises\/#primaryimage","url":"https:\/\/ship-tracker.org\/wp-content\/uploads\/2020\/05\/saga-logo.850x0.jpg","contentUrl":"https:\/\/ship-tracker.org\/wp-content\/uploads\/2020\/05\/saga-logo.850x0.jpg","width":850,"height":479,"caption":"Saga Cruises"},{"@type":"BreadcrumbList","@id":"https:\/\/ship-tracker.org\/saga-cruises\/#breadcrumb","itemListElement":[{"@type":"ListItem","position":1,"name":"Startseite","item":"https:\/\/ship-tracker.org\/"},{"@type":"ListItem","position":2,"name":"Saga Cruises"}]},{"@type":"WebSite","@id":"https:\/\/ship-tracker.org\/#website","url":"https:\/\/ship-tracker.org\/","name":"Ship-tracker.org","description":"","potentialAction":[{"@type":"SearchAction","target":{"@type":"EntryPoint","urlTemplate":"https:\/\/ship-tracker.org\/?s={search_term_string}"},"query-input":{"@type":"PropertyValueSpecification","valueRequired":true,"valueName":"search_term_string"}}],"inLanguage":"es"}]}},"_links":{"self":[{"href":"https:\/\/ship-tracker.org\/es\/wp-json\/wp\/v2\/pages\/2819","targetHints":{"allow":["GET"]}}],"collection":[{"href":"https:\/\/ship-tracker.org\/es\/wp-json\/wp\/v2\/pages"}],"about":[{"href":"https:\/\/ship-tracker.org\/es\/wp-json\/wp\/v2\/types\/page"}],"author":[{"embeddable":true,"href":"https:\/\/ship-tracker.org\/es\/wp-json\/wp\/v2\/users\/1"}],"replies":[{"embeddable":true,"href":"https:\/\/ship-tracker.org\/es\/wp-json\/wp\/v2\/comments?post=2819"}],"version-history":[{"count":1,"href":"https:\/\/ship-tracker.org\/es\/wp-json\/wp\/v2\/pages\/2819\/revisions"}],"predecessor-version":[{"id":2823,"href":"https:\/\/ship-tracker.org\/es\/wp-json\/wp\/v2\/pages\/2819\/revisions\/2823"}],"wp:featuredmedia":[{"embeddable":true,"href":"https:\/\/ship-tracker.org\/es\/wp-json\/wp\/v2\/media\/2820"}],"wp:attachment":[{"href":"https:\/\/ship-tracker.org\/es\/wp-json\/wp\/v2\/media?parent=2819"}],"curies":[{"name":"wp","href":"https:\/\/api.w.org\/{rel}","templated":true}]}}