{"id":2807,"date":"2020-05-10T14:07:37","date_gmt":"2020-05-10T12:07:37","guid":{"rendered":"https:\/\/ship-tracker.org\/?page_id=2807"},"modified":"2022-11-01T13:53:38","modified_gmt":"2022-11-01T12:53:38","slug":"regent-seven-seas-cruises","status":"publish","type":"page","link":"https:\/\/ship-tracker.org\/es\/regent-seven-seas-cruises\/","title":{"rendered":"Regent Seven Seas Cruises"},"content":{"rendered":"<h2>Regent Seven Seas Cruises Ubicaci\u00f3n de la flota de barcos, n\u00fameros IMO, MMSI, c\u00e1maras web<\/h2>\n<p>\u00bfD\u00f3nde est\u00e1 actualmente la posici\u00f3n de la flota de Regent Seven Seas Cruises?<\/p>\n<table style=\"border-collapse: collapse; width: 100%; height: 144px;\">\n<tbody>\n<tr style=\"height: 24px;\">\n<td style=\"width: 457px; height: 24px;\"><span style=\"color: #1f405b;\"><strong>Embarcacion<\/strong><\/span><\/td>\n<td style=\"width: 456px; height: 24px;\"><span style=\"color: #1f405b;\"><strong>OMI<\/strong><\/span><\/td>\n<td style=\"width: 456px; height: 24px;\"><span style=\"color: #1f405b;\"><strong>MMSI<\/strong><\/span><\/td>\n<\/tr>\n<tr style=\"height: 24px;\">\n<td style=\"width: 457px; height: 24px;\"><a href=\"https:\/\/ship-tracker.org\/es\/seven-seas-splendor\/\">Seven Seas Splendor<\/a><\/td>\n<td style=\"width: 456px; height: 24px;\">9807085<\/td>\n<td style=\"width: 456px; height: 24px;\">538007673<\/td>\n<\/tr>\n<tr style=\"height: 24px;\">\n<td style=\"width: 457px; height: 24px;\"><a href=\"https:\/\/ship-tracker.org\/es\/seven-seas-explorer\/\">Seven Seas Explorer<\/a><\/td>\n<td style=\"width: 456px; height: 24px;\">9703150<\/td>\n<td style=\"width: 456px; height: 24px;\">538006712<\/td>\n<\/tr>\n<tr style=\"height: 24px;\">\n<td style=\"width: 457px; height: 24px;\"><a href=\"https:\/\/ship-tracker.org\/es\/seven-seas-voyager\/\">Seven Seas Voyager<\/a><\/td>\n<td style=\"width: 456px; height: 24px;\">9247144<\/td>\n<td style=\"width: 456px; height: 24px;\">311513000<\/td>\n<\/tr>\n<tr style=\"height: 24px;\">\n<td style=\"width: 457px; height: 24px;\"><a href=\"https:\/\/ship-tracker.org\/es\/seven-seas-mariner\/\">Seven Seas Mariner<\/a><\/td>\n<td style=\"width: 456px; height: 24px;\">9210139<\/td>\n<td style=\"width: 456px; height: 24px;\">311622000<\/td>\n<\/tr>\n<tr style=\"height: 24px;\">\n<td style=\"width: 457px; height: 24px;\"><a href=\"https:\/\/ship-tracker.org\/es\/seven-seas-navigator\/\">Seven Seas Navigator<\/a><\/td>\n<td style=\"width: 456px; height: 24px;\">9064126<\/td>\n<td style=\"width: 456px; height: 24px;\">311050600<\/td>\n<\/tr>\n<tr>\n<td style=\"width: 457px;\"><a href=\"https:\/\/ship-tracker.org\/es\/seven-seas-grandeur\/\">Grandeza de siete mares<\/a><\/td>\n<td style=\"width: 456px;\">2023<\/td>\n<td style=\"width: 456px;\"><\/td>\n<\/tr>\n<\/tbody>\n<\/table>","protected":false},"excerpt":{"rendered":"<p>Ubicaci\u00f3n de la flota de Regent Seven Seas Cruises Barcos, n\u00fameros IMO, MMSI, c\u00e1maras web \u00bfD\u00f3nde est\u00e1 actualmente la posici\u00f3n actual de la flota de Regent Seven Seas Cruises? Barco OMI MMSI Seven Seas Splendor 9807085 538007673 Seven Seas Explorer 9703150 538006712 Seven Seas Voyager 9247144 311513000 Seven Seas Mariner 9210139 311622000 Seven Seas Navigator 9064126 311050600 Grandeza de los Siete Mares 2023<\/p>","protected":false},"author":1,"featured_media":2809,"parent":0,"menu_order":0,"comment_status":"closed","ping_status":"closed","template":"","meta":{"neve_meta_sidebar":"","neve_meta_container":"","neve_meta_enable_content_width":"","neve_meta_content_width":0,"neve_meta_title_alignment":"","neve_meta_author_avatar":"","neve_post_elements_order":"","neve_meta_disable_header":"","neve_meta_disable_footer":"","neve_meta_disable_title":"","neve_meta_reading_time":"","footnotes":""},"class_list":["post-2807","page","type-page","status-publish","has-post-thumbnail","hentry"],"yoast_head":"<!-- This site is optimized with the Yoast SEO plugin v27.4 - https:\/\/yoast.com\/product\/yoast-seo-wordpress\/ -->\n<title>Regent Seven Seas Cruises Fleet | Cruise Ships | Marine Vessel<\/title>\n<meta name=\"description\" content=\"Regent Seven Seas Cruises Fleet Location | Current Positions of Regent Seven Seas Cruises Ships, IMO numbers, MMSI | Live Fleet Maps\" \/>\n<meta name=\"robots\" content=\"index, follow, max-snippet:-1, max-image-preview:large, max-video-preview:-1\" \/>\n<link rel=\"canonical\" href=\"https:\/\/ship-tracker.org\/es\/regent-seven-seas-cruises\/\" \/>\n<meta property=\"og:locale\" content=\"es_ES\" \/>\n<meta property=\"og:type\" content=\"article\" \/>\n<meta property=\"og:title\" content=\"Regent Seven Seas Cruises Fleet | Cruise Ships | Marine Vessel\" \/>\n<meta property=\"og:description\" content=\"Regent Seven Seas Cruises Fleet Location | Current Positions of Regent Seven Seas Cruises Ships, IMO numbers, MMSI | Live Fleet Maps\" \/>\n<meta property=\"og:url\" content=\"https:\/\/ship-tracker.org\/es\/regent-seven-seas-cruises\/\" \/>\n<meta property=\"og:site_name\" content=\"Ship-tracker.org\" \/>\n<meta property=\"article:modified_time\" content=\"2022-11-01T12:53:38+00:00\" \/>\n<meta property=\"og:image\" content=\"https:\/\/ship-tracker.org\/wp-content\/uploads\/2020\/05\/regent-seven-seas-cruises.jpg\" \/>\n\t<meta property=\"og:image:width\" content=\"400\" \/>\n\t<meta property=\"og:image:height\" content=\"300\" \/>\n\t<meta property=\"og:image:type\" content=\"image\/jpeg\" \/>\n<meta name=\"twitter:card\" content=\"summary_large_image\" \/>\n<meta name=\"twitter:label1\" content=\"Tiempo de lectura\" \/>\n\t<meta name=\"twitter:data1\" content=\"1 minuto\" \/>\n<script type=\"application\/ld+json\" class=\"yoast-schema-graph\">{\"@context\":\"https:\\\/\\\/schema.org\",\"@graph\":[{\"@type\":\"WebPage\",\"@id\":\"https:\\\/\\\/ship-tracker.org\\\/regent-seven-seas-cruises\\\/\",\"url\":\"https:\\\/\\\/ship-tracker.org\\\/regent-seven-seas-cruises\\\/\",\"name\":\"Regent Seven Seas Cruises Fleet | Cruise Ships | Marine Vessel\",\"isPartOf\":{\"@id\":\"https:\\\/\\\/ship-tracker.org\\\/#website\"},\"primaryImageOfPage\":{\"@id\":\"https:\\\/\\\/ship-tracker.org\\\/regent-seven-seas-cruises\\\/#primaryimage\"},\"image\":{\"@id\":\"https:\\\/\\\/ship-tracker.org\\\/regent-seven-seas-cruises\\\/#primaryimage\"},\"thumbnailUrl\":\"https:\\\/\\\/ship-tracker.org\\\/wp-content\\\/uploads\\\/2020\\\/05\\\/regent-seven-seas-cruises.jpg\",\"datePublished\":\"2020-05-10T12:07:37+00:00\",\"dateModified\":\"2022-11-01T12:53:38+00:00\",\"description\":\"Regent Seven Seas Cruises Fleet Location | Current Positions of Regent Seven Seas Cruises Ships, IMO numbers, MMSI | Live Fleet Maps\",\"breadcrumb\":{\"@id\":\"https:\\\/\\\/ship-tracker.org\\\/regent-seven-seas-cruises\\\/#breadcrumb\"},\"inLanguage\":\"es\",\"potentialAction\":[{\"@type\":\"ReadAction\",\"target\":[\"https:\\\/\\\/ship-tracker.org\\\/regent-seven-seas-cruises\\\/\"]}]},{\"@type\":\"ImageObject\",\"inLanguage\":\"es\",\"@id\":\"https:\\\/\\\/ship-tracker.org\\\/regent-seven-seas-cruises\\\/#primaryimage\",\"url\":\"https:\\\/\\\/ship-tracker.org\\\/wp-content\\\/uploads\\\/2020\\\/05\\\/regent-seven-seas-cruises.jpg\",\"contentUrl\":\"https:\\\/\\\/ship-tracker.org\\\/wp-content\\\/uploads\\\/2020\\\/05\\\/regent-seven-seas-cruises.jpg\",\"width\":400,\"height\":300,\"caption\":\"Regent Seven Seas Cruises\"},{\"@type\":\"BreadcrumbList\",\"@id\":\"https:\\\/\\\/ship-tracker.org\\\/regent-seven-seas-cruises\\\/#breadcrumb\",\"itemListElement\":[{\"@type\":\"ListItem\",\"position\":1,\"name\":\"Startseite\",\"item\":\"https:\\\/\\\/ship-tracker.org\\\/\"},{\"@type\":\"ListItem\",\"position\":2,\"name\":\"Regent Seven Seas Cruises\"}]},{\"@type\":\"WebSite\",\"@id\":\"https:\\\/\\\/ship-tracker.org\\\/#website\",\"url\":\"https:\\\/\\\/ship-tracker.org\\\/\",\"name\":\"Ship-tracker.org\",\"description\":\"\",\"potentialAction\":[{\"@type\":\"SearchAction\",\"target\":{\"@type\":\"EntryPoint\",\"urlTemplate\":\"https:\\\/\\\/ship-tracker.org\\\/?s={search_term_string}\"},\"query-input\":{\"@type\":\"PropertyValueSpecification\",\"valueRequired\":true,\"valueName\":\"search_term_string\"}}],\"inLanguage\":\"es\"}]}<\/script>\n<!-- \/ Yoast SEO plugin. -->","yoast_head_json":{"title":"Flota Regent Seven Seas Cruises | Cruceros | Buque marino","description":"Ubicaci\u00f3n de la flota de Regent Seven Seas Cruises | Posiciones actuales de los barcos de Regent Seven Seas Cruises, n\u00fameros IMO, MMSI | Mapas de flota en vivo","robots":{"index":"index","follow":"follow","max-snippet":"max-snippet:-1","max-image-preview":"max-image-preview:large","max-video-preview":"max-video-preview:-1"},"canonical":"https:\/\/ship-tracker.org\/es\/regent-seven-seas-cruises\/","og_locale":"es_ES","og_type":"article","og_title":"Regent Seven Seas Cruises Fleet | Cruise Ships | Marine Vessel","og_description":"Regent Seven Seas Cruises Fleet Location | Current Positions of Regent Seven Seas Cruises Ships, IMO numbers, MMSI | Live Fleet Maps","og_url":"https:\/\/ship-tracker.org\/es\/regent-seven-seas-cruises\/","og_site_name":"Ship-tracker.org","article_modified_time":"2022-11-01T12:53:38+00:00","og_image":[{"width":400,"height":300,"url":"https:\/\/ship-tracker.org\/wp-content\/uploads\/2020\/05\/regent-seven-seas-cruises.jpg","type":"image\/jpeg"}],"twitter_card":"summary_large_image","twitter_misc":{"Tiempo de lectura":"1 minuto"},"schema":{"@context":"https:\/\/schema.org","@graph":[{"@type":"WebPage","@id":"https:\/\/ship-tracker.org\/regent-seven-seas-cruises\/","url":"https:\/\/ship-tracker.org\/regent-seven-seas-cruises\/","name":"Flota Regent Seven Seas Cruises | Cruceros | Buque marino","isPartOf":{"@id":"https:\/\/ship-tracker.org\/#website"},"primaryImageOfPage":{"@id":"https:\/\/ship-tracker.org\/regent-seven-seas-cruises\/#primaryimage"},"image":{"@id":"https:\/\/ship-tracker.org\/regent-seven-seas-cruises\/#primaryimage"},"thumbnailUrl":"https:\/\/ship-tracker.org\/wp-content\/uploads\/2020\/05\/regent-seven-seas-cruises.jpg","datePublished":"2020-05-10T12:07:37+00:00","dateModified":"2022-11-01T12:53:38+00:00","description":"Ubicaci\u00f3n de la flota de Regent Seven Seas Cruises | Posiciones actuales de los barcos de Regent Seven Seas Cruises, n\u00fameros IMO, MMSI | Mapas de flota en vivo","breadcrumb":{"@id":"https:\/\/ship-tracker.org\/regent-seven-seas-cruises\/#breadcrumb"},"inLanguage":"es","potentialAction":[{"@type":"ReadAction","target":["https:\/\/ship-tracker.org\/regent-seven-seas-cruises\/"]}]},{"@type":"ImageObject","inLanguage":"es","@id":"https:\/\/ship-tracker.org\/regent-seven-seas-cruises\/#primaryimage","url":"https:\/\/ship-tracker.org\/wp-content\/uploads\/2020\/05\/regent-seven-seas-cruises.jpg","contentUrl":"https:\/\/ship-tracker.org\/wp-content\/uploads\/2020\/05\/regent-seven-seas-cruises.jpg","width":400,"height":300,"caption":"Regent Seven Seas Cruises"},{"@type":"BreadcrumbList","@id":"https:\/\/ship-tracker.org\/regent-seven-seas-cruises\/#breadcrumb","itemListElement":[{"@type":"ListItem","position":1,"name":"Startseite","item":"https:\/\/ship-tracker.org\/"},{"@type":"ListItem","position":2,"name":"Regent Seven Seas Cruises"}]},{"@type":"WebSite","@id":"https:\/\/ship-tracker.org\/#website","url":"https:\/\/ship-tracker.org\/","name":"Ship-tracker.org","description":"","potentialAction":[{"@type":"SearchAction","target":{"@type":"EntryPoint","urlTemplate":"https:\/\/ship-tracker.org\/?s={search_term_string}"},"query-input":{"@type":"PropertyValueSpecification","valueRequired":true,"valueName":"search_term_string"}}],"inLanguage":"es"}]}},"_links":{"self":[{"href":"https:\/\/ship-tracker.org\/es\/wp-json\/wp\/v2\/pages\/2807","targetHints":{"allow":["GET"]}}],"collection":[{"href":"https:\/\/ship-tracker.org\/es\/wp-json\/wp\/v2\/pages"}],"about":[{"href":"https:\/\/ship-tracker.org\/es\/wp-json\/wp\/v2\/types\/page"}],"author":[{"embeddable":true,"href":"https:\/\/ship-tracker.org\/es\/wp-json\/wp\/v2\/users\/1"}],"replies":[{"embeddable":true,"href":"https:\/\/ship-tracker.org\/es\/wp-json\/wp\/v2\/comments?post=2807"}],"version-history":[{"count":4,"href":"https:\/\/ship-tracker.org\/es\/wp-json\/wp\/v2\/pages\/2807\/revisions"}],"predecessor-version":[{"id":3548,"href":"https:\/\/ship-tracker.org\/es\/wp-json\/wp\/v2\/pages\/2807\/revisions\/3548"}],"wp:featuredmedia":[{"embeddable":true,"href":"https:\/\/ship-tracker.org\/es\/wp-json\/wp\/v2\/media\/2809"}],"wp:attachment":[{"href":"https:\/\/ship-tracker.org\/es\/wp-json\/wp\/v2\/media?parent=2807"}],"curies":[{"name":"wp","href":"https:\/\/api.w.org\/{rel}","templated":true}]}}