{"id":2693,"date":"2020-05-09T16:04:04","date_gmt":"2020-05-09T14:04:04","guid":{"rendered":"https:\/\/ship-tracker.org\/?page_id=2693"},"modified":"2022-10-27T16:04:51","modified_gmt":"2022-10-27T14:04:51","slug":"marella-cruises","status":"publish","type":"page","link":"https:\/\/ship-tracker.org\/es\/marella-cruises\/","title":{"rendered":"Marella Cruises"},"content":{"rendered":"<h2>Ubicaci\u00f3n de la flota de Marella Cruises Barcos, n\u00fameros IMO, MMSI, c\u00e1maras web<\/h2>\n<p>\u00bfD\u00f3nde est\u00e1 actualmente la posici\u00f3n de la flota de Marella Cruises?<\/p>\n<table style=\"border-collapse: collapse; width: 100%; height: 168px;\">\n<tbody>\n<tr style=\"height: 24px;\">\n<td style=\"width: 457px; height: 24px;\"><span style=\"color: #1f405b;\"><strong>Embarcacion<\/strong><\/span><\/td>\n<td style=\"width: 456px; height: 24px;\"><span style=\"color: #1f405b;\"><strong>OMI<\/strong><\/span><\/td>\n<td style=\"width: 456px; height: 24px;\"><span style=\"color: #1f405b;\"><strong>MMSI<\/strong><\/span><\/td>\n<\/tr>\n<tr style=\"height: 24px;\">\n<td style=\"width: 457px; height: 24px;\"><a href=\"https:\/\/ship-tracker.org\/es\/marella-discovery\/\">Marella Discovery<\/a><\/td>\n<td style=\"width: 456px; height: 24px;\">9070632<\/td>\n<td style=\"width: 456px; height: 24px;\">249639000<\/td>\n<\/tr>\n<tr style=\"height: 24px;\">\n<td style=\"width: 457px; height: 24px;\"><a href=\"https:\/\/ship-tracker.org\/es\/marella-explorer\/\">Marella Explorer<\/a><\/td>\n<td style=\"width: 456px; height: 24px;\">9106297<\/td>\n<td style=\"width: 456px; height: 24px;\">249051000<\/td>\n<\/tr>\n<tr style=\"height: 24px;\">\n<td style=\"width: 457px; height: 24px;\"><a href=\"https:\/\/ship-tracker.org\/es\/marella-discovery-2\/\">Marella Discovery 2<\/a><\/td>\n<td style=\"width: 456px; height: 24px;\">9070620<\/td>\n<td style=\"width: 456px; height: 24px;\">311378000<\/td>\n<\/tr>\n<tr style=\"height: 24px;\">\n<td style=\"width: 457px; height: 24px;\"><a href=\"https:\/\/ship-tracker.org\/es\/marella-explorer-2\/\">Marella Explorer 2<\/a><\/td>\n<td style=\"width: 456px; height: 24px;\">9072446<\/td>\n<td style=\"width: 456px; height: 24px;\">249054000<\/td>\n<\/tr>\n<tr style=\"height: 24px;\">\n<td style=\"width: 457px; height: 24px;\"><a href=\"https:\/\/ship-tracker.org\/es\/marella-dream\/\">Sue\u00f1o marella<\/a><\/td>\n<td style=\"width: 456px; height: 24px;\">8407735<\/td>\n<td style=\"width: 456px; height: 24px;\">248481000<\/td>\n<\/tr>\n<tr style=\"height: 24px;\">\n<td style=\"width: 457px; height: 24px;\"><a href=\"https:\/\/ship-tracker.org\/es\/marella-celebration\/\">Marella Celebration<\/a><\/td>\n<td style=\"width: 456px; height: 24px;\">8027298<\/td>\n<td style=\"width: 456px; height: 24px;\">249544000<\/td>\n<\/tr>\n<\/tbody>\n<\/table>","protected":false},"excerpt":{"rendered":"<p>Ubicaci\u00f3n de la flota de Marella Cruises Barcos, n\u00fameros IMO, MMSI, c\u00e1maras web \u00bfD\u00f3nde est\u00e1 la posici\u00f3n actual de la flota de Marella Cruises actualmente? Barco IMO MMSI Marella Discovery 9070632 249639000 Marella Explorer 9106297 249051000 Marella Discovery 2 9070620 311378000 Marella Explorer 2 9072446 249054000 Marella Dream 8407735 248481000 Marella Celebration 80272 98 249544000<\/p>","protected":false},"author":1,"featured_media":2695,"parent":0,"menu_order":0,"comment_status":"closed","ping_status":"closed","template":"","meta":{"neve_meta_sidebar":"","neve_meta_container":"","neve_meta_enable_content_width":"","neve_meta_content_width":0,"neve_meta_title_alignment":"","neve_meta_author_avatar":"","neve_post_elements_order":"","neve_meta_disable_header":"","neve_meta_disable_footer":"","neve_meta_disable_title":"","neve_meta_reading_time":"","footnotes":""},"class_list":["post-2693","page","type-page","status-publish","has-post-thumbnail","hentry"],"yoast_head":"<!-- This site is optimized with the Yoast SEO plugin v26.9 - https:\/\/yoast.com\/product\/yoast-seo-wordpress\/ -->\n<title>Track Marella Cruises Fleet | Cruise Ships | Marine Vessel<\/title>\n<meta name=\"description\" content=\"Marella Cruises Fleet Location | Current Positions of Marella Cruises Ships, IMO numbers, MMSI, Webcam | Live Fleet Maps | Ship Tracker\" \/>\n<meta name=\"robots\" content=\"index, follow, max-snippet:-1, max-image-preview:large, max-video-preview:-1\" \/>\n<link rel=\"canonical\" href=\"https:\/\/ship-tracker.org\/es\/marella-cruises\/\" \/>\n<meta property=\"og:locale\" content=\"es_ES\" \/>\n<meta property=\"og:type\" content=\"article\" \/>\n<meta property=\"og:title\" content=\"Track Marella Cruises Fleet | Cruise Ships | Marine Vessel\" \/>\n<meta property=\"og:description\" content=\"Marella Cruises Fleet Location | Current Positions of Marella Cruises Ships, IMO numbers, MMSI, Webcam | Live Fleet Maps | Ship Tracker\" \/>\n<meta property=\"og:url\" content=\"https:\/\/ship-tracker.org\/es\/marella-cruises\/\" \/>\n<meta property=\"og:site_name\" content=\"Ship-tracker.org\" \/>\n<meta property=\"article:modified_time\" content=\"2022-10-27T14:04:51+00:00\" \/>\n<meta property=\"og:image\" content=\"https:\/\/ship-tracker.org\/wp-content\/uploads\/2020\/05\/20.jpg\" \/>\n\t<meta property=\"og:image:width\" content=\"800\" \/>\n\t<meta property=\"og:image:height\" content=\"600\" \/>\n\t<meta property=\"og:image:type\" content=\"image\/jpeg\" \/>\n<meta name=\"twitter:card\" content=\"summary_large_image\" \/>\n<meta name=\"twitter:label1\" content=\"Tiempo de lectura\" \/>\n\t<meta name=\"twitter:data1\" content=\"1 minuto\" \/>\n<script type=\"application\/ld+json\" class=\"yoast-schema-graph\">{\"@context\":\"https:\/\/schema.org\",\"@graph\":[{\"@type\":\"WebPage\",\"@id\":\"https:\/\/ship-tracker.org\/marella-cruises\/\",\"url\":\"https:\/\/ship-tracker.org\/marella-cruises\/\",\"name\":\"Track Marella Cruises Fleet | Cruise Ships | Marine Vessel\",\"isPartOf\":{\"@id\":\"https:\/\/ship-tracker.org\/#website\"},\"primaryImageOfPage\":{\"@id\":\"https:\/\/ship-tracker.org\/marella-cruises\/#primaryimage\"},\"image\":{\"@id\":\"https:\/\/ship-tracker.org\/marella-cruises\/#primaryimage\"},\"thumbnailUrl\":\"https:\/\/ship-tracker.org\/wp-content\/uploads\/2020\/05\/20.jpg\",\"datePublished\":\"2020-05-09T14:04:04+00:00\",\"dateModified\":\"2022-10-27T14:04:51+00:00\",\"description\":\"Marella Cruises Fleet Location | Current Positions of Marella Cruises Ships, IMO numbers, MMSI, Webcam | Live Fleet Maps | Ship Tracker\",\"breadcrumb\":{\"@id\":\"https:\/\/ship-tracker.org\/marella-cruises\/#breadcrumb\"},\"inLanguage\":\"es\",\"potentialAction\":[{\"@type\":\"ReadAction\",\"target\":[\"https:\/\/ship-tracker.org\/marella-cruises\/\"]}]},{\"@type\":\"ImageObject\",\"inLanguage\":\"es\",\"@id\":\"https:\/\/ship-tracker.org\/marella-cruises\/#primaryimage\",\"url\":\"https:\/\/ship-tracker.org\/wp-content\/uploads\/2020\/05\/20.jpg\",\"contentUrl\":\"https:\/\/ship-tracker.org\/wp-content\/uploads\/2020\/05\/20.jpg\",\"width\":800,\"height\":600,\"caption\":\"Marella Cruises\"},{\"@type\":\"BreadcrumbList\",\"@id\":\"https:\/\/ship-tracker.org\/marella-cruises\/#breadcrumb\",\"itemListElement\":[{\"@type\":\"ListItem\",\"position\":1,\"name\":\"Startseite\",\"item\":\"https:\/\/ship-tracker.org\/\"},{\"@type\":\"ListItem\",\"position\":2,\"name\":\"Marella Cruises\"}]},{\"@type\":\"WebSite\",\"@id\":\"https:\/\/ship-tracker.org\/#website\",\"url\":\"https:\/\/ship-tracker.org\/\",\"name\":\"Ship-tracker.org\",\"description\":\"\",\"potentialAction\":[{\"@type\":\"SearchAction\",\"target\":{\"@type\":\"EntryPoint\",\"urlTemplate\":\"https:\/\/ship-tracker.org\/?s={search_term_string}\"},\"query-input\":{\"@type\":\"PropertyValueSpecification\",\"valueRequired\":true,\"valueName\":\"search_term_string\"}}],\"inLanguage\":\"es\"}]}<\/script>\n<!-- \/ Yoast SEO plugin. -->","yoast_head_json":{"title":"Seguir la flota de Marella Cruises | Cruceros | Buque marino","description":"Ubicaci\u00f3n de la Flota de Marella Cruceros | Posiciones actuales de los barcos de Marella Cruises, n\u00fameros IMO, MMSI, c\u00e1mara web | Mapas de flota en vivo | Rastreador de barcos","robots":{"index":"index","follow":"follow","max-snippet":"max-snippet:-1","max-image-preview":"max-image-preview:large","max-video-preview":"max-video-preview:-1"},"canonical":"https:\/\/ship-tracker.org\/es\/marella-cruises\/","og_locale":"es_ES","og_type":"article","og_title":"Track Marella Cruises Fleet | Cruise Ships | Marine Vessel","og_description":"Marella Cruises Fleet Location | Current Positions of Marella Cruises Ships, IMO numbers, MMSI, Webcam | Live Fleet Maps | Ship Tracker","og_url":"https:\/\/ship-tracker.org\/es\/marella-cruises\/","og_site_name":"Ship-tracker.org","article_modified_time":"2022-10-27T14:04:51+00:00","og_image":[{"width":800,"height":600,"url":"https:\/\/ship-tracker.org\/wp-content\/uploads\/2020\/05\/20.jpg","type":"image\/jpeg"}],"twitter_card":"summary_large_image","twitter_misc":{"Tiempo de lectura":"1 minuto"},"schema":{"@context":"https:\/\/schema.org","@graph":[{"@type":"WebPage","@id":"https:\/\/ship-tracker.org\/marella-cruises\/","url":"https:\/\/ship-tracker.org\/marella-cruises\/","name":"Seguir la flota de Marella Cruises | Cruceros | Buque marino","isPartOf":{"@id":"https:\/\/ship-tracker.org\/#website"},"primaryImageOfPage":{"@id":"https:\/\/ship-tracker.org\/marella-cruises\/#primaryimage"},"image":{"@id":"https:\/\/ship-tracker.org\/marella-cruises\/#primaryimage"},"thumbnailUrl":"https:\/\/ship-tracker.org\/wp-content\/uploads\/2020\/05\/20.jpg","datePublished":"2020-05-09T14:04:04+00:00","dateModified":"2022-10-27T14:04:51+00:00","description":"Ubicaci\u00f3n de la Flota de Marella Cruceros | Posiciones actuales de los barcos de Marella Cruises, n\u00fameros IMO, MMSI, c\u00e1mara web | Mapas de flota en vivo | Rastreador de barcos","breadcrumb":{"@id":"https:\/\/ship-tracker.org\/marella-cruises\/#breadcrumb"},"inLanguage":"es","potentialAction":[{"@type":"ReadAction","target":["https:\/\/ship-tracker.org\/marella-cruises\/"]}]},{"@type":"ImageObject","inLanguage":"es","@id":"https:\/\/ship-tracker.org\/marella-cruises\/#primaryimage","url":"https:\/\/ship-tracker.org\/wp-content\/uploads\/2020\/05\/20.jpg","contentUrl":"https:\/\/ship-tracker.org\/wp-content\/uploads\/2020\/05\/20.jpg","width":800,"height":600,"caption":"Marella Cruises"},{"@type":"BreadcrumbList","@id":"https:\/\/ship-tracker.org\/marella-cruises\/#breadcrumb","itemListElement":[{"@type":"ListItem","position":1,"name":"Startseite","item":"https:\/\/ship-tracker.org\/"},{"@type":"ListItem","position":2,"name":"Marella Cruises"}]},{"@type":"WebSite","@id":"https:\/\/ship-tracker.org\/#website","url":"https:\/\/ship-tracker.org\/","name":"Ship-tracker.org","description":"","potentialAction":[{"@type":"SearchAction","target":{"@type":"EntryPoint","urlTemplate":"https:\/\/ship-tracker.org\/?s={search_term_string}"},"query-input":{"@type":"PropertyValueSpecification","valueRequired":true,"valueName":"search_term_string"}}],"inLanguage":"es"}]}},"_links":{"self":[{"href":"https:\/\/ship-tracker.org\/es\/wp-json\/wp\/v2\/pages\/2693","targetHints":{"allow":["GET"]}}],"collection":[{"href":"https:\/\/ship-tracker.org\/es\/wp-json\/wp\/v2\/pages"}],"about":[{"href":"https:\/\/ship-tracker.org\/es\/wp-json\/wp\/v2\/types\/page"}],"author":[{"embeddable":true,"href":"https:\/\/ship-tracker.org\/es\/wp-json\/wp\/v2\/users\/1"}],"replies":[{"embeddable":true,"href":"https:\/\/ship-tracker.org\/es\/wp-json\/wp\/v2\/comments?post=2693"}],"version-history":[{"count":3,"href":"https:\/\/ship-tracker.org\/es\/wp-json\/wp\/v2\/pages\/2693\/revisions"}],"predecessor-version":[{"id":2697,"href":"https:\/\/ship-tracker.org\/es\/wp-json\/wp\/v2\/pages\/2693\/revisions\/2697"}],"wp:featuredmedia":[{"embeddable":true,"href":"https:\/\/ship-tracker.org\/es\/wp-json\/wp\/v2\/media\/2695"}],"wp:attachment":[{"href":"https:\/\/ship-tracker.org\/es\/wp-json\/wp\/v2\/media?parent=2693"}],"curies":[{"name":"wp","href":"https:\/\/api.w.org\/{rel}","templated":true}]}}