{"id":2582,"date":"2020-05-09T13:48:49","date_gmt":"2020-05-09T11:48:49","guid":{"rendered":"https:\/\/ship-tracker.org\/?page_id=2582"},"modified":"2022-10-27T16:03:56","modified_gmt":"2022-10-27T14:03:56","slug":"cruise-and-maritime-voyages","status":"publish","type":"page","link":"https:\/\/ship-tracker.org\/es\/cruise-and-maritime-voyages\/","title":{"rendered":"Cruise and Maritime Voyages"},"content":{"rendered":"<h2>Ubicaci\u00f3n de la flota de cruceros y viajes mar\u00edtimos Naves, n\u00fameros IMO, MMSI, c\u00e1maras web<\/h2>\n<p>\u00bfD\u00f3nde est\u00e1 actualmente la posici\u00f3n actual de la flota de cruceros y viajes mar\u00edtimos?<\/p>\n<table style=\"border-collapse: collapse; width: 100%; height: 168px;\">\n<tbody>\n<tr style=\"height: 24px;\">\n<td style=\"width: 457px; height: 24px;\"><span style=\"color: #1f405b;\"><strong>Embarcacion<\/strong><\/span><\/td>\n<td style=\"width: 456px; height: 24px;\"><span style=\"color: #1f405b;\"><strong>OMI<\/strong><\/span><\/td>\n<td style=\"width: 456px; height: 24px;\"><span style=\"color: #1f405b;\"><strong>MMSI<\/strong><\/span><\/td>\n<\/tr>\n<tr style=\"height: 24px;\">\n<td style=\"width: 457px; height: 24px;\"><a href=\"https:\/\/ship-tracker.org\/es\/vasco-da-gama\/\">Vasco da Gama<\/a><\/td>\n<td style=\"width: 456px; height: 24px;\">8919245<\/td>\n<td style=\"width: 456px; height: 24px;\">311000891<\/td>\n<\/tr>\n<tr style=\"height: 24px;\">\n<td style=\"width: 457px; height: 24px;\"><a href=\"https:\/\/ship-tracker.org\/es\/columbus\/\">Columbus<\/a><\/td>\n<td style=\"width: 456px; height: 24px;\">8611398<\/td>\n<td style=\"width: 456px; height: 24px;\">311000535<\/td>\n<\/tr>\n<tr style=\"height: 24px;\">\n<td style=\"width: 457px; height: 24px;\"><a href=\"https:\/\/ship-tracker.org\/es\/astor\/\">Astor<\/a><\/td>\n<td style=\"width: 456px; height: 24px;\">8506373<\/td>\n<td style=\"width: 456px; height: 24px;\">308214000<\/td>\n<\/tr>\n<tr style=\"height: 24px;\">\n<td style=\"width: 457px; height: 24px;\"><a href=\"https:\/\/ship-tracker.org\/es\/magellan\/\">Magellan<\/a><\/td>\n<td style=\"width: 456px; height: 24px;\">8217881<\/td>\n<td style=\"width: 456px; height: 24px;\">311000343<\/td>\n<\/tr>\n<tr style=\"height: 24px;\">\n<td style=\"width: 457px; height: 24px;\"><a href=\"https:\/\/ship-tracker.org\/es\/marco-polo\/\">Marco Polo<\/a><\/td>\n<td style=\"width: 456px; height: 24px;\">6417097<\/td>\n<td style=\"width: 456px; height: 24px;\">308693000<\/td>\n<\/tr>\n<tr style=\"height: 24px;\">\n<td style=\"width: 457px; height: 24px;\"><a href=\"https:\/\/ship-tracker.org\/es\/astoria\/\">Astoria<\/a><\/td>\n<td style=\"width: 456px; height: 24px;\">5383304<\/td>\n<td style=\"width: 456px; height: 24px;\">255801380<\/td>\n<\/tr>\n<\/tbody>\n<\/table>","protected":false},"excerpt":{"rendered":"<p>Ubicaci\u00f3n de la flota de cruceros y viajes mar\u00edtimos Naves, n\u00fameros IMO, MMSI, c\u00e1maras web \u00bfD\u00f3nde est\u00e1 la posici\u00f3n actual de la flota de cruceros y viajes mar\u00edtimos actualmente? Barco IMO MMSI Vasco da Gama 8919245 311000891 Columbus 8611398 311000535 Astor 8506373 308214000 Magellan 8217881 311000343 Marco Polo 6417097 308693000 Astoria 5383304 255801380<\/p>","protected":false},"author":1,"featured_media":2584,"parent":0,"menu_order":0,"comment_status":"closed","ping_status":"closed","template":"","meta":{"neve_meta_sidebar":"","neve_meta_container":"","neve_meta_enable_content_width":"","neve_meta_content_width":0,"neve_meta_title_alignment":"","neve_meta_author_avatar":"","neve_post_elements_order":"","neve_meta_disable_header":"","neve_meta_disable_footer":"","neve_meta_disable_title":"","neve_meta_reading_time":"","footnotes":""},"class_list":["post-2582","page","type-page","status-publish","has-post-thumbnail","hentry"],"yoast_head":"<!-- This site is optimized with the Yoast SEO plugin v26.9 - https:\/\/yoast.com\/product\/yoast-seo-wordpress\/ -->\n<title>Track Cruise and Maritime Voyages Fleet | Cruise Ships<\/title>\n<meta name=\"description\" content=\"Cruise and Maritime Voyages Fleet Location | Current Positions of CMV Ships, IMO numbers, MMSI, Webcam | Live Fleet Maps | Live Ship Tracker\" \/>\n<meta name=\"robots\" content=\"index, follow, max-snippet:-1, max-image-preview:large, max-video-preview:-1\" \/>\n<link rel=\"canonical\" href=\"https:\/\/ship-tracker.org\/es\/cruise-and-maritime-voyages\/\" \/>\n<meta property=\"og:locale\" content=\"es_ES\" \/>\n<meta property=\"og:type\" content=\"article\" \/>\n<meta property=\"og:title\" content=\"Track Cruise and Maritime Voyages Fleet | Cruise Ships\" \/>\n<meta property=\"og:description\" content=\"Cruise and Maritime Voyages Fleet Location | Current Positions of CMV Ships, IMO numbers, MMSI, Webcam | Live Fleet Maps | Live Ship Tracker\" \/>\n<meta property=\"og:url\" content=\"https:\/\/ship-tracker.org\/es\/cruise-and-maritime-voyages\/\" \/>\n<meta property=\"og:site_name\" content=\"Ship-tracker.org\" \/>\n<meta property=\"article:modified_time\" content=\"2022-10-27T14:03:56+00:00\" \/>\n<meta property=\"og:image\" content=\"https:\/\/ship-tracker.org\/wp-content\/uploads\/2020\/05\/Download-1.jpg\" \/>\n\t<meta property=\"og:image:width\" content=\"225\" \/>\n\t<meta property=\"og:image:height\" content=\"225\" \/>\n\t<meta property=\"og:image:type\" content=\"image\/jpeg\" \/>\n<meta name=\"twitter:card\" content=\"summary_large_image\" \/>\n<meta name=\"twitter:label1\" content=\"Tiempo de lectura\" \/>\n\t<meta name=\"twitter:data1\" content=\"1 minuto\" \/>\n<script type=\"application\/ld+json\" class=\"yoast-schema-graph\">{\"@context\":\"https:\/\/schema.org\",\"@graph\":[{\"@type\":\"WebPage\",\"@id\":\"https:\/\/ship-tracker.org\/cruise-and-maritime-voyages\/\",\"url\":\"https:\/\/ship-tracker.org\/cruise-and-maritime-voyages\/\",\"name\":\"Track Cruise and Maritime Voyages Fleet | Cruise Ships\",\"isPartOf\":{\"@id\":\"https:\/\/ship-tracker.org\/#website\"},\"primaryImageOfPage\":{\"@id\":\"https:\/\/ship-tracker.org\/cruise-and-maritime-voyages\/#primaryimage\"},\"image\":{\"@id\":\"https:\/\/ship-tracker.org\/cruise-and-maritime-voyages\/#primaryimage\"},\"thumbnailUrl\":\"https:\/\/ship-tracker.org\/wp-content\/uploads\/2020\/05\/Download-1.jpg\",\"datePublished\":\"2020-05-09T11:48:49+00:00\",\"dateModified\":\"2022-10-27T14:03:56+00:00\",\"description\":\"Cruise and Maritime Voyages Fleet Location | Current Positions of CMV Ships, IMO numbers, MMSI, Webcam | Live Fleet Maps | Live Ship Tracker\",\"breadcrumb\":{\"@id\":\"https:\/\/ship-tracker.org\/cruise-and-maritime-voyages\/#breadcrumb\"},\"inLanguage\":\"es\",\"potentialAction\":[{\"@type\":\"ReadAction\",\"target\":[\"https:\/\/ship-tracker.org\/cruise-and-maritime-voyages\/\"]}]},{\"@type\":\"ImageObject\",\"inLanguage\":\"es\",\"@id\":\"https:\/\/ship-tracker.org\/cruise-and-maritime-voyages\/#primaryimage\",\"url\":\"https:\/\/ship-tracker.org\/wp-content\/uploads\/2020\/05\/Download-1.jpg\",\"contentUrl\":\"https:\/\/ship-tracker.org\/wp-content\/uploads\/2020\/05\/Download-1.jpg\",\"width\":225,\"height\":225,\"caption\":\"Cruise and Maritime Voyages\"},{\"@type\":\"BreadcrumbList\",\"@id\":\"https:\/\/ship-tracker.org\/cruise-and-maritime-voyages\/#breadcrumb\",\"itemListElement\":[{\"@type\":\"ListItem\",\"position\":1,\"name\":\"Startseite\",\"item\":\"https:\/\/ship-tracker.org\/\"},{\"@type\":\"ListItem\",\"position\":2,\"name\":\"Cruise and Maritime Voyages\"}]},{\"@type\":\"WebSite\",\"@id\":\"https:\/\/ship-tracker.org\/#website\",\"url\":\"https:\/\/ship-tracker.org\/\",\"name\":\"Ship-tracker.org\",\"description\":\"\",\"potentialAction\":[{\"@type\":\"SearchAction\",\"target\":{\"@type\":\"EntryPoint\",\"urlTemplate\":\"https:\/\/ship-tracker.org\/?s={search_term_string}\"},\"query-input\":{\"@type\":\"PropertyValueSpecification\",\"valueRequired\":true,\"valueName\":\"search_term_string\"}}],\"inLanguage\":\"es\"}]}<\/script>\n<!-- \/ Yoast SEO plugin. -->","yoast_head_json":{"title":"Seguimiento Flota de Cruceros y Viajes Mar\u00edtimos | Cruceros","description":"Ubicaci\u00f3n de Flota de Cruceros y Viajes Mar\u00edtimos | Posiciones Actuales de Barcos CMV, N\u00fameros IMO, MMSI, Webcam | Mapas de flota en vivo | Rastreador de barcos en vivo","robots":{"index":"index","follow":"follow","max-snippet":"max-snippet:-1","max-image-preview":"max-image-preview:large","max-video-preview":"max-video-preview:-1"},"canonical":"https:\/\/ship-tracker.org\/es\/cruise-and-maritime-voyages\/","og_locale":"es_ES","og_type":"article","og_title":"Track Cruise and Maritime Voyages Fleet | Cruise Ships","og_description":"Cruise and Maritime Voyages Fleet Location | Current Positions of CMV Ships, IMO numbers, MMSI, Webcam | Live Fleet Maps | Live Ship Tracker","og_url":"https:\/\/ship-tracker.org\/es\/cruise-and-maritime-voyages\/","og_site_name":"Ship-tracker.org","article_modified_time":"2022-10-27T14:03:56+00:00","og_image":[{"width":225,"height":225,"url":"https:\/\/ship-tracker.org\/wp-content\/uploads\/2020\/05\/Download-1.jpg","type":"image\/jpeg"}],"twitter_card":"summary_large_image","twitter_misc":{"Tiempo de lectura":"1 minuto"},"schema":{"@context":"https:\/\/schema.org","@graph":[{"@type":"WebPage","@id":"https:\/\/ship-tracker.org\/cruise-and-maritime-voyages\/","url":"https:\/\/ship-tracker.org\/cruise-and-maritime-voyages\/","name":"Seguimiento Flota de Cruceros y Viajes Mar\u00edtimos | Cruceros","isPartOf":{"@id":"https:\/\/ship-tracker.org\/#website"},"primaryImageOfPage":{"@id":"https:\/\/ship-tracker.org\/cruise-and-maritime-voyages\/#primaryimage"},"image":{"@id":"https:\/\/ship-tracker.org\/cruise-and-maritime-voyages\/#primaryimage"},"thumbnailUrl":"https:\/\/ship-tracker.org\/wp-content\/uploads\/2020\/05\/Download-1.jpg","datePublished":"2020-05-09T11:48:49+00:00","dateModified":"2022-10-27T14:03:56+00:00","description":"Ubicaci\u00f3n de Flota de Cruceros y Viajes Mar\u00edtimos | Posiciones Actuales de Barcos CMV, N\u00fameros IMO, MMSI, Webcam | Mapas de flota en vivo | Rastreador de barcos en vivo","breadcrumb":{"@id":"https:\/\/ship-tracker.org\/cruise-and-maritime-voyages\/#breadcrumb"},"inLanguage":"es","potentialAction":[{"@type":"ReadAction","target":["https:\/\/ship-tracker.org\/cruise-and-maritime-voyages\/"]}]},{"@type":"ImageObject","inLanguage":"es","@id":"https:\/\/ship-tracker.org\/cruise-and-maritime-voyages\/#primaryimage","url":"https:\/\/ship-tracker.org\/wp-content\/uploads\/2020\/05\/Download-1.jpg","contentUrl":"https:\/\/ship-tracker.org\/wp-content\/uploads\/2020\/05\/Download-1.jpg","width":225,"height":225,"caption":"Cruise and Maritime Voyages"},{"@type":"BreadcrumbList","@id":"https:\/\/ship-tracker.org\/cruise-and-maritime-voyages\/#breadcrumb","itemListElement":[{"@type":"ListItem","position":1,"name":"Startseite","item":"https:\/\/ship-tracker.org\/"},{"@type":"ListItem","position":2,"name":"Cruise and Maritime Voyages"}]},{"@type":"WebSite","@id":"https:\/\/ship-tracker.org\/#website","url":"https:\/\/ship-tracker.org\/","name":"Ship-tracker.org","description":"","potentialAction":[{"@type":"SearchAction","target":{"@type":"EntryPoint","urlTemplate":"https:\/\/ship-tracker.org\/?s={search_term_string}"},"query-input":{"@type":"PropertyValueSpecification","valueRequired":true,"valueName":"search_term_string"}}],"inLanguage":"es"}]}},"_links":{"self":[{"href":"https:\/\/ship-tracker.org\/es\/wp-json\/wp\/v2\/pages\/2582","targetHints":{"allow":["GET"]}}],"collection":[{"href":"https:\/\/ship-tracker.org\/es\/wp-json\/wp\/v2\/pages"}],"about":[{"href":"https:\/\/ship-tracker.org\/es\/wp-json\/wp\/v2\/types\/page"}],"author":[{"embeddable":true,"href":"https:\/\/ship-tracker.org\/es\/wp-json\/wp\/v2\/users\/1"}],"replies":[{"embeddable":true,"href":"https:\/\/ship-tracker.org\/es\/wp-json\/wp\/v2\/comments?post=2582"}],"version-history":[{"count":1,"href":"https:\/\/ship-tracker.org\/es\/wp-json\/wp\/v2\/pages\/2582\/revisions"}],"predecessor-version":[{"id":2585,"href":"https:\/\/ship-tracker.org\/es\/wp-json\/wp\/v2\/pages\/2582\/revisions\/2585"}],"wp:featuredmedia":[{"embeddable":true,"href":"https:\/\/ship-tracker.org\/es\/wp-json\/wp\/v2\/media\/2584"}],"wp:attachment":[{"href":"https:\/\/ship-tracker.org\/es\/wp-json\/wp\/v2\/media?parent=2582"}],"curies":[{"name":"wp","href":"https:\/\/api.w.org\/{rel}","templated":true}]}}