{"id":2129,"date":"2020-04-29T14:18:01","date_gmt":"2020-04-29T12:18:01","guid":{"rendered":"https:\/\/ship-tracker.org\/?page_id=2129"},"modified":"2022-10-27T16:01:30","modified_gmt":"2022-10-27T14:01:30","slug":"tui-cruises","status":"publish","type":"page","link":"https:\/\/ship-tracker.org\/es\/tui-cruises\/","title":{"rendered":"TUI Cruises"},"content":{"rendered":"<h2>TUI Cruises Flota Ubicaci\u00f3n de barcos, n\u00fameros IMO, MMSI, c\u00e1maras web<\/h2>\n<p>\u00bfD\u00f3nde est\u00e1 la posici\u00f3n actual de TUI Cruises Fleet actualmente?<\/p>\n<table>\n<tbody>\n<tr style=\"height: 24px;\">\n<td style=\"width: 457px; height: 24px;\"><span style=\"color: #1f405b;\"><strong>Embarcacion<\/strong><\/span><\/td>\n<td style=\"width: 456px; height: 24px;\"><span style=\"color: #1f405b;\"><strong>OMI<\/strong><\/span><\/td>\n<td style=\"width: 456px; height: 24px;\"><span style=\"color: #1f405b;\"><strong>MMSI<\/strong><\/span><\/td>\n<\/tr>\n<tr style=\"height: 24px;\">\n<td style=\"width: 457px; height: 24px;\"><a href=\"https:\/\/ship-tracker.org\/es\/neue-mein-schiff-1\/\">Mein Schiff 1<\/a><\/td>\n<td style=\"width: 456px; height: 24px;\">9783564<\/td>\n<td style=\"width: 456px; height: 24px;\">248513000<\/td>\n<\/tr>\n<tr style=\"height: 24px;\">\n<td style=\"width: 457px; height: 24px;\"><a href=\"https:\/\/ship-tracker.org\/es\/mein-schiff-2\/\">Mein Schiff 2<\/a><\/td>\n<td style=\"width: 456px; height: 24px;\">9106302<\/td>\n<td style=\"width: 456px; height: 24px;\">249053000<\/td>\n<\/tr>\n<tr style=\"height: 24px;\">\n<td style=\"width: 457px; height: 24px;\"><a href=\"https:\/\/ship-tracker.org\/es\/mein-schiff-3\/\">Mein Schiff 3<\/a><\/td>\n<td style=\"width: 456px; height: 24px;\">9641730<\/td>\n<td style=\"width: 456px; height: 24px;\">229090000<\/td>\n<\/tr>\n<tr style=\"height: 24px;\">\n<td style=\"width: 457px; height: 24px;\"><a href=\"https:\/\/ship-tracker.org\/es\/mein-schiff-4\/\">Mein Schiff 4<\/a><\/td>\n<td style=\"width: 456px; height: 24px;\">9678408<\/td>\n<td style=\"width: 456px; height: 24px;\">229678000<\/td>\n<\/tr>\n<tr style=\"height: 24px;\">\n<td style=\"width: 457px; height: 24px;\"><a href=\"https:\/\/ship-tracker.org\/es\/mein-schiff-5\/\">Mein Schiff 5<\/a><\/td>\n<td style=\"width: 456px; height: 24px;\">9112789<\/td>\n<td style=\"width: 456px; height: 24px;\">247117300<\/td>\n<\/tr>\n<tr style=\"height: 24px;\">\n<td style=\"width: 457px; height: 24px;\"><a href=\"https:\/\/ship-tracker.org\/es\/mein-schiff-6\/\">Mein Schiff 6<\/a><\/td>\n<td style=\"width: 456px; height: 24px;\">9753208<\/td>\n<td style=\"width: 456px; height: 24px;\">249660000<\/td>\n<\/tr>\n<tr style=\"height: 24px;\">\n<td style=\"width: 457px; height: 24px;\">Mein Schiff 7<\/td>\n<td style=\"width: 456px; height: 24px;\">2023<\/td>\n<td style=\"width: 456px; height: 24px;\">barco nuevo<\/td>\n<\/tr>\n<tr style=\"height: 24px;\">\n<td style=\"width: 457px; height: 24px;\">Mein Schiff 8<\/td>\n<td style=\"width: 456px; height: 24px;\">2024<\/td>\n<td style=\"width: 456px; height: 24px;\">barco nuevo<\/td>\n<\/tr>\n<\/tbody>\n<\/table>\n<h2>Acerca de los cruceros TUI<\/h2>\n<p>TUI Cruises es una de las compa\u00f1\u00edas navieras que se ha convertido en una de las m\u00e1s populares de la \u00e9poca. Sin embargo, es una de las marcas m\u00e1s j\u00f3venes de habla alemana para cruceros. Al igual que AIDA, los destinos cubren todo el mundo. A bordo del &quot;Mein Schiffe&quot;, por otro lado, prevalece un concepto todo incluido uniforme, que incluye muchos servicios premium.<\/p>\n<p>TUI Cruises representa una combinaci\u00f3n saludable de cruceros tradicionales y excelentes ofertas de clubes. Aqu\u00ed, tambi\u00e9n, el enfoque siempre est\u00e1 en un paquete uniforme para sentirse bien y, por supuesto, mucho descanso y relajaci\u00f3n. A bordo encontramos numerosos lugares de retiro y posibilidades para dejar que tu alma cuelgue. Enormes zonas de spa y bienestar con unos 1.700 metros cuadrados proporcionan unas excelentes vacaciones. El concepto de sentirse bien se est\u00e1 imponiendo, ya que numerosos turistas est\u00e1n entusiasmados con los cruceros con TUI.<\/p>\n<p>El aspecto de sentirse bien se refleja absolutamente en el concepto premium todo incluido. Durante todo el d\u00eda, los viajeros pueden ayudarse en los restaurantes y bares y disfrutar de su crucero. Y todo esto en diferentes salones y acogedores bares, dise\u00f1ados de manera moderna y atractiva. Adem\u00e1s de muchos rincones amueblados de lectura y trabajo. Adem\u00e1s, la mayor\u00eda de los restaurantes no tienen horarios de mesa, por lo que no hay presi\u00f3n de tiempo o mesas llenas durante la cena. Una gran calidad a bordo convence a los vacacionistas.<\/p>\n<p>TUI Cruises es parte de una alianza entre Royal Caribbean Cruises Ltd. y TUI AG. La compa\u00f1\u00eda fue fundada en Hamburgo en 2008 y desde el principio, TUI ha estado ofreciendo el programa todo incluido para sus hu\u00e9spedes en sus barcos. Todas las flotas se llaman &quot;Mein Schiff&quot; y representan un gran servicio y ofertas individuales.<\/p>","protected":false},"excerpt":{"rendered":"<p>Ubicaci\u00f3n de la flota de TUI Cruises Barcos, n\u00fameros IMO, MMSI, c\u00e1maras web \u00bfD\u00f3nde est\u00e1 la posici\u00f3n actual de la flota de TUI Cruises actualmente? Barco OMI MMSI Mein Schiff 1 9783564 248513000 Mein Schiff 2 9106302 249053000 Mein Schiff 3 9641730 229090000 Mein Schiff 4 9678408 229678000 Mein Schiff 5 9112789 247117 300 Mein Schiff 6 9753208 249660000 Mein Schiff 7\u2026&nbsp;<a href=\"https:\/\/ship-tracker.org\/es\/tui-cruises\/\" rel=\"bookmark\">Leer m\u00e1s &quot;<span class=\"screen-reader-text\">TUI Cruises<\/span><\/a><\/p>","protected":false},"author":1,"featured_media":2130,"parent":0,"menu_order":0,"comment_status":"closed","ping_status":"closed","template":"","meta":{"neve_meta_sidebar":"","neve_meta_container":"","neve_meta_enable_content_width":"","neve_meta_content_width":0,"neve_meta_title_alignment":"","neve_meta_author_avatar":"","neve_post_elements_order":"","neve_meta_disable_header":"","neve_meta_disable_footer":"","neve_meta_disable_title":"","neve_meta_reading_time":"","footnotes":""},"class_list":["post-2129","page","type-page","status-publish","has-post-thumbnail","hentry"],"yoast_head":"<!-- This site is optimized with the Yoast SEO plugin v26.9 - https:\/\/yoast.com\/product\/yoast-seo-wordpress\/ -->\n<title>Track TUI Cruises | Cruise Ships | Marine Vessel | Ship Tracker<\/title>\n<meta name=\"description\" content=\"TUI Cruises Fleet Location | Current Positions of TUI Cruises Ships, IMO numbers, MMSI, Webcam | Live Fleet Maps | Live Ship Tracker\" \/>\n<meta name=\"robots\" content=\"index, follow, max-snippet:-1, max-image-preview:large, max-video-preview:-1\" \/>\n<link rel=\"canonical\" href=\"https:\/\/ship-tracker.org\/es\/tui-cruises\/\" \/>\n<meta property=\"og:locale\" content=\"es_ES\" \/>\n<meta property=\"og:type\" content=\"article\" \/>\n<meta property=\"og:title\" content=\"Track TUI Cruises | Cruise Ships | Marine Vessel | Ship Tracker\" \/>\n<meta property=\"og:description\" content=\"TUI Cruises Fleet Location | Current Positions of TUI Cruises Ships, IMO numbers, MMSI, Webcam | Live Fleet Maps | Live Ship Tracker\" \/>\n<meta property=\"og:url\" content=\"https:\/\/ship-tracker.org\/es\/tui-cruises\/\" \/>\n<meta property=\"og:site_name\" content=\"Ship-tracker.org\" \/>\n<meta property=\"article:modified_time\" content=\"2022-10-27T14:01:30+00:00\" \/>\n<meta property=\"og:image\" content=\"https:\/\/ship-tracker.org\/wp-content\/uploads\/2020\/04\/tui-cruises-logo4.jpg\" \/>\n\t<meta property=\"og:image:width\" content=\"461\" \/>\n\t<meta property=\"og:image:height\" content=\"405\" \/>\n\t<meta property=\"og:image:type\" content=\"image\/jpeg\" \/>\n<meta name=\"twitter:card\" content=\"summary_large_image\" \/>\n<meta name=\"twitter:label1\" content=\"Tiempo de lectura\" \/>\n\t<meta name=\"twitter:data1\" content=\"2 minutos\" \/>\n<script type=\"application\/ld+json\" class=\"yoast-schema-graph\">{\"@context\":\"https:\/\/schema.org\",\"@graph\":[{\"@type\":\"WebPage\",\"@id\":\"https:\/\/ship-tracker.org\/tui-cruises\/\",\"url\":\"https:\/\/ship-tracker.org\/tui-cruises\/\",\"name\":\"Track TUI Cruises | Cruise Ships | Marine Vessel | Ship Tracker\",\"isPartOf\":{\"@id\":\"https:\/\/ship-tracker.org\/#website\"},\"primaryImageOfPage\":{\"@id\":\"https:\/\/ship-tracker.org\/tui-cruises\/#primaryimage\"},\"image\":{\"@id\":\"https:\/\/ship-tracker.org\/tui-cruises\/#primaryimage\"},\"thumbnailUrl\":\"https:\/\/ship-tracker.org\/wp-content\/uploads\/2020\/04\/tui-cruises-logo4.jpg\",\"datePublished\":\"2020-04-29T12:18:01+00:00\",\"dateModified\":\"2022-10-27T14:01:30+00:00\",\"description\":\"TUI Cruises Fleet Location | Current Positions of TUI Cruises Ships, IMO numbers, MMSI, Webcam | Live Fleet Maps | Live Ship Tracker\",\"breadcrumb\":{\"@id\":\"https:\/\/ship-tracker.org\/tui-cruises\/#breadcrumb\"},\"inLanguage\":\"es\",\"potentialAction\":[{\"@type\":\"ReadAction\",\"target\":[\"https:\/\/ship-tracker.org\/tui-cruises\/\"]}]},{\"@type\":\"ImageObject\",\"inLanguage\":\"es\",\"@id\":\"https:\/\/ship-tracker.org\/tui-cruises\/#primaryimage\",\"url\":\"https:\/\/ship-tracker.org\/wp-content\/uploads\/2020\/04\/tui-cruises-logo4.jpg\",\"contentUrl\":\"https:\/\/ship-tracker.org\/wp-content\/uploads\/2020\/04\/tui-cruises-logo4.jpg\",\"width\":461,\"height\":405,\"caption\":\"TUI Cruises\"},{\"@type\":\"BreadcrumbList\",\"@id\":\"https:\/\/ship-tracker.org\/tui-cruises\/#breadcrumb\",\"itemListElement\":[{\"@type\":\"ListItem\",\"position\":1,\"name\":\"Startseite\",\"item\":\"https:\/\/ship-tracker.org\/\"},{\"@type\":\"ListItem\",\"position\":2,\"name\":\"TUI Cruises\"}]},{\"@type\":\"WebSite\",\"@id\":\"https:\/\/ship-tracker.org\/#website\",\"url\":\"https:\/\/ship-tracker.org\/\",\"name\":\"Ship-tracker.org\",\"description\":\"\",\"potentialAction\":[{\"@type\":\"SearchAction\",\"target\":{\"@type\":\"EntryPoint\",\"urlTemplate\":\"https:\/\/ship-tracker.org\/?s={search_term_string}\"},\"query-input\":{\"@type\":\"PropertyValueSpecification\",\"valueRequired\":true,\"valueName\":\"search_term_string\"}}],\"inLanguage\":\"es\"}]}<\/script>\n<!-- \/ Yoast SEO plugin. -->","yoast_head_json":{"title":"Seguir los cruceros TUI | Cruceros | Embarcaci\u00f3n marina | Rastreador de barcos","description":"Ubicaci\u00f3n de la flota de TUI Cruises | Posiciones actuales de los barcos de TUI Cruises, n\u00fameros IMO, MMSI, c\u00e1mara web | Mapas de flota en vivo | Rastreador de barcos en vivo","robots":{"index":"index","follow":"follow","max-snippet":"max-snippet:-1","max-image-preview":"max-image-preview:large","max-video-preview":"max-video-preview:-1"},"canonical":"https:\/\/ship-tracker.org\/es\/tui-cruises\/","og_locale":"es_ES","og_type":"article","og_title":"Track TUI Cruises | Cruise Ships | Marine Vessel | Ship Tracker","og_description":"TUI Cruises Fleet Location | Current Positions of TUI Cruises Ships, IMO numbers, MMSI, Webcam | Live Fleet Maps | Live Ship Tracker","og_url":"https:\/\/ship-tracker.org\/es\/tui-cruises\/","og_site_name":"Ship-tracker.org","article_modified_time":"2022-10-27T14:01:30+00:00","og_image":[{"width":461,"height":405,"url":"https:\/\/ship-tracker.org\/wp-content\/uploads\/2020\/04\/tui-cruises-logo4.jpg","type":"image\/jpeg"}],"twitter_card":"summary_large_image","twitter_misc":{"Tiempo de lectura":"2 minutos"},"schema":{"@context":"https:\/\/schema.org","@graph":[{"@type":"WebPage","@id":"https:\/\/ship-tracker.org\/tui-cruises\/","url":"https:\/\/ship-tracker.org\/tui-cruises\/","name":"Seguir los cruceros TUI | Cruceros | Embarcaci\u00f3n marina | Rastreador de barcos","isPartOf":{"@id":"https:\/\/ship-tracker.org\/#website"},"primaryImageOfPage":{"@id":"https:\/\/ship-tracker.org\/tui-cruises\/#primaryimage"},"image":{"@id":"https:\/\/ship-tracker.org\/tui-cruises\/#primaryimage"},"thumbnailUrl":"https:\/\/ship-tracker.org\/wp-content\/uploads\/2020\/04\/tui-cruises-logo4.jpg","datePublished":"2020-04-29T12:18:01+00:00","dateModified":"2022-10-27T14:01:30+00:00","description":"Ubicaci\u00f3n de la flota de TUI Cruises | Posiciones actuales de los barcos de TUI Cruises, n\u00fameros IMO, MMSI, c\u00e1mara web | Mapas de flota en vivo | Rastreador de barcos en vivo","breadcrumb":{"@id":"https:\/\/ship-tracker.org\/tui-cruises\/#breadcrumb"},"inLanguage":"es","potentialAction":[{"@type":"ReadAction","target":["https:\/\/ship-tracker.org\/tui-cruises\/"]}]},{"@type":"ImageObject","inLanguage":"es","@id":"https:\/\/ship-tracker.org\/tui-cruises\/#primaryimage","url":"https:\/\/ship-tracker.org\/wp-content\/uploads\/2020\/04\/tui-cruises-logo4.jpg","contentUrl":"https:\/\/ship-tracker.org\/wp-content\/uploads\/2020\/04\/tui-cruises-logo4.jpg","width":461,"height":405,"caption":"TUI Cruises"},{"@type":"BreadcrumbList","@id":"https:\/\/ship-tracker.org\/tui-cruises\/#breadcrumb","itemListElement":[{"@type":"ListItem","position":1,"name":"Startseite","item":"https:\/\/ship-tracker.org\/"},{"@type":"ListItem","position":2,"name":"TUI Cruises"}]},{"@type":"WebSite","@id":"https:\/\/ship-tracker.org\/#website","url":"https:\/\/ship-tracker.org\/","name":"Ship-tracker.org","description":"","potentialAction":[{"@type":"SearchAction","target":{"@type":"EntryPoint","urlTemplate":"https:\/\/ship-tracker.org\/?s={search_term_string}"},"query-input":{"@type":"PropertyValueSpecification","valueRequired":true,"valueName":"search_term_string"}}],"inLanguage":"es"}]}},"_links":{"self":[{"href":"https:\/\/ship-tracker.org\/es\/wp-json\/wp\/v2\/pages\/2129","targetHints":{"allow":["GET"]}}],"collection":[{"href":"https:\/\/ship-tracker.org\/es\/wp-json\/wp\/v2\/pages"}],"about":[{"href":"https:\/\/ship-tracker.org\/es\/wp-json\/wp\/v2\/types\/page"}],"author":[{"embeddable":true,"href":"https:\/\/ship-tracker.org\/es\/wp-json\/wp\/v2\/users\/1"}],"replies":[{"embeddable":true,"href":"https:\/\/ship-tracker.org\/es\/wp-json\/wp\/v2\/comments?post=2129"}],"version-history":[{"count":4,"href":"https:\/\/ship-tracker.org\/es\/wp-json\/wp\/v2\/pages\/2129\/revisions"}],"predecessor-version":[{"id":3491,"href":"https:\/\/ship-tracker.org\/es\/wp-json\/wp\/v2\/pages\/2129\/revisions\/3491"}],"wp:featuredmedia":[{"embeddable":true,"href":"https:\/\/ship-tracker.org\/es\/wp-json\/wp\/v2\/media\/2130"}],"wp:attachment":[{"href":"https:\/\/ship-tracker.org\/es\/wp-json\/wp\/v2\/media?parent=2129"}],"curies":[{"name":"wp","href":"https:\/\/api.w.org\/{rel}","templated":true}]}}