{"id":2126,"date":"2020-04-29T14:19:16","date_gmt":"2020-04-29T12:19:16","guid":{"rendered":"https:\/\/ship-tracker.org\/?page_id=2126"},"modified":"2022-10-27T16:01:01","modified_gmt":"2022-10-27T14:01:01","slug":"aida-cruises","status":"publish","type":"page","link":"https:\/\/ship-tracker.org\/es\/aida-cruises\/","title":{"rendered":"AIDA Cruises"},"content":{"rendered":"<h2>Ubicaci\u00f3n de la flota de AIDA Cruises Barcos, n\u00fameros IMO, MMSI, c\u00e1maras web<\/h2>\n<p>\u00bfD\u00f3nde est\u00e1 la posici\u00f3n actual de AIDA Cruises Fleet actualmente?<\/p>\n<table>\n<tbody>\n<tr style=\"height: 24px;\">\n<td style=\"width: 457px; height: 24px;\"><span style=\"color: #1f405b;\"><strong>Embarcacion<\/strong><\/span><\/td>\n<td style=\"width: 456px; height: 24px;\"><span style=\"color: #1f405b;\"><strong>OMI<\/strong><\/span><\/td>\n<td style=\"width: 456px; height: 24px;\"><span style=\"color: #1f405b;\"><strong>MMSI<\/strong><\/span><\/td>\n<\/tr>\n<tr style=\"height: 24px;\">\n<td style=\"width: 457px; height: 24px;\"><a href=\"https:\/\/ship-tracker.org\/es\/aidanova\/\">AIDAnova<\/a><\/td>\n<td style=\"width: 456px; height: 24px;\">9781865<\/td>\n<td style=\"width: 456px; height: 24px;\">247389200<\/td>\n<\/tr>\n<tr style=\"height: 24px;\">\n<td style=\"width: 457px; height: 24px;\"><a href=\"https:\/\/ship-tracker.org\/es\/aidaperla\/\">AIDAperla<\/a><\/td>\n<td style=\"width: 456px; height: 24px;\">9636967<\/td>\n<td style=\"width: 456px; height: 24px;\">247385300<\/td>\n<\/tr>\n<tr style=\"height: 24px;\">\n<td style=\"width: 457px; height: 24px;\"><a href=\"https:\/\/ship-tracker.org\/es\/aidaprima\/\">AIDAprima<\/a><\/td>\n<td style=\"width: 456px; height: 24px;\">9636955<\/td>\n<td style=\"width: 456px; height: 24px;\">247353800<\/td>\n<\/tr>\n<tr style=\"height: 24px;\">\n<td style=\"width: 457px; height: 24px;\"><a href=\"https:\/\/ship-tracker.org\/es\/aidastella\/\">AIDAstella<\/a><\/td>\n<td style=\"width: 456px; height: 24px;\">9601132<\/td>\n<td style=\"width: 456px; height: 24px;\">247322800<\/td>\n<\/tr>\n<tr style=\"height: 24px;\">\n<td style=\"width: 457px; height: 24px;\"><a href=\"https:\/\/ship-tracker.org\/es\/aidamar\/\">AIDAmar<\/a><\/td>\n<td style=\"width: 456px; height: 24px;\">9490052<\/td>\n<td style=\"width: 456px; height: 24px;\">247312900<\/td>\n<\/tr>\n<tr style=\"height: 24px;\">\n<td style=\"width: 457px; height: 24px;\"><a href=\"https:\/\/ship-tracker.org\/es\/aidasol\/\">AIDAsol<\/a><\/td>\n<td style=\"width: 456px; height: 24px;\">9490040<\/td>\n<td style=\"width: 456px; height: 24px;\">247302900<\/td>\n<\/tr>\n<tr style=\"height: 24px;\">\n<td style=\"width: 457px; height: 24px;\"><a href=\"https:\/\/ship-tracker.org\/es\/aidablu\/\">AIDAblu<\/a><\/td>\n<td style=\"width: 456px; height: 24px;\">9398888<\/td>\n<td style=\"width: 456px; height: 24px;\">247282500<\/td>\n<\/tr>\n<tr style=\"height: 24px;\">\n<td style=\"width: 457px; height: 24px;\"><a href=\"https:\/\/ship-tracker.org\/es\/aidaluna\/\">AIDAluna<\/a><\/td>\n<td style=\"width: 456px; height: 24px;\">9334868<\/td>\n<td style=\"width: 456px; height: 24px;\">247255400<\/td>\n<\/tr>\n<tr style=\"height: 24px;\">\n<td style=\"width: 457px; height: 24px;\"><a href=\"https:\/\/ship-tracker.org\/es\/aidabella\/\">AIDAbella<\/a><\/td>\n<td style=\"width: 456px; height: 24px;\">9362542<\/td>\n<td style=\"width: 456px; height: 24px;\">247229700<\/td>\n<\/tr>\n<tr style=\"height: 24px;\">\n<td style=\"width: 457px; height: 24px;\"><a href=\"https:\/\/ship-tracker.org\/es\/aidadiva\/\">AIDAdiva<\/a><\/td>\n<td style=\"width: 456px; height: 24px;\">9334856<\/td>\n<td style=\"width: 456px; height: 24px;\">247187700<\/td>\n<\/tr>\n<tr style=\"height: 24px;\">\n<td style=\"width: 457px; height: 24px;\"><a href=\"https:\/\/ship-tracker.org\/es\/aidaaura\/\">AIDAaura<\/a><\/td>\n<td style=\"width: 456px; height: 24px;\">9221566<\/td>\n<td style=\"width: 456px; height: 24px;\">247117400<\/td>\n<\/tr>\n<tr style=\"height: 24px;\">\n<td style=\"width: 457px; height: 24px;\"><a href=\"https:\/\/ship-tracker.org\/es\/aidavita\/\">AIDAvita<\/a><\/td>\n<td style=\"width: 456px; height: 24px;\">9221554<\/td>\n<td style=\"width: 456px; height: 24px;\">247114900<\/td>\n<\/tr>\n<tr style=\"height: 24px;\">\n<td style=\"width: 457px; height: 24px;\"><a href=\"https:\/\/ship-tracker.org\/es\/aidamira\/\">AIDAmira<\/a><\/td>\n<td style=\"width: 456px; height: 24px;\">9172777<\/td>\n<td style=\"width: 456px; height: 24px;\">247325300<\/td>\n<\/tr>\n<tr style=\"height: 24px;\">\n<td style=\"width: 457px; height: 24px;\"><a href=\"https:\/\/ship-tracker.org\/es\/aidacara\/\">AIDAcara<\/a><\/td>\n<td style=\"width: 456px; height: 24px;\">9112789<\/td>\n<td style=\"width: 456px; height: 24px;\">247117300<\/td>\n<\/tr>\n<tr style=\"height: 24px;\">\n<td style=\"width: 457px; height: 24px;\"><a href=\"https:\/\/ship-tracker.org\/es\/aidacosma\/\">AIDAcosma<\/a><\/td>\n<td style=\"width: 456px; height: 24px;\">9781877<\/td>\n<td style=\"width: 456px; height: 24px;\">247435300<\/td>\n<\/tr>\n<\/tbody>\n<\/table>\n<h2>Acerca de los cruceros AIDA<\/h2>\n<p>AIDA Cruises es una compa\u00f1\u00eda naviera con sede en Rostock y l\u00edder del mercado en el mercado de cruceros alem\u00e1n. La historia de \u00e9xito comenz\u00f3 en 1996 con el presente AIDAcara. 1999 marca el comienzo de la historia de la compa\u00f1\u00eda naviera AIDA, en ese momento todav\u00eda bajo el nombre de &quot;Seetours&quot;. Solo 5 a\u00f1os despu\u00e9s, el AIDA recibi\u00f3 su marca actual y desde entonces ha estado navegando por los mares bajo la bandera italiana. Mientras tanto, AIDA Cruises incluso ha sido nombrado, o m\u00e1s bien pertenece al l\u00edder del mercado mundial de cruceros. En 1996, Deutsche Reederei ingres\u00f3 al mercado por primera vez con AIDA Cara. Con su sede en Rostock, casi 8,000 empleados trabajan actualmente en cruceros AIDA.<\/p>\n<p>Mientras tanto, innumerables barcos pertenecen a la AIDA. Al principio, el AIDAcara fue el primer barco en estar listo para transportar invitados a trav\u00e9s de los mares. Desde entonces, AIDA ha puesto en servicio 11 barcos m\u00e1s, como AIDAvita o AIDAaura. Y eso no es todo, porque en el futuro se lanzar\u00e1n varios barcos AIDA m\u00e1s. M\u00e1s recientemente, fue AIDAnova a quien se le permiti\u00f3 presentar la nueva generaci\u00f3n. As\u00ed que podemos sentir curiosidad por lo que AIDA est\u00e1 planeando para sus hu\u00e9spedes en el mar en los pr\u00f3ximos a\u00f1os.<\/p>\n<p>AIDA significa variedad y es sin\u00f3nimo de excelente calidad y sobre todo de diversidad. Por lo tanto, de ninguna manera es aburrido en un crucero AIDA. Aventura y relajaci\u00f3n, dos conceptos que funcionan perfectamente juntos. En los \u00faltimos a\u00f1os, AIDA ha logrado crear una atm\u00f3sfera muy especial a bordo. Ya en 2014, la compa\u00f1\u00eda naviera recibi\u00f3 un premio y el Premio Alem\u00e1n de Crucero por el &quot;mejor producto familiar&quot; y la mejor &quot;calidad de servicio&quot;. Por supuesto, no se excluye que se otorguen m\u00e1s premios y honores.<\/p>\n<p>Para los viajeros de Alemania, los miembros de la tripulaci\u00f3n de habla alemana siempre est\u00e1n disponibles a bordo del AIDA, por lo que no hay necesidad de preocuparse desde el punto de vista del idioma. Tambi\u00e9n se prescribe un c\u00f3digo de vestimenta para los empleados, para que siempre pueda reconocer a su persona de contacto. Los cruceros de AIDA suelen navegar de noche, de modo que los destinos se pueden visitar y experimentar durante el d\u00eda.<\/p>","protected":false},"excerpt":{"rendered":"<p>Ubicaci\u00f3n de la flota de AIDA Cruises Barcos, n\u00fameros IMO, MMSI, c\u00e1maras web \u00bfD\u00f3nde est\u00e1 actualmente la posici\u00f3n actual de la flota de AIDA Cruises? Barco IMO MMSI AIDAnova 9781865 247389200 AIDAperla 9636967 247385300 AIDAprima 9636955 247353800 AIDAstella 9601132 247322800 AIDAmar 9490052 247312900 AIDAsol 9490040 247302900 AIDAblu 9398888 247282500 AIDAluna 9334868 247255400 AIDAbella 9362542 247229700 AIDAdiva 9334856 247187700 AIDAaura 9221566 247117400\u2026&nbsp;<a href=\"https:\/\/ship-tracker.org\/es\/aida-cruises\/\" rel=\"bookmark\">Leer m\u00e1s &quot;<span class=\"screen-reader-text\">AIDA Cruises<\/span><\/a><\/p>","protected":false},"author":1,"featured_media":2127,"parent":0,"menu_order":0,"comment_status":"closed","ping_status":"closed","template":"","meta":{"neve_meta_sidebar":"","neve_meta_container":"","neve_meta_enable_content_width":"","neve_meta_content_width":0,"neve_meta_title_alignment":"","neve_meta_author_avatar":"","neve_post_elements_order":"","neve_meta_disable_header":"","neve_meta_disable_footer":"","neve_meta_disable_title":"","neve_meta_reading_time":"","footnotes":""},"class_list":["post-2126","page","type-page","status-publish","has-post-thumbnail","hentry"],"yoast_head":"<!-- This site is optimized with the Yoast SEO plugin v26.9 - https:\/\/yoast.com\/product\/yoast-seo-wordpress\/ -->\n<title>Track AIDA Cruises Fleet | Cruise Ships | Marine Vessel<\/title>\n<meta name=\"description\" content=\"AIDA Cruises Fleet Location | Current Positions of AIDA Cruises Ships, IMO numbers, MMSI, Webcam | Live Fleet Maps | Live Ship Tracker\" \/>\n<meta name=\"robots\" content=\"index, follow, max-snippet:-1, max-image-preview:large, max-video-preview:-1\" \/>\n<link rel=\"canonical\" href=\"https:\/\/ship-tracker.org\/es\/aida-cruises\/\" \/>\n<meta property=\"og:locale\" content=\"es_ES\" \/>\n<meta property=\"og:type\" content=\"article\" \/>\n<meta property=\"og:title\" content=\"Track AIDA Cruises Fleet | Cruise Ships | Marine Vessel\" \/>\n<meta property=\"og:description\" content=\"AIDA Cruises Fleet Location | Current Positions of AIDA Cruises Ships, IMO numbers, MMSI, Webcam | Live Fleet Maps | Live Ship Tracker\" \/>\n<meta property=\"og:url\" content=\"https:\/\/ship-tracker.org\/es\/aida-cruises\/\" \/>\n<meta property=\"og:site_name\" content=\"Ship-tracker.org\" \/>\n<meta property=\"article:modified_time\" content=\"2022-10-27T14:01:01+00:00\" \/>\n<meta property=\"og:image\" content=\"https:\/\/ship-tracker.org\/wp-content\/uploads\/2020\/04\/aida-cruises-logo.jpg\" \/>\n\t<meta property=\"og:image:width\" content=\"461\" \/>\n\t<meta property=\"og:image:height\" content=\"405\" \/>\n\t<meta property=\"og:image:type\" content=\"image\/jpeg\" \/>\n<meta name=\"twitter:card\" content=\"summary_large_image\" \/>\n<meta name=\"twitter:label1\" content=\"Tiempo de lectura\" \/>\n\t<meta name=\"twitter:data1\" content=\"2 minutos\" \/>\n<script type=\"application\/ld+json\" class=\"yoast-schema-graph\">{\"@context\":\"https:\/\/schema.org\",\"@graph\":[{\"@type\":\"WebPage\",\"@id\":\"https:\/\/ship-tracker.org\/aida-cruises\/\",\"url\":\"https:\/\/ship-tracker.org\/aida-cruises\/\",\"name\":\"Track AIDA Cruises Fleet | Cruise Ships | Marine Vessel\",\"isPartOf\":{\"@id\":\"https:\/\/ship-tracker.org\/#website\"},\"primaryImageOfPage\":{\"@id\":\"https:\/\/ship-tracker.org\/aida-cruises\/#primaryimage\"},\"image\":{\"@id\":\"https:\/\/ship-tracker.org\/aida-cruises\/#primaryimage\"},\"thumbnailUrl\":\"https:\/\/ship-tracker.org\/wp-content\/uploads\/2020\/04\/aida-cruises-logo.jpg\",\"datePublished\":\"2020-04-29T12:19:16+00:00\",\"dateModified\":\"2022-10-27T14:01:01+00:00\",\"description\":\"AIDA Cruises Fleet Location | Current Positions of AIDA Cruises Ships, IMO numbers, MMSI, Webcam | Live Fleet Maps | Live Ship Tracker\",\"breadcrumb\":{\"@id\":\"https:\/\/ship-tracker.org\/aida-cruises\/#breadcrumb\"},\"inLanguage\":\"es\",\"potentialAction\":[{\"@type\":\"ReadAction\",\"target\":[\"https:\/\/ship-tracker.org\/aida-cruises\/\"]}]},{\"@type\":\"ImageObject\",\"inLanguage\":\"es\",\"@id\":\"https:\/\/ship-tracker.org\/aida-cruises\/#primaryimage\",\"url\":\"https:\/\/ship-tracker.org\/wp-content\/uploads\/2020\/04\/aida-cruises-logo.jpg\",\"contentUrl\":\"https:\/\/ship-tracker.org\/wp-content\/uploads\/2020\/04\/aida-cruises-logo.jpg\",\"width\":461,\"height\":405,\"caption\":\"AIDA Cruises\"},{\"@type\":\"BreadcrumbList\",\"@id\":\"https:\/\/ship-tracker.org\/aida-cruises\/#breadcrumb\",\"itemListElement\":[{\"@type\":\"ListItem\",\"position\":1,\"name\":\"Startseite\",\"item\":\"https:\/\/ship-tracker.org\/\"},{\"@type\":\"ListItem\",\"position\":2,\"name\":\"AIDA Cruises\"}]},{\"@type\":\"WebSite\",\"@id\":\"https:\/\/ship-tracker.org\/#website\",\"url\":\"https:\/\/ship-tracker.org\/\",\"name\":\"Ship-tracker.org\",\"description\":\"\",\"potentialAction\":[{\"@type\":\"SearchAction\",\"target\":{\"@type\":\"EntryPoint\",\"urlTemplate\":\"https:\/\/ship-tracker.org\/?s={search_term_string}\"},\"query-input\":{\"@type\":\"PropertyValueSpecification\",\"valueRequired\":true,\"valueName\":\"search_term_string\"}}],\"inLanguage\":\"es\"}]}<\/script>\n<!-- \/ Yoast SEO plugin. -->","yoast_head_json":{"title":"Seguimiento de la flota de cruceros AIDA | Cruceros | Embarcaci\u00f3n Marina","description":"Ubicaci\u00f3n de la flota de AIDA Cruises | Posiciones actuales de los barcos de AIDA Cruises, n\u00fameros IMO, MMSI, Webcam | Mapas de flotas en vivo | Rastreador de barcos en vivo","robots":{"index":"index","follow":"follow","max-snippet":"max-snippet:-1","max-image-preview":"max-image-preview:large","max-video-preview":"max-video-preview:-1"},"canonical":"https:\/\/ship-tracker.org\/es\/aida-cruises\/","og_locale":"es_ES","og_type":"article","og_title":"Track AIDA Cruises Fleet | Cruise Ships | Marine Vessel","og_description":"AIDA Cruises Fleet Location | Current Positions of AIDA Cruises Ships, IMO numbers, MMSI, Webcam | Live Fleet Maps | Live Ship Tracker","og_url":"https:\/\/ship-tracker.org\/es\/aida-cruises\/","og_site_name":"Ship-tracker.org","article_modified_time":"2022-10-27T14:01:01+00:00","og_image":[{"width":461,"height":405,"url":"https:\/\/ship-tracker.org\/wp-content\/uploads\/2020\/04\/aida-cruises-logo.jpg","type":"image\/jpeg"}],"twitter_card":"summary_large_image","twitter_misc":{"Tiempo de lectura":"2 minutos"},"schema":{"@context":"https:\/\/schema.org","@graph":[{"@type":"WebPage","@id":"https:\/\/ship-tracker.org\/aida-cruises\/","url":"https:\/\/ship-tracker.org\/aida-cruises\/","name":"Seguimiento de la flota de cruceros AIDA | Cruceros | Embarcaci\u00f3n Marina","isPartOf":{"@id":"https:\/\/ship-tracker.org\/#website"},"primaryImageOfPage":{"@id":"https:\/\/ship-tracker.org\/aida-cruises\/#primaryimage"},"image":{"@id":"https:\/\/ship-tracker.org\/aida-cruises\/#primaryimage"},"thumbnailUrl":"https:\/\/ship-tracker.org\/wp-content\/uploads\/2020\/04\/aida-cruises-logo.jpg","datePublished":"2020-04-29T12:19:16+00:00","dateModified":"2022-10-27T14:01:01+00:00","description":"Ubicaci\u00f3n de la flota de AIDA Cruises | Posiciones actuales de los barcos de AIDA Cruises, n\u00fameros IMO, MMSI, Webcam | Mapas de flotas en vivo | Rastreador de barcos en vivo","breadcrumb":{"@id":"https:\/\/ship-tracker.org\/aida-cruises\/#breadcrumb"},"inLanguage":"es","potentialAction":[{"@type":"ReadAction","target":["https:\/\/ship-tracker.org\/aida-cruises\/"]}]},{"@type":"ImageObject","inLanguage":"es","@id":"https:\/\/ship-tracker.org\/aida-cruises\/#primaryimage","url":"https:\/\/ship-tracker.org\/wp-content\/uploads\/2020\/04\/aida-cruises-logo.jpg","contentUrl":"https:\/\/ship-tracker.org\/wp-content\/uploads\/2020\/04\/aida-cruises-logo.jpg","width":461,"height":405,"caption":"AIDA Cruises"},{"@type":"BreadcrumbList","@id":"https:\/\/ship-tracker.org\/aida-cruises\/#breadcrumb","itemListElement":[{"@type":"ListItem","position":1,"name":"Startseite","item":"https:\/\/ship-tracker.org\/"},{"@type":"ListItem","position":2,"name":"AIDA Cruises"}]},{"@type":"WebSite","@id":"https:\/\/ship-tracker.org\/#website","url":"https:\/\/ship-tracker.org\/","name":"Ship-tracker.org","description":"","potentialAction":[{"@type":"SearchAction","target":{"@type":"EntryPoint","urlTemplate":"https:\/\/ship-tracker.org\/?s={search_term_string}"},"query-input":{"@type":"PropertyValueSpecification","valueRequired":true,"valueName":"search_term_string"}}],"inLanguage":"es"}]}},"_links":{"self":[{"href":"https:\/\/ship-tracker.org\/es\/wp-json\/wp\/v2\/pages\/2126","targetHints":{"allow":["GET"]}}],"collection":[{"href":"https:\/\/ship-tracker.org\/es\/wp-json\/wp\/v2\/pages"}],"about":[{"href":"https:\/\/ship-tracker.org\/es\/wp-json\/wp\/v2\/types\/page"}],"author":[{"embeddable":true,"href":"https:\/\/ship-tracker.org\/es\/wp-json\/wp\/v2\/users\/1"}],"replies":[{"embeddable":true,"href":"https:\/\/ship-tracker.org\/es\/wp-json\/wp\/v2\/comments?post=2126"}],"version-history":[{"count":6,"href":"https:\/\/ship-tracker.org\/es\/wp-json\/wp\/v2\/pages\/2126\/revisions"}],"predecessor-version":[{"id":3489,"href":"https:\/\/ship-tracker.org\/es\/wp-json\/wp\/v2\/pages\/2126\/revisions\/3489"}],"wp:featuredmedia":[{"embeddable":true,"href":"https:\/\/ship-tracker.org\/es\/wp-json\/wp\/v2\/media\/2127"}],"wp:attachment":[{"href":"https:\/\/ship-tracker.org\/es\/wp-json\/wp\/v2\/media?parent=2126"}],"curies":[{"name":"wp","href":"https:\/\/api.w.org\/{rel}","templated":true}]}}