{"id":2123,"date":"2020-04-29T14:20:25","date_gmt":"2020-04-29T12:20:25","guid":{"rendered":"https:\/\/ship-tracker.org\/?page_id=2123"},"modified":"2022-10-27T15:58:51","modified_gmt":"2022-10-27T13:58:51","slug":"disney-cruise-line","status":"publish","type":"page","link":"https:\/\/ship-tracker.org\/es\/disney-cruise-line\/","title":{"rendered":"Disney Cruise Line"},"content":{"rendered":"<h2>Barcos de ubicaci\u00f3n de la flota de Disney Cruise Line, n\u00fameros IMO, MMSI, c\u00e1maras web<\/h2>\n<p>\u00bfD\u00f3nde est\u00e1 la posici\u00f3n actual de Disney Cruise Line Fleet actualmente?<\/p>\n<table>\n<tbody>\n<tr style=\"height: 24px;\">\n<td style=\"width: 457px; height: 24px;\"><span style=\"color: #1f405b;\"><strong>Embarcacion<\/strong><\/span><\/td>\n<td style=\"width: 456px; height: 24px;\"><span style=\"color: #1f405b;\"><strong>OMI<\/strong><\/span><\/td>\n<td style=\"width: 456px; height: 24px;\"><span style=\"color: #1f405b;\"><strong>MMSI<\/strong><\/span><\/td>\n<\/tr>\n<tr style=\"height: 24px;\">\n<td style=\"width: 457px; height: 24px;\"><a href=\"https:\/\/ship-tracker.org\/es\/disney-fantasy\/\">Disney Fantasy<\/a><\/td>\n<td style=\"width: 456px; height: 24px;\">9434254<\/td>\n<td style=\"width: 456px; height: 24px;\">311042900<\/td>\n<\/tr>\n<tr style=\"height: 24px;\">\n<td style=\"width: 457px; height: 24px;\"><a href=\"https:\/\/ship-tracker.org\/es\/disney-dream\/\">Disney Dream<\/a><\/td>\n<td style=\"width: 456px; height: 24px;\">9434254<\/td>\n<td style=\"width: 456px; height: 24px;\">311042900<\/td>\n<\/tr>\n<tr style=\"height: 24px;\">\n<td style=\"width: 457px; height: 24px;\"><a href=\"https:\/\/ship-tracker.org\/es\/disney-wonder\/\">Disney Wonder<\/a><\/td>\n<td style=\"width: 456px; height: 24px;\">9126819<\/td>\n<td style=\"width: 456px; height: 24px;\">308457000<\/td>\n<\/tr>\n<tr style=\"height: 24px;\">\n<td style=\"width: 457px; height: 24px;\"><a href=\"https:\/\/ship-tracker.org\/es\/disney-magic\/\">Disney Magic<\/a><\/td>\n<td style=\"width: 456px; height: 24px;\">9126807<\/td>\n<td style=\"width: 456px; height: 24px;\">308516000<\/td>\n<\/tr>\n<tr style=\"height: 24px;\">\n<td style=\"width: 457px; height: 24px;\"><a href=\"https:\/\/ship-tracker.org\/es\/disney-wish\/\">Disney Wish<\/a><\/td>\n<td style=\"width: 456px; height: 24px;\">9834739<\/td>\n<td style=\"width: 456px; height: 24px;\">311001098<\/td>\n<\/tr>\n<\/tbody>\n<\/table>\n<h2>Sobre Disney Cruise Line<\/h2>\n<p>Disney Cruise Line, con sede en Florida, ahora tiene cuatro cruceros y una isla privada en las Bahamas. Tanto a bordo de los barcos como en tierra en Castaway Cay, la compa\u00f1\u00eda est\u00e1 totalmente orientada a las necesidades de las familias. Una sesi\u00f3n de fotos con Plut\u00f3n, o disfrutar de una visita de Donald Duck y Goofy durante la cena: estos son los momentos que hacen que los corazones de los ni\u00f1os laten m\u00e1s r\u00e1pido, incluso los de los ni\u00f1os que han cumplido la mayor\u00eda de edad. Incluso si Disney Cruise Line no ha reinventado el crucero, tales experiencias y momentos solo se pueden experimentar a bordo de los barcos de Disney y hacer que un crucero sea una experiencia \u00fanica e inolvidable.<\/p>\n<p>Incluso si los cruceros en Disney Cruise Line son un destino en s\u00ed mismos, los destinos a los que sirven son igualmente impresionantes. Si bien los cruceros en Europa, tanto en el norte como en el Mediterr\u00e1neo, son m\u00e1s bien minoritarios y, por lo tanto, disfrutan de una gran popularidad, para nosotros son los destinos m\u00e1s ex\u00f3ticos que Disney Cruise Line visita durante todo el a\u00f1o. Las Bahamas son, por supuesto, particularmente populares, donde Disney Cruise Line incluso tiene su propia isla privada, Castaway Cay.<\/p>","protected":false},"excerpt":{"rendered":"<p>Ubicaci\u00f3n de la flota de Disney Cruise Line Barcos, n\u00fameros IMO, MMSI, c\u00e1maras web \u00bfD\u00f3nde est\u00e1 actualmente la posici\u00f3n actual de la flota de Disney Cruise Line? Barco IMO MMSI Disney Fantasy 9434254 311042900 Disney Dream 9434254 311042900 Disney Wonder 9126819 308457000 Disney Magic 9126807 308516000 Disney Wish 9834739 311001098 Acerca de Disney Cruise Line Disney Cruise Line, con sede en Florida, ahora\u2026&nbsp;<a href=\"https:\/\/ship-tracker.org\/es\/disney-cruise-line\/\" rel=\"bookmark\">Leer m\u00e1s &quot;<span class=\"screen-reader-text\">Disney Cruise Line<\/span><\/a><\/p>","protected":false},"author":1,"featured_media":2124,"parent":0,"menu_order":0,"comment_status":"closed","ping_status":"closed","template":"","meta":{"neve_meta_sidebar":"","neve_meta_container":"","neve_meta_enable_content_width":"","neve_meta_content_width":0,"neve_meta_title_alignment":"","neve_meta_author_avatar":"","neve_post_elements_order":"","neve_meta_disable_header":"","neve_meta_disable_footer":"","neve_meta_disable_title":"","neve_meta_reading_time":"","footnotes":""},"class_list":["post-2123","page","type-page","status-publish","has-post-thumbnail","hentry"],"yoast_head":"<!-- This site is optimized with the Yoast SEO plugin v26.9 - https:\/\/yoast.com\/product\/yoast-seo-wordpress\/ -->\n<title>Track Disney Cruise Line Fleet | Cruise Ships | Marine Vessel<\/title>\n<meta name=\"description\" content=\"Disney Cruise Line Fleet Location | Current Positions of Disney Cruise Line Ships, IMO numbers, MMSI, Webcam | Live Fleet Maps | Ship Tracker\" \/>\n<meta name=\"robots\" content=\"index, follow, max-snippet:-1, max-image-preview:large, max-video-preview:-1\" \/>\n<link rel=\"canonical\" href=\"https:\/\/ship-tracker.org\/es\/disney-cruise-line\/\" \/>\n<meta property=\"og:locale\" content=\"es_ES\" \/>\n<meta property=\"og:type\" content=\"article\" \/>\n<meta property=\"og:title\" content=\"Track Disney Cruise Line Fleet | Cruise Ships | Marine Vessel\" \/>\n<meta property=\"og:description\" content=\"Disney Cruise Line Fleet Location | Current Positions of Disney Cruise Line Ships, IMO numbers, MMSI, Webcam | Live Fleet Maps | Ship Tracker\" \/>\n<meta property=\"og:url\" content=\"https:\/\/ship-tracker.org\/es\/disney-cruise-line\/\" \/>\n<meta property=\"og:site_name\" content=\"Ship-tracker.org\" \/>\n<meta property=\"article:modified_time\" content=\"2022-10-27T13:58:51+00:00\" \/>\n<meta property=\"og:image\" content=\"https:\/\/ship-tracker.org\/wp-content\/uploads\/2020\/04\/disney-cruise-line-web.jpg\" \/>\n\t<meta property=\"og:image:width\" content=\"1000\" \/>\n\t<meta property=\"og:image:height\" content=\"682\" \/>\n\t<meta property=\"og:image:type\" content=\"image\/jpeg\" \/>\n<meta name=\"twitter:card\" content=\"summary_large_image\" \/>\n<meta name=\"twitter:label1\" content=\"Tiempo de lectura\" \/>\n\t<meta name=\"twitter:data1\" content=\"2 minutos\" \/>\n<script type=\"application\/ld+json\" class=\"yoast-schema-graph\">{\"@context\":\"https:\/\/schema.org\",\"@graph\":[{\"@type\":\"WebPage\",\"@id\":\"https:\/\/ship-tracker.org\/disney-cruise-line\/\",\"url\":\"https:\/\/ship-tracker.org\/disney-cruise-line\/\",\"name\":\"Track Disney Cruise Line Fleet | Cruise Ships | Marine Vessel\",\"isPartOf\":{\"@id\":\"https:\/\/ship-tracker.org\/#website\"},\"primaryImageOfPage\":{\"@id\":\"https:\/\/ship-tracker.org\/disney-cruise-line\/#primaryimage\"},\"image\":{\"@id\":\"https:\/\/ship-tracker.org\/disney-cruise-line\/#primaryimage\"},\"thumbnailUrl\":\"https:\/\/ship-tracker.org\/wp-content\/uploads\/2020\/04\/disney-cruise-line-web.jpg\",\"datePublished\":\"2020-04-29T12:20:25+00:00\",\"dateModified\":\"2022-10-27T13:58:51+00:00\",\"description\":\"Disney Cruise Line Fleet Location | Current Positions of Disney Cruise Line Ships, IMO numbers, MMSI, Webcam | Live Fleet Maps | Ship Tracker\",\"breadcrumb\":{\"@id\":\"https:\/\/ship-tracker.org\/disney-cruise-line\/#breadcrumb\"},\"inLanguage\":\"es\",\"potentialAction\":[{\"@type\":\"ReadAction\",\"target\":[\"https:\/\/ship-tracker.org\/disney-cruise-line\/\"]}]},{\"@type\":\"ImageObject\",\"inLanguage\":\"es\",\"@id\":\"https:\/\/ship-tracker.org\/disney-cruise-line\/#primaryimage\",\"url\":\"https:\/\/ship-tracker.org\/wp-content\/uploads\/2020\/04\/disney-cruise-line-web.jpg\",\"contentUrl\":\"https:\/\/ship-tracker.org\/wp-content\/uploads\/2020\/04\/disney-cruise-line-web.jpg\",\"width\":1000,\"height\":682,\"caption\":\"Disney Cruise Line\"},{\"@type\":\"BreadcrumbList\",\"@id\":\"https:\/\/ship-tracker.org\/disney-cruise-line\/#breadcrumb\",\"itemListElement\":[{\"@type\":\"ListItem\",\"position\":1,\"name\":\"Startseite\",\"item\":\"https:\/\/ship-tracker.org\/\"},{\"@type\":\"ListItem\",\"position\":2,\"name\":\"Disney Cruise Line\"}]},{\"@type\":\"WebSite\",\"@id\":\"https:\/\/ship-tracker.org\/#website\",\"url\":\"https:\/\/ship-tracker.org\/\",\"name\":\"Ship-tracker.org\",\"description\":\"\",\"potentialAction\":[{\"@type\":\"SearchAction\",\"target\":{\"@type\":\"EntryPoint\",\"urlTemplate\":\"https:\/\/ship-tracker.org\/?s={search_term_string}\"},\"query-input\":{\"@type\":\"PropertyValueSpecification\",\"valueRequired\":true,\"valueName\":\"search_term_string\"}}],\"inLanguage\":\"es\"}]}<\/script>\n<!-- \/ Yoast SEO plugin. -->","yoast_head_json":{"title":"Seguir la flota de Disney Cruise Line | Cruceros | Buque marino","description":"Ubicaci\u00f3n de la flota de Disney Cruise Line | Posiciones actuales de los barcos de Disney Cruise Line, n\u00fameros IMO, MMSI, c\u00e1mara web | Mapas de flota en vivo | Rastreador de barcos","robots":{"index":"index","follow":"follow","max-snippet":"max-snippet:-1","max-image-preview":"max-image-preview:large","max-video-preview":"max-video-preview:-1"},"canonical":"https:\/\/ship-tracker.org\/es\/disney-cruise-line\/","og_locale":"es_ES","og_type":"article","og_title":"Track Disney Cruise Line Fleet | Cruise Ships | Marine Vessel","og_description":"Disney Cruise Line Fleet Location | Current Positions of Disney Cruise Line Ships, IMO numbers, MMSI, Webcam | Live Fleet Maps | Ship Tracker","og_url":"https:\/\/ship-tracker.org\/es\/disney-cruise-line\/","og_site_name":"Ship-tracker.org","article_modified_time":"2022-10-27T13:58:51+00:00","og_image":[{"width":1000,"height":682,"url":"https:\/\/ship-tracker.org\/wp-content\/uploads\/2020\/04\/disney-cruise-line-web.jpg","type":"image\/jpeg"}],"twitter_card":"summary_large_image","twitter_misc":{"Tiempo de lectura":"2 minutos"},"schema":{"@context":"https:\/\/schema.org","@graph":[{"@type":"WebPage","@id":"https:\/\/ship-tracker.org\/disney-cruise-line\/","url":"https:\/\/ship-tracker.org\/disney-cruise-line\/","name":"Seguir la flota de Disney Cruise Line | Cruceros | Buque marino","isPartOf":{"@id":"https:\/\/ship-tracker.org\/#website"},"primaryImageOfPage":{"@id":"https:\/\/ship-tracker.org\/disney-cruise-line\/#primaryimage"},"image":{"@id":"https:\/\/ship-tracker.org\/disney-cruise-line\/#primaryimage"},"thumbnailUrl":"https:\/\/ship-tracker.org\/wp-content\/uploads\/2020\/04\/disney-cruise-line-web.jpg","datePublished":"2020-04-29T12:20:25+00:00","dateModified":"2022-10-27T13:58:51+00:00","description":"Ubicaci\u00f3n de la flota de Disney Cruise Line | Posiciones actuales de los barcos de Disney Cruise Line, n\u00fameros IMO, MMSI, c\u00e1mara web | Mapas de flota en vivo | Rastreador de barcos","breadcrumb":{"@id":"https:\/\/ship-tracker.org\/disney-cruise-line\/#breadcrumb"},"inLanguage":"es","potentialAction":[{"@type":"ReadAction","target":["https:\/\/ship-tracker.org\/disney-cruise-line\/"]}]},{"@type":"ImageObject","inLanguage":"es","@id":"https:\/\/ship-tracker.org\/disney-cruise-line\/#primaryimage","url":"https:\/\/ship-tracker.org\/wp-content\/uploads\/2020\/04\/disney-cruise-line-web.jpg","contentUrl":"https:\/\/ship-tracker.org\/wp-content\/uploads\/2020\/04\/disney-cruise-line-web.jpg","width":1000,"height":682,"caption":"Disney Cruise Line"},{"@type":"BreadcrumbList","@id":"https:\/\/ship-tracker.org\/disney-cruise-line\/#breadcrumb","itemListElement":[{"@type":"ListItem","position":1,"name":"Startseite","item":"https:\/\/ship-tracker.org\/"},{"@type":"ListItem","position":2,"name":"Disney Cruise Line"}]},{"@type":"WebSite","@id":"https:\/\/ship-tracker.org\/#website","url":"https:\/\/ship-tracker.org\/","name":"Ship-tracker.org","description":"","potentialAction":[{"@type":"SearchAction","target":{"@type":"EntryPoint","urlTemplate":"https:\/\/ship-tracker.org\/?s={search_term_string}"},"query-input":{"@type":"PropertyValueSpecification","valueRequired":true,"valueName":"search_term_string"}}],"inLanguage":"es"}]}},"_links":{"self":[{"href":"https:\/\/ship-tracker.org\/es\/wp-json\/wp\/v2\/pages\/2123","targetHints":{"allow":["GET"]}}],"collection":[{"href":"https:\/\/ship-tracker.org\/es\/wp-json\/wp\/v2\/pages"}],"about":[{"href":"https:\/\/ship-tracker.org\/es\/wp-json\/wp\/v2\/types\/page"}],"author":[{"embeddable":true,"href":"https:\/\/ship-tracker.org\/es\/wp-json\/wp\/v2\/users\/1"}],"replies":[{"embeddable":true,"href":"https:\/\/ship-tracker.org\/es\/wp-json\/wp\/v2\/comments?post=2123"}],"version-history":[{"count":5,"href":"https:\/\/ship-tracker.org\/es\/wp-json\/wp\/v2\/pages\/2123\/revisions"}],"predecessor-version":[{"id":3480,"href":"https:\/\/ship-tracker.org\/es\/wp-json\/wp\/v2\/pages\/2123\/revisions\/3480"}],"wp:featuredmedia":[{"embeddable":true,"href":"https:\/\/ship-tracker.org\/es\/wp-json\/wp\/v2\/media\/2124"}],"wp:attachment":[{"href":"https:\/\/ship-tracker.org\/es\/wp-json\/wp\/v2\/media?parent=2123"}],"curies":[{"name":"wp","href":"https:\/\/api.w.org\/{rel}","templated":true}]}}