{"id":2107,"date":"2020-04-29T14:25:32","date_gmt":"2020-04-29T12:25:32","guid":{"rendered":"https:\/\/ship-tracker.org\/?page_id=2107"},"modified":"2022-11-01T13:13:23","modified_gmt":"2022-11-01T12:13:23","slug":"holland-america-line","status":"publish","type":"page","link":"https:\/\/ship-tracker.org\/es\/holland-america-line\/","title":{"rendered":"Holland America Line"},"content":{"rendered":"<h2>Ubicaci\u00f3n de la flota de Holland America Line Barcos, n\u00fameros IMO, MMSI, c\u00e1maras web<\/h2>\n<p>\u00bfD\u00f3nde est\u00e1 actualmente la posici\u00f3n de la flota de Holland America Line?<\/p>\n<table style=\"border-collapse: collapse; width: 100%; height: 384px;\">\n<tbody>\n<tr style=\"height: 24px;\">\n<td style=\"width: 33.3333%; height: 24px;\"><span style=\"color: #1f405b;\"><strong>Embarcacion<\/strong><\/span><\/td>\n<td style=\"width: 33.3333%; height: 24px;\"><span style=\"color: #1f405b;\"><strong>OMI<\/strong><\/span><\/td>\n<td style=\"width: 33.3333%; height: 24px;\"><span style=\"color: #1f405b;\"><strong>MMSI<\/strong><\/span><\/td>\n<\/tr>\n<tr style=\"height: 24px;\">\n<td style=\"width: 33.3333%; height: 24px;\"><a href=\"https:\/\/ship-tracker.org\/es\/ms-nieuw-statendam\/\">MS Nieuw Statendam<\/a><\/td>\n<td style=\"width: 33.3333%; height: 24px;\">9767106<\/td>\n<td style=\"width: 33.3333%; height: 24px;\">244140580<\/td>\n<\/tr>\n<tr style=\"height: 24px;\">\n<td style=\"width: 33.3333%; height: 24px;\"><a href=\"https:\/\/ship-tracker.org\/es\/ms-koningsdam\/\">MS Koningsdam<\/a><\/td>\n<td style=\"width: 33.3333%; height: 24px;\">9692557<\/td>\n<td style=\"width: 33.3333%; height: 24px;\">244830547<\/td>\n<\/tr>\n<tr style=\"height: 24px;\">\n<td style=\"width: 33.3333%; height: 24px;\"><a href=\"https:\/\/ship-tracker.org\/es\/ms-nieuw-amsterdam\/\">MS Nieuw Amsterdam<\/a><\/td>\n<td style=\"width: 33.3333%; height: 24px;\">9378450<\/td>\n<td style=\"width: 33.3333%; height: 24px;\">246648000<\/td>\n<\/tr>\n<tr style=\"height: 24px;\">\n<td style=\"width: 33.3333%; height: 24px;\"><a href=\"https:\/\/ship-tracker.org\/es\/ms-eurodam\/\">MS Eurodam<\/a><\/td>\n<td style=\"width: 33.3333%; height: 24px;\">9378448<\/td>\n<td style=\"width: 33.3333%; height: 24px;\">245206000<\/td>\n<\/tr>\n<tr style=\"height: 24px;\">\n<td style=\"width: 33.3333%; height: 24px;\"><a href=\"https:\/\/ship-tracker.org\/es\/ms-noordam\/\">MS Noordam<\/a><\/td>\n<td style=\"width: 33.3333%; height: 24px;\">9230115<\/td>\n<td style=\"width: 33.3333%; height: 24px;\">246028000<\/td>\n<\/tr>\n<tr style=\"height: 24px;\">\n<td style=\"width: 33.3333%; height: 24px;\"><a href=\"https:\/\/ship-tracker.org\/es\/ms-westerdam\/\">MS Westerdam<\/a><\/td>\n<td style=\"width: 33.3333%; height: 24px;\">9226891<\/td>\n<td style=\"width: 33.3333%; height: 24px;\">244128000<\/td>\n<\/tr>\n<tr style=\"height: 24px;\">\n<td style=\"width: 33.3333%; height: 24px;\"><a href=\"https:\/\/ship-tracker.org\/es\/ms-oosterdam\/\">MS Oosterdam<\/a><\/td>\n<td style=\"width: 33.3333%; height: 24px;\">9221281<\/td>\n<td style=\"width: 33.3333%; height: 24px;\">245417000<\/td>\n<\/tr>\n<tr class=\"alt\" style=\"height: 24px;\">\n<td style=\"width: 33.3333%; height: 24px;\"><a href=\"https:\/\/ship-tracker.org\/es\/ms-zuiderdam\/\">MS Zuiderdam<\/a><\/td>\n<td style=\"width: 33.3333%; height: 24px;\">9221279<\/td>\n<td style=\"width: 33.3333%; height: 24px;\">245304000<\/td>\n<\/tr>\n<tr style=\"height: 24px;\">\n<td style=\"width: 33.3333%; height: 24px;\"><a href=\"https:\/\/ship-tracker.org\/es\/ms-amsterdam\/\">MS Amsterdam<\/a><\/td>\n<td style=\"width: 33.3333%; height: 24px;\">9188037<\/td>\n<td style=\"width: 33.3333%; height: 24px;\">244370000<\/td>\n<\/tr>\n<tr style=\"height: 24px;\">\n<td style=\"width: 33.3333%; height: 24px;\"><a href=\"https:\/\/ship-tracker.org\/es\/ms-zaandam\/\">MS Zaandam<\/a><\/td>\n<td style=\"width: 33.3333%; height: 24px;\">9156527<\/td>\n<td style=\"width: 33.3333%; height: 24px;\">246442000<\/td>\n<\/tr>\n<tr style=\"height: 24px;\">\n<td style=\"width: 33.3333%; height: 24px;\"><a href=\"https:\/\/ship-tracker.org\/es\/ms-volendam\/\">MS Volendam<\/a><\/td>\n<td style=\"width: 33.3333%; height: 24px;\">9156515<\/td>\n<td style=\"width: 33.3333%; height: 24px;\">245968000<\/td>\n<\/tr>\n<tr style=\"height: 24px;\">\n<td style=\"width: 33.3333%; height: 24px;\"><a href=\"https:\/\/ship-tracker.org\/es\/ms-rotterdam\/\">MS Rotterdam<\/a><\/td>\n<td style=\"width: 33.3333%; height: 24px;\">9122552<\/td>\n<td style=\"width: 33.3333%; height: 24px;\">246167000<\/td>\n<\/tr>\n<tr style=\"height: 24px;\">\n<td style=\"width: 33.3333%; height: 24px;\"><a href=\"https:\/\/ship-tracker.org\/es\/ms-veendam\/\">MS Veendam<\/a><\/td>\n<td style=\"width: 33.3333%; height: 24px;\">9102992<\/td>\n<td style=\"width: 33.3333%; height: 24px;\">246506000<\/td>\n<\/tr>\n<tr style=\"height: 24px;\">\n<td style=\"width: 33.3333%; height: 24px;\"><a href=\"https:\/\/ship-tracker.org\/es\/ms-maasdam\/\">MS Maasdam<\/a><\/td>\n<td style=\"width: 33.3333%; height: 24px;\">8919257<\/td>\n<td style=\"width: 33.3333%; height: 24px;\">244958000<\/td>\n<\/tr>\n<\/tbody>\n<\/table>\n<h2>Sobre Holland America Line<\/h2>\n<p>Holland America Line (HAL) se fund\u00f3 hace 130 a\u00f1os en Rotterdam e inicialmente sirvi\u00f3 como un servicio regular entre los Pa\u00edses Bajos y Am\u00e9rica. Mientras tanto, la compa\u00f1\u00eda naviera tiene su sede en los EE. UU. Y ha estado ofreciendo cruceros exclusivamente en el segmento de lujo durante casi 50 a\u00f1os. Desde entonces ha adquirido una excelente reputaci\u00f3n. Holland America Line, que representa cruceros c\u00f3modos, destinos emocionantes y un servicio de primera clase.<\/p>\n<p>La mayor\u00eda de los barcos de Holland America Line est\u00e1n equipados con cabinas con vista al mar, muchas de las cuales tienen un balc\u00f3n o terraza privada. Un punto a destacar adicional es la madera de teca utilizada para los balcones y terrazas, que brinda a los hu\u00e9spedes un toque extra de sensaci\u00f3n mar\u00edtima. Aqu\u00ed, lejos del ajetreo y el bullicio de la terraza, los pasajeros no solo pueden tomar el sol sin ser molestados, sino tambi\u00e9n disfrutar de una comida o una bebida al aire fresco del mar. Una caracter\u00edstica especial de los barcos de Holland America Line es que todos tienen las dimensiones correctas para el Canal de Panam\u00e1, lo que hace que su paso sea un punto destacado para la compa\u00f1\u00eda naviera.<\/p>","protected":false},"excerpt":{"rendered":"<p>Ubicaci\u00f3n de la flota de Holland America Line Barcos, n\u00fameros IMO, MMSI, c\u00e1maras web \u00bfD\u00f3nde est\u00e1 la posici\u00f3n actual de la flota de Holland America Line actualmente? Barco OMI MMSI MS Nieuw Statendam 9767106 244140580 MS Koningsdam 9692557 244830547 MS Nieuw Amsterdam 9378450 246648000 MS Eurodam 9378448 245206000 MS Noordam 9230115 246028000 MS 9226891 244128000 MS Oosterdam 9221281 245417000 MS\u2026&nbsp;<a href=\"https:\/\/ship-tracker.org\/es\/holland-america-line\/\" rel=\"bookmark\">Leer m\u00e1s &quot;<span class=\"screen-reader-text\">Holland America Line<\/span><\/a><\/p>","protected":false},"author":1,"featured_media":2108,"parent":0,"menu_order":0,"comment_status":"closed","ping_status":"closed","template":"","meta":{"neve_meta_sidebar":"","neve_meta_container":"","neve_meta_enable_content_width":"","neve_meta_content_width":0,"neve_meta_title_alignment":"","neve_meta_author_avatar":"","neve_post_elements_order":"","neve_meta_disable_header":"","neve_meta_disable_footer":"","neve_meta_disable_title":"","neve_meta_reading_time":"","footnotes":""},"class_list":["post-2107","page","type-page","status-publish","has-post-thumbnail","hentry"],"yoast_head":"<!-- This site is optimized with the Yoast SEO plugin v26.9 - https:\/\/yoast.com\/product\/yoast-seo-wordpress\/ -->\n<title>Track Holland America Line Fleet | Cruise Ships | Marine Vessel<\/title>\n<meta name=\"description\" content=\"Holland America Line Fleet Location | Current Positions of Holland America Line Ships, IMO numbers, MMSI, Webcam | Live Fleet Maps\" \/>\n<meta name=\"robots\" content=\"index, follow, max-snippet:-1, max-image-preview:large, max-video-preview:-1\" \/>\n<link rel=\"canonical\" href=\"https:\/\/ship-tracker.org\/es\/holland-america-line\/\" \/>\n<meta property=\"og:locale\" content=\"es_ES\" \/>\n<meta property=\"og:type\" content=\"article\" \/>\n<meta property=\"og:title\" content=\"Track Holland America Line Fleet | Cruise Ships | Marine Vessel\" \/>\n<meta property=\"og:description\" content=\"Holland America Line Fleet Location | Current Positions of Holland America Line Ships, IMO numbers, MMSI, Webcam | Live Fleet Maps\" \/>\n<meta property=\"og:url\" content=\"https:\/\/ship-tracker.org\/es\/holland-america-line\/\" \/>\n<meta property=\"og:site_name\" content=\"Ship-tracker.org\" \/>\n<meta property=\"article:modified_time\" content=\"2022-11-01T12:13:23+00:00\" \/>\n<meta property=\"og:image\" content=\"https:\/\/ship-tracker.org\/wp-content\/uploads\/2020\/04\/holland-america-case-study-1200x800-1.jpg\" \/>\n\t<meta property=\"og:image:width\" content=\"1200\" \/>\n\t<meta property=\"og:image:height\" content=\"800\" \/>\n\t<meta property=\"og:image:type\" content=\"image\/jpeg\" \/>\n<meta name=\"twitter:card\" content=\"summary_large_image\" \/>\n<meta name=\"twitter:label1\" content=\"Tiempo de lectura\" \/>\n\t<meta name=\"twitter:data1\" content=\"2 minutos\" \/>\n<script type=\"application\/ld+json\" class=\"yoast-schema-graph\">{\"@context\":\"https:\/\/schema.org\",\"@graph\":[{\"@type\":\"WebPage\",\"@id\":\"https:\/\/ship-tracker.org\/holland-america-line\/\",\"url\":\"https:\/\/ship-tracker.org\/holland-america-line\/\",\"name\":\"Track Holland America Line Fleet | Cruise Ships | Marine Vessel\",\"isPartOf\":{\"@id\":\"https:\/\/ship-tracker.org\/#website\"},\"primaryImageOfPage\":{\"@id\":\"https:\/\/ship-tracker.org\/holland-america-line\/#primaryimage\"},\"image\":{\"@id\":\"https:\/\/ship-tracker.org\/holland-america-line\/#primaryimage\"},\"thumbnailUrl\":\"https:\/\/ship-tracker.org\/wp-content\/uploads\/2020\/04\/holland-america-case-study-1200x800-1.jpg\",\"datePublished\":\"2020-04-29T12:25:32+00:00\",\"dateModified\":\"2022-11-01T12:13:23+00:00\",\"description\":\"Holland America Line Fleet Location | Current Positions of Holland America Line Ships, IMO numbers, MMSI, Webcam | Live Fleet Maps\",\"breadcrumb\":{\"@id\":\"https:\/\/ship-tracker.org\/holland-america-line\/#breadcrumb\"},\"inLanguage\":\"es\",\"potentialAction\":[{\"@type\":\"ReadAction\",\"target\":[\"https:\/\/ship-tracker.org\/holland-america-line\/\"]}]},{\"@type\":\"ImageObject\",\"inLanguage\":\"es\",\"@id\":\"https:\/\/ship-tracker.org\/holland-america-line\/#primaryimage\",\"url\":\"https:\/\/ship-tracker.org\/wp-content\/uploads\/2020\/04\/holland-america-case-study-1200x800-1.jpg\",\"contentUrl\":\"https:\/\/ship-tracker.org\/wp-content\/uploads\/2020\/04\/holland-america-case-study-1200x800-1.jpg\",\"width\":1200,\"height\":800,\"caption\":\"Holland America Line\"},{\"@type\":\"BreadcrumbList\",\"@id\":\"https:\/\/ship-tracker.org\/holland-america-line\/#breadcrumb\",\"itemListElement\":[{\"@type\":\"ListItem\",\"position\":1,\"name\":\"Startseite\",\"item\":\"https:\/\/ship-tracker.org\/\"},{\"@type\":\"ListItem\",\"position\":2,\"name\":\"Holland America Line\"}]},{\"@type\":\"WebSite\",\"@id\":\"https:\/\/ship-tracker.org\/#website\",\"url\":\"https:\/\/ship-tracker.org\/\",\"name\":\"Ship-tracker.org\",\"description\":\"\",\"potentialAction\":[{\"@type\":\"SearchAction\",\"target\":{\"@type\":\"EntryPoint\",\"urlTemplate\":\"https:\/\/ship-tracker.org\/?s={search_term_string}\"},\"query-input\":{\"@type\":\"PropertyValueSpecification\",\"valueRequired\":true,\"valueName\":\"search_term_string\"}}],\"inLanguage\":\"es\"}]}<\/script>\n<!-- \/ Yoast SEO plugin. -->","yoast_head_json":{"title":"Seguir la flota de Holland America Line | Cruceros | Buque marino","description":"Ubicaci\u00f3n de la flota de Holland America Line | Posiciones actuales de los barcos de Holland America Line, n\u00fameros IMO, MMSI, Webcam | Mapas de flotas en vivo","robots":{"index":"index","follow":"follow","max-snippet":"max-snippet:-1","max-image-preview":"max-image-preview:large","max-video-preview":"max-video-preview:-1"},"canonical":"https:\/\/ship-tracker.org\/es\/holland-america-line\/","og_locale":"es_ES","og_type":"article","og_title":"Track Holland America Line Fleet | Cruise Ships | Marine Vessel","og_description":"Holland America Line Fleet Location | Current Positions of Holland America Line Ships, IMO numbers, MMSI, Webcam | Live Fleet Maps","og_url":"https:\/\/ship-tracker.org\/es\/holland-america-line\/","og_site_name":"Ship-tracker.org","article_modified_time":"2022-11-01T12:13:23+00:00","og_image":[{"width":1200,"height":800,"url":"https:\/\/ship-tracker.org\/wp-content\/uploads\/2020\/04\/holland-america-case-study-1200x800-1.jpg","type":"image\/jpeg"}],"twitter_card":"summary_large_image","twitter_misc":{"Tiempo de lectura":"2 minutos"},"schema":{"@context":"https:\/\/schema.org","@graph":[{"@type":"WebPage","@id":"https:\/\/ship-tracker.org\/holland-america-line\/","url":"https:\/\/ship-tracker.org\/holland-america-line\/","name":"Seguir la flota de Holland America Line | Cruceros | Buque marino","isPartOf":{"@id":"https:\/\/ship-tracker.org\/#website"},"primaryImageOfPage":{"@id":"https:\/\/ship-tracker.org\/holland-america-line\/#primaryimage"},"image":{"@id":"https:\/\/ship-tracker.org\/holland-america-line\/#primaryimage"},"thumbnailUrl":"https:\/\/ship-tracker.org\/wp-content\/uploads\/2020\/04\/holland-america-case-study-1200x800-1.jpg","datePublished":"2020-04-29T12:25:32+00:00","dateModified":"2022-11-01T12:13:23+00:00","description":"Ubicaci\u00f3n de la flota de Holland America Line | Posiciones actuales de los barcos de Holland America Line, n\u00fameros IMO, MMSI, Webcam | Mapas de flotas en vivo","breadcrumb":{"@id":"https:\/\/ship-tracker.org\/holland-america-line\/#breadcrumb"},"inLanguage":"es","potentialAction":[{"@type":"ReadAction","target":["https:\/\/ship-tracker.org\/holland-america-line\/"]}]},{"@type":"ImageObject","inLanguage":"es","@id":"https:\/\/ship-tracker.org\/holland-america-line\/#primaryimage","url":"https:\/\/ship-tracker.org\/wp-content\/uploads\/2020\/04\/holland-america-case-study-1200x800-1.jpg","contentUrl":"https:\/\/ship-tracker.org\/wp-content\/uploads\/2020\/04\/holland-america-case-study-1200x800-1.jpg","width":1200,"height":800,"caption":"Holland America Line"},{"@type":"BreadcrumbList","@id":"https:\/\/ship-tracker.org\/holland-america-line\/#breadcrumb","itemListElement":[{"@type":"ListItem","position":1,"name":"Startseite","item":"https:\/\/ship-tracker.org\/"},{"@type":"ListItem","position":2,"name":"Holland America Line"}]},{"@type":"WebSite","@id":"https:\/\/ship-tracker.org\/#website","url":"https:\/\/ship-tracker.org\/","name":"Ship-tracker.org","description":"","potentialAction":[{"@type":"SearchAction","target":{"@type":"EntryPoint","urlTemplate":"https:\/\/ship-tracker.org\/?s={search_term_string}"},"query-input":{"@type":"PropertyValueSpecification","valueRequired":true,"valueName":"search_term_string"}}],"inLanguage":"es"}]}},"_links":{"self":[{"href":"https:\/\/ship-tracker.org\/es\/wp-json\/wp\/v2\/pages\/2107","targetHints":{"allow":["GET"]}}],"collection":[{"href":"https:\/\/ship-tracker.org\/es\/wp-json\/wp\/v2\/pages"}],"about":[{"href":"https:\/\/ship-tracker.org\/es\/wp-json\/wp\/v2\/types\/page"}],"author":[{"embeddable":true,"href":"https:\/\/ship-tracker.org\/es\/wp-json\/wp\/v2\/users\/1"}],"replies":[{"embeddable":true,"href":"https:\/\/ship-tracker.org\/es\/wp-json\/wp\/v2\/comments?post=2107"}],"version-history":[{"count":7,"href":"https:\/\/ship-tracker.org\/es\/wp-json\/wp\/v2\/pages\/2107\/revisions"}],"predecessor-version":[{"id":3525,"href":"https:\/\/ship-tracker.org\/es\/wp-json\/wp\/v2\/pages\/2107\/revisions\/3525"}],"wp:featuredmedia":[{"embeddable":true,"href":"https:\/\/ship-tracker.org\/es\/wp-json\/wp\/v2\/media\/2108"}],"wp:attachment":[{"href":"https:\/\/ship-tracker.org\/es\/wp-json\/wp\/v2\/media?parent=2107"}],"curies":[{"name":"wp","href":"https:\/\/api.w.org\/{rel}","templated":true}]}}