{"id":2086,"date":"2020-04-29T14:39:32","date_gmt":"2020-04-29T12:39:32","guid":{"rendered":"https:\/\/ship-tracker.org\/?page_id=2086"},"modified":"2023-06-03T12:24:30","modified_gmt":"2023-06-03T10:24:30","slug":"msc-cruises","status":"publish","type":"page","link":"https:\/\/ship-tracker.org\/es\/msc-cruises\/","title":{"rendered":"MSC Cruises"},"content":{"rendered":"<h2>MSC Cruceros Ubicaci\u00f3n de Flotas Naves, n\u00fameros IMO, MMSI, c\u00e1maras web<\/h2>\n<p>\u00bfD\u00f3nde est\u00e1 la posici\u00f3n actual de MSC Cruceros Flota actualmente?<\/p>\n<table style=\"border-collapse: collapse; width: 100%; height: 504px;\">\n<tbody>\n<tr style=\"height: 24px;\">\n<td style=\"width: 33.3333%; height: 24px;\"><span style=\"color: #1f405b;\"><strong>Embarcacion<\/strong><\/span><\/td>\n<td style=\"width: 33.3333%; height: 24px;\"><span style=\"color: #1f405b;\"><strong>OMI<\/strong><\/span><\/td>\n<td style=\"width: 33.3333%; height: 24px;\"><span style=\"color: #1f405b;\"><strong>MMSI<\/strong><\/span><\/td>\n<\/tr>\n<tr style=\"height: 24px;\">\n<td style=\"width: 33.3333%; height: 24px;\"><a href=\"https:\/\/ship-tracker.org\/es\/msc-preziosa\/\">MSC Preziosa<\/a><\/td>\n<td style=\"width: 33.3333%; height: 24px;\">9595321<\/td>\n<td style=\"width: 33.3333%; height: 24px;\">371861000<\/td>\n<\/tr>\n<tr style=\"height: 24px;\">\n<td style=\"width: 33.3333%; height: 24px;\"><a href=\"https:\/\/ship-tracker.org\/es\/msc-sinfonia\/\">MSC Sinfonia<\/a><\/td>\n<td style=\"width: 33.3333%; height: 24px;\">9210153<\/td>\n<td style=\"width: 33.3333%; height: 24px;\">356716000<\/td>\n<\/tr>\n<tr style=\"height: 24px;\">\n<td style=\"width: 33.3333%; height: 24px;\"><a href=\"https:\/\/ship-tracker.org\/es\/msc-poesia\/\">MSC Poesia<\/a><\/td>\n<td style=\"width: 33.3333%; height: 24px;\">9387073<\/td>\n<td style=\"width: 33.3333%; height: 24px;\">355931000<\/td>\n<\/tr>\n<tr style=\"height: 24px;\">\n<td style=\"width: 33.3333%; height: 24px;\"><a href=\"https:\/\/ship-tracker.org\/es\/msc-orchestra\/\">MSC Orchestra<\/a><\/td>\n<td style=\"width: 33.3333%; height: 24px;\">9320099<\/td>\n<td style=\"width: 33.3333%; height: 24px;\">372497000<\/td>\n<\/tr>\n<tr style=\"height: 24px;\">\n<td style=\"width: 33.3333%; height: 24px;\"><a href=\"https:\/\/ship-tracker.org\/es\/msc-opera\/\">MSC Opera<\/a><\/td>\n<td style=\"width: 33.3333%; height: 24px;\">9250464<\/td>\n<td style=\"width: 33.3333%; height: 24px;\">357627000<\/td>\n<\/tr>\n<tr style=\"height: 24px;\">\n<td style=\"width: 33.3333%; height: 24px;\"><a href=\"https:\/\/ship-tracker.org\/es\/msc-musica\/\">MSC Musica<\/a><\/td>\n<td style=\"width: 33.3333%; height: 24px;\">9320087<\/td>\n<td style=\"width: 33.3333%; height: 24px;\">352003000<\/td>\n<\/tr>\n<tr style=\"height: 24px;\">\n<td style=\"width: 33.3333%; height: 24px;\"><a href=\"https:\/\/ship-tracker.org\/es\/msc-magnifica\/\">MSC Magnifica<\/a><\/td>\n<td style=\"width: 33.3333%; height: 24px;\">9387085<\/td>\n<td style=\"width: 33.3333%; height: 24px;\">352594000<\/td>\n<\/tr>\n<tr style=\"height: 24px;\">\n<td style=\"width: 33.3333%; height: 24px;\"><a href=\"https:\/\/ship-tracker.org\/es\/msc-lirica\/\">MSC Lirica<\/a><\/td>\n<td style=\"width: 33.3333%; height: 24px;\">9246102<\/td>\n<td style=\"width: 33.3333%; height: 24px;\">356042000<\/td>\n<\/tr>\n<tr class=\"alt\" style=\"height: 24px;\">\n<td style=\"width: 33.3333%; height: 24px;\"><a href=\"https:\/\/ship-tracker.org\/es\/msc-fantasia\/\">MSC Fantasia<\/a><\/td>\n<td style=\"width: 33.3333%; height: 24px;\">9359791<\/td>\n<td style=\"width: 33.3333%; height: 24px;\">370648000<\/td>\n<\/tr>\n<tr style=\"height: 24px;\">\n<td style=\"width: 33.3333%; height: 24px;\"><a href=\"https:\/\/ship-tracker.org\/es\/msc-divina\/\">MSC Divina<\/a><\/td>\n<td style=\"width: 33.3333%; height: 24px;\">9585285<\/td>\n<td style=\"width: 33.3333%; height: 24px;\">373178000<\/td>\n<\/tr>\n<tr style=\"height: 24px;\">\n<td style=\"width: 33.3333%; height: 24px;\"><a href=\"https:\/\/ship-tracker.org\/es\/msc-armonia\/\">MSC Armonia<\/a><\/td>\n<td style=\"width: 33.3333%; height: 24px;\">9210141<\/td>\n<td style=\"width: 33.3333%; height: 24px;\">357281000<\/td>\n<\/tr>\n<tr style=\"height: 24px;\">\n<td style=\"width: 33.3333%; height: 24px;\"><a href=\"https:\/\/ship-tracker.org\/es\/msc-splendida\/\">MSC Splendida<\/a><\/td>\n<td style=\"width: 33.3333%; height: 24px;\">9359806<\/td>\n<td style=\"width: 33.3333%; height: 24px;\">357698000<\/td>\n<\/tr>\n<tr class=\"alt\" style=\"height: 24px;\">\n<td style=\"width: 33.3333%; height: 24px;\"><a href=\"https:\/\/ship-tracker.org\/es\/msc-meraviglia\/\">MSC Meraviglia<\/a><\/td>\n<td style=\"width: 33.3333%; height: 24px;\">9760512<\/td>\n<td style=\"width: 33.3333%; height: 24px;\">249973000<\/td>\n<\/tr>\n<tr style=\"height: 24px;\">\n<td style=\"width: 33.3333%; height: 24px;\"><a href=\"https:\/\/ship-tracker.org\/es\/msc-seaview\/\">MSC Seaview<\/a><\/td>\n<td style=\"width: 33.3333%; height: 24px;\">9745378<\/td>\n<td style=\"width: 33.3333%; height: 24px;\">248717000<\/td>\n<\/tr>\n<tr style=\"height: 24px;\">\n<td style=\"width: 33.3333%; height: 24px;\"><a href=\"https:\/\/ship-tracker.org\/es\/msc-seaside\/\">MSC Seaside<\/a><\/td>\n<td style=\"width: 33.3333%; height: 24px;\">9745366<\/td>\n<td style=\"width: 33.3333%; height: 24px;\">248392000<\/td>\n<\/tr>\n<tr style=\"height: 24px;\">\n<td style=\"width: 33.3333%; height: 24px;\"><a href=\"https:\/\/ship-tracker.org\/es\/msc-bellissima\/\">MSC Bellissima<\/a><\/td>\n<td style=\"width: 33.3333%; height: 24px;\">9760524<\/td>\n<td style=\"width: 33.3333%; height: 24px;\">248992000<\/td>\n<\/tr>\n<tr style=\"height: 24px;\">\n<td style=\"width: 33.3333%; height: 24px;\"><a href=\"https:\/\/ship-tracker.org\/es\/msc-grandiosa\/\">MSC Grandiosa<\/a><\/td>\n<td style=\"width: 33.3333%; height: 24px;\">9803613<\/td>\n<td style=\"width: 33.3333%; height: 24px;\">215325000<\/td>\n<\/tr>\n<tr style=\"height: 24px;\">\n<td style=\"width: 33.3333%; height: 24px;\"><a href=\"https:\/\/ship-tracker.org\/es\/msc-virtuosa\/\">MSC Virtuosa<\/a><\/td>\n<td style=\"width: 33.3333%; height: 24px;\">9803625<\/td>\n<td style=\"width: 33.3333%; height: 24px;\">215610000<\/td>\n<\/tr>\n<tr style=\"height: 24px;\">\n<td style=\"width: 33.3333%; height: 24px;\"><a href=\"https:\/\/ship-tracker.org\/es\/msc-seashore\/\">MSC Seashore<\/a><\/td>\n<td style=\"width: 33.3333%; height: 24px;\">9843792<\/td>\n<td style=\"width: 33.3333%; height: 24px;\">215920000<\/td>\n<\/tr>\n<tr>\n<td style=\"width: 33.3333%;\"><a href=\"https:\/\/ship-tracker.org\/es\/msc-seascape\/\">MSC paisaje marino<\/a><\/td>\n<td style=\"width: 33.3333%;\">9843807<\/td>\n<td style=\"width: 33.3333%;\">247474400<\/td>\n<\/tr>\n<tr style=\"height: 24px;\">\n<td style=\"width: 33.3333%; height: 24px;\"><a href=\"https:\/\/ship-tracker.org\/es\/msc-europa\/\">MSC Mundo Europa<\/a><\/td>\n<td style=\"width: 33.3333%; height: 24px;\">9837420<\/td>\n<td style=\"width: 33.3333%; height: 24px;\">256070000<\/td>\n<\/tr>\n<tr>\n<td style=\"width: 33.3333%;\"><a href=\"https:\/\/ship-tracker.org\/es\/msc-euribia\/\">MSC Eur\u00edbia<\/a><\/td>\n<td style=\"width: 33.3333%;\">9901544<\/td>\n<td style=\"width: 33.3333%;\">256281000<\/td>\n<\/tr>\n<tr>\n<td style=\"width: 33.3333%;\">MSC Mundo Am\u00e9rica<\/td>\n<td style=\"width: 33.3333%;\">2025<\/td>\n<td style=\"width: 33.3333%;\"><\/td>\n<\/tr>\n<\/tbody>\n<\/table>\n<h2>Sobre MSC Cruceros<\/h2>\n<p>MSC Cruceros es sin\u00f3nimo de diversi\u00f3n y placer. Nuestros cruceros de lujo son hoteles de 5 estrellas en el agua y la mejor manera de visitar varios destinos deseados y llegar con comodidad y estilo. MSC Cruceros se ha convertido en un l\u00edder en el mercado de cruceros por el Mediterr\u00e1neo. Gracias a nuestra estructura de flota \u00fanica, ahora tenemos una de las flotas m\u00e1s modernas del mundo. En l\u00ednea con el crecimiento significativo de los \u00faltimos a\u00f1os, MSC Cruceros ha establecido una posici\u00f3n de liderazgo en el Mediterr\u00e1neo, Sud\u00e1frica y Brasil. Nuestra empresa es de propiedad totalmente europea. Empleamos a 12,000 personas en todo el mundo y la compa\u00f1\u00eda est\u00e1 representada en 45 pa\u00edses.<\/p>\n<p>Una flota moderna de once barcos transporta 1.2 millones de pasajeros. MSC Cruceros est\u00e1 presente en el Mediterr\u00e1neo durante todo el a\u00f1o y ofrece una amplia gama de rutas estacionales al norte de Europa, el Atl\u00e1ntico, el Caribe y las Antillas, Am\u00e9rica del Sur, el Oc\u00e9ano \u00cdndico, \u00c1frica meridional y occidental y los Emiratos \u00c1rabes Unidos.<\/p>\n<p>Cada crucero ha sido dise\u00f1ado para permitirle experimentar completamente el destino elegido. Desde los monumentos hist\u00f3ricos del Mediterr\u00e1neo cl\u00e1sico hasta los Estados b\u00e1lticos, desde la diversidad de \u00c1frica hasta los ritmos caribe\u00f1os liberados y el ambiente ex\u00f3tico de los carnavales de Am\u00e9rica del Sur, cada crucero es una aventura inolvidable. Puede disfrutar de las vacaciones de sus sue\u00f1os a precios asequibles y elegir entre una amplia gama de destinos, como las soleadas islas griegas, los hermosos fiordos noruegos, el turquesa del mar Caribe y mucho m\u00e1s. \u00a1MSC Cruceros le permite visitar m\u00faltiples destinos con un solo viaje!<\/p>\n<p>En t\u00e9rminos de servicio y comodidad, MSC Cruceros contin\u00faa estableciendo est\u00e1ndares para cruceros de lujo. Esto lo confirma el MSC Aurea Spa, el lujoso centro de bienestar y el MSC Yacht Club. En el Top Sail Lounge Bar, equipado con un techo deslizante Skydome, puede disfrutar de especialidades gastron\u00f3micas bajo las estrellas. Tambi\u00e9n puede aprovechar el MSC Aurea Spa.<\/p>","protected":false},"excerpt":{"rendered":"<p>Ubicaci\u00f3n de la flota de MSC Cruceros Barcos, n\u00fameros IMO, MMSI, c\u00e1maras web \u00bfD\u00f3nde est\u00e1 la posici\u00f3n actual de la flota de MSC Cruceros actualmente? Barco IMO MMSI MSC Preziosa 9595321 371861000 MSC Sinfonia 9210153 356716000 MSC Poesia 9387073 355931000 MSC Orchestra 9320099 372497000 MSC Opera 9250464 357627000 MSC Musica 93 20087 352003000 MSC Magn\u00edfica 9387085 352594000 MSC Lirica 9246102 356042000 MSC\u2026&nbsp;<a href=\"https:\/\/ship-tracker.org\/es\/msc-cruises\/\" rel=\"bookmark\">Leer m\u00e1s &quot;<span class=\"screen-reader-text\">MSC Cruises<\/span><\/a><\/p>","protected":false},"author":1,"featured_media":2087,"parent":0,"menu_order":0,"comment_status":"closed","ping_status":"closed","template":"","meta":{"neve_meta_sidebar":"","neve_meta_container":"","neve_meta_enable_content_width":"","neve_meta_content_width":0,"neve_meta_title_alignment":"","neve_meta_author_avatar":"","neve_post_elements_order":"","neve_meta_disable_header":"","neve_meta_disable_footer":"","neve_meta_disable_title":"","neve_meta_reading_time":"","footnotes":""},"class_list":["post-2086","page","type-page","status-publish","has-post-thumbnail","hentry"],"yoast_head":"<!-- This site is optimized with the Yoast SEO plugin v26.9 - https:\/\/yoast.com\/product\/yoast-seo-wordpress\/ -->\n<title>Track MSC Cruises Fleet | Cruise Ships | Marine Vessel | Live Map<\/title>\n<meta name=\"description\" content=\"MSC Cruises Fleet Location | Current Positions of MSC Cruises Ships, IMO numbers, MMSI, Webcam | Live Fleet Maps | Live Ship Tracker\" \/>\n<meta name=\"robots\" content=\"index, follow, max-snippet:-1, max-image-preview:large, max-video-preview:-1\" \/>\n<link rel=\"canonical\" href=\"https:\/\/ship-tracker.org\/es\/msc-cruises\/\" \/>\n<meta property=\"og:locale\" content=\"es_ES\" \/>\n<meta property=\"og:type\" content=\"article\" \/>\n<meta property=\"og:title\" content=\"Track MSC Cruises Fleet | Cruise Ships | Marine Vessel | Live Map\" \/>\n<meta property=\"og:description\" content=\"MSC Cruises Fleet Location | Current Positions of MSC Cruises Ships, IMO numbers, MMSI, Webcam | Live Fleet Maps | Live Ship Tracker\" \/>\n<meta property=\"og:url\" content=\"https:\/\/ship-tracker.org\/es\/msc-cruises\/\" \/>\n<meta property=\"og:site_name\" content=\"Ship-tracker.org\" \/>\n<meta property=\"article:modified_time\" content=\"2023-06-03T10:24:30+00:00\" \/>\n<meta property=\"og:image\" content=\"https:\/\/ship-tracker.org\/wp-content\/uploads\/2020\/04\/reederei-msc.jpg\" \/>\n\t<meta property=\"og:image:width\" content=\"325\" \/>\n\t<meta property=\"og:image:height\" content=\"245\" \/>\n\t<meta property=\"og:image:type\" content=\"image\/jpeg\" \/>\n<meta name=\"twitter:card\" content=\"summary_large_image\" \/>\n<meta name=\"twitter:label1\" content=\"Tiempo de lectura\" \/>\n\t<meta name=\"twitter:data1\" content=\"2 minutos\" \/>\n<script type=\"application\/ld+json\" class=\"yoast-schema-graph\">{\"@context\":\"https:\/\/schema.org\",\"@graph\":[{\"@type\":\"WebPage\",\"@id\":\"https:\/\/ship-tracker.org\/msc-cruises\/\",\"url\":\"https:\/\/ship-tracker.org\/msc-cruises\/\",\"name\":\"Track MSC Cruises Fleet | Cruise Ships | Marine Vessel | Live Map\",\"isPartOf\":{\"@id\":\"https:\/\/ship-tracker.org\/#website\"},\"primaryImageOfPage\":{\"@id\":\"https:\/\/ship-tracker.org\/msc-cruises\/#primaryimage\"},\"image\":{\"@id\":\"https:\/\/ship-tracker.org\/msc-cruises\/#primaryimage\"},\"thumbnailUrl\":\"https:\/\/ship-tracker.org\/wp-content\/uploads\/2020\/04\/reederei-msc.jpg\",\"datePublished\":\"2020-04-29T12:39:32+00:00\",\"dateModified\":\"2023-06-03T10:24:30+00:00\",\"description\":\"MSC Cruises Fleet Location | Current Positions of MSC Cruises Ships, IMO numbers, MMSI, Webcam | Live Fleet Maps | Live Ship Tracker\",\"breadcrumb\":{\"@id\":\"https:\/\/ship-tracker.org\/msc-cruises\/#breadcrumb\"},\"inLanguage\":\"es\",\"potentialAction\":[{\"@type\":\"ReadAction\",\"target\":[\"https:\/\/ship-tracker.org\/msc-cruises\/\"]}]},{\"@type\":\"ImageObject\",\"inLanguage\":\"es\",\"@id\":\"https:\/\/ship-tracker.org\/msc-cruises\/#primaryimage\",\"url\":\"https:\/\/ship-tracker.org\/wp-content\/uploads\/2020\/04\/reederei-msc.jpg\",\"contentUrl\":\"https:\/\/ship-tracker.org\/wp-content\/uploads\/2020\/04\/reederei-msc.jpg\",\"width\":325,\"height\":245,\"caption\":\"MSC Cruises\"},{\"@type\":\"BreadcrumbList\",\"@id\":\"https:\/\/ship-tracker.org\/msc-cruises\/#breadcrumb\",\"itemListElement\":[{\"@type\":\"ListItem\",\"position\":1,\"name\":\"Startseite\",\"item\":\"https:\/\/ship-tracker.org\/\"},{\"@type\":\"ListItem\",\"position\":2,\"name\":\"MSC Cruises\"}]},{\"@type\":\"WebSite\",\"@id\":\"https:\/\/ship-tracker.org\/#website\",\"url\":\"https:\/\/ship-tracker.org\/\",\"name\":\"Ship-tracker.org\",\"description\":\"\",\"potentialAction\":[{\"@type\":\"SearchAction\",\"target\":{\"@type\":\"EntryPoint\",\"urlTemplate\":\"https:\/\/ship-tracker.org\/?s={search_term_string}\"},\"query-input\":{\"@type\":\"PropertyValueSpecification\",\"valueRequired\":true,\"valueName\":\"search_term_string\"}}],\"inLanguage\":\"es\"}]}<\/script>\n<!-- \/ Yoast SEO plugin. -->","yoast_head_json":{"title":"Seguimiento de la flota de MSC Cruceros | Cruceros | Embarcaci\u00f3n marina | Mapa en vivo","description":"Ubicaci\u00f3n de la flota de MSC Cruceros | Posiciones actuales de los barcos de MSC Cruceros, n\u00fameros IMO, MMSI, c\u00e1mara web | Mapas de flota en vivo | Rastreador de barcos en vivo","robots":{"index":"index","follow":"follow","max-snippet":"max-snippet:-1","max-image-preview":"max-image-preview:large","max-video-preview":"max-video-preview:-1"},"canonical":"https:\/\/ship-tracker.org\/es\/msc-cruises\/","og_locale":"es_ES","og_type":"article","og_title":"Track MSC Cruises Fleet | Cruise Ships | Marine Vessel | Live Map","og_description":"MSC Cruises Fleet Location | Current Positions of MSC Cruises Ships, IMO numbers, MMSI, Webcam | Live Fleet Maps | Live Ship Tracker","og_url":"https:\/\/ship-tracker.org\/es\/msc-cruises\/","og_site_name":"Ship-tracker.org","article_modified_time":"2023-06-03T10:24:30+00:00","og_image":[{"width":325,"height":245,"url":"https:\/\/ship-tracker.org\/wp-content\/uploads\/2020\/04\/reederei-msc.jpg","type":"image\/jpeg"}],"twitter_card":"summary_large_image","twitter_misc":{"Tiempo de lectura":"2 minutos"},"schema":{"@context":"https:\/\/schema.org","@graph":[{"@type":"WebPage","@id":"https:\/\/ship-tracker.org\/msc-cruises\/","url":"https:\/\/ship-tracker.org\/msc-cruises\/","name":"Seguimiento de la flota de MSC Cruceros | Cruceros | Embarcaci\u00f3n marina | Mapa en vivo","isPartOf":{"@id":"https:\/\/ship-tracker.org\/#website"},"primaryImageOfPage":{"@id":"https:\/\/ship-tracker.org\/msc-cruises\/#primaryimage"},"image":{"@id":"https:\/\/ship-tracker.org\/msc-cruises\/#primaryimage"},"thumbnailUrl":"https:\/\/ship-tracker.org\/wp-content\/uploads\/2020\/04\/reederei-msc.jpg","datePublished":"2020-04-29T12:39:32+00:00","dateModified":"2023-06-03T10:24:30+00:00","description":"Ubicaci\u00f3n de la flota de MSC Cruceros | Posiciones actuales de los barcos de MSC Cruceros, n\u00fameros IMO, MMSI, c\u00e1mara web | Mapas de flota en vivo | Rastreador de barcos en vivo","breadcrumb":{"@id":"https:\/\/ship-tracker.org\/msc-cruises\/#breadcrumb"},"inLanguage":"es","potentialAction":[{"@type":"ReadAction","target":["https:\/\/ship-tracker.org\/msc-cruises\/"]}]},{"@type":"ImageObject","inLanguage":"es","@id":"https:\/\/ship-tracker.org\/msc-cruises\/#primaryimage","url":"https:\/\/ship-tracker.org\/wp-content\/uploads\/2020\/04\/reederei-msc.jpg","contentUrl":"https:\/\/ship-tracker.org\/wp-content\/uploads\/2020\/04\/reederei-msc.jpg","width":325,"height":245,"caption":"MSC Cruises"},{"@type":"BreadcrumbList","@id":"https:\/\/ship-tracker.org\/msc-cruises\/#breadcrumb","itemListElement":[{"@type":"ListItem","position":1,"name":"Startseite","item":"https:\/\/ship-tracker.org\/"},{"@type":"ListItem","position":2,"name":"MSC Cruises"}]},{"@type":"WebSite","@id":"https:\/\/ship-tracker.org\/#website","url":"https:\/\/ship-tracker.org\/","name":"Ship-tracker.org","description":"","potentialAction":[{"@type":"SearchAction","target":{"@type":"EntryPoint","urlTemplate":"https:\/\/ship-tracker.org\/?s={search_term_string}"},"query-input":{"@type":"PropertyValueSpecification","valueRequired":true,"valueName":"search_term_string"}}],"inLanguage":"es"}]}},"_links":{"self":[{"href":"https:\/\/ship-tracker.org\/es\/wp-json\/wp\/v2\/pages\/2086","targetHints":{"allow":["GET"]}}],"collection":[{"href":"https:\/\/ship-tracker.org\/es\/wp-json\/wp\/v2\/pages"}],"about":[{"href":"https:\/\/ship-tracker.org\/es\/wp-json\/wp\/v2\/types\/page"}],"author":[{"embeddable":true,"href":"https:\/\/ship-tracker.org\/es\/wp-json\/wp\/v2\/users\/1"}],"replies":[{"embeddable":true,"href":"https:\/\/ship-tracker.org\/es\/wp-json\/wp\/v2\/comments?post=2086"}],"version-history":[{"count":9,"href":"https:\/\/ship-tracker.org\/es\/wp-json\/wp\/v2\/pages\/2086\/revisions"}],"predecessor-version":[{"id":3572,"href":"https:\/\/ship-tracker.org\/es\/wp-json\/wp\/v2\/pages\/2086\/revisions\/3572"}],"wp:featuredmedia":[{"embeddable":true,"href":"https:\/\/ship-tracker.org\/es\/wp-json\/wp\/v2\/media\/2087"}],"wp:attachment":[{"href":"https:\/\/ship-tracker.org\/es\/wp-json\/wp\/v2\/media?parent=2086"}],"curies":[{"name":"wp","href":"https:\/\/api.w.org\/{rel}","templated":true}]}}