{"id":2075,"date":"2020-04-29T14:36:23","date_gmt":"2020-04-29T12:36:23","guid":{"rendered":"https:\/\/ship-tracker.org\/?page_id=2075"},"modified":"2021-11-08T21:44:48","modified_gmt":"2021-11-08T20:44:48","slug":"princes-cruises","status":"publish","type":"page","link":"https:\/\/ship-tracker.org\/es\/princes-cruises\/","title":{"rendered":"Princes Cruises"},"content":{"rendered":"<h2>Princes Cruises Flota Ubicaci\u00f3n de barcos, n\u00fameros IMO, MMSI, c\u00e1maras web<\/h2>\n<p>\u00bfD\u00f3nde est\u00e1 la posici\u00f3n actual de Princes Cruises Fleet actualmente?<\/p>\n<table style=\"border-collapse: collapse; width: 100%; height: 480px;\">\n<tbody>\n<tr style=\"height: 24px;\">\n<td style=\"width: 33.3333%; height: 24px;\"><span style=\"color: #1f405b;\"><strong>Embarcacion<\/strong><\/span><\/td>\n<td style=\"width: 33.3333%; height: 24px;\"><span style=\"color: #1f405b;\"><strong>OMI<\/strong><\/span><\/td>\n<td style=\"width: 33.3333%; height: 24px;\"><span style=\"color: #1f405b;\"><strong>MMSI<\/strong><\/span><\/td>\n<\/tr>\n<tr style=\"height: 24px;\">\n<td style=\"width: 33.3333%; height: 24px;\"><a href=\"https:\/\/ship-tracker.org\/es\/majestic-princess\/\">Majestic Princess<\/a><\/td>\n<td style=\"width: 33.3333%; height: 24px;\">9614141<\/td>\n<td style=\"width: 33.3333%; height: 24px;\">232002990<\/td>\n<\/tr>\n<tr style=\"height: 24px;\">\n<td style=\"width: 33.3333%; height: 24px;\"><a href=\"https:\/\/ship-tracker.org\/es\/regal-princess\/\">Regal Princess<\/a><\/td>\n<td style=\"width: 33.3333%; height: 24px;\">9584724<\/td>\n<td style=\"width: 33.3333%; height: 24px;\">310674000<\/td>\n<\/tr>\n<tr style=\"height: 24px;\">\n<td style=\"width: 33.3333%; height: 24px;\"><a href=\"https:\/\/ship-tracker.org\/es\/royal-princess\/\">Royal Princess<\/a><\/td>\n<td style=\"width: 33.3333%; height: 24px;\">9584712<\/td>\n<td style=\"width: 33.3333%; height: 24px;\">310661000<\/td>\n<\/tr>\n<tr style=\"height: 24px;\">\n<td style=\"width: 33.3333%; height: 24px;\"><a href=\"https:\/\/ship-tracker.org\/es\/ruby-princess\/\">Ruby Princess<\/a><\/td>\n<td style=\"width: 33.3333%; height: 24px;\">9378462<\/td>\n<td style=\"width: 33.3333%; height: 24px;\">310567000<\/td>\n<\/tr>\n<tr style=\"height: 24px;\">\n<td style=\"width: 33.3333%; height: 24px;\"><a href=\"https:\/\/ship-tracker.org\/es\/emerald-princess\/\">Emerald Princess<\/a><\/td>\n<td style=\"width: 33.3333%; height: 24px;\">9333151<\/td>\n<td style=\"width: 33.3333%; height: 24px;\">310531000<\/td>\n<\/tr>\n<tr style=\"height: 24px;\">\n<td style=\"width: 33.3333%; height: 24px;\"><a href=\"https:\/\/ship-tracker.org\/es\/crown-princess\/\">Crown Princess<\/a><\/td>\n<td style=\"width: 33.3333%; height: 24px;\">9293399<\/td>\n<td style=\"width: 33.3333%; height: 24px;\">310500000<\/td>\n<\/tr>\n<tr style=\"height: 24px;\">\n<td style=\"width: 33.3333%; height: 24px;\"><a href=\"https:\/\/ship-tracker.org\/es\/island-princess\/\">Island Princess<\/a><\/td>\n<td style=\"width: 33.3333%; height: 24px;\">9230402<\/td>\n<td style=\"width: 33.3333%; height: 24px;\">310384000<\/td>\n<\/tr>\n<tr style=\"height: 24px;\">\n<td style=\"width: 33.3333%; height: 24px;\"><a href=\"https:\/\/ship-tracker.org\/es\/coral-princess\/\">Coral Princess<\/a><\/td>\n<td style=\"width: 33.3333%; height: 24px;\">9229659<\/td>\n<td style=\"width: 33.3333%; height: 24px;\">310376000<\/td>\n<\/tr>\n<tr class=\"alt\" style=\"height: 24px;\">\n<td style=\"width: 33.3333%; height: 24px;\"><a href=\"https:\/\/ship-tracker.org\/es\/diamond-princess\/\">Diamond Princess<\/a><\/td>\n<td style=\"width: 33.3333%; height: 24px;\">9228198<\/td>\n<td style=\"width: 33.3333%; height: 24px;\">235103359<\/td>\n<\/tr>\n<tr style=\"height: 24px;\">\n<td style=\"width: 33.3333%; height: 24px;\"><a href=\"https:\/\/ship-tracker.org\/es\/sapphire-princess\/\">Sapphire Princess<\/a><\/td>\n<td style=\"width: 33.3333%; height: 24px;\">9228186<\/td>\n<td style=\"width: 33.3333%; height: 24px;\">235103357<\/td>\n<\/tr>\n<tr style=\"height: 24px;\">\n<td style=\"width: 33.3333%; height: 24px;\"><a href=\"https:\/\/ship-tracker.org\/es\/caribbean-princess\/\">Caribbean Princess<\/a><\/td>\n<td style=\"width: 33.3333%; height: 24px;\">9215490<\/td>\n<td style=\"width: 33.3333%; height: 24px;\">310423000<\/td>\n<\/tr>\n<tr style=\"height: 24px;\">\n<td style=\"width: 33.3333%; height: 24px;\"><a href=\"https:\/\/ship-tracker.org\/es\/star-princess\/\">Star Princess<\/a><\/td>\n<td style=\"width: 33.3333%; height: 24px;\">9192363<\/td>\n<td style=\"width: 33.3333%; height: 24px;\">310361000<\/td>\n<\/tr>\n<tr style=\"height: 24px;\">\n<td style=\"width: 33.3333%; height: 24px;\"><a href=\"https:\/\/ship-tracker.org\/es\/golden-princess\/\">Golden Princess<\/a><\/td>\n<td style=\"width: 33.3333%; height: 24px;\">9192351<\/td>\n<td style=\"width: 33.3333%; height: 24px;\">235113472<\/td>\n<\/tr>\n<tr style=\"height: 24px;\">\n<td style=\"width: 33.3333%; height: 24px;\"><a href=\"https:\/\/ship-tracker.org\/es\/pacific-princess\/\">Pacific Princess<\/a><\/td>\n<td style=\"width: 33.3333%; height: 24px;\">9187887<\/td>\n<td style=\"width: 33.3333%; height: 24px;\">310504000<\/td>\n<\/tr>\n<tr style=\"height: 24px;\">\n<td style=\"width: 33.3333%; height: 24px;\"><a href=\"https:\/\/ship-tracker.org\/es\/sea-princess\/\">Sea Princess<\/a><\/td>\n<td style=\"width: 33.3333%; height: 24px;\">9150913<\/td>\n<td style=\"width: 33.3333%; height: 24px;\">310465000<\/td>\n<\/tr>\n<tr style=\"height: 24px;\">\n<td style=\"width: 33.3333%; height: 24px;\"><a href=\"https:\/\/ship-tracker.org\/es\/grand-princess\/\">Grand Princess<\/a><\/td>\n<td style=\"width: 33.3333%; height: 24px;\">9104005<\/td>\n<td style=\"width: 33.3333%; height: 24px;\">310327000<\/td>\n<\/tr>\n<tr style=\"height: 24px;\">\n<td style=\"width: 33.3333%; height: 24px;\"><a href=\"https:\/\/ship-tracker.org\/es\/sun-princess\/\">Sun Princess<\/a><\/td>\n<td style=\"width: 33.3333%; height: 24px;\">9000259<\/td>\n<td style=\"width: 33.3333%; height: 24px;\">310438000<\/td>\n<\/tr>\n<tr style=\"height: 24px;\">\n<td style=\"width: 33.3333%; height: 24px;\"><a href=\"https:\/\/ship-tracker.org\/es\/sky-princess\/\">Sky Princess<\/a><\/td>\n<td style=\"width: 33.3333%; height: 24px;\">9802396<\/td>\n<td style=\"width: 33.3333%; height: 24px;\">310780000<\/td>\n<\/tr>\n<tr style=\"height: 24px;\">\n<td style=\"width: 33.3333%; height: 24px;\"><a href=\"https:\/\/ship-tracker.org\/es\/enchanted-princess\/\">Enchanted Princess<\/a><\/td>\n<td style=\"width: 33.3333%; height: 24px;\">9807126<\/td>\n<td style=\"width: 33.3333%; height: 24px;\">247431900<\/td>\n<\/tr>\n<\/tbody>\n<\/table>\n<h2>Sobre Princes Cruises<\/h2>\n<p>Princess Cruises ofrece cruceros en todos los oc\u00e9anos del mundo con 18 barcos de primera clase (incluido el nuevo Sky Princess). Los \u00faltimos 2 millones de pasajeros disfrutan del mayor confort y una atm\u00f3sfera extraordinaria a bordo. La flota de Princess consta de barcos modernos con una capacidad de entre 680 y 3.660 invitados y cuenta con 380 puertos en siete continentes en m\u00e1s de 170 rutas diferentes.<\/p>\n<p>El viaje inaugural del Sky Princess est\u00e1 programado para octubre de 2019. Las nuevas Sky Suites ofrecen los balcones m\u00e1s grandes en el mar. En junio de 2020 y 2022, las \u00faltimas dos nuevas construcciones de la Clase Real seguir\u00e1n con la Princesa Encantada y un barco a\u00fan sin nombre.<\/p>\n<p>Adem\u00e1s, hay contratos para dos unidades basadas en una nueva plataforma, que ofrece espacio para alrededor de 4.300 pasajeros y equipados con motores de gas natural licuado (GNL). Est\u00e1n programados para entrar en servicio en 2023 y 2025, respectivamente. Princess Cruises est\u00e1 agregando cinco nuevos barcos a su flota en solo seis a\u00f1os.<\/p>","protected":false},"excerpt":{"rendered":"<p>Ubicaci\u00f3n de la flota de Princes Cruises Barcos, n\u00fameros IMO, MMSI, c\u00e1maras web \u00bfD\u00f3nde est\u00e1 la posici\u00f3n actual de la flota de Princes Cruises actualmente? Barco IMO MMSI Majestic Princess 9614141 232002990 Regal Princess 9584724 310674000 Royal Princess 9584712 310661000 Ruby Princess 9378462 310567000 Emerald Princess 9333151 310531000 Crown Princess 9293399 00000 Island Princess 9230402 310384000 Coral Princess 9229659 310376000 Diamante\u2026&nbsp;<a href=\"https:\/\/ship-tracker.org\/es\/princes-cruises\/\" rel=\"bookmark\">Leer m\u00e1s &quot;<span class=\"screen-reader-text\">Princes Cruises<\/span><\/a><\/p>","protected":false},"author":1,"featured_media":2076,"parent":0,"menu_order":0,"comment_status":"closed","ping_status":"closed","template":"","meta":{"neve_meta_sidebar":"","neve_meta_container":"","neve_meta_enable_content_width":"","neve_meta_content_width":0,"neve_meta_title_alignment":"","neve_meta_author_avatar":"","neve_post_elements_order":"","neve_meta_disable_header":"","neve_meta_disable_footer":"","neve_meta_disable_title":"","neve_meta_reading_time":"","footnotes":""},"class_list":["post-2075","page","type-page","status-publish","has-post-thumbnail","hentry"],"yoast_head":"<!-- This site is optimized with the Yoast SEO plugin v26.9 - https:\/\/yoast.com\/product\/yoast-seo-wordpress\/ -->\n<title>Track Princes Cruises Fleet | Cruise Ships | Marine Vessel<\/title>\n<meta name=\"description\" content=\"Princes Cruises Fleet Location | Current Positions of Princes Cruises Ships, IMO numbers, MMSI, Webcam | Live Fleet Maps | Live Ship Tracker\" \/>\n<meta name=\"robots\" content=\"index, follow, max-snippet:-1, max-image-preview:large, max-video-preview:-1\" \/>\n<link rel=\"canonical\" href=\"https:\/\/ship-tracker.org\/es\/princes-cruises\/\" \/>\n<meta property=\"og:locale\" content=\"es_ES\" \/>\n<meta property=\"og:type\" content=\"article\" \/>\n<meta property=\"og:title\" content=\"Track Princes Cruises Fleet | Cruise Ships | Marine Vessel\" \/>\n<meta property=\"og:description\" content=\"Princes Cruises Fleet Location | Current Positions of Princes Cruises Ships, IMO numbers, MMSI, Webcam | Live Fleet Maps | Live Ship Tracker\" \/>\n<meta property=\"og:url\" content=\"https:\/\/ship-tracker.org\/es\/princes-cruises\/\" \/>\n<meta property=\"og:site_name\" content=\"Ship-tracker.org\" \/>\n<meta property=\"article:modified_time\" content=\"2021-11-08T20:44:48+00:00\" \/>\n<meta property=\"og:image\" content=\"https:\/\/ship-tracker.org\/wp-content\/uploads\/2020\/04\/cache_35623044.jpg\" \/>\n\t<meta property=\"og:image:width\" content=\"345\" \/>\n\t<meta property=\"og:image:height\" content=\"258\" \/>\n\t<meta property=\"og:image:type\" content=\"image\/jpeg\" \/>\n<meta name=\"twitter:card\" content=\"summary_large_image\" \/>\n<meta name=\"twitter:label1\" content=\"Tiempo de lectura\" \/>\n\t<meta name=\"twitter:data1\" content=\"1 minuto\" \/>\n<script type=\"application\/ld+json\" class=\"yoast-schema-graph\">{\"@context\":\"https:\/\/schema.org\",\"@graph\":[{\"@type\":\"WebPage\",\"@id\":\"https:\/\/ship-tracker.org\/pt\/princes-cruises\/\",\"url\":\"https:\/\/ship-tracker.org\/pt\/princes-cruises\/\",\"name\":\"Track Princes Cruises Fleet | Cruise Ships | Marine Vessel\",\"isPartOf\":{\"@id\":\"https:\/\/ship-tracker.org\/#website\"},\"primaryImageOfPage\":{\"@id\":\"https:\/\/ship-tracker.org\/pt\/princes-cruises\/#primaryimage\"},\"image\":{\"@id\":\"https:\/\/ship-tracker.org\/pt\/princes-cruises\/#primaryimage\"},\"thumbnailUrl\":\"https:\/\/ship-tracker.org\/wp-content\/uploads\/2020\/04\/cache_35623044.jpg\",\"datePublished\":\"2020-04-29T12:36:23+00:00\",\"dateModified\":\"2021-11-08T20:44:48+00:00\",\"description\":\"Princes Cruises Fleet Location | Current Positions of Princes Cruises Ships, IMO numbers, MMSI, Webcam | Live Fleet Maps | Live Ship Tracker\",\"breadcrumb\":{\"@id\":\"https:\/\/ship-tracker.org\/pt\/princes-cruises\/#breadcrumb\"},\"inLanguage\":\"es\",\"potentialAction\":[{\"@type\":\"ReadAction\",\"target\":[\"https:\/\/ship-tracker.org\/pt\/princes-cruises\/\"]}]},{\"@type\":\"ImageObject\",\"inLanguage\":\"es\",\"@id\":\"https:\/\/ship-tracker.org\/pt\/princes-cruises\/#primaryimage\",\"url\":\"https:\/\/ship-tracker.org\/wp-content\/uploads\/2020\/04\/cache_35623044.jpg\",\"contentUrl\":\"https:\/\/ship-tracker.org\/wp-content\/uploads\/2020\/04\/cache_35623044.jpg\",\"width\":345,\"height\":258,\"caption\":\"Princes Cruises\"},{\"@type\":\"BreadcrumbList\",\"@id\":\"https:\/\/ship-tracker.org\/pt\/princes-cruises\/#breadcrumb\",\"itemListElement\":[{\"@type\":\"ListItem\",\"position\":1,\"name\":\"Startseite\",\"item\":\"https:\/\/ship-tracker.org\/\"},{\"@type\":\"ListItem\",\"position\":2,\"name\":\"Princes Cruises\"}]},{\"@type\":\"WebSite\",\"@id\":\"https:\/\/ship-tracker.org\/#website\",\"url\":\"https:\/\/ship-tracker.org\/\",\"name\":\"Ship-tracker.org\",\"description\":\"\",\"potentialAction\":[{\"@type\":\"SearchAction\",\"target\":{\"@type\":\"EntryPoint\",\"urlTemplate\":\"https:\/\/ship-tracker.org\/?s={search_term_string}\"},\"query-input\":{\"@type\":\"PropertyValueSpecification\",\"valueRequired\":true,\"valueName\":\"search_term_string\"}}],\"inLanguage\":\"es\"}]}<\/script>\n<!-- \/ Yoast SEO plugin. -->","yoast_head_json":{"title":"Seguir la flota de Princes Cruises | Cruceros | Buque marino","description":"Ubicaci\u00f3n de la flota de Princes Cruises | Posiciones actuales de los barcos de Princes Cruises, n\u00fameros IMO, MMSI, Webcam | Mapas de flotas en vivo | Rastreador de barcos en vivo","robots":{"index":"index","follow":"follow","max-snippet":"max-snippet:-1","max-image-preview":"max-image-preview:large","max-video-preview":"max-video-preview:-1"},"canonical":"https:\/\/ship-tracker.org\/es\/princes-cruises\/","og_locale":"es_ES","og_type":"article","og_title":"Track Princes Cruises Fleet | Cruise Ships | Marine Vessel","og_description":"Princes Cruises Fleet Location | Current Positions of Princes Cruises Ships, IMO numbers, MMSI, Webcam | Live Fleet Maps | Live Ship Tracker","og_url":"https:\/\/ship-tracker.org\/es\/princes-cruises\/","og_site_name":"Ship-tracker.org","article_modified_time":"2021-11-08T20:44:48+00:00","og_image":[{"width":345,"height":258,"url":"https:\/\/ship-tracker.org\/wp-content\/uploads\/2020\/04\/cache_35623044.jpg","type":"image\/jpeg"}],"twitter_card":"summary_large_image","twitter_misc":{"Tiempo de lectura":"1 minuto"},"schema":{"@context":"https:\/\/schema.org","@graph":[{"@type":"WebPage","@id":"https:\/\/ship-tracker.org\/pt\/princes-cruises\/","url":"https:\/\/ship-tracker.org\/pt\/princes-cruises\/","name":"Seguir la flota de Princes Cruises | Cruceros | Buque marino","isPartOf":{"@id":"https:\/\/ship-tracker.org\/#website"},"primaryImageOfPage":{"@id":"https:\/\/ship-tracker.org\/pt\/princes-cruises\/#primaryimage"},"image":{"@id":"https:\/\/ship-tracker.org\/pt\/princes-cruises\/#primaryimage"},"thumbnailUrl":"https:\/\/ship-tracker.org\/wp-content\/uploads\/2020\/04\/cache_35623044.jpg","datePublished":"2020-04-29T12:36:23+00:00","dateModified":"2021-11-08T20:44:48+00:00","description":"Ubicaci\u00f3n de la flota de Princes Cruises | Posiciones actuales de los barcos de Princes Cruises, n\u00fameros IMO, MMSI, Webcam | Mapas de flotas en vivo | Rastreador de barcos en vivo","breadcrumb":{"@id":"https:\/\/ship-tracker.org\/pt\/princes-cruises\/#breadcrumb"},"inLanguage":"es","potentialAction":[{"@type":"ReadAction","target":["https:\/\/ship-tracker.org\/pt\/princes-cruises\/"]}]},{"@type":"ImageObject","inLanguage":"es","@id":"https:\/\/ship-tracker.org\/pt\/princes-cruises\/#primaryimage","url":"https:\/\/ship-tracker.org\/wp-content\/uploads\/2020\/04\/cache_35623044.jpg","contentUrl":"https:\/\/ship-tracker.org\/wp-content\/uploads\/2020\/04\/cache_35623044.jpg","width":345,"height":258,"caption":"Princes Cruises"},{"@type":"BreadcrumbList","@id":"https:\/\/ship-tracker.org\/pt\/princes-cruises\/#breadcrumb","itemListElement":[{"@type":"ListItem","position":1,"name":"Startseite","item":"https:\/\/ship-tracker.org\/"},{"@type":"ListItem","position":2,"name":"Princes Cruises"}]},{"@type":"WebSite","@id":"https:\/\/ship-tracker.org\/#website","url":"https:\/\/ship-tracker.org\/","name":"Ship-tracker.org","description":"","potentialAction":[{"@type":"SearchAction","target":{"@type":"EntryPoint","urlTemplate":"https:\/\/ship-tracker.org\/?s={search_term_string}"},"query-input":{"@type":"PropertyValueSpecification","valueRequired":true,"valueName":"search_term_string"}}],"inLanguage":"es"}]}},"_links":{"self":[{"href":"https:\/\/ship-tracker.org\/es\/wp-json\/wp\/v2\/pages\/2075","targetHints":{"allow":["GET"]}}],"collection":[{"href":"https:\/\/ship-tracker.org\/es\/wp-json\/wp\/v2\/pages"}],"about":[{"href":"https:\/\/ship-tracker.org\/es\/wp-json\/wp\/v2\/types\/page"}],"author":[{"embeddable":true,"href":"https:\/\/ship-tracker.org\/es\/wp-json\/wp\/v2\/users\/1"}],"replies":[{"embeddable":true,"href":"https:\/\/ship-tracker.org\/es\/wp-json\/wp\/v2\/comments?post=2075"}],"version-history":[{"count":5,"href":"https:\/\/ship-tracker.org\/es\/wp-json\/wp\/v2\/pages\/2075\/revisions"}],"predecessor-version":[{"id":2459,"href":"https:\/\/ship-tracker.org\/es\/wp-json\/wp\/v2\/pages\/2075\/revisions\/2459"}],"wp:featuredmedia":[{"embeddable":true,"href":"https:\/\/ship-tracker.org\/es\/wp-json\/wp\/v2\/media\/2076"}],"wp:attachment":[{"href":"https:\/\/ship-tracker.org\/es\/wp-json\/wp\/v2\/media?parent=2075"}],"curies":[{"name":"wp","href":"https:\/\/api.w.org\/{rel}","templated":true}]}}