{"id":2070,"date":"2020-04-29T14:35:01","date_gmt":"2020-04-29T12:35:01","guid":{"rendered":"https:\/\/ship-tracker.org\/?page_id=2070"},"modified":"2022-11-01T13:22:27","modified_gmt":"2022-11-01T12:22:27","slug":"celebrity-cruises","status":"publish","type":"page","link":"https:\/\/ship-tracker.org\/es\/celebrity-cruises\/","title":{"rendered":"Celebrity Cruises"},"content":{"rendered":"<h2>Barcos de ubicaci\u00f3n de la flota de Celebrity Cruises, n\u00fameros IMO, MMSI, c\u00e1maras web<\/h2>\n<p>\u00bfD\u00f3nde est\u00e1 la posici\u00f3n actual de Celebrity Cruises Fleet actualmente?<\/p>\n<table style=\"border-collapse: collapse; width: 100%; height: 336px;\">\n<tbody>\n<tr style=\"height: 24px;\">\n<td style=\"width: 33.3333%; height: 24px;\"><span style=\"color: #1f405b;\"><strong>Embarcacion<\/strong><\/span><\/td>\n<td style=\"width: 33.3333%; height: 24px;\"><span style=\"color: #1f405b;\"><strong>OMI<\/strong><\/span><\/td>\n<td style=\"width: 33.3333%; height: 24px;\"><span style=\"color: #1f405b;\"><strong>MMSI<\/strong><\/span><\/td>\n<\/tr>\n<tr style=\"height: 24px;\">\n<td style=\"width: 33.3333%; height: 24px;\"><a href=\"https:\/\/ship-tracker.org\/es\/celebrity-apex\/\">Celebrity Apex<\/a><\/td>\n<td style=\"width: 33.3333%; height: 24px;\">9838383<\/td>\n<td style=\"width: 33.3333%; height: 24px;\">215105000<\/td>\n<\/tr>\n<tr style=\"height: 24px;\">\n<td style=\"width: 33.3333%; height: 24px;\"><a href=\"https:\/\/ship-tracker.org\/es\/celebrity-flora\/\">Celebrity Flora<\/a><\/td>\n<td style=\"width: 33.3333%; height: 24px;\">9837925<\/td>\n<td style=\"width: 33.3333%; height: 24px;\">735059945<\/td>\n<\/tr>\n<tr style=\"height: 24px;\">\n<td style=\"width: 33.3333%; height: 24px;\"><a href=\"https:\/\/ship-tracker.org\/es\/celebrity-edge\/\">Celebrity Edge<\/a><\/td>\n<td style=\"width: 33.3333%; height: 24px;\">9812705<\/td>\n<td style=\"width: 33.3333%; height: 24px;\">248325000<\/td>\n<\/tr>\n<tr style=\"height: 24px;\">\n<td style=\"width: 33.3333%; height: 24px;\"><a href=\"https:\/\/ship-tracker.org\/es\/celebrity-silhouette\/\">Celebrity Silhouette<\/a><\/td>\n<td style=\"width: 33.3333%; height: 24px;\">9451094<\/td>\n<td style=\"width: 33.3333%; height: 24px;\">248939000<\/td>\n<\/tr>\n<tr style=\"height: 24px;\">\n<td style=\"width: 33.3333%; height: 24px;\"><a href=\"https:\/\/ship-tracker.org\/es\/celebrity-millennium\/\">Celebrity Millennium<\/a><\/td>\n<td style=\"width: 33.3333%; height: 24px;\">9189419<\/td>\n<td style=\"width: 33.3333%; height: 24px;\">249055000<\/td>\n<\/tr>\n<tr style=\"height: 24px;\">\n<td style=\"width: 33.3333%; height: 24px;\"><a href=\"https:\/\/ship-tracker.org\/es\/celebrity-eclipse\/\">Celebrity Eclipse<\/a><\/td>\n<td style=\"width: 33.3333%; height: 24px;\">9404314<\/td>\n<td style=\"width: 33.3333%; height: 24px;\">249666000<\/td>\n<\/tr>\n<tr style=\"height: 24px;\">\n<td style=\"width: 33.3333%; height: 24px;\"><a href=\"https:\/\/ship-tracker.org\/es\/celebrity-infinity\/\">Celebrity Infinity<\/a><\/td>\n<td style=\"width: 33.3333%; height: 24px;\">9189421<\/td>\n<td style=\"width: 33.3333%; height: 24px;\">249048000<\/td>\n<\/tr>\n<tr style=\"height: 24px;\">\n<td style=\"width: 33.3333%; height: 24px;\"><a href=\"https:\/\/ship-tracker.org\/es\/celebrity-solstice\/\">Celebrity Solstice<\/a><\/td>\n<td style=\"width: 33.3333%; height: 24px;\">9362530<\/td>\n<td style=\"width: 33.3333%; height: 24px;\">249409000<\/td>\n<\/tr>\n<tr class=\"alt\" style=\"height: 24px;\">\n<td style=\"width: 33.3333%; height: 24px;\"><a href=\"https:\/\/ship-tracker.org\/es\/celebrity-reflection\/\">Celebrity Reflection<\/a><\/td>\n<td style=\"width: 33.3333%; height: 24px;\">9506459<\/td>\n<td style=\"width: 33.3333%; height: 24px;\">229074000<\/td>\n<\/tr>\n<tr style=\"height: 24px;\">\n<td style=\"width: 33.3333%; height: 24px;\"><a href=\"https:\/\/ship-tracker.org\/es\/celebrity-summit\/\">Celebrity Summit<\/a><\/td>\n<td style=\"width: 33.3333%; height: 24px;\">9192387<\/td>\n<td style=\"width: 33.3333%; height: 24px;\">249047000<\/td>\n<\/tr>\n<tr style=\"height: 24px;\">\n<td style=\"width: 33.3333%; height: 24px;\"><a href=\"https:\/\/ship-tracker.org\/es\/celebrity-equinox\/\">Celebrity Equinox<\/a><\/td>\n<td style=\"width: 33.3333%; height: 24px;\">9372456<\/td>\n<td style=\"width: 33.3333%; height: 24px;\">249667000<\/td>\n<\/tr>\n<tr style=\"height: 24px;\">\n<td style=\"width: 33.3333%; height: 24px;\"><a href=\"https:\/\/ship-tracker.org\/es\/celebrity-constellation\/\">Celebrity Constellation<\/a><\/td>\n<td style=\"width: 33.3333%; height: 24px;\">9192399<\/td>\n<td style=\"width: 33.3333%; height: 24px;\">249046000<\/td>\n<\/tr>\n<tr style=\"height: 24px;\">\n<td style=\"width: 33.3333%; height: 24px;\"><a href=\"https:\/\/ship-tracker.org\/es\/celebrity-xpedition\/\">Celebrity Xpedition<\/a><\/td>\n<td style=\"width: 33.3333%; height: 24px;\">9228368<\/td>\n<td style=\"width: 33.3333%; height: 24px;\">735023483<\/td>\n<\/tr>\n<tr>\n<td style=\"width: 33.3333%;\"><a href=\"https:\/\/ship-tracker.org\/es\/celebrity-beyond\/\">Celebrity Beyond<\/a><\/td>\n<td style=\"width: 33.3333%;\">9838395<\/td>\n<td style=\"width: 33.3333%;\">215808000<\/td>\n<\/tr>\n<tr>\n<td style=\"width: 33.3333%;\"><a href=\"https:\/\/ship-tracker.org\/es\/celebrity-ascent\/\">Ascenso de celebridades<\/a><\/td>\n<td style=\"width: 33.3333%;\">2023<\/td>\n<td style=\"width: 33.3333%;\"><\/td>\n<\/tr>\n<\/tbody>\n<\/table>\n<h2>Sobre Celebrity Cruises<\/h2>\n<p>Celebrity Cruises es sin\u00f3nimo de lujo y servicio de los mejores, eso es lo que representa la compa\u00f1\u00eda naviera exclusiva Celebrity Cruises. Fundada en 1989 por el griego &quot;Chandris Group&quot;, Celebrity Cruises se fusion\u00f3 con Royel Caribbean International en 1997. Desde entonces, Celebrity Cruises se ha convertido en una de las compa\u00f1\u00edas de cruceros m\u00e1s populares. El bienestar de los invitados es una prioridad para Celebrity Cruises y siempre est\u00e1 en primer plano. Una proporci\u00f3n de invitados a personal de 2: 1 hace posible que cada pasajero disfrute de un servicio de primera clase y garantiza que ning\u00fan deseo quede sin cumplirse. El servicio de cabina y para las suites, incluso un servicio de mayordomo, representa el lujo m\u00e1s alto, que permite a los hu\u00e9spedes disfrutar de comidas y bebidas incluso en la atm\u00f3sfera muy privada de la cabina o el balc\u00f3n.<\/p>\n<p>Celebrity Cruises ofrece un programa de entretenimiento \u00fanico en su clase. Los conciertos, las representaciones teatrales y los espect\u00e1culos en vivo est\u00e1n garantizados para no aburrir a nadie. Los espect\u00e1culos de Broadway y los galardonados espect\u00e1culos de circo son invitados habituales a bordo de Celebrity Cruises. Pero tambi\u00e9n los pasajeros activos y creativos obtienen el valor de su dinero, porque los talleres sobre temas como joyer\u00eda, pintura, baile o vino tambi\u00e9n forman parte del programa diverso de Celebrity Cruises. Los interesados en el arte sin duda disfrutar\u00e1n de la galer\u00eda y el estudio de arte a bordo de los barcos.<\/p>\n<p>Los barcos de Celebrity Cruises ofrecen a los pasajeros un gimnasio moderno y equipado, as\u00ed como la posibilidad de participar en diferentes cursos como aer\u00f3bicos, pilates, spinning y yoga. Para cruceros en Europa, Australia y el Caribe, los hu\u00e9spedes tambi\u00e9n pueden reservar excursiones activas como pirag\u00fcismo, remo de pie o hidrobiking.<\/p>","protected":false},"excerpt":{"rendered":"<p>Ubicaci\u00f3n de la flota de Celebrity Cruises Barcos, n\u00fameros IMO, MMSI, c\u00e1maras web \u00bfD\u00f3nde est\u00e1 la posici\u00f3n actual de la flota de Celebrity Cruises actualmente? Barco en mi opini\u00f3n MMSI Celebrity Apex 9838383 215105000 Celebrity Flora 9837925 735059945 Celebrity Edge 9812705 248325000 Celebrity Silhouette 9451094 248939000 Celebrity Millennium 9189419 249055000 Celebrity Eclipse 9404314 2496 66000 Celebridad Infinity 9189421 249048000 Celebridad Solstice 9362530 249409000 Celebridad\u2026&nbsp;<a href=\"https:\/\/ship-tracker.org\/es\/celebrity-cruises\/\" rel=\"bookmark\">Leer m\u00e1s &quot;<span class=\"screen-reader-text\">Celebrity Cruises<\/span><\/a><\/p>","protected":false},"author":1,"featured_media":2071,"parent":0,"menu_order":0,"comment_status":"closed","ping_status":"closed","template":"","meta":{"neve_meta_sidebar":"","neve_meta_container":"","neve_meta_enable_content_width":"","neve_meta_content_width":0,"neve_meta_title_alignment":"","neve_meta_author_avatar":"","neve_post_elements_order":"","neve_meta_disable_header":"","neve_meta_disable_footer":"","neve_meta_disable_title":"","neve_meta_reading_time":"","footnotes":""},"class_list":["post-2070","page","type-page","status-publish","has-post-thumbnail","hentry"],"yoast_head":"<!-- This site is optimized with the Yoast SEO plugin v26.9 - https:\/\/yoast.com\/product\/yoast-seo-wordpress\/ -->\n<title>Track Celebrity Cruises Fleet | Cruise Ships | Marine Vessel<\/title>\n<meta name=\"description\" content=\"Celebrity Cruises Fleet Location | Current Positions of Celebrity Cruises Ships, IMO numbers, MMSI, Webcam | Live Fleet Maps | Ship Tracker\" \/>\n<meta name=\"robots\" content=\"index, follow, max-snippet:-1, max-image-preview:large, max-video-preview:-1\" \/>\n<link rel=\"canonical\" href=\"https:\/\/ship-tracker.org\/es\/celebrity-cruises\/\" \/>\n<meta property=\"og:locale\" content=\"es_ES\" \/>\n<meta property=\"og:type\" content=\"article\" \/>\n<meta property=\"og:title\" content=\"Track Celebrity Cruises Fleet | Cruise Ships | Marine Vessel\" \/>\n<meta property=\"og:description\" content=\"Celebrity Cruises Fleet Location | Current Positions of Celebrity Cruises Ships, IMO numbers, MMSI, Webcam | Live Fleet Maps | Ship Tracker\" \/>\n<meta property=\"og:url\" content=\"https:\/\/ship-tracker.org\/es\/celebrity-cruises\/\" \/>\n<meta property=\"og:site_name\" content=\"Ship-tracker.org\" \/>\n<meta property=\"article:modified_time\" content=\"2022-11-01T12:22:27+00:00\" \/>\n<meta property=\"og:image\" content=\"https:\/\/ship-tracker.org\/wp-content\/uploads\/2020\/04\/celebrity-cruises.jpg\" \/>\n\t<meta property=\"og:image:width\" content=\"400\" \/>\n\t<meta property=\"og:image:height\" content=\"281\" \/>\n\t<meta property=\"og:image:type\" content=\"image\/jpeg\" \/>\n<meta name=\"twitter:card\" content=\"summary_large_image\" \/>\n<meta name=\"twitter:label1\" content=\"Tiempo de lectura\" \/>\n\t<meta name=\"twitter:data1\" content=\"2 minutos\" \/>\n<script type=\"application\/ld+json\" class=\"yoast-schema-graph\">{\"@context\":\"https:\/\/schema.org\",\"@graph\":[{\"@type\":\"WebPage\",\"@id\":\"https:\/\/ship-tracker.org\/celebrity-cruises\/\",\"url\":\"https:\/\/ship-tracker.org\/celebrity-cruises\/\",\"name\":\"Track Celebrity Cruises Fleet | Cruise Ships | Marine Vessel\",\"isPartOf\":{\"@id\":\"https:\/\/ship-tracker.org\/#website\"},\"primaryImageOfPage\":{\"@id\":\"https:\/\/ship-tracker.org\/celebrity-cruises\/#primaryimage\"},\"image\":{\"@id\":\"https:\/\/ship-tracker.org\/celebrity-cruises\/#primaryimage\"},\"thumbnailUrl\":\"https:\/\/ship-tracker.org\/wp-content\/uploads\/2020\/04\/celebrity-cruises.jpg\",\"datePublished\":\"2020-04-29T12:35:01+00:00\",\"dateModified\":\"2022-11-01T12:22:27+00:00\",\"description\":\"Celebrity Cruises Fleet Location | Current Positions of Celebrity Cruises Ships, IMO numbers, MMSI, Webcam | Live Fleet Maps | Ship Tracker\",\"breadcrumb\":{\"@id\":\"https:\/\/ship-tracker.org\/celebrity-cruises\/#breadcrumb\"},\"inLanguage\":\"es\",\"potentialAction\":[{\"@type\":\"ReadAction\",\"target\":[\"https:\/\/ship-tracker.org\/celebrity-cruises\/\"]}]},{\"@type\":\"ImageObject\",\"inLanguage\":\"es\",\"@id\":\"https:\/\/ship-tracker.org\/celebrity-cruises\/#primaryimage\",\"url\":\"https:\/\/ship-tracker.org\/wp-content\/uploads\/2020\/04\/celebrity-cruises.jpg\",\"contentUrl\":\"https:\/\/ship-tracker.org\/wp-content\/uploads\/2020\/04\/celebrity-cruises.jpg\",\"width\":400,\"height\":281,\"caption\":\"Celebrity Cruises\"},{\"@type\":\"BreadcrumbList\",\"@id\":\"https:\/\/ship-tracker.org\/celebrity-cruises\/#breadcrumb\",\"itemListElement\":[{\"@type\":\"ListItem\",\"position\":1,\"name\":\"Startseite\",\"item\":\"https:\/\/ship-tracker.org\/\"},{\"@type\":\"ListItem\",\"position\":2,\"name\":\"Celebrity Cruises\"}]},{\"@type\":\"WebSite\",\"@id\":\"https:\/\/ship-tracker.org\/#website\",\"url\":\"https:\/\/ship-tracker.org\/\",\"name\":\"Ship-tracker.org\",\"description\":\"\",\"potentialAction\":[{\"@type\":\"SearchAction\",\"target\":{\"@type\":\"EntryPoint\",\"urlTemplate\":\"https:\/\/ship-tracker.org\/?s={search_term_string}\"},\"query-input\":{\"@type\":\"PropertyValueSpecification\",\"valueRequired\":true,\"valueName\":\"search_term_string\"}}],\"inLanguage\":\"es\"}]}<\/script>\n<!-- \/ Yoast SEO plugin. -->","yoast_head_json":{"title":"Seguir la flota de Celebrity Cruises | Cruceros | Buque marino","description":"Ubicaci\u00f3n de la flota de Celebrity Cruises | Posiciones actuales de barcos de Celebrity Cruises, n\u00fameros IMO, MMSI, c\u00e1mara web | Mapas de flota en vivo | Rastreador de barcos","robots":{"index":"index","follow":"follow","max-snippet":"max-snippet:-1","max-image-preview":"max-image-preview:large","max-video-preview":"max-video-preview:-1"},"canonical":"https:\/\/ship-tracker.org\/es\/celebrity-cruises\/","og_locale":"es_ES","og_type":"article","og_title":"Track Celebrity Cruises Fleet | Cruise Ships | Marine Vessel","og_description":"Celebrity Cruises Fleet Location | Current Positions of Celebrity Cruises Ships, IMO numbers, MMSI, Webcam | Live Fleet Maps | Ship Tracker","og_url":"https:\/\/ship-tracker.org\/es\/celebrity-cruises\/","og_site_name":"Ship-tracker.org","article_modified_time":"2022-11-01T12:22:27+00:00","og_image":[{"width":400,"height":281,"url":"https:\/\/ship-tracker.org\/wp-content\/uploads\/2020\/04\/celebrity-cruises.jpg","type":"image\/jpeg"}],"twitter_card":"summary_large_image","twitter_misc":{"Tiempo de lectura":"2 minutos"},"schema":{"@context":"https:\/\/schema.org","@graph":[{"@type":"WebPage","@id":"https:\/\/ship-tracker.org\/celebrity-cruises\/","url":"https:\/\/ship-tracker.org\/celebrity-cruises\/","name":"Seguir la flota de Celebrity Cruises | Cruceros | Buque marino","isPartOf":{"@id":"https:\/\/ship-tracker.org\/#website"},"primaryImageOfPage":{"@id":"https:\/\/ship-tracker.org\/celebrity-cruises\/#primaryimage"},"image":{"@id":"https:\/\/ship-tracker.org\/celebrity-cruises\/#primaryimage"},"thumbnailUrl":"https:\/\/ship-tracker.org\/wp-content\/uploads\/2020\/04\/celebrity-cruises.jpg","datePublished":"2020-04-29T12:35:01+00:00","dateModified":"2022-11-01T12:22:27+00:00","description":"Ubicaci\u00f3n de la flota de Celebrity Cruises | Posiciones actuales de barcos de Celebrity Cruises, n\u00fameros IMO, MMSI, c\u00e1mara web | Mapas de flota en vivo | Rastreador de barcos","breadcrumb":{"@id":"https:\/\/ship-tracker.org\/celebrity-cruises\/#breadcrumb"},"inLanguage":"es","potentialAction":[{"@type":"ReadAction","target":["https:\/\/ship-tracker.org\/celebrity-cruises\/"]}]},{"@type":"ImageObject","inLanguage":"es","@id":"https:\/\/ship-tracker.org\/celebrity-cruises\/#primaryimage","url":"https:\/\/ship-tracker.org\/wp-content\/uploads\/2020\/04\/celebrity-cruises.jpg","contentUrl":"https:\/\/ship-tracker.org\/wp-content\/uploads\/2020\/04\/celebrity-cruises.jpg","width":400,"height":281,"caption":"Celebrity Cruises"},{"@type":"BreadcrumbList","@id":"https:\/\/ship-tracker.org\/celebrity-cruises\/#breadcrumb","itemListElement":[{"@type":"ListItem","position":1,"name":"Startseite","item":"https:\/\/ship-tracker.org\/"},{"@type":"ListItem","position":2,"name":"Celebrity Cruises"}]},{"@type":"WebSite","@id":"https:\/\/ship-tracker.org\/#website","url":"https:\/\/ship-tracker.org\/","name":"Ship-tracker.org","description":"","potentialAction":[{"@type":"SearchAction","target":{"@type":"EntryPoint","urlTemplate":"https:\/\/ship-tracker.org\/?s={search_term_string}"},"query-input":{"@type":"PropertyValueSpecification","valueRequired":true,"valueName":"search_term_string"}}],"inLanguage":"es"}]}},"_links":{"self":[{"href":"https:\/\/ship-tracker.org\/es\/wp-json\/wp\/v2\/pages\/2070","targetHints":{"allow":["GET"]}}],"collection":[{"href":"https:\/\/ship-tracker.org\/es\/wp-json\/wp\/v2\/pages"}],"about":[{"href":"https:\/\/ship-tracker.org\/es\/wp-json\/wp\/v2\/types\/page"}],"author":[{"embeddable":true,"href":"https:\/\/ship-tracker.org\/es\/wp-json\/wp\/v2\/users\/1"}],"replies":[{"embeddable":true,"href":"https:\/\/ship-tracker.org\/es\/wp-json\/wp\/v2\/comments?post=2070"}],"version-history":[{"count":8,"href":"https:\/\/ship-tracker.org\/es\/wp-json\/wp\/v2\/pages\/2070\/revisions"}],"predecessor-version":[{"id":3532,"href":"https:\/\/ship-tracker.org\/es\/wp-json\/wp\/v2\/pages\/2070\/revisions\/3532"}],"wp:featuredmedia":[{"embeddable":true,"href":"https:\/\/ship-tracker.org\/es\/wp-json\/wp\/v2\/media\/2071"}],"wp:attachment":[{"href":"https:\/\/ship-tracker.org\/es\/wp-json\/wp\/v2\/media?parent=2070"}],"curies":[{"name":"wp","href":"https:\/\/api.w.org\/{rel}","templated":true}]}}