{"id":2060,"date":"2020-04-29T14:15:55","date_gmt":"2020-04-29T12:15:55","guid":{"rendered":"https:\/\/ship-tracker.org\/?page_id=2060"},"modified":"2023-08-13T02:47:17","modified_gmt":"2023-08-13T00:47:17","slug":"royal-caribbean","status":"publish","type":"page","link":"https:\/\/ship-tracker.org\/es\/royal-caribbean\/","title":{"rendered":"Royal Caribbean"},"content":{"rendered":"<h2>Royal Caribbean Fleet Location Ships, n\u00fameros IMO, MMSI, c\u00e1maras web<\/h2>\n<p>\u00bfD\u00f3nde est\u00e1 actualmente la posici\u00f3n actual de Royal Caribbean Fleet?<\/p>\n<table style=\"border-collapse: collapse; width: 100%; height: 733px;\">\n<tbody>\n<tr style=\"height: 23px;\">\n<td style=\"width: 33.3333%; height: 23px;\"><span style=\"color: #1f405b;\"><strong>Embarcacion<\/strong><\/span><\/td>\n<td style=\"width: 33.3333%; height: 23px;\"><span style=\"color: #1f405b;\"><strong>OMI<\/strong><\/span><\/td>\n<td style=\"width: 33.3333%; height: 23px;\"><span style=\"color: #1f405b;\"><strong>MMSI<\/strong><\/span><\/td>\n<\/tr>\n<tr style=\"height: 24px;\">\n<td style=\"width: 33.3333%; height: 24px;\"><a href=\"https:\/\/ship-tracker.org\/es\/adventure-of-the-seas\/\">Adventure of the Seas<\/a><\/td>\n<td style=\"width: 33.3333%; height: 24px;\">9167227<\/td>\n<td style=\"width: 33.3333%; height: 24px;\">311263000<\/td>\n<\/tr>\n<tr style=\"height: 24px;\">\n<td style=\"width: 33.3333%; height: 24px;\"><a href=\"https:\/\/ship-tracker.org\/es\/allure-of-the-seas\/\">Allure of the Seas<\/a><\/td>\n<td style=\"width: 33.3333%; height: 24px;\">9383948<\/td>\n<td style=\"width: 33.3333%; height: 24px;\">311020700<\/td>\n<\/tr>\n<tr style=\"height: 24px;\">\n<td style=\"width: 33.3333%; height: 24px;\"><a href=\"https:\/\/ship-tracker.org\/es\/anthem-of-the-seas\/\">Anthem of the Seas<\/a><\/td>\n<td style=\"width: 33.3333%; height: 24px;\">9656101<\/td>\n<td style=\"width: 33.3333%; height: 24px;\">311000274<\/td>\n<\/tr>\n<tr style=\"height: 24px;\">\n<td style=\"width: 33.3333%; height: 24px;\"><a href=\"https:\/\/ship-tracker.org\/es\/brilliance-of-the-seas\/\">Brilliance of the Seas<\/a><\/td>\n<td style=\"width: 33.3333%; height: 24px;\">9195200<\/td>\n<td style=\"width: 33.3333%; height: 24px;\">311361000<\/td>\n<\/tr>\n<tr style=\"height: 24px;\">\n<td style=\"width: 33.3333%; height: 24px;\"><a href=\"https:\/\/ship-tracker.org\/es\/enchantment-of-the-seas\/\">Enchantment of the Seas<\/a><\/td>\n<td style=\"width: 33.3333%; height: 24px;\">9111802<\/td>\n<td style=\"width: 33.3333%; height: 24px;\">311733000<\/td>\n<\/tr>\n<tr style=\"height: 24px;\">\n<td style=\"width: 33.3333%; height: 24px;\"><a href=\"https:\/\/ship-tracker.org\/es\/explorer-of-the-seas\/\">Explorer of the Seas<\/a><\/td>\n<td style=\"width: 33.3333%; height: 24px;\">9161728<\/td>\n<td style=\"width: 33.3333%; height: 24px;\">311316000<\/td>\n<\/tr>\n<tr style=\"height: 24px;\">\n<td style=\"width: 33.3333%; height: 24px;\"><a href=\"https:\/\/ship-tracker.org\/es\/freedom-of-the-seas\/\">Freedom of the Seas<\/a><\/td>\n<td style=\"width: 33.3333%; height: 24px;\">9304033<\/td>\n<td style=\"width: 33.3333%; height: 24px;\">309906000<\/td>\n<\/tr>\n<tr style=\"height: 24px;\">\n<td style=\"width: 33.3333%; height: 24px;\"><a href=\"https:\/\/ship-tracker.org\/es\/grandeur-of-the-seas\/\">Grandeza de los mares<\/a><\/td>\n<td style=\"width: 33.3333%; height: 24px;\">9102978<\/td>\n<td style=\"width: 33.3333%; height: 24px;\">311315000<\/td>\n<\/tr>\n<tr style=\"height: 24px;\">\n<td style=\"width: 33.3333%; height: 24px;\"><a href=\"https:\/\/ship-tracker.org\/es\/harmony-of-the-seas\/\">Armon\u00eda de los mares<\/a><\/td>\n<td style=\"width: 33.3333%; height: 24px;\">9682875<\/td>\n<td style=\"width: 33.3333%; height: 24px;\">311000396<\/td>\n<\/tr>\n<tr style=\"height: 24px;\">\n<td style=\"width: 33.3333%; height: 24px;\"><a href=\"https:\/\/ship-tracker.org\/es\/independence-of-the-seas\/\">Independence of the Seas<\/a><\/td>\n<td style=\"width: 33.3333%; height: 24px;\">9349681<\/td>\n<td style=\"width: 33.3333%; height: 24px;\">309374000<\/td>\n<\/tr>\n<tr style=\"height: 24px;\">\n<td style=\"width: 33.3333%; height: 24px;\"><a href=\"https:\/\/ship-tracker.org\/es\/jewel-of-the-seas\/\">Jewel of the Seas<\/a><\/td>\n<td style=\"width: 33.3333%; height: 24px;\">9228356<\/td>\n<td style=\"width: 33.3333%; height: 24px;\">311583000<\/td>\n<\/tr>\n<tr style=\"height: 24px;\">\n<td style=\"width: 33.3333%; height: 24px;\"><a href=\"https:\/\/ship-tracker.org\/es\/liberty-of-the-seas\/\">Liberty of the Seas<\/a><\/td>\n<td style=\"width: 33.3333%; height: 24px;\">9330032<\/td>\n<td style=\"width: 33.3333%; height: 24px;\">309436000<\/td>\n<\/tr>\n<tr style=\"height: 24px;\">\n<td style=\"width: 33.3333%; height: 24px;\"><a href=\"https:\/\/ship-tracker.org\/es\/mariner-of-the-seas\/\">Mariner of the Seas<\/a><\/td>\n<td style=\"width: 33.3333%; height: 24px;\">9227510<\/td>\n<td style=\"width: 33.3333%; height: 24px;\">311493000<\/td>\n<\/tr>\n<tr style=\"height: 24px;\">\n<td style=\"width: 33.3333%; height: 24px;\"><a href=\"https:\/\/ship-tracker.org\/es\/navigator-of-the-seas\/\">Navigator of the Seas<\/a><\/td>\n<td style=\"width: 33.3333%; height: 24px;\">9227508<\/td>\n<td style=\"width: 33.3333%; height: 24px;\">311478000<\/td>\n<\/tr>\n<tr style=\"height: 24px;\">\n<td style=\"width: 33.3333%; height: 24px;\"><a href=\"https:\/\/ship-tracker.org\/es\/oasis-of-the-seas\/\">Oasis of the Seas<\/a><\/td>\n<td style=\"width: 33.3333%; height: 24px;\">9383936<\/td>\n<td style=\"width: 33.3333%; height: 24px;\">311020600<\/td>\n<\/tr>\n<tr style=\"height: 24px;\">\n<td style=\"width: 33.3333%; height: 24px;\"><a href=\"https:\/\/ship-tracker.org\/es\/ovation-of-the-seas\/\">Ovation of the Seas<\/a><\/td>\n<td style=\"width: 33.3333%; height: 24px;\">9697753<\/td>\n<td style=\"width: 33.3333%; height: 24px;\">311000397<\/td>\n<\/tr>\n<tr style=\"height: 24px;\">\n<td style=\"width: 33.3333%; height: 24px;\"><a href=\"https:\/\/ship-tracker.org\/es\/quantum-of-the-seas\/\">Quantum of the Seas<\/a><\/td>\n<td style=\"width: 33.3333%; height: 24px;\">9549463<\/td>\n<td style=\"width: 33.3333%; height: 24px;\">311000267<\/td>\n<\/tr>\n<tr style=\"height: 24px;\">\n<td style=\"width: 33.3333%; height: 24px;\"><a href=\"https:\/\/ship-tracker.org\/es\/radiance-of-the-seas\/\">Radiance of the Seas<\/a><\/td>\n<td style=\"width: 33.3333%; height: 24px;\">9195195<\/td>\n<td style=\"width: 33.3333%; height: 24px;\">311319000<\/td>\n<\/tr>\n<tr style=\"height: 24px;\">\n<td style=\"width: 33.3333%; height: 24px;\"><a href=\"https:\/\/ship-tracker.org\/es\/rhapsody-of-the-seas\/\">Rhapsody of the Seas<\/a><\/td>\n<td style=\"width: 33.3333%; height: 24px;\">9116864<\/td>\n<td style=\"width: 33.3333%; height: 24px;\">311805000<\/td>\n<\/tr>\n<tr style=\"height: 24px;\">\n<td style=\"width: 33.3333%; height: 24px;\"><a href=\"https:\/\/ship-tracker.org\/es\/serenade-of-the-seas\/\">Serenade of the Seas<\/a><\/td>\n<td style=\"width: 33.3333%; height: 24px;\">9228344<\/td>\n<td style=\"width: 33.3333%; height: 24px;\">311492000<\/td>\n<\/tr>\n<tr style=\"height: 24px;\">\n<td style=\"width: 33.3333%; height: 24px;\"><a href=\"https:\/\/ship-tracker.org\/es\/spectrum-of-the-seas\/\">Spectrum of the Seas<\/a><\/td>\n<td style=\"width: 33.3333%; height: 24px;\">9778856<\/td>\n<td style=\"width: 33.3333%; height: 24px;\">311000749<\/td>\n<\/tr>\n<tr style=\"height: 24px;\">\n<td style=\"width: 33.3333%; height: 24px;\"><a href=\"https:\/\/ship-tracker.org\/es\/symphony-of-the-seas\/\">Symphony of the Seas<\/a><\/td>\n<td style=\"width: 33.3333%; height: 24px;\">9744001<\/td>\n<td style=\"width: 33.3333%; height: 24px;\">311000660<\/td>\n<\/tr>\n<tr style=\"height: 24px;\">\n<td style=\"width: 33.3333%; height: 24px;\"><a href=\"https:\/\/ship-tracker.org\/es\/vision-of-the-seas\/\">Vision of the Seas<\/a><\/td>\n<td style=\"width: 33.3333%; height: 24px;\">9116876<\/td>\n<td style=\"width: 33.3333%; height: 24px;\">311321000<\/td>\n<\/tr>\n<tr style=\"height: 16px;\">\n<td style=\"width: 33.3333%; height: 16px;\"><a href=\"https:\/\/ship-tracker.org\/es\/voyager-of-the-seas\/\">Voyager of the Seas<\/a><\/td>\n<td style=\"width: 33.3333%; height: 16px;\">9161716<\/td>\n<td style=\"width: 33.3333%; height: 16px;\">311317000<\/td>\n<\/tr>\n<tr style=\"height: 24px;\">\n<td style=\"width: 33.3333%; height: 24px;\"><a href=\"https:\/\/ship-tracker.org\/es\/odyssey-of-the-seas\/\">Odyssey of the Seas<\/a><\/td>\n<td style=\"width: 33.3333%; height: 24px;\">9795737<\/td>\n<td style=\"width: 33.3333%; height: 24px;\">311000912<\/td>\n<\/tr>\n<tr style=\"height: 24px;\">\n<td style=\"width: 33.3333%; height: 24px;\"><a href=\"https:\/\/ship-tracker.org\/es\/wonder-of-the-seas\/\">Wonder Of The Seas<\/a><\/td>\n<td style=\"width: 33.3333%; height: 24px;\">9838345<\/td>\n<td style=\"width: 33.3333%; height: 24px;\">311001033<\/td>\n<\/tr>\n<tr style=\"height: 23px;\">\n<td style=\"width: 33.3333%; height: 23px;\"><a href=\"https:\/\/ship-tracker.org\/es\/icon-of-the-seas\/\">icono de los mares<\/a><\/td>\n<td style=\"width: 33.3333%; height: 23px;\">9829930<\/td>\n<td style=\"width: 33.3333%; height: 23px;\">311001178<\/td>\n<\/tr>\n<tr style=\"height: 23px;\">\n<td style=\"width: 33.3333%; height: 23px;\"><a href=\"https:\/\/ship-tracker.org\/es\/utopia-of-the-seas\/\">utop\u00eda de los mares<\/a><\/td>\n<td style=\"width: 33.3333%; height: 23px;\"><\/td>\n<td style=\"width: 33.3333%; height: 23px;\"><\/td>\n<\/tr>\n<\/tbody>\n<\/table>\n<h2>Sobre Royal Caribbean<\/h2>\n<p>Royal Caribbean International es una de las mayores marcas mundiales de cruceros, actualmente opera 20 barcos y dos m\u00e1s en construcci\u00f3n. Lo que distingue a Royal Caribbean de otras l\u00edneas de cruceros es nuestra filosof\u00eda: &quot;El cielo es el l\u00edmite&quot;. Nada es imposible para nuestra compa\u00f1\u00eda naviera. Prueba viviente de esto son las actividades a bordo, que van desde v\u00eda ferrata, simuladores de surf, telef\u00e9ricos, trampolines el\u00e1sticos, pistas de hielo hasta vuelos de reconocimiento en helic\u00f3ptero y nataci\u00f3n con rayas. Solo dices la palabra, \u00a1y nosotros lo hacemos posible!<\/p>\n<p>Nuestros barcos son perlas de clase innovadora que visitan casi todos los lugares de la tierra. Se realizan cruceros atractivos durante todo el a\u00f1o en el Caribe, el Mediterr\u00e1neo y en la Riviera mexicana. Los cruceros de temporada al norte de Europa, Am\u00e9rica del Sur, el Lejano Oriente y Australia tambi\u00e9n se reservan con gusto y frecuencia. Royal Caribbean International navega hacia las encantadoras Bahamas, la escarpada Alaska, M\u00e9xico, el Hawai tropical, Canad\u00e1 y Nueva Inglaterra, el legendario Panam\u00e1, la rica Europa y la ex\u00f3tica Asia.<\/p>\n<p>Royal Caribbean International es la elecci\u00f3n perfecta para familias, parejas e individuos de todas las edades que buscan unas vacaciones activas y una experiencia. El Gold Anchor Service es un popular programa de fidelizaci\u00f3n de Royal Caribbean International que recompensa a los miembros leales. Nuestros cruceros son como centros de ocio, complejos de entretenimiento, galer\u00edas de arte, varios restaurantes y balnearios en uno. Aqu\u00ed puede disfrutar de cocina gourmet, entretenimiento de primera clase y relajaci\u00f3n en amplias habitaciones y escalada en roca, todo bajo un mismo techo.<\/p>","protected":false},"excerpt":{"rendered":"<p>Ubicaci\u00f3n de la flota de Royal Caribbean Barcos, n\u00fameros IMO, MMSI, c\u00e1maras web \u00bfD\u00f3nde est\u00e1 actualmente la posici\u00f3n actual de la flota de Royal Caribbean? Barco OMI MMSI Adventure of the Seas 9167227 311263000 Allure of the Seas 9383948 311020700 Anthem of the Seas 9656101 311000274 Brilliance of the Seas 9195200 311361000 Enchantment of the Seas 9111802 31173 3000 Explorador del\u2026&nbsp;<a href=\"https:\/\/ship-tracker.org\/es\/royal-caribbean\/\" rel=\"bookmark\">Leer m\u00e1s &quot;<span class=\"screen-reader-text\">Royal Caribbean<\/span><\/a><\/p>","protected":false},"author":1,"featured_media":2063,"parent":0,"menu_order":0,"comment_status":"closed","ping_status":"closed","template":"","meta":{"neve_meta_sidebar":"","neve_meta_container":"","neve_meta_enable_content_width":"off","neve_meta_content_width":100,"neve_meta_title_alignment":"","neve_meta_author_avatar":"","neve_post_elements_order":"","neve_meta_disable_header":"","neve_meta_disable_footer":"","neve_meta_disable_title":"","neve_meta_reading_time":"","footnotes":""},"class_list":["post-2060","page","type-page","status-publish","has-post-thumbnail","hentry"],"yoast_head":"<!-- This site is optimized with the Yoast SEO plugin v26.9 - https:\/\/yoast.com\/product\/yoast-seo-wordpress\/ -->\n<title>Track Royal Caribbean Fleet | Cruise Ships | Marine Vessel<\/title>\n<meta name=\"description\" content=\"Royal Caribbean Fleet Location | Current Positions of Royal Caribbean Ships, IMO numbers, MMSI, Webcam | Live Fleet Maps | Live Ship Tracker\" \/>\n<meta name=\"robots\" content=\"index, follow, max-snippet:-1, max-image-preview:large, max-video-preview:-1\" \/>\n<link rel=\"canonical\" href=\"https:\/\/ship-tracker.org\/es\/royal-caribbean\/\" \/>\n<meta property=\"og:locale\" content=\"es_ES\" \/>\n<meta property=\"og:type\" content=\"article\" \/>\n<meta property=\"og:title\" content=\"Track Royal Caribbean Fleet | Cruise Ships | Marine Vessel\" \/>\n<meta property=\"og:description\" content=\"Royal Caribbean Fleet Location | Current Positions of Royal Caribbean Ships, IMO numbers, MMSI, Webcam | Live Fleet Maps | Live Ship Tracker\" \/>\n<meta property=\"og:url\" content=\"https:\/\/ship-tracker.org\/es\/royal-caribbean\/\" \/>\n<meta property=\"og:site_name\" content=\"Ship-tracker.org\" \/>\n<meta property=\"article:modified_time\" content=\"2023-08-13T00:47:17+00:00\" \/>\n<meta property=\"og:image\" content=\"https:\/\/ship-tracker.org\/wp-content\/uploads\/2020\/04\/rcl-web.jpg\" \/>\n\t<meta property=\"og:image:width\" content=\"1000\" \/>\n\t<meta property=\"og:image:height\" content=\"682\" \/>\n\t<meta property=\"og:image:type\" content=\"image\/jpeg\" \/>\n<meta name=\"twitter:card\" content=\"summary_large_image\" \/>\n<meta name=\"twitter:label1\" content=\"Tiempo de lectura\" \/>\n\t<meta name=\"twitter:data1\" content=\"2 minutos\" \/>\n<script type=\"application\/ld+json\" class=\"yoast-schema-graph\">{\"@context\":\"https:\/\/schema.org\",\"@graph\":[{\"@type\":\"WebPage\",\"@id\":\"https:\/\/ship-tracker.org\/royal-caribbean\/\",\"url\":\"https:\/\/ship-tracker.org\/royal-caribbean\/\",\"name\":\"Track Royal Caribbean Fleet | Cruise Ships | Marine Vessel\",\"isPartOf\":{\"@id\":\"https:\/\/ship-tracker.org\/#website\"},\"primaryImageOfPage\":{\"@id\":\"https:\/\/ship-tracker.org\/royal-caribbean\/#primaryimage\"},\"image\":{\"@id\":\"https:\/\/ship-tracker.org\/royal-caribbean\/#primaryimage\"},\"thumbnailUrl\":\"https:\/\/ship-tracker.org\/wp-content\/uploads\/2020\/04\/rcl-web.jpg\",\"datePublished\":\"2020-04-29T12:15:55+00:00\",\"dateModified\":\"2023-08-13T00:47:17+00:00\",\"description\":\"Royal Caribbean Fleet Location | Current Positions of Royal Caribbean Ships, IMO numbers, MMSI, Webcam | Live Fleet Maps | Live Ship Tracker\",\"breadcrumb\":{\"@id\":\"https:\/\/ship-tracker.org\/royal-caribbean\/#breadcrumb\"},\"inLanguage\":\"es\",\"potentialAction\":[{\"@type\":\"ReadAction\",\"target\":[\"https:\/\/ship-tracker.org\/royal-caribbean\/\"]}]},{\"@type\":\"ImageObject\",\"inLanguage\":\"es\",\"@id\":\"https:\/\/ship-tracker.org\/royal-caribbean\/#primaryimage\",\"url\":\"https:\/\/ship-tracker.org\/wp-content\/uploads\/2020\/04\/rcl-web.jpg\",\"contentUrl\":\"https:\/\/ship-tracker.org\/wp-content\/uploads\/2020\/04\/rcl-web.jpg\",\"width\":1000,\"height\":682,\"caption\":\"Royal Caribbean\"},{\"@type\":\"BreadcrumbList\",\"@id\":\"https:\/\/ship-tracker.org\/royal-caribbean\/#breadcrumb\",\"itemListElement\":[{\"@type\":\"ListItem\",\"position\":1,\"name\":\"Startseite\",\"item\":\"https:\/\/ship-tracker.org\/\"},{\"@type\":\"ListItem\",\"position\":2,\"name\":\"Royal Caribbean\"}]},{\"@type\":\"WebSite\",\"@id\":\"https:\/\/ship-tracker.org\/#website\",\"url\":\"https:\/\/ship-tracker.org\/\",\"name\":\"Ship-tracker.org\",\"description\":\"\",\"potentialAction\":[{\"@type\":\"SearchAction\",\"target\":{\"@type\":\"EntryPoint\",\"urlTemplate\":\"https:\/\/ship-tracker.org\/?s={search_term_string}\"},\"query-input\":{\"@type\":\"PropertyValueSpecification\",\"valueRequired\":true,\"valueName\":\"search_term_string\"}}],\"inLanguage\":\"es\"}]}<\/script>\n<!-- \/ Yoast SEO plugin. -->","yoast_head_json":{"title":"Seguir la flota de Royal Caribbean | Cruceros | Buque marino","description":"Ubicaci\u00f3n de la flota de Royal Caribbean | Posiciones actuales de los barcos de Royal Caribbean, n\u00fameros de la OMI, MMSI, Webcam | Mapas de flotas en vivo | Rastreador de barcos en vivo","robots":{"index":"index","follow":"follow","max-snippet":"max-snippet:-1","max-image-preview":"max-image-preview:large","max-video-preview":"max-video-preview:-1"},"canonical":"https:\/\/ship-tracker.org\/es\/royal-caribbean\/","og_locale":"es_ES","og_type":"article","og_title":"Track Royal Caribbean Fleet | Cruise Ships | Marine Vessel","og_description":"Royal Caribbean Fleet Location | Current Positions of Royal Caribbean Ships, IMO numbers, MMSI, Webcam | Live Fleet Maps | Live Ship Tracker","og_url":"https:\/\/ship-tracker.org\/es\/royal-caribbean\/","og_site_name":"Ship-tracker.org","article_modified_time":"2023-08-13T00:47:17+00:00","og_image":[{"width":1000,"height":682,"url":"https:\/\/ship-tracker.org\/wp-content\/uploads\/2020\/04\/rcl-web.jpg","type":"image\/jpeg"}],"twitter_card":"summary_large_image","twitter_misc":{"Tiempo de lectura":"2 minutos"},"schema":{"@context":"https:\/\/schema.org","@graph":[{"@type":"WebPage","@id":"https:\/\/ship-tracker.org\/royal-caribbean\/","url":"https:\/\/ship-tracker.org\/royal-caribbean\/","name":"Seguir la flota de Royal Caribbean | Cruceros | Buque marino","isPartOf":{"@id":"https:\/\/ship-tracker.org\/#website"},"primaryImageOfPage":{"@id":"https:\/\/ship-tracker.org\/royal-caribbean\/#primaryimage"},"image":{"@id":"https:\/\/ship-tracker.org\/royal-caribbean\/#primaryimage"},"thumbnailUrl":"https:\/\/ship-tracker.org\/wp-content\/uploads\/2020\/04\/rcl-web.jpg","datePublished":"2020-04-29T12:15:55+00:00","dateModified":"2023-08-13T00:47:17+00:00","description":"Ubicaci\u00f3n de la flota de Royal Caribbean | Posiciones actuales de los barcos de Royal Caribbean, n\u00fameros de la OMI, MMSI, Webcam | Mapas de flotas en vivo | Rastreador de barcos en vivo","breadcrumb":{"@id":"https:\/\/ship-tracker.org\/royal-caribbean\/#breadcrumb"},"inLanguage":"es","potentialAction":[{"@type":"ReadAction","target":["https:\/\/ship-tracker.org\/royal-caribbean\/"]}]},{"@type":"ImageObject","inLanguage":"es","@id":"https:\/\/ship-tracker.org\/royal-caribbean\/#primaryimage","url":"https:\/\/ship-tracker.org\/wp-content\/uploads\/2020\/04\/rcl-web.jpg","contentUrl":"https:\/\/ship-tracker.org\/wp-content\/uploads\/2020\/04\/rcl-web.jpg","width":1000,"height":682,"caption":"Royal Caribbean"},{"@type":"BreadcrumbList","@id":"https:\/\/ship-tracker.org\/royal-caribbean\/#breadcrumb","itemListElement":[{"@type":"ListItem","position":1,"name":"Startseite","item":"https:\/\/ship-tracker.org\/"},{"@type":"ListItem","position":2,"name":"Royal Caribbean"}]},{"@type":"WebSite","@id":"https:\/\/ship-tracker.org\/#website","url":"https:\/\/ship-tracker.org\/","name":"Ship-tracker.org","description":"","potentialAction":[{"@type":"SearchAction","target":{"@type":"EntryPoint","urlTemplate":"https:\/\/ship-tracker.org\/?s={search_term_string}"},"query-input":{"@type":"PropertyValueSpecification","valueRequired":true,"valueName":"search_term_string"}}],"inLanguage":"es"}]}},"_links":{"self":[{"href":"https:\/\/ship-tracker.org\/es\/wp-json\/wp\/v2\/pages\/2060","targetHints":{"allow":["GET"]}}],"collection":[{"href":"https:\/\/ship-tracker.org\/es\/wp-json\/wp\/v2\/pages"}],"about":[{"href":"https:\/\/ship-tracker.org\/es\/wp-json\/wp\/v2\/types\/page"}],"author":[{"embeddable":true,"href":"https:\/\/ship-tracker.org\/es\/wp-json\/wp\/v2\/users\/1"}],"replies":[{"embeddable":true,"href":"https:\/\/ship-tracker.org\/es\/wp-json\/wp\/v2\/comments?post=2060"}],"version-history":[{"count":10,"href":"https:\/\/ship-tracker.org\/es\/wp-json\/wp\/v2\/pages\/2060\/revisions"}],"predecessor-version":[{"id":2952,"href":"https:\/\/ship-tracker.org\/es\/wp-json\/wp\/v2\/pages\/2060\/revisions\/2952"}],"wp:featuredmedia":[{"embeddable":true,"href":"https:\/\/ship-tracker.org\/es\/wp-json\/wp\/v2\/media\/2063"}],"wp:attachment":[{"href":"https:\/\/ship-tracker.org\/es\/wp-json\/wp\/v2\/media?parent=2060"}],"curies":[{"name":"wp","href":"https:\/\/api.w.org\/{rel}","templated":true}]}}