{"id":2056,"date":"2020-04-29T14:29:44","date_gmt":"2020-04-29T12:29:44","guid":{"rendered":"https:\/\/ship-tracker.org\/?page_id=2056"},"modified":"2022-10-27T16:00:27","modified_gmt":"2022-10-27T14:00:27","slug":"hurtigruten","status":"publish","type":"page","link":"https:\/\/ship-tracker.org\/es\/hurtigruten\/","title":{"rendered":"Hurtigruten"},"content":{"rendered":"<h2>Ubicaci\u00f3n de la flota de Hurtigruten Naves, n\u00fameros IMO, MMSI, c\u00e1maras web<\/h2>\n<p>\u00bfD\u00f3nde est\u00e1 actualmente la posici\u00f3n de la flota de Hurtigruten?<\/p>\n<table style=\"border-collapse: collapse; width: 100%; height: 384px;\">\n<tbody>\n<tr style=\"height: 24px;\">\n<td style=\"width: 33.3333%; height: 24px;\"><span style=\"color: #1f405b;\"><strong>Embarcacion<\/strong><\/span><\/td>\n<td style=\"width: 33.3333%; height: 24px;\"><span style=\"color: #1f405b;\"><strong>OMI<\/strong><\/span><\/td>\n<td style=\"width: 33.3333%; height: 24px;\"><span style=\"color: #1f405b;\"><strong>MMSI<\/strong><\/span><\/td>\n<\/tr>\n<tr style=\"height: 24px;\">\n<td style=\"width: 33.3333%; height: 24px;\"><a href=\"https:\/\/ship-tracker.org\/es\/ms-lofoten\/\">MS Lofoten<\/a><\/td>\n<td style=\"width: 33.3333%; height: 24px;\">5424562<\/td>\n<td style=\"width: 33.3333%; height: 24px;\">258477000<\/td>\n<\/tr>\n<tr style=\"height: 24px;\">\n<td style=\"width: 33.3333%; height: 24px;\"><a href=\"https:\/\/ship-tracker.org\/es\/ms-fridtjof-nansen\/\">MS Fridtjof Nansen<\/a><\/td>\n<td style=\"width: 33.3333%; height: 24px;\">9813084<\/td>\n<td style=\"width: 33.3333%; height: 24px;\">257088070<\/td>\n<\/tr>\n<tr style=\"height: 24px;\">\n<td style=\"width: 33.3333%; height: 24px;\"><a href=\"https:\/\/ship-tracker.org\/es\/ms-roald-amundsen\/\">MS Roald Amundsen<\/a><\/td>\n<td style=\"width: 33.3333%; height: 24px;\">9813072<\/td>\n<td style=\"width: 33.3333%; height: 24px;\">257425000<\/td>\n<\/tr>\n<tr style=\"height: 24px;\">\n<td style=\"width: 33.3333%; height: 24px;\"><a href=\"https:\/\/ship-tracker.org\/es\/ms-spitsbergen\/\">MS Spitsbergen<\/a><\/td>\n<td style=\"width: 33.3333%; height: 24px;\">9434060<\/td>\n<td style=\"width: 33.3333%; height: 24px;\">258157000<\/td>\n<\/tr>\n<tr style=\"height: 24px;\">\n<td style=\"width: 33.3333%; height: 24px;\"><a href=\"https:\/\/ship-tracker.org\/es\/ms-fram\/\">MS Fram<\/a><\/td>\n<td style=\"width: 33.3333%; height: 24px;\">9370018<\/td>\n<td style=\"width: 33.3333%; height: 24px;\">258932000<\/td>\n<\/tr>\n<tr style=\"height: 24px;\">\n<td style=\"width: 33.3333%; height: 24px;\"><a href=\"https:\/\/ship-tracker.org\/es\/ms-midnatsol\/\">MS Midnatsol<\/a><\/td>\n<td style=\"width: 33.3333%; height: 24px;\">9247728<\/td>\n<td style=\"width: 33.3333%; height: 24px;\">258595000<\/td>\n<\/tr>\n<tr style=\"height: 24px;\">\n<td style=\"width: 33.3333%; height: 24px;\"><a href=\"https:\/\/ship-tracker.org\/es\/ms-trollfjord\/\">MS Trollfjord<\/a><\/td>\n<td style=\"width: 33.3333%; height: 24px;\">9233258<\/td>\n<td style=\"width: 33.3333%; height: 24px;\">258465000<\/td>\n<\/tr>\n<tr style=\"height: 24px;\">\n<td style=\"width: 33.3333%; height: 24px;\"><a href=\"https:\/\/ship-tracker.org\/es\/ms-nordnorge\/\">MS Nordnorge<\/a><\/td>\n<td style=\"width: 33.3333%; height: 24px;\">9107784<\/td>\n<td style=\"width: 33.3333%; height: 24px;\">259371000<\/td>\n<\/tr>\n<tr style=\"height: 24px;\">\n<td style=\"width: 33.3333%; height: 24px;\"><a href=\"https:\/\/ship-tracker.org\/es\/ms-polarlys\/\">MS Polarlys<\/a><\/td>\n<td style=\"width: 33.3333%; height: 24px;\">9107796<\/td>\n<td style=\"width: 33.3333%; height: 24px;\">259322000<\/td>\n<\/tr>\n<tr style=\"height: 24px;\">\n<td style=\"width: 33.3333%; height: 24px;\"><a href=\"https:\/\/ship-tracker.org\/es\/ms-nordkapp\/\">MS Nordkapp<\/a><\/td>\n<td style=\"width: 33.3333%; height: 24px;\">9107772<\/td>\n<td style=\"width: 33.3333%; height: 24px;\">259330000<\/td>\n<\/tr>\n<tr style=\"height: 24px;\">\n<td style=\"width: 33.3333%; height: 24px;\"><a href=\"https:\/\/ship-tracker.org\/es\/ms-nordlys\/\">MS Nordlys<\/a><\/td>\n<td style=\"width: 33.3333%; height: 24px;\">9048914<\/td>\n<td style=\"width: 33.3333%; height: 24px;\">259139000<\/td>\n<\/tr>\n<tr style=\"height: 24px;\">\n<td style=\"width: 33.3333%; height: 24px;\"><a href=\"https:\/\/ship-tracker.org\/es\/ms-richard-with\/\">MS Richard With<\/a><\/td>\n<td style=\"width: 33.3333%; height: 24px;\">9040429<\/td>\n<td style=\"width: 33.3333%; height: 24px;\">258500000<\/td>\n<\/tr>\n<tr style=\"height: 24px;\">\n<td style=\"width: 33.3333%; height: 24px;\"><a href=\"https:\/\/ship-tracker.org\/es\/ms-kong-harald\/\">MS Kong Harald<\/a><\/td>\n<td style=\"width: 33.3333%; height: 24px;\">9039119<\/td>\n<td style=\"width: 33.3333%; height: 24px;\">257200000<\/td>\n<\/tr>\n<tr style=\"height: 24px;\">\n<td style=\"width: 33.3333%; height: 24px;\"><a href=\"https:\/\/ship-tracker.org\/es\/ms-vesteralen\/\">MS Vesteralen<\/a><\/td>\n<td style=\"width: 33.3333%; height: 24px;\">8019368<\/td>\n<td style=\"width: 33.3333%; height: 24px;\">258478000<\/td>\n<\/tr>\n<tr style=\"height: 24px;\">\n<td style=\"width: 33.3333%; height: 24px;\"><a href=\"https:\/\/ship-tracker.org\/es\/ms-lofoten\/\">MS Lofoten<\/a><\/td>\n<td style=\"width: 33.3333%; height: 24px;\">5424562<\/td>\n<td style=\"width: 33.3333%; height: 24px;\">258477000<\/td>\n<\/tr>\n<\/tbody>\n<\/table>\n<h2>Sobre Hurtigruten<\/h2>\n<p>Hurtigruten es una de las pocas compa\u00f1\u00edas navieras que te lleva al cuento de hadas de los fiordos noruegos y el Cabo Norte durante todo el a\u00f1o. Ciertos barcos del Hurtigruten ofrecen la posibilidad de transportar personas y autom\u00f3viles desde el sur hasta el extremo norte de Noruega y al mismo tiempo ofrecen toda la comodidad que espera en un crucero. Adem\u00e1s de las l\u00edneas navieras regulares y los cruceros a lo largo de la costa noruega, nuestras rutas incluyen algunos de los programas de cruceros m\u00e1s interesantes a las partes m\u00e1s distantes del mundo, como Svalbard, Islandia, Groenlandia y la Ant\u00e1rtida. Hurtigruten se describe como el &quot;crucero m\u00e1s bello del mundo&quot;. Si esta descripci\u00f3n es cierta, debe averiguarlo usted mismo.<\/p>\n<p>\u00a1Hurtigruten es una experiencia especial! El crucero comienza en la antigua ciudad hanse\u00e1tica de Bergen y sube a Kirkenes, cerca de la frontera con Rusia, y luego de regreso a Bergen. Un viaje por mar de 12 d\u00edas, durante el cual se visitan no menos de 34 puertos en el viaje de ida. En el viaje de regreso, volver\u00e1n a aparecer los mismos puertos, pero usted llegar\u00e1 a los puertos durante el d\u00eda, mientras que el viaje de ida tendr\u00e1 lugar por la noche. Se organizan excursiones desde diferentes puertos.<\/p>\n<p>Cada barco tiene su propio car\u00e1cter y est\u00e1 equipado con todas las comodidades y comodidades modernas para garantizar un viaje agradable. Hay 4 tipos diferentes de barcos. Puede elegir entre varios tipos de caba\u00f1as, con m\u00e1s o menos lujo, pero experimentar\u00e1 la misma calidad en todos los barcos en todas partes. Para que pueda disfrutar de deliciosos buffets y comidas en cada barco del Hurtigruten: carne y pescado, fr\u00edo y c\u00e1lido.<\/p>\n<p>&nbsp;<\/p>","protected":false},"excerpt":{"rendered":"<p>Ubicaci\u00f3n de la flota Hurtigruten Barcos, n\u00fameros IMO, MMSI, c\u00e1maras web \u00bfD\u00f3nde est\u00e1 actualmente la posici\u00f3n actual de la flota Hurtigruten? Barco OMI MMSI MS Lofoten 5424562 258477000 MS Fridtjof Nansen 9813084 257088070 MS Roald Amundsen 9813072 257425000 MS Spitsbergen 9434060 258157000 MS Fram 9370018 258932000 Midnatsol 9247728 258595000 MS Trollfjord 9233258 258465000 MS Nordnorge 9107784 259371000 MS\u2026&nbsp;<a href=\"https:\/\/ship-tracker.org\/es\/hurtigruten\/\" rel=\"bookmark\">Leer m\u00e1s &quot;<span class=\"screen-reader-text\">Hurtigruten<\/span><\/a><\/p>","protected":false},"author":1,"featured_media":2057,"parent":0,"menu_order":0,"comment_status":"closed","ping_status":"closed","template":"","meta":{"neve_meta_sidebar":"","neve_meta_container":"","neve_meta_enable_content_width":"","neve_meta_content_width":0,"neve_meta_title_alignment":"","neve_meta_author_avatar":"","neve_post_elements_order":"","neve_meta_disable_header":"","neve_meta_disable_footer":"","neve_meta_disable_title":"","neve_meta_reading_time":"","footnotes":""},"class_list":["post-2056","page","type-page","status-publish","has-post-thumbnail","hentry"],"yoast_head":"<!-- This site is optimized with the Yoast SEO plugin v26.9 - https:\/\/yoast.com\/product\/yoast-seo-wordpress\/ -->\n<title>Track Hurtigruten Fleet | Cruise Ships | Marine Vessel<\/title>\n<meta name=\"description\" content=\"Hurtigruten Fleet Location | Current Positions of Hurtigruten Ships, IMO numbers, MMSI, Webcam | Live Fleet Maps | Live Ship Tracker\" \/>\n<meta name=\"robots\" content=\"index, follow, max-snippet:-1, max-image-preview:large, max-video-preview:-1\" \/>\n<link rel=\"canonical\" href=\"https:\/\/ship-tracker.org\/es\/hurtigruten\/\" \/>\n<meta property=\"og:locale\" content=\"es_ES\" \/>\n<meta property=\"og:type\" content=\"article\" \/>\n<meta property=\"og:title\" content=\"Track Hurtigruten Fleet | Cruise Ships | Marine Vessel\" \/>\n<meta property=\"og:description\" content=\"Hurtigruten Fleet Location | Current Positions of Hurtigruten Ships, IMO numbers, MMSI, Webcam | Live Fleet Maps | Live Ship Tracker\" \/>\n<meta property=\"og:url\" content=\"https:\/\/ship-tracker.org\/es\/hurtigruten\/\" \/>\n<meta property=\"og:site_name\" content=\"Ship-tracker.org\" \/>\n<meta property=\"article:modified_time\" content=\"2022-10-27T14:00:27+00:00\" \/>\n<meta property=\"og:image\" content=\"https:\/\/ship-tracker.org\/wp-content\/uploads\/2020\/04\/hurtigruten-web.jpg\" \/>\n\t<meta property=\"og:image:width\" content=\"1000\" \/>\n\t<meta property=\"og:image:height\" content=\"682\" \/>\n\t<meta property=\"og:image:type\" content=\"image\/jpeg\" \/>\n<meta name=\"twitter:card\" content=\"summary_large_image\" \/>\n<meta name=\"twitter:label1\" content=\"Tiempo de lectura\" \/>\n\t<meta name=\"twitter:data1\" content=\"2 minutos\" \/>\n<script type=\"application\/ld+json\" class=\"yoast-schema-graph\">{\"@context\":\"https:\/\/schema.org\",\"@graph\":[{\"@type\":\"WebPage\",\"@id\":\"https:\/\/ship-tracker.org\/hurtigruten\/\",\"url\":\"https:\/\/ship-tracker.org\/hurtigruten\/\",\"name\":\"Track Hurtigruten Fleet | Cruise Ships | Marine Vessel\",\"isPartOf\":{\"@id\":\"https:\/\/ship-tracker.org\/#website\"},\"primaryImageOfPage\":{\"@id\":\"https:\/\/ship-tracker.org\/hurtigruten\/#primaryimage\"},\"image\":{\"@id\":\"https:\/\/ship-tracker.org\/hurtigruten\/#primaryimage\"},\"thumbnailUrl\":\"https:\/\/ship-tracker.org\/wp-content\/uploads\/2020\/04\/hurtigruten-web.jpg\",\"datePublished\":\"2020-04-29T12:29:44+00:00\",\"dateModified\":\"2022-10-27T14:00:27+00:00\",\"description\":\"Hurtigruten Fleet Location | Current Positions of Hurtigruten Ships, IMO numbers, MMSI, Webcam | Live Fleet Maps | Live Ship Tracker\",\"breadcrumb\":{\"@id\":\"https:\/\/ship-tracker.org\/hurtigruten\/#breadcrumb\"},\"inLanguage\":\"es\",\"potentialAction\":[{\"@type\":\"ReadAction\",\"target\":[\"https:\/\/ship-tracker.org\/hurtigruten\/\"]}]},{\"@type\":\"ImageObject\",\"inLanguage\":\"es\",\"@id\":\"https:\/\/ship-tracker.org\/hurtigruten\/#primaryimage\",\"url\":\"https:\/\/ship-tracker.org\/wp-content\/uploads\/2020\/04\/hurtigruten-web.jpg\",\"contentUrl\":\"https:\/\/ship-tracker.org\/wp-content\/uploads\/2020\/04\/hurtigruten-web.jpg\",\"width\":1000,\"height\":682,\"caption\":\"Hurtigruten\"},{\"@type\":\"BreadcrumbList\",\"@id\":\"https:\/\/ship-tracker.org\/hurtigruten\/#breadcrumb\",\"itemListElement\":[{\"@type\":\"ListItem\",\"position\":1,\"name\":\"Startseite\",\"item\":\"https:\/\/ship-tracker.org\/\"},{\"@type\":\"ListItem\",\"position\":2,\"name\":\"Hurtigruten\"}]},{\"@type\":\"WebSite\",\"@id\":\"https:\/\/ship-tracker.org\/#website\",\"url\":\"https:\/\/ship-tracker.org\/\",\"name\":\"Ship-tracker.org\",\"description\":\"\",\"potentialAction\":[{\"@type\":\"SearchAction\",\"target\":{\"@type\":\"EntryPoint\",\"urlTemplate\":\"https:\/\/ship-tracker.org\/?s={search_term_string}\"},\"query-input\":{\"@type\":\"PropertyValueSpecification\",\"valueRequired\":true,\"valueName\":\"search_term_string\"}}],\"inLanguage\":\"es\"}]}<\/script>\n<!-- \/ Yoast SEO plugin. -->","yoast_head_json":{"title":"Pista Hurtigruten Flota | Cruceros | Embarcaci\u00f3n marina","description":"Ubicaci\u00f3n de la flota de Hurtigruten | Posiciones actuales de barcos Hurtigruten, n\u00fameros IMO, MMSI, c\u00e1mara web | Mapas de flota en vivo | Rastreador de barcos en vivo","robots":{"index":"index","follow":"follow","max-snippet":"max-snippet:-1","max-image-preview":"max-image-preview:large","max-video-preview":"max-video-preview:-1"},"canonical":"https:\/\/ship-tracker.org\/es\/hurtigruten\/","og_locale":"es_ES","og_type":"article","og_title":"Track Hurtigruten Fleet | Cruise Ships | Marine Vessel","og_description":"Hurtigruten Fleet Location | Current Positions of Hurtigruten Ships, IMO numbers, MMSI, Webcam | Live Fleet Maps | Live Ship Tracker","og_url":"https:\/\/ship-tracker.org\/es\/hurtigruten\/","og_site_name":"Ship-tracker.org","article_modified_time":"2022-10-27T14:00:27+00:00","og_image":[{"width":1000,"height":682,"url":"https:\/\/ship-tracker.org\/wp-content\/uploads\/2020\/04\/hurtigruten-web.jpg","type":"image\/jpeg"}],"twitter_card":"summary_large_image","twitter_misc":{"Tiempo de lectura":"2 minutos"},"schema":{"@context":"https:\/\/schema.org","@graph":[{"@type":"WebPage","@id":"https:\/\/ship-tracker.org\/hurtigruten\/","url":"https:\/\/ship-tracker.org\/hurtigruten\/","name":"Pista Hurtigruten Flota | Cruceros | Embarcaci\u00f3n marina","isPartOf":{"@id":"https:\/\/ship-tracker.org\/#website"},"primaryImageOfPage":{"@id":"https:\/\/ship-tracker.org\/hurtigruten\/#primaryimage"},"image":{"@id":"https:\/\/ship-tracker.org\/hurtigruten\/#primaryimage"},"thumbnailUrl":"https:\/\/ship-tracker.org\/wp-content\/uploads\/2020\/04\/hurtigruten-web.jpg","datePublished":"2020-04-29T12:29:44+00:00","dateModified":"2022-10-27T14:00:27+00:00","description":"Ubicaci\u00f3n de la flota de Hurtigruten | Posiciones actuales de barcos Hurtigruten, n\u00fameros IMO, MMSI, c\u00e1mara web | Mapas de flota en vivo | Rastreador de barcos en vivo","breadcrumb":{"@id":"https:\/\/ship-tracker.org\/hurtigruten\/#breadcrumb"},"inLanguage":"es","potentialAction":[{"@type":"ReadAction","target":["https:\/\/ship-tracker.org\/hurtigruten\/"]}]},{"@type":"ImageObject","inLanguage":"es","@id":"https:\/\/ship-tracker.org\/hurtigruten\/#primaryimage","url":"https:\/\/ship-tracker.org\/wp-content\/uploads\/2020\/04\/hurtigruten-web.jpg","contentUrl":"https:\/\/ship-tracker.org\/wp-content\/uploads\/2020\/04\/hurtigruten-web.jpg","width":1000,"height":682,"caption":"Hurtigruten"},{"@type":"BreadcrumbList","@id":"https:\/\/ship-tracker.org\/hurtigruten\/#breadcrumb","itemListElement":[{"@type":"ListItem","position":1,"name":"Startseite","item":"https:\/\/ship-tracker.org\/"},{"@type":"ListItem","position":2,"name":"Hurtigruten"}]},{"@type":"WebSite","@id":"https:\/\/ship-tracker.org\/#website","url":"https:\/\/ship-tracker.org\/","name":"Ship-tracker.org","description":"","potentialAction":[{"@type":"SearchAction","target":{"@type":"EntryPoint","urlTemplate":"https:\/\/ship-tracker.org\/?s={search_term_string}"},"query-input":{"@type":"PropertyValueSpecification","valueRequired":true,"valueName":"search_term_string"}}],"inLanguage":"es"}]}},"_links":{"self":[{"href":"https:\/\/ship-tracker.org\/es\/wp-json\/wp\/v2\/pages\/2056","targetHints":{"allow":["GET"]}}],"collection":[{"href":"https:\/\/ship-tracker.org\/es\/wp-json\/wp\/v2\/pages"}],"about":[{"href":"https:\/\/ship-tracker.org\/es\/wp-json\/wp\/v2\/types\/page"}],"author":[{"embeddable":true,"href":"https:\/\/ship-tracker.org\/es\/wp-json\/wp\/v2\/users\/1"}],"replies":[{"embeddable":true,"href":"https:\/\/ship-tracker.org\/es\/wp-json\/wp\/v2\/comments?post=2056"}],"version-history":[{"count":5,"href":"https:\/\/ship-tracker.org\/es\/wp-json\/wp\/v2\/pages\/2056\/revisions"}],"predecessor-version":[{"id":2475,"href":"https:\/\/ship-tracker.org\/es\/wp-json\/wp\/v2\/pages\/2056\/revisions\/2475"}],"wp:featuredmedia":[{"embeddable":true,"href":"https:\/\/ship-tracker.org\/es\/wp-json\/wp\/v2\/media\/2057"}],"wp:attachment":[{"href":"https:\/\/ship-tracker.org\/es\/wp-json\/wp\/v2\/media?parent=2056"}],"curies":[{"name":"wp","href":"https:\/\/api.w.org\/{rel}","templated":true}]}}