{"id":1839,"date":"2020-02-14T14:23:24","date_gmt":"2020-02-14T13:23:24","guid":{"rendered":"https:\/\/ship-tracker.org\/?page_id=1839"},"modified":"2023-06-03T12:28:15","modified_gmt":"2023-06-03T10:28:15","slug":"discovery-princess","status":"publish","type":"page","link":"https:\/\/ship-tracker.org\/es\/discovery-princess\/","title":{"rendered":"Discovery Princess"},"content":{"rendered":"<p><script async src=\"https:\/\/pagead2.googlesyndication.com\/pagead\/js\/adsbygoogle.js\"><\/script><br \/>\n<!-- Ship-Tracker Display --><br \/>\n<ins class=\"adsbygoogle\" style=\"display: block;\" data-ad-client=\"ca-pub-1316785063791781\" data-ad-slot=\"8075999632\" data-ad-format=\"auto\" data-full-width-responsive=\"true\"><\/ins><br \/>\n<script>\n     (adsbygoogle = window.adsbygoogle || []).push({});\n<\/script><\/p>\n<h2><span style=\"color: #000000;\">Ubicaci\u00f3n actual y <\/span><span style=\"color: #000000;\">posici\u00f3n de la princesa del descubrimiento<\/span><\/h2>\n<p>\u00bfD\u00f3nde est\u00e1 la posici\u00f3n actual de Discovery Princess actualmente?<br \/>\n<script async src=\"https:\/\/pagead2.googlesyndication.com\/pagead\/js\/adsbygoogle.js\"><\/script><br \/>\n<!-- Schip-Tracker Linkanzeigen --><br \/>\n<ins class=\"adsbygoogle\" style=\"display: block;\" data-ad-client=\"ca-pub-1316785063791781\" data-ad-slot=\"3429004156\" data-ad-format=\"link\" data-full-width-responsive=\"true\"><\/ins><br \/>\n<script>\n     (adsbygoogle = window.adsbygoogle || []).push({});\n<\/script><br \/>\n<script type=\"text\/javascript\">\n  var width=\"100%\";var height=\"400\";\n  var mmsi=310812000;\n<\/script><script type=\"text\/javascript\" src=\"https:\/\/www.vesselfinder.com\/aismap.js\"><\/script><br \/>\n<script async src=\"https:\/\/pagead2.googlesyndication.com\/pagead\/js\/adsbygoogle.js\"><\/script><br \/>\n<!-- Ship-Tracker Display --><br \/>\n<ins class=\"adsbygoogle\" style=\"display: block;\" data-ad-client=\"ca-pub-1316785063791781\" data-ad-slot=\"8075999632\" data-ad-format=\"auto\" data-full-width-responsive=\"true\"><\/ins><br \/>\n<script>\n     (adsbygoogle = window.adsbygoogle || []).push({});\n<\/script><br \/>\nVer Discovery Princess ubicaci\u00f3n actual. La posici\u00f3n de Discovery Princess se puede determinar con precisi\u00f3n mediante los mapas de VesselFinder y MarineTraffic. Por lo tanto, siempre est\u00e1 bien informado, d\u00f3nde se encuentra su barco favorito actualmente.<\/p>\n<h2 class=\"title\"><span style=\"color: #000000;\">Revisi\u00f3n y especificaciones de Discovery Princess<\/span><\/h2>\n<table class=\"responsive\">\n<tbody>\n<tr>\n<td style=\"width: 192px;\"><span style=\"color: #000000;\"><strong>Estado del pabell\u00f3n<\/strong><\/span><\/td>\n<td style=\"width: 192px;\"><span style=\"color: #000000;\">pr\u00f3ximamente<\/span><\/td>\n<\/tr>\n<tr>\n<td style=\"width: 192px;\"><span style=\"color: #000000;\"><strong>A\u00f1o de construcci\u00f3n<\/strong><\/span><\/td>\n<td style=\"width: 192px;\"><span style=\"color: #000000;\">2021<\/span><\/td>\n<\/tr>\n<tr>\n<td style=\"width: 192px;\"><span style=\"color: #000000;\"><strong>Constructor<\/strong><\/span><\/td>\n<td style=\"width: 192px;\"><span style=\"color: #000000;\">Fincantieri<\/span><\/td>\n<\/tr>\n<tr>\n<td style=\"width: 192px;\"><span style=\"color: #000000;\"><strong>Longitud<\/strong><\/span><\/td>\n<td style=\"width: 192px;\"><span style=\"color: #000000;\"><span class=\"specificationUnit\">330 m<\/span><\/span><\/td>\n<\/tr>\n<tr>\n<td style=\"width: 192px;\"><span style=\"color: #000000;\"><strong>Haz<\/strong><\/span><\/td>\n<td style=\"width: 192px;\"><span style=\"color: #000000;\"><span class=\"specificationUnit\">47 m<\/span><\/span><\/td>\n<\/tr>\n<tr>\n<td style=\"width: 192px;\"><span style=\"color: #000000;\"><strong>Arqueo bruto<\/strong><\/span><\/td>\n<td style=\"width: 192px;\"><span style=\"color: #000000;\">143700<span class=\"specificationUnit\">\u00a0gt<\/span><\/span><\/td>\n<\/tr>\n<tr>\n<td style=\"width: 192px;\"><span style=\"color: #000000;\"><strong>Pasajeros<\/strong><\/span><\/td>\n<td style=\"width: 192px;\"><span style=\"color: #000000;\">4402<\/span><\/td>\n<\/tr>\n<tr>\n<td style=\"width: 192px;\"><span style=\"color: #000000;\"><strong>Personal<\/strong><\/span><\/td>\n<td style=\"width: 192px;\"><span style=\"color: #000000;\">1350<\/span><\/td>\n<\/tr>\n<tr>\n<td style=\"width: 192px;\"><span style=\"color: #000000;\"><strong>Cubiertas<\/strong>\u00a0<\/span><\/td>\n<td style=\"width: 192px;\"><span style=\"color: #000000;\">18<\/span><\/td>\n<\/tr>\n<tr>\n<td style=\"width: 192px;\"><span style=\"color: #000000;\"><strong>Velocidad<\/strong><\/span><\/td>\n<td style=\"width: 192px;\"><span style=\"color: #000000;\">23<span class=\"specificationUnit\">\u00a0kn<\/span><\/span><\/td>\n<\/tr>\n<tr>\n<td style=\"width: 192px;\"><span style=\"color: #000000;\"><strong><b>Puerto de registro<\/b><\/strong><\/span><\/td>\n<td style=\"width: 192px;\"><span style=\"color: #000000;\">pr\u00f3ximamente<\/span><\/td>\n<\/tr>\n<tr>\n<td style=\"width: 192px;\"><span style=\"color: #000000;\"><strong><b>Propulsi\u00f3n<\/b><\/strong><\/span><\/td>\n<td style=\"width: 192px;\"><span style=\"color: #000000;\">Diesel-el\u00e9ctrico<\/span><\/td>\n<\/tr>\n<tr>\n<td style=\"width: 192px;\"><span style=\"color: #000000;\"><strong><b>Propietario<\/b><\/strong><\/span><\/td>\n<td style=\"width: 192px;\"><a href=\"https:\/\/www.princess.com\/\" target=\"_blank\" rel=\"noopener noreferrer\">Princess Cruises<\/a><\/td>\n<\/tr>\n<\/tbody>\n<\/table>\n<p><script async src=\"https:\/\/pagead2.googlesyndication.com\/pagead\/js\/adsbygoogle.js\"><\/script><br \/>\n<!-- Schip-Tracker Linkanzeigen --><br \/>\n<ins class=\"adsbygoogle\" style=\"display: block;\" data-ad-client=\"ca-pub-1316785063791781\" data-ad-slot=\"3429004156\" data-ad-format=\"link\" data-full-width-responsive=\"true\"><\/ins><br \/>\n<script>\n     (adsbygoogle = window.adsbygoogle || []).push({});\n<\/script><br \/>\n<img loading=\"lazy\" decoding=\"async\" class=\"aligncenter wp-image-746 size-full\" src=\"https:\/\/ship-tracker.org\/wp-content\/uploads\/2019\/03\/cruise-ship-615116_640-1.jpg\" alt=\"Discovery Princess\" width=\"640\" height=\"357\" srcset=\"https:\/\/ship-tracker.org\/wp-content\/uploads\/2019\/03\/cruise-ship-615116_640-1.jpg 640w, https:\/\/ship-tracker.org\/wp-content\/uploads\/2019\/03\/cruise-ship-615116_640-1-300x167.jpg 300w\" sizes=\"auto, (max-width: 640px) 100vw, 640px\" \/><\/p>\n<h3 class=\"title\">Flota Princess Cruises<\/h3>\n<ul>\n<li><a href=\"https:\/\/ship-tracker.org\/es\/enchanted-princess\/\">Enchanted Princess<\/a><\/li>\n<li><a href=\"https:\/\/ship-tracker.org\/es\/sky-princess\/\">Sky Princess<\/a><\/li>\n<li><a href=\"https:\/\/ship-tracker.org\/es\/majestic-princess\/\">Majestic Princess<\/a><\/li>\n<li><a href=\"https:\/\/ship-tracker.org\/es\/regal-princess\/\">Regal Princess<\/a><\/li>\n<li><a href=\"https:\/\/ship-tracker.org\/es\/royal-princess\/\">Royal Princess<\/a><\/li>\n<li><a href=\"https:\/\/ship-tracker.org\/es\/ruby-princess\/\">Ruby Princess<\/a><\/li>\n<li><a href=\"https:\/\/ship-tracker.org\/es\/emerald-princess\/\">Emerald Princess<\/a><\/li>\n<li><a href=\"https:\/\/ship-tracker.org\/es\/crown-princess\/\">Crown Princess<\/a><\/li>\n<li><a href=\"https:\/\/ship-tracker.org\/es\/diamond-princess\/\">Diamond Princess<\/a><\/li>\n<li><a href=\"https:\/\/ship-tracker.org\/es\/caribbean-princess\/\">Caribbean Princess<\/a><\/li>\n<li><a href=\"https:\/\/ship-tracker.org\/es\/sapphire-princess\/\">Sapphire Princess<\/a><\/li>\n<li><a href=\"https:\/\/ship-tracker.org\/es\/island-princess\/\">Island Princess<\/a><\/li>\n<li><a href=\"https:\/\/ship-tracker.org\/es\/coral-princess\/\">Coral Princess<\/a><\/li>\n<li><a href=\"https:\/\/ship-tracker.org\/es\/star-princess\/\">Star Princess<\/a><\/li>\n<li><a href=\"https:\/\/ship-tracker.org\/es\/pacific-princess\/\">Pacific Princess<\/a><\/li>\n<li><a href=\"https:\/\/ship-tracker.org\/es\/sea-princess\/\">Sea Princess<\/a><\/li>\n<li><a href=\"https:\/\/ship-tracker.org\/es\/grand-princess\/\">Grand Princess<\/a><\/li>\n<li><a href=\"https:\/\/ship-tracker.org\/es\/sun-princess\/\">Sun Princess<\/a><\/li>\n<\/ul>\n<h3 class=\"title\"><span style=\"color: #000000;\">Discovery Princess Video<\/span><\/h3>\n<div class=\"su-youtube su-u-responsive-media-yes\"><iframe loading=\"lazy\" width=\"600\" height=\"400\" src=\"https:\/\/www.youtube.com\/embed\/mrlS5WqHS-A?\" frameborder=\"0\" allowfullscreen allow=\"autoplay; encrypted-media; picture-in-picture\" title=\"\"><\/iframe><\/div>\n<div id=\"gtx-trans\" style=\"position: absolute; left: 19px; top: 1482.78px;\">\n<div class=\"gtx-trans-icon\"><\/div>\n<\/div>","protected":false},"excerpt":{"rendered":"<p>Ubicaci\u00f3n actual del Discovery Princess. \u00bfD\u00f3nde se encuentra actualmente el Discovery Princess? Consulte la ubicaci\u00f3n actual del Discovery Princess. La ubicaci\u00f3n del Discovery Princess se puede determinar con precisi\u00f3n mediante los mapas de VesselFinder y MarineTraffic. As\u00ed, siempre estar\u00e1 bien informado de la ubicaci\u00f3n de su barco favorito. Rese\u00f1a y especificaciones del Discovery Princess.&nbsp;<a href=\"https:\/\/ship-tracker.org\/es\/discovery-princess\/\" rel=\"bookmark\">Leer m\u00e1s &quot;<span class=\"screen-reader-text\">Discovery Princess<\/span><\/a><\/p>","protected":false},"author":1,"featured_media":0,"parent":0,"menu_order":0,"comment_status":"closed","ping_status":"closed","template":"","meta":{"neve_meta_sidebar":"","neve_meta_container":"","neve_meta_enable_content_width":"","neve_meta_content_width":0,"neve_meta_title_alignment":"","neve_meta_author_avatar":"","neve_post_elements_order":"","neve_meta_disable_header":"","neve_meta_disable_footer":"","neve_meta_disable_title":"","neve_meta_reading_time":"","footnotes":""},"class_list":["post-1839","page","type-page","status-publish","hentry"],"yoast_head":"<!-- This site is optimized with the Yoast SEO plugin v26.9 - https:\/\/yoast.com\/product\/yoast-seo-wordpress\/ -->\n<title>Discovery Princess \u2503 Current location and position of Princess Cruises<\/title>\n<meta name=\"description\" content=\"ll\u2b50\u27a4 Discovery Princess \u2693 \u2705 Current location and position of Discovery Princess \u2705 Cruise Ship Tracker \u2705 Live Ship Tracker \u2705 Review and Specifications\u250312. abril 2026 \u2503\" \/>\n<meta name=\"robots\" content=\"index, follow, max-snippet:-1, max-image-preview:large, max-video-preview:-1\" \/>\n<link rel=\"canonical\" href=\"https:\/\/ship-tracker.org\/es\/discovery-princess\/\" \/>\n<meta property=\"og:locale\" content=\"es_ES\" \/>\n<meta property=\"og:type\" content=\"article\" \/>\n<meta property=\"og:title\" content=\"Discovery Princess \u2503 Current location and position of Princess Cruises\" \/>\n<meta property=\"og:description\" content=\"ll\u2b50\u27a4 Discovery Princess \u2693 \u2705 Current location and position of Discovery Princess \u2705 Cruise Ship Tracker \u2705 Live Ship Tracker \u2705 Review and Specifications\u250312. abril 2026 \u2503\" \/>\n<meta property=\"og:url\" content=\"https:\/\/ship-tracker.org\/es\/discovery-princess\/\" \/>\n<meta property=\"og:site_name\" content=\"Ship-tracker.org\" \/>\n<meta property=\"article:modified_time\" content=\"2023-06-03T10:28:15+00:00\" \/>\n<meta property=\"og:image\" content=\"https:\/\/ship-tracker.org\/wp-content\/uploads\/2019\/03\/cruise-ship-615116_640-1.jpg\" \/>\n<meta name=\"twitter:card\" content=\"summary_large_image\" \/>\n<meta name=\"twitter:label1\" content=\"Tiempo de lectura\" \/>\n\t<meta name=\"twitter:data1\" content=\"1 minuto\" \/>\n<script type=\"application\/ld+json\" class=\"yoast-schema-graph\">{\"@context\":\"https:\/\/schema.org\",\"@graph\":[{\"@type\":\"WebPage\",\"@id\":\"https:\/\/ship-tracker.org\/discovery-princess\/\",\"url\":\"https:\/\/ship-tracker.org\/discovery-princess\/\",\"name\":\"Discovery Princess \u2503 Current location and position of Princess Cruises\",\"isPartOf\":{\"@id\":\"https:\/\/ship-tracker.org\/#website\"},\"primaryImageOfPage\":{\"@id\":\"https:\/\/ship-tracker.org\/discovery-princess\/#primaryimage\"},\"image\":{\"@id\":\"https:\/\/ship-tracker.org\/discovery-princess\/#primaryimage\"},\"thumbnailUrl\":\"https:\/\/ship-tracker.org\/wp-content\/uploads\/2019\/03\/cruise-ship-615116_640-1.jpg\",\"datePublished\":\"2020-02-14T13:23:24+00:00\",\"dateModified\":\"2023-06-03T10:28:15+00:00\",\"description\":\"ll\u2b50\u27a4 Discovery Princess \u2693 \u2705 Current location and position of Discovery Princess \u2705 Cruise Ship Tracker \u2705 Live Ship Tracker \u2705 Review and Specifications\u250312. abril 2026 \u2503\",\"breadcrumb\":{\"@id\":\"https:\/\/ship-tracker.org\/discovery-princess\/#breadcrumb\"},\"inLanguage\":\"es\",\"potentialAction\":[{\"@type\":\"ReadAction\",\"target\":[\"https:\/\/ship-tracker.org\/discovery-princess\/\"]}]},{\"@type\":\"ImageObject\",\"inLanguage\":\"es\",\"@id\":\"https:\/\/ship-tracker.org\/discovery-princess\/#primaryimage\",\"url\":\"https:\/\/ship-tracker.org\/wp-content\/uploads\/2019\/03\/cruise-ship-615116_640-1.jpg\",\"contentUrl\":\"https:\/\/ship-tracker.org\/wp-content\/uploads\/2019\/03\/cruise-ship-615116_640-1.jpg\"},{\"@type\":\"BreadcrumbList\",\"@id\":\"https:\/\/ship-tracker.org\/discovery-princess\/#breadcrumb\",\"itemListElement\":[{\"@type\":\"ListItem\",\"position\":1,\"name\":\"Startseite\",\"item\":\"https:\/\/ship-tracker.org\/\"},{\"@type\":\"ListItem\",\"position\":2,\"name\":\"Discovery Princess\"}]},{\"@type\":\"WebSite\",\"@id\":\"https:\/\/ship-tracker.org\/#website\",\"url\":\"https:\/\/ship-tracker.org\/\",\"name\":\"Ship-tracker.org\",\"description\":\"\",\"potentialAction\":[{\"@type\":\"SearchAction\",\"target\":{\"@type\":\"EntryPoint\",\"urlTemplate\":\"https:\/\/ship-tracker.org\/?s={search_term_string}\"},\"query-input\":{\"@type\":\"PropertyValueSpecification\",\"valueRequired\":true,\"valueName\":\"search_term_string\"}}],\"inLanguage\":\"es\"}]}<\/script>\n<!-- \/ Yoast SEO plugin. -->","yoast_head_json":{"title":"Discovery Princess \u2503 Ubicaci\u00f3n actual y posici\u00f3n de Princess Cruises","description":"ll\u2b50\u27a4 Discovery Princess \u2693 \u2705 Current location and position of Discovery Princess \u2705 Cruise Ship Tracker \u2705 Live Ship Tracker \u2705 Review and Specifications\u250312. abril 2026 \u2503","robots":{"index":"index","follow":"follow","max-snippet":"max-snippet:-1","max-image-preview":"max-image-preview:large","max-video-preview":"max-video-preview:-1"},"canonical":"https:\/\/ship-tracker.org\/es\/discovery-princess\/","og_locale":"es_ES","og_type":"article","og_title":"Discovery Princess \u2503 Current location and position of Princess Cruises","og_description":"ll\u2b50\u27a4 Discovery Princess \u2693 \u2705 Current location and position of Discovery Princess \u2705 Cruise Ship Tracker \u2705 Live Ship Tracker \u2705 Review and Specifications\u250312. abril 2026 \u2503","og_url":"https:\/\/ship-tracker.org\/es\/discovery-princess\/","og_site_name":"Ship-tracker.org","article_modified_time":"2023-06-03T10:28:15+00:00","og_image":[{"url":"https:\/\/ship-tracker.org\/wp-content\/uploads\/2019\/03\/cruise-ship-615116_640-1.jpg","type":"","width":"","height":""}],"twitter_card":"summary_large_image","twitter_misc":{"Tiempo de lectura":"1 minuto"},"schema":{"@context":"https:\/\/schema.org","@graph":[{"@type":"WebPage","@id":"https:\/\/ship-tracker.org\/discovery-princess\/","url":"https:\/\/ship-tracker.org\/discovery-princess\/","name":"Discovery Princess \u2503 Ubicaci\u00f3n actual y posici\u00f3n de Princess Cruises","isPartOf":{"@id":"https:\/\/ship-tracker.org\/#website"},"primaryImageOfPage":{"@id":"https:\/\/ship-tracker.org\/discovery-princess\/#primaryimage"},"image":{"@id":"https:\/\/ship-tracker.org\/discovery-princess\/#primaryimage"},"thumbnailUrl":"https:\/\/ship-tracker.org\/wp-content\/uploads\/2019\/03\/cruise-ship-615116_640-1.jpg","datePublished":"2020-02-14T13:23:24+00:00","dateModified":"2023-06-03T10:28:15+00:00","description":"ll\u2b50\u27a4 Discovery Princess \u2693 \u2705 Current location and position of Discovery Princess \u2705 Cruise Ship Tracker \u2705 Live Ship Tracker \u2705 Review and Specifications\u250312. abril 2026 \u2503","breadcrumb":{"@id":"https:\/\/ship-tracker.org\/discovery-princess\/#breadcrumb"},"inLanguage":"es","potentialAction":[{"@type":"ReadAction","target":["https:\/\/ship-tracker.org\/discovery-princess\/"]}]},{"@type":"ImageObject","inLanguage":"es","@id":"https:\/\/ship-tracker.org\/discovery-princess\/#primaryimage","url":"https:\/\/ship-tracker.org\/wp-content\/uploads\/2019\/03\/cruise-ship-615116_640-1.jpg","contentUrl":"https:\/\/ship-tracker.org\/wp-content\/uploads\/2019\/03\/cruise-ship-615116_640-1.jpg"},{"@type":"BreadcrumbList","@id":"https:\/\/ship-tracker.org\/discovery-princess\/#breadcrumb","itemListElement":[{"@type":"ListItem","position":1,"name":"Startseite","item":"https:\/\/ship-tracker.org\/"},{"@type":"ListItem","position":2,"name":"Discovery Princess"}]},{"@type":"WebSite","@id":"https:\/\/ship-tracker.org\/#website","url":"https:\/\/ship-tracker.org\/","name":"Ship-tracker.org","description":"","potentialAction":[{"@type":"SearchAction","target":{"@type":"EntryPoint","urlTemplate":"https:\/\/ship-tracker.org\/?s={search_term_string}"},"query-input":{"@type":"PropertyValueSpecification","valueRequired":true,"valueName":"search_term_string"}}],"inLanguage":"es"}]}},"_links":{"self":[{"href":"https:\/\/ship-tracker.org\/es\/wp-json\/wp\/v2\/pages\/1839","targetHints":{"allow":["GET"]}}],"collection":[{"href":"https:\/\/ship-tracker.org\/es\/wp-json\/wp\/v2\/pages"}],"about":[{"href":"https:\/\/ship-tracker.org\/es\/wp-json\/wp\/v2\/types\/page"}],"author":[{"embeddable":true,"href":"https:\/\/ship-tracker.org\/es\/wp-json\/wp\/v2\/users\/1"}],"replies":[{"embeddable":true,"href":"https:\/\/ship-tracker.org\/es\/wp-json\/wp\/v2\/comments?post=1839"}],"version-history":[{"count":3,"href":"https:\/\/ship-tracker.org\/es\/wp-json\/wp\/v2\/pages\/1839\/revisions"}],"predecessor-version":[{"id":3574,"href":"https:\/\/ship-tracker.org\/es\/wp-json\/wp\/v2\/pages\/1839\/revisions\/3574"}],"wp:attachment":[{"href":"https:\/\/ship-tracker.org\/es\/wp-json\/wp\/v2\/media?parent=1839"}],"curies":[{"name":"wp","href":"https:\/\/api.w.org\/{rel}","templated":true}]}}