{"id":1689,"date":"2020-02-14T11:43:52","date_gmt":"2020-02-14T10:43:52","guid":{"rendered":"https:\/\/ship-tracker.org\/?page_id=1689"},"modified":"2022-10-27T13:16:03","modified_gmt":"2022-10-27T11:16:03","slug":"star-pride","status":"publish","type":"page","link":"https:\/\/ship-tracker.org\/es\/star-pride\/","title":{"rendered":"Star Pride"},"content":{"rendered":"<p><script async src=\"https:\/\/pagead2.googlesyndication.com\/pagead\/js\/adsbygoogle.js\"><\/script><br \/>\n<!-- Ship-Tracker Display --><br \/>\n<ins class=\"adsbygoogle\" style=\"display: block;\" data-ad-client=\"ca-pub-1316785063791781\" data-ad-slot=\"8075999632\" data-ad-format=\"auto\" data-full-width-responsive=\"true\"><\/ins><br \/>\n<script>\n     (adsbygoogle = window.adsbygoogle || []).push({});\n<\/script><\/p>\n<h2><span style=\"color: #000000;\">Ubicaci\u00f3n actual y <\/span><span style=\"color: #000000;\">posici\u00f3n de Star Pride<\/span><\/h2>\n<p>\u00bfD\u00f3nde est\u00e1 la posici\u00f3n actual de Star Pride actualmente?<br \/>\n<script async src=\"https:\/\/pagead2.googlesyndication.com\/pagead\/js\/adsbygoogle.js\"><\/script><br \/>\n<!-- Schip-Tracker Linkanzeigen --><br \/>\n<ins class=\"adsbygoogle\" style=\"display: block;\" data-ad-client=\"ca-pub-1316785063791781\" data-ad-slot=\"3429004156\" data-ad-format=\"link\" data-full-width-responsive=\"true\"><\/ins><br \/>\n<script>\n     (adsbygoogle = window.adsbygoogle || []).push({});\n<\/script><br \/>\n<script type=\"text\/javascript\">  var width=\"100%\";var height=\"400\";  var mmsi=311084000;<\/script><script type=\"text\/javascript\" src=\"https:\/\/www.vesselfinder.com\/aismap.js\"><\/script><br \/>\n<script async src=\"https:\/\/pagead2.googlesyndication.com\/pagead\/js\/adsbygoogle.js\"><\/script><br \/>\n<!-- Ship-Tracker Display --><br \/>\n<ins class=\"adsbygoogle\" style=\"display: block;\" data-ad-client=\"ca-pub-1316785063791781\" data-ad-slot=\"8075999632\" data-ad-format=\"auto\" data-full-width-responsive=\"true\"><\/ins><br \/>\n<script>\n     (adsbygoogle = window.adsbygoogle || []).push({});\n<\/script><\/p>\n<p>Ver la ubicaci\u00f3n actual de Star Pride. La posici\u00f3n de Star Pride se puede determinar con precisi\u00f3n mediante los mapas de VesselFinder y MarineTraffic. Para que siempre est\u00e9 bien informado, d\u00f3nde se encuentra actualmente su barco favorito.<\/p>\n<h2 class=\"title\"><span style=\"color: #000000;\">Revisi\u00f3n y especificaciones de Star Pride<\/span><\/h2>\n<table style=\"height: 296px;\" width=\"400\">\n<tbody>\n<tr>\n<td style=\"width: 192px;\"><span style=\"color: #000000;\"><strong>Estado del pabell\u00f3n<\/strong><\/span><\/td>\n<td style=\"width: 192px;\"><span style=\"color: #000000;\">Bahamas<\/span><\/td>\n<\/tr>\n<tr>\n<td style=\"width: 192px;\"><span style=\"color: #000000;\"><strong>A\u00f1o de construcci\u00f3n<\/strong><\/span><\/td>\n<td style=\"width: 192px;\"><span style=\"color: #000000;\">1988<\/span><\/td>\n<\/tr>\n<tr>\n<td style=\"width: 192px;\"><span style=\"color: #000000;\"><strong>Constructor<\/strong><\/span><\/td>\n<td style=\"width: 192px;\"><span style=\"color: #000000;\">Schichau Seebeckwerft<\/span><\/td>\n<\/tr>\n<tr>\n<td style=\"width: 192px;\"><span style=\"color: #000000;\"><strong>Longitud<\/strong><\/span><\/td>\n<td style=\"width: 192px;\"><span style=\"color: #000000;\">159<span class=\"specificationUnit\">\u00a0metro<\/span><\/span><\/td>\n<\/tr>\n<tr>\n<td style=\"width: 192px;\"><span style=\"color: #000000;\"><strong>Haz<\/strong><\/span><\/td>\n<td style=\"width: 192px;\"><span style=\"color: #000000;\"><span class=\"specificationUnit\">19 m<\/span><\/span><\/td>\n<\/tr>\n<tr>\n<td style=\"width: 192px;\"><span style=\"color: #000000;\"><strong>Arqueo bruto<\/strong><\/span><\/td>\n<td style=\"width: 192px;\">\n<div class=\"col-md-6 specificationTable pull-left\"><span style=\"color: #000000;\">12995<span class=\"specificationUnit\">\u00a0gt<\/span><\/span><\/div>\n<div class=\"col-sm-6 specificationTable pull-right\"><span style=\"color: #000000;\">\u00a0<\/span><\/div>\n<\/td>\n<\/tr>\n<tr>\n<td style=\"width: 192px;\"><span style=\"color: #000000;\"><strong>Pasajeros<\/strong><\/span><\/td>\n<td style=\"width: 192px;\"><span style=\"color: #000000;\">312<\/span><\/td>\n<\/tr>\n<tr>\n<td style=\"width: 192px;\"><span style=\"color: #000000;\"><strong>Personal<\/strong><\/span><\/td>\n<td style=\"width: 192px;\"><span style=\"color: #000000;\">190<\/span><\/td>\n<\/tr>\n<tr>\n<td style=\"width: 192px;\"><span style=\"color: #000000;\"><strong>Cubiertas<\/strong>\u00a0<\/span><\/td>\n<td style=\"width: 192px;\"><span style=\"color: #000000;\">8<\/span><\/td>\n<\/tr>\n<tr>\n<td style=\"width: 192px;\"><span style=\"color: #000000;\"><strong>Velocidad<\/strong><\/span><\/td>\n<td style=\"width: 192px;\"><span style=\"color: #000000;\">15<span class=\"specificationUnit\">\u00a0kn<\/span><\/span><\/td>\n<\/tr>\n<tr>\n<td style=\"width: 192px;\"><span style=\"color: #000000;\"><strong><b>Propietario<\/b><\/strong><\/span><\/td>\n<td style=\"width: 192px;\"><a href=\"https:\/\/ship-tracker.org\/es\/windstar-cruises\/\">Windstar Cruises<\/a><\/td>\n<\/tr>\n<\/tbody>\n<\/table>\n<figure id=\"attachment_1690\" aria-describedby=\"caption-attachment-1690\" style=\"width: 1024px\" class=\"wp-caption aligncenter\"><img loading=\"lazy\" decoding=\"async\" class=\"wp-image-1690 size-full\" src=\"https:\/\/ship-tracker.org\/wp-content\/uploads\/2020\/02\/Star-Pride-1024x293-1.jpg\" alt=\"Star Pride\" width=\"1024\" height=\"293\" srcset=\"https:\/\/ship-tracker.org\/wp-content\/uploads\/2020\/02\/Star-Pride-1024x293-1.jpg 1024w, https:\/\/ship-tracker.org\/wp-content\/uploads\/2020\/02\/Star-Pride-1024x293-1-300x86.jpg 300w, https:\/\/ship-tracker.org\/wp-content\/uploads\/2020\/02\/Star-Pride-1024x293-1-768x220.jpg 768w\" sizes=\"auto, (max-width: 1024px) 100vw, 1024px\" \/><figcaption id=\"caption-attachment-1690\" class=\"wp-caption-text\">\u00a9 Windstar Cruises<\/figcaption><\/figure>\n<h3 class=\"title\">Flota Windstar<\/h3>\n<ul>\n<li><a href=\"https:\/\/ship-tracker.org\/es\/star-legend\/\">Star Legend<\/a><\/li>\n<li><a href=\"https:\/\/ship-tracker.org\/es\/wind-surf\/\">Wind Surf<\/a><\/li>\n<li><a href=\"https:\/\/ship-tracker.org\/es\/star-breeze\/\">Star Breeze<\/a><\/li>\n<li><a href=\"https:\/\/ship-tracker.org\/es\/wind-spirit\/\">Wind Spirit<\/a><\/li>\n<li><a href=\"https:\/\/ship-tracker.org\/es\/wind-star\/\">Wind Star<\/a><\/li>\n<\/ul>\n<p><script async src=\"https:\/\/pagead2.googlesyndication.com\/pagead\/js\/adsbygoogle.js\"><\/script><br \/>\n<!-- Schip-Tracker Linkanzeigen --><br \/>\n<ins class=\"adsbygoogle\" style=\"display: block;\" data-ad-client=\"ca-pub-1316785063791781\" data-ad-slot=\"3429004156\" data-ad-format=\"link\" data-full-width-responsive=\"true\"><\/ins><br \/>\n<script>\n     (adsbygoogle = window.adsbygoogle || []).push({});\n<\/script><\/p>\n<h4><span style=\"color: #000000;\">Video de Star Pride<\/span><\/h4>\n<div class=\"su-youtube su-u-responsive-media-yes\"><iframe loading=\"lazy\" width=\"600\" height=\"400\" src=\"https:\/\/www.youtube.com\/embed\/31GzNU-sOFA?\" frameborder=\"0\" allowfullscreen allow=\"autoplay; encrypted-media; picture-in-picture\" title=\"\"><\/iframe><\/div>","protected":false},"excerpt":{"rendered":"<p>Ubicaci\u00f3n actual del Star Pride. \u00bfD\u00f3nde se encuentra actualmente el Star Pride? Consulta la ubicaci\u00f3n actual del Star Pride. La ubicaci\u00f3n del Star Pride se puede determinar con precisi\u00f3n mediante los mapas de VesselFinder y MarineTraffic. As\u00ed, siempre estar\u00e1s al tanto de la ubicaci\u00f3n de tu barco favorito. Rese\u00f1a y especificaciones del Star Pride. Bandera\u2026&nbsp;<a href=\"https:\/\/ship-tracker.org\/es\/star-pride\/\" rel=\"bookmark\">Leer m\u00e1s &quot;<span class=\"screen-reader-text\">Star Pride<\/span><\/a><\/p>","protected":false},"author":1,"featured_media":0,"parent":0,"menu_order":0,"comment_status":"closed","ping_status":"closed","template":"","meta":{"neve_meta_sidebar":"","neve_meta_container":"","neve_meta_enable_content_width":"","neve_meta_content_width":0,"neve_meta_title_alignment":"","neve_meta_author_avatar":"","neve_post_elements_order":"","neve_meta_disable_header":"","neve_meta_disable_footer":"","neve_meta_disable_title":"","neve_meta_reading_time":"","footnotes":""},"class_list":["post-1689","page","type-page","status-publish","hentry"],"yoast_head":"<!-- This site is optimized with the Yoast SEO plugin v26.9 - https:\/\/yoast.com\/product\/yoast-seo-wordpress\/ -->\n<title>Star Pride \u2503 Current location and position of Wind Spirit<\/title>\n<meta name=\"description\" content=\"Star Pride \u2693 Current location and position of Star Pride \u2713 Cruise Ship Tracker \u2713 Live Ship Tracker \u2713 Review and Specifications\" \/>\n<meta name=\"robots\" content=\"index, follow, max-snippet:-1, max-image-preview:large, max-video-preview:-1\" \/>\n<link rel=\"canonical\" href=\"https:\/\/ship-tracker.org\/es\/star-pride\/\" \/>\n<meta property=\"og:locale\" content=\"es_ES\" \/>\n<meta property=\"og:type\" content=\"article\" \/>\n<meta property=\"og:title\" content=\"Star Pride \u2503 Current location and position of Wind Spirit\" \/>\n<meta property=\"og:description\" content=\"Star Pride \u2693 Current location and position of Star Pride \u2713 Cruise Ship Tracker \u2713 Live Ship Tracker \u2713 Review and Specifications\" \/>\n<meta property=\"og:url\" content=\"https:\/\/ship-tracker.org\/es\/star-pride\/\" \/>\n<meta property=\"og:site_name\" content=\"Ship-tracker.org\" \/>\n<meta property=\"article:modified_time\" content=\"2022-10-27T11:16:03+00:00\" \/>\n<meta property=\"og:image\" content=\"https:\/\/ship-tracker.org\/wp-content\/uploads\/2020\/02\/Star-Pride-1024x293-1.jpg\" \/>\n<meta name=\"twitter:card\" content=\"summary_large_image\" \/>\n<meta name=\"twitter:label1\" content=\"Tiempo de lectura\" \/>\n\t<meta name=\"twitter:data1\" content=\"1 minuto\" \/>\n<script type=\"application\/ld+json\" class=\"yoast-schema-graph\">{\"@context\":\"https:\/\/schema.org\",\"@graph\":[{\"@type\":\"WebPage\",\"@id\":\"https:\/\/ship-tracker.org\/star-pride\/\",\"url\":\"https:\/\/ship-tracker.org\/star-pride\/\",\"name\":\"Star Pride \u2503 Current location and position of Wind Spirit\",\"isPartOf\":{\"@id\":\"https:\/\/ship-tracker.org\/#website\"},\"primaryImageOfPage\":{\"@id\":\"https:\/\/ship-tracker.org\/star-pride\/#primaryimage\"},\"image\":{\"@id\":\"https:\/\/ship-tracker.org\/star-pride\/#primaryimage\"},\"thumbnailUrl\":\"https:\/\/ship-tracker.org\/wp-content\/uploads\/2020\/02\/Star-Pride-1024x293-1.jpg\",\"datePublished\":\"2020-02-14T10:43:52+00:00\",\"dateModified\":\"2022-10-27T11:16:03+00:00\",\"description\":\"Star Pride \u2693 Current location and position of Star Pride \u2713 Cruise Ship Tracker \u2713 Live Ship Tracker \u2713 Review and Specifications\",\"breadcrumb\":{\"@id\":\"https:\/\/ship-tracker.org\/star-pride\/#breadcrumb\"},\"inLanguage\":\"es\",\"potentialAction\":[{\"@type\":\"ReadAction\",\"target\":[\"https:\/\/ship-tracker.org\/star-pride\/\"]}]},{\"@type\":\"ImageObject\",\"inLanguage\":\"es\",\"@id\":\"https:\/\/ship-tracker.org\/star-pride\/#primaryimage\",\"url\":\"https:\/\/ship-tracker.org\/wp-content\/uploads\/2020\/02\/Star-Pride-1024x293-1.jpg\",\"contentUrl\":\"https:\/\/ship-tracker.org\/wp-content\/uploads\/2020\/02\/Star-Pride-1024x293-1.jpg\"},{\"@type\":\"BreadcrumbList\",\"@id\":\"https:\/\/ship-tracker.org\/star-pride\/#breadcrumb\",\"itemListElement\":[{\"@type\":\"ListItem\",\"position\":1,\"name\":\"Startseite\",\"item\":\"https:\/\/ship-tracker.org\/\"},{\"@type\":\"ListItem\",\"position\":2,\"name\":\"Star Pride\"}]},{\"@type\":\"WebSite\",\"@id\":\"https:\/\/ship-tracker.org\/#website\",\"url\":\"https:\/\/ship-tracker.org\/\",\"name\":\"Ship-tracker.org\",\"description\":\"\",\"potentialAction\":[{\"@type\":\"SearchAction\",\"target\":{\"@type\":\"EntryPoint\",\"urlTemplate\":\"https:\/\/ship-tracker.org\/?s={search_term_string}\"},\"query-input\":{\"@type\":\"PropertyValueSpecification\",\"valueRequired\":true,\"valueName\":\"search_term_string\"}}],\"inLanguage\":\"es\"}]}<\/script>\n<!-- \/ Yoast SEO plugin. -->","yoast_head_json":{"title":"Star Pride \u2503 Ubicaci\u00f3n actual y posici\u00f3n de Wind Spirit","description":"Star Pride \u2693 Ubicaci\u00f3n actual y posici\u00f3n de Star Pride \u2713 Rastreador de cruceros \u2713 Rastreador de barcos en vivo \u2713 Revisi\u00f3n y especificaciones","robots":{"index":"index","follow":"follow","max-snippet":"max-snippet:-1","max-image-preview":"max-image-preview:large","max-video-preview":"max-video-preview:-1"},"canonical":"https:\/\/ship-tracker.org\/es\/star-pride\/","og_locale":"es_ES","og_type":"article","og_title":"Star Pride \u2503 Current location and position of Wind Spirit","og_description":"Star Pride \u2693 Current location and position of Star Pride \u2713 Cruise Ship Tracker \u2713 Live Ship Tracker \u2713 Review and Specifications","og_url":"https:\/\/ship-tracker.org\/es\/star-pride\/","og_site_name":"Ship-tracker.org","article_modified_time":"2022-10-27T11:16:03+00:00","og_image":[{"url":"https:\/\/ship-tracker.org\/wp-content\/uploads\/2020\/02\/Star-Pride-1024x293-1.jpg","type":"","width":"","height":""}],"twitter_card":"summary_large_image","twitter_misc":{"Tiempo de lectura":"1 minuto"},"schema":{"@context":"https:\/\/schema.org","@graph":[{"@type":"WebPage","@id":"https:\/\/ship-tracker.org\/star-pride\/","url":"https:\/\/ship-tracker.org\/star-pride\/","name":"Star Pride \u2503 Ubicaci\u00f3n actual y posici\u00f3n de Wind Spirit","isPartOf":{"@id":"https:\/\/ship-tracker.org\/#website"},"primaryImageOfPage":{"@id":"https:\/\/ship-tracker.org\/star-pride\/#primaryimage"},"image":{"@id":"https:\/\/ship-tracker.org\/star-pride\/#primaryimage"},"thumbnailUrl":"https:\/\/ship-tracker.org\/wp-content\/uploads\/2020\/02\/Star-Pride-1024x293-1.jpg","datePublished":"2020-02-14T10:43:52+00:00","dateModified":"2022-10-27T11:16:03+00:00","description":"Star Pride \u2693 Ubicaci\u00f3n actual y posici\u00f3n de Star Pride \u2713 Rastreador de cruceros \u2713 Rastreador de barcos en vivo \u2713 Revisi\u00f3n y especificaciones","breadcrumb":{"@id":"https:\/\/ship-tracker.org\/star-pride\/#breadcrumb"},"inLanguage":"es","potentialAction":[{"@type":"ReadAction","target":["https:\/\/ship-tracker.org\/star-pride\/"]}]},{"@type":"ImageObject","inLanguage":"es","@id":"https:\/\/ship-tracker.org\/star-pride\/#primaryimage","url":"https:\/\/ship-tracker.org\/wp-content\/uploads\/2020\/02\/Star-Pride-1024x293-1.jpg","contentUrl":"https:\/\/ship-tracker.org\/wp-content\/uploads\/2020\/02\/Star-Pride-1024x293-1.jpg"},{"@type":"BreadcrumbList","@id":"https:\/\/ship-tracker.org\/star-pride\/#breadcrumb","itemListElement":[{"@type":"ListItem","position":1,"name":"Startseite","item":"https:\/\/ship-tracker.org\/"},{"@type":"ListItem","position":2,"name":"Star Pride"}]},{"@type":"WebSite","@id":"https:\/\/ship-tracker.org\/#website","url":"https:\/\/ship-tracker.org\/","name":"Ship-tracker.org","description":"","potentialAction":[{"@type":"SearchAction","target":{"@type":"EntryPoint","urlTemplate":"https:\/\/ship-tracker.org\/?s={search_term_string}"},"query-input":{"@type":"PropertyValueSpecification","valueRequired":true,"valueName":"search_term_string"}}],"inLanguage":"es"}]}},"_links":{"self":[{"href":"https:\/\/ship-tracker.org\/es\/wp-json\/wp\/v2\/pages\/1689","targetHints":{"allow":["GET"]}}],"collection":[{"href":"https:\/\/ship-tracker.org\/es\/wp-json\/wp\/v2\/pages"}],"about":[{"href":"https:\/\/ship-tracker.org\/es\/wp-json\/wp\/v2\/types\/page"}],"author":[{"embeddable":true,"href":"https:\/\/ship-tracker.org\/es\/wp-json\/wp\/v2\/users\/1"}],"replies":[{"embeddable":true,"href":"https:\/\/ship-tracker.org\/es\/wp-json\/wp\/v2\/comments?post=1689"}],"version-history":[{"count":3,"href":"https:\/\/ship-tracker.org\/es\/wp-json\/wp\/v2\/pages\/1689\/revisions"}],"predecessor-version":[{"id":2240,"href":"https:\/\/ship-tracker.org\/es\/wp-json\/wp\/v2\/pages\/1689\/revisions\/2240"}],"wp:attachment":[{"href":"https:\/\/ship-tracker.org\/es\/wp-json\/wp\/v2\/media?parent=1689"}],"curies":[{"name":"wp","href":"https:\/\/api.w.org\/{rel}","templated":true}]}}