{"id":1273,"date":"2019-10-04T13:41:19","date_gmt":"2019-10-04T11:41:19","guid":{"rendered":"https:\/\/ship-tracker.org\/?page_id=1273"},"modified":"2025-12-30T06:32:21","modified_gmt":"2025-12-30T05:32:21","slug":"site-notice","status":"publish","type":"page","link":"https:\/\/ship-tracker.org\/es\/site-notice\/","title":{"rendered":"Aviso del sitio"},"content":{"rendered":"<p><strong>Informaci\u00f3n de conformidad con \u00a7 5 TMG<\/strong><br \/>\n<strong>Contacto:<\/strong><\/p>\n<p>Petros Aslanakis<br \/>\n889\/850 Moo 5<br \/>\nNong Prue, Bang Lamung<br \/>\nChon Buri 20150<br \/>\nTailandia<\/p>\n<p>Correo electr\u00f3nico: info (@) ship-tracker.org<\/p>\n<p><strong>Fuente de imagenes:<\/strong><\/p>\n<ul>\n<li>\u00a9 Pixabay<\/li>\n<li>\u00a9 fontawesome.com<\/li>\n<li>\u00a9 AIDA Cruceros<\/li>\n<li>\u00a9 TUI Cruises<\/li>\n<li>\u00a9 MSC Cruceros<\/li>\n<li>\u00a9 Costa Crociere<\/li>\n<li>\u00a9 Royal Caribbean Cruises Ltd<\/li>\n<li>\u00a9 Carnival Cruise Line Corporation<\/li>\n<li>\u00a9 Crystal Cruises<\/li>\n<li>\u00a9 Holland America Line<\/li>\n<li>\u00a9 Celebrity Cruises<\/li>\n<li>\u00a9 Dream Cruises<\/li>\n<\/ul>\n<p><strong>Resoluci\u00f3n de disputas de la UE<\/strong><\/p>\n<p>La Comisi\u00f3n Europea proporciona una plataforma para la resoluci\u00f3n de disputas en l\u00ednea (ODR):\u00a0<a href=\"http:\/\/ec.europa.eu\/consumers\/odr\">http:\/\/ec.europa.eu\/consumers\/odr<\/a><br \/>\nNuestra direcci\u00f3n de correo electr\u00f3nico se puede encontrar arriba en el aviso del sitio.<br \/>\nNo estamos dispuestos u obligados a participar en los procedimientos de resoluci\u00f3n de disputas ante una junta de arbitraje de consumidores.<\/p>\n<div class=\"wpb_text_column wpb_content_element\">\n<div class=\"wpb_wrapper\">\n<h2>Descargo de responsabilidad<\/h2>\n<p><strong>Responsabilidad por los contenidos<\/strong><\/p>\n<p>Como proveedores de servicios, somos responsables del contenido propio de estos sitios web de acuerdo con la Sec. 7, p\u00e1rrafo 1, Ley Alemana de Telemedia (TMG). Sin embargo, de acuerdo con la Sec. 8 a 10 de la Ley Alemana de Telemedia (TMG), los proveedores de servicios no est\u00e1n obligados a monitorear permanentemente la informaci\u00f3n presentada o almacenada ni a buscar evidencias que indiquen actividades ilegales.<\/p>\n<p><strong>Responsabilidad por enlaces<\/strong><\/p>\n<p>Nuestra oferta incluye enlaces a sitios web externos de terceros. No tenemos influencia en el contenido de esos sitios web, por lo tanto, no podemos garantizar dichos contenidos. Los proveedores o administradores de sitios web vinculados son siempre responsables de sus propios contenidos. Los sitios web vinculados hab\u00edan sido verificados por posibles violaciones de la ley en el momento del establecimiento del enlace. No se detectaron contenidos ilegales en el momento de la vinculaci\u00f3n. No se puede imponer un monitoreo permanente de los contenidos de los sitios web vinculados sin indicaciones razonables de que ha habido una violaci\u00f3n de la ley. Los enlaces ilegales se eliminar\u00e1n inmediatamente cuando tengamos conocimiento de ellos.<\/p>\n<p><strong>Derechos de autor<\/strong><\/p>\n<p>Los contenidos y compilaciones publicados en estos sitios web por los proveedores est\u00e1n sujetos a las leyes de derechos de autor alemanas. La reproducci\u00f3n, edici\u00f3n, distribuci\u00f3n, as\u00ed como el uso de cualquier tipo fuera del alcance de la ley de derechos de autor, requieren un permiso por escrito del autor o autor. Las descargas y copias de estos sitios web est\u00e1n permitidas solo para uso privado. El uso comercial de nuestros contenidos sin el permiso del autor est\u00e1 prohibido. Se respetan las leyes de copyright de terceros siempre que el contenido de estos sitios web no se origine en el proveedor. Las contribuciones de terceros en este sitio se indican como tales. Sin embargo, si observa alguna violaci\u00f3n de la ley de derechos de autor, inf\u00f3rmenos. Dichos contenidos ser\u00e1n eliminados de inmediato.<\/p>\n<\/div>\n<\/div>","protected":false},"excerpt":{"rendered":"<p>Informaci\u00f3n conforme al \u00a7 5 TMG Contacto: Petros Aslanakis 889\/850 Moo 5 Nong Prue, Bang Lamung Chon Buri 20150 Tailandia Correo electr\u00f3nico: info(@)ship-tracker.org Fuente de las im\u00e1genes: \u00a9 Pixabay \u00a9 fontawesome.com \u00a9 AIDA Cruises \u00a9 TUI Cruises \u00a9 MSC Cruises \u00a9 Costa Crociere \u00a9 Royal Caribbean Cruises Ltd \u00a9 Carnival Cruise Line Corporation \u00a9 Crystal Cruises \u00a9\u2026&nbsp;<a href=\"https:\/\/ship-tracker.org\/es\/site-notice\/\" rel=\"bookmark\">Leer m\u00e1s &quot;<span class=\"screen-reader-text\">Aviso del sitio<\/span><\/a><\/p>","protected":false},"author":1,"featured_media":0,"parent":0,"menu_order":0,"comment_status":"closed","ping_status":"closed","template":"","meta":{"neve_meta_sidebar":"","neve_meta_container":"","neve_meta_enable_content_width":"off","neve_meta_content_width":100,"neve_meta_title_alignment":"","neve_meta_author_avatar":"","neve_post_elements_order":"","neve_meta_disable_header":"","neve_meta_disable_footer":"","neve_meta_disable_title":"","neve_meta_reading_time":"","footnotes":""},"class_list":["post-1273","page","type-page","status-publish","hentry"],"yoast_head":"<!-- This site is optimized with the Yoast SEO plugin v27.4 - https:\/\/yoast.com\/product\/yoast-seo-wordpress\/ -->\n<title>Site Notice - Ship-tracker.org<\/title>\n<meta name=\"robots\" content=\"noindex, follow\" \/>\n<meta property=\"og:locale\" content=\"es_ES\" \/>\n<meta property=\"og:type\" content=\"article\" \/>\n<meta property=\"og:title\" content=\"Site Notice - Ship-tracker.org\" \/>\n<meta property=\"og:description\" content=\"Information pursuant to \u00a7 5 TMG Contact: Petros Aslanakis 889\/850 Moo 5 Nong Prue, Bang Lamung Chon Buri 20150 Thailand E-Mail: info(@)ship-tracker.org Source of images: \u00a9 Pixabay \u00a9 fontawesome.com \u00a9 AIDA Cruises \u00a9 TUI Cruises \u00a9 MSC Cruises \u00a9 Costa Crociere \u00a9 Royal Caribbean Cruises Ltd \u00a9 Carnival Cruise Line Corporation \u00a9 Crystal Cruises \u00a9&hellip;&nbsp;Read More &raquo;Site Notice\" \/>\n<meta property=\"og:url\" content=\"https:\/\/ship-tracker.org\/es\/site-notice\/\" \/>\n<meta property=\"og:site_name\" content=\"Ship-tracker.org\" \/>\n<meta property=\"article:modified_time\" content=\"2025-12-30T05:32:21+00:00\" \/>\n<meta name=\"twitter:card\" content=\"summary_large_image\" \/>\n<meta name=\"twitter:label1\" content=\"Tiempo de lectura\" \/>\n\t<meta name=\"twitter:data1\" content=\"2 minutos\" \/>\n<script type=\"application\/ld+json\" class=\"yoast-schema-graph\">{\"@context\":\"https:\\\/\\\/schema.org\",\"@graph\":[{\"@type\":\"WebPage\",\"@id\":\"https:\\\/\\\/ship-tracker.org\\\/site-notice\\\/\",\"url\":\"https:\\\/\\\/ship-tracker.org\\\/site-notice\\\/\",\"name\":\"Site Notice - Ship-tracker.org\",\"isPartOf\":{\"@id\":\"https:\\\/\\\/ship-tracker.org\\\/#website\"},\"datePublished\":\"2019-10-04T11:41:19+00:00\",\"dateModified\":\"2025-12-30T05:32:21+00:00\",\"breadcrumb\":{\"@id\":\"https:\\\/\\\/ship-tracker.org\\\/site-notice\\\/#breadcrumb\"},\"inLanguage\":\"es\",\"potentialAction\":[{\"@type\":\"ReadAction\",\"target\":[\"https:\\\/\\\/ship-tracker.org\\\/site-notice\\\/\"]}]},{\"@type\":\"BreadcrumbList\",\"@id\":\"https:\\\/\\\/ship-tracker.org\\\/site-notice\\\/#breadcrumb\",\"itemListElement\":[{\"@type\":\"ListItem\",\"position\":1,\"name\":\"Startseite\",\"item\":\"https:\\\/\\\/ship-tracker.org\\\/\"},{\"@type\":\"ListItem\",\"position\":2,\"name\":\"Site Notice\"}]},{\"@type\":\"WebSite\",\"@id\":\"https:\\\/\\\/ship-tracker.org\\\/#website\",\"url\":\"https:\\\/\\\/ship-tracker.org\\\/\",\"name\":\"Ship-tracker.org\",\"description\":\"\",\"potentialAction\":[{\"@type\":\"SearchAction\",\"target\":{\"@type\":\"EntryPoint\",\"urlTemplate\":\"https:\\\/\\\/ship-tracker.org\\\/?s={search_term_string}\"},\"query-input\":{\"@type\":\"PropertyValueSpecification\",\"valueRequired\":true,\"valueName\":\"search_term_string\"}}],\"inLanguage\":\"es\"}]}<\/script>\n<!-- \/ Yoast SEO plugin. -->","yoast_head_json":{"title":"Aviso del sitio - Ship-tracker.org","robots":{"index":"noindex","follow":"follow"},"og_locale":"es_ES","og_type":"article","og_title":"Site Notice - Ship-tracker.org","og_description":"Information pursuant to \u00a7 5 TMG Contact: Petros Aslanakis 889\/850 Moo 5 Nong Prue, Bang Lamung Chon Buri 20150 Thailand E-Mail: info(@)ship-tracker.org Source of images: \u00a9 Pixabay \u00a9 fontawesome.com \u00a9 AIDA Cruises \u00a9 TUI Cruises \u00a9 MSC Cruises \u00a9 Costa Crociere \u00a9 Royal Caribbean Cruises Ltd \u00a9 Carnival Cruise Line Corporation \u00a9 Crystal Cruises \u00a9&hellip;&nbsp;Read More &raquo;Site Notice","og_url":"https:\/\/ship-tracker.org\/es\/site-notice\/","og_site_name":"Ship-tracker.org","article_modified_time":"2025-12-30T05:32:21+00:00","twitter_card":"summary_large_image","twitter_misc":{"Tiempo de lectura":"2 minutos"},"schema":{"@context":"https:\/\/schema.org","@graph":[{"@type":"WebPage","@id":"https:\/\/ship-tracker.org\/site-notice\/","url":"https:\/\/ship-tracker.org\/site-notice\/","name":"Aviso del sitio - Ship-tracker.org","isPartOf":{"@id":"https:\/\/ship-tracker.org\/#website"},"datePublished":"2019-10-04T11:41:19+00:00","dateModified":"2025-12-30T05:32:21+00:00","breadcrumb":{"@id":"https:\/\/ship-tracker.org\/site-notice\/#breadcrumb"},"inLanguage":"es","potentialAction":[{"@type":"ReadAction","target":["https:\/\/ship-tracker.org\/site-notice\/"]}]},{"@type":"BreadcrumbList","@id":"https:\/\/ship-tracker.org\/site-notice\/#breadcrumb","itemListElement":[{"@type":"ListItem","position":1,"name":"Startseite","item":"https:\/\/ship-tracker.org\/"},{"@type":"ListItem","position":2,"name":"Site Notice"}]},{"@type":"WebSite","@id":"https:\/\/ship-tracker.org\/#website","url":"https:\/\/ship-tracker.org\/","name":"Ship-tracker.org","description":"","potentialAction":[{"@type":"SearchAction","target":{"@type":"EntryPoint","urlTemplate":"https:\/\/ship-tracker.org\/?s={search_term_string}"},"query-input":{"@type":"PropertyValueSpecification","valueRequired":true,"valueName":"search_term_string"}}],"inLanguage":"es"}]}},"_links":{"self":[{"href":"https:\/\/ship-tracker.org\/es\/wp-json\/wp\/v2\/pages\/1273","targetHints":{"allow":["GET"]}}],"collection":[{"href":"https:\/\/ship-tracker.org\/es\/wp-json\/wp\/v2\/pages"}],"about":[{"href":"https:\/\/ship-tracker.org\/es\/wp-json\/wp\/v2\/types\/page"}],"author":[{"embeddable":true,"href":"https:\/\/ship-tracker.org\/es\/wp-json\/wp\/v2\/users\/1"}],"replies":[{"embeddable":true,"href":"https:\/\/ship-tracker.org\/es\/wp-json\/wp\/v2\/comments?post=1273"}],"version-history":[{"count":6,"href":"https:\/\/ship-tracker.org\/es\/wp-json\/wp\/v2\/pages\/1273\/revisions"}],"predecessor-version":[{"id":5376,"href":"https:\/\/ship-tracker.org\/es\/wp-json\/wp\/v2\/pages\/1273\/revisions\/5376"}],"wp:attachment":[{"href":"https:\/\/ship-tracker.org\/es\/wp-json\/wp\/v2\/media?parent=1273"}],"curies":[{"name":"wp","href":"https:\/\/api.w.org\/{rel}","templated":true}]}}