{"id":1220,"date":"2019-10-02T14:45:39","date_gmt":"2019-10-02T12:45:39","guid":{"rendered":"https:\/\/ship-tracker.org\/?page_id=1220"},"modified":"2022-10-27T14:58:10","modified_gmt":"2022-10-27T12:58:10","slug":"ms-fram","status":"publish","type":"page","link":"https:\/\/ship-tracker.org\/es\/ms-fram\/","title":{"rendered":"MS Fram"},"content":{"rendered":"<p><script async src=\"https:\/\/pagead2.googlesyndication.com\/pagead\/js\/adsbygoogle.js\"><\/script><br \/>\n<!-- Ship-Tracker Display --><br \/>\n<ins class=\"adsbygoogle\" style=\"display: block;\" data-ad-client=\"ca-pub-1316785063791781\" data-ad-slot=\"8075999632\" data-ad-format=\"auto\" data-full-width-responsive=\"true\"><\/ins><br \/>\n<script>\n     (adsbygoogle = window.adsbygoogle || []).push({});\n<\/script><\/p>\n<h2><span style=\"color: #000000;\">Ubicaci\u00f3n actual y <\/span><span style=\"color: #000000;\">posici\u00f3n de MS Fram<\/span><\/h2>\n<p>\u00bfD\u00f3nde est\u00e1 actualmente la posici\u00f3n actual de MS Fram?<br \/>\n<script async src=\"https:\/\/pagead2.googlesyndication.com\/pagead\/js\/adsbygoogle.js\"><\/script><br \/>\n<!-- Schip-Tracker Linkanzeigen --><br \/>\n<ins class=\"adsbygoogle\" style=\"display: block;\" data-ad-client=\"ca-pub-1316785063791781\" data-ad-slot=\"3429004156\" data-ad-format=\"link\" data-full-width-responsive=\"true\"><\/ins><br \/>\n<script>\n     (adsbygoogle = window.adsbygoogle || []).push({});\n<\/script><br \/>\n<script type=\"text\/javascript\">var width=\"100%\";var height=\"400\";var mmsi=258932000;<\/script><script type=\"text\/javascript\" src=\"https:\/\/www.vesselfinder.com\/aismap.js\"><\/script><br \/>\n<script async src=\"https:\/\/pagead2.googlesyndication.com\/pagead\/js\/adsbygoogle.js\"><\/script><br \/>\n<!-- Ship-Tracker Display --><br \/>\n<ins class=\"adsbygoogle\" style=\"display: block;\" data-ad-client=\"ca-pub-1316785063791781\" data-ad-slot=\"8075999632\" data-ad-format=\"auto\" data-full-width-responsive=\"true\"><\/ins><br \/>\n<script>\n     (adsbygoogle = window.adsbygoogle || []).push({});\n<\/script><br \/>\nVer la ubicaci\u00f3n actual de MS Fram. La posici\u00f3n de MS Fram se puede determinar con precisi\u00f3n mediante los mapas de VesselFinder y MarineTraffic. Por lo tanto, siempre est\u00e1 bien informado, d\u00f3nde se encuentra su barco favorito actualmente.<\/p>\n<h2 class=\"title\"><span style=\"color: #000000;\">Revisi\u00f3n y especificaciones de MS Fram<\/span><\/h2>\n<table class=\"responsive\">\n<tbody>\n<tr>\n<td style=\"width: 192px;\"><span style=\"color: #000000;\"><strong>Estado del pabell\u00f3n<\/strong><\/span><\/td>\n<td style=\"width: 192px;\"><span style=\"color: #000000;\">Noruega<\/span><\/td>\n<\/tr>\n<tr>\n<td style=\"width: 192px;\"><span style=\"color: #000000;\"><strong>A\u00f1o de construcci\u00f3n<\/strong><\/span><\/td>\n<td style=\"width: 192px;\"><span style=\"color: #000000;\">2007<\/span><\/td>\n<\/tr>\n<tr>\n<td style=\"width: 192px;\"><span style=\"color: #000000;\"><strong>Constructor<\/strong><\/span><\/td>\n<td style=\"width: 192px;\"><span style=\"color: #000000;\">Fincantieri<\/span><\/td>\n<\/tr>\n<tr>\n<td style=\"width: 192px;\"><span style=\"color: #000000;\"><strong>Longitud<\/strong><\/span><\/td>\n<td style=\"width: 192px;\"><span style=\"color: #000000;\"><span class=\"specificationUnit\">113 m<\/span><\/span><\/td>\n<\/tr>\n<tr>\n<td style=\"width: 192px;\"><span style=\"color: #000000;\"><strong>Haz<\/strong><\/span><\/td>\n<td style=\"width: 192px;\"><span style=\"color: #000000;\"><span class=\"specificationUnit\">20 m<\/span><\/span><\/td>\n<\/tr>\n<tr>\n<td style=\"width: 192px;\"><span style=\"color: #000000;\"><strong>Arqueo bruto<\/strong><\/span><\/td>\n<td style=\"width: 192px;\"><span style=\"color: #000000;\">11647<span class=\"specificationUnit\">\u00a0gt<\/span><\/span><\/td>\n<\/tr>\n<tr>\n<td style=\"width: 192px;\"><span style=\"color: #000000;\"><strong>Pasajeros<\/strong><\/span><\/td>\n<td style=\"width: 192px;\"><span style=\"color: #000000;\">318<\/span><\/td>\n<\/tr>\n<tr>\n<td style=\"width: 192px;\"><span style=\"color: #000000;\"><strong>Personal<\/strong><\/span><\/td>\n<td style=\"width: 192px;\"><span style=\"color: #000000;\">75<\/span><\/td>\n<\/tr>\n<tr>\n<td style=\"width: 192px;\"><span style=\"color: #000000;\"><strong>Cubiertas<\/strong>\u00a0<\/span><\/td>\n<td style=\"width: 192px;\"><span style=\"color: #000000;\">8<\/span><\/td>\n<\/tr>\n<tr>\n<td style=\"width: 192px;\"><span style=\"color: #000000;\"><strong>Velocidad<\/strong><\/span><\/td>\n<td style=\"width: 192px;\"><span style=\"color: #000000;\"><span class=\"specificationUnit\">16 kn<\/span><\/span><\/td>\n<\/tr>\n<tr>\n<td style=\"width: 192px;\"><span style=\"color: #000000;\"><strong><b>Puerto de registro<\/b><\/strong><\/span><\/td>\n<td style=\"width: 192px;\"><span style=\"color: #000000;\">Troms\u00f8<\/span><\/td>\n<\/tr>\n<tr>\n<td style=\"width: 192px;\"><span style=\"color: #000000;\"><strong><b>Propulsi\u00f3n<\/b><\/strong><\/span><\/td>\n<td style=\"width: 192px;\"><span style=\"color: #000000;\">Diesel-el\u00e9ctrico<\/span><\/td>\n<\/tr>\n<tr>\n<td style=\"width: 192px;\"><span style=\"color: #000000;\"><strong><b>Propietario<\/b><\/strong><\/span><\/td>\n<td style=\"width: 192px;\"><a href=\"https:\/\/ship-tracker.org\/es\/hurtigruten\/\">Hurtigruten<\/a><\/td>\n<\/tr>\n<\/tbody>\n<\/table>\n<p><script async src=\"https:\/\/pagead2.googlesyndication.com\/pagead\/js\/adsbygoogle.js\"><\/script><br \/>\n<!-- Schip-Tracker Linkanzeigen --><br \/>\n<ins class=\"adsbygoogle\" style=\"display: block;\" data-ad-client=\"ca-pub-1316785063791781\" data-ad-slot=\"3429004156\" data-ad-format=\"link\" data-full-width-responsive=\"true\"><\/ins><br \/>\n<script>\n     (adsbygoogle = window.adsbygoogle || []).push({});\n<\/script><br \/>\n<img loading=\"lazy\" decoding=\"async\" class=\"aligncenter wp-image-746 size-full\" src=\"https:\/\/ship-tracker.org\/wp-content\/uploads\/2019\/03\/cruise-ship-615116_640-1.jpg\" alt=\"MS Fram\" width=\"640\" height=\"357\" srcset=\"https:\/\/ship-tracker.org\/wp-content\/uploads\/2019\/03\/cruise-ship-615116_640-1.jpg 640w, https:\/\/ship-tracker.org\/wp-content\/uploads\/2019\/03\/cruise-ship-615116_640-1-300x167.jpg 300w\" sizes=\"auto, (max-width: 640px) 100vw, 640px\" \/><\/p>\n<h3 class=\"title\">Flota Hurtigruten<\/h3>\n<ul>\n<li><a href=\"https:\/\/ship-tracker.org\/es\/ms-fridtjof-nansen\/\">MS Fridtjof Nansen<\/a><\/li>\n<li><a href=\"https:\/\/ship-tracker.org\/es\/ms-roald-amundsen\/\">MS Roald Amundsen<\/a><\/li>\n<li><a href=\"https:\/\/ship-tracker.org\/es\/ms-spitsbergen\/\">MS Spitsbergen<\/a><\/li>\n<li><a href=\"https:\/\/ship-tracker.org\/es\/ms-midnatsol\/\">MS Midnatsol<\/a><\/li>\n<li><a href=\"https:\/\/ship-tracker.org\/es\/ms-trollfjord\/\">MS Trollfjord<\/a><\/li>\n<li><a href=\"https:\/\/ship-tracker.org\/es\/ms-nordnorge\/\">MS Nordnorge<\/a><\/li>\n<li><a href=\"https:\/\/ship-tracker.org\/es\/ms-polarlys\/\">MS Polarlys<\/a><\/li>\n<li><a href=\"https:\/\/ship-tracker.org\/es\/ms-nordkapp\/\">MS Nordkapp<\/a><\/li>\n<li><a href=\"https:\/\/ship-tracker.org\/es\/ms-nordlys\/\">MS Nordlys<\/a><\/li>\n<li><a href=\"https:\/\/ship-tracker.org\/es\/ms-richard-with\/\">MS Richard With<\/a><\/li>\n<li><a href=\"https:\/\/ship-tracker.org\/es\/ms-kong-harald\/\">MS Kong Harald<\/a><\/li>\n<li><a href=\"https:\/\/ship-tracker.org\/es\/ms-vesteralen\/\">MS Vesteralen<\/a><\/li>\n<li><a href=\"https:\/\/ship-tracker.org\/es\/ms-lofoten\/\">MS Lofoten<\/a><\/li>\n<\/ul>","protected":false},"excerpt":{"rendered":"<p>Ubicaci\u00f3n actual del MS Fram. \u00bfD\u00f3nde se encuentra actualmente el MS Fram? Consulte la ubicaci\u00f3n actual del MS Fram. La ubicaci\u00f3n del MS Fram se puede determinar con precisi\u00f3n mediante los mapas de VesselFinder y MarineTraffic. As\u00ed, siempre estar\u00e1 bien informado de la ubicaci\u00f3n de su barco favorito. Rese\u00f1a y especificaciones del MS Fram. Estado del pabell\u00f3n\u2026&nbsp;<a href=\"https:\/\/ship-tracker.org\/es\/ms-fram\/\" rel=\"bookmark\">Leer m\u00e1s &quot;<span class=\"screen-reader-text\">MS Fram<\/span><\/a><\/p>","protected":false},"author":1,"featured_media":0,"parent":0,"menu_order":0,"comment_status":"closed","ping_status":"closed","template":"","meta":{"neve_meta_sidebar":"","neve_meta_container":"","neve_meta_enable_content_width":"","neve_meta_content_width":0,"neve_meta_title_alignment":"","neve_meta_author_avatar":"","neve_post_elements_order":"","neve_meta_disable_header":"","neve_meta_disable_footer":"","neve_meta_disable_title":"","neve_meta_reading_time":"","footnotes":""},"class_list":["post-1220","page","type-page","status-publish","hentry"],"yoast_head":"<!-- This site is optimized with the Yoast SEO plugin v26.9 - https:\/\/yoast.com\/product\/yoast-seo-wordpress\/ -->\n<title>MS Fram \u2503 Current location and position of Hurtigruten<\/title>\n<meta name=\"description\" content=\"MS Fram \u2693 Current location and position of MS Fram \u2713 Cruise Ship Tracker \u2713 Live Ship Tracker \u2713 Review and Specifications\" \/>\n<meta name=\"robots\" content=\"index, follow, max-snippet:-1, max-image-preview:large, max-video-preview:-1\" \/>\n<link rel=\"canonical\" href=\"https:\/\/ship-tracker.org\/es\/ms-fram\/\" \/>\n<meta property=\"og:locale\" content=\"es_ES\" \/>\n<meta property=\"og:type\" content=\"article\" \/>\n<meta property=\"og:title\" content=\"MS Fram \u2503 Current location and position of Hurtigruten\" \/>\n<meta property=\"og:description\" content=\"MS Fram \u2693 Current location and position of MS Fram \u2713 Cruise Ship Tracker \u2713 Live Ship Tracker \u2713 Review and Specifications\" \/>\n<meta property=\"og:url\" content=\"https:\/\/ship-tracker.org\/es\/ms-fram\/\" \/>\n<meta property=\"og:site_name\" content=\"Ship-tracker.org\" \/>\n<meta property=\"article:modified_time\" content=\"2022-10-27T12:58:10+00:00\" \/>\n<meta property=\"og:image\" content=\"https:\/\/ship-tracker.org\/wp-content\/uploads\/2019\/03\/cruise-ship-615116_640-1.jpg\" \/>\n<meta name=\"twitter:card\" content=\"summary_large_image\" \/>\n<meta name=\"twitter:label1\" content=\"Tiempo de lectura\" \/>\n\t<meta name=\"twitter:data1\" content=\"1 minuto\" \/>\n<script type=\"application\/ld+json\" class=\"yoast-schema-graph\">{\"@context\":\"https:\/\/schema.org\",\"@graph\":[{\"@type\":\"WebPage\",\"@id\":\"https:\/\/ship-tracker.org\/ms-fram\/\",\"url\":\"https:\/\/ship-tracker.org\/ms-fram\/\",\"name\":\"MS Fram \u2503 Current location and position of Hurtigruten\",\"isPartOf\":{\"@id\":\"https:\/\/ship-tracker.org\/#website\"},\"primaryImageOfPage\":{\"@id\":\"https:\/\/ship-tracker.org\/ms-fram\/#primaryimage\"},\"image\":{\"@id\":\"https:\/\/ship-tracker.org\/ms-fram\/#primaryimage\"},\"thumbnailUrl\":\"https:\/\/ship-tracker.org\/wp-content\/uploads\/2019\/03\/cruise-ship-615116_640-1.jpg\",\"datePublished\":\"2019-10-02T12:45:39+00:00\",\"dateModified\":\"2022-10-27T12:58:10+00:00\",\"description\":\"MS Fram \u2693 Current location and position of MS Fram \u2713 Cruise Ship Tracker \u2713 Live Ship Tracker \u2713 Review and Specifications\",\"breadcrumb\":{\"@id\":\"https:\/\/ship-tracker.org\/ms-fram\/#breadcrumb\"},\"inLanguage\":\"es\",\"potentialAction\":[{\"@type\":\"ReadAction\",\"target\":[\"https:\/\/ship-tracker.org\/ms-fram\/\"]}]},{\"@type\":\"ImageObject\",\"inLanguage\":\"es\",\"@id\":\"https:\/\/ship-tracker.org\/ms-fram\/#primaryimage\",\"url\":\"https:\/\/ship-tracker.org\/wp-content\/uploads\/2019\/03\/cruise-ship-615116_640-1.jpg\",\"contentUrl\":\"https:\/\/ship-tracker.org\/wp-content\/uploads\/2019\/03\/cruise-ship-615116_640-1.jpg\"},{\"@type\":\"BreadcrumbList\",\"@id\":\"https:\/\/ship-tracker.org\/ms-fram\/#breadcrumb\",\"itemListElement\":[{\"@type\":\"ListItem\",\"position\":1,\"name\":\"Startseite\",\"item\":\"https:\/\/ship-tracker.org\/\"},{\"@type\":\"ListItem\",\"position\":2,\"name\":\"MS Fram\"}]},{\"@type\":\"WebSite\",\"@id\":\"https:\/\/ship-tracker.org\/#website\",\"url\":\"https:\/\/ship-tracker.org\/\",\"name\":\"Ship-tracker.org\",\"description\":\"\",\"potentialAction\":[{\"@type\":\"SearchAction\",\"target\":{\"@type\":\"EntryPoint\",\"urlTemplate\":\"https:\/\/ship-tracker.org\/?s={search_term_string}\"},\"query-input\":{\"@type\":\"PropertyValueSpecification\",\"valueRequired\":true,\"valueName\":\"search_term_string\"}}],\"inLanguage\":\"es\"}]}<\/script>\n<!-- \/ Yoast SEO plugin. -->","yoast_head_json":{"title":"MS Fram \u2503 Ubicaci\u00f3n actual y posici\u00f3n de Hurtigruten","description":"MS Fram \u2693 Ubicaci\u00f3n y posici\u00f3n actual de MS Fram \u2713 Rastreador de cruceros \u2713 Rastreador de barcos en vivo \u2713 Revisi\u00f3n y especificaciones","robots":{"index":"index","follow":"follow","max-snippet":"max-snippet:-1","max-image-preview":"max-image-preview:large","max-video-preview":"max-video-preview:-1"},"canonical":"https:\/\/ship-tracker.org\/es\/ms-fram\/","og_locale":"es_ES","og_type":"article","og_title":"MS Fram \u2503 Current location and position of Hurtigruten","og_description":"MS Fram \u2693 Current location and position of MS Fram \u2713 Cruise Ship Tracker \u2713 Live Ship Tracker \u2713 Review and Specifications","og_url":"https:\/\/ship-tracker.org\/es\/ms-fram\/","og_site_name":"Ship-tracker.org","article_modified_time":"2022-10-27T12:58:10+00:00","og_image":[{"url":"https:\/\/ship-tracker.org\/wp-content\/uploads\/2019\/03\/cruise-ship-615116_640-1.jpg","type":"","width":"","height":""}],"twitter_card":"summary_large_image","twitter_misc":{"Tiempo de lectura":"1 minuto"},"schema":{"@context":"https:\/\/schema.org","@graph":[{"@type":"WebPage","@id":"https:\/\/ship-tracker.org\/ms-fram\/","url":"https:\/\/ship-tracker.org\/ms-fram\/","name":"MS Fram \u2503 Ubicaci\u00f3n actual y posici\u00f3n de Hurtigruten","isPartOf":{"@id":"https:\/\/ship-tracker.org\/#website"},"primaryImageOfPage":{"@id":"https:\/\/ship-tracker.org\/ms-fram\/#primaryimage"},"image":{"@id":"https:\/\/ship-tracker.org\/ms-fram\/#primaryimage"},"thumbnailUrl":"https:\/\/ship-tracker.org\/wp-content\/uploads\/2019\/03\/cruise-ship-615116_640-1.jpg","datePublished":"2019-10-02T12:45:39+00:00","dateModified":"2022-10-27T12:58:10+00:00","description":"MS Fram \u2693 Ubicaci\u00f3n y posici\u00f3n actual de MS Fram \u2713 Rastreador de cruceros \u2713 Rastreador de barcos en vivo \u2713 Revisi\u00f3n y especificaciones","breadcrumb":{"@id":"https:\/\/ship-tracker.org\/ms-fram\/#breadcrumb"},"inLanguage":"es","potentialAction":[{"@type":"ReadAction","target":["https:\/\/ship-tracker.org\/ms-fram\/"]}]},{"@type":"ImageObject","inLanguage":"es","@id":"https:\/\/ship-tracker.org\/ms-fram\/#primaryimage","url":"https:\/\/ship-tracker.org\/wp-content\/uploads\/2019\/03\/cruise-ship-615116_640-1.jpg","contentUrl":"https:\/\/ship-tracker.org\/wp-content\/uploads\/2019\/03\/cruise-ship-615116_640-1.jpg"},{"@type":"BreadcrumbList","@id":"https:\/\/ship-tracker.org\/ms-fram\/#breadcrumb","itemListElement":[{"@type":"ListItem","position":1,"name":"Startseite","item":"https:\/\/ship-tracker.org\/"},{"@type":"ListItem","position":2,"name":"MS Fram"}]},{"@type":"WebSite","@id":"https:\/\/ship-tracker.org\/#website","url":"https:\/\/ship-tracker.org\/","name":"Ship-tracker.org","description":"","potentialAction":[{"@type":"SearchAction","target":{"@type":"EntryPoint","urlTemplate":"https:\/\/ship-tracker.org\/?s={search_term_string}"},"query-input":{"@type":"PropertyValueSpecification","valueRequired":true,"valueName":"search_term_string"}}],"inLanguage":"es"}]}},"_links":{"self":[{"href":"https:\/\/ship-tracker.org\/es\/wp-json\/wp\/v2\/pages\/1220","targetHints":{"allow":["GET"]}}],"collection":[{"href":"https:\/\/ship-tracker.org\/es\/wp-json\/wp\/v2\/pages"}],"about":[{"href":"https:\/\/ship-tracker.org\/es\/wp-json\/wp\/v2\/types\/page"}],"author":[{"embeddable":true,"href":"https:\/\/ship-tracker.org\/es\/wp-json\/wp\/v2\/users\/1"}],"replies":[{"embeddable":true,"href":"https:\/\/ship-tracker.org\/es\/wp-json\/wp\/v2\/comments?post=1220"}],"version-history":[{"count":5,"href":"https:\/\/ship-tracker.org\/es\/wp-json\/wp\/v2\/pages\/1220\/revisions"}],"predecessor-version":[{"id":2399,"href":"https:\/\/ship-tracker.org\/es\/wp-json\/wp\/v2\/pages\/1220\/revisions\/2399"}],"wp:attachment":[{"href":"https:\/\/ship-tracker.org\/es\/wp-json\/wp\/v2\/media?parent=1220"}],"curies":[{"name":"wp","href":"https:\/\/api.w.org\/{rel}","templated":true}]}}