{"id":745,"date":"2019-03-28T16:16:09","date_gmt":"2019-03-28T15:16:09","guid":{"rendered":"https:\/\/ship-tracker.org\/?page_id=745"},"modified":"2021-11-08T21:05:13","modified_gmt":"2021-11-08T20:05:13","slug":"cruise-ship-tracker","status":"publish","type":"page","link":"https:\/\/ship-tracker.org\/de\/cruise-ship-tracker\/","title":{"rendered":"Kreuzfahrtschiff-Tracker"},"content":{"rendered":"<p><script async src=\"https:\/\/pagead2.googlesyndication.com\/pagead\/js\/adsbygoogle.js\"><span data-mce-type=\"bookmark\" style=\"display: inline-block; width: 0px; overflow: hidden; line-height: 0;\" class=\"mce_SELRES_start\">\ufeff<\/span><span data-mce-type=\"bookmark\" style=\"display: inline-block; width: 0px; overflow: hidden; line-height: 0;\" class=\"mce_SELRES_start\">\ufeff<\/span><\/script><br \/>\n<!-- Ship-Tracker Display --><br \/>\n<ins class=\"adsbygoogle\" style=\"display: block;\" data-ad-client=\"ca-pub-1316785063791781\" data-ad-slot=\"8075999632\" data-ad-format=\"auto\" data-full-width-responsive=\"true\"><\/ins><br \/>\n<script>\n     (adsbygoogle = window.adsbygoogle || []).push({});\n<\/script><\/p>\n<h2 class=\"p1\"><span class=\"s1\">Kreuzfahrtschiff-Tracker \u2013 <\/span>Schiffsstandort in Echtzeit<\/h2>\n<p><script type=\"text\/javascript\">\nwidth='100%';\nheight='450';\n<\/script><br \/>\n<script type=\"text\/javascript\" src=\"\/\/www.marinetraffic.com\/js\/embed.js\"><\/script><\/p>\n<p><script async src=\"https:\/\/pagead2.googlesyndication.com\/pagead\/js\/adsbygoogle.js\"><\/script><br \/>\n<!-- Schip-Tracker Linkanzeigen --><br \/>\n<ins class=\"adsbygoogle\" style=\"display: block;\" data-ad-client=\"ca-pub-1316785063791781\" data-ad-slot=\"3429004156\" data-ad-format=\"link\" data-full-width-responsive=\"true\"><\/ins><br \/>\n<script>\n     (adsbygoogle = window.adsbygoogle || []).push({});\n<\/script><\/p>\n<p style=\"text-align: justify;\">Die Schiffsverfolgung ist der beliebteste Standort f\u00fcr Kreuzfahrtschiffe. Angeh\u00f6rige m\u00f6chten oft wissen, ob die Reise des Kreuzfahrtschiffes reibungslos verl\u00e4uft oder ob das Schiff p\u00fcnktlich im Hafen oder am Zielort ankommt.<\/p>\n<p class=\"p1\" style=\"text-align: justify;\"><span class=\"s1\">Es gibt bestimmte Dinge, die Sie \u00fcber die Verfolgung von Kreuzfahrtflotten wissen m\u00fcssen. Egal welche Art von Schiff Ihr Unternehmen f\u00e4hrt, es ist wichtig zu wissen, dass es sicher und au\u00dfer Gefahren ist. Mithilfe des globalen AIS-Trackings k\u00f6nnen Sie sicher sein, dass Sie genau wissen, wohin Ihr Schiff f\u00e4hrt, und dass auch die Fahrer des Schiffes in Sicherheit sind. <\/span><\/p>\n<p class=\"p1\" style=\"text-align: justify;\"><span class=\"s1\">Dies ist die effizienteste Ortung, da sie mithilfe von Satelliten erfolgt und sogar kostenlos ist. Sie k\u00f6nnen von der Arbeit weg sein und es als Anwendung auf Ihr Telefon herunterladen \u2013 und den Status Ihrer Kreuzfahrtschiffe \u00fcberpr\u00fcfen, um sicherzustellen, dass alles mit der richtigen Geschwindigkeit und in die richtige Richtung l\u00e4uft und alles funktioniert Richtig\u00a0<\/span><\/p>\n<h2>Wie finde ich Kreuzfahrtschiffe?<\/h2>\n<p style=\"text-align: justify;\">Am gefragtesten ist die Position von Kreuzfahrtschiffen. Angeh\u00f6rige m\u00f6chten oft wissen, ob die Reise des Kreuzfahrtschiffes reibungslos verl\u00e4uft oder ob das Schiff zum geplanten Zeitpunkt im Hafen oder am Zielort ankommt. Um die Position eines bestimmten Kreuzfahrtschiffes anzuzeigen, klicken Sie einfach auf das Lupensymbol in der oberen linken Ecke. Anschlie\u00dfend k\u00f6nnen Sie den Namen des gesuchten Schiffes eingeben. Anschlie\u00dfend wird das Schiff an seiner aktuellen Position mit allen Informationen angezeigt.<\/p>\n<figure id=\"attachment_2025\" aria-describedby=\"caption-attachment-2025\" style=\"width: 768px\" class=\"wp-caption aligncenter\"><img loading=\"lazy\" decoding=\"async\" class=\"wp-image-2025 size-full\" src=\"https:\/\/ship-tracker.org\/wp-content\/uploads\/2020\/04\/karte-kreuzfahrt-kreuzfahrtschiff-schiffsposition-schiffsradar-768x388-1.jpg\" alt=\"Wie finde ich Kreuzfahrtschiffe?\" width=\"768\" height=\"388\" srcset=\"https:\/\/ship-tracker.org\/wp-content\/uploads\/2020\/04\/karte-kreuzfahrt-kreuzfahrtschiff-schiffsposition-schiffsradar-768x388-1.jpg 768w, https:\/\/ship-tracker.org\/wp-content\/uploads\/2020\/04\/karte-kreuzfahrt-kreuzfahrtschiff-schiffsposition-schiffsradar-768x388-1-300x152.jpg 300w\" sizes=\"auto, (max-width: 768px) 100vw, 768px\" \/><figcaption id=\"caption-attachment-2025\" class=\"wp-caption-text\">Screenshot \u00a9 Marinetraffic.com<\/figcaption><\/figure>\n<p style=\"text-align: justify;\">Passagierschiffe werden in Marinetraffic durch blaue Symbole dargestellt. Hier k\u00f6nnen alle Kreuzfahrtschiffe einfach ausgew\u00e4hlt werden, um den \u00dcberblick zu behalten und gezielte Suchen durchzuf\u00fchren.<\/p>\n<h2>Standorte von Kreuzfahrtschiffen auf der ganzen Welt<\/h2>\n<p style=\"text-align: justify;\">Gerade bei gro\u00dfen Schiffen ist es sehr wichtig, dass jederzeit die aktuellste Position bekannt ist. Dank moderner Technik ist das nat\u00fcrlich kein Problem mehr. Zu diesem Zweck werden die sogenannten <a href=\"https:\/\/en.wikipedia.org\/wiki\/Automatic_identification_system\" target=\"_blank\" rel=\"noopener noreferrer\">Automatisches Identifikationssystem<\/a> zum Einsatz, das permanent den aktuellen Standort des Schiffes an die ben\u00f6tigten Basisstationen sendet, die \u00fcber die ganze Welt verteilt sind. Tats\u00e4chlich gibt es eine weltweite Regelung bez\u00fcglich der Ausr\u00fcstung von Schiffen mit diesem System.<\/p>\n<p style=\"text-align: justify;\">Dieses System muss also immer an Bord und nat\u00fcrlich aktiv sein. Anschlie\u00dfend werden die Daten des Systems ausgewertet und grafisch aufbereitet, sodass sie Ihnen zur Verf\u00fcgung gestellt werden k\u00f6nnen.<\/p>\n<p>Vom klassischen Kreuzfahrtschiff Mariner Of The Seas, auf dem hunderte Urlauber Sonne tanken und sich vom Personal verw\u00f6hnen lassen, bis zum gro\u00dfen Containerschiff, auf dem Waren in alle L\u00e4nder der Welt transportiert werden, ist die Auswahl an Schiffen gro\u00df k\u00f6nnte kaum gr\u00f6\u00dfer sein.<\/p>\n<h2>Wie wird die Position des Schiffes bestimmt?<\/h2>\n<p style=\"text-align: justify;\">Wenn Sie sich fragen, wie genau die Untersuchung zu AIS funktioniert, finden Sie hier die Erkl\u00e4rung. AIS ist die Kurzform von Automatic Identification System. Es handelt sich um ein Funksystem zur \u00dcbertragung von Schiffs- und Navigationsdaten. Dadurch k\u00f6nnen Schiffe genau identifiziert werden. Diese M\u00f6glichkeit erh\u00f6ht die Sicherheit des Schiffes erheblich. \u00dcber spezielle Sender und Empf\u00e4nger \u00fcbermitteln Schiffe \u00fcber AIS in regelm\u00e4\u00dfigen Abst\u00e4nden von 2 Sekunden bis 3 Minuten wichtige statistische und reisebezogene Daten.<\/p>\n<h2>Dieses Kreuzfahrtradar steht Ihnen kostenlos zur Verf\u00fcgung<\/h2>\n<p style=\"text-align: justify;\">Wenn Sie sich f\u00fcr die Ortung von Kreuzfahrtschiffen interessieren und eine bestimmte Schiffsposition ermitteln m\u00f6chten, dann sind Sie auf den Seiten Marinetraffic.com oder Vesselfinder.com genau richtig. Heutzutage sind alle Schiffe mit dem sogenannten AIS-System ausgestattet, das es ihnen erm\u00f6glicht, kontinuierlich ihre aktuelle Position zu \u00fcbermitteln.<\/p>\n<p style=\"text-align: justify;\">Dadurch k\u00f6nnen die Daten in Echtzeit in die Karte eingegeben werden, sodass Sie die Position des Schiffes live von zu Hause aus verfolgen k\u00f6nnen \u2013 egal, ob es sich um ein Kreuzfahrtschiff, ein Containerschiff, einen Schlepper oder sogar eine Yacht handelt. Dank des AIS-Systems kann jedes Schiff der Welt auf der Karte besprochen werden, egal ob Sie ein bestimmtes Schiff suchen oder sich einfach f\u00fcr die Schifffahrt interessieren. Das Erkunden der Meere macht Spa\u00df, offenbart jeden Tag neue Details und ist zudem f\u00fcr jedermann absolut kostenlos.<\/p>\n<p><script async src=\"https:\/\/pagead2.googlesyndication.com\/pagead\/js\/adsbygoogle.js\"><\/script><br \/>\n<!-- Ship-Tracker Display --><br \/>\n<ins class=\"adsbygoogle\" style=\"display: block;\" data-ad-client=\"ca-pub-1316785063791781\" data-ad-slot=\"8075999632\" data-ad-format=\"auto\" data-full-width-responsive=\"true\"><\/ins><br \/>\n<script>\n     (adsbygoogle = window.adsbygoogle || []).push({});\n<\/script><\/p>\n<h2 class=\"p1\"><span class=\"s1\">Sicherheit durch Kreuzfahrtschiff-Tracking\u00a0<\/span><\/h2>\n<p class=\"p1\" style=\"text-align: justify;\"><span class=\"s1\">Die Verfolgung von Kreuzfahrtschiffen ist besonders wichtig, da die Sicherheit jedes einzelnen Passagiers auf dem Schiff in Ihren H\u00e4nden liegt. Die Verfolgung von Kreuzfahrtschiffen ist auch eine gesetzliche Verpflichtung; Es gibt Verfahren, die befolgt werden m\u00fcssen, um sicherzustellen, dass alles reibungslos l\u00e4uft. Die Verfolgung eines Kreuzfahrtschiffes ist genauso wichtig wie der Seeverkehr, denn es geht um die Sicherheit der Menschen auf dem Boot und den Bootsbetrieb.\u00a0<\/span><\/p>\n<p class=\"p1\" style=\"text-align: justify;\"><span class=\"s1\">Mit Updates zu den Wetterbedingungen k\u00f6nnen Sie mit den Fahrern auf dem Schiff kommunizieren, um ihnen mitzuteilen, welche Gebiete Sie w\u00e4hrend der Reise m\u00f6glicherweise meiden sollten. Mit Hilfe von W\u00e4rmesensoren wissen die Arbeiter auf dem Boot auch, dass sie bestimmte Routen wegen entgegenkommender Schiffsflotten oder Seeschiffe meiden sollten. Die Nutzung ist kostenlos und eine gro\u00dfartige M\u00f6glichkeit, sicherzustellen, dass jede Routine reibungslos verl\u00e4uft.<\/span><\/p>\n<h3 class=\"p1\"><span class=\"s1\">Siehe die Richtung\u00a0<\/span><\/h3>\n<p class=\"p1\" style=\"text-align: justify;\"><span class=\"s1\">Sie k\u00f6nnen nicht nur Ihr eigenes Schiff sehen, sondern auch die Richtung anderer Schiffe um Sie herum. <a href=\"https:\/\/ship-tracker.org\/de\/vesselfinder\/\">Schiffsfinder<\/a> wird Sie dar\u00fcber informieren, dass sich ein anderes Schiff in der N\u00e4he befindet und dass Ihr Schiff sofort die Richtung \u00e4ndern oder das andere Schiff kontaktieren sollte, um sicherzustellen, dass das \u00dcberqueren der Wege sicher erfolgt. Alle fahrenden Schiffe haben ebenfalls Zugriff darauf und k\u00f6nnen sich gegenseitig, die Wetterbedingungen, die Geschwindigkeit und die Dauer sehen, die sie ben\u00f6tigen, um ihr beabsichtigtes Ziel zu erreichen. <\/span><\/p>\n<p class=\"p1\" style=\"text-align: justify;\"><span class=\"s1\">Dies ist ein Programm, das Sie nicht im Stich l\u00e4sst oder uneinheitlich arbeitet. Es ist sehr konsistent und Marinechefs verlassen sich darauf, um sicherzustellen, dass ihre M\u00e4nner sicher sind oder sich am vorgesehenen Standort befinden.\u00a0<\/span><\/p>\n<p><img loading=\"lazy\" decoding=\"async\" class=\"wp-image-746 size-full aligncenter\" src=\"https:\/\/ship-tracker.org\/wp-content\/uploads\/2019\/03\/cruise-ship-615116_640-1.jpg\" alt=\"Kreuzfahrtschiff-Tracker\" width=\"640\" height=\"357\" srcset=\"https:\/\/ship-tracker.org\/wp-content\/uploads\/2019\/03\/cruise-ship-615116_640-1.jpg 640w, https:\/\/ship-tracker.org\/wp-content\/uploads\/2019\/03\/cruise-ship-615116_640-1-300x167.jpg 300w\" sizes=\"auto, (max-width: 640px) 100vw, 640px\" \/><\/p>","protected":false},"excerpt":{"rendered":"<p>Kreuzfahrtschiff-Tracker \u2013 Schiffsstandort in Echtzeit Die Schiffsverfolgung ist die beliebteste Methode zur Ortung von Kreuzfahrtschiffen. Verwandte m\u00f6chten oft wissen, ob die Reise des Kreuzfahrtschiffs reibungslos verl\u00e4uft oder ob das Schiff p\u00fcnktlich im Hafen oder am Ziel ankommt. Es gibt bestimmte Dinge, die Sie \u00fcber Kreuzfahrten wissen m\u00fcssen \u2026&nbsp;<a href=\"https:\/\/ship-tracker.org\/de\/cruise-ship-tracker\/\" rel=\"bookmark\">Weiterlesen \u00bb<span class=\"screen-reader-text\">Kreuzfahrtschiff-Tracker<\/span><\/a><\/p>","protected":false},"author":1,"featured_media":0,"parent":0,"menu_order":0,"comment_status":"closed","ping_status":"closed","template":"","meta":{"neve_meta_sidebar":"","neve_meta_container":"","neve_meta_enable_content_width":"","neve_meta_content_width":0,"neve_meta_title_alignment":"","neve_meta_author_avatar":"","neve_post_elements_order":"","neve_meta_disable_header":"","neve_meta_disable_footer":"","neve_meta_disable_title":"","neve_meta_reading_time":"","footnotes":""},"class_list":["post-745","page","type-page","status-publish","hentry"],"yoast_head":"<!-- This site is optimized with the Yoast SEO plugin v26.9 - https:\/\/yoast.com\/product\/yoast-seo-wordpress\/ -->\n<title>Cruise Ship Tracker\u2503Current position location and Specifications<\/title>\n<meta name=\"description\" content=\"Cruise Ship Tracker \u2693 Current position of All Cruise ships \u2713 Ship Tracker \u2713 Live Ship Tracker \u2713 Review and Specifications \u2713 Webcam\" \/>\n<meta name=\"robots\" content=\"index, follow, max-snippet:-1, max-image-preview:large, max-video-preview:-1\" \/>\n<link rel=\"canonical\" href=\"https:\/\/ship-tracker.org\/de\/cruise-ship-tracker\/\" \/>\n<meta property=\"og:locale\" content=\"de_DE\" \/>\n<meta property=\"og:type\" content=\"article\" \/>\n<meta property=\"og:title\" content=\"Cruise Ship Tracker\u2503Current position location and Specifications\" \/>\n<meta property=\"og:description\" content=\"Cruise Ship Tracker \u2693 Current position of All Cruise ships \u2713 Ship Tracker \u2713 Live Ship Tracker \u2713 Review and Specifications \u2713 Webcam\" \/>\n<meta property=\"og:url\" content=\"https:\/\/ship-tracker.org\/de\/cruise-ship-tracker\/\" \/>\n<meta property=\"og:site_name\" content=\"Ship-tracker.org\" \/>\n<meta property=\"article:modified_time\" content=\"2021-11-08T20:05:13+00:00\" \/>\n<meta property=\"og:image\" content=\"https:\/\/ship-tracker.org\/wp-content\/uploads\/2020\/04\/karte-kreuzfahrt-kreuzfahrtschiff-schiffsposition-schiffsradar-768x388-1.jpg\" \/>\n<meta name=\"twitter:card\" content=\"summary_large_image\" \/>\n<meta name=\"twitter:label1\" content=\"Gesch\u00e4tzte Lesezeit\" \/>\n\t<meta name=\"twitter:data1\" content=\"6\u00a0Minuten\" \/>\n<script type=\"application\/ld+json\" class=\"yoast-schema-graph\">{\"@context\":\"https:\/\/schema.org\",\"@graph\":[{\"@type\":\"WebPage\",\"@id\":\"https:\/\/ship-tracker.org\/nl\/cruise-ship-tracker\/\",\"url\":\"https:\/\/ship-tracker.org\/nl\/cruise-ship-tracker\/\",\"name\":\"Cruise Ship Tracker\u2503Current position location and Specifications\",\"isPartOf\":{\"@id\":\"https:\/\/ship-tracker.org\/#website\"},\"primaryImageOfPage\":{\"@id\":\"https:\/\/ship-tracker.org\/nl\/cruise-ship-tracker\/#primaryimage\"},\"image\":{\"@id\":\"https:\/\/ship-tracker.org\/nl\/cruise-ship-tracker\/#primaryimage\"},\"thumbnailUrl\":\"https:\/\/ship-tracker.org\/wp-content\/uploads\/2020\/04\/karte-kreuzfahrt-kreuzfahrtschiff-schiffsposition-schiffsradar-768x388-1.jpg\",\"datePublished\":\"2019-03-28T15:16:09+00:00\",\"dateModified\":\"2021-11-08T20:05:13+00:00\",\"description\":\"Cruise Ship Tracker \u2693 Current position of All Cruise ships \u2713 Ship Tracker \u2713 Live Ship Tracker \u2713 Review and Specifications \u2713 Webcam\",\"breadcrumb\":{\"@id\":\"https:\/\/ship-tracker.org\/nl\/cruise-ship-tracker\/#breadcrumb\"},\"inLanguage\":\"de\",\"potentialAction\":[{\"@type\":\"ReadAction\",\"target\":[\"https:\/\/ship-tracker.org\/nl\/cruise-ship-tracker\/\"]}]},{\"@type\":\"ImageObject\",\"inLanguage\":\"de\",\"@id\":\"https:\/\/ship-tracker.org\/nl\/cruise-ship-tracker\/#primaryimage\",\"url\":\"https:\/\/ship-tracker.org\/wp-content\/uploads\/2020\/04\/karte-kreuzfahrt-kreuzfahrtschiff-schiffsposition-schiffsradar-768x388-1.jpg\",\"contentUrl\":\"https:\/\/ship-tracker.org\/wp-content\/uploads\/2020\/04\/karte-kreuzfahrt-kreuzfahrtschiff-schiffsposition-schiffsradar-768x388-1.jpg\"},{\"@type\":\"BreadcrumbList\",\"@id\":\"https:\/\/ship-tracker.org\/nl\/cruise-ship-tracker\/#breadcrumb\",\"itemListElement\":[{\"@type\":\"ListItem\",\"position\":1,\"name\":\"Startseite\",\"item\":\"https:\/\/ship-tracker.org\/\"},{\"@type\":\"ListItem\",\"position\":2,\"name\":\"Cruise Ship Tracker\"}]},{\"@type\":\"WebSite\",\"@id\":\"https:\/\/ship-tracker.org\/#website\",\"url\":\"https:\/\/ship-tracker.org\/\",\"name\":\"Ship-tracker.org\",\"description\":\"\",\"potentialAction\":[{\"@type\":\"SearchAction\",\"target\":{\"@type\":\"EntryPoint\",\"urlTemplate\":\"https:\/\/ship-tracker.org\/?s={search_term_string}\"},\"query-input\":{\"@type\":\"PropertyValueSpecification\",\"valueRequired\":true,\"valueName\":\"search_term_string\"}}],\"inLanguage\":\"de\"}]}<\/script>\n<!-- \/ Yoast SEO plugin. -->","yoast_head_json":{"title":"Kreuzfahrtschiff-Tracker\u2503Aktueller Standort und Spezifikationen","description":"Kreuzfahrtschiff-Tracker \u2693 Aktuelle Position aller Kreuzfahrtschiffe \u2713 Schiffs-Tracker \u2713 Live-Schiffs-Tracker \u2713 \u00dcberpr\u00fcfung und Spezifikationen \u2713 Webcam","robots":{"index":"index","follow":"follow","max-snippet":"max-snippet:-1","max-image-preview":"max-image-preview:large","max-video-preview":"max-video-preview:-1"},"canonical":"https:\/\/ship-tracker.org\/de\/cruise-ship-tracker\/","og_locale":"de_DE","og_type":"article","og_title":"Cruise Ship Tracker\u2503Current position location and Specifications","og_description":"Cruise Ship Tracker \u2693 Current position of All Cruise ships \u2713 Ship Tracker \u2713 Live Ship Tracker \u2713 Review and Specifications \u2713 Webcam","og_url":"https:\/\/ship-tracker.org\/de\/cruise-ship-tracker\/","og_site_name":"Ship-tracker.org","article_modified_time":"2021-11-08T20:05:13+00:00","og_image":[{"url":"https:\/\/ship-tracker.org\/wp-content\/uploads\/2020\/04\/karte-kreuzfahrt-kreuzfahrtschiff-schiffsposition-schiffsradar-768x388-1.jpg","type":"","width":"","height":""}],"twitter_card":"summary_large_image","twitter_misc":{"Gesch\u00e4tzte Lesezeit":"6\u00a0Minuten"},"schema":{"@context":"https:\/\/schema.org","@graph":[{"@type":"WebPage","@id":"https:\/\/ship-tracker.org\/nl\/cruise-ship-tracker\/","url":"https:\/\/ship-tracker.org\/nl\/cruise-ship-tracker\/","name":"Kreuzfahrtschiff-Tracker\u2503Aktueller Standort und Spezifikationen","isPartOf":{"@id":"https:\/\/ship-tracker.org\/#website"},"primaryImageOfPage":{"@id":"https:\/\/ship-tracker.org\/nl\/cruise-ship-tracker\/#primaryimage"},"image":{"@id":"https:\/\/ship-tracker.org\/nl\/cruise-ship-tracker\/#primaryimage"},"thumbnailUrl":"https:\/\/ship-tracker.org\/wp-content\/uploads\/2020\/04\/karte-kreuzfahrt-kreuzfahrtschiff-schiffsposition-schiffsradar-768x388-1.jpg","datePublished":"2019-03-28T15:16:09+00:00","dateModified":"2021-11-08T20:05:13+00:00","description":"Kreuzfahrtschiff-Tracker \u2693 Aktuelle Position aller Kreuzfahrtschiffe \u2713 Schiffs-Tracker \u2713 Live-Schiffs-Tracker \u2713 \u00dcberpr\u00fcfung und Spezifikationen \u2713 Webcam","breadcrumb":{"@id":"https:\/\/ship-tracker.org\/nl\/cruise-ship-tracker\/#breadcrumb"},"inLanguage":"de","potentialAction":[{"@type":"ReadAction","target":["https:\/\/ship-tracker.org\/nl\/cruise-ship-tracker\/"]}]},{"@type":"ImageObject","inLanguage":"de","@id":"https:\/\/ship-tracker.org\/nl\/cruise-ship-tracker\/#primaryimage","url":"https:\/\/ship-tracker.org\/wp-content\/uploads\/2020\/04\/karte-kreuzfahrt-kreuzfahrtschiff-schiffsposition-schiffsradar-768x388-1.jpg","contentUrl":"https:\/\/ship-tracker.org\/wp-content\/uploads\/2020\/04\/karte-kreuzfahrt-kreuzfahrtschiff-schiffsposition-schiffsradar-768x388-1.jpg"},{"@type":"BreadcrumbList","@id":"https:\/\/ship-tracker.org\/nl\/cruise-ship-tracker\/#breadcrumb","itemListElement":[{"@type":"ListItem","position":1,"name":"Startseite","item":"https:\/\/ship-tracker.org\/"},{"@type":"ListItem","position":2,"name":"Cruise Ship Tracker"}]},{"@type":"WebSite","@id":"https:\/\/ship-tracker.org\/#website","url":"https:\/\/ship-tracker.org\/","name":"Ship-tracker.org","description":"","potentialAction":[{"@type":"SearchAction","target":{"@type":"EntryPoint","urlTemplate":"https:\/\/ship-tracker.org\/?s={search_term_string}"},"query-input":{"@type":"PropertyValueSpecification","valueRequired":true,"valueName":"search_term_string"}}],"inLanguage":"de"}]}},"_links":{"self":[{"href":"https:\/\/ship-tracker.org\/de\/wp-json\/wp\/v2\/pages\/745","targetHints":{"allow":["GET"]}}],"collection":[{"href":"https:\/\/ship-tracker.org\/de\/wp-json\/wp\/v2\/pages"}],"about":[{"href":"https:\/\/ship-tracker.org\/de\/wp-json\/wp\/v2\/types\/page"}],"author":[{"embeddable":true,"href":"https:\/\/ship-tracker.org\/de\/wp-json\/wp\/v2\/users\/1"}],"replies":[{"embeddable":true,"href":"https:\/\/ship-tracker.org\/de\/wp-json\/wp\/v2\/comments?post=745"}],"version-history":[{"count":10,"href":"https:\/\/ship-tracker.org\/de\/wp-json\/wp\/v2\/pages\/745\/revisions"}],"predecessor-version":[{"id":2026,"href":"https:\/\/ship-tracker.org\/de\/wp-json\/wp\/v2\/pages\/745\/revisions\/2026"}],"wp:attachment":[{"href":"https:\/\/ship-tracker.org\/de\/wp-json\/wp\/v2\/media?parent=745"}],"curies":[{"name":"wp","href":"https:\/\/api.w.org\/{rel}","templated":true}]}}