{"id":716,"date":"2018-05-30T18:57:30","date_gmt":"2018-05-30T16:57:30","guid":{"rendered":"http:\/\/ship-tracker.org\/?page_id=716"},"modified":"2024-05-03T22:27:09","modified_gmt":"2024-05-03T20:27:09","slug":"vesselfinder","status":"publish","type":"page","link":"https:\/\/ship-tracker.org\/de\/vesselfinder\/","title":{"rendered":"Schiffsfinder"},"content":{"rendered":"<p><script async src=\"https:\/\/pagead2.googlesyndication.com\/pagead\/js\/adsbygoogle.js\"><span data-mce-type=\"bookmark\" style=\"display: inline-block; width: 0px; overflow: hidden; line-height: 0;\" class=\"mce_SELRES_start\">\ufeff<\/span><span data-mce-type=\"bookmark\" style=\"display: inline-block; width: 0px; overflow: hidden; line-height: 0;\" class=\"mce_SELRES_start\">\ufeff<\/span><\/script><br \/>\n<!-- Ship-Tracker Display --><br \/>\n<ins class=\"adsbygoogle\" style=\"display: block;\" data-ad-client=\"ca-pub-1316785063791781\" data-ad-slot=\"8075999632\" data-ad-format=\"auto\" data-full-width-responsive=\"true\"><\/ins><br \/>\n<script>\n     (adsbygoogle = window.adsbygoogle || []).push({});\n<\/script><\/p>\n<h2>Echtzeit-Schiffsverfolgung durch VesselFinder<\/h2>\n<p><script type=\"text\/javascript\">\n  var width=\"1500\";\n  var height=\"500\";\n  var zoom=\"3\";\n  var click_to_activate=false;\n<\/script><br \/>\n<script type=\"text\/javascript\" src=\"https:\/\/www.vesselfinder.com\/aismap.js\">\n<\/script><br \/>\n<script async src=\"https:\/\/pagead2.googlesyndication.com\/pagead\/js\/adsbygoogle.js\"><\/script><br \/>\n<!-- Schip-Tracker Linkanzeigen --><br \/>\n<ins class=\"adsbygoogle\" style=\"display: block;\" data-ad-client=\"ca-pub-1316785063791781\" data-ad-slot=\"3429004156\" data-ad-format=\"link\" data-full-width-responsive=\"true\"><\/ins><br \/>\n<script>\n     (adsbygoogle = window.adsbygoogle || []).push({});\n<\/script><\/p>\n<p class=\"p1\" style=\"text-align: justify;\"><span class=\"s1\">Der Schiffsfinder bietet t\u00e4glich Echtzeitdaten von mehr als 100.000 Schiffen mit Hilfe eines gro\u00dfen Netzwerks terrestrischer AIS-Empf\u00e4nger, das 2011 gegr\u00fcndet wurde.\u00a0<\/span><\/p>\n<p class=\"p1\" style=\"text-align: justify;\"><span class=\"s1\">Vesselfinder bietet Dienste auf digitalen, sozialen und mobilen Plattformen an. VesselFinder bietet effiziente \u00dcberwachungsdienste, Hafenanl\u00e4ufe, Stammdaten und eine detaillierte Reisehistorie jedes Schiffes. Dar\u00fcber hinaus werden auch historische AIS-Datendienste bereitgestellt, die ma\u00dfgeschneiderte Schiffsbewegungsberichte, Analysen der Verkehrsdichte und Videosimulationen von Schiffsbewegungen liefern.<span class=\"Apple-converted-space\">\u00a0 <\/span>unter anderem.<span class=\"Apple-converted-space\">\u00a0 \u00a0<\/span><\/span><\/p>\n<h2>Wie funktioniert VesselFinder?<\/h2>\n<p class=\"p1\" style=\"text-align: justify;\"><span class=\"s1\">AIS Live <a href=\"https:\/\/ship-tracker.org\/de\/ship-tracker\/\">Schiffsverfolgung<\/a><span class=\"Apple-converted-space\">\u00a0\u00a0<\/span>ist ein Ort, an dem Menschen nach ihrem eigenen Gef\u00e4\u00df, ihrem eigenen Gef\u00e4\u00df, suchen k\u00f6nnen<span class=\"Apple-converted-space\">\u00a0 <\/span>Mitbewerber, alle Orte weltweit, aktuelle Nachrichten aus der maritimen Industrie<span class=\"Apple-converted-space\">\u00a0 <\/span>und Gesch\u00e4ft. Der AIS Live-Schiffsverfolgungsdienst von Vesselfinder ist ein v\u00f6llig kostenloser internetbasierter Dienst, der nicht reglementiert ist<\/span><span class=\"s1\">Uire irgendjemand<span class=\"Apple-converted-space\">\u00a0 <\/span>Registrierung, es ist auch mit einer sehr schnellen Schnittstelle und g<\/span><span class=\"s1\">Ganz einfach<span class=\"Apple-converted-space\">\u00a0 <\/span>Navigationseinrichtung. Es gibt auch eine modifizierte einfache Karte mit wenig<span class=\"Apple-converted-space\">\u00a0 <\/span>Symbole f\u00fcr die Schiffspositionen, was f\u00fcr die Benutzer bei der Schiffsverfolgung besser ist.\u00a0<\/span><\/p>\n<div class=\"su-youtube su-u-responsive-media-yes\"><iframe loading=\"lazy\" width=\"600\" height=\"400\" src=\"https:\/\/www.youtube.com\/embed\/fIbwRnq4jdo?\" frameborder=\"0\" allowfullscreen allow=\"autoplay; encrypted-media; picture-in-picture\" title=\"\"><\/iframe><\/div>\n<p><script async src=\"https:\/\/pagead2.googlesyndication.com\/pagead\/js\/adsbygoogle.js\"><\/script><br \/>\n<!-- Ship-Tracker Display --><br \/>\n<ins class=\"adsbygoogle\" style=\"display: block;\" data-ad-client=\"ca-pub-1316785063791781\" data-ad-slot=\"8075999632\" data-ad-format=\"auto\" data-full-width-responsive=\"true\"><\/ins><br \/>\n<script>\n     (adsbygoogle = window.adsbygoogle || []).push({});\n<\/script><\/p>\n<h2>VesselFinder Informationen zu Schiffen, Ladung und Co.<\/h2>\n<p style=\"text-align: justify;\">Mit VesselFinder haben Sie Zugriff auf viel mehr Daten, Sie k\u00f6nnen nicht nur die aktuelle Position der Schiffe verfolgen. Bei einigen Schiffen und Modellen sind beispielsweise Bilder vorhanden. Dank dieser k\u00f6nnen Sie sich direkt einen pers\u00f6nlichen Eindruck vom Schiff machen, ein einfacher Klick oder ein Tipp auf das entsprechende Symbol auf der Karte gen\u00fcgt.<\/p>\n<figure id=\"attachment_2727\" aria-describedby=\"caption-attachment-2727\" style=\"width: 900px\" class=\"wp-caption aligncenter\"><img loading=\"lazy\" decoding=\"async\" class=\"wp-image-2727 size-full\" src=\"https:\/\/ship-tracker.org\/wp-content\/uploads\/2020\/05\/Unbenannt44-e1589046113367.png\" alt=\"Schiffsfinder\" width=\"900\" height=\"455\" srcset=\"https:\/\/ship-tracker.org\/wp-content\/uploads\/2020\/05\/Unbenannt44-e1589046113367.png 900w, https:\/\/ship-tracker.org\/wp-content\/uploads\/2020\/05\/Unbenannt44-e1589046113367-300x152.png 300w, https:\/\/ship-tracker.org\/wp-content\/uploads\/2020\/05\/Unbenannt44-e1589046113367-768x388.png 768w\" sizes=\"auto, (max-width: 900px) 100vw, 900px\" \/><figcaption id=\"caption-attachment-2727\" class=\"wp-caption-text\">Screenshot \u00a9 VesselFinder.com<\/figcaption><\/figure>\n<p style=\"text-align: justify;\">Dar\u00fcber hinaus stehen Ihnen Informationen \u00fcber die Ladung und den Bestimmungsort des Schiffes zur Verf\u00fcgung. Wenn Sie au\u00dferdem wissen m\u00f6chten, wo das Schiff gestartet ist und wie lange die Fahrt dauert, ist auch das kein Problem. Und nicht zuletzt d\u00fcrfte f\u00fcr viele auch die aktuelle Geschwindigkeit der Schiffe interessant sein. Sie k\u00f6nnen sie sogar sehen, sie werden in regelm\u00e4\u00dfigen Abst\u00e4nden aktualisiert.<\/p>\n<p style=\"text-align: justify;\">Probieren Sie den Schiffsfinder selbst aus und lassen Sie sich von der Funktionalit\u00e4t und der einfachen Bedienung \u00fcberzeugen. Wir w\u00fcnschen Ihnen viel Spa\u00df!<\/p>\n<p>Wenn Sie zus\u00e4tzliche Echtzeitdaten von verschiedenen Radartypen suchen, einschlie\u00dflich Flug-, See-, Wetter- und mehr, finden Sie diese auf der Website <a href=\"https:\/\/live-radar.org\/\" target=\"_blank\" rel=\"noopener noreferrer\">https:\/\/live-radar.org\/<\/a>.<\/p>\n<h3>Die verschiedenen Schiffstypen bei VesselFinder<\/h3>\n<p>Es gibt eine gro\u00dfe Anzahl von Schiffen, die mit VesselFinder verfolgt werden k\u00f6nnen. In unserer Tabelle haben wir alle Schiffstypen mit den Symbolen und der Bedeutung auf dem Schiffsradar zusammengefasst. Mithilfe der Tabelle k\u00f6nnen Sie leicht erkennen, wo sich das Schiff befindet.<\/p>\n<table style=\"border-collapse: collapse; width: 100%;\">\n<tbody>\n<tr>\n<td style=\"width: 33.3333%;\"><strong>SCHIFFSTYP<\/strong><\/td>\n<td style=\"width: 33.3333%; text-align: center;\"><strong>SCHIFFSTYP<\/strong><\/td>\n<td style=\"width: 33.3333%; text-align: center;\"><strong>SCHIFFSTYP<\/strong><\/td>\n<\/tr>\n<tr>\n<td style=\"width: 33.3333%;\">Handelsschiff<\/td>\n<td style=\"width: 33.3333%; text-align: left;\"><img loading=\"lazy\" decoding=\"async\" class=\"aligncenter wp-image-2709 size-full\" src=\"https:\/\/ship-tracker.org\/wp-content\/uploads\/2020\/05\/icon_4_8.png\" alt=\"Handelsschiff\" width=\"32\" height=\"32\" \/><\/td>\n<td style=\"width: 33.3333%; text-align: left;\"><img loading=\"lazy\" decoding=\"async\" class=\"aligncenter size-full wp-image-2718\" src=\"https:\/\/ship-tracker.org\/wp-content\/uploads\/2020\/05\/icon_4_32.png\" alt=\"\" width=\"32\" height=\"32\" \/><\/td>\n<\/tr>\n<tr>\n<td style=\"width: 33.3333%;\">Tanker<\/td>\n<td style=\"width: 33.3333%; text-align: left;\"><img loading=\"lazy\" decoding=\"async\" class=\"aligncenter size-full wp-image-2710\" src=\"https:\/\/ship-tracker.org\/wp-content\/uploads\/2020\/05\/icon_6_8.png\" alt=\"Tanker\" width=\"32\" height=\"32\" \/><\/td>\n<td style=\"width: 33.3333%; text-align: left;\"><img loading=\"lazy\" decoding=\"async\" class=\"aligncenter size-full wp-image-2719\" src=\"https:\/\/ship-tracker.org\/wp-content\/uploads\/2020\/05\/icon_6_32.png\" alt=\"\" width=\"32\" height=\"32\" \/><\/td>\n<\/tr>\n<tr>\n<td style=\"width: 33.3333%;\">Milit\u00e4rschiffe<\/td>\n<td style=\"width: 33.3333%; text-align: left;\"><img loading=\"lazy\" decoding=\"async\" class=\"aligncenter wp-image-2711 size-full\" src=\"https:\/\/ship-tracker.org\/wp-content\/uploads\/2020\/05\/icon_7_8.png\" alt=\"Milit\u00e4rschiffe\" width=\"32\" height=\"32\" \/><\/td>\n<td style=\"width: 33.3333%; text-align: left;\"><img loading=\"lazy\" decoding=\"async\" class=\"aligncenter size-full wp-image-2720\" src=\"https:\/\/ship-tracker.org\/wp-content\/uploads\/2020\/05\/icon_7_32.png\" alt=\"\" width=\"32\" height=\"32\" \/><\/td>\n<\/tr>\n<tr>\n<td style=\"width: 33.3333%;\">Passagierschiff<\/td>\n<td style=\"width: 33.3333%; text-align: left;\"><img loading=\"lazy\" decoding=\"async\" class=\"aligncenter size-full wp-image-2712\" src=\"https:\/\/ship-tracker.org\/wp-content\/uploads\/2020\/05\/icon_3_8.png\" alt=\"Passagierschiff\" width=\"32\" height=\"32\" \/><\/td>\n<td style=\"width: 33.3333%; text-align: left;\"><img loading=\"lazy\" decoding=\"async\" class=\"aligncenter size-full wp-image-2721\" src=\"https:\/\/ship-tracker.org\/wp-content\/uploads\/2020\/05\/icon_3_32.png\" alt=\"\" width=\"32\" height=\"32\" \/><\/td>\n<\/tr>\n<tr>\n<td style=\"width: 33.3333%;\">Fischerboot<\/td>\n<td style=\"width: 33.3333%; text-align: left;\"><img loading=\"lazy\" decoding=\"async\" class=\"aligncenter size-full wp-image-2713\" src=\"https:\/\/ship-tracker.org\/wp-content\/uploads\/2020\/05\/icon_5_8.png\" alt=\"Fischerboot\" width=\"32\" height=\"32\" \/><\/td>\n<td style=\"width: 33.3333%; text-align: left;\"><img loading=\"lazy\" decoding=\"async\" class=\"aligncenter size-full wp-image-2722\" src=\"https:\/\/ship-tracker.org\/wp-content\/uploads\/2020\/05\/icon_5_32.png\" alt=\"\" width=\"32\" height=\"32\" \/><\/td>\n<\/tr>\n<tr>\n<td style=\"width: 33.3333%;\">Schnellboot<\/td>\n<td style=\"width: 33.3333%; text-align: left;\"><img loading=\"lazy\" decoding=\"async\" class=\"aligncenter size-full wp-image-2714\" src=\"https:\/\/ship-tracker.org\/wp-content\/uploads\/2020\/05\/icon_2_8.png\" alt=\"Schnellboote\" width=\"32\" height=\"32\" \/><\/td>\n<td style=\"width: 33.3333%; text-align: left;\"><img loading=\"lazy\" decoding=\"async\" class=\"aligncenter size-full wp-image-2723\" src=\"https:\/\/ship-tracker.org\/wp-content\/uploads\/2020\/05\/icon_2_32.png\" alt=\"\" width=\"32\" height=\"32\" \/><\/td>\n<\/tr>\n<tr>\n<td style=\"width: 33.3333%;\">Segelschiff<\/td>\n<td style=\"width: 33.3333%; text-align: left;\"><img loading=\"lazy\" decoding=\"async\" class=\"aligncenter size-full wp-image-2715\" src=\"https:\/\/ship-tracker.org\/wp-content\/uploads\/2020\/05\/icon_8_8.png\" alt=\"Segelschiff\" width=\"32\" height=\"32\" \/><\/td>\n<td style=\"width: 33.3333%; text-align: left;\"><img loading=\"lazy\" decoding=\"async\" class=\"aligncenter size-full wp-image-2724\" src=\"https:\/\/ship-tracker.org\/wp-content\/uploads\/2020\/05\/icon_8_32.png\" alt=\"\" width=\"32\" height=\"32\" \/><\/td>\n<\/tr>\n<tr>\n<td style=\"width: 33.3333%;\">anderes Schiff<\/td>\n<td style=\"width: 33.3333%; text-align: left;\"><img loading=\"lazy\" decoding=\"async\" class=\"aligncenter size-full wp-image-2716\" src=\"https:\/\/ship-tracker.org\/wp-content\/uploads\/2020\/05\/icon_1_8.png\" alt=\"anderes Schiff\" width=\"32\" height=\"32\" \/><\/td>\n<td style=\"width: 33.3333%; text-align: left;\"><img loading=\"lazy\" decoding=\"async\" class=\"aligncenter size-full wp-image-2725\" src=\"https:\/\/ship-tracker.org\/wp-content\/uploads\/2020\/05\/icon_1_32.png\" alt=\"\" width=\"32\" height=\"32\" \/><\/td>\n<\/tr>\n<tr>\n<td style=\"width: 33.3333%;\">andere Objekte<\/td>\n<td style=\"width: 33.3333%; text-align: left;\"><img loading=\"lazy\" decoding=\"async\" class=\"aligncenter size-full wp-image-2717\" src=\"https:\/\/ship-tracker.org\/wp-content\/uploads\/2020\/05\/andere-Objekte.png\" alt=\"andere Objekte\" width=\"32\" height=\"32\" \/><\/td>\n<td style=\"width: 33.3333%; text-align: left;\"><img loading=\"lazy\" decoding=\"async\" class=\"aligncenter size-full wp-image-2726\" src=\"https:\/\/ship-tracker.org\/wp-content\/uploads\/2020\/05\/icon_0_32.png\" alt=\"\" width=\"32\" height=\"32\" \/><\/td>\n<\/tr>\n<\/tbody>\n<\/table>\n<h2 class=\"p1\"><span class=\"s1\">Hauptmerkmale des Vesselfinder-Schiffsverfolgungssystems:<\/span><\/h2>\n<p>VesselFinder basiert auf dem automatischen Identifikationssystem (AIS). Ein umfangreiches Netzwerk von Empf\u00e4ngern auf der ganzen Welt sendet st\u00e4ndig Signale aus, die der Ortungsdienst entschl\u00fcsselt und in das Material umwandelt, das Sie auf der Website sehen k\u00f6nnen.<\/p>\n<ul class=\"ul1\">\n<li class=\"li1\"><span class=\"s1\">Es handelt sich um eine weltweite Berichterstattung <\/span><\/li>\n<li class=\"li1\"><span class=\"s1\">Benutzer k\u00f6nnen Schiffe nach Name, IMO-Nummer und MMSI durchsuchen. F\u00fcr die Benutzer ist es wirklich einfach, die Schiffsdetails in die Suchleiste einzugeben und die gew\u00fcnschten Informationen zu finden. <\/span><\/li>\n<li class=\"li1\"><span class=\"s1\">In der Vessel Finder-Datenbank finden Sie Informationen zu \u00fcber 150.000 Schiffen, Name, Reiseziel, Typ und Ziel <\/span><\/li>\n<li class=\"li1\"><span class=\"s1\">F\u00fcr alle Schiffe k\u00f6nnen Benutzer die Schiffspositionen, den Kurs und die Geschichte finden. <\/span><\/li>\n<li class=\"li1\"><span class=\"s1\">Aktuelle Meeresnachrichten \u00fcber Vorf\u00e4lle, Piraten, Finanzen, neue Schiffe, Orte und viele andere kuriose Ereignisse. <\/span><\/li>\n<li class=\"li1\"><span class=\"s1\">Mit der Hafendatenbank des Vesselfinder k\u00f6nnen Benutzer nach ankommenden und abfahrenden Schiffen suchen <\/span><\/li>\n<li class=\"li1\"><span class=\"s1\">Es gibt auch eine Galerie mit Schiffsfotos. <\/span><\/li>\n<li class=\"li1\"><span class=\"s1\">Der Vessel Finder sieht sehr benutzerfreundlich aus, hat ein wirklich einfaches Design und ist einfach zu bedienen. <\/span><\/li>\n<li class=\"li1\"><span class=\"s1\">Kontinuierliche Erweiterung der Abdeckung f\u00fcr H\u00e4fen und Schiffe.<\/span><\/li>\n<\/ul>\n<p>Das AIS Live Vessel Tracking System dient zur genauen Positionsbestimmung der Schiffe und zeigt deren aktuelle Position, Geschwindigkeit, Typ, Bewegung usw. an. Dieses Schiffsverfolgungssystem wurde in erster Linie entwickelt, um Schiffskollisionen im Schiffsverkehr zu vermeiden.<\/p>\n<h3>VesselFinder-Mobilanwendungen<\/h3>\n<p>Die mobile Version der VesselFinder-Beobachtung ist ebenfalls kostenlos und kann sein <a href=\"https:\/\/play.google.com\/store\/apps\/details?id=com.astrapaging.vff&amp;hl=de\" target=\"_blank\" rel=\"noopener noreferrer\">als App f\u00fcr Android heruntergeladen<\/a> und iOS. Dadurch k\u00f6nnen Sie Schiffsbewegungen auch unterwegs sehr gut verfolgen. Zur mobilen Version gelangen Sie ganz einfach \u00fcber den entsprechenden Link auf der Radarkarte unten rechts.<\/p>\n<h3>Nutzen Sie die gro\u00dfe Karte von VesselFinder<\/h3>\n<p>Tausende Schiffe, die gleichzeitig unterwegs sind und alle Meere der Welt befahren. Hier kann man schnell den \u00dcberblick verlieren. Damit Ihnen das nicht passiert, k\u00f6nnen Sie mit VesselFinder alle Informationen direkt auf einer vollst\u00e4ndigen Weltkarte einsehen. Hier sehen Sie nicht nur alle Schiffe, Kontinente und Ozeane auf den ersten Blick, sondern haben auch die M\u00f6glichkeit, sich auf einen bestimmten Bereich zu konzentrieren. Speziell f\u00fcr diesen Zweck verf\u00fcgt das Schiffsradar \u00fcber eine einfache M\u00f6glichkeit, diese Karte zu vergr\u00f6\u00dfern und zu verkleinern.<\/p>\n<p class=\"p1\"><span class=\"s1\">Vesselfinder-System zur Schiffsverfolgung und <a href=\"https:\/\/ship-tracker.org\/de\/marinetraffic\/\">Seeverkehr<\/a> verwendet Oren Street Map, das v\u00f6llig kostenlose Daten \u00fcber die Erde und eine Karte f\u00fcr die ganze Welt ins Leben ruft und sichert.<\/span><\/p>","protected":false},"excerpt":{"rendered":"<p>Schiffsverfolgung in Echtzeit durch VesselFinder. VesselFinder bietet mithilfe eines gro\u00dfen Netzwerks terrestrischer AIS-Empf\u00e4nger, das 2011 gestartet und eingerichtet wurde, t\u00e4glich Echtzeitdaten zu mehr als 100.000 Schiffen. VesselFinder bietet Dienste \u00fcber digitale, soziale und mobile Plattformen an. VesselFinder bietet effiziente \u00dcberwachungsdienste, Hafenanl\u00e4ufe und Stammdaten und \u2026&nbsp;<a href=\"https:\/\/ship-tracker.org\/de\/vesselfinder\/\" rel=\"bookmark\">Weiterlesen \u00bb<span class=\"screen-reader-text\">Schiffsfinder<\/span><\/a><\/p>","protected":false},"author":1,"featured_media":0,"parent":0,"menu_order":0,"comment_status":"closed","ping_status":"closed","template":"","meta":{"neve_meta_sidebar":"","neve_meta_container":"","neve_meta_enable_content_width":"off","neve_meta_content_width":100,"neve_meta_title_alignment":"","neve_meta_author_avatar":"","neve_post_elements_order":"","neve_meta_disable_header":"","neve_meta_disable_footer":"","neve_meta_disable_title":"","neve_meta_reading_time":"","footnotes":""},"class_list":["post-716","page","type-page","status-publish","hentry"],"yoast_head":"<!-- This site is optimized with the Yoast SEO plugin v26.9 - https:\/\/yoast.com\/product\/yoast-seo-wordpress\/ -->\n<title>VesselFinder | Worldwide Ship Tracking In Real-time<\/title>\n<meta name=\"description\" content=\"VesselFinder for tracking Ships with live tracking maps based on Global AIS Network Data \u2713Current location and position \u2713 Ship Tracker\" \/>\n<meta name=\"robots\" content=\"index, follow, max-snippet:-1, max-image-preview:large, max-video-preview:-1\" \/>\n<link rel=\"canonical\" href=\"https:\/\/ship-tracker.org\/de\/vesselfinder\/\" \/>\n<meta property=\"og:locale\" content=\"de_DE\" \/>\n<meta property=\"og:type\" content=\"article\" \/>\n<meta property=\"og:title\" content=\"VesselFinder | Worldwide Ship Tracking In Real-time\" \/>\n<meta property=\"og:description\" content=\"VesselFinder for tracking Ships with live tracking maps based on Global AIS Network Data \u2713Current location and position \u2713 Ship Tracker\" \/>\n<meta property=\"og:url\" content=\"https:\/\/ship-tracker.org\/de\/vesselfinder\/\" \/>\n<meta property=\"og:site_name\" content=\"Ship-tracker.org\" \/>\n<meta property=\"article:modified_time\" content=\"2024-05-03T20:27:09+00:00\" \/>\n<meta property=\"og:image\" content=\"https:\/\/ship-tracker.org\/wp-content\/uploads\/2020\/05\/Unbenannt44-e1589046113367.png\" \/>\n<meta name=\"twitter:card\" content=\"summary_large_image\" \/>\n<meta name=\"twitter:label1\" content=\"Gesch\u00e4tzte Lesezeit\" \/>\n\t<meta name=\"twitter:data1\" content=\"8\u00a0Minuten\" \/>\n<script type=\"application\/ld+json\" class=\"yoast-schema-graph\">{\"@context\":\"https:\/\/schema.org\",\"@graph\":[{\"@type\":\"WebPage\",\"@id\":\"https:\/\/ship-tracker.org\/vesselfinder\/\",\"url\":\"https:\/\/ship-tracker.org\/vesselfinder\/\",\"name\":\"VesselFinder | Worldwide Ship Tracking In Real-time\",\"isPartOf\":{\"@id\":\"https:\/\/ship-tracker.org\/#website\"},\"primaryImageOfPage\":{\"@id\":\"https:\/\/ship-tracker.org\/vesselfinder\/#primaryimage\"},\"image\":{\"@id\":\"https:\/\/ship-tracker.org\/vesselfinder\/#primaryimage\"},\"thumbnailUrl\":\"https:\/\/ship-tracker.org\/wp-content\/uploads\/2020\/05\/Unbenannt44-e1589046113367.png\",\"datePublished\":\"2018-05-30T16:57:30+00:00\",\"dateModified\":\"2024-05-03T20:27:09+00:00\",\"description\":\"VesselFinder for tracking Ships with live tracking maps based on Global AIS Network Data \u2713Current location and position \u2713 Ship Tracker\",\"breadcrumb\":{\"@id\":\"https:\/\/ship-tracker.org\/vesselfinder\/#breadcrumb\"},\"inLanguage\":\"de\",\"potentialAction\":[{\"@type\":\"ReadAction\",\"target\":[\"https:\/\/ship-tracker.org\/vesselfinder\/\"]}]},{\"@type\":\"ImageObject\",\"inLanguage\":\"de\",\"@id\":\"https:\/\/ship-tracker.org\/vesselfinder\/#primaryimage\",\"url\":\"https:\/\/ship-tracker.org\/wp-content\/uploads\/2020\/05\/Unbenannt44-e1589046113367.png\",\"contentUrl\":\"https:\/\/ship-tracker.org\/wp-content\/uploads\/2020\/05\/Unbenannt44-e1589046113367.png\"},{\"@type\":\"BreadcrumbList\",\"@id\":\"https:\/\/ship-tracker.org\/vesselfinder\/#breadcrumb\",\"itemListElement\":[{\"@type\":\"ListItem\",\"position\":1,\"name\":\"Startseite\",\"item\":\"https:\/\/ship-tracker.org\/\"},{\"@type\":\"ListItem\",\"position\":2,\"name\":\"VesselFinder\"}]},{\"@type\":\"WebSite\",\"@id\":\"https:\/\/ship-tracker.org\/#website\",\"url\":\"https:\/\/ship-tracker.org\/\",\"name\":\"Ship-tracker.org\",\"description\":\"\",\"potentialAction\":[{\"@type\":\"SearchAction\",\"target\":{\"@type\":\"EntryPoint\",\"urlTemplate\":\"https:\/\/ship-tracker.org\/?s={search_term_string}\"},\"query-input\":{\"@type\":\"PropertyValueSpecification\",\"valueRequired\":true,\"valueName\":\"search_term_string\"}}],\"inLanguage\":\"de\"}]}<\/script>\n<!-- \/ Yoast SEO plugin. -->","yoast_head_json":{"title":"Schiffsfinder | Weltweite Schiffsverfolgung in Echtzeit","description":"VesselFinder zur Verfolgung von Schiffen mit Live-Tracking-Karten basierend auf globalen AIS-Netzwerkdaten \u2713Aktueller Standort und Position \u2713 Ship Tracker","robots":{"index":"index","follow":"follow","max-snippet":"max-snippet:-1","max-image-preview":"max-image-preview:large","max-video-preview":"max-video-preview:-1"},"canonical":"https:\/\/ship-tracker.org\/de\/vesselfinder\/","og_locale":"de_DE","og_type":"article","og_title":"VesselFinder | Worldwide Ship Tracking In Real-time","og_description":"VesselFinder for tracking Ships with live tracking maps based on Global AIS Network Data \u2713Current location and position \u2713 Ship Tracker","og_url":"https:\/\/ship-tracker.org\/de\/vesselfinder\/","og_site_name":"Ship-tracker.org","article_modified_time":"2024-05-03T20:27:09+00:00","og_image":[{"url":"https:\/\/ship-tracker.org\/wp-content\/uploads\/2020\/05\/Unbenannt44-e1589046113367.png","type":"","width":"","height":""}],"twitter_card":"summary_large_image","twitter_misc":{"Gesch\u00e4tzte Lesezeit":"8\u00a0Minuten"},"schema":{"@context":"https:\/\/schema.org","@graph":[{"@type":"WebPage","@id":"https:\/\/ship-tracker.org\/vesselfinder\/","url":"https:\/\/ship-tracker.org\/vesselfinder\/","name":"Schiffsfinder | Weltweite Schiffsverfolgung in Echtzeit","isPartOf":{"@id":"https:\/\/ship-tracker.org\/#website"},"primaryImageOfPage":{"@id":"https:\/\/ship-tracker.org\/vesselfinder\/#primaryimage"},"image":{"@id":"https:\/\/ship-tracker.org\/vesselfinder\/#primaryimage"},"thumbnailUrl":"https:\/\/ship-tracker.org\/wp-content\/uploads\/2020\/05\/Unbenannt44-e1589046113367.png","datePublished":"2018-05-30T16:57:30+00:00","dateModified":"2024-05-03T20:27:09+00:00","description":"VesselFinder zur Verfolgung von Schiffen mit Live-Tracking-Karten basierend auf globalen AIS-Netzwerkdaten \u2713Aktueller Standort und Position \u2713 Ship Tracker","breadcrumb":{"@id":"https:\/\/ship-tracker.org\/vesselfinder\/#breadcrumb"},"inLanguage":"de","potentialAction":[{"@type":"ReadAction","target":["https:\/\/ship-tracker.org\/vesselfinder\/"]}]},{"@type":"ImageObject","inLanguage":"de","@id":"https:\/\/ship-tracker.org\/vesselfinder\/#primaryimage","url":"https:\/\/ship-tracker.org\/wp-content\/uploads\/2020\/05\/Unbenannt44-e1589046113367.png","contentUrl":"https:\/\/ship-tracker.org\/wp-content\/uploads\/2020\/05\/Unbenannt44-e1589046113367.png"},{"@type":"BreadcrumbList","@id":"https:\/\/ship-tracker.org\/vesselfinder\/#breadcrumb","itemListElement":[{"@type":"ListItem","position":1,"name":"Startseite","item":"https:\/\/ship-tracker.org\/"},{"@type":"ListItem","position":2,"name":"VesselFinder"}]},{"@type":"WebSite","@id":"https:\/\/ship-tracker.org\/#website","url":"https:\/\/ship-tracker.org\/","name":"Ship-tracker.org","description":"","potentialAction":[{"@type":"SearchAction","target":{"@type":"EntryPoint","urlTemplate":"https:\/\/ship-tracker.org\/?s={search_term_string}"},"query-input":{"@type":"PropertyValueSpecification","valueRequired":true,"valueName":"search_term_string"}}],"inLanguage":"de"}]}},"_links":{"self":[{"href":"https:\/\/ship-tracker.org\/de\/wp-json\/wp\/v2\/pages\/716","targetHints":{"allow":["GET"]}}],"collection":[{"href":"https:\/\/ship-tracker.org\/de\/wp-json\/wp\/v2\/pages"}],"about":[{"href":"https:\/\/ship-tracker.org\/de\/wp-json\/wp\/v2\/types\/page"}],"author":[{"embeddable":true,"href":"https:\/\/ship-tracker.org\/de\/wp-json\/wp\/v2\/users\/1"}],"replies":[{"embeddable":true,"href":"https:\/\/ship-tracker.org\/de\/wp-json\/wp\/v2\/comments?post=716"}],"version-history":[{"count":10,"href":"https:\/\/ship-tracker.org\/de\/wp-json\/wp\/v2\/pages\/716\/revisions"}],"predecessor-version":[{"id":5321,"href":"https:\/\/ship-tracker.org\/de\/wp-json\/wp\/v2\/pages\/716\/revisions\/5321"}],"wp:attachment":[{"href":"https:\/\/ship-tracker.org\/de\/wp-json\/wp\/v2\/media?parent=716"}],"curies":[{"name":"wp","href":"https:\/\/api.w.org\/{rel}","templated":true}]}}