{"id":6,"date":"2017-09-13T13:59:08","date_gmt":"2017-09-13T11:59:08","guid":{"rendered":"http:\/\/ship-tracker.org\/?page_id=6"},"modified":"2017-09-14T16:43:07","modified_gmt":"2017-09-14T14:43:07","slug":"disclaimer","status":"publish","type":"page","link":"https:\/\/ship-tracker.org\/de\/disclaimer\/","title":{"rendered":"Haftungsausschluss"},"content":{"rendered":"<p style=\"text-align: justify;\"><span style=\"font-family: georgia, palatino, serif;\"><span style=\"font-family: helvetica, arial, sans-serif;\">Die Website von Ship-Tracker.org (die \u201eWebsite\u201c) ist ein Online-Informationsdienst. \u201eShip-tracker.org\u201c, vorbehaltlich Ihrer Einhaltung der unten aufgef\u00fchrten Gesch\u00e4ftsbedingungen.<\/span>\u00a0<span style=\"font-family: helvetica, arial, sans-serif;\"><strong>Bitte lesen Sie dieses Dokument sorgf\u00e4ltig durch, bevor Sie auf die Website zugreifen oder diese nutzen. Durch den Zugriff auf oder die Nutzung der Website erkl\u00e4ren Sie sich mit den unten aufgef\u00fchrten Gesch\u00e4ftsbedingungen einverstanden. WENN SIE NICHT AN DIESE GESCH\u00c4FTSBEDINGUNGEN GEBUNDEN SEIN M\u00d6CHTEN, D\u00dcRFEN SIE NICHT AUF DIE WEBSITE ZUGREIFEN ODER DIESE NUTZEN. Ship-tracker.org KANN DIESE VEREINBARUNG JEDERZEIT \u00c4NDERN. SOLCHE \u00c4NDERUNGEN WERDEN SOFORT NACH DER VER\u00d6FFENTLICHUNG DER GE\u00c4NDERTEN VEREINBARUNG AUF DER WEBSITE WIRKLICH. SIE STIMMEN ZU, DIE VEREINBARUNG IN REGELM\u00c4SSIGEN \u00dcBERPR\u00dcFUNGEN ZU \u00dcBERPR\u00dcFEN, UM SICH \u00dcBER SOLCHE \u00c4NDERUNGEN ZU KENNEN. IHR FORTGESETZTER ZUGRIFF ODER DIE NUTZUNG DER WEBSITE GILT ALS IHRE ENDG\u00dcLTIGE ANNAHME DER GE\u00c4NDERTEN VEREINBARUNG.<\/strong><\/span><\/span><\/p>\n<p style=\"text-align: justify;\"><span style=\"font-family: helvetica, arial, sans-serif;\"><strong>1. Urheberrecht, Lizenzen und Ideeneinreichungen.<\/strong><\/span><\/p>\n<p style=\"text-align: justify;\"><span style=\"font-family: helvetica, arial, sans-serif;\">Der gesamte Inhalt der Website ist durch internationale Urheberrechts- und Markengesetze gesch\u00fctzt. Eigent\u00fcmer der Urheberrechte und Marken sind Ship-tracker.org, seine verbundenen Unternehmen oder andere Drittlizenzgeber.\u00a0<strong>SIE D\u00dcRFEN DAS MATERIAL AUF DER WEBSITE, EINSCHLIESSLICH TEXT, GRAFIKEN, CODE UND\/ODER SOFTWARE, NICHT \u00c4NDERN, KOPIEREN, REPRODUZIEREN, NEU VER\u00d6FFENTLICHEN, HOCHLADEN, VER\u00d6FFENTLICHEN, \u00dcBERTRAGEN ODER VERBREITEN.<\/strong>\u00a0Sie d\u00fcrfen Teile des Materials aus den verschiedenen Bereichen der Website ausschlie\u00dflich f\u00fcr Ihren eigenen, nicht kommerziellen Gebrauch ausdrucken und herunterladen, vorausgesetzt, Sie stimmen zu, keine Urheberrechts- oder Eigentumshinweise aus den Materialien zu \u00e4ndern oder zu l\u00f6schen. Sie erkl\u00e4ren sich damit einverstanden, Ship-tracker.org eine nicht-exklusive, geb\u00fchrenfreie, weltweite, unbefristete Lizenz zu gew\u00e4hren, mit dem Recht zur Unterlizenzierung, zur Vervielf\u00e4ltigung, Verbreitung, \u00dcbertragung, Erstellung abgeleiteter Werke davon, \u00f6ffentlicher Darstellung und \u00f6ffentlicher Auff\u00fchrung Materialien und andere Informationen (einschlie\u00dflich, aber nicht beschr\u00e4nkt auf die darin enthaltenen Ideen f\u00fcr neue oder verbesserte Produkte und Dienstleistungen), die Sie an \u00f6ffentliche Bereiche der Website (z. B. Schwarze Bretter, Foren und Newsgroups) oder per E-Mail an Ship-tracker \u00fcbermitteln. org auf jeden Fall und in allen Medien, die jetzt bekannt sind oder sp\u00e4ter entwickelt werden. Sie gew\u00e4hren Ship-tracker.org au\u00dferdem das Recht, Ihren Namen im Zusammenhang mit den \u00fcbermittelten Materialien und anderen Informationen sowie im Zusammenhang mit allen damit verbundenen Werbe-, Marketing- und Verkaufsf\u00f6rderungsmaterialien zu verwenden. Sie erkl\u00e4ren sich damit einverstanden, dass Sie keinen R\u00fcckgriff gegen Ship-tracker.org wegen einer angeblichen oder tats\u00e4chlichen Verletzung oder widerrechtlichen Aneignung von Eigentumsrechten in Ihren Mitteilungen an Ship-tracker.org haben.\u00a0<strong>WARENZEICHEN.<\/strong>Ver\u00f6ffentlichungen, Produkte, Inhalte oder Dienstleistungen, auf die hier oder auf der Website verwiesen wird, sind die ausschlie\u00dflichen Marken oder Dienstleistungsmarken von Ship-tracker.org. Andere auf der Website erw\u00e4hnte Produkt- und Firmennamen k\u00f6nnen Marken ihrer jeweiligen Eigent\u00fcmer sein.<\/span><\/p>\n<p style=\"text-align: justify;\"><span style=\"font-family: helvetica, arial, sans-serif;\"><strong>2. Nutzung der Website.<\/strong><\/span><\/p>\n<p style=\"text-align: justify;\"><span style=\"font-family: helvetica, arial, sans-serif;\">Sie verstehen, dass Ship-tracker.org mit Ausnahme von Informationen, Produkten oder Dienstleistungen, die eindeutig als von Ship-tracker.org bereitgestellt gekennzeichnet sind, keinerlei Informationen, Produkte oder Dienstleistungen im Internet betreibt, kontrolliert oder unterst\u00fctzt. Mit Ausnahme der von Ship-tracker.org identifizierten Informationen, Produkte oder Dienstleistungen werden alle \u00fcber die Website oder im Internet angebotenen Informationen, Produkte und Dienstleistungen im Allgemeinen von Dritten angeboten, die nicht mit Ship-tracker.org verbunden sind. Sie verstehen auch, dass Ship-tracker.org nicht garantieren oder garantieren kann und wird, dass die zum Herunterladen \u00fcber die Website verf\u00fcgbaren Dateien frei von Infektionen oder Viren, W\u00fcrmern, Trojanern oder anderen Codes sind, die kontaminierende oder zerst\u00f6rerische Eigenschaften aufweisen. Sie sind daf\u00fcr verantwortlich, ausreichende Verfahren und Kontrollpunkte zu implementieren, um Ihre besonderen Anforderungen an die Genauigkeit der Dateneingabe und -ausgabe zu erf\u00fcllen, und f\u00fcr die Aufrechterhaltung einer externen M\u00f6glichkeit zur Wiederherstellung verlorener Daten.<\/span><\/p>\n<p style=\"text-align: justify;\"><span style=\"font-family: helvetica, arial, sans-serif;\">SIE \u00dcBERNEHMEN DIE VOLLST\u00c4NDIGE VERANTWORTUNG UND DAS RISIKO F\u00dcR IHRE NUTZUNG DER WEBSITE UND DES INTERNETS. Ship-tracker.org stellt die Website und die damit verbundenen Informationen \u201ewie besehen\u201c zur Verf\u00fcgung und \u00fcbernimmt keinerlei ausdr\u00fcckliche oder stillschweigende Gew\u00e4hrleistungen, Zusicherungen oder Empfehlungen jeglicher Art (einschlie\u00dflich, aber nicht beschr\u00e4nkt auf Gew\u00e4hrleistungen des Eigentumsrechts oder der Nichtverletzung von Rechten Dritter, oder der stillschweigenden Gew\u00e4hrleistungen der Marktg\u00e4ngigkeit oder Eignung f\u00fcr eine bestimmte Sache). ZWECK) IN BEZUG AUF DEN DIENST, JEGLICHE WARENINFORMATIONEN ODER DIENSTLEISTUNGEN, DIE \u00dcBER DEN DIENST ODER IM INTERNET IM ALLGEMEINEN BEREITGESTELLT WERDEN, UND Ship-tracker.org \u00dcBERNIMMT KEINE HAFTUNG F\u00dcR KOSTEN ODER SCH\u00c4DEN, DIE DIREKT ODER INDIREKT AUS EINER SOLCHEN TRANSAKTION ENTSTEHEN. Es liegt allein in Ihrer Verantwortung, die Richtigkeit, Vollst\u00e4ndigkeit und N\u00fctzlichkeit aller Meinungen, Ratschl\u00e4ge, Dienste, Waren und sonstigen Informationen zu bewerten, die \u00fcber den Dienst oder im Internet im Allgemeinen bereitgestellt werden. Ship-tracker.org GARANTIERT NICHT, DASS DER DIENST UNUNTERBROCHEN ODER FEHLERFREI IST ODER DASS FEHLER IM DIENST BEHOBEN WERDEN.<\/span><\/p>\n<p style=\"text-align: justify;\"><span style=\"font-family: helvetica, arial, sans-serif;\">SIE VERSTEHEN FERNER, DASS DIE REINE NATUR DES INTERNETS UNBEARBEITETES MATERIAL ENTH\u00c4LT, VON DEM EINIGE SEXUELL EXPLIZIT SIND ODER F\u00dcR SIE BELETZEND SIND. IHR ZUGRIFF AUF DIESE MATERIALIEN ERFOLGT AUF EIGENE GEFAHR. Ship-tracker.org HAT KEINE KONTROLLE \u00dcBER DIESE MATERIALIEN UND \u00dcBERNIMMT KEINERLEI VERANTWORTUNG.<\/span><\/p>\n<p style=\"text-align: justify;\"><span style=\"font-family: helvetica, arial, sans-serif;\"><strong>HAFTUNGSBESCHR\u00c4NKUNG<\/strong><\/span><\/p>\n<p style=\"text-align: justify;\"><span style=\"font-family: helvetica, arial, sans-serif;\">Ship-tracker.org HAFTET IN KEINEM FALL F\u00dcR (I) ZUF\u00c4LLIGE, FOLGESCH\u00c4DEN ODER INDIREKTE SCH\u00c4DEN (EINSCHLIESSLICH, ABER NICHT BESCHR\u00c4NKT AUF SCH\u00c4DEN F\u00dcR ENTGANGENEN GEWINN, GESCH\u00c4FTSUNTERBRECHUNG, VERLUST VON PROGRAMMEN ODER INFORMATIONEN UND \u00c4HNLICHES). AUFGRUND DER NUTZUNG ODER UNM\u00d6GLICHKEIT DER NUTZUNG DES DIENSTES ODER VON INFORMATIONEN ODER TRANSAKTIONEN, DIE AUF DEM DIENST BEREITGESTELLT ODER AUS DEM DIENST HERUNTERGELADEN WERDEN, ODER EINER VERZ\u00d6GERUNG DIESER INFORMATIONEN ODER DIESES DIENSTES. AUCH WENN Ship-tracker.org ODER SEINE AUTORISIERTEN VERTRETER \u00dcBER DIE M\u00d6GLICHKEIT SOLCHER SCH\u00c4DEN INFORMIERT WURDEN, ODER (II) JEGLICHE ANSPR\u00dcCHE, DIE AUF FEHLER, AUSLASSUNGEN ODER ANDERE UNGENAUIGKEITEN IM DIENST UND\/ODER \u00dcBER DEN DIENST HERUNTERGELADENE MATERIALIEN ODER INFORMATIONEN ZUR\u00dcCKZUF\u00dcHREN SIND. DA IN EINIGEN STAATEN DER AUSSCHLUSS ODER DIE BESCHR\u00c4NKUNG DER HAFTUNG F\u00dcR FOLGESCH\u00c4DEN ODER ZUF\u00c4LLIGE SCH\u00c4DEN NICHT ZUL\u00c4SSIG IST, GILT DIE OBIGE BESCHR\u00c4NKUNG M\u00d6GLICHERWEISE NICHT F\u00dcR SIE. IN DIESEN STAATEN IST DIE HAFTUNG VON Ship-tracker.org AUF DAS GR\u00d6SSTE GESETZLICH ZUL\u00c4SSIGE UMFANG BESCHR\u00c4NKT.<\/span><\/p>\n<p style=\"text-align: justify;\"><span style=\"font-family: helvetica, arial, sans-serif;\">Ship-tracker.org \u00fcbernimmt keinerlei Haftung f\u00fcr andere Websites, auf die Sie \u00fcber diese Website zugreifen oder die m\u00f6glicherweise mit dieser Website verlinkt sind. Wenn Sie auf eine Website zugreifen, die nicht von Ship-tracker.org stammt, beachten Sie bitte, dass diese von Ship-tracker.org unabh\u00e4ngig ist und dass Ship-tracker.org keine Kontrolle \u00fcber den Inhalt dieser Website hat. Dar\u00fcber hinaus bedeutet ein Link zu einer Ship-tracker.org-Website nicht, dass Ship-tracker.org den Inhalt oder die Nutzung einer solchen Website bef\u00fcrwortet oder irgendeine Verantwortung daf\u00fcr \u00fcbernimmt.<\/span><\/p>\n<p style=\"text-align: justify;\"><span style=\"font-family: helvetica, arial, sans-serif;\"><strong>3. Schadensersatz.<\/strong><\/span><\/p>\n<p style=\"text-align: justify;\"><span style=\"font-family: helvetica, arial, sans-serif;\">Sie erkl\u00e4ren sich damit einverstanden, Ship-tracker.org, seine leitenden Angestellten, Direktoren, Mitarbeiter, Vertreter, Lizenzgeber, Lieferanten und alle externen Informationsanbieter des Dienstes von allen Verlusten, Ausgaben, Sch\u00e4den und Kosten, einschlie\u00dflich angemessener Kosten, freizustellen, zu verteidigen und schadlos zu halten Anwaltskosten, die sich aus einem Versto\u00df gegen diese Vereinbarung (einschlie\u00dflich fahrl\u00e4ssigem oder unrechtm\u00e4\u00dfigem Verhalten) durch Sie oder eine andere Person, die auf den Service zugreift, ergeben.<\/span><\/p>\n<p style=\"text-align: justify;\"><span style=\"font-family: helvetica, arial, sans-serif;\"><strong>4. Rechte Dritter.<\/strong><\/span><\/p>\n<p style=\"text-align: justify;\"><span style=\"font-family: helvetica, arial, sans-serif;\">Die Bestimmungen der Abs\u00e4tze 2 (Nutzung des Dienstes) und 3 (Entsch\u00e4digung) kommen Ship-tracker.org und seinen leitenden Angestellten, Direktoren, Mitarbeitern, Vertretern, Lizenzgebern, Lieferanten und allen Drittanbietern von Informationen f\u00fcr den Dienst zugute . Jede dieser nat\u00fcrlichen oder juristischen Personen hat das Recht, diese Bestimmungen im eigenen Namen direkt gegen Sie geltend zu machen und durchzusetzen.<\/span><\/p>\n<p style=\"text-align: justify;\"><span style=\"font-family: helvetica, arial, sans-serif;\"><strong>5. Begriff; Beendigung.<\/strong><\/span><\/p>\n<p style=\"text-align: justify;\"><span style=\"font-family: helvetica, arial, sans-serif;\">Diese Vereinbarung kann von beiden Parteien jederzeit und aus beliebigem Grund fristlos gek\u00fcndigt werden. Die Bestimmungen der Abs\u00e4tze 1 (Urheberrecht, Lizenzen und Einreichung von Ideen), 2 (Nutzung des Dienstes), 3 (Schadensersatz), 4 (Rechte Dritter) und 6 (Sonstiges) bleiben auch nach Beendigung dieser Vereinbarung bestehen.<\/span><\/p>\n<p style=\"text-align: justify;\"><span style=\"font-family: helvetica, arial, sans-serif;\"><strong>6. Verschiedenes.<\/strong><\/span><\/p>\n<p style=\"text-align: justify;\"><span style=\"font-family: helvetica, arial, sans-serif;\">Diese Vereinbarung unterliegt den Gesetzen Bulgariens, die f\u00fcr in Bulgarien geschlossene und auszuf\u00fchrende Vereinbarungen gelten, und wird in \u00dcbereinstimmung mit diesen ausgelegt. Sie erkl\u00e4ren sich damit einverstanden, dass alle rechtlichen Schritte oder Verfahren zwischen Ship-tracker.org und Ihnen zu irgendeinem Zweck im Zusammenhang mit dieser Vereinbarung oder den Verpflichtungen der Parteien hieraus ausschlie\u00dflich vor einem zust\u00e4ndigen Bundes- oder Landesgericht mit Sitz in Bulgarien verhandelt werden. Alle Klagegr\u00fcnde oder Anspr\u00fcche, die Sie in Bezug auf den Dienst haben, m\u00fcssen innerhalb eines (1) Jahres nach Entstehung des Anspruchs oder Klagegrunds geltend gemacht werden, andernfalls ist ein solcher Anspruch oder Klagegrund ausgeschlossen. Das Vers\u00e4umnis von Ship-tracker.org, auf der strikten Einhaltung einer Bestimmung dieser Vereinbarung zu bestehen oder diese durchzusetzen, darf nicht als Verzicht auf eine Bestimmung oder ein Recht ausgelegt werden. Weder das Verhalten zwischen den Parteien noch die Handelspraxis d\u00fcrfen eine Bestimmung dieser Vereinbarung \u00e4ndern. Ship-tracker.org kann seine Rechte und Pflichten aus dieser Vereinbarung jederzeit und ohne vorherige Ank\u00fcndigung an eine beliebige Partei abtreten. Alle Rechte, die hier nicht ausdr\u00fccklich gew\u00e4hrt werden, bleiben vorbehalten.<\/span><\/p>","protected":false},"excerpt":{"rendered":"<p>Die Website ship-tracker.org (die \u201eWebsite\u201c) ist ein Online-Informationsdienst. \u201eShip-tracker.org\u201c unterliegt Ihrer Zustimmung zu den unten aufgef\u00fchrten Bedingungen. BITTE LESEN SIE DIESES DOKUMENT SORGF\u00c4LTIG DURCH, BEVOR SIE DIE WEBSITE AUFRUFEN ODER NUTZEN. DURCH DEN ZUGRIFF ODER DIE NUTZUNG DER WEBSITE ERKL\u00c4REN SIE SICH MIT DEN UNTEN AUFGEF\u00dcHRTEN BEDINGUNGEN EINVERSTANDEN. WENN\u2026&nbsp;<a href=\"https:\/\/ship-tracker.org\/de\/disclaimer\/\" rel=\"bookmark\">Weiterlesen \u00bb<span class=\"screen-reader-text\">Haftungsausschluss<\/span><\/a><\/p>","protected":false},"author":1,"featured_media":0,"parent":0,"menu_order":0,"comment_status":"closed","ping_status":"closed","template":"","meta":{"neve_meta_sidebar":"","neve_meta_container":"","neve_meta_enable_content_width":"","neve_meta_content_width":0,"neve_meta_title_alignment":"","neve_meta_author_avatar":"","neve_post_elements_order":"","neve_meta_disable_header":"","neve_meta_disable_footer":"","neve_meta_disable_title":"","neve_meta_reading_time":"","footnotes":""},"class_list":["post-6","page","type-page","status-publish","hentry"],"yoast_head":"<!-- This site is optimized with the Yoast SEO plugin v26.9 - https:\/\/yoast.com\/product\/yoast-seo-wordpress\/ -->\n<title>Disclaimer - Ship-tracker.org<\/title>\n<meta name=\"robots\" content=\"noindex, follow\" \/>\n<meta property=\"og:locale\" content=\"de_DE\" \/>\n<meta property=\"og:type\" content=\"article\" \/>\n<meta property=\"og:title\" content=\"Disclaimer - Ship-tracker.org\" \/>\n<meta property=\"og:description\" content=\"The ship-tracker.org\u00a0Web Site (the &#8220;Site&#8221;) is an online information service . &#8220;Ship-tracker.org &#8220;, subject to your compliance with the terms and conditions set forth below.\u00a0PLEASE READ THIS DOCUMENT CAREFULLY BEFORE ACCESSING OR USING THE SITE. BY ACCESSING OR USING THE SITE, YOU AGREE TO BE BOUND BY THE TERMS AND CONDITIONS SET FORTH BELOW. IF&hellip;&nbsp;Weiterlesen &raquo;Disclaimer\" \/>\n<meta property=\"og:url\" content=\"https:\/\/ship-tracker.org\/de\/disclaimer\/\" \/>\n<meta property=\"og:site_name\" content=\"Ship-tracker.org\" \/>\n<meta property=\"article:modified_time\" content=\"2017-09-14T14:43:07+00:00\" \/>\n<meta name=\"twitter:card\" content=\"summary_large_image\" \/>\n<meta name=\"twitter:label1\" content=\"Gesch\u00e4tzte Lesezeit\" \/>\n\t<meta name=\"twitter:data1\" content=\"7\u00a0Minuten\" \/>\n<script type=\"application\/ld+json\" class=\"yoast-schema-graph\">{\"@context\":\"https:\/\/schema.org\",\"@graph\":[{\"@type\":\"WebPage\",\"@id\":\"https:\/\/ship-tracker.org\/it\/disclaimer\/\",\"url\":\"https:\/\/ship-tracker.org\/it\/disclaimer\/\",\"name\":\"Disclaimer - Ship-tracker.org\",\"isPartOf\":{\"@id\":\"https:\/\/ship-tracker.org\/#website\"},\"datePublished\":\"2017-09-13T11:59:08+00:00\",\"dateModified\":\"2017-09-14T14:43:07+00:00\",\"breadcrumb\":{\"@id\":\"https:\/\/ship-tracker.org\/it\/disclaimer\/#breadcrumb\"},\"inLanguage\":\"de\",\"potentialAction\":[{\"@type\":\"ReadAction\",\"target\":[\"https:\/\/ship-tracker.org\/it\/disclaimer\/\"]}]},{\"@type\":\"BreadcrumbList\",\"@id\":\"https:\/\/ship-tracker.org\/it\/disclaimer\/#breadcrumb\",\"itemListElement\":[{\"@type\":\"ListItem\",\"position\":1,\"name\":\"Startseite\",\"item\":\"https:\/\/ship-tracker.org\/\"},{\"@type\":\"ListItem\",\"position\":2,\"name\":\"Disclaimer\"}]},{\"@type\":\"WebSite\",\"@id\":\"https:\/\/ship-tracker.org\/#website\",\"url\":\"https:\/\/ship-tracker.org\/\",\"name\":\"Ship-tracker.org\",\"description\":\"\",\"potentialAction\":[{\"@type\":\"SearchAction\",\"target\":{\"@type\":\"EntryPoint\",\"urlTemplate\":\"https:\/\/ship-tracker.org\/?s={search_term_string}\"},\"query-input\":{\"@type\":\"PropertyValueSpecification\",\"valueRequired\":true,\"valueName\":\"search_term_string\"}}],\"inLanguage\":\"de\"}]}<\/script>\n<!-- \/ Yoast SEO plugin. -->","yoast_head_json":{"title":"Haftungsausschluss \u2013 Ship-tracker.org","robots":{"index":"noindex","follow":"follow"},"og_locale":"de_DE","og_type":"article","og_title":"Disclaimer - Ship-tracker.org","og_description":"The ship-tracker.org\u00a0Web Site (the &#8220;Site&#8221;) is an online information service . &#8220;Ship-tracker.org &#8220;, subject to your compliance with the terms and conditions set forth below.\u00a0PLEASE READ THIS DOCUMENT CAREFULLY BEFORE ACCESSING OR USING THE SITE. BY ACCESSING OR USING THE SITE, YOU AGREE TO BE BOUND BY THE TERMS AND CONDITIONS SET FORTH BELOW. IF&hellip;&nbsp;Weiterlesen &raquo;Disclaimer","og_url":"https:\/\/ship-tracker.org\/de\/disclaimer\/","og_site_name":"Ship-tracker.org","article_modified_time":"2017-09-14T14:43:07+00:00","twitter_card":"summary_large_image","twitter_misc":{"Gesch\u00e4tzte Lesezeit":"7\u00a0Minuten"},"schema":{"@context":"https:\/\/schema.org","@graph":[{"@type":"WebPage","@id":"https:\/\/ship-tracker.org\/it\/disclaimer\/","url":"https:\/\/ship-tracker.org\/it\/disclaimer\/","name":"Haftungsausschluss \u2013 Ship-tracker.org","isPartOf":{"@id":"https:\/\/ship-tracker.org\/#website"},"datePublished":"2017-09-13T11:59:08+00:00","dateModified":"2017-09-14T14:43:07+00:00","breadcrumb":{"@id":"https:\/\/ship-tracker.org\/it\/disclaimer\/#breadcrumb"},"inLanguage":"de","potentialAction":[{"@type":"ReadAction","target":["https:\/\/ship-tracker.org\/it\/disclaimer\/"]}]},{"@type":"BreadcrumbList","@id":"https:\/\/ship-tracker.org\/it\/disclaimer\/#breadcrumb","itemListElement":[{"@type":"ListItem","position":1,"name":"Startseite","item":"https:\/\/ship-tracker.org\/"},{"@type":"ListItem","position":2,"name":"Disclaimer"}]},{"@type":"WebSite","@id":"https:\/\/ship-tracker.org\/#website","url":"https:\/\/ship-tracker.org\/","name":"Ship-tracker.org","description":"","potentialAction":[{"@type":"SearchAction","target":{"@type":"EntryPoint","urlTemplate":"https:\/\/ship-tracker.org\/?s={search_term_string}"},"query-input":{"@type":"PropertyValueSpecification","valueRequired":true,"valueName":"search_term_string"}}],"inLanguage":"de"}]}},"_links":{"self":[{"href":"https:\/\/ship-tracker.org\/de\/wp-json\/wp\/v2\/pages\/6","targetHints":{"allow":["GET"]}}],"collection":[{"href":"https:\/\/ship-tracker.org\/de\/wp-json\/wp\/v2\/pages"}],"about":[{"href":"https:\/\/ship-tracker.org\/de\/wp-json\/wp\/v2\/types\/page"}],"author":[{"embeddable":true,"href":"https:\/\/ship-tracker.org\/de\/wp-json\/wp\/v2\/users\/1"}],"replies":[{"embeddable":true,"href":"https:\/\/ship-tracker.org\/de\/wp-json\/wp\/v2\/comments?post=6"}],"version-history":[{"count":3,"href":"https:\/\/ship-tracker.org\/de\/wp-json\/wp\/v2\/pages\/6\/revisions"}],"predecessor-version":[{"id":9,"href":"https:\/\/ship-tracker.org\/de\/wp-json\/wp\/v2\/pages\/6\/revisions\/9"}],"wp:attachment":[{"href":"https:\/\/ship-tracker.org\/de\/wp-json\/wp\/v2\/media?parent=6"}],"curies":[{"name":"wp","href":"https:\/\/api.w.org\/{rel}","templated":true}]}}