{"id":4385,"date":"2023-07-05T19:39:17","date_gmt":"2023-07-05T17:39:17","guid":{"rendered":"https:\/\/ship-tracker.org\/?page_id=4385"},"modified":"2023-07-05T19:39:17","modified_gmt":"2023-07-05T17:39:17","slug":"nicoline-maersk","status":"publish","type":"page","link":"https:\/\/ship-tracker.org\/de\/nicoline-maersk\/","title":{"rendered":"NICOLINE MAERSK"},"content":{"rendered":"<h2><span style=\"color: #000000;\">Aktueller Standort und <\/span><span style=\"color: #000000;\">Position von NICOLINE MAERSK<\/span><\/h2>\n<p>Wo befindet sich NICOLINE MAERSK derzeit?<br \/>\n<script type=\"text\/javascript\">\n  var width=\"100%\";var height=\"400\";\n  var mmsi=477642500;\n<\/script><script type=\"text\/javascript\" src=\"https:\/\/www.vesselfinder.com\/aismap.js\"><\/script><\/p>\n<p>Die NICOLINE MAERSK, ein unter der Flagge Hongkongs registriertes Frachtschiff, ist derzeit auf den Meeren unterwegs. Das Schiff mit der IMO-Nummer 9192466 und der MMSI-Nummer 477642500 ist 199 Meter lang und 30 Meter breit. Die unten bereitgestellten Karten enthalten detaillierte relevante Reiseinformationen, einschlie\u00dflich der aktuellen Position des Schiffes, seines n\u00e4chsten geplanten Anlaufhafens, der gesch\u00e4tzten Ankunftszeit (ETA), der voraussichtlichen Ankunftszeit (PTA), Geschwindigkeit, Kurs und Tiefgang. Zus\u00e4tzliche Ressourcen wie Fotos, Videos, Ortszeit und UTC-Zeit werden ebenfalls bereitgestellt.<\/p>\n<h2 class=\"pageTitle shipItemTitle\"><span style=\"color: #000000;\">NICOLINE MAERSK Rezension und Spezifikationen<\/span><\/h2>\n<table>\n<tbody>\n<tr style=\"height: 23px;\">\n<td style=\"width: 192px; height: 23px;\">Flaggenstaat<\/td>\n<td style=\"width: 192px; height: 23px;\">Hongkong<\/td>\n<\/tr>\n<tr style=\"height: 23px;\">\n<td style=\"width: 192px; height: 23px;\">Baujahr<strong><br \/>\n<\/strong><\/td>\n<td style=\"width: 192px; height: 23px;\">2000<\/td>\n<\/tr>\n<tr style=\"height: 23px;\">\n<td style=\"width: 192px; height: 23px;\">Schiffstyp<\/td>\n<td style=\"width: 192px; height: 23px;\">Containerschiff<\/td>\n<\/tr>\n<tr style=\"height: 23px;\">\n<td style=\"width: 192px; height: 23px;\">Rufzeichen<\/td>\n<td style=\"width: 192px; height: 23px;\">VRTT9<\/td>\n<\/tr>\n<tr style=\"height: 23px;\">\n<td style=\"width: 192px; height: 23px;\">Bruttoraumzahl<\/td>\n<td style=\"width: 192px; height: 23px;\">27733<\/td>\n<\/tr>\n<tr style=\"height: 23px;\">\n<td style=\"width: 192px; height: 23px;\">Sommer-Deadweight<\/td>\n<td style=\"width: 192px; height: 23px;\">30191<\/td>\n<\/tr>\n<tr style=\"height: 23px;\">\n<td style=\"width: 192px; height: 23px;\">L\u00e4nge<\/td>\n<td style=\"width: 192px; height: 23px;\"><span class=\"specificationUnit\">199 m<\/span><\/td>\n<\/tr>\n<tr style=\"height: 23px;\">\n<td style=\"width: 192px; height: 23px;\">Strahl<\/td>\n<td style=\"width: 192px; height: 23px;\"><span class=\"specificationUnit\">30 m<\/span><\/td>\n<\/tr>\n<tr style=\"height: 23px;\">\n<td style=\"width: 192px; height: 23px;\">Meiner Meinung nach<\/td>\n<td style=\"width: 192px; height: 23px;\">9192466<\/td>\n<\/tr>\n<tr style=\"height: 23px;\">\n<td style=\"width: 192px; height: 23px;\">MMSI<\/td>\n<td style=\"width: 192px; height: 23px;\">477642500<\/td>\n<\/tr>\n<tr style=\"height: 23px;\">\n<td style=\"width: 192px; height: 23px;\">Eigent\u00fcmer<\/td>\n<td style=\"width: 192px; height: 23px;\"><a href=\"https:\/\/ship-tracker.org\/de\/maersk\/\">Maersk<\/a><\/td>\n<\/tr>\n<\/tbody>\n<\/table>","protected":false},"excerpt":{"rendered":"<p>Current location and position of NICOLINE MAERSK Where is the current location of NICOLINE MAERSK presently? The NICOLINE MAERSK, a cargo vessel registered under the flag of Hong Kong, is currently navigating the seas. The ship, bearing IMO number 9192466 and MMSI number 477642500, measures 199 meters in length and 30 meters in beam. The&hellip;&nbsp;<a href=\"https:\/\/ship-tracker.org\/de\/nicoline-maersk\/\" rel=\"bookmark\">Weiterlesen \u00bb<span class=\"screen-reader-text\">NICOLINE MAERSK<\/span><\/a><\/p>","protected":false},"author":1,"featured_media":3637,"parent":0,"menu_order":0,"comment_status":"closed","ping_status":"closed","template":"","meta":{"neve_meta_sidebar":"","neve_meta_container":"","neve_meta_enable_content_width":"off","neve_meta_content_width":100,"neve_meta_title_alignment":"","neve_meta_author_avatar":"","neve_post_elements_order":"","neve_meta_disable_header":"","neve_meta_disable_footer":"","neve_meta_disable_title":"","neve_meta_reading_time":"","footnotes":""},"class_list":["post-4385","page","type-page","status-publish","has-post-thumbnail","hentry"],"yoast_head":"<!-- This site is optimized with the Yoast SEO plugin v27.4 - https:\/\/yoast.com\/product\/yoast-seo-wordpress\/ -->\n<title>NICOLINE MAERSK\u2503Current location and position (cargo ship)<\/title>\n<meta name=\"description\" content=\"NICOLINE MAERSK \u2693 Current location and position of MAERSK Vessel \u2713 Maersk container tracking \u2713 Live Ship Tracker \u2713 Container ship\" \/>\n<meta name=\"robots\" content=\"index, follow, max-snippet:-1, max-image-preview:large, max-video-preview:-1\" \/>\n<link rel=\"canonical\" href=\"https:\/\/ship-tracker.org\/de\/nicoline-maersk\/\" \/>\n<meta property=\"og:locale\" content=\"de_DE\" \/>\n<meta property=\"og:type\" content=\"article\" \/>\n<meta property=\"og:title\" content=\"NICOLINE MAERSK\u2503Current location and position (cargo ship)\" \/>\n<meta property=\"og:description\" content=\"NICOLINE MAERSK \u2693 Current location and position of MAERSK Vessel \u2713 Maersk container tracking \u2713 Live Ship Tracker \u2713 Container ship\" \/>\n<meta property=\"og:url\" content=\"https:\/\/ship-tracker.org\/de\/nicoline-maersk\/\" \/>\n<meta property=\"og:site_name\" content=\"Ship-tracker.org\" \/>\n<meta property=\"og:image\" content=\"https:\/\/ship-tracker.org\/wp-content\/uploads\/2023\/06\/maersk-tanjong-g275700498_640.jpg\" \/>\n\t<meta property=\"og:image:width\" content=\"640\" \/>\n\t<meta property=\"og:image:height\" content=\"446\" \/>\n\t<meta property=\"og:image:type\" content=\"image\/jpeg\" \/>\n<meta name=\"twitter:card\" content=\"summary_large_image\" \/>\n<meta name=\"twitter:label1\" content=\"Gesch\u00e4tzte Lesezeit\" \/>\n\t<meta name=\"twitter:data1\" content=\"1\u00a0Minute\" \/>\n<script type=\"application\/ld+json\" class=\"yoast-schema-graph\">{\"@context\":\"https:\\\/\\\/schema.org\",\"@graph\":[{\"@type\":\"WebPage\",\"@id\":\"https:\\\/\\\/ship-tracker.org\\\/nicoline-maersk\\\/\",\"url\":\"https:\\\/\\\/ship-tracker.org\\\/nicoline-maersk\\\/\",\"name\":\"NICOLINE MAERSK\u2503Current location and position (cargo ship)\",\"isPartOf\":{\"@id\":\"https:\\\/\\\/ship-tracker.org\\\/#website\"},\"primaryImageOfPage\":{\"@id\":\"https:\\\/\\\/ship-tracker.org\\\/nicoline-maersk\\\/#primaryimage\"},\"image\":{\"@id\":\"https:\\\/\\\/ship-tracker.org\\\/nicoline-maersk\\\/#primaryimage\"},\"thumbnailUrl\":\"https:\\\/\\\/ship-tracker.org\\\/wp-content\\\/uploads\\\/2023\\\/06\\\/maersk-tanjong-g275700498_640.jpg\",\"datePublished\":\"2023-07-05T17:39:17+00:00\",\"description\":\"NICOLINE MAERSK \u2693 Current location and position of MAERSK Vessel \u2713 Maersk container tracking \u2713 Live Ship Tracker \u2713 Container ship\",\"breadcrumb\":{\"@id\":\"https:\\\/\\\/ship-tracker.org\\\/nicoline-maersk\\\/#breadcrumb\"},\"inLanguage\":\"de\",\"potentialAction\":[{\"@type\":\"ReadAction\",\"target\":[\"https:\\\/\\\/ship-tracker.org\\\/nicoline-maersk\\\/\"]}]},{\"@type\":\"ImageObject\",\"inLanguage\":\"de\",\"@id\":\"https:\\\/\\\/ship-tracker.org\\\/nicoline-maersk\\\/#primaryimage\",\"url\":\"https:\\\/\\\/ship-tracker.org\\\/wp-content\\\/uploads\\\/2023\\\/06\\\/maersk-tanjong-g275700498_640.jpg\",\"contentUrl\":\"https:\\\/\\\/ship-tracker.org\\\/wp-content\\\/uploads\\\/2023\\\/06\\\/maersk-tanjong-g275700498_640.jpg\",\"width\":640,\"height\":446,\"caption\":\"MAERSK ABERDEEN\"},{\"@type\":\"BreadcrumbList\",\"@id\":\"https:\\\/\\\/ship-tracker.org\\\/nicoline-maersk\\\/#breadcrumb\",\"itemListElement\":[{\"@type\":\"ListItem\",\"position\":1,\"name\":\"Startseite\",\"item\":\"https:\\\/\\\/ship-tracker.org\\\/\"},{\"@type\":\"ListItem\",\"position\":2,\"name\":\"NICOLINE MAERSK\"}]},{\"@type\":\"WebSite\",\"@id\":\"https:\\\/\\\/ship-tracker.org\\\/#website\",\"url\":\"https:\\\/\\\/ship-tracker.org\\\/\",\"name\":\"Ship-tracker.org\",\"description\":\"\",\"potentialAction\":[{\"@type\":\"SearchAction\",\"target\":{\"@type\":\"EntryPoint\",\"urlTemplate\":\"https:\\\/\\\/ship-tracker.org\\\/?s={search_term_string}\"},\"query-input\":{\"@type\":\"PropertyValueSpecification\",\"valueRequired\":true,\"valueName\":\"search_term_string\"}}],\"inLanguage\":\"de\"}]}<\/script>\n<!-- \/ Yoast SEO plugin. -->","yoast_head_json":{"title":"NICOLINE MAERSK\u2503Aktueller Standort und Position (Frachtschiff)","description":"NICOLINE MAERSK \u2693 Aktueller Standort und Position des MAERSK-Schiffes \u2713 Maersk-Containerverfolgung \u2713 Live Ship Tracker \u2713 Containerschiff","robots":{"index":"index","follow":"follow","max-snippet":"max-snippet:-1","max-image-preview":"max-image-preview:large","max-video-preview":"max-video-preview:-1"},"canonical":"https:\/\/ship-tracker.org\/de\/nicoline-maersk\/","og_locale":"de_DE","og_type":"article","og_title":"NICOLINE MAERSK\u2503Current location and position (cargo ship)","og_description":"NICOLINE MAERSK \u2693 Current location and position of MAERSK Vessel \u2713 Maersk container tracking \u2713 Live Ship Tracker \u2713 Container ship","og_url":"https:\/\/ship-tracker.org\/de\/nicoline-maersk\/","og_site_name":"Ship-tracker.org","og_image":[{"width":640,"height":446,"url":"https:\/\/ship-tracker.org\/wp-content\/uploads\/2023\/06\/maersk-tanjong-g275700498_640.jpg","type":"image\/jpeg"}],"twitter_card":"summary_large_image","twitter_misc":{"Gesch\u00e4tzte Lesezeit":"1\u00a0Minute"},"schema":{"@context":"https:\/\/schema.org","@graph":[{"@type":"WebPage","@id":"https:\/\/ship-tracker.org\/nicoline-maersk\/","url":"https:\/\/ship-tracker.org\/nicoline-maersk\/","name":"NICOLINE MAERSK\u2503Aktueller Standort und Position (Frachtschiff)","isPartOf":{"@id":"https:\/\/ship-tracker.org\/#website"},"primaryImageOfPage":{"@id":"https:\/\/ship-tracker.org\/nicoline-maersk\/#primaryimage"},"image":{"@id":"https:\/\/ship-tracker.org\/nicoline-maersk\/#primaryimage"},"thumbnailUrl":"https:\/\/ship-tracker.org\/wp-content\/uploads\/2023\/06\/maersk-tanjong-g275700498_640.jpg","datePublished":"2023-07-05T17:39:17+00:00","description":"NICOLINE MAERSK \u2693 Aktueller Standort und Position des MAERSK-Schiffes \u2713 Maersk-Containerverfolgung \u2713 Live Ship Tracker \u2713 Containerschiff","breadcrumb":{"@id":"https:\/\/ship-tracker.org\/nicoline-maersk\/#breadcrumb"},"inLanguage":"de","potentialAction":[{"@type":"ReadAction","target":["https:\/\/ship-tracker.org\/nicoline-maersk\/"]}]},{"@type":"ImageObject","inLanguage":"de","@id":"https:\/\/ship-tracker.org\/nicoline-maersk\/#primaryimage","url":"https:\/\/ship-tracker.org\/wp-content\/uploads\/2023\/06\/maersk-tanjong-g275700498_640.jpg","contentUrl":"https:\/\/ship-tracker.org\/wp-content\/uploads\/2023\/06\/maersk-tanjong-g275700498_640.jpg","width":640,"height":446,"caption":"MAERSK ABERDEEN"},{"@type":"BreadcrumbList","@id":"https:\/\/ship-tracker.org\/nicoline-maersk\/#breadcrumb","itemListElement":[{"@type":"ListItem","position":1,"name":"Startseite","item":"https:\/\/ship-tracker.org\/"},{"@type":"ListItem","position":2,"name":"NICOLINE MAERSK"}]},{"@type":"WebSite","@id":"https:\/\/ship-tracker.org\/#website","url":"https:\/\/ship-tracker.org\/","name":"Ship-tracker.org","description":"","potentialAction":[{"@type":"SearchAction","target":{"@type":"EntryPoint","urlTemplate":"https:\/\/ship-tracker.org\/?s={search_term_string}"},"query-input":{"@type":"PropertyValueSpecification","valueRequired":true,"valueName":"search_term_string"}}],"inLanguage":"de"}]}},"_links":{"self":[{"href":"https:\/\/ship-tracker.org\/de\/wp-json\/wp\/v2\/pages\/4385","targetHints":{"allow":["GET"]}}],"collection":[{"href":"https:\/\/ship-tracker.org\/de\/wp-json\/wp\/v2\/pages"}],"about":[{"href":"https:\/\/ship-tracker.org\/de\/wp-json\/wp\/v2\/types\/page"}],"author":[{"embeddable":true,"href":"https:\/\/ship-tracker.org\/de\/wp-json\/wp\/v2\/users\/1"}],"replies":[{"embeddable":true,"href":"https:\/\/ship-tracker.org\/de\/wp-json\/wp\/v2\/comments?post=4385"}],"version-history":[{"count":1,"href":"https:\/\/ship-tracker.org\/de\/wp-json\/wp\/v2\/pages\/4385\/revisions"}],"predecessor-version":[{"id":4386,"href":"https:\/\/ship-tracker.org\/de\/wp-json\/wp\/v2\/pages\/4385\/revisions\/4386"}],"wp:featuredmedia":[{"embeddable":true,"href":"https:\/\/ship-tracker.org\/de\/wp-json\/wp\/v2\/media\/3637"}],"wp:attachment":[{"href":"https:\/\/ship-tracker.org\/de\/wp-json\/wp\/v2\/media?parent=4385"}],"curies":[{"name":"wp","href":"https:\/\/api.w.org\/{rel}","templated":true}]}}