{"id":4258,"date":"2023-07-05T15:02:45","date_gmt":"2023-07-05T13:02:45","guid":{"rendered":"https:\/\/ship-tracker.org\/?page_id=4258"},"modified":"2023-07-05T15:02:45","modified_gmt":"2023-07-05T13:02:45","slug":"maersk-bentonville","status":"publish","type":"page","link":"https:\/\/ship-tracker.org\/de\/maersk-bentonville\/","title":{"rendered":"MAERSK BENTONVILLE"},"content":{"rendered":"<h2><span style=\"color: #000000;\">Aktueller Standort und <\/span><span style=\"color: #000000;\">Position von MAERSK BENTONVILLE<\/span><\/h2>\n<p>Wo befindet sich der aktuelle Standort von MAERSK BENTONVILLE?<br \/>\n<script type=\"text\/javascript\">\n  var width=\"100%\";var height=\"400\";\n  var mmsi=219204000;\n<\/script><script type=\"text\/javascript\" src=\"https:\/\/www.vesselfinder.com\/aismap.js\"><\/script><\/p>\n<p>Die MAERSK BENTONVILLE, ein unter der Flagge D\u00e4nemarks registriertes Frachtschiff, ist derzeit auf den Meeren unterwegs. Das Schiff mit der IMO-Nummer 9313929 und der MMSI-Nummer 219204000 ist 294 Meter lang und 32 Meter breit. Die unten bereitgestellten Karten enthalten detaillierte relevante Reiseinformationen, einschlie\u00dflich der aktuellen Position des Schiffes, seines n\u00e4chsten geplanten Anlaufhafens, der gesch\u00e4tzten Ankunftszeit (ETA), der voraussichtlichen Ankunftszeit (PTA), der Geschwindigkeit, des Kurses und des Tiefgangs. Zus\u00e4tzliche Ressourcen wie Fotos, Videos, Ortszeit und UTC-Zeit werden ebenfalls bereitgestellt.<\/p>\n<h2 class=\"pageTitle shipItemTitle\"><span style=\"color: #000000;\">MAERSK BENTONVILLE \u00dcberpr\u00fcfung und Spezifikationen<\/span><\/h2>\n<table>\n<tbody>\n<tr style=\"height: 23px;\">\n<td style=\"width: 192px; height: 23px;\">Flaggenstaat<\/td>\n<td style=\"width: 192px; height: 23px;\">D\u00e4nemark<\/td>\n<\/tr>\n<tr style=\"height: 23px;\">\n<td style=\"width: 192px; height: 23px;\">Baujahr<strong><br \/>\n<\/strong><\/td>\n<td style=\"width: 192px; height: 23px;\">2006<\/td>\n<\/tr>\n<tr style=\"height: 23px;\">\n<td style=\"width: 192px; height: 23px;\">Schiffstyp<\/td>\n<td style=\"width: 192px; height: 23px;\">Containerschiff<\/td>\n<\/tr>\n<tr style=\"height: 23px;\">\n<td style=\"width: 192px; height: 23px;\">Rufzeichen<\/td>\n<td style=\"width: 192px; height: 23px;\">OZCZ2<\/td>\n<\/tr>\n<tr style=\"height: 23px;\">\n<td style=\"width: 192px; height: 23px;\">Bruttoraumzahl<\/td>\n<td style=\"width: 192px; height: 23px;\">48788<\/td>\n<\/tr>\n<tr style=\"height: 23px;\">\n<td style=\"width: 192px; height: 23px;\">Sommer-Deadweight<\/td>\n<td style=\"width: 192px; height: 23px;\">53702<\/td>\n<\/tr>\n<tr style=\"height: 23px;\">\n<td style=\"width: 192px; height: 23px;\">L\u00e4nge<\/td>\n<td style=\"width: 192px; height: 23px;\"><span class=\"specificationUnit\">294 m<\/span><\/td>\n<\/tr>\n<tr style=\"height: 23px;\">\n<td style=\"width: 192px; height: 23px;\">Strahl<\/td>\n<td style=\"width: 192px; height: 23px;\"><span class=\"specificationUnit\">32 m<\/span><\/td>\n<\/tr>\n<tr style=\"height: 23px;\">\n<td style=\"width: 192px; height: 23px;\">Meiner Meinung nach<\/td>\n<td style=\"width: 192px; height: 23px;\">9313929<\/td>\n<\/tr>\n<tr style=\"height: 23px;\">\n<td style=\"width: 192px; height: 23px;\">MMSI<\/td>\n<td style=\"width: 192px; height: 23px;\">219204000<\/td>\n<\/tr>\n<tr style=\"height: 23px;\">\n<td style=\"width: 192px; height: 23px;\">Eigent\u00fcmer<\/td>\n<td style=\"width: 192px; height: 23px;\"><a href=\"https:\/\/ship-tracker.org\/de\/maersk\/\">Maersk<\/a><\/td>\n<\/tr>\n<\/tbody>\n<\/table>","protected":false},"excerpt":{"rendered":"<p>Aktueller Standort und Position der MAERSK BENTONVILLE Wo befindet sich die MAERSK BENTONVILLE derzeit? Die MAERSK BENTONVILLE, ein unter d\u00e4nischer Flagge fahrendes Frachtschiff, ist aktuell auf See unterwegs. Das Schiff mit der IMO-Nummer 9313929 und der MMSI-Nummer 219204000 ist 294 Meter lang und 32 Meter breit. Die Karten\u2026&nbsp;<a href=\"https:\/\/ship-tracker.org\/de\/maersk-bentonville\/\" rel=\"bookmark\">Weiterlesen \u00bb<span class=\"screen-reader-text\">MAERSK BENTONVILLE<\/span><\/a><\/p>","protected":false},"author":1,"featured_media":3637,"parent":0,"menu_order":0,"comment_status":"closed","ping_status":"closed","template":"","meta":{"neve_meta_sidebar":"","neve_meta_container":"","neve_meta_enable_content_width":"off","neve_meta_content_width":100,"neve_meta_title_alignment":"","neve_meta_author_avatar":"","neve_post_elements_order":"","neve_meta_disable_header":"","neve_meta_disable_footer":"","neve_meta_disable_title":"","neve_meta_reading_time":"","footnotes":""},"class_list":["post-4258","page","type-page","status-publish","has-post-thumbnail","hentry"],"yoast_head":"<!-- This site is optimized with the Yoast SEO plugin v27.4 - https:\/\/yoast.com\/product\/yoast-seo-wordpress\/ -->\n<title>MAERSK BENTONVILLE\u2503Current location and position (cargo ship)<\/title>\n<meta name=\"description\" content=\"MAERSK BENTONVILLE \u2693 Current location and position of MAERSK Vessel \u2713 Maersk container tracking \u2713 Live Ship Tracker \u2713 Container ship\" \/>\n<meta name=\"robots\" content=\"index, follow, max-snippet:-1, max-image-preview:large, max-video-preview:-1\" \/>\n<link rel=\"canonical\" href=\"https:\/\/ship-tracker.org\/de\/maersk-bentonville\/\" \/>\n<meta property=\"og:locale\" content=\"de_DE\" \/>\n<meta property=\"og:type\" content=\"article\" \/>\n<meta property=\"og:title\" content=\"MAERSK BENTONVILLE\u2503Current location and position (cargo ship)\" \/>\n<meta property=\"og:description\" content=\"MAERSK BENTONVILLE \u2693 Current location and position of MAERSK Vessel \u2713 Maersk container tracking \u2713 Live Ship Tracker \u2713 Container ship\" \/>\n<meta property=\"og:url\" content=\"https:\/\/ship-tracker.org\/de\/maersk-bentonville\/\" \/>\n<meta property=\"og:site_name\" content=\"Ship-tracker.org\" \/>\n<meta property=\"og:image\" content=\"https:\/\/ship-tracker.org\/wp-content\/uploads\/2023\/06\/maersk-tanjong-g275700498_640.jpg\" \/>\n\t<meta property=\"og:image:width\" content=\"640\" \/>\n\t<meta property=\"og:image:height\" content=\"446\" \/>\n\t<meta property=\"og:image:type\" content=\"image\/jpeg\" \/>\n<meta name=\"twitter:card\" content=\"summary_large_image\" \/>\n<meta name=\"twitter:label1\" content=\"Gesch\u00e4tzte Lesezeit\" \/>\n\t<meta name=\"twitter:data1\" content=\"1\u00a0Minute\" \/>\n<script type=\"application\/ld+json\" class=\"yoast-schema-graph\">{\"@context\":\"https:\\\/\\\/schema.org\",\"@graph\":[{\"@type\":\"WebPage\",\"@id\":\"https:\\\/\\\/ship-tracker.org\\\/maersk-bentonville\\\/\",\"url\":\"https:\\\/\\\/ship-tracker.org\\\/maersk-bentonville\\\/\",\"name\":\"MAERSK BENTONVILLE\u2503Current location and position (cargo ship)\",\"isPartOf\":{\"@id\":\"https:\\\/\\\/ship-tracker.org\\\/#website\"},\"primaryImageOfPage\":{\"@id\":\"https:\\\/\\\/ship-tracker.org\\\/maersk-bentonville\\\/#primaryimage\"},\"image\":{\"@id\":\"https:\\\/\\\/ship-tracker.org\\\/maersk-bentonville\\\/#primaryimage\"},\"thumbnailUrl\":\"https:\\\/\\\/ship-tracker.org\\\/wp-content\\\/uploads\\\/2023\\\/06\\\/maersk-tanjong-g275700498_640.jpg\",\"datePublished\":\"2023-07-05T13:02:45+00:00\",\"description\":\"MAERSK BENTONVILLE \u2693 Current location and position of MAERSK Vessel \u2713 Maersk container tracking \u2713 Live Ship Tracker \u2713 Container ship\",\"breadcrumb\":{\"@id\":\"https:\\\/\\\/ship-tracker.org\\\/maersk-bentonville\\\/#breadcrumb\"},\"inLanguage\":\"de\",\"potentialAction\":[{\"@type\":\"ReadAction\",\"target\":[\"https:\\\/\\\/ship-tracker.org\\\/maersk-bentonville\\\/\"]}]},{\"@type\":\"ImageObject\",\"inLanguage\":\"de\",\"@id\":\"https:\\\/\\\/ship-tracker.org\\\/maersk-bentonville\\\/#primaryimage\",\"url\":\"https:\\\/\\\/ship-tracker.org\\\/wp-content\\\/uploads\\\/2023\\\/06\\\/maersk-tanjong-g275700498_640.jpg\",\"contentUrl\":\"https:\\\/\\\/ship-tracker.org\\\/wp-content\\\/uploads\\\/2023\\\/06\\\/maersk-tanjong-g275700498_640.jpg\",\"width\":640,\"height\":446,\"caption\":\"MAERSK ABERDEEN\"},{\"@type\":\"BreadcrumbList\",\"@id\":\"https:\\\/\\\/ship-tracker.org\\\/maersk-bentonville\\\/#breadcrumb\",\"itemListElement\":[{\"@type\":\"ListItem\",\"position\":1,\"name\":\"Startseite\",\"item\":\"https:\\\/\\\/ship-tracker.org\\\/\"},{\"@type\":\"ListItem\",\"position\":2,\"name\":\"MAERSK BENTONVILLE\"}]},{\"@type\":\"WebSite\",\"@id\":\"https:\\\/\\\/ship-tracker.org\\\/#website\",\"url\":\"https:\\\/\\\/ship-tracker.org\\\/\",\"name\":\"Ship-tracker.org\",\"description\":\"\",\"potentialAction\":[{\"@type\":\"SearchAction\",\"target\":{\"@type\":\"EntryPoint\",\"urlTemplate\":\"https:\\\/\\\/ship-tracker.org\\\/?s={search_term_string}\"},\"query-input\":{\"@type\":\"PropertyValueSpecification\",\"valueRequired\":true,\"valueName\":\"search_term_string\"}}],\"inLanguage\":\"de\"}]}<\/script>\n<!-- \/ Yoast SEO plugin. -->","yoast_head_json":{"title":"MAERSK BENTONVILLE\u2503Aktueller Standort und Position (Frachtschiff)","description":"MAERSK BENTONVILLE \u2693 Aktueller Standort und Position des MAERSK-Schiffes \u2713 Maersk-Containerverfolgung \u2713 Live Ship Tracker \u2713 Containerschiff","robots":{"index":"index","follow":"follow","max-snippet":"max-snippet:-1","max-image-preview":"max-image-preview:large","max-video-preview":"max-video-preview:-1"},"canonical":"https:\/\/ship-tracker.org\/de\/maersk-bentonville\/","og_locale":"de_DE","og_type":"article","og_title":"MAERSK BENTONVILLE\u2503Current location and position (cargo ship)","og_description":"MAERSK BENTONVILLE \u2693 Current location and position of MAERSK Vessel \u2713 Maersk container tracking \u2713 Live Ship Tracker \u2713 Container ship","og_url":"https:\/\/ship-tracker.org\/de\/maersk-bentonville\/","og_site_name":"Ship-tracker.org","og_image":[{"width":640,"height":446,"url":"https:\/\/ship-tracker.org\/wp-content\/uploads\/2023\/06\/maersk-tanjong-g275700498_640.jpg","type":"image\/jpeg"}],"twitter_card":"summary_large_image","twitter_misc":{"Gesch\u00e4tzte Lesezeit":"1\u00a0Minute"},"schema":{"@context":"https:\/\/schema.org","@graph":[{"@type":"WebPage","@id":"https:\/\/ship-tracker.org\/maersk-bentonville\/","url":"https:\/\/ship-tracker.org\/maersk-bentonville\/","name":"MAERSK BENTONVILLE\u2503Aktueller Standort und Position (Frachtschiff)","isPartOf":{"@id":"https:\/\/ship-tracker.org\/#website"},"primaryImageOfPage":{"@id":"https:\/\/ship-tracker.org\/maersk-bentonville\/#primaryimage"},"image":{"@id":"https:\/\/ship-tracker.org\/maersk-bentonville\/#primaryimage"},"thumbnailUrl":"https:\/\/ship-tracker.org\/wp-content\/uploads\/2023\/06\/maersk-tanjong-g275700498_640.jpg","datePublished":"2023-07-05T13:02:45+00:00","description":"MAERSK BENTONVILLE \u2693 Aktueller Standort und Position des MAERSK-Schiffes \u2713 Maersk-Containerverfolgung \u2713 Live Ship Tracker \u2713 Containerschiff","breadcrumb":{"@id":"https:\/\/ship-tracker.org\/maersk-bentonville\/#breadcrumb"},"inLanguage":"de","potentialAction":[{"@type":"ReadAction","target":["https:\/\/ship-tracker.org\/maersk-bentonville\/"]}]},{"@type":"ImageObject","inLanguage":"de","@id":"https:\/\/ship-tracker.org\/maersk-bentonville\/#primaryimage","url":"https:\/\/ship-tracker.org\/wp-content\/uploads\/2023\/06\/maersk-tanjong-g275700498_640.jpg","contentUrl":"https:\/\/ship-tracker.org\/wp-content\/uploads\/2023\/06\/maersk-tanjong-g275700498_640.jpg","width":640,"height":446,"caption":"MAERSK ABERDEEN"},{"@type":"BreadcrumbList","@id":"https:\/\/ship-tracker.org\/maersk-bentonville\/#breadcrumb","itemListElement":[{"@type":"ListItem","position":1,"name":"Startseite","item":"https:\/\/ship-tracker.org\/"},{"@type":"ListItem","position":2,"name":"MAERSK BENTONVILLE"}]},{"@type":"WebSite","@id":"https:\/\/ship-tracker.org\/#website","url":"https:\/\/ship-tracker.org\/","name":"Ship-tracker.org","description":"","potentialAction":[{"@type":"SearchAction","target":{"@type":"EntryPoint","urlTemplate":"https:\/\/ship-tracker.org\/?s={search_term_string}"},"query-input":{"@type":"PropertyValueSpecification","valueRequired":true,"valueName":"search_term_string"}}],"inLanguage":"de"}]}},"_links":{"self":[{"href":"https:\/\/ship-tracker.org\/de\/wp-json\/wp\/v2\/pages\/4258","targetHints":{"allow":["GET"]}}],"collection":[{"href":"https:\/\/ship-tracker.org\/de\/wp-json\/wp\/v2\/pages"}],"about":[{"href":"https:\/\/ship-tracker.org\/de\/wp-json\/wp\/v2\/types\/page"}],"author":[{"embeddable":true,"href":"https:\/\/ship-tracker.org\/de\/wp-json\/wp\/v2\/users\/1"}],"replies":[{"embeddable":true,"href":"https:\/\/ship-tracker.org\/de\/wp-json\/wp\/v2\/comments?post=4258"}],"version-history":[{"count":1,"href":"https:\/\/ship-tracker.org\/de\/wp-json\/wp\/v2\/pages\/4258\/revisions"}],"predecessor-version":[{"id":4259,"href":"https:\/\/ship-tracker.org\/de\/wp-json\/wp\/v2\/pages\/4258\/revisions\/4259"}],"wp:featuredmedia":[{"embeddable":true,"href":"https:\/\/ship-tracker.org\/de\/wp-json\/wp\/v2\/media\/3637"}],"wp:attachment":[{"href":"https:\/\/ship-tracker.org\/de\/wp-json\/wp\/v2\/media?parent=4258"}],"curies":[{"name":"wp","href":"https:\/\/api.w.org\/{rel}","templated":true}]}}