{"id":400,"date":"2017-09-15T22:26:10","date_gmt":"2017-09-15T20:26:10","guid":{"rendered":"http:\/\/ship-tracker.org\/?page_id=400"},"modified":"2021-11-08T21:04:41","modified_gmt":"2021-11-08T20:04:41","slug":"ship-tracker","status":"publish","type":"page","link":"https:\/\/ship-tracker.org\/de\/","title":{"rendered":"Schiffsverfolger"},"content":{"rendered":"<p><script async src=\"https:\/\/pagead2.googlesyndication.com\/pagead\/js\/adsbygoogle.js\"><\/script><br \/>\n<!-- Ship-Tracker Display --><br \/>\n<ins class=\"adsbygoogle\" style=\"display: block;\" data-ad-client=\"ca-pub-1316785063791781\" data-ad-slot=\"8075999632\" data-ad-format=\"auto\" data-full-width-responsive=\"true\"><\/ins><br \/>\n<script>\n     (adsbygoogle = window.adsbygoogle || []).push({});\n<\/script><\/p>\n<h2>Schiffsverfolgung \u2013 Wie funktioniert die Verfolgung von Schiffen und Schiffen?<\/h2>\n<p><script type=\"text\/javascript\">\nwidth='100%';\nheight='450';\n<\/script><br \/>\n<script type=\"text\/javascript\" src=\"\/\/www.marinetraffic.com\/js\/embed.js\"><\/script><br \/>\n<script async src=\"https:\/\/pagead2.googlesyndication.com\/pagead\/js\/adsbygoogle.js\"><\/script><br \/>\n<!-- Schip-Tracker Linkanzeigen --><br \/>\n<ins class=\"adsbygoogle\" style=\"display: block;\" data-ad-client=\"ca-pub-1316785063791781\" data-ad-slot=\"3429004156\" data-ad-format=\"link\" data-full-width-responsive=\"true\"><\/ins><br \/>\n<script>\n     (adsbygoogle = window.adsbygoogle || []).push({});\n<\/script><\/p>\n<p class=\"p1\" style=\"text-align: justify;\"><span class=\"s1\">Schiffe per Mausklick verfolgen \u2013 dank Internet ist das Realit\u00e4t. Doch wie kann man gro\u00dfe Schiffe und Schiffe aller Art eigentlich verfolgen? Wie k\u00f6nnen Sie die richtigen Plattformen zu Ihrem Vorteil nutzen und feststellen, f\u00fcr welchen Schiffstyp Sie sich gerade entschieden haben? Finden Sie hier alle Informationen zur Schiffsverfolgung und erfahren Sie m\u00f6glichst viel Wissen \u00fcber das Schiff Ihrer Wahl!<\/span><\/p>\n<h2 class=\"p1\"><span class=\"s1\">Wie funktioniert ein Schiffstracker?<\/span><\/h2>\n<p class=\"p1\" style=\"text-align: justify;\"><span class=\"s1\">Tausende gro\u00dfe Schiffe befahren t\u00e4glich die Ozeane. Jedes einzelne dieser Schiffe nutzt eine Ortung, die als \u201eAutomatisches Identifikationssystem\u201c bezeichnet wird. Dieses Schiffsverfolgungsprogramm hilft, Kollisionen zu vermeiden und dient auch dazu, Schiffe in Notsituationen schnell zu finden. Einige Unternehmen haben sich auf die Bereitstellung einer pr\u00e4zisen Online-Schiffsverfolgung in Echtzeit konzentriert. Sie nutzen Schiffsverfolgungsdaten und AIS-Tracking und stellen online Karten zur Verf\u00fcgung, die Schiffe und Schiffe in Echtzeit darstellen. AIS ist eine faszinierende Technologie, die Leben rettet und den Seetransport erheblich vereinfacht, aber auch wertvolle Erkenntnisse \u00fcber die Schifffahrtsindustrie weltweit liefert.<\/span><\/p>\n<h2 class=\"p1\"><span class=\"s1\">Was enth\u00e4lt eine AIS-Nachricht?<\/span><\/h2>\n<p class=\"p1\" style=\"text-align: justify;\"><span class=\"s1\">Das \u201eAutomatische Identifikationssystem\u201c liefert viele Informationen. Jede einzelne Nachricht zeigt den GPS-Standort des Absenders. Dar\u00fcber hinaus enth\u00e4lt es die Geschwindigkeit \u00fcber Grund (\u201eSOG\u201c) \u2013 grob gesagt die tats\u00e4chliche Geschwindigkeit des Schiffes. Dar\u00fcber hinaus stellt das AIS den Kurs \u00fcber Grund (\u201eCOG\u201c) bereit. So wissen Sie auch, in welche Richtung das Schiff f\u00e4hrt. Da Sie auch die eindeutige Schiffs-ID des Schiffes erhalten, finden Sie in der Regel weitere Informationen zu dem konkreten Boot, das Sie sich ansehen. Aus diesem Grund k\u00f6nnen kostenlose Schiffsverfolgungs-Websites so gro\u00dfe Datenmengen bereitstellen.<\/span><\/p>\n<h2 class=\"p1\"><span class=\"s1\">Was ist auf einer Website zur Schiffsverfolgung leicht zu finden?<\/span><\/h2>\n<p class=\"p1\" style=\"text-align: justify;\"><span class=\"s1\">Die kostenlose Live-Schiffsverfolgung ist nicht auf die aktuelle Position beschr\u00e4nkt, wie wir im vorherigen Absatz besprochen haben. Es bietet tats\u00e4chlich weit mehr als das. Als Beispiel die Website <a href=\"https:\/\/www.marinetraffic.com\/\" target=\"_blank\" rel=\"noopener noreferrer\"><span class=\"s2\">Seeverkehr<\/span><\/a> bietet viele Informationen. Folgende Daten finden Sie:<\/span><\/p>\n<ul class=\"ul1\">\n<li class=\"li1\"><span class=\"s1\">Tiefgang des Schiffes<\/span><\/li>\n<li class=\"li1\"><span class=\"s1\">L\u00e4nge und Breite<\/span><\/li>\n<li class=\"li1\"><span class=\"s1\">\u201eNationalit\u00e4t\u201c des Schiffes \u2013 woher hat das Schiff seine Lizenz?<\/span><\/li>\n<li class=\"li1\"><span class=\"s1\">Ziel<\/span><\/li>\n<li class=\"li1\"><span class=\"s1\">Durchschnittsgeschwindigkeit in Knoten<\/span><\/li>\n<li class=\"li1\"><span class=\"s1\">H\u00f6chstgeschwindigkeit in Knoten<\/span><\/li>\n<li class=\"li1\"><span class=\"s1\">aktueller Kurs (Winkel)<\/span><\/li>\n<li class=\"li1\"><span class=\"s1\">voraussichtliche Ankunftszeit (\u201eETA\u201c)<\/span><\/li>\n<li class=\"li1\"><span class=\"s1\">tats\u00e4chliche Abflugzeit (\u201eATD\u201c)<\/span><\/li>\n<\/ul>\n<figure id=\"attachment_2025\" aria-describedby=\"caption-attachment-2025\" style=\"width: 768px\" class=\"wp-caption aligncenter\"><img loading=\"lazy\" decoding=\"async\" class=\"wp-image-2025 size-full\" src=\"https:\/\/ship-tracker.org\/wp-content\/uploads\/2020\/04\/karte-kreuzfahrt-kreuzfahrtschiff-schiffsposition-schiffsradar-768x388-1.jpg\" alt=\"Seeverkehr\" width=\"768\" height=\"388\" srcset=\"https:\/\/ship-tracker.org\/wp-content\/uploads\/2020\/04\/karte-kreuzfahrt-kreuzfahrtschiff-schiffsposition-schiffsradar-768x388-1.jpg 768w, https:\/\/ship-tracker.org\/wp-content\/uploads\/2020\/04\/karte-kreuzfahrt-kreuzfahrtschiff-schiffsposition-schiffsradar-768x388-1-300x152.jpg 300w\" sizes=\"auto, (max-width: 768px) 100vw, 768px\" \/><figcaption id=\"caption-attachment-2025\" class=\"wp-caption-text\">Screenshot \u00a9 Marinetraffic.com<\/figcaption><\/figure>\n<p class=\"p1\"><span class=\"s1\">Auf der Website sind noch viel mehr Daten verf\u00fcgbar. F\u00fcr detailliertere Informationen m\u00fcssen Sie bezahlen, um alle Einblicke zu erhalten.<\/span><\/p>\n<h3 class=\"p1\"><span class=\"s1\">Vesselfinder \u2013 Eine attraktive Alternative zu MarineTraffic<\/span><\/h3>\n<p class=\"p1\" style=\"text-align: justify;\"><span class=\"s1\">Nat\u00fcrlich m\u00f6chten Sie nicht unbedingt f\u00fcr eine Premium-Mitgliedschaft bezahlen. Deshalb die Website <a href=\"http:\/\/www.vesselfinder.com\" target=\"_blank\" rel=\"noopener noreferrer\"><span class=\"s2\">Schiffsfinder<\/span><\/a> eignet sich hervorragend als Alternative. Obwohl beide Websites \u00fcber eine ziemlich \u00e4hnliche Live-Karte aller Handelsschiffe weltweit verf\u00fcgen, gibt es einige Unterschiede. Im Wesentlichen erhalten Sie einfach viel mehr Informationen zu jedem Schiff, das gerade unterwegs ist.<\/span><\/p>\n<figure id=\"attachment_2727\" aria-describedby=\"caption-attachment-2727\" style=\"width: 900px\" class=\"wp-caption aligncenter\"><img loading=\"lazy\" decoding=\"async\" class=\"wp-image-2727 size-full\" src=\"https:\/\/ship-tracker.org\/wp-content\/uploads\/2020\/05\/Unbenannt44-e1589046113367.png\" alt=\"Schiffsfinder\" width=\"900\" height=\"455\" srcset=\"https:\/\/ship-tracker.org\/wp-content\/uploads\/2020\/05\/Unbenannt44-e1589046113367.png 900w, https:\/\/ship-tracker.org\/wp-content\/uploads\/2020\/05\/Unbenannt44-e1589046113367-300x152.png 300w, https:\/\/ship-tracker.org\/wp-content\/uploads\/2020\/05\/Unbenannt44-e1589046113367-768x388.png 768w\" sizes=\"auto, (max-width: 900px) 100vw, 900px\" \/><figcaption id=\"caption-attachment-2727\" class=\"wp-caption-text\">Screenshot \u00a9 Vesselfinder.com<\/figcaption><\/figure>\n<p class=\"p1\" style=\"text-align: justify;\"><span class=\"s1\">So k\u00f6nnen Sie beispielsweise herausfinden, wo das Schiff Ihrer Wahl zuletzt geblieben ist. War es der Hafen in Hamburg oder beispielsweise Bremerhaven? Das erfahren Sie, indem Sie einfach auf das Schiff klicken. Viele weitere Informationen stehen Ihnen kostenlos zur Verf\u00fcgung, ohne dass eine Mitgliedschaft erforderlich ist.<\/span><\/p>\n<h3 class=\"p1\"><span class=\"s1\">Wie k\u00f6nnen Sie den kostenlosen Schiffs-Tracker nutzen?<\/span><\/h3>\n<p class=\"p1\" style=\"text-align: justify;\"><span class=\"s1\">In erster Linie ist es f\u00fcr viele Leute da drau\u00dfen einfach interessant. Die maritime Industrie \u00fcbt seit Jahrhunderten eine Faszination aus und das gro\u00dfe Interesse h\u00e4lt bis heute an. Daher betrachten die meisten Leute einen Schiffstracker als Hobby und Interesse, da man viele Informationen \u00fcber Schiffe finden kann. Das ist Wissen, \u00fcber das andere Menschen, die mit der Idee eines Schiffstrackers nicht vertraut sind, m\u00f6glicherweise nicht verf\u00fcgen.<\/span><\/p>\n<p class=\"p1\" style=\"text-align: justify;\"><span class=\"s1\">Aber nat\u00fcrlich k\u00f6nnen Sie einen Schiffstracker auch als praktische M\u00f6glichkeit nutzen, sich mehr Wissen anzueignen, um das t\u00e4gliche Leben besser zu verstehen. Sie k\u00f6nnen beispielsweise den Weg von Handelsschiffen verfolgen, die von China nach Europa reisen. Sie k\u00f6nnen ihre Routen verfolgen und selbst \u00fcberpr\u00fcfen, wie weit sie zur\u00fccklegen. Das k\u00f6nnte f\u00fcr Sie interessant sein, wenn Sie sich f\u00fcr Umweltverschmutzung und Klimawandel begeistern.<\/span><\/p>\n<h2 class=\"p1\"><span class=\"s1\">Praktischer Einsatz eines Schiffstrackers<\/span><\/h2>\n<p class=\"p1\" style=\"text-align: justify;\"><span class=\"s1\">Offensichtlich sind Schiffsverfolgungsseiten wie VesselFinder und MarineTraffic nicht nur f\u00fcr Leute gedacht, die einfach nur neugierig auf Schiffe im Meer sind. Diese Schiffsverfolgungs-Websites bieten f\u00fcr viele Menschen weltweit einen praktischen Nutzen.<\/span><\/p>\n<p class=\"p1\" style=\"text-align: justify;\"><span class=\"s1\">Sie k\u00f6nnen zum Beispiel viel von der Schiffsverfolgung profitieren, wenn Sie sich nach Ihrem Abschluss f\u00fcr ein maritimes Studium entscheiden. Wenn Sie sich beispielsweise f\u00fcr das Studium des Seerechts entscheiden, k\u00f6nnen Sie viel lernen, indem Sie die rechtlichen Daten von Schiffen und Schiffen \u00fcberpr\u00fcfen, die gerade fahren. Unter welcher Flagge fahren die meisten Schiffe auf der Welt? Fahren weltweit alle Schiffe legal oder gibt es Schiffe, die sich nicht an die Gesetze halten \u2013 zum Beispiel wenn es um maximale Kapazit\u00e4t oder ISO-Standards (allgemeine Regeln f\u00fcr alle Containerschiffe) geht?<\/span><\/p>\n<h3 class=\"p1\"><span class=\"s1\">Weitere Ideen zur Verwendung von Schiffs-Trackern<\/span><\/h3>\n<p class=\"p1\" style=\"text-align: justify;\"><span class=\"s1\">Es gibt viele M\u00f6glichkeiten, mehr \u00fcber Ihre Meeresumwelt herauszufinden. Nehmen Sie sich beispielsweise die Option \u201eH\u00e4fen in meiner N\u00e4he\u201c vor. Dies erm\u00f6glicht Ihnen, H\u00e4fen in der N\u00e4he Ihrer Heimatstadt zu finden, wenn Sie in der N\u00e4he des Meeres wohnen. Schiffsverfolgungs-Websites wie MarineTraffic sind auch sehr n\u00fctzlich, wenn Sie im Urlaub sind und vielleicht etwas Zeit in den \u00f6rtlichen H\u00e4fen verbringen m\u00f6chten. Maritime Kultur und Hafenumgebung haben meist immer eine einzigartige Atmosph\u00e4re. Da es in jedem Land anders ist, wird es f\u00fcr Sie eine neue Erfahrung sein \u2013 egal, ob Sie gerade in Shanghai, China oder Hamburg, Deutschland sind.<\/span><\/p>\n<h2 class=\"p1\"><span class=\"s1\">Wie finde ich weitere Informationen zur Funktionsweise von Ship Tracker?<\/span><\/h2>\n<p class=\"p1\" style=\"text-align: justify;\"><span class=\"s1\">Schiffsverfolgung und AIS spielen in der maritimen Welt eine gro\u00dfe Rolle. Daher finden Sie im Internet jede Menge Informationen. Websites wie <a href=\"http:\/\/www.marineinsight.com\" target=\"_blank\" rel=\"noopener noreferrer\"><span class=\"s2\">www.marineinsight.com<\/span><\/a> Stellen Sie eine Vielzahl von Artikeln zu verschiedenen Themen bereit, die Ihnen helfen, die maritime Welt vollst\u00e4ndig zu verstehen. Sie umfassen auch Artikel und Neuigkeiten zu AIS und anderen Systemen. <\/span><\/p>\n<h3 class=\"p1\"><span class=\"s1\">Zusammenfassung \u2013 Warum Ihnen Schiffsverfolgung bekannt sein sollte<\/span><\/h3>\n<p class=\"p1\" style=\"text-align: justify;\"><span class=\"s1\">Der Transport gro\u00dfer Warenmengen \u00fcber den Ozean mit riesigen Containerschiffen trug wesentlich zu unserem hohen Lebensstandard und Wohlstand bei. Es handelt sich um ein enorm g\u00fcnstiges und zuverl\u00e4ssiges Fortbewegungsmittel, das in den letzten Jahrzehnten enorm optimiert wurde. Mit einem Schiffstracker k\u00f6nnen Sie mit nur wenigen Mausklicks jedes Schiff und jedes Handelsschiff mit einer eindeutigen Schiffs-ID finden. Es ist nicht nur interessant, es sich anzusehen \u2013 wenn Sie sich Zeit daf\u00fcr nehmen, wird es Ihre Sicht auf den Welthandel und viele andere Aspekte bereichern.<\/span><\/p>\n<p><script async src=\"https:\/\/pagead2.googlesyndication.com\/pagead\/js\/adsbygoogle.js\"><\/script><br \/>\n<!-- Ship-Tracker Display --><br \/>\n<ins class=\"adsbygoogle\" style=\"display: block;\" data-ad-client=\"ca-pub-1316785063791781\" data-ad-slot=\"8075999632\" data-ad-format=\"auto\" data-full-width-responsive=\"true\"><\/ins><br \/>\n<script>\n     (adsbygoogle = window.adsbygoogle || []).push({});\n<\/script><\/p>\n<p>Alle ansehen <a href=\"https:\/\/ship-tracker.org\/de\/cruise-ship-tracker\/\">Aktuelle Standorte der Kreuzfahrtschiffe.<\/a> Die Position von Kreuzfahrtschiffen kann anhand der Karten von genau bestimmt werden <a href=\"https:\/\/ship-tracker.org\/de\/vesselfinder\/\">Schiffsfinder<\/a> Und <a href=\"https:\/\/ship-tracker.org\/de\/marinetraffic\/\">Seeverkehr<\/a>. So sind Sie immer bestens informiert, wo sich Ihr Lieblingsschiff gerade befindet.<\/p>\n<p>&nbsp;<\/p>","protected":false},"excerpt":{"rendered":"<p>Schiffsverfolgung \u2013 Wie funktioniert die Verfolgung von Schiffen und Schiffen? Schiffe per Mausklick verfolgen \u2013 dank Internet ist das Realit\u00e4t. Doch wie kann man gro\u00dfe Schiffe und Schiffe aller Art eigentlich verfolgen? Wie k\u00f6nnen Sie die richtigen Plattformen zu Ihrem Vorteil nutzen und wie k\u00f6nnen Sie bestimmen\u2026&nbsp;<a href=\"https:\/\/ship-tracker.org\/de\/\" rel=\"bookmark\">Weiterlesen \u00bb<span class=\"screen-reader-text\">Schiffsverfolger<\/span><\/a><\/p>","protected":false},"author":1,"featured_media":2025,"parent":0,"menu_order":0,"comment_status":"closed","ping_status":"closed","template":"","meta":{"neve_meta_sidebar":"","neve_meta_container":"","neve_meta_enable_content_width":"","neve_meta_content_width":0,"neve_meta_title_alignment":"","neve_meta_author_avatar":"","neve_post_elements_order":"","neve_meta_disable_header":"","neve_meta_disable_footer":"","neve_meta_disable_title":"","neve_meta_reading_time":"","footnotes":""},"class_list":["post-400","page","type-page","status-publish","has-post-thumbnail","hentry"],"yoast_head":"<!-- This site is optimized with the Yoast SEO plugin v26.9 - https:\/\/yoast.com\/product\/yoast-seo-wordpress\/ -->\n<title>Ship Tracker \u2503How does tracking vessels and ships work?<\/title>\n<meta name=\"description\" content=\"Ship Tracker \u2693 Current position of All Cruise-ships \u2713 Live Ship Tracker \u2713 Review and Specifications \u2713 Webcam \u2713 Ship Tracking\" \/>\n<meta name=\"robots\" content=\"index, follow, max-snippet:-1, max-image-preview:large, max-video-preview:-1\" \/>\n<link rel=\"canonical\" href=\"https:\/\/ship-tracker.org\/de\/\" \/>\n<meta property=\"og:locale\" content=\"de_DE\" \/>\n<meta property=\"og:type\" content=\"article\" \/>\n<meta property=\"og:title\" content=\"Ship Tracker \u2503How does tracking vessels and ships work?\" \/>\n<meta property=\"og:description\" content=\"Ship Tracker \u2693 Current position of All Cruise-ships \u2713 Live Ship Tracker \u2713 Review and Specifications \u2713 Webcam \u2713 Ship Tracking\" \/>\n<meta property=\"og:url\" content=\"https:\/\/ship-tracker.org\/de\/\" \/>\n<meta property=\"og:site_name\" content=\"Ship-tracker.org\" \/>\n<meta property=\"article:modified_time\" content=\"2021-11-08T20:04:41+00:00\" \/>\n<meta property=\"og:image\" content=\"https:\/\/ship-tracker.org\/wp-content\/uploads\/2020\/04\/karte-kreuzfahrt-kreuzfahrtschiff-schiffsposition-schiffsradar-768x388-1.jpg\" \/>\n\t<meta property=\"og:image:width\" content=\"768\" \/>\n\t<meta property=\"og:image:height\" content=\"388\" \/>\n\t<meta property=\"og:image:type\" content=\"image\/jpeg\" \/>\n<meta name=\"twitter:card\" content=\"summary_large_image\" \/>\n<meta name=\"twitter:label1\" content=\"Gesch\u00e4tzte Lesezeit\" \/>\n\t<meta name=\"twitter:data1\" content=\"6\u00a0Minuten\" \/>\n<script type=\"application\/ld+json\" class=\"yoast-schema-graph\">{\"@context\":\"https:\/\/schema.org\",\"@graph\":[{\"@type\":\"WebPage\",\"@id\":\"https:\/\/ship-tracker.org\/\",\"url\":\"https:\/\/ship-tracker.org\/\",\"name\":\"Ship Tracker \u2503How does tracking vessels and ships work?\",\"isPartOf\":{\"@id\":\"https:\/\/ship-tracker.org\/#website\"},\"primaryImageOfPage\":{\"@id\":\"https:\/\/ship-tracker.org\/#primaryimage\"},\"image\":{\"@id\":\"https:\/\/ship-tracker.org\/#primaryimage\"},\"thumbnailUrl\":\"https:\/\/ship-tracker.org\/wp-content\/uploads\/2020\/04\/karte-kreuzfahrt-kreuzfahrtschiff-schiffsposition-schiffsradar-768x388-1.jpg\",\"datePublished\":\"2017-09-15T20:26:10+00:00\",\"dateModified\":\"2021-11-08T20:04:41+00:00\",\"description\":\"Ship Tracker \u2693 Current position of All Cruise-ships \u2713 Live Ship Tracker \u2713 Review and Specifications \u2713 Webcam \u2713 Ship Tracking\",\"breadcrumb\":{\"@id\":\"https:\/\/ship-tracker.org\/#breadcrumb\"},\"inLanguage\":\"de\",\"potentialAction\":[{\"@type\":\"ReadAction\",\"target\":[\"https:\/\/ship-tracker.org\/\"]}]},{\"@type\":\"ImageObject\",\"inLanguage\":\"de\",\"@id\":\"https:\/\/ship-tracker.org\/#primaryimage\",\"url\":\"https:\/\/ship-tracker.org\/wp-content\/uploads\/2020\/04\/karte-kreuzfahrt-kreuzfahrtschiff-schiffsposition-schiffsradar-768x388-1.jpg\",\"contentUrl\":\"https:\/\/ship-tracker.org\/wp-content\/uploads\/2020\/04\/karte-kreuzfahrt-kreuzfahrtschiff-schiffsposition-schiffsradar-768x388-1.jpg\",\"width\":768,\"height\":388,\"caption\":\"MarineTraffic\"},{\"@type\":\"BreadcrumbList\",\"@id\":\"https:\/\/ship-tracker.org\/#breadcrumb\",\"itemListElement\":[{\"@type\":\"ListItem\",\"position\":1,\"name\":\"Startseite\",\"item\":\"https:\/\/ship-tracker.org\/\"},{\"@type\":\"ListItem\",\"position\":2,\"name\":\"Ship Tracker\"}]},{\"@type\":\"WebSite\",\"@id\":\"https:\/\/ship-tracker.org\/#website\",\"url\":\"https:\/\/ship-tracker.org\/\",\"name\":\"Ship-tracker.org\",\"description\":\"\",\"potentialAction\":[{\"@type\":\"SearchAction\",\"target\":{\"@type\":\"EntryPoint\",\"urlTemplate\":\"https:\/\/ship-tracker.org\/?s={search_term_string}\"},\"query-input\":{\"@type\":\"PropertyValueSpecification\",\"valueRequired\":true,\"valueName\":\"search_term_string\"}}],\"inLanguage\":\"de\"}]}<\/script>\n<!-- \/ Yoast SEO plugin. -->","yoast_head_json":{"title":"Ship Tracker \u2503Wie funktioniert die Verfolgung von Schiffen und Schiffen?","description":"Schiffsverfolgung \u2693 Aktuelle Position aller Kreuzfahrtschiffe \u2713 Live-Schiffsverfolgung \u2713 \u00dcberpr\u00fcfung und Spezifikationen \u2713 Webcam \u2713 Schiffsverfolgung","robots":{"index":"index","follow":"follow","max-snippet":"max-snippet:-1","max-image-preview":"max-image-preview:large","max-video-preview":"max-video-preview:-1"},"canonical":"https:\/\/ship-tracker.org\/de\/","og_locale":"de_DE","og_type":"article","og_title":"Ship Tracker \u2503How does tracking vessels and ships work?","og_description":"Ship Tracker \u2693 Current position of All Cruise-ships \u2713 Live Ship Tracker \u2713 Review and Specifications \u2713 Webcam \u2713 Ship Tracking","og_url":"https:\/\/ship-tracker.org\/de\/","og_site_name":"Ship-tracker.org","article_modified_time":"2021-11-08T20:04:41+00:00","og_image":[{"width":768,"height":388,"url":"https:\/\/ship-tracker.org\/wp-content\/uploads\/2020\/04\/karte-kreuzfahrt-kreuzfahrtschiff-schiffsposition-schiffsradar-768x388-1.jpg","type":"image\/jpeg"}],"twitter_card":"summary_large_image","twitter_misc":{"Gesch\u00e4tzte Lesezeit":"6\u00a0Minuten"},"schema":{"@context":"https:\/\/schema.org","@graph":[{"@type":"WebPage","@id":"https:\/\/ship-tracker.org\/","url":"https:\/\/ship-tracker.org\/","name":"Ship Tracker \u2503Wie funktioniert die Verfolgung von Schiffen und Schiffen?","isPartOf":{"@id":"https:\/\/ship-tracker.org\/#website"},"primaryImageOfPage":{"@id":"https:\/\/ship-tracker.org\/#primaryimage"},"image":{"@id":"https:\/\/ship-tracker.org\/#primaryimage"},"thumbnailUrl":"https:\/\/ship-tracker.org\/wp-content\/uploads\/2020\/04\/karte-kreuzfahrt-kreuzfahrtschiff-schiffsposition-schiffsradar-768x388-1.jpg","datePublished":"2017-09-15T20:26:10+00:00","dateModified":"2021-11-08T20:04:41+00:00","description":"Schiffsverfolgung \u2693 Aktuelle Position aller Kreuzfahrtschiffe \u2713 Live-Schiffsverfolgung \u2713 \u00dcberpr\u00fcfung und Spezifikationen \u2713 Webcam \u2713 Schiffsverfolgung","breadcrumb":{"@id":"https:\/\/ship-tracker.org\/#breadcrumb"},"inLanguage":"de","potentialAction":[{"@type":"ReadAction","target":["https:\/\/ship-tracker.org\/"]}]},{"@type":"ImageObject","inLanguage":"de","@id":"https:\/\/ship-tracker.org\/#primaryimage","url":"https:\/\/ship-tracker.org\/wp-content\/uploads\/2020\/04\/karte-kreuzfahrt-kreuzfahrtschiff-schiffsposition-schiffsradar-768x388-1.jpg","contentUrl":"https:\/\/ship-tracker.org\/wp-content\/uploads\/2020\/04\/karte-kreuzfahrt-kreuzfahrtschiff-schiffsposition-schiffsradar-768x388-1.jpg","width":768,"height":388,"caption":"MarineTraffic"},{"@type":"BreadcrumbList","@id":"https:\/\/ship-tracker.org\/#breadcrumb","itemListElement":[{"@type":"ListItem","position":1,"name":"Startseite","item":"https:\/\/ship-tracker.org\/"},{"@type":"ListItem","position":2,"name":"Ship Tracker"}]},{"@type":"WebSite","@id":"https:\/\/ship-tracker.org\/#website","url":"https:\/\/ship-tracker.org\/","name":"Ship-tracker.org","description":"","potentialAction":[{"@type":"SearchAction","target":{"@type":"EntryPoint","urlTemplate":"https:\/\/ship-tracker.org\/?s={search_term_string}"},"query-input":{"@type":"PropertyValueSpecification","valueRequired":true,"valueName":"search_term_string"}}],"inLanguage":"de"}]}},"_links":{"self":[{"href":"https:\/\/ship-tracker.org\/de\/wp-json\/wp\/v2\/pages\/400","targetHints":{"allow":["GET"]}}],"collection":[{"href":"https:\/\/ship-tracker.org\/de\/wp-json\/wp\/v2\/pages"}],"about":[{"href":"https:\/\/ship-tracker.org\/de\/wp-json\/wp\/v2\/types\/page"}],"author":[{"embeddable":true,"href":"https:\/\/ship-tracker.org\/de\/wp-json\/wp\/v2\/users\/1"}],"replies":[{"embeddable":true,"href":"https:\/\/ship-tracker.org\/de\/wp-json\/wp\/v2\/comments?post=400"}],"version-history":[{"count":10,"href":"https:\/\/ship-tracker.org\/de\/wp-json\/wp\/v2\/pages\/400\/revisions"}],"predecessor-version":[{"id":3281,"href":"https:\/\/ship-tracker.org\/de\/wp-json\/wp\/v2\/pages\/400\/revisions\/3281"}],"wp:featuredmedia":[{"embeddable":true,"href":"https:\/\/ship-tracker.org\/de\/wp-json\/wp\/v2\/media\/2025"}],"wp:attachment":[{"href":"https:\/\/ship-tracker.org\/de\/wp-json\/wp\/v2\/media?parent=400"}],"curies":[{"name":"wp","href":"https:\/\/api.w.org\/{rel}","templated":true}]}}