{"id":3604,"date":"2023-06-14T15:31:49","date_gmt":"2023-06-14T13:31:49","guid":{"rendered":"https:\/\/ship-tracker.org\/?page_id=3604"},"modified":"2023-06-14T15:31:49","modified_gmt":"2023-06-14T13:31:49","slug":"nato-military-ship-tracker","status":"publish","type":"page","link":"https:\/\/ship-tracker.org\/de\/nato-military-ship-tracker\/","title":{"rendered":"NATO-Milit\u00e4rschiff-Tracker"},"content":{"rendered":"<p>Verfolgen Sie alle NATO-Kriegsschiffe weltweit mit unserem Milit\u00e4rschiff-Tracker rund um die Uhr in Echtzeit! Erhalten Sie verschiedene Zusatzinformationen, indem Sie auf ein Schiffssymbol auf der Karte klicken. Sehen Sie, wo sich die Marineschiffe derzeit befinden.<\/p>\n<h2>Live-Karte der NATO-Kriegsschiffe<\/h2>\n<p><iframe loading=\"lazy\" id=\"vesselfinder\" src=\"https:\/\/www.vesselfinder.com\/aismap?zoom=undefined&amp;lat=41&amp;lon=-96&amp;width=100%25&amp;height=746&amp;names=true&amp;track=false&amp;fleet=fdabe0b3082dcb0991cd855905433d79&amp;fleet_name=NATO%20WARSHIPS&amp;fleet_timespan=1440&amp;fleet_hide_old_positions=false&amp;clicktoact=false&amp;store_pos=true&amp;ra=https%3A%2F%2Fwww.marinevesseltraffic.com%2FNATO-navy-ships\" name=\"vesselfinder\" width=\"100%\" height=\"746\" frameborder=\"0\" data-dashlane-frameid=\"516\">Der Browser unterst\u00fctzt keine eingebetteten Objekte.<br \/>\nBesuchen Sie uns direkt <a href=\"https:\/\/www.vesselfinder.com\" target=\"_blank\" rel=\"noopener\">www.vesselfinder.com<\/a><\/iframe><\/p>\n<p><a href=\"https:\/\/ship-tracker.org\/de\/military-ship-tracker\/\">Verfolgung von Milit\u00e4rschiffen<\/a> spielt eine entscheidende Rolle bei den strategischen Operationen der Marinen weltweit. Es erm\u00f6glicht Marinen, die Positionen ihrer Schiffe zu \u00fcberwachen, die betriebliche Effizienz zu verbessern und die Sicherheit auf See zu gew\u00e4hrleisten.<\/p>\n<p>Die Verfolgung milit\u00e4rischer Schiffe ist eine strategische Notwendigkeit, die erheblich zur betrieblichen Effizienz und Sicherheit einer Marine beitr\u00e4gt. Mit fortschreitendem technologischen Fortschritt werden Ortungssysteme noch genauer, zuverl\u00e4ssiger und sicherer, was ihren strategischen Wert bei maritimen Eins\u00e4tzen weiter steigert.<\/p>","protected":false},"excerpt":{"rendered":"<p>Verfolgen Sie alle NATO-Kriegsschiffe weltweit mit unserem Milit\u00e4rschiffs-Tracker rund um die Uhr in Echtzeit! Erhalten Sie verschiedene Zusatzinformationen, indem Sie auf ein Schiffssymbol auf der Karte klicken. Sehen Sie, wo sich die Marineschiffe derzeit befinden. Der NATO-Kriegsschiff-Livekartenbrowser unterst\u00fctzt keine eingebetteten Objekte. Besuchen Sie direkt www.vesselfinder.com. Die Verfolgung von Milit\u00e4rschiffen spielt eine entscheidende Rolle bei\u2026&nbsp;<a href=\"https:\/\/ship-tracker.org\/de\/nato-military-ship-tracker\/\" rel=\"bookmark\">Weiterlesen \u00bb<span class=\"screen-reader-text\">NATO-Milit\u00e4rschiff-Tracker<\/span><\/a><\/p>","protected":false},"author":1,"featured_media":3605,"parent":0,"menu_order":0,"comment_status":"closed","ping_status":"closed","template":"","meta":{"neve_meta_sidebar":"","neve_meta_container":"","neve_meta_enable_content_width":"","neve_meta_content_width":0,"neve_meta_title_alignment":"","neve_meta_author_avatar":"","neve_post_elements_order":"","neve_meta_disable_header":"","neve_meta_disable_footer":"","neve_meta_disable_title":"","neve_meta_reading_time":"","footnotes":""},"class_list":["post-3604","page","type-page","status-publish","has-post-thumbnail","hentry"],"yoast_head":"<!-- This site is optimized with the Yoast SEO plugin v27.4 - https:\/\/yoast.com\/product\/yoast-seo-wordpress\/ -->\n<title>NATO Military Ship Tracker - Ship-tracker.org<\/title>\n<meta name=\"description\" content=\"NATO Military Ship Tracker \u2693 Current position of All NATO warships \u2713 Live Ship Tracker \u2713 IMO, MMSI and Specifications \u2713 Live Map by country\" \/>\n<meta name=\"robots\" content=\"index, follow, max-snippet:-1, max-image-preview:large, max-video-preview:-1\" \/>\n<link rel=\"canonical\" href=\"https:\/\/ship-tracker.org\/de\/nato-military-ship-tracker\/\" \/>\n<meta property=\"og:locale\" content=\"de_DE\" \/>\n<meta property=\"og:type\" content=\"article\" \/>\n<meta property=\"og:title\" content=\"NATO Military Ship Tracker - Ship-tracker.org\" \/>\n<meta property=\"og:description\" content=\"NATO Military Ship Tracker \u2693 Current position of All NATO warships \u2713 Live Ship Tracker \u2713 IMO, MMSI and Specifications \u2713 Live Map by country\" \/>\n<meta property=\"og:url\" content=\"https:\/\/ship-tracker.org\/de\/nato-military-ship-tracker\/\" \/>\n<meta property=\"og:site_name\" content=\"Ship-tracker.org\" \/>\n<meta property=\"og:image\" content=\"https:\/\/ship-tracker.org\/wp-content\/uploads\/2023\/06\/warship-g95e5a46c7_640.jpg\" \/>\n\t<meta property=\"og:image:width\" content=\"640\" \/>\n\t<meta property=\"og:image:height\" content=\"427\" \/>\n\t<meta property=\"og:image:type\" content=\"image\/jpeg\" \/>\n<meta name=\"twitter:card\" content=\"summary_large_image\" \/>\n<meta name=\"twitter:label1\" content=\"Gesch\u00e4tzte Lesezeit\" \/>\n\t<meta name=\"twitter:data1\" content=\"1\u00a0Minute\" \/>\n<script type=\"application\/ld+json\" class=\"yoast-schema-graph\">{\"@context\":\"https:\\\/\\\/schema.org\",\"@graph\":[{\"@type\":\"WebPage\",\"@id\":\"https:\\\/\\\/ship-tracker.org\\\/nato-military-ship-tracker\\\/\",\"url\":\"https:\\\/\\\/ship-tracker.org\\\/nato-military-ship-tracker\\\/\",\"name\":\"NATO Military Ship Tracker - Ship-tracker.org\",\"isPartOf\":{\"@id\":\"https:\\\/\\\/ship-tracker.org\\\/#website\"},\"primaryImageOfPage\":{\"@id\":\"https:\\\/\\\/ship-tracker.org\\\/nato-military-ship-tracker\\\/#primaryimage\"},\"image\":{\"@id\":\"https:\\\/\\\/ship-tracker.org\\\/nato-military-ship-tracker\\\/#primaryimage\"},\"thumbnailUrl\":\"https:\\\/\\\/ship-tracker.org\\\/wp-content\\\/uploads\\\/2023\\\/06\\\/warship-g95e5a46c7_640.jpg\",\"datePublished\":\"2023-06-14T13:31:49+00:00\",\"description\":\"NATO Military Ship Tracker \u2693 Current position of All NATO warships \u2713 Live Ship Tracker \u2713 IMO, MMSI and Specifications \u2713 Live Map by country\",\"breadcrumb\":{\"@id\":\"https:\\\/\\\/ship-tracker.org\\\/nato-military-ship-tracker\\\/#breadcrumb\"},\"inLanguage\":\"de\",\"potentialAction\":[{\"@type\":\"ReadAction\",\"target\":[\"https:\\\/\\\/ship-tracker.org\\\/nato-military-ship-tracker\\\/\"]}]},{\"@type\":\"ImageObject\",\"inLanguage\":\"de\",\"@id\":\"https:\\\/\\\/ship-tracker.org\\\/nato-military-ship-tracker\\\/#primaryimage\",\"url\":\"https:\\\/\\\/ship-tracker.org\\\/wp-content\\\/uploads\\\/2023\\\/06\\\/warship-g95e5a46c7_640.jpg\",\"contentUrl\":\"https:\\\/\\\/ship-tracker.org\\\/wp-content\\\/uploads\\\/2023\\\/06\\\/warship-g95e5a46c7_640.jpg\",\"width\":640,\"height\":427,\"caption\":\"NATO Military Ship Tracker\"},{\"@type\":\"BreadcrumbList\",\"@id\":\"https:\\\/\\\/ship-tracker.org\\\/nato-military-ship-tracker\\\/#breadcrumb\",\"itemListElement\":[{\"@type\":\"ListItem\",\"position\":1,\"name\":\"Startseite\",\"item\":\"https:\\\/\\\/ship-tracker.org\\\/\"},{\"@type\":\"ListItem\",\"position\":2,\"name\":\"NATO Military Ship Tracker\"}]},{\"@type\":\"WebSite\",\"@id\":\"https:\\\/\\\/ship-tracker.org\\\/#website\",\"url\":\"https:\\\/\\\/ship-tracker.org\\\/\",\"name\":\"Ship-tracker.org\",\"description\":\"\",\"potentialAction\":[{\"@type\":\"SearchAction\",\"target\":{\"@type\":\"EntryPoint\",\"urlTemplate\":\"https:\\\/\\\/ship-tracker.org\\\/?s={search_term_string}\"},\"query-input\":{\"@type\":\"PropertyValueSpecification\",\"valueRequired\":true,\"valueName\":\"search_term_string\"}}],\"inLanguage\":\"de\"}]}<\/script>\n<!-- \/ Yoast SEO plugin. -->","yoast_head_json":{"title":"NATO-Milit\u00e4rschiff-Tracker - Ship-tracker.org","description":"NATO-Milit\u00e4rschiff-Tracker \u2693 Aktuelle Position aller NATO-Kriegsschiffe \u2713 Live-Schiffstracker \u2713 IMO, MMSI und Spezifikationen \u2713 Live-Karte nach Land","robots":{"index":"index","follow":"follow","max-snippet":"max-snippet:-1","max-image-preview":"max-image-preview:large","max-video-preview":"max-video-preview:-1"},"canonical":"https:\/\/ship-tracker.org\/de\/nato-military-ship-tracker\/","og_locale":"de_DE","og_type":"article","og_title":"NATO Military Ship Tracker - Ship-tracker.org","og_description":"NATO Military Ship Tracker \u2693 Current position of All NATO warships \u2713 Live Ship Tracker \u2713 IMO, MMSI and Specifications \u2713 Live Map by country","og_url":"https:\/\/ship-tracker.org\/de\/nato-military-ship-tracker\/","og_site_name":"Ship-tracker.org","og_image":[{"width":640,"height":427,"url":"https:\/\/ship-tracker.org\/wp-content\/uploads\/2023\/06\/warship-g95e5a46c7_640.jpg","type":"image\/jpeg"}],"twitter_card":"summary_large_image","twitter_misc":{"Gesch\u00e4tzte Lesezeit":"1\u00a0Minute"},"schema":{"@context":"https:\/\/schema.org","@graph":[{"@type":"WebPage","@id":"https:\/\/ship-tracker.org\/nato-military-ship-tracker\/","url":"https:\/\/ship-tracker.org\/nato-military-ship-tracker\/","name":"NATO-Milit\u00e4rschiff-Tracker - Ship-tracker.org","isPartOf":{"@id":"https:\/\/ship-tracker.org\/#website"},"primaryImageOfPage":{"@id":"https:\/\/ship-tracker.org\/nato-military-ship-tracker\/#primaryimage"},"image":{"@id":"https:\/\/ship-tracker.org\/nato-military-ship-tracker\/#primaryimage"},"thumbnailUrl":"https:\/\/ship-tracker.org\/wp-content\/uploads\/2023\/06\/warship-g95e5a46c7_640.jpg","datePublished":"2023-06-14T13:31:49+00:00","description":"NATO-Milit\u00e4rschiff-Tracker \u2693 Aktuelle Position aller NATO-Kriegsschiffe \u2713 Live-Schiffstracker \u2713 IMO, MMSI und Spezifikationen \u2713 Live-Karte nach Land","breadcrumb":{"@id":"https:\/\/ship-tracker.org\/nato-military-ship-tracker\/#breadcrumb"},"inLanguage":"de","potentialAction":[{"@type":"ReadAction","target":["https:\/\/ship-tracker.org\/nato-military-ship-tracker\/"]}]},{"@type":"ImageObject","inLanguage":"de","@id":"https:\/\/ship-tracker.org\/nato-military-ship-tracker\/#primaryimage","url":"https:\/\/ship-tracker.org\/wp-content\/uploads\/2023\/06\/warship-g95e5a46c7_640.jpg","contentUrl":"https:\/\/ship-tracker.org\/wp-content\/uploads\/2023\/06\/warship-g95e5a46c7_640.jpg","width":640,"height":427,"caption":"NATO Military Ship Tracker"},{"@type":"BreadcrumbList","@id":"https:\/\/ship-tracker.org\/nato-military-ship-tracker\/#breadcrumb","itemListElement":[{"@type":"ListItem","position":1,"name":"Startseite","item":"https:\/\/ship-tracker.org\/"},{"@type":"ListItem","position":2,"name":"NATO Military Ship Tracker"}]},{"@type":"WebSite","@id":"https:\/\/ship-tracker.org\/#website","url":"https:\/\/ship-tracker.org\/","name":"Ship-tracker.org","description":"","potentialAction":[{"@type":"SearchAction","target":{"@type":"EntryPoint","urlTemplate":"https:\/\/ship-tracker.org\/?s={search_term_string}"},"query-input":{"@type":"PropertyValueSpecification","valueRequired":true,"valueName":"search_term_string"}}],"inLanguage":"de"}]}},"_links":{"self":[{"href":"https:\/\/ship-tracker.org\/de\/wp-json\/wp\/v2\/pages\/3604","targetHints":{"allow":["GET"]}}],"collection":[{"href":"https:\/\/ship-tracker.org\/de\/wp-json\/wp\/v2\/pages"}],"about":[{"href":"https:\/\/ship-tracker.org\/de\/wp-json\/wp\/v2\/types\/page"}],"author":[{"embeddable":true,"href":"https:\/\/ship-tracker.org\/de\/wp-json\/wp\/v2\/users\/1"}],"replies":[{"embeddable":true,"href":"https:\/\/ship-tracker.org\/de\/wp-json\/wp\/v2\/comments?post=3604"}],"version-history":[{"count":5,"href":"https:\/\/ship-tracker.org\/de\/wp-json\/wp\/v2\/pages\/3604\/revisions"}],"predecessor-version":[{"id":3612,"href":"https:\/\/ship-tracker.org\/de\/wp-json\/wp\/v2\/pages\/3604\/revisions\/3612"}],"wp:featuredmedia":[{"embeddable":true,"href":"https:\/\/ship-tracker.org\/de\/wp-json\/wp\/v2\/media\/3605"}],"wp:attachment":[{"href":"https:\/\/ship-tracker.org\/de\/wp-json\/wp\/v2\/media?parent=3604"}],"curies":[{"name":"wp","href":"https:\/\/api.w.org\/{rel}","templated":true}]}}