{"id":3450,"date":"2022-02-06T19:35:34","date_gmt":"2022-02-06T18:35:34","guid":{"rendered":"https:\/\/ship-tracker.org\/?page_id=3450"},"modified":"2022-02-06T19:35:34","modified_gmt":"2022-02-06T18:35:34","slug":"argentina-star","status":"publish","type":"page","link":"https:\/\/ship-tracker.org\/de\/argentina-star\/","title":{"rendered":"ARGENTINIEN STERN"},"content":{"rendered":"<p><strong>ARGENTINIEN STERN<\/strong> (IMO: 7636688) f\u00e4hrt derzeit unter der Flagge von <strong>Bahamas<\/strong>. Das Schiff ARGENTINA STAR ist ein <strong>Containerschiff<\/strong> eingebaut <strong>1979<\/strong>. Ihre Gesamtl\u00e4nge (LOA) betr\u00e4gt <strong>207.32<\/strong>\u00a0m, Strahl ist <strong>25.2<\/strong>\u00a0Meter.<strong> ARGENTINIEN STERN<\/strong> Beh\u00e4lterkapazit\u00e4t ist <strong>1261<\/strong>\u00a0<strong>TEU<\/strong>.<\/p>\n<h2>Aktueller Standort und Position der ARGENTINA STAR (IMO 7636688) \u2013 Containerschiff<\/h2>\n<p>Wo ist die aktuelle Position von ARGENTINA STAR derzeit?<\/p>\n<p><script type=\"text\/javascript\">\n  var width=\"1500\";\n  var height=\"500\";\n  var zoom=\"3\";\n  var click_to_activate=false;\n<\/script><br \/>\n<script type=\"text\/javascript\" src=\"https:\/\/www.vesselfinder.com\/aismap.js\">\n<\/script><\/p>\n<p>Aktuellen Standort von ARGENTINA STAR anzeigen. Die Position von ARGENTINA STAR kann anhand der Karten von VesselFinder und MarineTraffic genau bestimmt werden. So sind Sie immer bestens informiert, wo sich Ihr Lieblingsschiff gerade befindet.<\/p>\n<h2>Schiffsdetails f\u00fcr ARGENTINA STAR<\/h2>\n<table>\n<tbody>\n<tr>\n<td style=\"width: 50%;\"><strong>Schiffsdaten<\/strong><\/td>\n<td style=\"width: 50%;\"><strong>Wert<\/strong><\/td>\n<\/tr>\n<tr>\n<td style=\"width: 50%;\">Schiffsname<\/td>\n<td style=\"width: 50%;\">ARGENTINIEN STERN<\/td>\n<\/tr>\n<tr>\n<td style=\"width: 50%;\">Schiffstyp<\/td>\n<td style=\"width: 50%;\">Containerschiff<\/td>\n<\/tr>\n<tr>\n<td style=\"width: 50%;\">Meiner Meinung nach<\/td>\n<td style=\"width: 50%;\">7636688<\/td>\n<\/tr>\n<tr>\n<td style=\"width: 50%;\">MMSI<\/td>\n<td style=\"width: 50%;\">N \/ A<\/td>\n<\/tr>\n<tr>\n<td style=\"width: 50%;\">Rufzeichen<\/td>\n<td style=\"width: 50%;\">N \/ A<\/td>\n<\/tr>\n<tr>\n<td style=\"width: 50%;\">Flagge<\/td>\n<td style=\"width: 50%;\">Bahamas<\/td>\n<\/tr>\n<tr>\n<td style=\"width: 50%;\">Bruttoraumzahl<\/td>\n<td style=\"width: 50%;\">22635<\/td>\n<\/tr>\n<tr>\n<td style=\"width: 50%;\">Eigengewicht<\/td>\n<td style=\"width: 50%;\">23756<\/td>\n<\/tr>\n<tr>\n<td style=\"width: 50%;\">L\u00e4nge<\/td>\n<td style=\"width: 50%;\">207,32 m<\/td>\n<\/tr>\n<tr>\n<td style=\"width: 50%;\">Strahl<\/td>\n<td style=\"width: 50%;\">25,2 m<\/td>\n<\/tr>\n<tr>\n<td style=\"width: 50%;\">Baujahr<\/td>\n<td style=\"width: 50%;\">1979<\/td>\n<\/tr>\n<tr>\n<td style=\"width: 50%;\">Baumeister<\/td>\n<td style=\"width: 50%;\">SCHWANENJ\u00c4GER HAVERTON HILL<\/td>\n<\/tr>\n<tr>\n<td style=\"width: 50%;\">Hof<\/td>\n<td style=\"width: 50%;\">HAVERTON HILL<\/td>\n<\/tr>\n<tr>\n<td style=\"width: 50%;\">TEU<\/td>\n<td style=\"width: 50%;\">1261<\/td>\n<\/tr>\n<tr>\n<td style=\"width: 50%;\">Schiffsbetreiber<\/td>\n<td style=\"width: 50%;\"><a href=\"https:\/\/ship-tracker.org\/de\/maersk-line\/\">Maersk Linie<\/a><\/td>\n<\/tr>\n<\/tbody>\n<\/table>\n<p>Alle Angaben dienen Informationszwecken und Ship-Tracker.org \u00fcbernimmt keine Verantwortung f\u00fcr die Genauigkeit und Zuverl\u00e4ssigkeit der Datenwerte.<\/p>","protected":false},"excerpt":{"rendered":"<p>Die ARGENTINA STAR (IMO-Nummer 7636688) f\u00e4hrt derzeit unter der Flagge der Bahamas. Das Containerschiff ARGENTINA STAR wurde 1979 gebaut. Die Gesamtl\u00e4nge (L\u00fcA) betr\u00e4gt 207,32 m, die Breite 25,2 m. Die Containerkapazit\u00e4t der ARGENTINA STAR betr\u00e4gt 1261 TEU. Aktueller Standort der ARGENTINA STAR (IMO-Nummer 7636688) \u2013 Containerschiff. Wo befindet sich die aktuelle Position\u2026&nbsp;<a href=\"https:\/\/ship-tracker.org\/de\/argentina-star\/\" rel=\"bookmark\">Weiterlesen \u00bb<span class=\"screen-reader-text\">ARGENTINIEN STERN<\/span><\/a><\/p>","protected":false},"author":1,"featured_media":0,"parent":0,"menu_order":0,"comment_status":"closed","ping_status":"closed","template":"","meta":{"neve_meta_sidebar":"","neve_meta_container":"","neve_meta_enable_content_width":"","neve_meta_content_width":0,"neve_meta_title_alignment":"","neve_meta_author_avatar":"","neve_post_elements_order":"","neve_meta_disable_header":"","neve_meta_disable_footer":"","neve_meta_disable_title":"","neve_meta_reading_time":"","footnotes":""},"class_list":["post-3450","page","type-page","status-publish","hentry"],"yoast_head":"<!-- This site is optimized with the Yoast SEO plugin v26.9 - https:\/\/yoast.com\/product\/yoast-seo-wordpress\/ -->\n<title>ARGENTINA STAR - Container Ship, IMO 7636688 - Current location<\/title>\n<meta name=\"description\" content=\"Track current location and position of ARGENTINA STAR Container Ship on Live Map - IMO: 7636688 \u2713 Container Ship Tracking\" \/>\n<meta name=\"robots\" content=\"index, follow, max-snippet:-1, max-image-preview:large, max-video-preview:-1\" \/>\n<link rel=\"canonical\" href=\"https:\/\/ship-tracker.org\/de\/argentina-star\/\" \/>\n<meta property=\"og:locale\" content=\"de_DE\" \/>\n<meta property=\"og:type\" content=\"article\" \/>\n<meta property=\"og:title\" content=\"ARGENTINA STAR - Container Ship, IMO 7636688 - Current location\" \/>\n<meta property=\"og:description\" content=\"Track current location and position of ARGENTINA STAR Container Ship on Live Map - IMO: 7636688 \u2713 Container Ship Tracking\" \/>\n<meta property=\"og:url\" content=\"https:\/\/ship-tracker.org\/de\/argentina-star\/\" \/>\n<meta property=\"og:site_name\" content=\"Ship-tracker.org\" \/>\n<meta name=\"twitter:card\" content=\"summary_large_image\" \/>\n<meta name=\"twitter:label1\" content=\"Gesch\u00e4tzte Lesezeit\" \/>\n\t<meta name=\"twitter:data1\" content=\"1\u00a0Minute\" \/>\n<script type=\"application\/ld+json\" class=\"yoast-schema-graph\">{\"@context\":\"https:\/\/schema.org\",\"@graph\":[{\"@type\":\"WebPage\",\"@id\":\"https:\/\/ship-tracker.org\/argentina-star\/\",\"url\":\"https:\/\/ship-tracker.org\/argentina-star\/\",\"name\":\"ARGENTINA STAR - Container Ship, IMO 7636688 - Current location\",\"isPartOf\":{\"@id\":\"https:\/\/ship-tracker.org\/#website\"},\"datePublished\":\"2022-02-06T18:35:34+00:00\",\"description\":\"Track current location and position of ARGENTINA STAR Container Ship on Live Map - IMO: 7636688 \u2713 Container Ship Tracking\",\"breadcrumb\":{\"@id\":\"https:\/\/ship-tracker.org\/argentina-star\/#breadcrumb\"},\"inLanguage\":\"de\",\"potentialAction\":[{\"@type\":\"ReadAction\",\"target\":[\"https:\/\/ship-tracker.org\/argentina-star\/\"]}]},{\"@type\":\"BreadcrumbList\",\"@id\":\"https:\/\/ship-tracker.org\/argentina-star\/#breadcrumb\",\"itemListElement\":[{\"@type\":\"ListItem\",\"position\":1,\"name\":\"Startseite\",\"item\":\"https:\/\/ship-tracker.org\/\"},{\"@type\":\"ListItem\",\"position\":2,\"name\":\"ARGENTINA STAR\"}]},{\"@type\":\"WebSite\",\"@id\":\"https:\/\/ship-tracker.org\/#website\",\"url\":\"https:\/\/ship-tracker.org\/\",\"name\":\"Ship-tracker.org\",\"description\":\"\",\"potentialAction\":[{\"@type\":\"SearchAction\",\"target\":{\"@type\":\"EntryPoint\",\"urlTemplate\":\"https:\/\/ship-tracker.org\/?s={search_term_string}\"},\"query-input\":{\"@type\":\"PropertyValueSpecification\",\"valueRequired\":true,\"valueName\":\"search_term_string\"}}],\"inLanguage\":\"de\"}]}<\/script>\n<!-- \/ Yoast SEO plugin. -->","yoast_head_json":{"title":"ARGENTINA STAR \u2013 Containerschiff, IMO 7636688 \u2013 Aktueller Standort","description":"Verfolgen Sie den aktuellen Standort und die Position des Containerschiffs ARGENTINA STAR auf der Live-Karte \u2013 IMO: 7636688 \u2713 Verfolgung von Containerschiffen","robots":{"index":"index","follow":"follow","max-snippet":"max-snippet:-1","max-image-preview":"max-image-preview:large","max-video-preview":"max-video-preview:-1"},"canonical":"https:\/\/ship-tracker.org\/de\/argentina-star\/","og_locale":"de_DE","og_type":"article","og_title":"ARGENTINA STAR - Container Ship, IMO 7636688 - Current location","og_description":"Track current location and position of ARGENTINA STAR Container Ship on Live Map - IMO: 7636688 \u2713 Container Ship Tracking","og_url":"https:\/\/ship-tracker.org\/de\/argentina-star\/","og_site_name":"Ship-tracker.org","twitter_card":"summary_large_image","twitter_misc":{"Gesch\u00e4tzte Lesezeit":"1\u00a0Minute"},"schema":{"@context":"https:\/\/schema.org","@graph":[{"@type":"WebPage","@id":"https:\/\/ship-tracker.org\/argentina-star\/","url":"https:\/\/ship-tracker.org\/argentina-star\/","name":"ARGENTINA STAR \u2013 Containerschiff, IMO 7636688 \u2013 Aktueller Standort","isPartOf":{"@id":"https:\/\/ship-tracker.org\/#website"},"datePublished":"2022-02-06T18:35:34+00:00","description":"Verfolgen Sie den aktuellen Standort und die Position des Containerschiffs ARGENTINA STAR auf der Live-Karte \u2013 IMO: 7636688 \u2713 Verfolgung von Containerschiffen","breadcrumb":{"@id":"https:\/\/ship-tracker.org\/argentina-star\/#breadcrumb"},"inLanguage":"de","potentialAction":[{"@type":"ReadAction","target":["https:\/\/ship-tracker.org\/argentina-star\/"]}]},{"@type":"BreadcrumbList","@id":"https:\/\/ship-tracker.org\/argentina-star\/#breadcrumb","itemListElement":[{"@type":"ListItem","position":1,"name":"Startseite","item":"https:\/\/ship-tracker.org\/"},{"@type":"ListItem","position":2,"name":"ARGENTINA STAR"}]},{"@type":"WebSite","@id":"https:\/\/ship-tracker.org\/#website","url":"https:\/\/ship-tracker.org\/","name":"Ship-tracker.org","description":"","potentialAction":[{"@type":"SearchAction","target":{"@type":"EntryPoint","urlTemplate":"https:\/\/ship-tracker.org\/?s={search_term_string}"},"query-input":{"@type":"PropertyValueSpecification","valueRequired":true,"valueName":"search_term_string"}}],"inLanguage":"de"}]}},"_links":{"self":[{"href":"https:\/\/ship-tracker.org\/de\/wp-json\/wp\/v2\/pages\/3450","targetHints":{"allow":["GET"]}}],"collection":[{"href":"https:\/\/ship-tracker.org\/de\/wp-json\/wp\/v2\/pages"}],"about":[{"href":"https:\/\/ship-tracker.org\/de\/wp-json\/wp\/v2\/types\/page"}],"author":[{"embeddable":true,"href":"https:\/\/ship-tracker.org\/de\/wp-json\/wp\/v2\/users\/1"}],"replies":[{"embeddable":true,"href":"https:\/\/ship-tracker.org\/de\/wp-json\/wp\/v2\/comments?post=3450"}],"version-history":[{"count":1,"href":"https:\/\/ship-tracker.org\/de\/wp-json\/wp\/v2\/pages\/3450\/revisions"}],"predecessor-version":[{"id":3451,"href":"https:\/\/ship-tracker.org\/de\/wp-json\/wp\/v2\/pages\/3450\/revisions\/3451"}],"wp:attachment":[{"href":"https:\/\/ship-tracker.org\/de\/wp-json\/wp\/v2\/media?parent=3450"}],"curies":[{"name":"wp","href":"https:\/\/api.w.org\/{rel}","templated":true}]}}