{"id":3448,"date":"2022-02-06T19:31:16","date_gmt":"2022-02-06T18:31:16","guid":{"rendered":"https:\/\/ship-tracker.org\/?page_id=3448"},"modified":"2022-02-06T19:31:16","modified_gmt":"2022-02-06T18:31:16","slug":"melbourne-star","status":"publish","type":"page","link":"https:\/\/ship-tracker.org\/de\/melbourne-star\/","title":{"rendered":"MELBOURNE-STAR"},"content":{"rendered":"<p><strong>MELBOURNE-STAR<\/strong> (IMO: 7108162) f\u00e4hrt derzeit unter der Flagge von <strong>Gro\u00dfbritannien<\/strong>. Das Schiff MELBOURNE STAR ist ein <strong>Containerschiff<\/strong> eingebaut <strong>1971<\/strong>. Ihre Gesamtl\u00e4nge (LOA) betr\u00e4gt <strong>217.25<\/strong>\u00a0m, Strahl ist <strong>29.04<\/strong>\u00a0Meter.<strong> MELBOURNE-STAR<\/strong> Beh\u00e4lterkapazit\u00e4t ist <strong>1294<\/strong>\u00a0<strong>TEU<\/strong>.<\/p>\n<h2>Aktueller Standort und Position der MELBOURNE STAR (IMO 7108162) \u2013 Containerschiff<\/h2>\n<p>Wo ist die aktuelle Position von MELBOURNE STAR derzeit?<\/p>\n<p><script type=\"text\/javascript\">\n  var width=\"1500\";\n  var height=\"500\";\n  var zoom=\"3\";\n  var click_to_activate=false;\n<\/script><br \/>\n<script type=\"text\/javascript\" src=\"https:\/\/www.vesselfinder.com\/aismap.js\">\n<\/script><\/p>\n<p>Aktuellen Standort von MELBOURNE STAR anzeigen. Die Position von MELBOURNE STAR kann anhand der Karten von VesselFinder und MarineTraffic genau bestimmt werden. So sind Sie immer bestens informiert, wo sich Ihr Lieblingsschiff gerade befindet.<\/p>\n<h2>Schiffsdetails f\u00fcr SEAGO ISTANBUL<\/h2>\n<table>\n<tbody>\n<tr>\n<td style=\"width: 50%;\"><strong>Schiffsdaten<\/strong><\/td>\n<td style=\"width: 50%;\"><strong>Wert<\/strong><\/td>\n<\/tr>\n<tr>\n<td style=\"width: 50%;\">Schiffsname<\/td>\n<td style=\"width: 50%;\">MELBOURNE-STAR<\/td>\n<\/tr>\n<tr>\n<td style=\"width: 50%;\">Schiffstyp<\/td>\n<td style=\"width: 50%;\">Containerschiff<\/td>\n<\/tr>\n<tr>\n<td style=\"width: 50%;\">Meiner Meinung nach<\/td>\n<td style=\"width: 50%;\">N \/ A<\/td>\n<\/tr>\n<tr>\n<td style=\"width: 50%;\">MMSI<\/td>\n<td style=\"width: 50%;\">N \/ A<\/td>\n<\/tr>\n<tr>\n<td style=\"width: 50%;\">Rufzeichen<\/td>\n<td style=\"width: 50%;\">OXVE2<\/td>\n<\/tr>\n<tr>\n<td style=\"width: 50%;\">Flagge<\/td>\n<td style=\"width: 50%;\">Gro\u00dfbritannien<\/td>\n<\/tr>\n<tr>\n<td style=\"width: 50%;\">Bruttoraumzahl<\/td>\n<td style=\"width: 50%;\">24907<\/td>\n<\/tr>\n<tr>\n<td style=\"width: 50%;\">Eigengewicht<\/td>\n<td style=\"width: 50%;\">27905<\/td>\n<\/tr>\n<tr>\n<td style=\"width: 50%;\">L\u00e4nge<\/td>\n<td style=\"width: 50%;\">217,25 m<\/td>\n<\/tr>\n<tr>\n<td style=\"width: 50%;\">Strahl<\/td>\n<td style=\"width: 50%;\">29,04 m<\/td>\n<\/tr>\n<tr>\n<td style=\"width: 50%;\">Baujahr<\/td>\n<td style=\"width: 50%;\">1971<\/td>\n<\/tr>\n<tr>\n<td style=\"width: 50%;\">Baumeister<\/td>\n<td style=\"width: 50%;\">BREMER VULKAN<\/td>\n<\/tr>\n<tr>\n<td style=\"width: 50%;\">Hof<\/td>\n<td style=\"width: 50%;\">BREMER<\/td>\n<\/tr>\n<tr>\n<td style=\"width: 50%;\">TEU<\/td>\n<td style=\"width: 50%;\">1294<\/td>\n<\/tr>\n<tr>\n<td style=\"width: 50%;\">Schiffsbetreiber<\/td>\n<td style=\"width: 50%;\"><a href=\"https:\/\/ship-tracker.org\/de\/maersk-line\/\">Maersk Linie<\/a><\/td>\n<\/tr>\n<\/tbody>\n<\/table>\n<p>Alle Angaben dienen Informationszwecken und Ship-Tracker.org \u00fcbernimmt keine Verantwortung f\u00fcr die Genauigkeit und Zuverl\u00e4ssigkeit der Datenwerte.<\/p>","protected":false},"excerpt":{"rendered":"<p>Die MELBOURNE STAR (IMO-Nummer 7108162) f\u00e4hrt derzeit unter der Flagge des Vereinigten K\u00f6nigreichs. Das Containerschiff MELBOURNE STAR wurde 1971 gebaut. Die L\u00e4nge \u00fcber alles (LOA) betr\u00e4gt 217,25 m, die Breite 29,04 m. Die Containerkapazit\u00e4t der MELBOURNE STAR betr\u00e4gt 1294 TEU. Aktueller Standort der MELBOURNE STAR (IMO-Nummer 7108162) \u2013 Containerschiff. Wo befindet sich das Containerschiff aktuell\u2026&nbsp;<a href=\"https:\/\/ship-tracker.org\/de\/melbourne-star\/\" rel=\"bookmark\">Weiterlesen \u00bb<span class=\"screen-reader-text\">MELBOURNE-STAR<\/span><\/a><\/p>","protected":false},"author":1,"featured_media":0,"parent":0,"menu_order":0,"comment_status":"closed","ping_status":"closed","template":"","meta":{"neve_meta_sidebar":"","neve_meta_container":"","neve_meta_enable_content_width":"","neve_meta_content_width":0,"neve_meta_title_alignment":"","neve_meta_author_avatar":"","neve_post_elements_order":"","neve_meta_disable_header":"","neve_meta_disable_footer":"","neve_meta_disable_title":"","neve_meta_reading_time":"","footnotes":""},"class_list":["post-3448","page","type-page","status-publish","hentry"],"yoast_head":"<!-- This site is optimized with the Yoast SEO plugin v26.9 - https:\/\/yoast.com\/product\/yoast-seo-wordpress\/ -->\n<title>MELBOURNE STAR - Container Ship, IMO 7108162 - Current location<\/title>\n<meta name=\"description\" content=\"Track current location and position of MELBOURNE STAR Container Ship on Live Map - IMO: 7108162 \u2713 Container Ship Tracking\" \/>\n<meta name=\"robots\" content=\"index, follow, max-snippet:-1, max-image-preview:large, max-video-preview:-1\" \/>\n<link rel=\"canonical\" href=\"https:\/\/ship-tracker.org\/de\/melbourne-star\/\" \/>\n<meta property=\"og:locale\" content=\"de_DE\" \/>\n<meta property=\"og:type\" content=\"article\" \/>\n<meta property=\"og:title\" content=\"MELBOURNE STAR - Container Ship, IMO 7108162 - Current location\" \/>\n<meta property=\"og:description\" content=\"Track current location and position of MELBOURNE STAR Container Ship on Live Map - IMO: 7108162 \u2713 Container Ship Tracking\" \/>\n<meta property=\"og:url\" content=\"https:\/\/ship-tracker.org\/de\/melbourne-star\/\" \/>\n<meta property=\"og:site_name\" content=\"Ship-tracker.org\" \/>\n<meta name=\"twitter:card\" content=\"summary_large_image\" \/>\n<meta name=\"twitter:label1\" content=\"Gesch\u00e4tzte Lesezeit\" \/>\n\t<meta name=\"twitter:data1\" content=\"1\u00a0Minute\" \/>\n<script type=\"application\/ld+json\" class=\"yoast-schema-graph\">{\"@context\":\"https:\/\/schema.org\",\"@graph\":[{\"@type\":\"WebPage\",\"@id\":\"https:\/\/ship-tracker.org\/melbourne-star\/\",\"url\":\"https:\/\/ship-tracker.org\/melbourne-star\/\",\"name\":\"MELBOURNE STAR - Container Ship, IMO 7108162 - Current location\",\"isPartOf\":{\"@id\":\"https:\/\/ship-tracker.org\/#website\"},\"datePublished\":\"2022-02-06T18:31:16+00:00\",\"description\":\"Track current location and position of MELBOURNE STAR Container Ship on Live Map - IMO: 7108162 \u2713 Container Ship Tracking\",\"breadcrumb\":{\"@id\":\"https:\/\/ship-tracker.org\/melbourne-star\/#breadcrumb\"},\"inLanguage\":\"de\",\"potentialAction\":[{\"@type\":\"ReadAction\",\"target\":[\"https:\/\/ship-tracker.org\/melbourne-star\/\"]}]},{\"@type\":\"BreadcrumbList\",\"@id\":\"https:\/\/ship-tracker.org\/melbourne-star\/#breadcrumb\",\"itemListElement\":[{\"@type\":\"ListItem\",\"position\":1,\"name\":\"Startseite\",\"item\":\"https:\/\/ship-tracker.org\/\"},{\"@type\":\"ListItem\",\"position\":2,\"name\":\"MELBOURNE STAR\"}]},{\"@type\":\"WebSite\",\"@id\":\"https:\/\/ship-tracker.org\/#website\",\"url\":\"https:\/\/ship-tracker.org\/\",\"name\":\"Ship-tracker.org\",\"description\":\"\",\"potentialAction\":[{\"@type\":\"SearchAction\",\"target\":{\"@type\":\"EntryPoint\",\"urlTemplate\":\"https:\/\/ship-tracker.org\/?s={search_term_string}\"},\"query-input\":{\"@type\":\"PropertyValueSpecification\",\"valueRequired\":true,\"valueName\":\"search_term_string\"}}],\"inLanguage\":\"de\"}]}<\/script>\n<!-- \/ Yoast SEO plugin. -->","yoast_head_json":{"title":"MELBOURNE STAR \u2013 Containerschiff, IMO 7108162 \u2013 Aktueller Standort","description":"Verfolgen Sie den aktuellen Standort und die Position des MELBOURNE STAR-Containerschiffs auf der Live-Karte \u2013 IMO: 7108162 \u2713 Containerschiff-Tracking","robots":{"index":"index","follow":"follow","max-snippet":"max-snippet:-1","max-image-preview":"max-image-preview:large","max-video-preview":"max-video-preview:-1"},"canonical":"https:\/\/ship-tracker.org\/de\/melbourne-star\/","og_locale":"de_DE","og_type":"article","og_title":"MELBOURNE STAR - Container Ship, IMO 7108162 - Current location","og_description":"Track current location and position of MELBOURNE STAR Container Ship on Live Map - IMO: 7108162 \u2713 Container Ship Tracking","og_url":"https:\/\/ship-tracker.org\/de\/melbourne-star\/","og_site_name":"Ship-tracker.org","twitter_card":"summary_large_image","twitter_misc":{"Gesch\u00e4tzte Lesezeit":"1\u00a0Minute"},"schema":{"@context":"https:\/\/schema.org","@graph":[{"@type":"WebPage","@id":"https:\/\/ship-tracker.org\/melbourne-star\/","url":"https:\/\/ship-tracker.org\/melbourne-star\/","name":"MELBOURNE STAR \u2013 Containerschiff, IMO 7108162 \u2013 Aktueller Standort","isPartOf":{"@id":"https:\/\/ship-tracker.org\/#website"},"datePublished":"2022-02-06T18:31:16+00:00","description":"Verfolgen Sie den aktuellen Standort und die Position des MELBOURNE STAR-Containerschiffs auf der Live-Karte \u2013 IMO: 7108162 \u2713 Containerschiff-Tracking","breadcrumb":{"@id":"https:\/\/ship-tracker.org\/melbourne-star\/#breadcrumb"},"inLanguage":"de","potentialAction":[{"@type":"ReadAction","target":["https:\/\/ship-tracker.org\/melbourne-star\/"]}]},{"@type":"BreadcrumbList","@id":"https:\/\/ship-tracker.org\/melbourne-star\/#breadcrumb","itemListElement":[{"@type":"ListItem","position":1,"name":"Startseite","item":"https:\/\/ship-tracker.org\/"},{"@type":"ListItem","position":2,"name":"MELBOURNE STAR"}]},{"@type":"WebSite","@id":"https:\/\/ship-tracker.org\/#website","url":"https:\/\/ship-tracker.org\/","name":"Ship-tracker.org","description":"","potentialAction":[{"@type":"SearchAction","target":{"@type":"EntryPoint","urlTemplate":"https:\/\/ship-tracker.org\/?s={search_term_string}"},"query-input":{"@type":"PropertyValueSpecification","valueRequired":true,"valueName":"search_term_string"}}],"inLanguage":"de"}]}},"_links":{"self":[{"href":"https:\/\/ship-tracker.org\/de\/wp-json\/wp\/v2\/pages\/3448","targetHints":{"allow":["GET"]}}],"collection":[{"href":"https:\/\/ship-tracker.org\/de\/wp-json\/wp\/v2\/pages"}],"about":[{"href":"https:\/\/ship-tracker.org\/de\/wp-json\/wp\/v2\/types\/page"}],"author":[{"embeddable":true,"href":"https:\/\/ship-tracker.org\/de\/wp-json\/wp\/v2\/users\/1"}],"replies":[{"embeddable":true,"href":"https:\/\/ship-tracker.org\/de\/wp-json\/wp\/v2\/comments?post=3448"}],"version-history":[{"count":1,"href":"https:\/\/ship-tracker.org\/de\/wp-json\/wp\/v2\/pages\/3448\/revisions"}],"predecessor-version":[{"id":3449,"href":"https:\/\/ship-tracker.org\/de\/wp-json\/wp\/v2\/pages\/3448\/revisions\/3449"}],"wp:attachment":[{"href":"https:\/\/ship-tracker.org\/de\/wp-json\/wp\/v2\/media?parent=3448"}],"curies":[{"name":"wp","href":"https:\/\/api.w.org\/{rel}","templated":true}]}}