{"id":3420,"date":"2022-02-06T18:30:16","date_gmt":"2022-02-06T17:30:16","guid":{"rendered":"https:\/\/ship-tracker.org\/?page_id=3420"},"modified":"2022-02-06T18:30:16","modified_gmt":"2022-02-06T17:30:16","slug":"seago-piraeus","status":"publish","type":"page","link":"https:\/\/ship-tracker.org\/de\/seago-piraeus\/","title":{"rendered":"SEAGO PIR\u00c4US"},"content":{"rendered":"<p><strong>SEAGO PIR\u00c4US<\/strong> (IMO: 9313955, MMSI 219117000) f\u00e4hrt derzeit unter der Flagge von <strong>D\u00e4nemark<\/strong>. Das Schiff SEAGO PIRAEUS ist ein <strong>Containerschiff<\/strong> eingebaut <strong>2007<\/strong>. Ihre Gesamtl\u00e4nge (LOA) betr\u00e4gt <strong>294.1<\/strong>\u00a0m, Strahl ist <strong>32.2<\/strong>\u00a0Meter.<strong> SEAGO PIR\u00c4US<\/strong> Beh\u00e4lterkapazit\u00e4t ist <strong>4196<\/strong>\u00a0<strong>TEU<\/strong>.<\/p>\n<h2>Aktueller Standort und Position der SEAGO PIRAEUS (IMO 9313955) \u2013 Containerschiff<\/h2>\n<p>Wo ist die aktuelle Position von SEAGO PIRAEUS derzeit?<\/p>\n<p><script type=\"text\/javascript\">\n  var width=\"100%\";var height=\"400\";\n  var mmsi=219117000;\n<\/script><script type=\"text\/javascript\" src=\"https:\/\/www.vesselfinder.com\/aismap.js\"><\/script><\/p>\n<p>Sehen Sie sich den aktuellen Standort von SEAGO PIRAEUS an. Die Position von SEAGO PIRAEUS kann anhand der Karten von VesselFinder und MarineTraffic genau bestimmt werden. So sind Sie immer bestens informiert, wo sich Ihr Lieblingsschiff gerade befindet.<\/p>\n<h2>Schiffsdetails f\u00fcr SEAGO PIRAEUS<\/h2>\n<table>\n<tbody>\n<tr>\n<td style=\"width: 50%;\"><strong>Schiffsdaten<\/strong><\/td>\n<td style=\"width: 50%;\"><strong>Wert<\/strong><\/td>\n<\/tr>\n<tr>\n<td style=\"width: 50%;\">Schiffsname<\/td>\n<td style=\"width: 50%;\">SEAGO PIR\u00c4US<\/td>\n<\/tr>\n<tr>\n<td style=\"width: 50%;\">Schiffstyp<\/td>\n<td style=\"width: 50%;\">Containerschiff<\/td>\n<\/tr>\n<tr>\n<td style=\"width: 50%;\">Meiner Meinung nach<\/td>\n<td style=\"width: 50%;\">9313955<\/td>\n<\/tr>\n<tr>\n<td style=\"width: 50%;\">MMSI<\/td>\n<td style=\"width: 50%;\">219117000<\/td>\n<\/tr>\n<tr>\n<td style=\"width: 50%;\">Rufzeichen<\/td>\n<td style=\"width: 50%;\">OXVD2<\/td>\n<\/tr>\n<tr>\n<td style=\"width: 50%;\">Flagge<\/td>\n<td style=\"width: 50%;\">D\u00e4nemark<\/td>\n<\/tr>\n<tr>\n<td style=\"width: 50%;\">Bruttoraumzahl<\/td>\n<td style=\"width: 50%;\">48788<\/td>\n<\/tr>\n<tr>\n<td style=\"width: 50%;\">Eigengewicht<\/td>\n<td style=\"width: 50%;\">53807<\/td>\n<\/tr>\n<tr>\n<td style=\"width: 50%;\">L\u00e4nge<\/td>\n<td style=\"width: 50%;\">294,1 m<\/td>\n<\/tr>\n<tr>\n<td style=\"width: 50%;\">Strahl<\/td>\n<td style=\"width: 50%;\">32,2 m<\/td>\n<\/tr>\n<tr>\n<td style=\"width: 50%;\">Baujahr<\/td>\n<td style=\"width: 50%;\">2007<\/td>\n<\/tr>\n<tr>\n<td style=\"width: 50%;\">Baumeister<\/td>\n<td style=\"width: 50%;\">PS WERFTEN STRALSUND<\/td>\n<\/tr>\n<tr>\n<td style=\"width: 50%;\">Hof<\/td>\n<td style=\"width: 50%;\">STRALSUND<\/td>\n<\/tr>\n<tr>\n<td style=\"width: 50%;\">TEU<\/td>\n<td style=\"width: 50%;\">4196<\/td>\n<\/tr>\n<tr>\n<td style=\"width: 50%;\">Schiffsbetreiber<\/td>\n<td style=\"width: 50%;\"><a href=\"https:\/\/ship-tracker.org\/de\/maersk-line\/\">Maersk Linie<\/a><\/td>\n<\/tr>\n<\/tbody>\n<\/table>\n<p>Alle Angaben dienen Informationszwecken und Ship-Tracker.org \u00fcbernimmt keine Verantwortung f\u00fcr die Genauigkeit und Zuverl\u00e4ssigkeit der Datenwerte.<\/p>","protected":false},"excerpt":{"rendered":"<p>Die SEAGO PIRAEUS (IMO: 9313955, MMSI 219117000) f\u00e4hrt derzeit unter d\u00e4nischer Flagge. Das Containerschiff SEAGO PIRAEUS wurde 2007 gebaut. Die L\u00e4nge \u00fcber alles betr\u00e4gt 294,1 m, die Breite 32,2 m. Die Containerkapazit\u00e4t der SEAGO PIRAEUS betr\u00e4gt 4196 TEU. Aktueller Standort der SEAGO PIRAEUS (IMO: 9313955) \u2013 Containerschiff. Wo befindet sich das Schiff?&nbsp;<a href=\"https:\/\/ship-tracker.org\/de\/seago-piraeus\/\" rel=\"bookmark\">Weiterlesen \u00bb<span class=\"screen-reader-text\">SEAGO PIR\u00c4US<\/span><\/a><\/p>","protected":false},"author":1,"featured_media":0,"parent":0,"menu_order":0,"comment_status":"closed","ping_status":"closed","template":"","meta":{"neve_meta_sidebar":"","neve_meta_container":"","neve_meta_enable_content_width":"","neve_meta_content_width":0,"neve_meta_title_alignment":"","neve_meta_author_avatar":"","neve_post_elements_order":"","neve_meta_disable_header":"","neve_meta_disable_footer":"","neve_meta_disable_title":"","neve_meta_reading_time":"","footnotes":""},"class_list":["post-3420","page","type-page","status-publish","hentry"],"yoast_head":"<!-- This site is optimized with the Yoast SEO plugin v26.9 - https:\/\/yoast.com\/product\/yoast-seo-wordpress\/ -->\n<title>SEAGO PIRAEUS - Container Ship, IMO 9313955 - Current location<\/title>\n<meta name=\"description\" content=\"Track current location and position of SEAGO PIRAEUS Container Ship on Live Map - IMO: 9313955 \u2713 Container Ship Tracking\" \/>\n<meta name=\"robots\" content=\"index, follow, max-snippet:-1, max-image-preview:large, max-video-preview:-1\" \/>\n<link rel=\"canonical\" href=\"https:\/\/ship-tracker.org\/de\/seago-piraeus\/\" \/>\n<meta property=\"og:locale\" content=\"de_DE\" \/>\n<meta property=\"og:type\" content=\"article\" \/>\n<meta property=\"og:title\" content=\"SEAGO PIRAEUS - Container Ship, IMO 9313955 - Current location\" \/>\n<meta property=\"og:description\" content=\"Track current location and position of SEAGO PIRAEUS Container Ship on Live Map - IMO: 9313955 \u2713 Container Ship Tracking\" \/>\n<meta property=\"og:url\" content=\"https:\/\/ship-tracker.org\/de\/seago-piraeus\/\" \/>\n<meta property=\"og:site_name\" content=\"Ship-tracker.org\" \/>\n<meta name=\"twitter:card\" content=\"summary_large_image\" \/>\n<meta name=\"twitter:label1\" content=\"Gesch\u00e4tzte Lesezeit\" \/>\n\t<meta name=\"twitter:data1\" content=\"1\u00a0Minute\" \/>\n<script type=\"application\/ld+json\" class=\"yoast-schema-graph\">{\"@context\":\"https:\/\/schema.org\",\"@graph\":[{\"@type\":\"WebPage\",\"@id\":\"https:\/\/ship-tracker.org\/seago-piraeus\/\",\"url\":\"https:\/\/ship-tracker.org\/seago-piraeus\/\",\"name\":\"SEAGO PIRAEUS - Container Ship, IMO 9313955 - Current location\",\"isPartOf\":{\"@id\":\"https:\/\/ship-tracker.org\/#website\"},\"datePublished\":\"2022-02-06T17:30:16+00:00\",\"description\":\"Track current location and position of SEAGO PIRAEUS Container Ship on Live Map - IMO: 9313955 \u2713 Container Ship Tracking\",\"breadcrumb\":{\"@id\":\"https:\/\/ship-tracker.org\/seago-piraeus\/#breadcrumb\"},\"inLanguage\":\"de\",\"potentialAction\":[{\"@type\":\"ReadAction\",\"target\":[\"https:\/\/ship-tracker.org\/seago-piraeus\/\"]}]},{\"@type\":\"BreadcrumbList\",\"@id\":\"https:\/\/ship-tracker.org\/seago-piraeus\/#breadcrumb\",\"itemListElement\":[{\"@type\":\"ListItem\",\"position\":1,\"name\":\"Startseite\",\"item\":\"https:\/\/ship-tracker.org\/\"},{\"@type\":\"ListItem\",\"position\":2,\"name\":\"SEAGO PIRAEUS\"}]},{\"@type\":\"WebSite\",\"@id\":\"https:\/\/ship-tracker.org\/#website\",\"url\":\"https:\/\/ship-tracker.org\/\",\"name\":\"Ship-tracker.org\",\"description\":\"\",\"potentialAction\":[{\"@type\":\"SearchAction\",\"target\":{\"@type\":\"EntryPoint\",\"urlTemplate\":\"https:\/\/ship-tracker.org\/?s={search_term_string}\"},\"query-input\":{\"@type\":\"PropertyValueSpecification\",\"valueRequired\":true,\"valueName\":\"search_term_string\"}}],\"inLanguage\":\"de\"}]}<\/script>\n<!-- \/ Yoast SEO plugin. -->","yoast_head_json":{"title":"SEAGO PIRAEUS \u2013 Containerschiff, IMO 9313955 \u2013 Aktueller Standort","description":"Verfolgen Sie den aktuellen Standort und die Position des Containerschiffs SEAGO PIRAEUS auf der Live-Karte \u2013 IMO: 9313955 \u2713 Verfolgung von Containerschiffen","robots":{"index":"index","follow":"follow","max-snippet":"max-snippet:-1","max-image-preview":"max-image-preview:large","max-video-preview":"max-video-preview:-1"},"canonical":"https:\/\/ship-tracker.org\/de\/seago-piraeus\/","og_locale":"de_DE","og_type":"article","og_title":"SEAGO PIRAEUS - Container Ship, IMO 9313955 - Current location","og_description":"Track current location and position of SEAGO PIRAEUS Container Ship on Live Map - IMO: 9313955 \u2713 Container Ship Tracking","og_url":"https:\/\/ship-tracker.org\/de\/seago-piraeus\/","og_site_name":"Ship-tracker.org","twitter_card":"summary_large_image","twitter_misc":{"Gesch\u00e4tzte Lesezeit":"1\u00a0Minute"},"schema":{"@context":"https:\/\/schema.org","@graph":[{"@type":"WebPage","@id":"https:\/\/ship-tracker.org\/seago-piraeus\/","url":"https:\/\/ship-tracker.org\/seago-piraeus\/","name":"SEAGO PIRAEUS \u2013 Containerschiff, IMO 9313955 \u2013 Aktueller Standort","isPartOf":{"@id":"https:\/\/ship-tracker.org\/#website"},"datePublished":"2022-02-06T17:30:16+00:00","description":"Verfolgen Sie den aktuellen Standort und die Position des Containerschiffs SEAGO PIRAEUS auf der Live-Karte \u2013 IMO: 9313955 \u2713 Verfolgung von Containerschiffen","breadcrumb":{"@id":"https:\/\/ship-tracker.org\/seago-piraeus\/#breadcrumb"},"inLanguage":"de","potentialAction":[{"@type":"ReadAction","target":["https:\/\/ship-tracker.org\/seago-piraeus\/"]}]},{"@type":"BreadcrumbList","@id":"https:\/\/ship-tracker.org\/seago-piraeus\/#breadcrumb","itemListElement":[{"@type":"ListItem","position":1,"name":"Startseite","item":"https:\/\/ship-tracker.org\/"},{"@type":"ListItem","position":2,"name":"SEAGO PIRAEUS"}]},{"@type":"WebSite","@id":"https:\/\/ship-tracker.org\/#website","url":"https:\/\/ship-tracker.org\/","name":"Ship-tracker.org","description":"","potentialAction":[{"@type":"SearchAction","target":{"@type":"EntryPoint","urlTemplate":"https:\/\/ship-tracker.org\/?s={search_term_string}"},"query-input":{"@type":"PropertyValueSpecification","valueRequired":true,"valueName":"search_term_string"}}],"inLanguage":"de"}]}},"_links":{"self":[{"href":"https:\/\/ship-tracker.org\/de\/wp-json\/wp\/v2\/pages\/3420","targetHints":{"allow":["GET"]}}],"collection":[{"href":"https:\/\/ship-tracker.org\/de\/wp-json\/wp\/v2\/pages"}],"about":[{"href":"https:\/\/ship-tracker.org\/de\/wp-json\/wp\/v2\/types\/page"}],"author":[{"embeddable":true,"href":"https:\/\/ship-tracker.org\/de\/wp-json\/wp\/v2\/users\/1"}],"replies":[{"embeddable":true,"href":"https:\/\/ship-tracker.org\/de\/wp-json\/wp\/v2\/comments?post=3420"}],"version-history":[{"count":1,"href":"https:\/\/ship-tracker.org\/de\/wp-json\/wp\/v2\/pages\/3420\/revisions"}],"predecessor-version":[{"id":3424,"href":"https:\/\/ship-tracker.org\/de\/wp-json\/wp\/v2\/pages\/3420\/revisions\/3424"}],"wp:attachment":[{"href":"https:\/\/ship-tracker.org\/de\/wp-json\/wp\/v2\/media?parent=3420"}],"curies":[{"name":"wp","href":"https:\/\/api.w.org\/{rel}","templated":true}]}}