{"id":3409,"date":"2022-02-06T13:03:02","date_gmt":"2022-02-06T12:03:02","guid":{"rendered":"https:\/\/ship-tracker.org\/?page_id=3409"},"modified":"2022-02-06T19:41:03","modified_gmt":"2022-02-06T18:41:03","slug":"maersk-line","status":"publish","type":"page","link":"https:\/\/ship-tracker.org\/de\/maersk-line\/","title":{"rendered":"Maersk Linie"},"content":{"rendered":"<h2>Maersk Container Tracker<\/h2>\n<p>Wo ist die aktuelle Position der Maersk-Containerflotte derzeit?<\/p>\n<h2>Maersk Containerflotte<\/h2>\n<table class=\"responsive\">\n<tbody>\n<tr>\n<td style=\"width: 31.9578%;\"><strong>Name<\/strong><\/td>\n<td style=\"width: 12.3317%;\"><strong>Meiner Meinung nach<\/strong><\/td>\n<td style=\"width: 10.5117%;\"><strong>Gebaut<\/strong><\/td>\n<td style=\"width: 24.0341%;\"><strong>Flagge<\/strong><\/td>\n<td style=\"width: 11.5646%;\"><strong>TEU<\/strong><\/td>\n<td style=\"width: 222.111%;\"><strong>L\u00e4nge<\/strong><\/td>\n<\/tr>\n<tr>\n<td style=\"width: 31.9578%;\"><a href=\"https:\/\/ship-tracker.org\/de\/seago-istanbul\/\">SEAGO ISTANBUL<\/a><\/td>\n<td style=\"width: 12.3317%;\">9313943<\/td>\n<td style=\"width: 10.5117%;\">2007<\/td>\n<td style=\"width: 24.0341%;\">D\u00e4nemark<\/td>\n<td style=\"width: 11.5646%;\">4504<\/td>\n<td style=\"width: 222.111%;\">293.86<\/td>\n<\/tr>\n<tr>\n<td style=\"width: 31.9578%;\"><a href=\"https:\/\/ship-tracker.org\/de\/seago-piraeus\/\">SEAGO PIR\u00c4US<\/a><\/td>\n<td style=\"width: 12.3317%;\">9313955<\/td>\n<td style=\"width: 10.5117%;\">2007<\/td>\n<td style=\"width: 24.0341%;\">D\u00e4nemark<\/td>\n<td style=\"width: 11.5646%;\">4196<\/td>\n<td style=\"width: 222.111%;\">294.1<\/td>\n<\/tr>\n<tr>\n<td style=\"width: 31.9578%;\"><a href=\"https:\/\/ship-tracker.org\/de\/seago-bremerhaven\/\">SEAGO BREMERHAVEN<\/a><\/td>\n<td style=\"width: 12.3317%;\">9313967<\/td>\n<td style=\"width: 10.5117%;\">2007<\/td>\n<td style=\"width: 24.0341%;\">D\u00e4nemark<\/td>\n<td style=\"width: 11.5646%;\">4196<\/td>\n<td style=\"width: 222.111%;\">293.83<\/td>\n<\/tr>\n<tr>\n<td style=\"width: 31.9578%;\"><a href=\"https:\/\/ship-tracker.org\/de\/po-nedlloyd-tauranga\/\">P&amp;O NEDLLOYD TAURANGA<\/a><\/td>\n<td style=\"width: 12.3317%;\">7015913<\/td>\n<td style=\"width: 10.5117%;\">1970<\/td>\n<td style=\"width: 24.0341%;\">Hongkong<\/td>\n<td style=\"width: 11.5646%;\">1258<\/td>\n<td style=\"width: 222.111%;\">211.49<\/td>\n<\/tr>\n<tr>\n<td style=\"width: 31.9578%;\"><a href=\"https:\/\/ship-tracker.org\/de\/po-nedlloyd-luanda\/\">P&amp;O NEDLLOYD LUANDA<\/a><\/td>\n<td style=\"width: 12.3317%;\">7817115<\/td>\n<td style=\"width: 10.5117%;\">1980<\/td>\n<td style=\"width: 24.0341%;\">Bahamas<\/td>\n<td style=\"width: 11.5646%;\">852<\/td>\n<td style=\"width: 222.111%;\">169.4<\/td>\n<\/tr>\n<tr>\n<td style=\"width: 31.9578%;\"><a href=\"https:\/\/ship-tracker.org\/de\/melbourne-star\/\">MELBOURNE-STAR<\/a><\/td>\n<td style=\"width: 12.3317%;\">7108162<\/td>\n<td style=\"width: 10.5117%;\">1971<\/td>\n<td style=\"width: 24.0341%;\">Gro\u00dfbritannien<\/td>\n<td style=\"width: 11.5646%;\">1294<\/td>\n<td style=\"width: 222.111%;\">217.25<\/td>\n<\/tr>\n<tr>\n<td style=\"width: 31.9578%;\"><a href=\"https:\/\/ship-tracker.org\/de\/argentina-star\/\">ARGENTINIEN STERN<\/a><\/td>\n<td style=\"width: 12.3317%;\">7636688<\/td>\n<td style=\"width: 10.5117%;\">1979<\/td>\n<td style=\"width: 24.0341%;\">Bahamas<\/td>\n<td style=\"width: 11.5646%;\">1261<\/td>\n<td style=\"width: 222.111%;\">207.32<\/td>\n<\/tr>\n<tr>\n<td style=\"width: 31.9578%;\"><a href=\"https:\/\/ship-tracker.org\/de\/mumbai-maersk\/\">MUMBAI MAERSK<\/a><\/td>\n<td style=\"width: 12.3317%;\">9780471<\/td>\n<td style=\"width: 10.5117%;\">2018<\/td>\n<td style=\"width: 24.0341%;\">D\u00e4nemark<\/td>\n<td style=\"width: 11.5646%;\">19630<\/td>\n<td style=\"width: 222.111%;\">399<\/td>\n<\/tr>\n<tr>\n<td style=\"width: 31.9578%;\"><\/td>\n<td style=\"width: 12.3317%;\"><\/td>\n<td style=\"width: 10.5117%;\"><\/td>\n<td style=\"width: 24.0341%;\"><\/td>\n<td style=\"width: 11.5646%;\"><\/td>\n<td style=\"width: 222.111%;\"><\/td>\n<\/tr>\n<\/tbody>\n<\/table>","protected":false},"excerpt":{"rendered":"<p>Maersk Container Tracker Wo befindet sich die aktuelle Position der Maersk Containerflotte? Maersk Containerflotte Name IMO Baujahr Flagge TEU L\u00e4nge SEAGO ISTANBUL 9313943 2007 D\u00e4nemark 4504 293,86 SEAGO PIRAEUS 9313955 2007 D\u00e4nemark 4196 294,1 SEAGO BREMERHAVEN 9313967 2007 D\u00e4nemark 4196 293,83 P&amp;O NEDLLOYD TAURANGA 7015913 1970 Hongkong 1258 211,49 P&amp;O NEDLLOYD LUANDA\u2026&nbsp;<a href=\"https:\/\/ship-tracker.org\/de\/maersk-line\/\" rel=\"bookmark\">Weiterlesen \u00bb<span class=\"screen-reader-text\">Maersk Linie<\/span><\/a><\/p>","protected":false},"author":1,"featured_media":3413,"parent":0,"menu_order":0,"comment_status":"closed","ping_status":"closed","template":"","meta":{"neve_meta_sidebar":"","neve_meta_container":"","neve_meta_enable_content_width":"","neve_meta_content_width":0,"neve_meta_title_alignment":"","neve_meta_author_avatar":"","neve_post_elements_order":"","neve_meta_disable_header":"","neve_meta_disable_footer":"","neve_meta_disable_title":"","neve_meta_reading_time":"","footnotes":""},"class_list":["post-3409","page","type-page","status-publish","has-post-thumbnail","hentry"],"yoast_head":"<!-- This site is optimized with the Yoast SEO plugin v27.4 - https:\/\/yoast.com\/product\/yoast-seo-wordpress\/ -->\n<title>Maersk Line Container Tracking - Ship-tracker.org<\/title>\n<meta name=\"description\" content=\"MAERSK container tracking. Track your shipment with MAERSK shipping line.\" \/>\n<meta name=\"robots\" content=\"index, follow, max-snippet:-1, max-image-preview:large, max-video-preview:-1\" \/>\n<link rel=\"canonical\" href=\"https:\/\/ship-tracker.org\/de\/maersk-line\/\" \/>\n<meta property=\"og:locale\" content=\"de_DE\" \/>\n<meta property=\"og:type\" content=\"article\" \/>\n<meta property=\"og:title\" content=\"Maersk Line Container Tracking - Ship-tracker.org\" \/>\n<meta property=\"og:description\" content=\"MAERSK container tracking. Track your shipment with MAERSK shipping line.\" \/>\n<meta property=\"og:url\" content=\"https:\/\/ship-tracker.org\/de\/maersk-line\/\" \/>\n<meta property=\"og:site_name\" content=\"Ship-tracker.org\" \/>\n<meta property=\"article:modified_time\" content=\"2022-02-06T18:41:03+00:00\" \/>\n<meta property=\"og:image\" content=\"https:\/\/ship-tracker.org\/wp-content\/uploads\/2022\/02\/maersk_line.jpg\" \/>\n\t<meta property=\"og:image:width\" content=\"711\" \/>\n\t<meta property=\"og:image:height\" content=\"502\" \/>\n\t<meta property=\"og:image:type\" content=\"image\/jpeg\" \/>\n<meta name=\"twitter:card\" content=\"summary_large_image\" \/>\n<meta name=\"twitter:label1\" content=\"Gesch\u00e4tzte Lesezeit\" \/>\n\t<meta name=\"twitter:data1\" content=\"1\u00a0Minute\" \/>\n<script type=\"application\/ld+json\" class=\"yoast-schema-graph\">{\"@context\":\"https:\\\/\\\/schema.org\",\"@graph\":[{\"@type\":\"WebPage\",\"@id\":\"https:\\\/\\\/ship-tracker.org\\\/maersk-line\\\/\",\"url\":\"https:\\\/\\\/ship-tracker.org\\\/maersk-line\\\/\",\"name\":\"Maersk Line Container Tracking - Ship-tracker.org\",\"isPartOf\":{\"@id\":\"https:\\\/\\\/ship-tracker.org\\\/#website\"},\"primaryImageOfPage\":{\"@id\":\"https:\\\/\\\/ship-tracker.org\\\/maersk-line\\\/#primaryimage\"},\"image\":{\"@id\":\"https:\\\/\\\/ship-tracker.org\\\/maersk-line\\\/#primaryimage\"},\"thumbnailUrl\":\"https:\\\/\\\/ship-tracker.org\\\/wp-content\\\/uploads\\\/2022\\\/02\\\/maersk_line.jpg\",\"datePublished\":\"2022-02-06T12:03:02+00:00\",\"dateModified\":\"2022-02-06T18:41:03+00:00\",\"description\":\"MAERSK container tracking. Track your shipment with MAERSK shipping line.\",\"breadcrumb\":{\"@id\":\"https:\\\/\\\/ship-tracker.org\\\/maersk-line\\\/#breadcrumb\"},\"inLanguage\":\"de\",\"potentialAction\":[{\"@type\":\"ReadAction\",\"target\":[\"https:\\\/\\\/ship-tracker.org\\\/maersk-line\\\/\"]}]},{\"@type\":\"ImageObject\",\"inLanguage\":\"de\",\"@id\":\"https:\\\/\\\/ship-tracker.org\\\/maersk-line\\\/#primaryimage\",\"url\":\"https:\\\/\\\/ship-tracker.org\\\/wp-content\\\/uploads\\\/2022\\\/02\\\/maersk_line.jpg\",\"contentUrl\":\"https:\\\/\\\/ship-tracker.org\\\/wp-content\\\/uploads\\\/2022\\\/02\\\/maersk_line.jpg\",\"width\":711,\"height\":502,\"caption\":\"Maersk Line\"},{\"@type\":\"BreadcrumbList\",\"@id\":\"https:\\\/\\\/ship-tracker.org\\\/maersk-line\\\/#breadcrumb\",\"itemListElement\":[{\"@type\":\"ListItem\",\"position\":1,\"name\":\"Startseite\",\"item\":\"https:\\\/\\\/ship-tracker.org\\\/\"},{\"@type\":\"ListItem\",\"position\":2,\"name\":\"Maersk Line\"}]},{\"@type\":\"WebSite\",\"@id\":\"https:\\\/\\\/ship-tracker.org\\\/#website\",\"url\":\"https:\\\/\\\/ship-tracker.org\\\/\",\"name\":\"Ship-tracker.org\",\"description\":\"\",\"potentialAction\":[{\"@type\":\"SearchAction\",\"target\":{\"@type\":\"EntryPoint\",\"urlTemplate\":\"https:\\\/\\\/ship-tracker.org\\\/?s={search_term_string}\"},\"query-input\":{\"@type\":\"PropertyValueSpecification\",\"valueRequired\":true,\"valueName\":\"search_term_string\"}}],\"inLanguage\":\"de\"}]}<\/script>\n<!-- \/ Yoast SEO plugin. -->","yoast_head_json":{"title":"Containerverfolgung der Maersk Line - Ship-tracker.org","description":"MAERSK-Containerverfolgung. Verfolgen Sie Ihre Sendung mit der Reederei MAERSK.","robots":{"index":"index","follow":"follow","max-snippet":"max-snippet:-1","max-image-preview":"max-image-preview:large","max-video-preview":"max-video-preview:-1"},"canonical":"https:\/\/ship-tracker.org\/de\/maersk-line\/","og_locale":"de_DE","og_type":"article","og_title":"Maersk Line Container Tracking - Ship-tracker.org","og_description":"MAERSK container tracking. Track your shipment with MAERSK shipping line.","og_url":"https:\/\/ship-tracker.org\/de\/maersk-line\/","og_site_name":"Ship-tracker.org","article_modified_time":"2022-02-06T18:41:03+00:00","og_image":[{"width":711,"height":502,"url":"https:\/\/ship-tracker.org\/wp-content\/uploads\/2022\/02\/maersk_line.jpg","type":"image\/jpeg"}],"twitter_card":"summary_large_image","twitter_misc":{"Gesch\u00e4tzte Lesezeit":"1\u00a0Minute"},"schema":{"@context":"https:\/\/schema.org","@graph":[{"@type":"WebPage","@id":"https:\/\/ship-tracker.org\/maersk-line\/","url":"https:\/\/ship-tracker.org\/maersk-line\/","name":"Containerverfolgung der Maersk Line - Ship-tracker.org","isPartOf":{"@id":"https:\/\/ship-tracker.org\/#website"},"primaryImageOfPage":{"@id":"https:\/\/ship-tracker.org\/maersk-line\/#primaryimage"},"image":{"@id":"https:\/\/ship-tracker.org\/maersk-line\/#primaryimage"},"thumbnailUrl":"https:\/\/ship-tracker.org\/wp-content\/uploads\/2022\/02\/maersk_line.jpg","datePublished":"2022-02-06T12:03:02+00:00","dateModified":"2022-02-06T18:41:03+00:00","description":"MAERSK-Containerverfolgung. Verfolgen Sie Ihre Sendung mit der Reederei MAERSK.","breadcrumb":{"@id":"https:\/\/ship-tracker.org\/maersk-line\/#breadcrumb"},"inLanguage":"de","potentialAction":[{"@type":"ReadAction","target":["https:\/\/ship-tracker.org\/maersk-line\/"]}]},{"@type":"ImageObject","inLanguage":"de","@id":"https:\/\/ship-tracker.org\/maersk-line\/#primaryimage","url":"https:\/\/ship-tracker.org\/wp-content\/uploads\/2022\/02\/maersk_line.jpg","contentUrl":"https:\/\/ship-tracker.org\/wp-content\/uploads\/2022\/02\/maersk_line.jpg","width":711,"height":502,"caption":"Maersk Line"},{"@type":"BreadcrumbList","@id":"https:\/\/ship-tracker.org\/maersk-line\/#breadcrumb","itemListElement":[{"@type":"ListItem","position":1,"name":"Startseite","item":"https:\/\/ship-tracker.org\/"},{"@type":"ListItem","position":2,"name":"Maersk Line"}]},{"@type":"WebSite","@id":"https:\/\/ship-tracker.org\/#website","url":"https:\/\/ship-tracker.org\/","name":"Ship-tracker.org","description":"","potentialAction":[{"@type":"SearchAction","target":{"@type":"EntryPoint","urlTemplate":"https:\/\/ship-tracker.org\/?s={search_term_string}"},"query-input":{"@type":"PropertyValueSpecification","valueRequired":true,"valueName":"search_term_string"}}],"inLanguage":"de"}]}},"_links":{"self":[{"href":"https:\/\/ship-tracker.org\/de\/wp-json\/wp\/v2\/pages\/3409","targetHints":{"allow":["GET"]}}],"collection":[{"href":"https:\/\/ship-tracker.org\/de\/wp-json\/wp\/v2\/pages"}],"about":[{"href":"https:\/\/ship-tracker.org\/de\/wp-json\/wp\/v2\/types\/page"}],"author":[{"embeddable":true,"href":"https:\/\/ship-tracker.org\/de\/wp-json\/wp\/v2\/users\/1"}],"replies":[{"embeddable":true,"href":"https:\/\/ship-tracker.org\/de\/wp-json\/wp\/v2\/comments?post=3409"}],"version-history":[{"count":10,"href":"https:\/\/ship-tracker.org\/de\/wp-json\/wp\/v2\/pages\/3409\/revisions"}],"predecessor-version":[{"id":3454,"href":"https:\/\/ship-tracker.org\/de\/wp-json\/wp\/v2\/pages\/3409\/revisions\/3454"}],"wp:featuredmedia":[{"embeddable":true,"href":"https:\/\/ship-tracker.org\/de\/wp-json\/wp\/v2\/media\/3413"}],"wp:attachment":[{"href":"https:\/\/ship-tracker.org\/de\/wp-json\/wp\/v2\/media?parent=3409"}],"curies":[{"name":"wp","href":"https:\/\/api.w.org\/{rel}","templated":true}]}}