{"id":3400,"date":"2022-02-06T13:07:07","date_gmt":"2022-02-06T12:07:07","guid":{"rendered":"https:\/\/ship-tracker.org\/?page_id=3400"},"modified":"2023-06-20T16:13:31","modified_gmt":"2023-06-20T14:13:31","slug":"mumbai-maersk","status":"publish","type":"page","link":"https:\/\/ship-tracker.org\/de\/mumbai-maersk\/","title":{"rendered":"MUMBAI MAERSK"},"content":{"rendered":"<p><strong>MUMBAI MAERSK<\/strong> (IMO: 9780471, MMSI 219039000) f\u00e4hrt derzeit unter der Flagge von <strong>D\u00e4nemark<\/strong>Das Schiff MUMBAI MAERSK ist ein <strong>Containerschiff<\/strong> Baujahr 2018. Ihre Gesamtl\u00e4nge betr\u00e4gt <strong>399<\/strong> m, Strahl ist <strong>58.6<\/strong> Meter. Die Containerkapazit\u00e4t von MUMBAI MAERSK betr\u00e4gt <strong>19630 TEU<\/strong>.<\/p>\n<h2>Aktueller Standort und Position von MUMBAI MAERSK (IMO 9780471) \u2013 Containerschiff<\/h2>\n<p>Wo steht MUMBAI MAERSK derzeit?<\/p>\n<p><script type=\"text\/javascript\">\n  var width=\"100%\";var height=\"400\";\n  var mmsi=219039000;\n<\/script><script type=\"text\/javascript\" src=\"https:\/\/www.vesselfinder.com\/aismap.js\"><\/script><\/p>\n<p>Aktuellen Standort von MUMBAI MAERSK anzeigen. Die Position von MUMBAI MAERSK l\u00e4sst sich anhand der Karten von VesselFinder und MarineTraffic genau bestimmen. So sind Sie immer bestens informiert, wo sich Ihr Lieblingsschiff gerade befindet.<\/p>\n<h2>Schiffsdetails f\u00fcr MUMBAI MAERSK<\/h2>\n<table>\n<tbody>\n<tr>\n<td style=\"width: 50%;\"><strong>Schiffsdaten<\/strong><\/td>\n<td style=\"width: 50%;\"><strong>Wert<\/strong><\/td>\n<\/tr>\n<tr>\n<td style=\"width: 50%;\">Schiffsname<\/td>\n<td style=\"width: 50%;\">MUMBAI MAERSK<\/td>\n<\/tr>\n<tr>\n<td style=\"width: 50%;\">Schiffstyp<\/td>\n<td style=\"width: 50%;\">Containerschiff<\/td>\n<\/tr>\n<tr>\n<td style=\"width: 50%;\">Meiner Meinung nach<\/td>\n<td style=\"width: 50%;\">9780471<\/td>\n<\/tr>\n<tr>\n<td style=\"width: 50%;\">MMSI<\/td>\n<td style=\"width: 50%;\">219039000<\/td>\n<\/tr>\n<tr>\n<td style=\"width: 50%;\">Rufzeichen<\/td>\n<td style=\"width: 50%;\">OWNQ2<\/td>\n<\/tr>\n<tr>\n<td style=\"width: 50%;\">Flagge<\/td>\n<td style=\"width: 50%;\">D\u00e4nemark<\/td>\n<\/tr>\n<tr>\n<td style=\"width: 50%;\">Bruttoraumzahl<\/td>\n<td style=\"width: 50%;\">214286<\/td>\n<\/tr>\n<tr>\n<td style=\"width: 50%;\">Eigengewicht<\/td>\n<td style=\"width: 50%;\">190326<\/td>\n<\/tr>\n<tr>\n<td style=\"width: 50%;\">L\u00e4nge<\/td>\n<td style=\"width: 50%;\">399 m<\/td>\n<\/tr>\n<tr>\n<td style=\"width: 50%;\">Strahl<\/td>\n<td style=\"width: 50%;\">58,6 m<\/td>\n<\/tr>\n<tr>\n<td style=\"width: 50%;\">Baujahr<\/td>\n<td style=\"width: 50%;\">2018<\/td>\n<\/tr>\n<tr>\n<td style=\"width: 50%;\">Baumeister<\/td>\n<td style=\"width: 50%;\">DAEWOO SB &amp; ME CO<\/td>\n<\/tr>\n<tr>\n<td style=\"width: 50%;\">Hof<\/td>\n<td style=\"width: 50%;\">OKPO<\/td>\n<\/tr>\n<tr>\n<td style=\"width: 50%;\">TEU<\/td>\n<td style=\"width: 50%;\">19630<\/td>\n<\/tr>\n<tr>\n<td style=\"width: 50%;\">Schiffsbetreiber<\/td>\n<td style=\"width: 50%;\"><a href=\"https:\/\/ship-tracker.org\/de\/maersk-line\/\">Maersk Linie<\/a><\/td>\n<\/tr>\n<\/tbody>\n<\/table>\n<p>Alle Angaben dienen Informationszwecken und Ship-Tracker.org \u00fcbernimmt keine Verantwortung f\u00fcr die Genauigkeit und Zuverl\u00e4ssigkeit der Datenwerte.<\/p>","protected":false},"excerpt":{"rendered":"<p>Die MUMBAI MAERSK (IMO: 9780471, MMSI 219039000) f\u00e4hrt derzeit unter d\u00e4nischer Flagge. Das Containerschiff MUMBAI MAERSK wurde 2018 gebaut. Die Gesamtl\u00e4nge (L\u00fcA) betr\u00e4gt 399 m, die Breite 58,6 m. Die Containerkapazit\u00e4t der MUMBAI MAERSK betr\u00e4gt 19.630 TEU. Aktueller Standort der MUMBAI MAERSK (IMO: 9780471) \u2013 Containerschiff Wo\u2026&nbsp;<a href=\"https:\/\/ship-tracker.org\/de\/mumbai-maersk\/\" rel=\"bookmark\">Weiterlesen \u00bb<span class=\"screen-reader-text\">MUMBAI MAERSK<\/span><\/a><\/p>","protected":false},"author":1,"featured_media":3637,"parent":0,"menu_order":0,"comment_status":"closed","ping_status":"closed","template":"","meta":{"neve_meta_sidebar":"","neve_meta_container":"","neve_meta_enable_content_width":"off","neve_meta_content_width":100,"neve_meta_title_alignment":"","neve_meta_author_avatar":"","neve_post_elements_order":"","neve_meta_disable_header":"","neve_meta_disable_footer":"","neve_meta_disable_title":"","neve_meta_reading_time":"","footnotes":""},"class_list":["post-3400","page","type-page","status-publish","has-post-thumbnail","hentry"],"yoast_head":"<!-- This site is optimized with the Yoast SEO plugin v26.9 - https:\/\/yoast.com\/product\/yoast-seo-wordpress\/ -->\n<title>MUMBAI MAERSK - Container Ship, IMO 9780471 - Current location<\/title>\n<meta name=\"description\" content=\"Track current location and position of MUMBAI MAERSK Container Ship on Live Map - IMO: 9780471 \u2713 Container Ship Tracking\" \/>\n<meta name=\"robots\" content=\"index, follow, max-snippet:-1, max-image-preview:large, max-video-preview:-1\" \/>\n<link rel=\"canonical\" href=\"https:\/\/ship-tracker.org\/de\/mumbai-maersk\/\" \/>\n<meta property=\"og:locale\" content=\"de_DE\" \/>\n<meta property=\"og:type\" content=\"article\" \/>\n<meta property=\"og:title\" content=\"MUMBAI MAERSK - Container Ship, IMO 9780471 - Current location\" \/>\n<meta property=\"og:description\" content=\"Track current location and position of MUMBAI MAERSK Container Ship on Live Map - IMO: 9780471 \u2713 Container Ship Tracking\" \/>\n<meta property=\"og:url\" content=\"https:\/\/ship-tracker.org\/de\/mumbai-maersk\/\" \/>\n<meta property=\"og:site_name\" content=\"Ship-tracker.org\" \/>\n<meta property=\"article:modified_time\" content=\"2023-06-20T14:13:31+00:00\" \/>\n<meta property=\"og:image\" content=\"https:\/\/ship-tracker.org\/wp-content\/uploads\/2023\/06\/maersk-tanjong-g275700498_640.jpg\" \/>\n\t<meta property=\"og:image:width\" content=\"640\" \/>\n\t<meta property=\"og:image:height\" content=\"446\" \/>\n\t<meta property=\"og:image:type\" content=\"image\/jpeg\" \/>\n<meta name=\"twitter:card\" content=\"summary_large_image\" \/>\n<meta name=\"twitter:label1\" content=\"Gesch\u00e4tzte Lesezeit\" \/>\n\t<meta name=\"twitter:data1\" content=\"1\u00a0Minute\" \/>\n<script type=\"application\/ld+json\" class=\"yoast-schema-graph\">{\"@context\":\"https:\/\/schema.org\",\"@graph\":[{\"@type\":\"WebPage\",\"@id\":\"https:\/\/ship-tracker.org\/mumbai-maersk\/\",\"url\":\"https:\/\/ship-tracker.org\/mumbai-maersk\/\",\"name\":\"MUMBAI MAERSK - Container Ship, IMO 9780471 - Current location\",\"isPartOf\":{\"@id\":\"https:\/\/ship-tracker.org\/#website\"},\"primaryImageOfPage\":{\"@id\":\"https:\/\/ship-tracker.org\/mumbai-maersk\/#primaryimage\"},\"image\":{\"@id\":\"https:\/\/ship-tracker.org\/mumbai-maersk\/#primaryimage\"},\"thumbnailUrl\":\"https:\/\/ship-tracker.org\/wp-content\/uploads\/2023\/06\/maersk-tanjong-g275700498_640.jpg\",\"datePublished\":\"2022-02-06T12:07:07+00:00\",\"dateModified\":\"2023-06-20T14:13:31+00:00\",\"description\":\"Track current location and position of MUMBAI MAERSK Container Ship on Live Map - IMO: 9780471 \u2713 Container Ship Tracking\",\"breadcrumb\":{\"@id\":\"https:\/\/ship-tracker.org\/mumbai-maersk\/#breadcrumb\"},\"inLanguage\":\"de\",\"potentialAction\":[{\"@type\":\"ReadAction\",\"target\":[\"https:\/\/ship-tracker.org\/mumbai-maersk\/\"]}]},{\"@type\":\"ImageObject\",\"inLanguage\":\"de\",\"@id\":\"https:\/\/ship-tracker.org\/mumbai-maersk\/#primaryimage\",\"url\":\"https:\/\/ship-tracker.org\/wp-content\/uploads\/2023\/06\/maersk-tanjong-g275700498_640.jpg\",\"contentUrl\":\"https:\/\/ship-tracker.org\/wp-content\/uploads\/2023\/06\/maersk-tanjong-g275700498_640.jpg\",\"width\":640,\"height\":446,\"caption\":\"MAERSK ABERDEEN\"},{\"@type\":\"BreadcrumbList\",\"@id\":\"https:\/\/ship-tracker.org\/mumbai-maersk\/#breadcrumb\",\"itemListElement\":[{\"@type\":\"ListItem\",\"position\":1,\"name\":\"Startseite\",\"item\":\"https:\/\/ship-tracker.org\/\"},{\"@type\":\"ListItem\",\"position\":2,\"name\":\"MUMBAI MAERSK\"}]},{\"@type\":\"WebSite\",\"@id\":\"https:\/\/ship-tracker.org\/#website\",\"url\":\"https:\/\/ship-tracker.org\/\",\"name\":\"Ship-tracker.org\",\"description\":\"\",\"potentialAction\":[{\"@type\":\"SearchAction\",\"target\":{\"@type\":\"EntryPoint\",\"urlTemplate\":\"https:\/\/ship-tracker.org\/?s={search_term_string}\"},\"query-input\":{\"@type\":\"PropertyValueSpecification\",\"valueRequired\":true,\"valueName\":\"search_term_string\"}}],\"inLanguage\":\"de\"}]}<\/script>\n<!-- \/ Yoast SEO plugin. -->","yoast_head_json":{"title":"MUMBAI MAERSK - Containerschiff, IMO 9780471 - Aktueller Standort","description":"Verfolgen Sie den aktuellen Standort und die Position des Containerschiffs MUMBAI MAERSK auf der Live-Karte \u2013 IMO: 9780471 \u2713 Containerschiff-Tracking","robots":{"index":"index","follow":"follow","max-snippet":"max-snippet:-1","max-image-preview":"max-image-preview:large","max-video-preview":"max-video-preview:-1"},"canonical":"https:\/\/ship-tracker.org\/de\/mumbai-maersk\/","og_locale":"de_DE","og_type":"article","og_title":"MUMBAI MAERSK - Container Ship, IMO 9780471 - Current location","og_description":"Track current location and position of MUMBAI MAERSK Container Ship on Live Map - IMO: 9780471 \u2713 Container Ship Tracking","og_url":"https:\/\/ship-tracker.org\/de\/mumbai-maersk\/","og_site_name":"Ship-tracker.org","article_modified_time":"2023-06-20T14:13:31+00:00","og_image":[{"width":640,"height":446,"url":"https:\/\/ship-tracker.org\/wp-content\/uploads\/2023\/06\/maersk-tanjong-g275700498_640.jpg","type":"image\/jpeg"}],"twitter_card":"summary_large_image","twitter_misc":{"Gesch\u00e4tzte Lesezeit":"1\u00a0Minute"},"schema":{"@context":"https:\/\/schema.org","@graph":[{"@type":"WebPage","@id":"https:\/\/ship-tracker.org\/mumbai-maersk\/","url":"https:\/\/ship-tracker.org\/mumbai-maersk\/","name":"MUMBAI MAERSK - Containerschiff, IMO 9780471 - Aktueller Standort","isPartOf":{"@id":"https:\/\/ship-tracker.org\/#website"},"primaryImageOfPage":{"@id":"https:\/\/ship-tracker.org\/mumbai-maersk\/#primaryimage"},"image":{"@id":"https:\/\/ship-tracker.org\/mumbai-maersk\/#primaryimage"},"thumbnailUrl":"https:\/\/ship-tracker.org\/wp-content\/uploads\/2023\/06\/maersk-tanjong-g275700498_640.jpg","datePublished":"2022-02-06T12:07:07+00:00","dateModified":"2023-06-20T14:13:31+00:00","description":"Verfolgen Sie den aktuellen Standort und die Position des Containerschiffs MUMBAI MAERSK auf der Live-Karte \u2013 IMO: 9780471 \u2713 Containerschiff-Tracking","breadcrumb":{"@id":"https:\/\/ship-tracker.org\/mumbai-maersk\/#breadcrumb"},"inLanguage":"de","potentialAction":[{"@type":"ReadAction","target":["https:\/\/ship-tracker.org\/mumbai-maersk\/"]}]},{"@type":"ImageObject","inLanguage":"de","@id":"https:\/\/ship-tracker.org\/mumbai-maersk\/#primaryimage","url":"https:\/\/ship-tracker.org\/wp-content\/uploads\/2023\/06\/maersk-tanjong-g275700498_640.jpg","contentUrl":"https:\/\/ship-tracker.org\/wp-content\/uploads\/2023\/06\/maersk-tanjong-g275700498_640.jpg","width":640,"height":446,"caption":"MAERSK ABERDEEN"},{"@type":"BreadcrumbList","@id":"https:\/\/ship-tracker.org\/mumbai-maersk\/#breadcrumb","itemListElement":[{"@type":"ListItem","position":1,"name":"Startseite","item":"https:\/\/ship-tracker.org\/"},{"@type":"ListItem","position":2,"name":"MUMBAI MAERSK"}]},{"@type":"WebSite","@id":"https:\/\/ship-tracker.org\/#website","url":"https:\/\/ship-tracker.org\/","name":"Ship-tracker.org","description":"","potentialAction":[{"@type":"SearchAction","target":{"@type":"EntryPoint","urlTemplate":"https:\/\/ship-tracker.org\/?s={search_term_string}"},"query-input":{"@type":"PropertyValueSpecification","valueRequired":true,"valueName":"search_term_string"}}],"inLanguage":"de"}]}},"_links":{"self":[{"href":"https:\/\/ship-tracker.org\/de\/wp-json\/wp\/v2\/pages\/3400","targetHints":{"allow":["GET"]}}],"collection":[{"href":"https:\/\/ship-tracker.org\/de\/wp-json\/wp\/v2\/pages"}],"about":[{"href":"https:\/\/ship-tracker.org\/de\/wp-json\/wp\/v2\/types\/page"}],"author":[{"embeddable":true,"href":"https:\/\/ship-tracker.org\/de\/wp-json\/wp\/v2\/users\/1"}],"replies":[{"embeddable":true,"href":"https:\/\/ship-tracker.org\/de\/wp-json\/wp\/v2\/comments?post=3400"}],"version-history":[{"count":10,"href":"https:\/\/ship-tracker.org\/de\/wp-json\/wp\/v2\/pages\/3400\/revisions"}],"predecessor-version":[{"id":3423,"href":"https:\/\/ship-tracker.org\/de\/wp-json\/wp\/v2\/pages\/3400\/revisions\/3423"}],"wp:featuredmedia":[{"embeddable":true,"href":"https:\/\/ship-tracker.org\/de\/wp-json\/wp\/v2\/media\/3637"}],"wp:attachment":[{"href":"https:\/\/ship-tracker.org\/de\/wp-json\/wp\/v2\/media?parent=3400"}],"curies":[{"name":"wp","href":"https:\/\/api.w.org\/{rel}","templated":true}]}}