{"id":2954,"date":"2020-05-12T16:59:42","date_gmt":"2020-05-12T14:59:42","guid":{"rendered":"https:\/\/ship-tracker.org\/?page_id=2954"},"modified":"2022-10-27T16:36:50","modified_gmt":"2022-10-27T14:36:50","slug":"stena-line","status":"publish","type":"page","link":"https:\/\/ship-tracker.org\/de\/stena-line\/","title":{"rendered":"Stena-Linie"},"content":{"rendered":"<h2>Standort der Stena Line-Flotte: Schiffe, IMO-Nummern und MMSI<\/h2>\n<p><iframe id=\"dealFinder\" style=\"z-index: 1;\" src=\"https:\/\/wiz.directferries.com\/partners\/deal_finder_iframe.aspx?stdc=F4925&amp;cult=en-GB&amp;btn=47a347&amp;btnh=168b16&amp;btnt=FFFFFF&amp;tclr=000001&amp;lclr=000001&amp;lbld=400&amp;pclr=64b6e6&amp;sclr=64b6e6&amp;targ=0\" height=\"285\" frameborder=\"0\" marginwidth=\"0\" marginheight=\"0\" scrolling=\"no\"><\/iframe><br \/>\nWo befindet sich derzeit die aktuelle Position der Stena Line-F\u00e4hrflotte?<\/p>\n<table style=\"border-collapse: collapse; width: 100%; height: 640px;\">\n<tbody>\n<tr style=\"height: 24px;\">\n<td style=\"width: 33.3333%; height: 24px;\"><span style=\"color: #1f405b;\"><strong>Schiff<\/strong><\/span><\/td>\n<td style=\"width: 33.3333%; height: 24px;\"><span style=\"color: #1f405b;\"><strong>Meiner Meinung nach<\/strong><\/span><\/td>\n<td style=\"width: 33.3333%; height: 24px;\"><span style=\"color: #1f405b;\"><strong>MMSI<\/strong><\/span><\/td>\n<\/tr>\n<tr style=\"height: 24px;\">\n<td style=\"width: 33.3333%; height: 24px;\"><a href=\"https:\/\/ship-tracker.org\/de\/stena-horizon\/\">Stena Horizon<\/a><\/td>\n<td style=\"width: 33.3333%; height: 24px;\">9332559<\/td>\n<td style=\"width: 33.3333%; height: 24px;\">247160400<\/td>\n<\/tr>\n<tr style=\"height: 24px;\">\n<td style=\"width: 33.3333%; height: 24px;\"><a href=\"https:\/\/ship-tracker.org\/de\/stena-germanica\/\">Stena Germanica<\/a><\/td>\n<td style=\"width: 33.3333%; height: 24px;\">9145176<\/td>\n<td style=\"width: 33.3333%; height: 24px;\">266331000<\/td>\n<\/tr>\n<tr style=\"height: 24px;\">\n<td style=\"width: 33.3333%; height: 24px;\"><a href=\"https:\/\/ship-tracker.org\/de\/stena-scandinavica\/\">Stena Scandinavica<\/a><\/td>\n<td style=\"width: 33.3333%; height: 24px;\">9235517<\/td>\n<td style=\"width: 33.3333%; height: 24px;\">266343000<\/td>\n<\/tr>\n<tr style=\"height: 24px;\">\n<td style=\"width: 33.3333%; height: 24px;\"><a href=\"https:\/\/ship-tracker.org\/de\/mecklenburg-vorpommern\/\">Mecklenburg-Vorpommern<\/a><\/td>\n<td style=\"width: 33.3333%; height: 24px;\">9131797<\/td>\n<td style=\"width: 33.3333%; height: 24px;\">211245200<\/td>\n<\/tr>\n<tr style=\"height: 24px;\">\n<td style=\"width: 33.3333%; height: 24px;\"><a href=\"https:\/\/ship-tracker.org\/de\/stena-skane\/\">Stena Skane<\/a><\/td>\n<td style=\"width: 33.3333%; height: 24px;\">9133915<\/td>\n<td style=\"width: 33.3333%; height: 24px;\">9133915<\/td>\n<\/tr>\n<tr style=\"height: 24px;\">\n<td style=\"width: 33.3333%; height: 24px;\"><a href=\"https:\/\/ship-tracker.org\/de\/stena-vinga\/\">Stena Vinga<\/a><\/td>\n<td style=\"width: 33.3333%; height: 24px;\">9323699<\/td>\n<td style=\"width: 33.3333%; height: 24px;\">266467000<\/td>\n<\/tr>\n<tr style=\"height: 24px;\">\n<td style=\"width: 33.3333%; height: 24px;\"><a href=\"https:\/\/ship-tracker.org\/de\/stena-danica\/\">Stena Danica<\/a><\/td>\n<td style=\"width: 33.3333%; height: 24px;\">7907245<\/td>\n<td style=\"width: 33.3333%; height: 24px;\">265177000<\/td>\n<\/tr>\n<tr style=\"height: 24px;\">\n<td style=\"width: 33.3333%; height: 24px;\"><a href=\"https:\/\/ship-tracker.org\/de\/stena-mersey\/\">Stena Mersey<\/a><\/td>\n<td style=\"width: 33.3333%; height: 24px;\">9329851<\/td>\n<td style=\"width: 33.3333%; height: 24px;\">235068243<\/td>\n<\/tr>\n<tr style=\"height: 24px;\">\n<td style=\"width: 33.3333%; height: 24px;\"><a href=\"https:\/\/ship-tracker.org\/de\/stena-lagan\/\">Stena Lagan<\/a><\/td>\n<td style=\"width: 33.3333%; height: 24px;\">9329849<\/td>\n<td style=\"width: 33.3333%; height: 24px;\">311000955<\/td>\n<\/tr>\n<tr style=\"height: 24px;\">\n<td style=\"width: 33.3333%; height: 24px;\"><a href=\"https:\/\/ship-tracker.org\/de\/stena-edda\/\">Stena Edda<\/a><\/td>\n<td style=\"width: 33.3333%; height: 24px;\">9198941<\/td>\n<td style=\"width: 33.3333%; height: 24px;\">235089435<\/td>\n<\/tr>\n<tr style=\"height: 24px;\">\n<td style=\"width: 33.3333%; height: 24px;\"><a href=\"https:\/\/ship-tracker.org\/de\/stena-superfast-vii\/\">Stena Superfast VII<\/a><\/td>\n<td style=\"width: 33.3333%; height: 24px;\">9198941<\/td>\n<td style=\"width: 33.3333%; height: 24px;\">235089435<\/td>\n<\/tr>\n<tr style=\"height: 24px;\">\n<td style=\"width: 33.3333%; height: 24px;\"><a href=\"https:\/\/ship-tracker.org\/de\/stena-superfast-viii\/\">Stena Superfast VIII<\/a><\/td>\n<td style=\"width: 33.3333%; height: 24px;\">9198953<\/td>\n<td style=\"width: 33.3333%; height: 24px;\">235089436<\/td>\n<\/tr>\n<tr style=\"height: 24px;\">\n<td style=\"width: 33.3333%; height: 24px;\"><a href=\"https:\/\/ship-tracker.org\/de\/stena-estrid\/\">Stena Estrid<\/a><\/td>\n<td style=\"width: 33.3333%; height: 24px;\">9807293<\/td>\n<td style=\"width: 33.3333%; height: 24px;\">209878000<\/td>\n<\/tr>\n<tr style=\"height: 24px;\">\n<td style=\"width: 33.3333%; height: 24px;\"><a href=\"https:\/\/ship-tracker.org\/de\/stena-adventurer\/\">Stena Abenteurer<\/a><\/td>\n<td style=\"width: 33.3333%; height: 24px;\">9235529<\/td>\n<td style=\"width: 33.3333%; height: 24px;\">235667000<\/td>\n<\/tr>\n<tr style=\"height: 24px;\">\n<td style=\"width: 33.3333%; height: 24px;\"><a href=\"https:\/\/ship-tracker.org\/de\/stena-europe\/\">Stena Europa<\/a><\/td>\n<td style=\"width: 33.3333%; height: 24px;\">7901760<\/td>\n<td style=\"width: 33.3333%; height: 24px;\">235004539<\/td>\n<\/tr>\n<tr style=\"height: 24px;\">\n<td style=\"width: 33.3333%; height: 24px;\"><a href=\"https:\/\/ship-tracker.org\/de\/stena-hollandica\/\">Stena Hollandica<\/a><\/td>\n<td style=\"width: 33.3333%; height: 24px;\">9419163<\/td>\n<td style=\"width: 33.3333%; height: 24px;\">244758000<\/td>\n<\/tr>\n<tr style=\"height: 24px;\">\n<td style=\"width: 33.3333%; height: 24px;\"><a href=\"https:\/\/ship-tracker.org\/de\/stena-britannica\/\">Stena Britannica<\/a><\/td>\n<td style=\"width: 33.3333%; height: 24px;\">9419175<\/td>\n<td style=\"width: 33.3333%; height: 24px;\">235080274<\/td>\n<\/tr>\n<tr style=\"height: 24px;\">\n<td style=\"width: 33.3333%; height: 24px;\"><a href=\"https:\/\/ship-tracker.org\/de\/urd\/\">URD<\/a><\/td>\n<td style=\"width: 33.3333%; height: 24px;\">7826855<\/td>\n<td style=\"width: 33.3333%; height: 24px;\">219000776<\/td>\n<\/tr>\n<tr style=\"height: 24px;\">\n<td style=\"width: 33.3333%; height: 24px;\"><a href=\"https:\/\/ship-tracker.org\/de\/stena-flavia\/\">Stena Flavia<\/a><\/td>\n<td style=\"width: 33.3333%; height: 24px;\">9417919<\/td>\n<td style=\"width: 33.3333%; height: 24px;\">219560000<\/td>\n<\/tr>\n<tr style=\"height: 24px;\">\n<td style=\"width: 33.3333%; height: 24px;\"><a href=\"https:\/\/ship-tracker.org\/de\/scottish-viking\/\">Schottischer Wikinger<\/a><\/td>\n<td style=\"width: 33.3333%; height: 24px;\">9435454<\/td>\n<td style=\"width: 33.3333%; height: 24px;\">247265800<\/td>\n<\/tr>\n<tr style=\"height: 24px;\">\n<td style=\"width: 33.3333%; height: 24px;\"><a href=\"https:\/\/ship-tracker.org\/de\/stena-gothica\/\">Stena Gothica<\/a><\/td>\n<td style=\"width: 33.3333%; height: 24px;\">7826867<\/td>\n<td style=\"width: 33.3333%; height: 24px;\">219147000<\/td>\n<\/tr>\n<tr style=\"height: 24px;\">\n<td style=\"width: 33.3333%; height: 24px;\"><a href=\"https:\/\/ship-tracker.org\/de\/stena-vision\/\">Stena Vision<\/a><\/td>\n<td style=\"width: 33.3333%; height: 24px;\">9145176<\/td>\n<td style=\"width: 33.3333%; height: 24px;\">266331000<\/td>\n<\/tr>\n<tr style=\"height: 24px;\">\n<td style=\"width: 33.3333%; height: 24px;\"><a href=\"https:\/\/ship-tracker.org\/de\/stena-spirit\/\">Stena Spirit<\/a><\/td>\n<td style=\"width: 33.3333%; height: 24px;\">9145176<\/td>\n<td style=\"width: 33.3333%; height: 24px;\">266331000<\/td>\n<\/tr>\n<tr style=\"height: 24px;\">\n<td style=\"width: 33.3333%; height: 24px;\"><a href=\"https:\/\/ship-tracker.org\/de\/stena-baltica\/\">Stena Baltica<\/a><\/td>\n<td style=\"width: 33.3333%; height: 24px;\">9364978<\/td>\n<td style=\"width: 33.3333%; height: 24px;\">235102029<\/td>\n<\/tr>\n<tr style=\"height: 24px;\">\n<td style=\"width: 33.3333%; height: 24px;\"><a href=\"https:\/\/ship-tracker.org\/de\/stena-nautica\/\">Stena Nautica<\/a><\/td>\n<td style=\"width: 33.3333%; height: 24px;\">8317954<\/td>\n<td style=\"width: 33.3333%; height: 24px;\">265859000<\/td>\n<\/tr>\n<tr style=\"height: 16px;\">\n<td style=\"width: 33.3333%; height: 16px;\"><a href=\"https:\/\/ship-tracker.org\/de\/stena-jutlandica\/\">Stena Jutlandica<\/a><\/td>\n<td style=\"width: 33.3333%; height: 16px;\">9125944<\/td>\n<td style=\"width: 33.3333%; height: 16px;\">265410000<\/td>\n<\/tr>\n<\/tbody>\n<\/table>\n<h2>\u00dcber Stena Line<\/h2>\n<p>Die F\u00e4hrgesellschaft Stena Line ist eine der gr\u00f6\u00dften F\u00e4hrgesellschaften der Welt. Es handelt sich um eine schwedische Reederei. Der Hauptsitz befindet sich in G\u00f6teborg, Schweden. Die Reederei ist eine Tochtergesellschaft der Stena AB.<\/p>\n<p>Mit Stena Line k\u00f6nnen Sie Ihr Auto, Ihren Wohnwagen oder Ihr Wohnmobil von Kiel nach G\u00f6teborg, von Rostock nach Trelleborg oder von Sassnitz nach Trelleborg bringen. Einige der Reisen werden auch als Mini-Kreuzfahrten angeboten, bei denen es sich in erster Linie um einen kleinen Kurzurlaub mit Aufenthalt in einem fantastischen Reiseziel f\u00fcr erfahrene Kreuzfahrtschiffe handelt.<\/p>\n<p>Die Stena Line betreibt in Skandinavien insgesamt zw\u00f6lf F\u00e4hren auf sieben verschiedenen Routen. Zus\u00e4tzlich zu den bereits genannten Routen k\u00f6nnen Sie auch von Frederikshavn nach G\u00f6teborg und Oslo, von Gdyna nach Karlskrona und von Grena nach Varsberg gelangen. Au\u00dferdem k\u00f6nnen Sie zwischen vier Schiffen auf zwei Routen im Baltikum und zehn Schiffen auf sechs Routen im Vereinigten K\u00f6nigreich w\u00e4hlen.<\/p>","protected":false},"excerpt":{"rendered":"<p>Standort der Stena Line-Flotte Schiffe, IMO-Nummern und MMSI Wo befindet sich die aktuelle Position der Stena Line-F\u00e4hrflotte? Schiff IMO MMSI Stena Horizon 9332559 247160400 Stena Germanica 9145176 266331000 Stena Scandinavica 9235517 266343000 Mecklenburg-Vorpommern 9131797 211245200 Stena Skane 9133915 9133915 Stena Vinga 9323699 266467000 Stena Danica 7907245 265177000 Stena Mersey 9329851 235068243 Stena\u2026&nbsp;<a href=\"https:\/\/ship-tracker.org\/de\/stena-line\/\" rel=\"bookmark\">Weiterlesen \u00bb<span class=\"screen-reader-text\">Stena-Linie<\/span><\/a><\/p>","protected":false},"author":1,"featured_media":2956,"parent":0,"menu_order":0,"comment_status":"closed","ping_status":"closed","template":"","meta":{"neve_meta_sidebar":"","neve_meta_container":"","neve_meta_enable_content_width":"","neve_meta_content_width":0,"neve_meta_title_alignment":"","neve_meta_author_avatar":"","neve_post_elements_order":"","neve_meta_disable_header":"","neve_meta_disable_footer":"","neve_meta_disable_title":"","neve_meta_reading_time":"","footnotes":""},"class_list":["post-2954","page","type-page","status-publish","has-post-thumbnail","hentry"],"yoast_head":"<!-- This site is optimized with the Yoast SEO plugin v27.4 - https:\/\/yoast.com\/product\/yoast-seo-wordpress\/ -->\n<title>Track Stena Line Fleet | Cruise Ships | Marine Vessel<\/title>\n<meta name=\"description\" content=\"Stena Line Fleet Location | Current Positions of Stena Line ferry Ships, IMO numbers, MMSI, Webcam | Live Fleet Maps | Live Ship Tracker\" \/>\n<meta name=\"robots\" content=\"index, follow, max-snippet:-1, max-image-preview:large, max-video-preview:-1\" \/>\n<link rel=\"canonical\" href=\"https:\/\/ship-tracker.org\/de\/stena-line\/\" \/>\n<meta property=\"og:locale\" content=\"de_DE\" \/>\n<meta property=\"og:type\" content=\"article\" \/>\n<meta property=\"og:title\" content=\"Track Stena Line Fleet | Cruise Ships | Marine Vessel\" \/>\n<meta property=\"og:description\" content=\"Stena Line Fleet Location | Current Positions of Stena Line ferry Ships, IMO numbers, MMSI, Webcam | Live Fleet Maps | Live Ship Tracker\" \/>\n<meta property=\"og:url\" content=\"https:\/\/ship-tracker.org\/de\/stena-line\/\" \/>\n<meta property=\"og:site_name\" content=\"Ship-tracker.org\" \/>\n<meta property=\"article:modified_time\" content=\"2022-10-27T14:36:50+00:00\" \/>\n<meta property=\"og:image\" content=\"https:\/\/ship-tracker.org\/wp-content\/uploads\/2020\/05\/htOper-FSSL-Logo.jpg\" \/>\n\t<meta property=\"og:image:width\" content=\"400\" \/>\n\t<meta property=\"og:image:height\" content=\"260\" \/>\n\t<meta property=\"og:image:type\" content=\"image\/jpeg\" \/>\n<meta name=\"twitter:card\" content=\"summary_large_image\" \/>\n<meta name=\"twitter:label1\" content=\"Gesch\u00e4tzte Lesezeit\" \/>\n\t<meta name=\"twitter:data1\" content=\"2\u00a0Minuten\" \/>\n<script type=\"application\/ld+json\" class=\"yoast-schema-graph\">{\"@context\":\"https:\\\/\\\/schema.org\",\"@graph\":[{\"@type\":\"WebPage\",\"@id\":\"https:\\\/\\\/ship-tracker.org\\\/stena-line\\\/\",\"url\":\"https:\\\/\\\/ship-tracker.org\\\/stena-line\\\/\",\"name\":\"Track Stena Line Fleet | Cruise Ships | Marine Vessel\",\"isPartOf\":{\"@id\":\"https:\\\/\\\/ship-tracker.org\\\/#website\"},\"primaryImageOfPage\":{\"@id\":\"https:\\\/\\\/ship-tracker.org\\\/stena-line\\\/#primaryimage\"},\"image\":{\"@id\":\"https:\\\/\\\/ship-tracker.org\\\/stena-line\\\/#primaryimage\"},\"thumbnailUrl\":\"https:\\\/\\\/ship-tracker.org\\\/wp-content\\\/uploads\\\/2020\\\/05\\\/htOper-FSSL-Logo.jpg\",\"datePublished\":\"2020-05-12T14:59:42+00:00\",\"dateModified\":\"2022-10-27T14:36:50+00:00\",\"description\":\"Stena Line Fleet Location | Current Positions of Stena Line ferry Ships, IMO numbers, MMSI, Webcam | Live Fleet Maps | Live Ship Tracker\",\"breadcrumb\":{\"@id\":\"https:\\\/\\\/ship-tracker.org\\\/stena-line\\\/#breadcrumb\"},\"inLanguage\":\"de\",\"potentialAction\":[{\"@type\":\"ReadAction\",\"target\":[\"https:\\\/\\\/ship-tracker.org\\\/stena-line\\\/\"]}]},{\"@type\":\"ImageObject\",\"inLanguage\":\"de\",\"@id\":\"https:\\\/\\\/ship-tracker.org\\\/stena-line\\\/#primaryimage\",\"url\":\"https:\\\/\\\/ship-tracker.org\\\/wp-content\\\/uploads\\\/2020\\\/05\\\/htOper-FSSL-Logo.jpg\",\"contentUrl\":\"https:\\\/\\\/ship-tracker.org\\\/wp-content\\\/uploads\\\/2020\\\/05\\\/htOper-FSSL-Logo.jpg\",\"width\":400,\"height\":260,\"caption\":\"Stena Line\"},{\"@type\":\"BreadcrumbList\",\"@id\":\"https:\\\/\\\/ship-tracker.org\\\/stena-line\\\/#breadcrumb\",\"itemListElement\":[{\"@type\":\"ListItem\",\"position\":1,\"name\":\"Startseite\",\"item\":\"https:\\\/\\\/ship-tracker.org\\\/\"},{\"@type\":\"ListItem\",\"position\":2,\"name\":\"Stena Line\"}]},{\"@type\":\"WebSite\",\"@id\":\"https:\\\/\\\/ship-tracker.org\\\/#website\",\"url\":\"https:\\\/\\\/ship-tracker.org\\\/\",\"name\":\"Ship-tracker.org\",\"description\":\"\",\"potentialAction\":[{\"@type\":\"SearchAction\",\"target\":{\"@type\":\"EntryPoint\",\"urlTemplate\":\"https:\\\/\\\/ship-tracker.org\\\/?s={search_term_string}\"},\"query-input\":{\"@type\":\"PropertyValueSpecification\",\"valueRequired\":true,\"valueName\":\"search_term_string\"}}],\"inLanguage\":\"de\"}]}<\/script>\n<!-- \/ Yoast SEO plugin. -->","yoast_head_json":{"title":"Verfolgen Sie die Stena Line-Flotte | Kreuzfahrtschiffe | Marineschiff","description":"Standort der Stena Line-Flotte | Aktuelle Positionen der F\u00e4hrschiffe der Stena Line, IMO-Nummern, MMSI, Webcam | Live-Flottenkarten | Live-Schiffsverfolger","robots":{"index":"index","follow":"follow","max-snippet":"max-snippet:-1","max-image-preview":"max-image-preview:large","max-video-preview":"max-video-preview:-1"},"canonical":"https:\/\/ship-tracker.org\/de\/stena-line\/","og_locale":"de_DE","og_type":"article","og_title":"Track Stena Line Fleet | Cruise Ships | Marine Vessel","og_description":"Stena Line Fleet Location | Current Positions of Stena Line ferry Ships, IMO numbers, MMSI, Webcam | Live Fleet Maps | Live Ship Tracker","og_url":"https:\/\/ship-tracker.org\/de\/stena-line\/","og_site_name":"Ship-tracker.org","article_modified_time":"2022-10-27T14:36:50+00:00","og_image":[{"width":400,"height":260,"url":"https:\/\/ship-tracker.org\/wp-content\/uploads\/2020\/05\/htOper-FSSL-Logo.jpg","type":"image\/jpeg"}],"twitter_card":"summary_large_image","twitter_misc":{"Gesch\u00e4tzte Lesezeit":"2\u00a0Minuten"},"schema":{"@context":"https:\/\/schema.org","@graph":[{"@type":"WebPage","@id":"https:\/\/ship-tracker.org\/stena-line\/","url":"https:\/\/ship-tracker.org\/stena-line\/","name":"Verfolgen Sie die Stena Line-Flotte | Kreuzfahrtschiffe | Marineschiff","isPartOf":{"@id":"https:\/\/ship-tracker.org\/#website"},"primaryImageOfPage":{"@id":"https:\/\/ship-tracker.org\/stena-line\/#primaryimage"},"image":{"@id":"https:\/\/ship-tracker.org\/stena-line\/#primaryimage"},"thumbnailUrl":"https:\/\/ship-tracker.org\/wp-content\/uploads\/2020\/05\/htOper-FSSL-Logo.jpg","datePublished":"2020-05-12T14:59:42+00:00","dateModified":"2022-10-27T14:36:50+00:00","description":"Standort der Stena Line-Flotte | Aktuelle Positionen der F\u00e4hrschiffe der Stena Line, IMO-Nummern, MMSI, Webcam | Live-Flottenkarten | Live-Schiffsverfolger","breadcrumb":{"@id":"https:\/\/ship-tracker.org\/stena-line\/#breadcrumb"},"inLanguage":"de","potentialAction":[{"@type":"ReadAction","target":["https:\/\/ship-tracker.org\/stena-line\/"]}]},{"@type":"ImageObject","inLanguage":"de","@id":"https:\/\/ship-tracker.org\/stena-line\/#primaryimage","url":"https:\/\/ship-tracker.org\/wp-content\/uploads\/2020\/05\/htOper-FSSL-Logo.jpg","contentUrl":"https:\/\/ship-tracker.org\/wp-content\/uploads\/2020\/05\/htOper-FSSL-Logo.jpg","width":400,"height":260,"caption":"Stena Line"},{"@type":"BreadcrumbList","@id":"https:\/\/ship-tracker.org\/stena-line\/#breadcrumb","itemListElement":[{"@type":"ListItem","position":1,"name":"Startseite","item":"https:\/\/ship-tracker.org\/"},{"@type":"ListItem","position":2,"name":"Stena Line"}]},{"@type":"WebSite","@id":"https:\/\/ship-tracker.org\/#website","url":"https:\/\/ship-tracker.org\/","name":"Ship-tracker.org","description":"","potentialAction":[{"@type":"SearchAction","target":{"@type":"EntryPoint","urlTemplate":"https:\/\/ship-tracker.org\/?s={search_term_string}"},"query-input":{"@type":"PropertyValueSpecification","valueRequired":true,"valueName":"search_term_string"}}],"inLanguage":"de"}]}},"_links":{"self":[{"href":"https:\/\/ship-tracker.org\/de\/wp-json\/wp\/v2\/pages\/2954","targetHints":{"allow":["GET"]}}],"collection":[{"href":"https:\/\/ship-tracker.org\/de\/wp-json\/wp\/v2\/pages"}],"about":[{"href":"https:\/\/ship-tracker.org\/de\/wp-json\/wp\/v2\/types\/page"}],"author":[{"embeddable":true,"href":"https:\/\/ship-tracker.org\/de\/wp-json\/wp\/v2\/users\/1"}],"replies":[{"embeddable":true,"href":"https:\/\/ship-tracker.org\/de\/wp-json\/wp\/v2\/comments?post=2954"}],"version-history":[{"count":6,"href":"https:\/\/ship-tracker.org\/de\/wp-json\/wp\/v2\/pages\/2954\/revisions"}],"predecessor-version":[{"id":3501,"href":"https:\/\/ship-tracker.org\/de\/wp-json\/wp\/v2\/pages\/2954\/revisions\/3501"}],"wp:featuredmedia":[{"embeddable":true,"href":"https:\/\/ship-tracker.org\/de\/wp-json\/wp\/v2\/media\/2956"}],"wp:attachment":[{"href":"https:\/\/ship-tracker.org\/de\/wp-json\/wp\/v2\/media?parent=2954"}],"curies":[{"name":"wp","href":"https:\/\/api.w.org\/{rel}","templated":true}]}}