{"id":2606,"date":"2020-05-09T14:06:50","date_gmt":"2020-05-09T12:06:50","guid":{"rendered":"https:\/\/ship-tracker.org\/?page_id=2606"},"modified":"2022-11-01T13:55:44","modified_gmt":"2022-11-01T12:55:44","slug":"hapag-lloyd-cruises","status":"publish","type":"page","link":"https:\/\/ship-tracker.org\/de\/hapag-lloyd-cruises\/","title":{"rendered":"Hapag-Lloyd Kreuzfahrten"},"content":{"rendered":"<h2>Hapag-Lloyd Cruises Flottenstandort Schiffe, IMO-Nummern, MMSI, Webcams<\/h2>\n<p>Wo ist die aktuelle Position der Flotte von Hapag-Lloyd Kreuzfahrten?<\/p>\n<table style=\"border-collapse: collapse; width: 100%; height: 168px;\">\n<tbody>\n<tr style=\"height: 24px;\">\n<td style=\"width: 457px; height: 24px;\"><span style=\"color: #1f405b;\"><strong>Schiff<\/strong><\/span><\/td>\n<td style=\"width: 456px; height: 24px;\"><span style=\"color: #1f405b;\"><strong>Meiner Meinung nach<\/strong><\/span><\/td>\n<td style=\"width: 456px; height: 24px;\"><span style=\"color: #1f405b;\"><strong>MMSI<\/strong><\/span><\/td>\n<\/tr>\n<tr style=\"height: 24px;\">\n<td style=\"width: 457px; height: 24px;\"><a href=\"https:\/\/ship-tracker.org\/de\/hanseatic-spirit\/\">Hanseatischer Geist<\/a><\/td>\n<td style=\"width: 456px; height: 24px;\">9857640<\/td>\n<td style=\"width: 456px; height: 24px;\">215973000<\/td>\n<\/tr>\n<tr style=\"height: 24px;\">\n<td style=\"width: 457px; height: 24px;\"><a href=\"https:\/\/ship-tracker.org\/de\/hanseatic-inspiration\/\">Hanseatische Inspiration<\/a><\/td>\n<td style=\"width: 456px; height: 24px;\">9817145<\/td>\n<td style=\"width: 456px; height: 24px;\">311000910<\/td>\n<\/tr>\n<tr style=\"height: 24px;\">\n<td style=\"width: 457px; height: 24px;\"><a href=\"https:\/\/ship-tracker.org\/de\/hanseatic-nature\/\">Hanseatische Natur<\/a><\/td>\n<td style=\"width: 456px; height: 24px;\">9817133<\/td>\n<td style=\"width: 456px; height: 24px;\">311000865<\/td>\n<\/tr>\n<tr style=\"height: 24px;\">\n<td style=\"width: 457px; height: 24px;\"><a href=\"https:\/\/ship-tracker.org\/de\/ms-europa\/\">MS Europa\u00a0<\/a><\/td>\n<td style=\"width: 456px; height: 24px;\">9183855<\/td>\n<td style=\"width: 456px; height: 24px;\">308007000<\/td>\n<\/tr>\n<tr style=\"height: 24px;\">\n<td style=\"width: 457px; height: 24px;\"><a href=\"https:\/\/ship-tracker.org\/de\/ms-europa-2\/\">MS Europa 2<\/a><\/td>\n<td style=\"width: 456px; height: 24px;\">9616230<\/td>\n<td style=\"width: 456px; height: 24px;\">229378000<\/td>\n<\/tr>\n<\/tbody>\n<\/table>\n<h2>\u00dcber Hapag-Lloyd Kreuzfahrten<\/h2>\n<p>Hapag Lloyd Cruises bietet keine Schiffe f\u00fcr den Massenmarkt an, sondern ist auf Luxus- und Expeditionskreuzfahrten spezialisiert. Der Fokus der Reederei liegt trotz der Zunahme ausl\u00e4ndischer Passagiere weiterhin auf dem deutschen Markt. Die Flotte von Hapag Lloyd besteht derzeit aus vier Kreuzfahrtschiffen. Im Jahr 2019 werden zwei weitere Expeditionsschiffe in Dienst gestellt. Die Schiffe der Flotte bieten jeweils vergleichsweise wenige Sitzpl\u00e4tze f\u00fcr Passagiere, was den Vorteil hat, dass auf Expeditionskreuzfahrten dem einzelnen Passagier mehr geboten wird.<\/p>\n<p>Die Kreuzfahrtflotte von Hapag Lloyd besteht aus vier Schiffen und wird 2019 auf sechs Schiffe erweitert, da in diesen beiden Jahren zwei Neubauten im Luxus-Expeditionssegment in Dienst gestellt werden. Generell bieten die Schiffe Platz f\u00fcr wenige Passagiere und sind zudem eher f\u00fcr Expeditionen als f\u00fcr den Massenmarkt konzipiert. Die einzelnen Schiffe der Flotte verf\u00fcgen alle \u00fcber eine sehr hohe Eisklasse, sodass auch Ziele wie die Arktis oder die Antarktis erreicht werden k\u00f6nnen.<\/p>","protected":false},"excerpt":{"rendered":"<p>Hapag-Lloyd Cruises Flottenstandort Schiffe, IMO-Nummern, MMSI, Webcams Wo befindet sich die aktuelle Position der Hapag-Lloyd Cruises Flotte derzeit? Schiff IMO MMSI Hanseatic Spirit 9857640 215973000 Hanseatic Inspiration 9817145 311000910 Hanseatic Nature 9817133 311000865 MS Europa 9183855 308007000 MS Europa 2 9616230 229378000 \u00dcber Hapag-Lloyd Cruise s Hapag Lloyd Cruises bietet keine Schiffe f\u00fcr die\u2026&nbsp;<a href=\"https:\/\/ship-tracker.org\/de\/hapag-lloyd-cruises\/\" rel=\"bookmark\">Weiterlesen \u00bb<span class=\"screen-reader-text\">Hapag-Lloyd Kreuzfahrten<\/span><\/a><\/p>","protected":false},"author":1,"featured_media":2607,"parent":0,"menu_order":0,"comment_status":"closed","ping_status":"closed","template":"","meta":{"neve_meta_sidebar":"","neve_meta_container":"","neve_meta_enable_content_width":"","neve_meta_content_width":0,"neve_meta_title_alignment":"","neve_meta_author_avatar":"","neve_post_elements_order":"","neve_meta_disable_header":"","neve_meta_disable_footer":"","neve_meta_disable_title":"","neve_meta_reading_time":"","footnotes":""},"class_list":["post-2606","page","type-page","status-publish","has-post-thumbnail","hentry"],"yoast_head":"<!-- This site is optimized with the Yoast SEO plugin v27.4 - https:\/\/yoast.com\/product\/yoast-seo-wordpress\/ -->\n<title>Track Hapag-Lloyd Cruises Fleet | Cruise Ships | Marine Vessel<\/title>\n<meta name=\"description\" content=\"Hapag-Lloyd Cruises Fleet Location | Current Positions of Hapag-Lloyd Cruises Ships, IMO numbers, MMSI, Webcam | Live Fleet Maps\" \/>\n<meta name=\"robots\" content=\"index, follow, max-snippet:-1, max-image-preview:large, max-video-preview:-1\" \/>\n<link rel=\"canonical\" href=\"https:\/\/ship-tracker.org\/de\/hapag-lloyd-cruises\/\" \/>\n<meta property=\"og:locale\" content=\"de_DE\" \/>\n<meta property=\"og:type\" content=\"article\" \/>\n<meta property=\"og:title\" content=\"Track Hapag-Lloyd Cruises Fleet | Cruise Ships | Marine Vessel\" \/>\n<meta property=\"og:description\" content=\"Hapag-Lloyd Cruises Fleet Location | Current Positions of Hapag-Lloyd Cruises Ships, IMO numbers, MMSI, Webcam | Live Fleet Maps\" \/>\n<meta property=\"og:url\" content=\"https:\/\/ship-tracker.org\/de\/hapag-lloyd-cruises\/\" \/>\n<meta property=\"og:site_name\" content=\"Ship-tracker.org\" \/>\n<meta property=\"article:modified_time\" content=\"2022-11-01T12:55:44+00:00\" \/>\n<meta property=\"og:image\" content=\"https:\/\/ship-tracker.org\/wp-content\/uploads\/2020\/05\/HL_Logo3.svg.png\" \/>\n\t<meta property=\"og:image:width\" content=\"1200\" \/>\n\t<meta property=\"og:image:height\" content=\"785\" \/>\n\t<meta property=\"og:image:type\" content=\"image\/png\" \/>\n<meta name=\"twitter:card\" content=\"summary_large_image\" \/>\n<meta name=\"twitter:label1\" content=\"Gesch\u00e4tzte Lesezeit\" \/>\n\t<meta name=\"twitter:data1\" content=\"1\u00a0Minute\" \/>\n<script type=\"application\/ld+json\" class=\"yoast-schema-graph\">{\"@context\":\"https:\\\/\\\/schema.org\",\"@graph\":[{\"@type\":\"WebPage\",\"@id\":\"https:\\\/\\\/ship-tracker.org\\\/hapag-lloyd-cruises\\\/\",\"url\":\"https:\\\/\\\/ship-tracker.org\\\/hapag-lloyd-cruises\\\/\",\"name\":\"Track Hapag-Lloyd Cruises Fleet | Cruise Ships | Marine Vessel\",\"isPartOf\":{\"@id\":\"https:\\\/\\\/ship-tracker.org\\\/#website\"},\"primaryImageOfPage\":{\"@id\":\"https:\\\/\\\/ship-tracker.org\\\/hapag-lloyd-cruises\\\/#primaryimage\"},\"image\":{\"@id\":\"https:\\\/\\\/ship-tracker.org\\\/hapag-lloyd-cruises\\\/#primaryimage\"},\"thumbnailUrl\":\"https:\\\/\\\/ship-tracker.org\\\/wp-content\\\/uploads\\\/2020\\\/05\\\/HL_Logo3.svg.png\",\"datePublished\":\"2020-05-09T12:06:50+00:00\",\"dateModified\":\"2022-11-01T12:55:44+00:00\",\"description\":\"Hapag-Lloyd Cruises Fleet Location | Current Positions of Hapag-Lloyd Cruises Ships, IMO numbers, MMSI, Webcam | Live Fleet Maps\",\"breadcrumb\":{\"@id\":\"https:\\\/\\\/ship-tracker.org\\\/hapag-lloyd-cruises\\\/#breadcrumb\"},\"inLanguage\":\"de\",\"potentialAction\":[{\"@type\":\"ReadAction\",\"target\":[\"https:\\\/\\\/ship-tracker.org\\\/hapag-lloyd-cruises\\\/\"]}]},{\"@type\":\"ImageObject\",\"inLanguage\":\"de\",\"@id\":\"https:\\\/\\\/ship-tracker.org\\\/hapag-lloyd-cruises\\\/#primaryimage\",\"url\":\"https:\\\/\\\/ship-tracker.org\\\/wp-content\\\/uploads\\\/2020\\\/05\\\/HL_Logo3.svg.png\",\"contentUrl\":\"https:\\\/\\\/ship-tracker.org\\\/wp-content\\\/uploads\\\/2020\\\/05\\\/HL_Logo3.svg.png\",\"width\":1200,\"height\":785,\"caption\":\"Hapag-Lloyd Cruises\"},{\"@type\":\"BreadcrumbList\",\"@id\":\"https:\\\/\\\/ship-tracker.org\\\/hapag-lloyd-cruises\\\/#breadcrumb\",\"itemListElement\":[{\"@type\":\"ListItem\",\"position\":1,\"name\":\"Startseite\",\"item\":\"https:\\\/\\\/ship-tracker.org\\\/\"},{\"@type\":\"ListItem\",\"position\":2,\"name\":\"Hapag-Lloyd Cruises\"}]},{\"@type\":\"WebSite\",\"@id\":\"https:\\\/\\\/ship-tracker.org\\\/#website\",\"url\":\"https:\\\/\\\/ship-tracker.org\\\/\",\"name\":\"Ship-tracker.org\",\"description\":\"\",\"potentialAction\":[{\"@type\":\"SearchAction\",\"target\":{\"@type\":\"EntryPoint\",\"urlTemplate\":\"https:\\\/\\\/ship-tracker.org\\\/?s={search_term_string}\"},\"query-input\":{\"@type\":\"PropertyValueSpecification\",\"valueRequired\":true,\"valueName\":\"search_term_string\"}}],\"inLanguage\":\"de\"}]}<\/script>\n<!-- \/ Yoast SEO plugin. -->","yoast_head_json":{"title":"Verfolgen Sie die Flotte von Hapag-Lloyd Cruises | Kreuzfahrtschiffe | Marineschiff","description":"Hapag-Lloyd Cruises Flottenstandort | Aktuelle Positionen der Hapag-Lloyd Kreuzfahrtschiffe, IMO-Nummern, MMSI, Webcam | Live-Flottenkarten","robots":{"index":"index","follow":"follow","max-snippet":"max-snippet:-1","max-image-preview":"max-image-preview:large","max-video-preview":"max-video-preview:-1"},"canonical":"https:\/\/ship-tracker.org\/de\/hapag-lloyd-cruises\/","og_locale":"de_DE","og_type":"article","og_title":"Track Hapag-Lloyd Cruises Fleet | Cruise Ships | Marine Vessel","og_description":"Hapag-Lloyd Cruises Fleet Location | Current Positions of Hapag-Lloyd Cruises Ships, IMO numbers, MMSI, Webcam | Live Fleet Maps","og_url":"https:\/\/ship-tracker.org\/de\/hapag-lloyd-cruises\/","og_site_name":"Ship-tracker.org","article_modified_time":"2022-11-01T12:55:44+00:00","og_image":[{"width":1200,"height":785,"url":"https:\/\/ship-tracker.org\/wp-content\/uploads\/2020\/05\/HL_Logo3.svg.png","type":"image\/png"}],"twitter_card":"summary_large_image","twitter_misc":{"Gesch\u00e4tzte Lesezeit":"1\u00a0Minute"},"schema":{"@context":"https:\/\/schema.org","@graph":[{"@type":"WebPage","@id":"https:\/\/ship-tracker.org\/hapag-lloyd-cruises\/","url":"https:\/\/ship-tracker.org\/hapag-lloyd-cruises\/","name":"Verfolgen Sie die Flotte von Hapag-Lloyd Cruises | Kreuzfahrtschiffe | Marineschiff","isPartOf":{"@id":"https:\/\/ship-tracker.org\/#website"},"primaryImageOfPage":{"@id":"https:\/\/ship-tracker.org\/hapag-lloyd-cruises\/#primaryimage"},"image":{"@id":"https:\/\/ship-tracker.org\/hapag-lloyd-cruises\/#primaryimage"},"thumbnailUrl":"https:\/\/ship-tracker.org\/wp-content\/uploads\/2020\/05\/HL_Logo3.svg.png","datePublished":"2020-05-09T12:06:50+00:00","dateModified":"2022-11-01T12:55:44+00:00","description":"Hapag-Lloyd Cruises Flottenstandort | Aktuelle Positionen der Hapag-Lloyd Kreuzfahrtschiffe, IMO-Nummern, MMSI, Webcam | Live-Flottenkarten","breadcrumb":{"@id":"https:\/\/ship-tracker.org\/hapag-lloyd-cruises\/#breadcrumb"},"inLanguage":"de","potentialAction":[{"@type":"ReadAction","target":["https:\/\/ship-tracker.org\/hapag-lloyd-cruises\/"]}]},{"@type":"ImageObject","inLanguage":"de","@id":"https:\/\/ship-tracker.org\/hapag-lloyd-cruises\/#primaryimage","url":"https:\/\/ship-tracker.org\/wp-content\/uploads\/2020\/05\/HL_Logo3.svg.png","contentUrl":"https:\/\/ship-tracker.org\/wp-content\/uploads\/2020\/05\/HL_Logo3.svg.png","width":1200,"height":785,"caption":"Hapag-Lloyd Cruises"},{"@type":"BreadcrumbList","@id":"https:\/\/ship-tracker.org\/hapag-lloyd-cruises\/#breadcrumb","itemListElement":[{"@type":"ListItem","position":1,"name":"Startseite","item":"https:\/\/ship-tracker.org\/"},{"@type":"ListItem","position":2,"name":"Hapag-Lloyd Cruises"}]},{"@type":"WebSite","@id":"https:\/\/ship-tracker.org\/#website","url":"https:\/\/ship-tracker.org\/","name":"Ship-tracker.org","description":"","potentialAction":[{"@type":"SearchAction","target":{"@type":"EntryPoint","urlTemplate":"https:\/\/ship-tracker.org\/?s={search_term_string}"},"query-input":{"@type":"PropertyValueSpecification","valueRequired":true,"valueName":"search_term_string"}}],"inLanguage":"de"}]}},"_links":{"self":[{"href":"https:\/\/ship-tracker.org\/de\/wp-json\/wp\/v2\/pages\/2606","targetHints":{"allow":["GET"]}}],"collection":[{"href":"https:\/\/ship-tracker.org\/de\/wp-json\/wp\/v2\/pages"}],"about":[{"href":"https:\/\/ship-tracker.org\/de\/wp-json\/wp\/v2\/types\/page"}],"author":[{"embeddable":true,"href":"https:\/\/ship-tracker.org\/de\/wp-json\/wp\/v2\/users\/1"}],"replies":[{"embeddable":true,"href":"https:\/\/ship-tracker.org\/de\/wp-json\/wp\/v2\/comments?post=2606"}],"version-history":[{"count":4,"href":"https:\/\/ship-tracker.org\/de\/wp-json\/wp\/v2\/pages\/2606\/revisions"}],"predecessor-version":[{"id":3550,"href":"https:\/\/ship-tracker.org\/de\/wp-json\/wp\/v2\/pages\/2606\/revisions\/3550"}],"wp:featuredmedia":[{"embeddable":true,"href":"https:\/\/ship-tracker.org\/de\/wp-json\/wp\/v2\/media\/2607"}],"wp:attachment":[{"href":"https:\/\/ship-tracker.org\/de\/wp-json\/wp\/v2\/media?parent=2606"}],"curies":[{"name":"wp","href":"https:\/\/api.w.org\/{rel}","templated":true}]}}