{"id":2595,"date":"2020-05-09T13:57:32","date_gmt":"2020-05-09T11:57:32","guid":{"rendered":"https:\/\/ship-tracker.org\/?page_id=2595"},"modified":"2022-10-27T16:04:14","modified_gmt":"2022-10-27T14:04:14","slug":"fred-olsen-cruise-lines","status":"publish","type":"page","link":"https:\/\/ship-tracker.org\/de\/fred-olsen-cruise-lines\/","title":{"rendered":"Fred Olsen Kreuzfahrtlinie"},"content":{"rendered":"<h2>Fred Olsen Cruise Line Flottenstandort Schiffe, IMO-Nummern, MMSI, Webcams<\/h2>\n<p>Wo ist die aktuelle Position der Flotte von Fred Olsen Cruise Line derzeit?<\/p>\n<table style=\"border-collapse: collapse; width: 100%; height: 168px;\">\n<tbody>\n<tr style=\"height: 24px;\">\n<td style=\"width: 33.3575%; height: 24px;\"><span style=\"color: #1f405b;\"><strong>Schiff<\/strong><\/span><\/td>\n<td style=\"width: 33.285%; height: 24px;\"><span style=\"color: #1f405b;\"><strong>Meiner Meinung nach<\/strong><\/span><\/td>\n<td style=\"width: 33.285%; height: 24px;\"><span style=\"color: #1f405b;\"><strong>MMSI<\/strong><\/span><\/td>\n<\/tr>\n<tr style=\"height: 24px;\">\n<td style=\"width: 33.3575%; height: 24px;\"><a href=\"https:\/\/ship-tracker.org\/de\/braemar\/\">Braemar<\/a><\/td>\n<td style=\"width: 33.285%; height: 24px;\">9000699<\/td>\n<td style=\"width: 33.285%; height: 24px;\">311541000<\/td>\n<\/tr>\n<tr style=\"height: 24px;\">\n<td style=\"width: 33.3575%; height: 24px;\"><a href=\"https:\/\/ship-tracker.org\/de\/balmoral\/\">Balmoral<\/a><\/td>\n<td style=\"width: 33.285%; height: 24px;\">8506294<\/td>\n<td style=\"width: 33.285%; height: 24px;\">308785000<\/td>\n<\/tr>\n<tr style=\"height: 24px;\">\n<td style=\"width: 33.3575%; height: 24px;\"><a href=\"https:\/\/ship-tracker.org\/de\/boudicca\/\">Boudicca<\/a><\/td>\n<td style=\"width: 33.285%; height: 24px;\">7218395<\/td>\n<td style=\"width: 33.285%; height: 24px;\">309964000<\/td>\n<\/tr>\n<tr style=\"height: 24px;\">\n<td style=\"width: 33.3575%; height: 24px;\"><a href=\"https:\/\/ship-tracker.org\/de\/black-watch\/\">Schwarze Uhr<\/a><\/td>\n<td style=\"width: 33.285%; height: 24px;\">7108930<\/td>\n<td style=\"width: 33.285%; height: 24px;\">311166000<\/td>\n<\/tr>\n<tr style=\"height: 24px;\">\n<td style=\"width: 33.3575%; height: 24px;\"><a href=\"https:\/\/ship-tracker.org\/de\/ms-brabant\/\">MS Brabant<\/a><\/td>\n<td style=\"width: 33.285%; height: 24px;\"><\/td>\n<td style=\"width: 33.285%; height: 24px;\">211171530<\/td>\n<\/tr>\n<\/tbody>\n<\/table>\n<h2>\u00dcber Fred Olsen Cruise Line<\/h2>\n<p>Fred Olsen Cruise Line ist eine norwegische Kreuzfahrtlinie mit vier Schiffen. Das Unternehmen hat seinen Hauptsitz in Ipswich, Suffolk, Gro\u00dfbritannien, und ist Eigentum von Bonheur und Ganger Rolf. Fred Olsen wurde 1848 in Hvitsten, einer kleinen Stadt am Oslofjord in Norwegen, von den drei Olsen-Br\u00fcdern Petter, Andras und Fredrik Christian gegr\u00fcndet, die ihre ersten Schiffe kauften und eine internationale Reederei gr\u00fcndeten. Heute wird die Linie in der 5. Familiengeneration gef\u00fchrt und betreibt Unternehmen in der Kreuzfahrt- und Passagierschifffahrt, im Schiffbau, in der Luftfahrt sowie in der Offshore-Industrie.<\/p>","protected":false},"excerpt":{"rendered":"<p>Standort der Flotte von Fred Olsen Cruise Line Schiffe, IMO-Nummern, MMSI, Webcams Wo befindet sich die Flotte von Fred Olsen Cruise Line derzeit? Schiff IMO MMSI Braemar 9000699 311541000 Balmoral 8506294 308785000 Boudicca 7218395 309964000 Black Watch 7108930 311166000 MS Brabant 211171530 \u00dcber Fred Olsen Cruise Line Fred Olsen Cruise Line ist ein norwegisches Kreuzfahrtschiff\u2026&nbsp;<a href=\"https:\/\/ship-tracker.org\/de\/fred-olsen-cruise-lines\/\" rel=\"bookmark\">Weiterlesen \u00bb<span class=\"screen-reader-text\">Fred Olsen Kreuzfahrtlinie<\/span><\/a><\/p>","protected":false},"author":1,"featured_media":2596,"parent":0,"menu_order":0,"comment_status":"closed","ping_status":"closed","template":"","meta":{"neve_meta_sidebar":"","neve_meta_container":"","neve_meta_enable_content_width":"","neve_meta_content_width":0,"neve_meta_title_alignment":"","neve_meta_author_avatar":"","neve_post_elements_order":"","neve_meta_disable_header":"","neve_meta_disable_footer":"","neve_meta_disable_title":"","neve_meta_reading_time":"","footnotes":""},"class_list":["post-2595","page","type-page","status-publish","has-post-thumbnail","hentry"],"yoast_head":"<!-- This site is optimized with the Yoast SEO plugin v27.4 - https:\/\/yoast.com\/product\/yoast-seo-wordpress\/ -->\n<title>Track Fred Olsen Cruise Lines Fleet | Cruise Ships | Marine Vessel<\/title>\n<meta name=\"description\" content=\"Fred Olsen Cruise Lines Fleet Location | Current Positions of Fred Olsen Cruise Lines Ships, IMO numbers, MMSI, Webcam | Live Fleet Maps\" \/>\n<meta name=\"robots\" content=\"index, follow, max-snippet:-1, max-image-preview:large, max-video-preview:-1\" \/>\n<link rel=\"canonical\" href=\"https:\/\/ship-tracker.org\/de\/fred-olsen-cruise-lines\/\" \/>\n<meta property=\"og:locale\" content=\"de_DE\" \/>\n<meta property=\"og:type\" content=\"article\" \/>\n<meta property=\"og:title\" content=\"Track Fred Olsen Cruise Lines Fleet | Cruise Ships | Marine Vessel\" \/>\n<meta property=\"og:description\" content=\"Fred Olsen Cruise Lines Fleet Location | Current Positions of Fred Olsen Cruise Lines Ships, IMO numbers, MMSI, Webcam | Live Fleet Maps\" \/>\n<meta property=\"og:url\" content=\"https:\/\/ship-tracker.org\/de\/fred-olsen-cruise-lines\/\" \/>\n<meta property=\"og:site_name\" content=\"Ship-tracker.org\" \/>\n<meta property=\"article:modified_time\" content=\"2022-10-27T14:04:14+00:00\" \/>\n<meta property=\"og:image\" content=\"https:\/\/ship-tracker.org\/wp-content\/uploads\/2020\/05\/26.jpg\" \/>\n\t<meta property=\"og:image:width\" content=\"800\" \/>\n\t<meta property=\"og:image:height\" content=\"600\" \/>\n\t<meta property=\"og:image:type\" content=\"image\/jpeg\" \/>\n<meta name=\"twitter:card\" content=\"summary_large_image\" \/>\n<meta name=\"twitter:label1\" content=\"Gesch\u00e4tzte Lesezeit\" \/>\n\t<meta name=\"twitter:data1\" content=\"1\u00a0Minute\" \/>\n<script type=\"application\/ld+json\" class=\"yoast-schema-graph\">{\"@context\":\"https:\\\/\\\/schema.org\",\"@graph\":[{\"@type\":\"WebPage\",\"@id\":\"https:\\\/\\\/ship-tracker.org\\\/fred-olsen-cruise-lines\\\/\",\"url\":\"https:\\\/\\\/ship-tracker.org\\\/fred-olsen-cruise-lines\\\/\",\"name\":\"Track Fred Olsen Cruise Lines Fleet | Cruise Ships | Marine Vessel\",\"isPartOf\":{\"@id\":\"https:\\\/\\\/ship-tracker.org\\\/#website\"},\"primaryImageOfPage\":{\"@id\":\"https:\\\/\\\/ship-tracker.org\\\/fred-olsen-cruise-lines\\\/#primaryimage\"},\"image\":{\"@id\":\"https:\\\/\\\/ship-tracker.org\\\/fred-olsen-cruise-lines\\\/#primaryimage\"},\"thumbnailUrl\":\"https:\\\/\\\/ship-tracker.org\\\/wp-content\\\/uploads\\\/2020\\\/05\\\/26.jpg\",\"datePublished\":\"2020-05-09T11:57:32+00:00\",\"dateModified\":\"2022-10-27T14:04:14+00:00\",\"description\":\"Fred Olsen Cruise Lines Fleet Location | Current Positions of Fred Olsen Cruise Lines Ships, IMO numbers, MMSI, Webcam | Live Fleet Maps\",\"breadcrumb\":{\"@id\":\"https:\\\/\\\/ship-tracker.org\\\/fred-olsen-cruise-lines\\\/#breadcrumb\"},\"inLanguage\":\"de\",\"potentialAction\":[{\"@type\":\"ReadAction\",\"target\":[\"https:\\\/\\\/ship-tracker.org\\\/fred-olsen-cruise-lines\\\/\"]}]},{\"@type\":\"ImageObject\",\"inLanguage\":\"de\",\"@id\":\"https:\\\/\\\/ship-tracker.org\\\/fred-olsen-cruise-lines\\\/#primaryimage\",\"url\":\"https:\\\/\\\/ship-tracker.org\\\/wp-content\\\/uploads\\\/2020\\\/05\\\/26.jpg\",\"contentUrl\":\"https:\\\/\\\/ship-tracker.org\\\/wp-content\\\/uploads\\\/2020\\\/05\\\/26.jpg\",\"width\":800,\"height\":600,\"caption\":\"Fred Olsen Cruise Lines\"},{\"@type\":\"BreadcrumbList\",\"@id\":\"https:\\\/\\\/ship-tracker.org\\\/fred-olsen-cruise-lines\\\/#breadcrumb\",\"itemListElement\":[{\"@type\":\"ListItem\",\"position\":1,\"name\":\"Startseite\",\"item\":\"https:\\\/\\\/ship-tracker.org\\\/\"},{\"@type\":\"ListItem\",\"position\":2,\"name\":\"Fred Olsen Cruise Line\"}]},{\"@type\":\"WebSite\",\"@id\":\"https:\\\/\\\/ship-tracker.org\\\/#website\",\"url\":\"https:\\\/\\\/ship-tracker.org\\\/\",\"name\":\"Ship-tracker.org\",\"description\":\"\",\"potentialAction\":[{\"@type\":\"SearchAction\",\"target\":{\"@type\":\"EntryPoint\",\"urlTemplate\":\"https:\\\/\\\/ship-tracker.org\\\/?s={search_term_string}\"},\"query-input\":{\"@type\":\"PropertyValueSpecification\",\"valueRequired\":true,\"valueName\":\"search_term_string\"}}],\"inLanguage\":\"de\"}]}<\/script>\n<!-- \/ Yoast SEO plugin. -->","yoast_head_json":{"title":"Verfolgen Sie die Flotte von Fred Olsen Cruise Lines | Kreuzfahrtschiffe | Marineschiff","description":"Standort der Flotte von Fred Olsen Cruise Lines | Aktuelle Positionen der Schiffe von Fred Olsen Cruise Lines, IMO-Nummern, MMSI, Webcam | Live-Flottenkarten","robots":{"index":"index","follow":"follow","max-snippet":"max-snippet:-1","max-image-preview":"max-image-preview:large","max-video-preview":"max-video-preview:-1"},"canonical":"https:\/\/ship-tracker.org\/de\/fred-olsen-cruise-lines\/","og_locale":"de_DE","og_type":"article","og_title":"Track Fred Olsen Cruise Lines Fleet | Cruise Ships | Marine Vessel","og_description":"Fred Olsen Cruise Lines Fleet Location | Current Positions of Fred Olsen Cruise Lines Ships, IMO numbers, MMSI, Webcam | Live Fleet Maps","og_url":"https:\/\/ship-tracker.org\/de\/fred-olsen-cruise-lines\/","og_site_name":"Ship-tracker.org","article_modified_time":"2022-10-27T14:04:14+00:00","og_image":[{"width":800,"height":600,"url":"https:\/\/ship-tracker.org\/wp-content\/uploads\/2020\/05\/26.jpg","type":"image\/jpeg"}],"twitter_card":"summary_large_image","twitter_misc":{"Gesch\u00e4tzte Lesezeit":"1\u00a0Minute"},"schema":{"@context":"https:\/\/schema.org","@graph":[{"@type":"WebPage","@id":"https:\/\/ship-tracker.org\/fred-olsen-cruise-lines\/","url":"https:\/\/ship-tracker.org\/fred-olsen-cruise-lines\/","name":"Verfolgen Sie die Flotte von Fred Olsen Cruise Lines | Kreuzfahrtschiffe | Marineschiff","isPartOf":{"@id":"https:\/\/ship-tracker.org\/#website"},"primaryImageOfPage":{"@id":"https:\/\/ship-tracker.org\/fred-olsen-cruise-lines\/#primaryimage"},"image":{"@id":"https:\/\/ship-tracker.org\/fred-olsen-cruise-lines\/#primaryimage"},"thumbnailUrl":"https:\/\/ship-tracker.org\/wp-content\/uploads\/2020\/05\/26.jpg","datePublished":"2020-05-09T11:57:32+00:00","dateModified":"2022-10-27T14:04:14+00:00","description":"Standort der Flotte von Fred Olsen Cruise Lines | Aktuelle Positionen der Schiffe von Fred Olsen Cruise Lines, IMO-Nummern, MMSI, Webcam | Live-Flottenkarten","breadcrumb":{"@id":"https:\/\/ship-tracker.org\/fred-olsen-cruise-lines\/#breadcrumb"},"inLanguage":"de","potentialAction":[{"@type":"ReadAction","target":["https:\/\/ship-tracker.org\/fred-olsen-cruise-lines\/"]}]},{"@type":"ImageObject","inLanguage":"de","@id":"https:\/\/ship-tracker.org\/fred-olsen-cruise-lines\/#primaryimage","url":"https:\/\/ship-tracker.org\/wp-content\/uploads\/2020\/05\/26.jpg","contentUrl":"https:\/\/ship-tracker.org\/wp-content\/uploads\/2020\/05\/26.jpg","width":800,"height":600,"caption":"Fred Olsen Cruise Lines"},{"@type":"BreadcrumbList","@id":"https:\/\/ship-tracker.org\/fred-olsen-cruise-lines\/#breadcrumb","itemListElement":[{"@type":"ListItem","position":1,"name":"Startseite","item":"https:\/\/ship-tracker.org\/"},{"@type":"ListItem","position":2,"name":"Fred Olsen Cruise Line"}]},{"@type":"WebSite","@id":"https:\/\/ship-tracker.org\/#website","url":"https:\/\/ship-tracker.org\/","name":"Ship-tracker.org","description":"","potentialAction":[{"@type":"SearchAction","target":{"@type":"EntryPoint","urlTemplate":"https:\/\/ship-tracker.org\/?s={search_term_string}"},"query-input":{"@type":"PropertyValueSpecification","valueRequired":true,"valueName":"search_term_string"}}],"inLanguage":"de"}]}},"_links":{"self":[{"href":"https:\/\/ship-tracker.org\/de\/wp-json\/wp\/v2\/pages\/2595","targetHints":{"allow":["GET"]}}],"collection":[{"href":"https:\/\/ship-tracker.org\/de\/wp-json\/wp\/v2\/pages"}],"about":[{"href":"https:\/\/ship-tracker.org\/de\/wp-json\/wp\/v2\/types\/page"}],"author":[{"embeddable":true,"href":"https:\/\/ship-tracker.org\/de\/wp-json\/wp\/v2\/users\/1"}],"replies":[{"embeddable":true,"href":"https:\/\/ship-tracker.org\/de\/wp-json\/wp\/v2\/comments?post=2595"}],"version-history":[{"count":2,"href":"https:\/\/ship-tracker.org\/de\/wp-json\/wp\/v2\/pages\/2595\/revisions"}],"predecessor-version":[{"id":2703,"href":"https:\/\/ship-tracker.org\/de\/wp-json\/wp\/v2\/pages\/2595\/revisions\/2703"}],"wp:featuredmedia":[{"embeddable":true,"href":"https:\/\/ship-tracker.org\/de\/wp-json\/wp\/v2\/media\/2596"}],"wp:attachment":[{"href":"https:\/\/ship-tracker.org\/de\/wp-json\/wp\/v2\/media?parent=2595"}],"curies":[{"name":"wp","href":"https:\/\/api.w.org\/{rel}","templated":true}]}}