{"id":2123,"date":"2020-04-29T14:20:25","date_gmt":"2020-04-29T12:20:25","guid":{"rendered":"https:\/\/ship-tracker.org\/?page_id=2123"},"modified":"2022-10-27T15:58:51","modified_gmt":"2022-10-27T13:58:51","slug":"disney-cruise-line","status":"publish","type":"page","link":"https:\/\/ship-tracker.org\/de\/disney-cruise-line\/","title":{"rendered":"Disney-Kreuzfahrtlinie"},"content":{"rendered":"<h2>Standort der Flotte von Disney Cruise Line: Schiffe, IMO-Nummern, MMSI, Webcams<\/h2>\n<p>Wo ist die aktuelle Position der Disney Cruise Line-Flotte derzeit?<\/p>\n<table>\n<tbody>\n<tr style=\"height: 24px;\">\n<td style=\"width: 457px; height: 24px;\"><span style=\"color: #1f405b;\"><strong>Schiff<\/strong><\/span><\/td>\n<td style=\"width: 456px; height: 24px;\"><span style=\"color: #1f405b;\"><strong>Meiner Meinung nach<\/strong><\/span><\/td>\n<td style=\"width: 456px; height: 24px;\"><span style=\"color: #1f405b;\"><strong>MMSI<\/strong><\/span><\/td>\n<\/tr>\n<tr style=\"height: 24px;\">\n<td style=\"width: 457px; height: 24px;\"><a href=\"https:\/\/ship-tracker.org\/de\/disney-fantasy\/\">Disney-Fantasie<\/a><\/td>\n<td style=\"width: 456px; height: 24px;\">9434254<\/td>\n<td style=\"width: 456px; height: 24px;\">311042900<\/td>\n<\/tr>\n<tr style=\"height: 24px;\">\n<td style=\"width: 457px; height: 24px;\"><a href=\"https:\/\/ship-tracker.org\/de\/disney-dream\/\">Disney-Traum<\/a><\/td>\n<td style=\"width: 456px; height: 24px;\">9434254<\/td>\n<td style=\"width: 456px; height: 24px;\">311042900<\/td>\n<\/tr>\n<tr style=\"height: 24px;\">\n<td style=\"width: 457px; height: 24px;\"><a href=\"https:\/\/ship-tracker.org\/de\/disney-wonder\/\">Disney-Wunder<\/a><\/td>\n<td style=\"width: 456px; height: 24px;\">9126819<\/td>\n<td style=\"width: 456px; height: 24px;\">308457000<\/td>\n<\/tr>\n<tr style=\"height: 24px;\">\n<td style=\"width: 457px; height: 24px;\"><a href=\"https:\/\/ship-tracker.org\/de\/disney-magic\/\">Disney-Magie<\/a><\/td>\n<td style=\"width: 456px; height: 24px;\">9126807<\/td>\n<td style=\"width: 456px; height: 24px;\">308516000<\/td>\n<\/tr>\n<tr style=\"height: 24px;\">\n<td style=\"width: 457px; height: 24px;\"><a href=\"https:\/\/ship-tracker.org\/de\/disney-wish\/\">Disney-Wunsch<\/a><\/td>\n<td style=\"width: 456px; height: 24px;\">9834739<\/td>\n<td style=\"width: 456px; height: 24px;\">311001098<\/td>\n<\/tr>\n<\/tbody>\n<\/table>\n<h2>\u00dcber Disney Cruise Line<\/h2>\n<p>Disney Cruise Line mit Sitz in Florida verf\u00fcgt mittlerweile \u00fcber vier Kreuzfahrtschiffe und eine Privatinsel auf den Bahamas. Sowohl an Bord der Schiffe als auch an Land in Castaway Cay ist das Unternehmen ganz auf die Bed\u00fcrfnisse von Familien ausgerichtet. Ein Fotoshooting mit Pluto oder der Besuch von Donald Duck und Goofy beim Abendessen \u2013 das sind Momente, die Kinderherzen h\u00f6her schlagen lassen, auch die von Kindern, die l\u00e4ngst vollj\u00e4hrig sind. Auch wenn Disney Cruise Line die Kreuzfahrt nicht neu erfunden hat, sind solche Erlebnisse und Momente nur an Bord der Disney-Schiffe zu erleben und machen eine Kreuzfahrt zu einem einzigartigen und unvergesslichen Erlebnis.<\/p>\n<p>Auch wenn die Kreuzfahrtschiffe der Disney Cruise Line ein Reiseziel f\u00fcr sich sind, sind die Ziele, die sie ansteuern, ebenso beeindruckend. W\u00e4hrend Kreuzfahrten in Europa, sowohl im Norden als auch im Mittelmeer, eher in der Minderheit sind und sich daher gro\u00dfer Beliebtheit erfreuen, sind es f\u00fcr uns eher die exotischeren Ziele, die Disney Cruise Line das ganze Jahr \u00fcber ansteuert. Besonders beliebt sind nat\u00fcrlich die Bahamas, wo Disney Cruise Line mit Castaway Cay sogar eine eigene Privatinsel hat.<\/p>","protected":false},"excerpt":{"rendered":"<p>Standort der Disney Cruise Line-Flotte Schiffe, IMO-Nummern, MMSI, Webcams Wo befindet sich die aktuelle Position der Disney Cruise Line-Flotte? Schiff IMO MMSI Disney Fantasy 9434254 311042900 Disney Dream 9434254 311042900 Disney Wonder 9126819 308457000 Disney Magic 9126807 308516000 Disney Wish 9834739 311001098 \u00dcber Disney Cruise Line Disney Cruise Line mit Sitz in Florida ist jetzt\u2026&nbsp;<a href=\"https:\/\/ship-tracker.org\/de\/disney-cruise-line\/\" rel=\"bookmark\">Weiterlesen \u00bb<span class=\"screen-reader-text\">Disney-Kreuzfahrtlinie<\/span><\/a><\/p>","protected":false},"author":1,"featured_media":2124,"parent":0,"menu_order":0,"comment_status":"closed","ping_status":"closed","template":"","meta":{"neve_meta_sidebar":"","neve_meta_container":"","neve_meta_enable_content_width":"","neve_meta_content_width":0,"neve_meta_title_alignment":"","neve_meta_author_avatar":"","neve_post_elements_order":"","neve_meta_disable_header":"","neve_meta_disable_footer":"","neve_meta_disable_title":"","neve_meta_reading_time":"","footnotes":""},"class_list":["post-2123","page","type-page","status-publish","has-post-thumbnail","hentry"],"yoast_head":"<!-- This site is optimized with the Yoast SEO plugin v26.9 - https:\/\/yoast.com\/product\/yoast-seo-wordpress\/ -->\n<title>Track Disney Cruise Line Fleet | Cruise Ships | Marine Vessel<\/title>\n<meta name=\"description\" content=\"Disney Cruise Line Fleet Location | Current Positions of Disney Cruise Line Ships, IMO numbers, MMSI, Webcam | Live Fleet Maps | Ship Tracker\" \/>\n<meta name=\"robots\" content=\"index, follow, max-snippet:-1, max-image-preview:large, max-video-preview:-1\" \/>\n<link rel=\"canonical\" href=\"https:\/\/ship-tracker.org\/de\/disney-cruise-line\/\" \/>\n<meta property=\"og:locale\" content=\"de_DE\" \/>\n<meta property=\"og:type\" content=\"article\" \/>\n<meta property=\"og:title\" content=\"Track Disney Cruise Line Fleet | Cruise Ships | Marine Vessel\" \/>\n<meta property=\"og:description\" content=\"Disney Cruise Line Fleet Location | Current Positions of Disney Cruise Line Ships, IMO numbers, MMSI, Webcam | Live Fleet Maps | Ship Tracker\" \/>\n<meta property=\"og:url\" content=\"https:\/\/ship-tracker.org\/de\/disney-cruise-line\/\" \/>\n<meta property=\"og:site_name\" content=\"Ship-tracker.org\" \/>\n<meta property=\"article:modified_time\" content=\"2022-10-27T13:58:51+00:00\" \/>\n<meta property=\"og:image\" content=\"https:\/\/ship-tracker.org\/wp-content\/uploads\/2020\/04\/disney-cruise-line-web.jpg\" \/>\n\t<meta property=\"og:image:width\" content=\"1000\" \/>\n\t<meta property=\"og:image:height\" content=\"682\" \/>\n\t<meta property=\"og:image:type\" content=\"image\/jpeg\" \/>\n<meta name=\"twitter:card\" content=\"summary_large_image\" \/>\n<meta name=\"twitter:label1\" content=\"Gesch\u00e4tzte Lesezeit\" \/>\n\t<meta name=\"twitter:data1\" content=\"2\u00a0Minuten\" \/>\n<script type=\"application\/ld+json\" class=\"yoast-schema-graph\">{\"@context\":\"https:\/\/schema.org\",\"@graph\":[{\"@type\":\"WebPage\",\"@id\":\"https:\/\/ship-tracker.org\/disney-cruise-line\/\",\"url\":\"https:\/\/ship-tracker.org\/disney-cruise-line\/\",\"name\":\"Track Disney Cruise Line Fleet | Cruise Ships | Marine Vessel\",\"isPartOf\":{\"@id\":\"https:\/\/ship-tracker.org\/#website\"},\"primaryImageOfPage\":{\"@id\":\"https:\/\/ship-tracker.org\/disney-cruise-line\/#primaryimage\"},\"image\":{\"@id\":\"https:\/\/ship-tracker.org\/disney-cruise-line\/#primaryimage\"},\"thumbnailUrl\":\"https:\/\/ship-tracker.org\/wp-content\/uploads\/2020\/04\/disney-cruise-line-web.jpg\",\"datePublished\":\"2020-04-29T12:20:25+00:00\",\"dateModified\":\"2022-10-27T13:58:51+00:00\",\"description\":\"Disney Cruise Line Fleet Location | Current Positions of Disney Cruise Line Ships, IMO numbers, MMSI, Webcam | Live Fleet Maps | Ship Tracker\",\"breadcrumb\":{\"@id\":\"https:\/\/ship-tracker.org\/disney-cruise-line\/#breadcrumb\"},\"inLanguage\":\"de\",\"potentialAction\":[{\"@type\":\"ReadAction\",\"target\":[\"https:\/\/ship-tracker.org\/disney-cruise-line\/\"]}]},{\"@type\":\"ImageObject\",\"inLanguage\":\"de\",\"@id\":\"https:\/\/ship-tracker.org\/disney-cruise-line\/#primaryimage\",\"url\":\"https:\/\/ship-tracker.org\/wp-content\/uploads\/2020\/04\/disney-cruise-line-web.jpg\",\"contentUrl\":\"https:\/\/ship-tracker.org\/wp-content\/uploads\/2020\/04\/disney-cruise-line-web.jpg\",\"width\":1000,\"height\":682,\"caption\":\"Disney Cruise Line\"},{\"@type\":\"BreadcrumbList\",\"@id\":\"https:\/\/ship-tracker.org\/disney-cruise-line\/#breadcrumb\",\"itemListElement\":[{\"@type\":\"ListItem\",\"position\":1,\"name\":\"Startseite\",\"item\":\"https:\/\/ship-tracker.org\/\"},{\"@type\":\"ListItem\",\"position\":2,\"name\":\"Disney Cruise Line\"}]},{\"@type\":\"WebSite\",\"@id\":\"https:\/\/ship-tracker.org\/#website\",\"url\":\"https:\/\/ship-tracker.org\/\",\"name\":\"Ship-tracker.org\",\"description\":\"\",\"potentialAction\":[{\"@type\":\"SearchAction\",\"target\":{\"@type\":\"EntryPoint\",\"urlTemplate\":\"https:\/\/ship-tracker.org\/?s={search_term_string}\"},\"query-input\":{\"@type\":\"PropertyValueSpecification\",\"valueRequired\":true,\"valueName\":\"search_term_string\"}}],\"inLanguage\":\"de\"}]}<\/script>\n<!-- \/ Yoast SEO plugin. -->","yoast_head_json":{"title":"Verfolgen Sie die Flotte der Disney Cruise Line | Kreuzfahrtschiffe | Marineschiff","description":"Standort der Disney Cruise Line-Flotte | Aktuelle Positionen der Schiffe der Disney Cruise Line, IMO-Nummern, MMSI, Webcam | Live-Flottenkarten | Schiffsverfolger","robots":{"index":"index","follow":"follow","max-snippet":"max-snippet:-1","max-image-preview":"max-image-preview:large","max-video-preview":"max-video-preview:-1"},"canonical":"https:\/\/ship-tracker.org\/de\/disney-cruise-line\/","og_locale":"de_DE","og_type":"article","og_title":"Track Disney Cruise Line Fleet | Cruise Ships | Marine Vessel","og_description":"Disney Cruise Line Fleet Location | Current Positions of Disney Cruise Line Ships, IMO numbers, MMSI, Webcam | Live Fleet Maps | Ship Tracker","og_url":"https:\/\/ship-tracker.org\/de\/disney-cruise-line\/","og_site_name":"Ship-tracker.org","article_modified_time":"2022-10-27T13:58:51+00:00","og_image":[{"width":1000,"height":682,"url":"https:\/\/ship-tracker.org\/wp-content\/uploads\/2020\/04\/disney-cruise-line-web.jpg","type":"image\/jpeg"}],"twitter_card":"summary_large_image","twitter_misc":{"Gesch\u00e4tzte Lesezeit":"2\u00a0Minuten"},"schema":{"@context":"https:\/\/schema.org","@graph":[{"@type":"WebPage","@id":"https:\/\/ship-tracker.org\/disney-cruise-line\/","url":"https:\/\/ship-tracker.org\/disney-cruise-line\/","name":"Verfolgen Sie die Flotte der Disney Cruise Line | Kreuzfahrtschiffe | Marineschiff","isPartOf":{"@id":"https:\/\/ship-tracker.org\/#website"},"primaryImageOfPage":{"@id":"https:\/\/ship-tracker.org\/disney-cruise-line\/#primaryimage"},"image":{"@id":"https:\/\/ship-tracker.org\/disney-cruise-line\/#primaryimage"},"thumbnailUrl":"https:\/\/ship-tracker.org\/wp-content\/uploads\/2020\/04\/disney-cruise-line-web.jpg","datePublished":"2020-04-29T12:20:25+00:00","dateModified":"2022-10-27T13:58:51+00:00","description":"Standort der Disney Cruise Line-Flotte | Aktuelle Positionen der Schiffe der Disney Cruise Line, IMO-Nummern, MMSI, Webcam | Live-Flottenkarten | Schiffsverfolger","breadcrumb":{"@id":"https:\/\/ship-tracker.org\/disney-cruise-line\/#breadcrumb"},"inLanguage":"de","potentialAction":[{"@type":"ReadAction","target":["https:\/\/ship-tracker.org\/disney-cruise-line\/"]}]},{"@type":"ImageObject","inLanguage":"de","@id":"https:\/\/ship-tracker.org\/disney-cruise-line\/#primaryimage","url":"https:\/\/ship-tracker.org\/wp-content\/uploads\/2020\/04\/disney-cruise-line-web.jpg","contentUrl":"https:\/\/ship-tracker.org\/wp-content\/uploads\/2020\/04\/disney-cruise-line-web.jpg","width":1000,"height":682,"caption":"Disney Cruise Line"},{"@type":"BreadcrumbList","@id":"https:\/\/ship-tracker.org\/disney-cruise-line\/#breadcrumb","itemListElement":[{"@type":"ListItem","position":1,"name":"Startseite","item":"https:\/\/ship-tracker.org\/"},{"@type":"ListItem","position":2,"name":"Disney Cruise Line"}]},{"@type":"WebSite","@id":"https:\/\/ship-tracker.org\/#website","url":"https:\/\/ship-tracker.org\/","name":"Ship-tracker.org","description":"","potentialAction":[{"@type":"SearchAction","target":{"@type":"EntryPoint","urlTemplate":"https:\/\/ship-tracker.org\/?s={search_term_string}"},"query-input":{"@type":"PropertyValueSpecification","valueRequired":true,"valueName":"search_term_string"}}],"inLanguage":"de"}]}},"_links":{"self":[{"href":"https:\/\/ship-tracker.org\/de\/wp-json\/wp\/v2\/pages\/2123","targetHints":{"allow":["GET"]}}],"collection":[{"href":"https:\/\/ship-tracker.org\/de\/wp-json\/wp\/v2\/pages"}],"about":[{"href":"https:\/\/ship-tracker.org\/de\/wp-json\/wp\/v2\/types\/page"}],"author":[{"embeddable":true,"href":"https:\/\/ship-tracker.org\/de\/wp-json\/wp\/v2\/users\/1"}],"replies":[{"embeddable":true,"href":"https:\/\/ship-tracker.org\/de\/wp-json\/wp\/v2\/comments?post=2123"}],"version-history":[{"count":5,"href":"https:\/\/ship-tracker.org\/de\/wp-json\/wp\/v2\/pages\/2123\/revisions"}],"predecessor-version":[{"id":3480,"href":"https:\/\/ship-tracker.org\/de\/wp-json\/wp\/v2\/pages\/2123\/revisions\/3480"}],"wp:featuredmedia":[{"embeddable":true,"href":"https:\/\/ship-tracker.org\/de\/wp-json\/wp\/v2\/media\/2124"}],"wp:attachment":[{"href":"https:\/\/ship-tracker.org\/de\/wp-json\/wp\/v2\/media?parent=2123"}],"curies":[{"name":"wp","href":"https:\/\/api.w.org\/{rel}","templated":true}]}}